{"id":32186,"date":"2026-02-23T03:21:06","date_gmt":"2026-02-23T03:21:06","guid":{"rendered":"https:\/\/comprasyconsejos.store\/product\/doogee-u11-tablet-11-inch-android-16-octa-core-5g-wifi-tablet-16gb-ram128gb-rom-tf-2tb-8580mah-widevine-l1-kids-tablet-bluetooth-5-0-13mp5mp-face-id-gps-otg\/"},"modified":"2026-02-23T03:21:18","modified_gmt":"2026-02-23T03:21:18","slug":"doogee-u11-tablet-11-inch-android-16-octa-core-5g-wifi-tablet-16gb-ram128gb-rom-tf-2tb-8580mah-widevine-l1-kids-tablet-bluetooth-5-0-13mp5mp-face-id-gps-otg","status":"publish","type":"product","link":"https:\/\/comprasyconsejos.store\/en\/product\/doogee-u11-tablet-11-inch-android-16-octa-core-5g-wifi-tablet-16gb-ram128gb-rom-tf-2tb-8580mah-widevine-l1-kids-tablet-bluetooth-5-0-13mp5mp-face-id-gps-otg\/","title":{"rendered":"DOOGEE U11 Tablet 11 Inch, Android 16 Octa Core 5G WiFi Tablet, 16GB RAM+128GB ROM (TF 2TB) 8580mAh | Widevine L1 Kids Tablet | Bluetooth 5.0 | 13MP+5MP | Face ID | GPS | OTG"},"content":{"rendered":"<p>Price: <span style=\"color:#b12704\">\u20ac109.99<\/span><br \/><i><small>(as of Feb 23, 2026 03:21:06 UTC &#8211; <span class=\"wp_automatic_amazon_disclaimer\" title=\"Product prices and availability are accurate as of the date\/time indicated and are subject to change. Any price and availability information displayed on [relevant Amazon Site(s), as applicable] at the time of purchase will apply to the purchase of this product.\">Details<\/span>)<\/small><\/i><\/p>\n<p><a href=\"https:\/\/amazon.es\/dp\/B0FGNRVWW7?tag=man008-21\"><img decoding=\"async\" src=\"https:\/\/valvepress.s3.amazonaws.com\/imgs\/buy_now.png\"><\/a><br \/>\n<\/p>\n<p>                                             From the brand   <\/p>\n<p>                                              <img decoding=\"async\" alt=\"\" src=\"https:\/\/images-na.ssl-images-amazon.com\/images\/G\/01\/x-locale\/common\/grey-pixel.gif\" class=\"a-lazy-loaded\" data-src=\"https:\/\/m.media-amazon.com\/images\/S\/aplus-media-library-service-media\/3305e445-11a6-4149-8204-59cb8b527a79.__CR0,0,1464,625_PT0_SX1464_V1___.jpg\"><img decoding=\"async\" alt=\"\" src=\"https:\/\/m.media-amazon.com\/images\/S\/aplus-media-library-service-media\/3305e445-11a6-4149-8204-59cb8b527a79.__CR0,0,1464,625_PT0_SX1464_V1___.jpg\">  <\/p>\n<h3> DOOGEE U11 Tablet Android 16  <\/h3>\n<p>                                              <img decoding=\"async\" alt=\"\" src=\"https:\/\/images-na.ssl-images-amazon.com\/images\/G\/01\/x-locale\/common\/grey-pixel.gif\" class=\"a-lazy-loaded\" data-src=\"https:\/\/m.media-amazon.com\/images\/S\/aplus-media-library-service-media\/9bd8cc6d-8058-4bbc-8b53-d4e9c208fedf.__CR0,0,362,453_PT0_SX362_V1___.jpg\"><img decoding=\"async\" alt=\"\" src=\"https:\/\/m.media-amazon.com\/images\/S\/aplus-media-library-service-media\/9bd8cc6d-8058-4bbc-8b53-d4e9c208fedf.__CR0,0,362,453_PT0_SX362_V1___.jpg\">  <\/p>\n<h3> DOOGEE&#8211;OFFICIAL <\/h3>\n<p> La creencia de Doogee es crear un tel\u00e9fono m\u00f3vil que siempre sea impermeable, siempre duradero. <\/p>\n<h3> DOOGEE U11 Tablet Android 16  <\/h3>\n<h3> DOOGEE U11 Tablet Android 16  <\/h3>\n<p>                                              <img decoding=\"async\" alt=\"El texto dice \u00ab858 mAh\u00bb. El componente de la bater\u00eda del dispositivo se muestra con la barra indicadora de capacidad en la parte superior. Vista t\u00e9cnica interna de la estructura de la bater\u00eda.\" src=\"https:\/\/images-na.ssl-images-amazon.com\/images\/G\/01\/x-locale\/common\/grey-pixel.gif\" class=\"a-lazy-loaded\" data-src=\"https:\/\/m.media-amazon.com\/images\/S\/aplus-media-library-service-media\/54893b81-0778-4455-bfe4-d70ee581a94c.__CR0,0,362,453_PT0_SX362_V1___.jpg\"><img decoding=\"async\" alt=\"El texto dice \u00ab858 mAh\u00bb. El componente de la bater\u00eda del dispositivo se muestra con la barra indicadora de capacidad en la parte superior. Vista t\u00e9cnica interna de la estructura de la bater\u00eda.\" src=\"https:\/\/m.media-amazon.com\/images\/S\/aplus-media-library-service-media\/54893b81-0778-4455-bfe4-d70ee581a94c.__CR0,0,362,453_PT0_SX362_V1___.jpg\">  <\/p>\n<p>                                              <img decoding=\"async\" alt=\"El texto dice \u00ab7,9 mm\u00bb y \u00ab530 g\u00bb. Diagrama de especificaciones del producto que muestra detalles de medidas y peso con iconos.\" src=\"https:\/\/images-na.ssl-images-amazon.com\/images\/G\/01\/x-locale\/common\/grey-pixel.gif\" class=\"a-lazy-loaded\" data-src=\"https:\/\/m.media-amazon.com\/images\/S\/aplus-media-library-service-media\/38d3a6ac-ba2d-404a-8cf0-053ba517302d.__CR0,0,362,453_PT0_SX362_V1___.jpg\"><img decoding=\"async\" alt=\"El texto dice \u00ab7,9 mm\u00bb y \u00ab530 g\u00bb. Diagrama de especificaciones del producto que muestra detalles de medidas y peso con iconos.\" src=\"https:\/\/m.media-amazon.com\/images\/S\/aplus-media-library-service-media\/38d3a6ac-ba2d-404a-8cf0-053ba517302d.__CR0,0,362,453_PT0_SX362_V1___.jpg\">  <\/p>\n<p>                                              <img decoding=\"async\" alt=\"Persona con capucha color crema mirando una tableta que muestra una interfaz multimedia o de transmisi\u00f3n de tem\u00e1tica oscura con m\u00faltiples miniaturas de contenido.\" src=\"https:\/\/images-na.ssl-images-amazon.com\/images\/G\/01\/x-locale\/common\/grey-pixel.gif\" class=\"a-lazy-loaded\" data-src=\"https:\/\/m.media-amazon.com\/images\/S\/aplus-media-library-service-media\/642f31c7-2d97-4475-bfe6-0dd2491b2a13.__CR0,0,362,453_PT0_SX362_V1___.jpg\"><img decoding=\"async\" alt=\"Persona con capucha color crema mirando una tableta que muestra una interfaz multimedia o de transmisi\u00f3n de tem\u00e1tica oscura con m\u00faltiples miniaturas de contenido.\" src=\"https:\/\/m.media-amazon.com\/images\/S\/aplus-media-library-service-media\/642f31c7-2d97-4475-bfe6-0dd2491b2a13.__CR0,0,362,453_PT0_SX362_V1___.jpg\">  <\/p>\n<p>                                                         Nuestro comienzo?                                       <\/p>\n<p> DOOGEE se fund\u00f3 en marzo de 2009, la creencia de DOOGEE es crear un tel\u00e9fono m\u00f3vil que sea resistente al agua para siempre y que nunca se da\u00f1e. <\/p>\n<p>                                                         \u00bfPor qu\u00e9 usar Doogee                                       <\/p>\n<p> Para ofrecer la experiencia perfecta a cada usuario, nos dedicamos a defender \u00abCALIDAD, EXPERIENCIA\u00bb. <\/p>\n<p>                                                         \u00bfQu\u00e9 podemos proporcionar                                       <\/p>\n<p> Para ofrecer la experiencia perfecta a cada usuario, especialmente en la calidad, todos los productos de DOOGEE deben pasar por el proceso de pruebas de alto nivel e inspecci\u00f3n de calidad de alta tecnolog\u00eda. <\/p>\n<p>                                              <img decoding=\"async\" alt=\"de la marca de la empresa DOOGEE con texto en espa\u00f1ol que describe el liderazgo en la industria de los tel\u00e9fonos inteligentes, que se muestra sobre un fondo azul claro\" src=\"https:\/\/images-na.ssl-images-amazon.com\/images\/G\/01\/x-locale\/common\/grey-pixel.gif\" class=\"a-lazy-loaded\" data-src=\"https:\/\/m.media-amazon.com\/images\/S\/aplus-media-library-service-media\/45c73b06-afc7-4990-bccf-ec688d78b0a4.__CR0,0,362,453_PT0_SX362_V1___.jpg\"><img decoding=\"async\" alt=\"de la marca de la empresa DOOGEE con texto en espa\u00f1ol que describe el liderazgo en la industria de los tel\u00e9fonos inteligentes, que se muestra sobre un fondo azul claro\" src=\"https:\/\/m.media-amazon.com\/images\/S\/aplus-media-library-service-media\/45c73b06-afc7-4990-bccf-ec688d78b0a4.__CR0,0,362,453_PT0_SX362_V1___.jpg\">  <\/p>\n<p>                                              <img decoding=\"async\" alt=\"Informaci\u00f3n de la marca DOOGEE en espa\u00f1ol, que destaca tres caracter\u00edsticas clave: resistencia al agua y a los impactos, apariencia personalizada y\" src=\"https:\/\/images-na.ssl-images-amazon.com\/images\/G\/01\/x-locale\/common\/grey-pixel.gif\" class=\"a-lazy-loaded\" data-src=\"https:\/\/m.media-amazon.com\/images\/S\/aplus-media-library-service-media\/a665ff86-10a3-472a-9504-c537ce8d8b9d.__CR0,0,362,453_PT0_SX362_V1___.jpg\"><img decoding=\"async\" alt=\"Informaci\u00f3n de la marca DOOGEE en espa\u00f1ol, que destaca tres caracter\u00edsticas clave: resistencia al agua y a los impactos, apariencia personalizada y\" src=\"https:\/\/m.media-amazon.com\/images\/S\/aplus-media-library-service-media\/a665ff86-10a3-472a-9504-c537ce8d8b9d.__CR0,0,362,453_PT0_SX362_V1___.jpg\">  <\/p>\n<p>                                              <img decoding=\"async\" alt=\"un collage de fotos que muestra a una mujer sosteniendo una c\u00e1mara y a una mujer sosteniendo una c\u00e1mara.\" src=\"https:\/\/images-na.ssl-images-amazon.com\/images\/G\/01\/x-locale\/common\/grey-pixel.gif\" class=\"a-lazy-loaded\" data-src=\"https:\/\/m.media-amazon.com\/images\/S\/aplus-media-library-service-media\/2b0f595a-3c87-444a-bac3-90baf1d3702b.__CR0,0,362,453_PT0_SX362_V1___.jpg\"><img decoding=\"async\" alt=\"un collage de fotos que muestra a una mujer sosteniendo una c\u00e1mara y a una mujer sosteniendo una c\u00e1mara.\" src=\"https:\/\/m.media-amazon.com\/images\/S\/aplus-media-library-service-media\/2b0f595a-3c87-444a-bac3-90baf1d3702b.__CR0,0,362,453_PT0_SX362_V1___.jpg\">  <\/p>\n<p> Batteries                                            \u200f                                            :                                            \u200e                                            2 Lithium Polymer batteries required. (included)   <br \/> Product Dimensions                                            \u200f                                            :                                            \u200e                                            27.95 x 17.5 x 0.75 cm; 418 g   <br \/> Manufacturer                                            \u200f                                            :                                            \u200e                                            DOOGEE   <br \/> ASIN                                            \u200f                                            :                                            \u200e                                            B0FGNRVWW7   <br \/> Item model number                                            \u200f                                            :                                            \u200e                                            U11   <br \/> Country of origin                                            \u200f                                            :                                            \u200e                                            China   <br \/> Guaranteed software updates until                                            \u200f                                            :                                            \u200e                                            unknown   <br \/>  Customer reviews:                                                                                            4.2               4.2 out of 5 stars                                  (29)                                              var dpAcrHasRegisteredArcLinkClickAction;                    P.when(&#8216;A&#8217;, &#8216;ready&#8217;).execute(function(A) {                        if (dpAcrHasRegisteredArcLinkClickAction !== true) {                            dpAcrHasRegisteredArcLinkClickAction = true;                            A.declarative(                                &#8216;acrLink-click-metrics&#8217;, &#8216;click&#8217;,                                { \u00aballowLinkDefault\u00bb: true },                                function (event) {                                    if (window.ue) {                                        ue.count(\u00abacrLinkClickCount\u00bb, (ue.count(\u00abacrLinkClickCount\u00bb) || 0) + 1);                                    }                                }                            );                        }                    });                                             P.when(&#8216;A&#8217;, &#8216;cf&#8217;).execute(function(A) {                A.declarative(&#8216;acrStarsLink-click-metrics&#8217;, &#8216;click&#8217;, { \u00aballowLinkDefault\u00bb : true },  function(event){                    if(window.ue) {                        ue.count(\u00abacrStarsLinkWithPopoverClickCount\u00bb, (ue.count(\u00abacrStarsLinkWithPopoverClickCount\u00bb) || 0) + 1);                    }                });            });                          <\/p>\n<p>\u30102025 Android Tablet 16\u3011 The DOOGEE U11 Tablet Android 16 offers increased security and privacy protection, providing more advanced permissions and privacy management features that enhance the protection and accessibility of user data. DOOGEE U11 kids tablet also comes with built-in functions such as split screen mode and low blue light mode, all of which can be easily set within the system.<br \/>\u301011 inch + 90HZ + Widevine L1 Tablet\u3011 DOOGEE U11 Android 16 tablet features an 11 inch HD IPS Full HD 90Hz screen, which offers a cinematic quality viewing experience. In addition, the 11-inch tablet is Widevine L1 certified, allowing you to watch shows in 1080P resolution on YouTube, whether you&#8217;re binge-watching or a loyal follower. 90Hz refresh rate ensures smooth performance.<br \/>\u30108580mAh Large Battery\u3011 DOOGEE U11 Android 16 tablet is designed to keep you company with hours of videos, music and games on a single charge. U11 is equipped with an ultra-long 8580mAh battery so you can enjoy long-lasting performance every time you use it without worrying about charging. With DOOGEE U11, you can enjoy long battery life and unlimited battery life! You can use it for a long time on a single charge, so you don&#8217;t need to recharge it often.<br \/>\u301016(4+12)GB RAM + 128GB ROM + 2TB\u3011 DOOGEE U11 tablet android 16 features Unisoc T7200 processor to help improve efficiency, multitasking processing does not delay or stagnate.Equipped with 16GB RAM achieved through expansion technology) and 128GB ROM. Works smoother and faster. Tablet 11 inch supports Micro SD\/TF cards up to 2TB of all brands to store extensive multimedia content and e-books, making life more efficient and simple.<br \/>\u3010Ultra-thin body with elegant metallic design\u3011 DOOGEE U11 Android 16 tablet features a built-in metal back cover, weighs only 540g and measures only 7.9mm thick. Its ultra-thin body and exquisite design perfectly combine style and functionality, redefining your expectations about a tablet. Thanks to its lightweight and compact shape, DOOGEE U11 tablet for kids is perfect for various scenarios, such as work, study, outdoor activities and sports.<br \/>\u3010Auditive and Visual Enjoyment\u3011 DOOGEE U11 tablet 11 inch is equipped with professionally tuned dual speakers to ensure clear and loud sound. It also enables clearer communication and reduces background noise during video calls. This Android 16 tablet supports face unlocking and, combined with a 5MP front camera and a 13MP rear camera, you can enjoy video chats with friends and seamlessly participate in productive meetings with colleagues.<br \/>\u3010More Upgrades\u3011 This DOOGEE U11 tablet 11 inch supports 2.4G\/5G dual-band WiFi, ensuring stable and seamless network connections for a high-quality viewing experience at home. DOOGEE U11 tablet Android 16 offers two-year high-quality after-sales service along with long-term technical support. If you have any problems, please tell us, and we will reply you within 24 hours.<\/p>\n\n","protected":false},"excerpt":{"rendered":"<p> From the brand DOOGEE U11 Tablet Android 16 DOOGEE&#8211;OFFICIAL La creencia de Doogee es crear<\/p>","protected":false},"featured_media":32187,"comment_status":"open","ping_status":"closed","template":"","meta":[],"product_brand":[],"product_cat":[95],"product_tag":[4998,509,631,909,6723,391,726,632,698,6113,841,1113,584,1169,629,6118,1164,637,2424,913,157,636,635,6721,916,543,628,634,633,630],"class_list":{"0":"post-32186","1":"product","2":"type-product","3":"status-publish","4":"has-post-thumbnail","6":"product_cat-windows-tablets","7":"product_tag-13mp5mp","8":"product_tag-16gb","9":"product_tag-2-in-1-tablet","10":"product_tag-2tb","11":"product_tag-8580mah","12":"product_tag-android","13":"product_tag-bluetooth","14":"product_tag-business-tablet-windows","15":"product_tag-core","16":"product_tag-doogee","17":"product_tag-face","18":"product_tag-gps","19":"product_tag-inch","20":"product_tag-kids","21":"product_tag-microsoft-surface-tablet","22":"product_tag-octa","23":"product_tag-otg","24":"product_tag-portable-windows-tablet","25":"product_tag-ram128gb","26":"product_tag-rom","27":"product_tag-tablet","28":"product_tag-tablet-laptop-combo","29":"product_tag-touchscreen-windows-tablet","30":"product_tag-u11","31":"product_tag-widevine","32":"product_tag-wifi","33":"product_tag-windows-tablet","34":"product_tag-windows-tablet-for-work","35":"product_tag-windows-tablet-price","36":"product_tag-windows-tablet-with-keyboard","38":"first","39":"instock","40":"shipping-taxable","41":"product-type-external"},"_links":{"self":[{"href":"https:\/\/comprasyconsejos.store\/en\/wp-json\/wp\/v2\/product\/32186","targetHints":{"allow":["GET"]}}],"collection":[{"href":"https:\/\/comprasyconsejos.store\/en\/wp-json\/wp\/v2\/product"}],"about":[{"href":"https:\/\/comprasyconsejos.store\/en\/wp-json\/wp\/v2\/types\/product"}],"replies":[{"embeddable":true,"href":"https:\/\/comprasyconsejos.store\/en\/wp-json\/wp\/v2\/comments?post=32186"}],"version-history":[{"count":0,"href":"https:\/\/comprasyconsejos.store\/en\/wp-json\/wp\/v2\/product\/32186\/revisions"}],"wp:featuredmedia":[{"embeddable":true,"href":"https:\/\/comprasyconsejos.store\/en\/wp-json\/wp\/v2\/media\/32187"}],"wp:attachment":[{"href":"https:\/\/comprasyconsejos.store\/en\/wp-json\/wp\/v2\/media?parent=32186"}],"wp:term":[{"taxonomy":"product_brand","embeddable":true,"href":"https:\/\/comprasyconsejos.store\/en\/wp-json\/wp\/v2\/product_brand?post=32186"},{"taxonomy":"product_cat","embeddable":true,"href":"https:\/\/comprasyconsejos.store\/en\/wp-json\/wp\/v2\/product_cat?post=32186"},{"taxonomy":"product_tag","embeddable":true,"href":"https:\/\/comprasyconsejos.store\/en\/wp-json\/wp\/v2\/product_tag?post=32186"}],"curies":[{"name":"wp","href":"https:\/\/api.w.org\/{rel}","templated":true}]}}