{"id":32198,"date":"2026-02-23T03:24:26","date_gmt":"2026-02-23T03:24:26","guid":{"rendered":"https:\/\/comprasyconsejos.store\/product\/android-tablet-15-tablets-10-inch-with-gemini-ai-64gb2tb-tf-5g-wi-fi-octa-core-2-0ghz-widevine-l1-85mp-gms-6000mah-facial-idgpsbt5-0-2-in-1-tablet-with-keyboard-mouse-and-case\/"},"modified":"2026-02-23T03:24:37","modified_gmt":"2026-02-23T03:24:37","slug":"android-tablet-15-tablets-10-inch-with-gemini-ai-64gb2tb-tf-5g-wi-fi-octa-core-2-0ghz-widevine-l1-85mp-gms-6000mah-facial-idgpsbt5-0-2-in-1-tablet-with-keyboard-mouse-and-case","status":"publish","type":"product","link":"https:\/\/comprasyconsejos.store\/en\/product\/android-tablet-15-tablets-10-inch-with-gemini-ai-64gb2tb-tf-5g-wi-fi-octa-core-2-0ghz-widevine-l1-85mp-gms-6000mah-facial-idgpsbt5-0-2-in-1-tablet-with-keyboard-mouse-and-case\/","title":{"rendered":"Android Tablet 15 Tablets 10 Inch with Gemini AI, 64GB+2TB TF, 5G Wi-Fi, Octa-Core 2.0GHz, Widevine L1, 8+5MP, GMS, 6000mAh, Facial ID,GPS,BT5.0, 2 in 1 Tablet with Keyboard, Mouse and Case \u2013 Blue"},"content":{"rendered":"<p>Price: <span style=\"color:#b12704\"><del>\u20ac119.99<\/del> - \u20ac99.99<\/span><br \/><i><small>(as of Feb 23, 2026 03:24:26 UTC &#8211; <span class=\"wp_automatic_amazon_disclaimer\" title=\"Product prices and availability are accurate as of the date\/time indicated and are subject to change. Any price and availability information displayed on [relevant Amazon Site(s), as applicable] at the time of purchase will apply to the purchase of this product.\">Details<\/span>)<\/small><\/i><\/p>\n<p><a href=\"https:\/\/amazon.es\/dp\/B0DD3PRMTB?tag=man008-21\"><img decoding=\"async\" src=\"https:\/\/valvepress.s3.amazonaws.com\/imgs\/buy_now.png\"><\/a><br \/>\n<\/p>\n<p>                                             From the brand   <\/p>\n<p>                                              <img decoding=\"async\" alt=\"\" src=\"https:\/\/images-na.ssl-images-amazon.com\/images\/G\/01\/x-locale\/common\/grey-pixel.gif\" class=\"a-lazy-loaded\" data-src=\"https:\/\/m.media-amazon.com\/images\/S\/aplus-media-library-service-media\/ae28e0c3-69de-4ee6-a366-f74a5ffcc6d0.__CR0,0,1464,625_PT0_SX1464_V1___.jpg\"><img decoding=\"async\" alt=\"\" src=\"https:\/\/m.media-amazon.com\/images\/S\/aplus-media-library-service-media\/ae28e0c3-69de-4ee6-a366-f74a5ffcc6d0.__CR0,0,1464,625_PT0_SX1464_V1___.jpg\">  <\/p>\n<h3> \u00daltima tableta Android 15 <\/h3>\n<p> Esta \u00faltima actualizaci\u00f3n de Android 15 trae m\u00e1s <\/p>\n<p> tecnolog\u00eda y disfrute inteligente con las pesta\u00f1as m\u00e1s\u00fa\u00batiles para cada hogar. <\/p>\n<h3> \u00daltima Android 15\/64GB+2TB TF <\/h3>\n<h3> \u00daltima Android 15\/5G+2.4G WiFi <\/h3>\n<p>                                              <img decoding=\"async\" alt=\"Se muestra un tel\u00e9fono inteligente o tableta rosa sobre un fondo claro. El dispositivo parece delgado con varias lentes de c\u00e1mara visibles.\" src=\"https:\/\/images-na.ssl-images-amazon.com\/images\/G\/01\/x-locale\/common\/grey-pixel.gif\" class=\"a-lazy-loaded\" data-src=\"https:\/\/m.media-amazon.com\/images\/S\/aplus-media-library-service-media\/89641dd7-4fc7-42ea-b874-f27b5f5a8c30.__CR0,0,362,453_PT0_SX362_V1___.jpg\"><img decoding=\"async\" alt=\"Se muestra un tel\u00e9fono inteligente o tableta rosa sobre un fondo claro. El dispositivo parece delgado con varias lentes de c\u00e1mara visibles.\" src=\"https:\/\/m.media-amazon.com\/images\/S\/aplus-media-library-service-media\/89641dd7-4fc7-42ea-b874-f27b5f5a8c30.__CR0,0,362,453_PT0_SX362_V1___.jpg\">  <\/p>\n<p>                                              <img decoding=\"async\" alt=\"aplus content image\" src=\"https:\/\/images-na.ssl-images-amazon.com\/images\/G\/01\/x-locale\/common\/grey-pixel.gif\" class=\"a-lazy-loaded\" data-src=\"https:\/\/m.media-amazon.com\/images\/S\/aplus-media-library-service-media\/fea103d0-5575-4545-8d77-2e746fdaf2ec.__CR0,0,362,453_PT0_SX362_V1___.jpg\"><img decoding=\"async\" alt=\"aplus content image\" src=\"https:\/\/m.media-amazon.com\/images\/S\/aplus-media-library-service-media\/fea103d0-5575-4545-8d77-2e746fdaf2ec.__CR0,0,362,453_PT0_SX362_V1___.jpg\">  <\/p>\n<p>                                              <img decoding=\"async\" alt=\"aplus content image\" src=\"https:\/\/images-na.ssl-images-amazon.com\/images\/G\/01\/x-locale\/common\/grey-pixel.gif\" class=\"a-lazy-loaded\" data-src=\"https:\/\/m.media-amazon.com\/images\/S\/aplus-media-library-service-media\/c47e63da-975a-4e74-8893-17f80d18a7ee.__CR0,0,362,453_PT0_SX362_V1___.jpg\"><img decoding=\"async\" alt=\"aplus content image\" src=\"https:\/\/m.media-amazon.com\/images\/S\/aplus-media-library-service-media\/c47e63da-975a-4e74-8893-17f80d18a7ee.__CR0,0,362,453_PT0_SX362_V1___.jpg\">  <\/p>\n<p>                                              <img decoding=\"async\" alt=\"aplus content image\" src=\"https:\/\/images-na.ssl-images-amazon.com\/images\/G\/01\/x-locale\/common\/grey-pixel.gif\" class=\"a-lazy-loaded\" data-src=\"https:\/\/m.media-amazon.com\/images\/S\/aplus-media-library-service-media\/6bb8a76e-3f30-4553-84fe-59ce320b1d3a.__CR0,0,362,453_PT0_SX362_V1___.jpg\"><img decoding=\"async\" alt=\"aplus content image\" src=\"https:\/\/m.media-amazon.com\/images\/S\/aplus-media-library-service-media\/6bb8a76e-3f30-4553-84fe-59ce320b1d3a.__CR0,0,362,453_PT0_SX362_V1___.jpg\">  <\/p>\n<p> Batteries                                            \u200f                                            :                                            \u200e                                            1 Lithium Polymer batteries required. (included)   <br \/> Package Dimensions                                            \u200f                                            :                                            \u200e                                            33.2 x 18.7 x 4.4 cm; 470 g   <br \/> Manufacturer                                            \u200f                                            :                                            \u200e                                            DEERTiME   <br \/> ASIN                                            \u200f                                            :                                            \u200e                                            B0DD3PRMTB   <br \/> Item model number                                            \u200f                                            :                                            \u200e                                            E15   <br \/> Country of origin                                            \u200f                                            :                                            \u200e                                            China   <br \/> Guaranteed software updates until                                            \u200f                                            :                                            \u200e                                            unknown   <br \/>  Customer reviews:                                                                                            4.2               4.2 out of 5 stars                                  (24)                                              var dpAcrHasRegisteredArcLinkClickAction;                    P.when(&#8216;A&#8217;, &#8216;ready&#8217;).execute(function(A) {                        if (dpAcrHasRegisteredArcLinkClickAction !== true) {                            dpAcrHasRegisteredArcLinkClickAction = true;                            A.declarative(                                &#8216;acrLink-click-metrics&#8217;, &#8216;click&#8217;,                                { \u00aballowLinkDefault\u00bb: true },                                function (event) {                                    if (window.ue) {                                        ue.count(\u00abacrLinkClickCount\u00bb, (ue.count(\u00abacrLinkClickCount\u00bb) || 0) + 1);                                    }                                }                            );                        }                    });                                             P.when(&#8216;A&#8217;, &#8216;cf&#8217;).execute(function(A) {                A.declarative(&#8216;acrStarsLink-click-metrics&#8217;, &#8216;click&#8217;, { \u00aballowLinkDefault\u00bb : true },  function(event){                    if(window.ue) {                        ue.count(\u00abacrStarsLinkWithPopoverClickCount\u00bb, (ue.count(\u00abacrStarsLinkWithPopoverClickCount\u00bb) || 0) + 1);                    }                });            });                          <\/p>\n<p>\u3016Gemini AI Android 15 Tablet\u3017The tablet features the Android 15 operating system and a 2.0GHz octa-core processor for an efficient and smooth streaming experience. Enjoy more personalized settings with widgets, split screen, parental control, and multi-user features. Android 15 and Gemini AI work together to improve your privacy and security, giving you total control.<br \/>\u30162.4G\/5G Wi-Fi + 6000mAh Battery\u3017The keyboard tablet supports dual 5G\/2.4G Wi-Fi, providing an ultra-fast and reliable wireless internet connection for seamless browsing, streaming and downloading. Plus, with an upgraded 6000mAh battery that offers up to 6.5 hours of battery life, you can take it to work meetings or study without having to constantly fumble for a socket.<br \/>\u301630GB + 64GB + 2TB Expandable\u3017Android 15 tablet uses RAM expansion technology, with 8GB fixed RAM that can be expanded with extra 22GB virtual memory by configuration. Android 15 tablet also features 64GB ROM and supports TF cards up to 2TB, providing ample space for games and large files, thus meeting all your entertainment and work needs.<br \/>\u301610\u00bb IPS Screen + Widevine L1\u3017 The 10-inch tablet features a 1280 x 800 IPS In-cell display with a 16:10 aspect ratio, which delivers vivid colors and clear images for an enhanced viewing experience. In addition, it supports Widevine L1, allowing you to enjoy high-quality video playback on more than 30 of the world&#8217;s leading video apps.<br \/>\u3016Dual Camera + Bluetooth 5.0 + GPS\u3017Bluetooth 5.0 offers high-fidelity connectivity with peripherals. Powerful signal reception ensures you stay connected at all times. In addition, the E15 tablet is also equipped with GPS. The 8MP rear camera captures crisp images and documents, while the 5MP front camera optimizes video calls with AI. (Note: If you need GPS function in an area without Wi-Fi coverage, download offline maps in advance.)<br \/>\u30162-in-1 Tablet\u3017 2 in 1 tablet equipped with a bluetooth keyboard, wireless mouse, charger, type-c cable, usb female to type-c adapter, protective film and a foldable protective case, allowing you to seamlessly transform your 10-inch tablet into a laptop-style device. Its versatility makes it the ideal device for those who need to be productive anywhere, whether it&#8217;s working, studying or playing.<\/p>\n\n","protected":false},"excerpt":{"rendered":"<p> From the brand \u00daltima tableta Android 15 Esta \u00faltima actualizaci\u00f3n de Android 15 trae m\u00e1s<\/p>","protected":false},"featured_media":32199,"comment_status":"open","ping_status":"closed","template":"","meta":[],"product_brand":[],"product_cat":[93],"product_tag":[651,1048,660,6387,6427,391,646,648,367,650,994,6868,655,912,5619,9245,584,518,767,659,647,157,652,653,649,654,917,916,543],"class_list":{"0":"post-32198","1":"product","2":"type-product","3":"status-publish","4":"has-post-thumbnail","6":"product_cat-android-tablets","7":"product_tag-10-inch-tablet","8":"product_tag-2-0ghz","9":"product_tag-6000mah","10":"product_tag-64gb2tb","11":"product_tag-85mp","12":"product_tag-android","13":"product_tag-android-tablet","14":"product_tag-best-android-tablet","15":"product_tag-blue","16":"product_tag-budget-android-tablet","17":"product_tag-case","18":"product_tag-facial","19":"product_tag-gaming-tablet","20":"product_tag-gemini","21":"product_tag-gms","22":"product_tag-idgpsbt5-0","23":"product_tag-inch","24":"product_tag-keyboard","25":"product_tag-mouse","26":"product_tag-octacore","27":"product_tag-samsung-android-tablet","28":"product_tag-tablet","29":"product_tag-tablet-for-kids","30":"product_tag-tablet-for-study","31":"product_tag-tablet-with-sim","32":"product_tag-tablet-with-stylus","33":"product_tag-tablets","34":"product_tag-widevine","35":"product_tag-wifi","37":"first","38":"instock","39":"sale","40":"shipping-taxable","41":"product-type-external"},"_links":{"self":[{"href":"https:\/\/comprasyconsejos.store\/en\/wp-json\/wp\/v2\/product\/32198","targetHints":{"allow":["GET"]}}],"collection":[{"href":"https:\/\/comprasyconsejos.store\/en\/wp-json\/wp\/v2\/product"}],"about":[{"href":"https:\/\/comprasyconsejos.store\/en\/wp-json\/wp\/v2\/types\/product"}],"replies":[{"embeddable":true,"href":"https:\/\/comprasyconsejos.store\/en\/wp-json\/wp\/v2\/comments?post=32198"}],"version-history":[{"count":0,"href":"https:\/\/comprasyconsejos.store\/en\/wp-json\/wp\/v2\/product\/32198\/revisions"}],"wp:featuredmedia":[{"embeddable":true,"href":"https:\/\/comprasyconsejos.store\/en\/wp-json\/wp\/v2\/media\/32199"}],"wp:attachment":[{"href":"https:\/\/comprasyconsejos.store\/en\/wp-json\/wp\/v2\/media?parent=32198"}],"wp:term":[{"taxonomy":"product_brand","embeddable":true,"href":"https:\/\/comprasyconsejos.store\/en\/wp-json\/wp\/v2\/product_brand?post=32198"},{"taxonomy":"product_cat","embeddable":true,"href":"https:\/\/comprasyconsejos.store\/en\/wp-json\/wp\/v2\/product_cat?post=32198"},{"taxonomy":"product_tag","embeddable":true,"href":"https:\/\/comprasyconsejos.store\/en\/wp-json\/wp\/v2\/product_tag?post=32198"}],"curies":[{"name":"wp","href":"https:\/\/api.w.org\/{rel}","templated":true}]}}