{"id":32220,"date":"2026-02-23T03:38:34","date_gmt":"2026-02-23T03:38:34","guid":{"rendered":"https:\/\/comprasyconsejos.store\/product\/nubian-pro-17-gaming-laptop-17-3-inch-qhd-165hz-intel-core-7-250h-64gb-ram-ddr5-rtx-5060-8gb-1tb-ssd-windows-11-pro-black-spanish-qwerty-keyboard\/"},"modified":"2026-02-23T03:38:41","modified_gmt":"2026-02-23T03:38:41","slug":"nubian-pro-17-gaming-laptop-17-3-inch-qhd-165hz-intel-core-7-250h-64gb-ram-ddr5-rtx-5060-8gb-1tb-ssd-windows-11-pro-black-spanish-qwerty-keyboard","status":"publish","type":"product","link":"https:\/\/comprasyconsejos.store\/en\/product\/nubian-pro-17-gaming-laptop-17-3-inch-qhd-165hz-intel-core-7-250h-64gb-ram-ddr5-rtx-5060-8gb-1tb-ssd-windows-11-pro-black-spanish-qwerty-keyboard\/","title":{"rendered":"Nubian Pro 17 \u2013 Gaming Laptop 17.3 Inch QHD 165Hz (Intel Core 7-250H, 64GB RAM DDR5, RTX 5060 8GB, 1TB SSD, Windows 11 Pro) Black \u2013 Spanish QWERTY Keyboard"},"content":{"rendered":"<p>Price: <span style=\"color:#b12704\">\u20ac2,139.00<\/span><br \/><i><small>(as of Feb 23, 2026 03:38:34 UTC &#8211; <span class=\"wp_automatic_amazon_disclaimer\" title=\"Product prices and availability are accurate as of the date\/time indicated and are subject to change. Any price and availability information displayed on [relevant Amazon Site(s), as applicable] at the time of purchase will apply to the purchase of this product.\">Details<\/span>)<\/small><\/i><\/p>\n<p><a href=\"https:\/\/amazon.es\/dp\/B0FV8HTRBX?tag=man008-21\"><img decoding=\"async\" src=\"https:\/\/valvepress.s3.amazonaws.com\/imgs\/buy_now.png\"><\/a><br \/>\n<\/p>\n<p>                                             Product Description   <\/p>\n<p>                                                                                                       <img decoding=\"async\" alt=\"aplus content image\" src=\"https:\/\/images-na.ssl-images-amazon.com\/images\/G\/01\/x-locale\/common\/grey-pixel.gif\" class=\"a-lazy-loaded\" data-src=\"https:\/\/m.media-amazon.com\/images\/S\/aplus-media-library-service-media\/6a6f469f-c83d-4381-adcc-6066fe0f7d17.__CR0,0,1464,600_PT0_SX1464_V1___.jpg\"><img decoding=\"async\" alt=\"aplus content image\" src=\"https:\/\/m.media-amazon.com\/images\/S\/aplus-media-library-service-media\/6a6f469f-c83d-4381-adcc-6066fe0f7d17.__CR0,0,1464,600_PT0_SX1464_V1___.jpg\">                                               <\/p>\n<p>                                                                                                       <img decoding=\"async\" alt=\"Configuraci\u00f3n para juegos con perif\u00e9ricos iluminados con iluminaci\u00f3n LED azul. Logotipo de Intel visible. Varias tomas muestran el teclado y el rat\u00f3n retroiluminados con espectaculares efectos de iluminaci\u00f3n.\" src=\"https:\/\/images-na.ssl-images-amazon.com\/images\/G\/01\/x-locale\/common\/grey-pixel.gif\" class=\"a-lazy-loaded\" data-src=\"https:\/\/m.media-amazon.com\/images\/S\/aplus-media-library-service-media\/473bfdf2-e97d-4c29-a104-56457738ab51.__CR0,0,1464,600_PT0_SX1464_V1___.jpg\"><img decoding=\"async\" alt=\"Configuraci\u00f3n para juegos con perif\u00e9ricos iluminados con iluminaci\u00f3n LED azul. Logotipo de Intel visible. Varias tomas muestran el teclado y el rat\u00f3n retroiluminados con espectaculares efectos de iluminaci\u00f3n.\" src=\"https:\/\/m.media-amazon.com\/images\/S\/aplus-media-library-service-media\/473bfdf2-e97d-4c29-a104-56457738ab51.__CR0,0,1464,600_PT0_SX1464_V1___.jpg\">                                                                                    Procesador Intel Core 7-250H                                        <\/p>\n<p class=\"aplus-p2 aplus-module-2-description\"> Con 14 n\u00facleos (6 de rendimiento + 8 de eficiencia), frecuencia turbo de hasta 5.4GHz y 24MB de Smart Cach\u00e9, este procesador ofrece un rendimiento excelente tanto para jugadores como para profesionales. <\/p>\n<p>                                                                                                       <img decoding=\"async\" alt=\"aplus content image\" src=\"https:\/\/images-na.ssl-images-amazon.com\/images\/G\/01\/x-locale\/common\/grey-pixel.gif\" class=\"a-lazy-loaded\" data-src=\"https:\/\/m.media-amazon.com\/images\/S\/aplus-media-library-service-media\/9693e44a-5e85-4c68-b64a-d43cb5a27d33.__CR0,0,1464,600_PT0_SX1464_V1___.jpg\"><img decoding=\"async\" alt=\"aplus content image\" src=\"https:\/\/m.media-amazon.com\/images\/S\/aplus-media-library-service-media\/9693e44a-5e85-4c68-b64a-d43cb5a27d33.__CR0,0,1464,600_PT0_SX1464_V1___.jpg\">                                                                                    Nvidia RTX 5060                                        <\/p>\n<p class=\"aplus-p2 aplus-module-2-description\"> Gr\u00e1ficos Nvidia RTX 5060 de 8GB GDDR7 con RayTracing y aceleraci\u00f3n por IA de fotogramas. La potencia gr\u00e1fica que necesitan jugadores, creadores o empresas que requieran de su uso para ediciones gr\u00e1ficas, renderizados, etc. <\/p>\n<p>                                                                                                       <img decoding=\"async\" alt=\"aplus content image\" src=\"https:\/\/images-na.ssl-images-amazon.com\/images\/G\/01\/x-locale\/common\/grey-pixel.gif\" class=\"a-lazy-loaded\" data-src=\"https:\/\/m.media-amazon.com\/images\/S\/aplus-media-library-service-media\/80403f60-be2f-4f7e-91ab-ce308994a7d1.__CR0,0,1464,600_PT0_SX1464_V1___.jpg\"><img decoding=\"async\" alt=\"aplus content image\" src=\"https:\/\/m.media-amazon.com\/images\/S\/aplus-media-library-service-media\/80403f60-be2f-4f7e-91ab-ce308994a7d1.__CR0,0,1464,600_PT0_SX1464_V1___.jpg\">                                                                                    Hasta 64GB de memoria RAM                                        <\/p>\n<p class=\"aplus-p2 aplus-module-2-description\"> RAM DDR5 de 4800mhz de hasta 64GB seg\u00fan configuraci\u00f3n (2 z\u00f3calos). Amplia f\u00e1cilmente en el futuro si eliges 16GB o 32GB ahora. <\/p>\n<p>                                                                                                       <img decoding=\"async\" alt=\"aplus content image\" src=\"https:\/\/images-na.ssl-images-amazon.com\/images\/G\/01\/x-locale\/common\/grey-pixel.gif\" class=\"a-lazy-loaded\" data-src=\"https:\/\/m.media-amazon.com\/images\/S\/aplus-media-library-service-media\/be57c447-e7f9-42d8-a0d1-1016c9c90377.__CR0,0,1464,600_PT0_SX1464_V1___.jpg\"><img decoding=\"async\" alt=\"aplus content image\" src=\"https:\/\/m.media-amazon.com\/images\/S\/aplus-media-library-service-media\/be57c447-e7f9-42d8-a0d1-1016c9c90377.__CR0,0,1464,600_PT0_SX1464_V1___.jpg\">                                               <\/p>\n<p> Batteries                                            \u200f                                            :                                            \u200e                                            1 Nonstandard Battery batteries required. (included)   <br \/> Package Dimensions                                            \u200f                                            :                                            \u200e                                            58 x 41 x 23 cm; 2.65 kg   <br \/> Manufacturer                                            \u200f                                            :                                            \u200e                                            DeepGaming   <br \/> ASIN                                            \u200f                                            :                                            \u200e                                            B0FV8HTRBX   <br \/> Item model number                                            \u200f                                            :                                            \u200e                                            Core 7-250H   <br \/> Country of origin                                            \u200f                                            :                                            \u200e                                            Spain   <br \/> Guaranteed software updates until                                            \u200f                                            :                                            \u200e                                            unknown   <br \/>  Customer reviews:                                                                                            1.0               1.0 out of 5 stars                                  (1)                                              var dpAcrHasRegisteredArcLinkClickAction;                    P.when(&#8216;A&#8217;, &#8216;ready&#8217;).execute(function(A) {                        if (dpAcrHasRegisteredArcLinkClickAction !== true) {                            dpAcrHasRegisteredArcLinkClickAction = true;                            A.declarative(                                &#8216;acrLink-click-metrics&#8217;, &#8216;click&#8217;,                                { \u00aballowLinkDefault\u00bb: true },                                function (event) {                                    if (window.ue) {                                        ue.count(\u00abacrLinkClickCount\u00bb, (ue.count(\u00abacrLinkClickCount\u00bb) || 0) + 1);                                    }                                }                            );                        }                    });                                             P.when(&#8216;A&#8217;, &#8216;cf&#8217;).execute(function(A) {                A.declarative(&#8216;acrStarsLink-click-metrics&#8217;, &#8216;click&#8217;, { \u00aballowLinkDefault\u00bb : true },  function(event){                    if(window.ue) {                        ue.count(\u00abacrStarsLinkWithPopoverClickCount\u00bb, (ue.count(\u00abacrStarsLinkWithPopoverClickCount\u00bb) || 0) + 1);                    }                });            });                          <\/p>\n<p>17.3&#8243; QHD (2560 x 1440) WVA display with sRGB100% color reproduction, anti-glare, 165Hz refresh rate and maximum brightness 300cd\/m2<br \/>Intel Core 7-250H processor with 14 cores (6 high performance and 8 low consumption), 24MB cache, 20 processing threads and frequency up to 5.4GHz<br \/>64GB DDR5 4800MHz RAM (2 x 32GB) High speed 1TB NVMe PCIe 4.0 SSD main drive, one free PCIe4.0 slot to expand storage. Windows 11 Pro included.<br \/>8GB GDDR7 Nvidia RTX5060 Graphics, featuring RayTracing technologies and DLSS AI acceleration to boost frame rate with uncompromising image quality<br \/>Up to 4 displays at once (laptop + HDMI, miniDisplayPort and DisplayPort via USB-C, docking not included), Ethernet, WiFi 6, Bluetooth, 3 x USB3.2 (1 Type-C , 2 Type-A)<\/p>\n\n","protected":false},"excerpt":{"rendered":"<p> Product Description Procesador Intel Core 7-250H Con 14 n\u00facleos (6 de rendimiento + 8 de<\/p>","protected":false},"featured_media":32221,"comment_status":"open","ping_status":"closed","template":"","meta":[],"product_brand":[],"product_cat":[86],"product_tag":[526,3745,602,568,9248,622,520,307,698,623,617,519,524,521,525,522,523,584,562,518,159,9247,528,163,1243,858,587,527,621,5273,513,537],"class_list":{"0":"post-32220","1":"product","2":"type-product","3":"status-publish","4":"has-post-thumbnail","6":"product_cat-gaming-laptop","7":"product_tag-144hz-gaming-laptop","8":"product_tag-165hz","9":"product_tag-1tb","10":"product_tag-64gb","11":"product_tag-7250h","12":"product_tag-8gb","13":"product_tag-best-gaming-laptop","14":"product_tag-black","15":"product_tag-core","16":"product_tag-ddr5","17":"product_tag-gaming","18":"product_tag-gaming-laptop","19":"product_tag-gaming-laptop-16gb-ram","20":"product_tag-gaming-laptop-rtx","21":"product_tag-gaming-laptop-ssd","22":"product_tag-gaming-laptop-under-budget","23":"product_tag-high-performance-laptop","24":"product_tag-inch","25":"product_tag-intel","26":"product_tag-keyboard","27":"product_tag-laptop","28":"product_tag-nubian","29":"product_tag-portable-gaming-laptop","30":"product_tag-pro","31":"product_tag-qhd","32":"product_tag-qwerty","33":"product_tag-ram","34":"product_tag-rgb-gaming-laptop","35":"product_tag-rtx","36":"product_tag-spanish","37":"product_tag-ssd","38":"product_tag-windows","40":"first","41":"instock","42":"shipping-taxable","43":"product-type-external"},"_links":{"self":[{"href":"https:\/\/comprasyconsejos.store\/en\/wp-json\/wp\/v2\/product\/32220","targetHints":{"allow":["GET"]}}],"collection":[{"href":"https:\/\/comprasyconsejos.store\/en\/wp-json\/wp\/v2\/product"}],"about":[{"href":"https:\/\/comprasyconsejos.store\/en\/wp-json\/wp\/v2\/types\/product"}],"replies":[{"embeddable":true,"href":"https:\/\/comprasyconsejos.store\/en\/wp-json\/wp\/v2\/comments?post=32220"}],"version-history":[{"count":0,"href":"https:\/\/comprasyconsejos.store\/en\/wp-json\/wp\/v2\/product\/32220\/revisions"}],"wp:featuredmedia":[{"embeddable":true,"href":"https:\/\/comprasyconsejos.store\/en\/wp-json\/wp\/v2\/media\/32221"}],"wp:attachment":[{"href":"https:\/\/comprasyconsejos.store\/en\/wp-json\/wp\/v2\/media?parent=32220"}],"wp:term":[{"taxonomy":"product_brand","embeddable":true,"href":"https:\/\/comprasyconsejos.store\/en\/wp-json\/wp\/v2\/product_brand?post=32220"},{"taxonomy":"product_cat","embeddable":true,"href":"https:\/\/comprasyconsejos.store\/en\/wp-json\/wp\/v2\/product_cat?post=32220"},{"taxonomy":"product_tag","embeddable":true,"href":"https:\/\/comprasyconsejos.store\/en\/wp-json\/wp\/v2\/product_tag?post=32220"}],"curies":[{"name":"wp","href":"https:\/\/api.w.org\/{rel}","templated":true}]}}