{"id":32230,"date":"2026-02-23T03:40:18","date_gmt":"2026-02-23T03:40:18","guid":{"rendered":"https:\/\/comprasyconsejos.store\/product\/lenovo-ideapad-slim-3-gen-8-laptop-15-6-fhd-amd-ryzen-5-5625u-16gb-ram-512gb-ssd-amd-radeon-integrated-graphics-wi-fi-6-no-operating-system-spanish-qwerty-keyboard-grey\/"},"modified":"2026-02-23T03:40:28","modified_gmt":"2026-02-23T03:40:28","slug":"lenovo-ideapad-slim-3-gen-8-laptop-15-6-fhd-amd-ryzen-5-5625u-16gb-ram-512gb-ssd-amd-radeon-integrated-graphics-wi-fi-6-no-operating-system-spanish-qwerty-keyboard-grey","status":"publish","type":"product","link":"https:\/\/comprasyconsejos.store\/en\/product\/lenovo-ideapad-slim-3-gen-8-laptop-15-6-fhd-amd-ryzen-5-5625u-16gb-ram-512gb-ssd-amd-radeon-integrated-graphics-wi-fi-6-no-operating-system-spanish-qwerty-keyboard-grey\/","title":{"rendered":"Lenovo IdeaPad Slim 3 Gen 8 Laptop 15.6&#8243; FHD AMD Ryzen 5 5625U, 16GB RAM, 512GB SSD, AMD Radeon Integrated Graphics, Wi-Fi 6, No Operating System Spanish QWERTY Keyboard &#8211; Grey"},"content":{"rendered":"<p>Price: <span style=\"color:#b12704\">\u20ac449.00<\/span><br \/><i><small>(as of Feb 23, 2026 03:40:18 UTC &#8211; <span class=\"wp_automatic_amazon_disclaimer\" title=\"Product prices and availability are accurate as of the date\/time indicated and are subject to change. Any price and availability information displayed on [relevant Amazon Site(s), as applicable] at the time of purchase will apply to the purchase of this product.\">Details<\/span>)<\/small><\/i><\/p>\n<p><a href=\"https:\/\/amazon.es\/dp\/B0F6YFMJ22?tag=man008-21\"><img decoding=\"async\" src=\"https:\/\/valvepress.s3.amazonaws.com\/imgs\/buy_now.png\"><\/a><br \/>\n<\/p>\n<p>                                             From the manufacturer   <\/p>\n<p>                                                                     Lenovo IdeaPad Slim 3 Gen 8                                            <img decoding=\"async\" alt=\"Lenovo IdeaPad Slim 3 Gen 8 Imagen ordendor y usuaria\" src=\"https:\/\/images-na.ssl-images-amazon.com\/images\/G\/01\/x-locale\/common\/grey-pixel.gif\" class=\"a-lazy-loaded\" data-src=\"https:\/\/m.media-amazon.com\/images\/S\/aplus-media-library-service-media\/8a4270fc-7360-44c7-92a4-21d30d092c93.__CR0,0,1464,600_PT0_SX1464_V1___.jpg\"><img decoding=\"async\" alt=\"Lenovo IdeaPad Slim 3 Gen 8 Imagen ordendor y usuaria\" src=\"https:\/\/m.media-amazon.com\/images\/S\/aplus-media-library-service-media\/8a4270fc-7360-44c7-92a4-21d30d092c93.__CR0,0,1464,600_PT0_SX1464_V1___.jpg\">                                               <\/p>\n<p>                                                                                                       <img decoding=\"async\" alt=\"Lenovo IdeaPad Slim 3 Gen 8 Imagen trasera ordenador y usuaria realizando videollamada\" src=\"https:\/\/images-na.ssl-images-amazon.com\/images\/G\/01\/x-locale\/common\/grey-pixel.gif\" class=\"a-lazy-loaded\" data-src=\"https:\/\/m.media-amazon.com\/images\/S\/aplus-media-library-service-media\/69776723-e0bd-4d5f-966f-a27918ad779b.__CR0,0,1464,600_PT0_SX1464_V1___.jpg\"><img decoding=\"async\" alt=\"Lenovo IdeaPad Slim 3 Gen 8 Imagen trasera ordenador y usuaria realizando videollamada\" src=\"https:\/\/m.media-amazon.com\/images\/S\/aplus-media-library-service-media\/69776723-e0bd-4d5f-966f-a27918ad779b.__CR0,0,1464,600_PT0_SX1464_V1___.jpg\">                                               <\/p>\n<p>The video showcases the product in use.The video guides you through product setup.The video compares multiple products.The video shows the product being unpacked. Lenovo IdeaPad Slim 3 Gen 8  Merchant video<\/p>\n<p>                                                                                                                    <img decoding=\"async\" alt=\"Lenovo IdeaPad Slim 3 Gen 8 Imagen frontal ordenador en apertura con pluma sobre monitor\" src=\"https:\/\/m.media-amazon.com\/images\/S\/aplus-media-library-service-media\/0ddf5074-f777-4f42-88aa-5506ab6543e8.__CR0,0,1464,600_PT0_SX1464_V1___.jpg\">                                                    <img decoding=\"async\" alt=\"Lenovo IdeaPad Slim 3 Gen 8 Imagen detalle de procesador AMD\" src=\"https:\/\/m.media-amazon.com\/images\/S\/aplus-media-library-service-media\/219797a8-09bd-49ca-9e33-02d56fec9852.__CR0,0,1464,600_PT0_SX1464_V1___.jpg\">                                                    <img decoding=\"async\" alt=\"Lenovo IdeaPad Slim 3 Gen 8 Imagen detalle de pantalla\" src=\"https:\/\/m.media-amazon.com\/images\/S\/aplus-media-library-service-media\/5349bfdb-9a35-4095-b5de-58386505bec2.__CR0,0,1464,600_PT0_SX1464_V1___.jpg\">                                                    <img decoding=\"async\" alt=\"Lenovo IdeaPad Slim 3 Gen 8 imagen lateral carga r\u00e1pida\" src=\"https:\/\/m.media-amazon.com\/images\/S\/aplus-media-library-service-media\/cb421c5c-3f3a-471c-ac94-8188089cbcab.__CR0,0,1464,600_PT0_SX1464_V1___.jpg\">                                                    <img decoding=\"async\" alt=\"Lenovo IdeaPad Slim 3 Gen 8 imagen frontal ordenador - Lenovo AI\" src=\"https:\/\/m.media-amazon.com\/images\/S\/aplus-media-library-service-media\/d00c6c1d-84e7-4d15-a527-80b0061066af.__CR0,0,1464,600_PT0_SX1464_V1___.jpg\"><br \/>\n                            1 Ligero y resistente <\/p>\n<p>                            2  Procesador  <\/p>\n<p>                            3 Pantalla FHD <\/p>\n<p>                            4 Carga r\u00e1pida <\/p>\n<p>                            5 Lenovo AI Engine <\/p>\n<p>                                                                                                       <img decoding=\"async\" alt=\"Lenovo IdeaPad Slim 3 Gen 8- Imagen resistencia de grado militar\" src=\"https:\/\/images-na.ssl-images-amazon.com\/images\/G\/01\/x-locale\/common\/grey-pixel.gif\" class=\"a-lazy-loaded\" data-src=\"https:\/\/m.media-amazon.com\/images\/S\/aplus-media-library-service-media\/6dc1af21-f939-472a-9a61-d909ed87bcfa.__CR0,0,1464,600_PT0_SX1464_V1___.jpg\"><img decoding=\"async\" alt=\"Lenovo IdeaPad Slim 3 Gen 8- Imagen resistencia de grado militar\" src=\"https:\/\/m.media-amazon.com\/images\/S\/aplus-media-library-service-media\/6dc1af21-f939-472a-9a61-d909ed87bcfa.__CR0,0,1464,600_PT0_SX1464_V1___.jpg\">                                               <\/p>\n<p>                                                                                                       <img decoding=\"async\" alt=\"Lenovo IdeaPad Slim 3 Gen 8 imagen puertos y ranuras\" src=\"https:\/\/images-na.ssl-images-amazon.com\/images\/G\/01\/x-locale\/common\/grey-pixel.gif\" class=\"a-lazy-loaded\" data-src=\"https:\/\/m.media-amazon.com\/images\/S\/aplus-media-library-service-media\/d5168fe8-d62f-4807-8dc1-0da0b1860c65.__CR0,0,1464,600_PT0_SX1464_V1___.jpg\"><img decoding=\"async\" alt=\"Lenovo IdeaPad Slim 3 Gen 8 imagen puertos y ranuras\" src=\"https:\/\/m.media-amazon.com\/images\/S\/aplus-media-library-service-media\/d5168fe8-d62f-4807-8dc1-0da0b1860c65.__CR0,0,1464,600_PT0_SX1464_V1___.jpg\">                                               <\/p>\n<h3 class=\"a-size-extra-large a-spacing-base a-text-center\"> Especificaciones especiales <\/h3>\n<p>                                                        Procesador                                    AMD Ryzen 5 5625U                                        Gr\u00e1ficos                                    AMD Radeon integrados                                        Chipset                                    Plataforma SoC AMD                                        Lector de tarjetas                                     SD                                        Chip de audio                                     Audio de alta definici\u00f3n (HD)                                        Altavoces                                    x2 Altavoces est\u00e9reo 1,5 W orientados al usuario,  optimizados con Dolby Audio                                        C\u00e1mara                                     HD 720p con obturador de privacidad                                        Micr\u00f3fono                                    2x, Matriz                                                         Pantalla                                     FHD de 15,6&#8243;                                         Resolucion de pantalla                                     1920 x 1080 px                                        Brillo de pantalla                                    250 nits                                         Idioma de teclado                                    Espa\u00f1ol                                        Conectividad                                    Wi-Fi 6 + Bluetooth 5.2                                        Puertos est\u00e1ndar                                    2x USB 3.2 Gen 1,  1x USB-C 3.2 Gen 1 (compatible con transferencia de datos, suministro de energ\u00eda y DisplayPort 1.2), 1x HDMI 1.4, 1 conector combinado para auriculares y micr\u00f3fono (3,5 mm), 1x lector de tarjetas, 1x conector de alimentaci\u00f3n                                        Seguridad                                    Firmware TPM 2.0 habilitado &#8211; Obturador de privacidad de la c\u00e1mara                                        Cumple con                                    ErP Lot 6\/26, RoHS, T\u00dcV Rheinland Luz azul baja (soluci\u00f3n de software), Prueba militar MIL-STD-810H aprobada (21 elementos de prueba)                     <\/p>\n<p> Product Dimensions                                            \u200f                                            :                                            \u200e                                            35.9 x 23.5 x 1.79 cm; 1.62 kg   <br \/> Manufacturer                                            \u200f                                            :                                            \u200e                                            Lenovo   <br \/> ASIN                                            \u200f                                            :                                            \u200e                                            B0F6YFMJ22   <br \/> Item model number                                            \u200f                                            :                                            \u200e                                            82XM00PESP   <br \/> Guaranteed software updates until                                            \u200f                                            :                                            \u200e                                            unknown   <br \/>  Customer reviews:                                                                                            4.8               4.8 out of 5 stars                                  (42)                                              var dpAcrHasRegisteredArcLinkClickAction;                    P.when(&#8216;A&#8217;, &#8216;ready&#8217;).execute(function(A) {                        if (dpAcrHasRegisteredArcLinkClickAction !== true) {                            dpAcrHasRegisteredArcLinkClickAction = true;                            A.declarative(                                &#8216;acrLink-click-metrics&#8217;, &#8216;click&#8217;,                                { \u00aballowLinkDefault\u00bb: true },                                function (event) {                                    if (window.ue) {                                        ue.count(\u00abacrLinkClickCount\u00bb, (ue.count(\u00abacrLinkClickCount\u00bb) || 0) + 1);                                    }                                }                            );                        }                    });                                             P.when(&#8216;A&#8217;, &#8216;cf&#8217;).execute(function(A) {                A.declarative(&#8216;acrStarsLink-click-metrics&#8217;, &#8216;click&#8217;, { \u00aballowLinkDefault\u00bb : true },  function(event){                    if(window.ue) {                        ue.count(\u00abacrStarsLinkWithPopoverClickCount\u00bb, (ue.count(\u00abacrStarsLinkWithPopoverClickCount\u00bb) || 0) + 1);                    }                });            });                          <\/p>\n<p>Easy Multitasking &#8211; Get quick response for all your multitasking apps and activities with the AMD Ryzen 5 5625U processor, 16GB RAM, and 512GB storage<br \/>Designed for work, study or entertainment: Enjoy vivid images with the 15.6&#8243; FHD display, 1920 x 1080 px resolution and 16:9 aspect ratio<br \/>Long battery life: Make the most of the powerful 47Wh battery and Rapid Charge Boost function, giving you up to 2 hours of battery life with just 15 minutes of charging<br \/>VERSATILE CONNECTIVITY &#8211; Enjoy Type-C port for fast charging, display output and data transfer; 2 USB 3.2 ports, HDMI port and SD card reader<br \/>Sturdy and sophisticated: its design ensures low blue light emission and high resistance to extreme conditions, certified by T\u00dcV Rheinland and the MIL-STD-810H military test<\/p>\n\n","protected":false},"excerpt":{"rendered":"<p> From the manufacturer Lenovo IdeaPad Slim 3 Gen 8 The video showcases the product in<\/p>","protected":false},"featured_media":32231,"comment_status":"open","ping_status":"closed","template":"","meta":[],"product_brand":[],"product_cat":[85],"product_tag":[509,536,7165,530,575,573,577,578,581,639,855,644,204,5930,2258,518,159,582,1054,576,574,4444,580,858,897,587,531,288,5273,513,1578,543,579],"class_list":{"0":"post-32230","1":"product","2":"type-product","3":"status-publish","4":"has-post-thumbnail","6":"product_cat-business-laptop","7":"product_tag-16gb","8":"product_tag-512gb","9":"product_tag-5625u","10":"product_tag-amd","11":"product_tag-best-laptop-for-business","12":"product_tag-business-laptop","13":"product_tag-business-laptop-with-ssd","14":"product_tag-corporate-laptop","15":"product_tag-durable-business-laptop","16":"product_tag-fhd","17":"product_tag-gen","18":"product_tag-graphics","19":"product_tag-grey","20":"product_tag-ideapad","21":"product_tag-integrated","22":"product_tag-keyboard","23":"product_tag-laptop","24":"product_tag-laptop-for-work","25":"product_tag-lenovo","26":"product_tag-lightweight-business-laptop","27":"product_tag-office-laptop","28":"product_tag-operating","29":"product_tag-professional-laptop","30":"product_tag-qwerty","31":"product_tag-radeon","32":"product_tag-ram","33":"product_tag-ryzen","34":"product_tag-slim","35":"product_tag-spanish","36":"product_tag-ssd","37":"product_tag-system","38":"product_tag-wifi","39":"product_tag-windows-business-laptop","41":"first","42":"instock","43":"shipping-taxable","44":"product-type-external"},"_links":{"self":[{"href":"https:\/\/comprasyconsejos.store\/en\/wp-json\/wp\/v2\/product\/32230","targetHints":{"allow":["GET"]}}],"collection":[{"href":"https:\/\/comprasyconsejos.store\/en\/wp-json\/wp\/v2\/product"}],"about":[{"href":"https:\/\/comprasyconsejos.store\/en\/wp-json\/wp\/v2\/types\/product"}],"replies":[{"embeddable":true,"href":"https:\/\/comprasyconsejos.store\/en\/wp-json\/wp\/v2\/comments?post=32230"}],"version-history":[{"count":0,"href":"https:\/\/comprasyconsejos.store\/en\/wp-json\/wp\/v2\/product\/32230\/revisions"}],"wp:featuredmedia":[{"embeddable":true,"href":"https:\/\/comprasyconsejos.store\/en\/wp-json\/wp\/v2\/media\/32231"}],"wp:attachment":[{"href":"https:\/\/comprasyconsejos.store\/en\/wp-json\/wp\/v2\/media?parent=32230"}],"wp:term":[{"taxonomy":"product_brand","embeddable":true,"href":"https:\/\/comprasyconsejos.store\/en\/wp-json\/wp\/v2\/product_brand?post=32230"},{"taxonomy":"product_cat","embeddable":true,"href":"https:\/\/comprasyconsejos.store\/en\/wp-json\/wp\/v2\/product_cat?post=32230"},{"taxonomy":"product_tag","embeddable":true,"href":"https:\/\/comprasyconsejos.store\/en\/wp-json\/wp\/v2\/product_tag?post=32230"}],"curies":[{"name":"wp","href":"https:\/\/api.w.org\/{rel}","templated":true}]}}