{"id":32249,"date":"2026-02-23T04:00:32","date_gmt":"2026-02-23T04:00:32","guid":{"rendered":"https:\/\/comprasyconsejos.store\/product\/riotpwr-mobile-cloud-gaming-controller-para-ios-xbox-edition-juego-de-consola-movil-en-tu-iphone-juega-cod-mobile-apple-arcade-mas-1-mes-xbox-game-pass-ultimate-incluido\/"},"modified":"2026-02-23T04:00:40","modified_gmt":"2026-02-23T04:00:40","slug":"riotpwr-mobile-cloud-gaming-controller-para-ios-xbox-edition-juego-de-consola-movil-en-tu-iphone-juega-cod-mobile-apple-arcade-mas-1-mes-xbox-game-pass-ultimate-incluido","status":"publish","type":"product","link":"https:\/\/comprasyconsejos.store\/en\/product\/riotpwr-mobile-cloud-gaming-controller-para-ios-xbox-edition-juego-de-consola-movil-en-tu-iphone-juega-cod-mobile-apple-arcade-mas-1-mes-xbox-game-pass-ultimate-incluido\/","title":{"rendered":"RiotPWR Mobile Cloud Gaming Controller para iOS (Xbox Edition) &#8211; Juego de consola m\u00f3vil en tu iPhone &#8211; Juega COD Mobile, Apple Arcade + m\u00e1s [1 mes Xbox Game Pass Ultimate incluido]"},"content":{"rendered":"<p>Price: <span style=\"color:#b12704\">\u20ac22.99<\/span><br \/><i><small>(as of Feb 23, 2026 04:00:32 UTC &#8211; <span class=\"wp_automatic_amazon_disclaimer\" title=\"Product prices and availability are accurate as of the date\/time indicated and are subject to change. Any price and availability information displayed on [relevant Amazon Site(s), as applicable] at the time of purchase will apply to the purchase of this product.\">Details<\/span>)<\/small><\/i><\/p>\n<p><a href=\"https:\/\/amazon.es\/dp\/B0B6WLYNC9?tag=man008-21\"><img decoding=\"async\" src=\"https:\/\/valvepress.s3.amazonaws.com\/imgs\/buy_now.png\"><\/a><br \/>\n<br \/>\n    <span>Zet je mobiele telefoon op elk moment in een gaming-console. Onze nieuwe mobiele cloud game controller is hier om een hit voor jou te maken. Complete mobile controller grootte een Xbox, menu on optical buttons with an 8-way D-pad, triggers in nieuwe share-knop Turn your mobile into a gaming console anytime! Our new mobile cloud gaming controller is here to win a habit for you. The full-size mobile controller features Xbox buttons, menu and options along with an improved 8-way D-pad, triggers and a new shared button Drej din mobile ind i in game console until enhver tid. Vores nye mobile skyspilcontroller is designed to wash in shape up to dig. The mobile controller function fulde st\u00f8rrelse p\u00e5 Xbox, menu og valgknapper along med en improved 8-vejs D-pude, udl\u00f8sere og ny share knap mobil telefonunuzu her zaman oyun konsoluna d\u00f6n\u00fc\u015ft\u00fcr\u00fcn! Yeni mobil bulut oyun kumandam\u0131z sizin i\u00e7in bir habit kazanmak i\u00e7in burada. Tam boyutlu mobile kontrol\u00f6r Xbox, men\u00fc ve opsiyon d\u00fc\u011fmelerine sahiptir, geli\u015fmi\u015f 8 yollu D ped, tetikleme ve yeni payla\u015f\u0131m d\u00fc\u011fmelerine sahiptir Oto\u010dte svou mobiln\u00ed hern\u00ed konzolu anytime! N\u00e1\u0161 nov\u00fd mobiln\u00ed cloud game controller je zde pro v\u00e1s. Celoplo\u0161n\u00fd mobiln\u00ed ovlada\u010d m\u00e1 funkci na Xbox, menu and mo\u017enost tla\u010d\u00edtek along s improved 8 way D-padd, spou\u0161t\u011bc\u00ed a tla\u010d\u00edtkem New Share W\u0142\u0105cz sw\u00f3j phone do konsoli do gier w dowolny czas! Nasz nowy mobilny kontroler do gry w chmurze jest dost\u0119pny w naszej ofercie i sprawi, \u017ce kupisz co\u015b dla Ciebie. The full-size mobile controller features Xbox buttons, menu and options along with an improved 8-way D-pad, triggers and a new share button that rotates your mobile on a game console at any time. Our new mobile cloud gaming controller is here to win a habit for you. Full-size mobile controller features Xbox buttons, menu and options along with an improved 8-way D-pad, triggers and a new share button<\/span>    <br \/> Batteries                                            \u200f                                            :                                            \u200e                                            2 AA batteries required.   <br \/> Product Dimensions                                            \u200f                                            :                                            \u200e                                            15 x 11 x 5 cm; 430 g   <br \/> Release date                                            \u200f                                            :                                            \u200e                                            25 Sept. 2022   <br \/> ASIN                                            \u200f                                            :                                            \u200e                                            B0B6WLYNC9   <br \/> Item model number                                            \u200f                                            :                                            \u200e                                            RP1950X   <br \/> Country of origin                                            \u200f                                            :                                            \u200e                                            China   <br \/>       Best Sellers Rank:  7,171 in Videogames (See Top 100 in Videogames)    54 in Xbox Accessories      <br \/>  Customer reviews:                                                                                            3.3               3.3 out of 5 stars                                  (36)                                              var dpAcrHasRegisteredArcLinkClickAction;                    P.when(&#8216;A&#8217;, &#8216;ready&#8217;).execute(function(A) {                        if (dpAcrHasRegisteredArcLinkClickAction !== true) {                            dpAcrHasRegisteredArcLinkClickAction = true;                            A.declarative(                                &#8216;acrLink-click-metrics&#8217;, &#8216;click&#8217;,                                { \u00aballowLinkDefault\u00bb: true },                                function (event) {                                    if (window.ue) {                                        ue.count(\u00abacrLinkClickCount\u00bb, (ue.count(\u00abacrLinkClickCount\u00bb) || 0) + 1);                                    }                                }                            );                        }                    });                                             P.when(&#8216;A&#8217;, &#8216;cf&#8217;).execute(function(A) {                A.declarative(&#8216;acrStarsLink-click-metrics&#8217;, &#8216;click&#8217;, { \u00aballowLinkDefault\u00bb : true },  function(event){                    if(window.ue) {                        ue.count(\u00abacrStarsLinkWithPopoverClickCount\u00bb, (ue.count(\u00abacrStarsLinkWithPopoverClickCount\u00bb) || 0) + 1);                    }                });            });                          <\/p>\n<p>Turn your mobile phone into a game console at any time. Our new mobile cloud gaming controller makes winning a habit for you. The full-size mobile controller features an Xbox, menu and option buttons, as well as an improved 8-way D-pad, shutter release and a new share button.<br \/>Advanced iOS Compatibility &#8211; Our iPhone gamepad connects to all Apple devices with lightning connector running iOS 7 or later. Solve puzzles and play your favorite games on an iPhone, iPad or iPod with our iPhone gamepad.<br \/>No more lags and latency: Enjoy uninterrupted gaming with the wired controller with flash port, which eliminates lag and latency and ensures crisp visuals without skipping, interference or blur. Our iPhone gamepad controller features an ergonomic design with removable smartphone holder for tactical comfort and agility so you can show your competitors who&#8217;s the boss<br \/>CHARGING DURING GAMING This mobile game controller features an upgraded version of pass-through charging technology, which charges while gaming, allowing unlimited play without needing to download the device. Simply plug in the mobile phone controller and play endlessly without the frustration of dead batteries and unfinished battles. It is also equipped with an audio DAC and a headphone jack.<br \/>1000+ Games Compatible &#8211; Our partner app, Ludu Mapp, supports over 1,000 apps and games. Enjoy your favorite Battle Royale games through services like Xbox Cloud Gaming, Stadia, PS Remote Play, Steam Link, Amazon Luna, and more. Our partner app is available for download on the iOS App Store to sync with your chosen game.<\/p>\n\n","protected":false},"excerpt":{"rendered":"<p> Zet je mobiele telefoon op elk moment in een gaming-console. Onze nieuwe mobiele cloud game<\/p>","protected":false},"featured_media":32250,"comment_status":"open","ping_status":"closed","template":"","meta":[],"product_brand":[],"product_cat":[104],"product_tag":[175,2764,2954,9257,3981,2152,964,1795,617,9259,2810,147,3004,3003,3015,3008,3007,3010,3011,3000,3001,3013,3016,3014,3005,3002,3009,3017,3006,9256,4251,8241,9258,1275,4491,3954,7619,3012,9255,2882,1079],"class_list":{"0":"post-32249","1":"product","2":"type-product","3":"status-publish","4":"has-post-thumbnail","6":"product_cat-apple-iphone","7":"product_tag-apple","8":"product_tag-arcade","9":"product_tag-cloud","10":"product_tag-cod","11":"product_tag-consola","12":"product_tag-controller","13":"product_tag-edition","14":"product_tag-game","15":"product_tag-gaming","16":"product_tag-incluido","17":"product_tag-ios","18":"product_tag-iphone","19":"product_tag-iphone-13-accessories","20":"product_tag-iphone-14-case","21":"product_tag-iphone-adapter","22":"product_tag-iphone-battery-pack","23":"product_tag-iphone-cable","24":"product_tag-iphone-camera-lens","25":"product_tag-iphone-car-mount","26":"product_tag-iphone-case","27":"product_tag-iphone-charger","28":"product_tag-iphone-earbuds","29":"product_tag-iphone-gaming-controller","30":"product_tag-iphone-magsafe","31":"product_tag-iphone-pro-max-case","32":"product_tag-iphone-screen-protector","33":"product_tag-iphone-tempered-glass","34":"product_tag-iphone-tripod","35":"product_tag-iphone-wireless-charger","36":"product_tag-juega","37":"product_tag-juego","38":"product_tag-mas","39":"product_tag-mes","40":"product_tag-mobile","41":"product_tag-movil","42":"product_tag-para","43":"product_tag-pass","44":"product_tag-refurbished-iphone","45":"product_tag-riotpwr","46":"product_tag-ultimate","47":"product_tag-xbox","49":"first","50":"instock","51":"shipping-taxable","52":"product-type-external"},"_links":{"self":[{"href":"https:\/\/comprasyconsejos.store\/en\/wp-json\/wp\/v2\/product\/32249","targetHints":{"allow":["GET"]}}],"collection":[{"href":"https:\/\/comprasyconsejos.store\/en\/wp-json\/wp\/v2\/product"}],"about":[{"href":"https:\/\/comprasyconsejos.store\/en\/wp-json\/wp\/v2\/types\/product"}],"replies":[{"embeddable":true,"href":"https:\/\/comprasyconsejos.store\/en\/wp-json\/wp\/v2\/comments?post=32249"}],"version-history":[{"count":0,"href":"https:\/\/comprasyconsejos.store\/en\/wp-json\/wp\/v2\/product\/32249\/revisions"}],"wp:featuredmedia":[{"embeddable":true,"href":"https:\/\/comprasyconsejos.store\/en\/wp-json\/wp\/v2\/media\/32250"}],"wp:attachment":[{"href":"https:\/\/comprasyconsejos.store\/en\/wp-json\/wp\/v2\/media?parent=32249"}],"wp:term":[{"taxonomy":"product_brand","embeddable":true,"href":"https:\/\/comprasyconsejos.store\/en\/wp-json\/wp\/v2\/product_brand?post=32249"},{"taxonomy":"product_cat","embeddable":true,"href":"https:\/\/comprasyconsejos.store\/en\/wp-json\/wp\/v2\/product_cat?post=32249"},{"taxonomy":"product_tag","embeddable":true,"href":"https:\/\/comprasyconsejos.store\/en\/wp-json\/wp\/v2\/product_tag?post=32249"}],"curies":[{"name":"wp","href":"https:\/\/api.w.org\/{rel}","templated":true}]}}