{"id":32258,"date":"2026-02-23T04:06:27","date_gmt":"2026-02-23T04:06:27","guid":{"rendered":"https:\/\/comprasyconsejos.store\/product\/neewer-camera-rain-protector-waterproof-durable-nylon-large-size-compatible-with-canon-sony-nikon-dslr-mirrorless-vlog-camera-and-lens-300-400-500-600-800mm-with-sleeves-lanyards-pb004\/"},"modified":"2026-02-23T04:06:33","modified_gmt":"2026-02-23T04:06:33","slug":"neewer-camera-rain-protector-waterproof-durable-nylon-large-size-compatible-with-canon-sony-nikon-dslr-mirrorless-vlog-camera-and-lens-300-400-500-600-800mm-with-sleeves-lanyards-pb004","status":"publish","type":"product","link":"https:\/\/comprasyconsejos.store\/en\/product\/neewer-camera-rain-protector-waterproof-durable-nylon-large-size-compatible-with-canon-sony-nikon-dslr-mirrorless-vlog-camera-and-lens-300-400-500-600-800mm-with-sleeves-lanyards-pb004\/","title":{"rendered":"NEEWER Camera Rain Protector, Waterproof Durable Nylon Large Size Compatible with Canon Sony Nikon DSLR Mirrorless Vlog Camera and Lens 300\/400\/500\/600\/800mm, with Sleeves, Lanyards, PB004"},"content":{"rendered":"<p>Price: <span style=\"color:#b12704\">\u20ac40.99<\/span><br \/><i><small>(as of Feb 23, 2026 04:06:28 UTC &#8211; <span class=\"wp_automatic_amazon_disclaimer\" title=\"Product prices and availability are accurate as of the date\/time indicated and are subject to change. Any price and availability information displayed on [relevant Amazon Site(s), as applicable] at the time of purchase will apply to the purchase of this product.\">Details<\/span>)<\/small><\/i><\/p>\n<p><a href=\"https:\/\/amazon.es\/dp\/B0BX5ZGV74?tag=man008-21\"><img decoding=\"async\" src=\"https:\/\/valvepress.s3.amazonaws.com\/imgs\/buy_now.png\"><\/a><br \/>\n<\/p>\n<p>                                             Product Description   <\/p>\n<p>                                                                             <img decoding=\"async\" alt=\"Neewer PB004 para c\u00e1mara grande, material de nailon negro, 7 oz\/210 g, para\" src=\"https:\/\/images-na.ssl-images-amazon.com\/images\/G\/01\/x-locale\/common\/grey-pixel.gif\" class=\"a-spacing-base a-lazy-loaded\" data-src=\"https:\/\/m.media-amazon.com\/images\/S\/aplus-media-library-service-media\/7a42b456-849b-4168-85e0-d4adca34bbf3.__CR0,0,970,600_PT0_SX970_V1___.jpg\"><img decoding=\"async\" alt=\"Neewer PB004 para c\u00e1mara grande, material de nailon negro, 7 oz\/210 g, para\" src=\"https:\/\/m.media-amazon.com\/images\/S\/aplus-media-library-service-media\/7a42b456-849b-4168-85e0-d4adca34bbf3.__CR0,0,970,600_PT0_SX970_V1___.jpg\">                                                                    <\/p>\n<p>                                                                             <img decoding=\"async\" alt=\"la lente de la c\u00e1mara est\u00e1 dise\u00f1ada para proteger la c\u00e1mara de la lluvia.\" src=\"https:\/\/images-na.ssl-images-amazon.com\/images\/G\/01\/x-locale\/common\/grey-pixel.gif\" class=\"a-spacing-base a-lazy-loaded\" data-src=\"https:\/\/m.media-amazon.com\/images\/S\/aplus-media-library-service-media\/41c51318-5682-4dbc-8ce9-978c4d2b0332.__CR0,0,970,600_PT0_SX970_V1___.jpg\"><img decoding=\"async\" alt=\"la lente de la c\u00e1mara est\u00e1 dise\u00f1ada para proteger la c\u00e1mara de la lluvia.\" src=\"https:\/\/m.media-amazon.com\/images\/S\/aplus-media-library-service-media\/41c51318-5682-4dbc-8ce9-978c4d2b0332.__CR0,0,970,600_PT0_SX970_V1___.jpg\">                                                                    <\/p>\n<p>                                                                             <img decoding=\"async\" alt=\"con dimensiones. Longitud m\u00e1xima de 35,4 pulgadas\/900 mm, ancho de 5,7 pulgadas\/170 mm. Protege la c\u00e1mara y la lente de las inclemencias meteorol\u00f3gicas.\" src=\"https:\/\/images-na.ssl-images-amazon.com\/images\/G\/01\/x-locale\/common\/grey-pixel.gif\" class=\"a-spacing-base a-lazy-loaded\" data-src=\"https:\/\/m.media-amazon.com\/images\/S\/aplus-media-library-service-media\/1eb83ef2-96c2-459e-8cba-c75f9e2b55f2.__CR0,0,970,600_PT0_SX970_V1___.jpg\"><img decoding=\"async\" alt=\"con dimensiones. Longitud m\u00e1xima de 35,4 pulgadas\/900 mm, ancho de 5,7 pulgadas\/170 mm. Protege la c\u00e1mara y la lente de las inclemencias meteorol\u00f3gicas.\" src=\"https:\/\/m.media-amazon.com\/images\/S\/aplus-media-library-service-media\/1eb83ef2-96c2-459e-8cba-c75f9e2b55f2.__CR0,0,970,600_PT0_SX970_V1___.jpg\">                                                                    <\/p>\n<p class=\"apm-text-center\">\n                                                      <img decoding=\"async\" alt=\"Una mano sostiene la tapa negra de la lente de una c\u00e1mara, parcialmente abierta para revelar la lente verde que hay en su interior. La funda parece acolchada\" src=\"https:\/\/images-na.ssl-images-amazon.com\/images\/G\/01\/x-locale\/common\/grey-pixel.gif\" class=\"a-spacing-mini a-lazy-loaded\" data-src=\"https:\/\/m.media-amazon.com\/images\/S\/aplus-media-library-service-media\/f9a45920-aa90-41f8-bc57-cb84cc591737.__CR0,0,300,300_PT0_SX300_V1___.jpg\"><img decoding=\"async\" alt=\"Una mano sostiene la tapa negra de la lente de una c\u00e1mara, parcialmente abierta para revelar la lente verde que hay en su interior. La funda parece acolchada\" src=\"https:\/\/m.media-amazon.com\/images\/S\/aplus-media-library-service-media\/f9a45920-aa90-41f8-bc57-cb84cc591737.__CR0,0,300,300_PT0_SX300_V1___.jpg\">  <\/p>\n<p>                                                     Protecci\u00f3n sellada                                        <\/p>\n<p> Sella cada funda con un cord\u00f3n para proteger tu c\u00e1mara y lente del agua y la suciedad. <\/p>\n<p class=\"apm-text-center\">\n                                                      <img decoding=\"async\" alt=\"para c\u00e1mara con ventana de pl\u00e1stico transparente, que permite el acceso a los controles de la c\u00e1mara y, al mismo tiempo, la protege de la humedad. Manos visibles para ajustar los ajustes.\" src=\"https:\/\/images-na.ssl-images-amazon.com\/images\/G\/01\/x-locale\/common\/grey-pixel.gif\" class=\"a-spacing-mini a-lazy-loaded\" data-src=\"https:\/\/m.media-amazon.com\/images\/S\/aplus-media-library-service-media\/f57c9ac7-5d1d-4f2c-b2a8-ef95f6c2317b.__CR0,0,300,300_PT0_SX300_V1___.jpg\"><img decoding=\"async\" alt=\"para c\u00e1mara con ventana de pl\u00e1stico transparente, que permite el acceso a los controles de la c\u00e1mara y, al mismo tiempo, la protege de la humedad. Manos visibles para ajustar los ajustes.\" src=\"https:\/\/m.media-amazon.com\/images\/S\/aplus-media-library-service-media\/f57c9ac7-5d1d-4f2c-b2a8-ef95f6c2317b.__CR0,0,300,300_PT0_SX300_V1___.jpg\">  <\/p>\n<p>                                                    F\u00e1cil acceso a la mano                                        <\/p>\n<p> Las manos pueden llegar f\u00e1cilmente dentro de la cubierta de lluvia para operar la c\u00e1mara sin ning\u00fan problema. <\/p>\n<p class=\"apm-text-center\">\n                                                      <img decoding=\"async\" alt=\"C\u00e1mara digital dentro de una funda de transporte negra parcialmente abierta, con pantalla LCD que muestra la imagen de una persona en una calle lluviosa.\" src=\"https:\/\/images-na.ssl-images-amazon.com\/images\/G\/01\/x-locale\/common\/grey-pixel.gif\" class=\"a-spacing-mini a-lazy-loaded\" data-src=\"https:\/\/m.media-amazon.com\/images\/S\/aplus-media-library-service-media\/94b04dd7-cf8b-4534-8d91-fa7a64e0bce1.__CR0,0,300,300_PT0_SX300_V1___.jpg\"><img decoding=\"async\" alt=\"C\u00e1mara digital dentro de una funda de transporte negra parcialmente abierta, con pantalla LCD que muestra la imagen de una persona en una calle lluviosa.\" src=\"https:\/\/m.media-amazon.com\/images\/S\/aplus-media-library-service-media\/94b04dd7-cf8b-4534-8d91-fa7a64e0bce1.__CR0,0,300,300_PT0_SX300_V1___.jpg\">  <\/p>\n<p>                                                    Vea todo claramente                                        <\/p>\n<p> La gran ventana hace que la pantalla LCD, el visor y los controles sean claramente visibles. <\/p>\n<p>                                                                             <img decoding=\"async\" alt=\"para la lluvia\" src=\"https:\/\/images-na.ssl-images-amazon.com\/images\/G\/01\/x-locale\/common\/grey-pixel.gif\" class=\"a-spacing-base a-lazy-loaded\" data-src=\"https:\/\/m.media-amazon.com\/images\/S\/aplus-media-library-service-media\/4de20789-b95e-44bd-a500-e556fd9bee89.__CR0,0,970,600_PT0_SX970_V1___.jpg\"><img decoding=\"async\" alt=\"para la lluvia\" src=\"https:\/\/m.media-amazon.com\/images\/S\/aplus-media-library-service-media\/4de20789-b95e-44bd-a500-e556fd9bee89.__CR0,0,970,600_PT0_SX970_V1___.jpg\">                                                                    <\/p>\n<p>                         Add To Basket  <\/p>\n<p>                         Add To Basket  <\/p>\n<p>                         Add To Basket  <\/p>\n<p>                             Customer Reviews  <\/p>\n<p>                    4.5 out of 5 stars  520  <\/p>\n<p>                    4.5 out of 5 stars  2,880  <\/p>\n<p>                    4.2 out of 5 stars  380  <\/p>\n<p>                    4.9 out of 5 stars  39  <\/p>\n<p>                \u2014                                   <\/p>\n<p>                    4.3 out of 5 stars  579  <\/p>\n<p>                             Price  <\/p>\n<p>                                            \u2014 no data<br \/>\n                                                       \u20ac34.49\u20ac34.49                  \u20ac31.99\u20ac31.99<br \/>\n                                            \u2014 no data<\/p>\n<p>                                            \u2014 no data<br \/>\n                                                       \u20ac21.49\u20ac21.49        <\/p>\n<p>                             Marca:<br \/>\n                                NEEWER               NEEWER               NEEWER               NEEWER               NEEWER               NEEWER        <\/p>\n<p>                         Add To Basket  <\/p>\n<p>                         Add To Basket  <\/p>\n<p>                             Customer Reviews  <\/p>\n<p>                    4.5 out of 5 stars  36  <\/p>\n<p>                    4.4 out of 5 stars  289  <\/p>\n<p>                    3.9 out of 5 stars  85  <\/p>\n<p>                \u2014                                   <\/p>\n<p>                    4.3 out of 5 stars  12,660  <\/p>\n<p>                \u2014         <\/p>\n<p>                             Price  <\/p>\n<p>                                            \u2014 no data<br \/>\n                                                       \u20ac49.99\u20ac49.99<br \/>\n                                            \u2014 no data<\/p>\n<p>                                            \u2014 no data<br \/>\n                                                       \u20ac67.99\u20ac67.99<br \/>\n                                            \u2014 no data<\/p>\n<p>                             Marca:<br \/>\n                                NEEWER               NEEWER               NEEWER               NEEWER               NEEWER               NEEWER        <\/p>\n<p> Package Dimensions                                            \u200f                                            :                                            \u200e                                            28 x 20.8 x 4.9 cm; 15.31 g   <br \/> Date First Available                                            \u200f                                            :                                            \u200e                                            21 April 2023   <br \/> Manufacturer                                            \u200f                                            :                                            \u200e                                            NEEWER   <br \/> ASIN                                            \u200f                                            :                                            \u200e                                            B0BX5ZGV74   <br \/> Item model number                                            \u200f                                            :                                            \u200e                                            PB004   <br \/> Country of origin                                            \u200f                                            :                                            \u200e                                            China   <br \/> Guaranteed software updates until                                            \u200f                                            :                                            \u200e                                            unknown   <br \/>       Best Sellers Rank:  59 in Camera &#038; Camcorder Rain Covers       <br \/>  Customer reviews:                                                                                            4.2               4.2 out of 5 stars                                  (380)                                              var dpAcrHasRegisteredArcLinkClickAction;                    P.when(&#8216;A&#8217;, &#8216;ready&#8217;).execute(function(A) {                        if (dpAcrHasRegisteredArcLinkClickAction !== true) {                            dpAcrHasRegisteredArcLinkClickAction = true;                            A.declarative(                                &#8216;acrLink-click-metrics&#8217;, &#8216;click&#8217;,                                { \u00aballowLinkDefault\u00bb: true },                                function (event) {                                    if (window.ue) {                                        ue.count(\u00abacrLinkClickCount\u00bb, (ue.count(\u00abacrLinkClickCount\u00bb) || 0) + 1);                                    }                                }                            );                        }                    });                                             P.when(&#8216;A&#8217;, &#8216;cf&#8217;).execute(function(A) {                A.declarative(&#8216;acrStarsLink-click-metrics&#8217;, &#8216;click&#8217;, { \u00aballowLinkDefault\u00bb : true },  function(event){                    if(window.ue) {                        ue.count(\u00abacrStarsLinkWithPopoverClickCount\u00bb, (ue.count(\u00abacrStarsLinkWithPopoverClickCount\u00bb) || 0) + 1);                    }                });            });                          <\/p>\n<p>\u3010Durable and Quick Rain Cover\u3011 Protect your camera and lens from rain, dust, snow, sand and dirt with this rain cover when you take photos outdoors. Nylon fabric is water resistant and durable in harsh weather conditions.<br \/>\u3010EASY HANDS ACCESS\u3011 Two sleeves allow hands to be easily inserted into the rain cover and operate the camera without any problems. Camera straps can be connected to the rain cover through the holes on the strap for easy hand shooting.<br \/>\u3010For Larger Cameras &#038; Lens\u3011 With a size of 900x550mm, this rain cover fits a DSLR\/mirrorless camera with a main lens of 300mm, 400mm, 500mm, 600mm or 800mm, allowing you to the camera is mounted on a tripod for stable shooting. Compatible with Sony A7 A9 A1 Canon 7D 5D 1D R5 Nikon D750 D850 Z6 Z7 and more. When the lens sleeve is too long, it can be bent back to the correct position, and then use laces to secure the openings.<br \/>\u3010Ultra Clear Viewing Window\u3011 A large, transparent window allows you to view the LCD screen, viewfinders and camera control buttons for precise adjustments.<br \/>\u3010Completely Foldable Design\u3011 Foldable and lightweight (7.4oz\/210g), the rain cover can be rolled into a small size and slid into the included bag for easy storage and transportation. The bag can also be attached to the rain cover and act as an accessory bag.<\/p>\n\n","protected":false},"excerpt":{"rendered":"<p> Product Description Protecci\u00f3n sellada Sella cada funda con un cord\u00f3n para proteger tu c\u00e1mara y<\/p>","protected":false},"featured_media":32259,"comment_status":"open","ping_status":"closed","template":"","meta":[],"product_brand":[],"product_cat":[99],"product_tag":[3028,9260,681,2184,3020,3030,201,2503,488,3025,3022,9262,1041,2160,3027,3023,2161,3032,3018,3033,3029,1856,3024,3035,3034,4278,3094,3021,219,9263,1021,7626,1359,9261,2155,3026,3019,3031,1872,1078],"class_list":{"0":"post-32258","1":"product","2":"type-product","3":"status-publish","4":"has-post-thumbnail","6":"product_cat-mirrorless","7":"product_tag-24-70mm-mirrorless","8":"product_tag-300400500600800mm","9":"product_tag-camera","10":"product_tag-canon","11":"product_tag-canon-mirrorless","12":"product_tag-compact-mirrorless","13":"product_tag-compatible","14":"product_tag-dslr","15":"product_tag-durable","16":"product_tag-e-mount-lens","17":"product_tag-fujifilm-mirrorless","18":"product_tag-lanyards","19":"product_tag-large","20":"product_tag-lens","21":"product_tag-lumix-lens","22":"product_tag-micro-four-thirds-lens","23":"product_tag-mirrorless","24":"product_tag-mirrorless-body-only","25":"product_tag-mirrorless-camera","26":"product_tag-mirrorless-camera-accessories","27":"product_tag-mirrorless-camera-bundle","28":"product_tag-mirrorless-cameras","29":"product_tag-mirrorless-lens","30":"product_tag-mirrorless-stabilizer","31":"product_tag-mirrorless-tripod","32":"product_tag-neewer","33":"product_tag-nikon","34":"product_tag-nikon-mirrorless","35":"product_tag-nylon","36":"product_tag-pb004","37":"product_tag-protector","38":"product_tag-rain","39":"product_tag-size","40":"product_tag-sleeves","41":"product_tag-sony","42":"product_tag-sony-a6000-lens","43":"product_tag-sony-mirrorless","44":"product_tag-travel-mirrorless","45":"product_tag-vlog","46":"product_tag-waterproof","48":"first","49":"instock","50":"shipping-taxable","51":"product-type-external"},"_links":{"self":[{"href":"https:\/\/comprasyconsejos.store\/en\/wp-json\/wp\/v2\/product\/32258","targetHints":{"allow":["GET"]}}],"collection":[{"href":"https:\/\/comprasyconsejos.store\/en\/wp-json\/wp\/v2\/product"}],"about":[{"href":"https:\/\/comprasyconsejos.store\/en\/wp-json\/wp\/v2\/types\/product"}],"replies":[{"embeddable":true,"href":"https:\/\/comprasyconsejos.store\/en\/wp-json\/wp\/v2\/comments?post=32258"}],"version-history":[{"count":0,"href":"https:\/\/comprasyconsejos.store\/en\/wp-json\/wp\/v2\/product\/32258\/revisions"}],"wp:featuredmedia":[{"embeddable":true,"href":"https:\/\/comprasyconsejos.store\/en\/wp-json\/wp\/v2\/media\/32259"}],"wp:attachment":[{"href":"https:\/\/comprasyconsejos.store\/en\/wp-json\/wp\/v2\/media?parent=32258"}],"wp:term":[{"taxonomy":"product_brand","embeddable":true,"href":"https:\/\/comprasyconsejos.store\/en\/wp-json\/wp\/v2\/product_brand?post=32258"},{"taxonomy":"product_cat","embeddable":true,"href":"https:\/\/comprasyconsejos.store\/en\/wp-json\/wp\/v2\/product_cat?post=32258"},{"taxonomy":"product_tag","embeddable":true,"href":"https:\/\/comprasyconsejos.store\/en\/wp-json\/wp\/v2\/product_tag?post=32258"}],"curies":[{"name":"wp","href":"https:\/\/api.w.org\/{rel}","templated":true}]}}