{"id":32278,"date":"2026-02-23T04:16:33","date_gmt":"2026-02-23T04:16:33","guid":{"rendered":"https:\/\/comprasyconsejos.store\/product\/ugreen-ac1300mbps-usb-wifi-adapter-dual-dongle-antenna-wifi-dongle-usb-3-0-dual-band-5ghz-2-4ghz-wireless-network-adapter-wifi-spike-for-pc-compatible-with-windows-11-10-8-7-mac-os-linux\/"},"modified":"2026-02-23T04:16:42","modified_gmt":"2026-02-23T04:16:42","slug":"ugreen-ac1300mbps-usb-wifi-adapter-dual-dongle-antenna-wifi-dongle-usb-3-0-dual-band-5ghz-2-4ghz-wireless-network-adapter-wifi-spike-for-pc-compatible-with-windows-11-10-8-7-mac-os-linux","status":"publish","type":"product","link":"https:\/\/comprasyconsejos.store\/en\/product\/ugreen-ac1300mbps-usb-wifi-adapter-dual-dongle-antenna-wifi-dongle-usb-3-0-dual-band-5ghz-2-4ghz-wireless-network-adapter-wifi-spike-for-pc-compatible-with-windows-11-10-8-7-mac-os-linux\/","title":{"rendered":"UGREEN AC1300Mbps USB WiFi Adapter Dual Dongle Antenna WiFi Dongle USB 3.0 Dual Band 5GHz\/2.4GHz Wireless Network Adapter WiFi Spike for PC Compatible with Windows 11 10 8 7 Mac OS Linux"},"content":{"rendered":"<p>Price: <span style=\"color:#b12704\">\u20ac29.99<\/span><br \/><i><small>(as of Feb 23, 2026 04:16:33 UTC &#8211; <span class=\"wp_automatic_amazon_disclaimer\" title=\"Product prices and availability are accurate as of the date\/time indicated and are subject to change. Any price and availability information displayed on [relevant Amazon Site(s), as applicable] at the time of purchase will apply to the purchase of this product.\">Details<\/span>)<\/small><\/i><\/p>\n<p><a href=\"https:\/\/amazon.es\/dp\/B0B1PZXNVZ?tag=man008-21\"><img decoding=\"async\" src=\"https:\/\/valvepress.s3.amazonaws.com\/imgs\/buy_now.png\"><\/a><br \/>\n<\/p>\n<p>                                             Product Description   <\/p>\n<p>                                                                                                       <img decoding=\"async\" alt=\"un router negro con un fondo azul y un logotipo blanco y negro.\" src=\"https:\/\/images-na.ssl-images-amazon.com\/images\/G\/01\/x-locale\/common\/grey-pixel.gif\" class=\"a-lazy-loaded\" data-src=\"https:\/\/m.media-amazon.com\/images\/S\/aplus-media-library-service-media\/558b9f88-ffcc-4815-bd75-d793674c2a2d.__CR0,0,1464,600_PT0_SX1464_V1___.jpg\"><img decoding=\"async\" alt=\"un router negro con un fondo azul y un logotipo blanco y negro.\" src=\"https:\/\/m.media-amazon.com\/images\/S\/aplus-media-library-service-media\/558b9f88-ffcc-4815-bd75-d793674c2a2d.__CR0,0,1464,600_PT0_SX1464_V1___.jpg\">                                               <\/p>\n<p>                                                                                                       <img decoding=\"async\" alt=\"una imagen de un ordenador port\u00e1til con las palabras \u00abfluidez r\u00e1pida\u00bb en rojo\" src=\"https:\/\/images-na.ssl-images-amazon.com\/images\/G\/01\/x-locale\/common\/grey-pixel.gif\" class=\"a-lazy-loaded\" data-src=\"https:\/\/m.media-amazon.com\/images\/S\/aplus-media-library-service-media\/9dfea51b-aab1-41e9-9e3a-24aed0253e1c.__CR0,0,1464,600_PT0_SX1464_V1___.jpg\"><img decoding=\"async\" alt=\"una imagen de un ordenador port\u00e1til con las palabras \u00abfluidez r\u00e1pida\u00bb en rojo\" src=\"https:\/\/m.media-amazon.com\/images\/S\/aplus-media-library-service-media\/9dfea51b-aab1-41e9-9e3a-24aed0253e1c.__CR0,0,1464,600_PT0_SX1464_V1___.jpg\">                                               <\/p>\n<p>                                                                                                                                                                                                                                                     Antena Dual    <\/p>\n<p class=\"aplus-p2\"> Adaptador Wifi USB con 2 antenas de alta ganancia, el antena WiFi USB garantizan una recepci\u00f3n de se\u00f1al m\u00e1s fuerte a trav\u00e9s de varias paredes y pisos. <\/p>\n<p>                                            <img decoding=\"async\" alt=\"la nueva tecnolog\u00eda para el nuevo dispositivo\" src=\"https:\/\/m.media-amazon.com\/images\/S\/aplus-media-library-service-media\/cfe8a167-713f-46be-b1b3-dbefc9cca1db.__CR0,0,800,600_PT0_SX800_V1___.jpg\">                                                                                                  Amplia Gama    <\/p>\n<p class=\"aplus-p2\"> Este adaptador WiFi USB de UGREEN es ideal para decirle adi\u00f3s a las conexiones lentas en cualquier rinc\u00f3n de casa, pues tiene un gran alcance. Admite unas velocidades de hasta 1300 Mbps en las bandas de 5.8Ghz (867Mbps) o 2.42Ghz (400Mbps), y es compatible con un amplio n\u00famero de sistemas operativos. <\/p>\n<p>                                            <img decoding=\"async\" alt=\"una representaci\u00f3n 3D de una habitaci\u00f3n con una imagen de sat\u00e9lite\" src=\"https:\/\/m.media-amazon.com\/images\/S\/aplus-media-library-service-media\/aefc211d-8d06-4eee-91c3-936af6f37de3.__CR0,0,800,600_PT0_SX800_V1___.jpg\">                                                                                                  Con Chip Inteligente    <\/p>\n<p class=\"aplus-p2\"> Gracias al chip RTL8822BU y la antena incorporada, este dongle WiFi brinda una se\u00f1al WLAN estable y seguro durante su uso, evitando efectivamente desconexiones transitorias. Podr\u00edas jugar juegos m\u00e1s fluidos y divertirte m\u00e1s. <\/p>\n<p>                                            <img decoding=\"async\" alt=\"un escudo con candado y candado\" src=\"https:\/\/m.media-amazon.com\/images\/S\/aplus-media-library-service-media\/5dabf7ec-7094-4480-9d87-3bd7feb6769f.__CR0,0,800,600_PT0_SX800_V1___.jpg\">                                                          <\/p>\n<p>                                                                                                       <img decoding=\"async\" alt=\"captura de pantalla de un port\u00e1til con un v\u00eddeo de una persona sujetando un port\u00e1til.\" src=\"https:\/\/images-na.ssl-images-amazon.com\/images\/G\/01\/x-locale\/common\/grey-pixel.gif\" class=\"a-lazy-loaded\" data-src=\"https:\/\/m.media-amazon.com\/images\/S\/aplus-media-library-service-media\/aad2c23e-fadd-4c9c-bdf4-7ed85fae762d.__CR0,0,1464,600_PT0_SX1464_V1___.jpg\"><img decoding=\"async\" alt=\"captura de pantalla de un port\u00e1til con un v\u00eddeo de una persona sujetando un port\u00e1til.\" src=\"https:\/\/m.media-amazon.com\/images\/S\/aplus-media-library-service-media\/aad2c23e-fadd-4c9c-bdf4-7ed85fae762d.__CR0,0,1464,600_PT0_SX1464_V1___.jpg\">                                               <\/p>\n<p>                                                                                                              <img decoding=\"async\" alt=\"un port\u00e1til con una pantalla azul y un libro en la pantalla.\" src=\"https:\/\/m.media-amazon.com\/images\/S\/aplus-media-library-service-media\/4533b441-6e1f-4249-92a7-74397d41afb8.__CR0,0,1464,600_PT0_SX1464_V1___.jpg\">                                                    <img decoding=\"async\" alt=\"la descripci\u00f3n del producto de la descripci\u00f3n del producto\" src=\"https:\/\/m.media-amazon.com\/images\/S\/aplus-media-library-service-media\/9335607d-45e3-4af4-b0be-a86738a08441.__CR0,0,1464,600_PT0_SX1464_V1___.jpg\"><br \/>\n                            1 Amplia Compatibilidad <\/p>\n<p>                            2 F\u00e1cil de Instalar <\/p>\n<p class=\"description\"> WiFi Ultra-R\u00e1pida y Estable <\/p>\n<p class=\"description\"> UGREEN Adaptador wifi usb AC1300, Admite dual banda con 867Mbps en la banda de 5 GHz o 400Mbps en la banda de 2.4 GHz, lo que garantiza un rango extendido y una velocidad r\u00e1pida al mismo tiempo. El Antena WiFi USB AC1300 le permite disfrutar de juegos en l\u00ednea y transmisi\u00f3n HD en su velocidad m\u00e1xima. <\/p>\n<p class=\"description\"> Mayor Seguridad <\/p>\n<p class=\"description\"> Con los modos de cifrado de datos WPA-PSK \/ WPA2-PSK y WEP de 64 bits \/ WEP de 128 bits, el Adaptador USB Wi-Fi aumenta la seguridad de WiFi. Adem\u00e1s, este adaptador USB WLAN es compatible con WPS (configuraci\u00f3n protegida de Wi-Fi), que definitivamente puede garantizar una conexi\u00f3n inal\u00e1mbrica segura. <\/p>\n<p class=\"description\"> Tecnolog\u00eda MIMO <\/p>\n<p class=\"description\"> Gracias a la tecnolog\u00eda MIMO, que est\u00e1 equipada con una antena dual incorporada con alta ganancia, este pendrive USB WiFi puede entregar una se\u00f1al WiFi estable. La WiFi Antena garantiza un juego fluido sin interrupci\u00f3n de la se\u00f1al y, por lo tanto, m\u00e1s divertido. <\/p>\n<p class=\"description\"> Modos M\u00faltiples Disponibles <\/p>\n<p class=\"description\"> Este Dongle WiFi USB 5 GHz es compatible con el modo AP (se\u00f1al de inicio de wifi), se puede conectar a un escritorio y crea un punto de acceso Wifi para compartir se\u00f1ales wifi con dispositivos m\u00f3viles. Adem\u00e1s, el adaptador wifi admite el modo de estaci\u00f3n (recepci\u00f3n de se\u00f1al wifi), puede conectarse computadora port\u00e1til a la red inal\u00e1mbrica. <\/p>\n<h3 class=\"a-text-center aplus-h1 a-text-bold\"> Comparaci\u00f3n de UGREEN Adaptador de Red <\/h3>\n<p>                         Add To Basket  <\/p>\n<p>                         Add To Basket  <\/p>\n<p>                         Add To Basket  <\/p>\n<p>                         Add To Basket  <\/p>\n<p>                         Add To Basket  <\/p>\n<p>                         Add To Basket  <\/p>\n<p>                         Add To Basket  <\/p>\n<p>                                     Customer Reviews  <\/p>\n<p>                    4.3 out of 5 stars  1,587  <\/p>\n<p>                    4.2 out of 5 stars  3,805  <\/p>\n<p>                    4.3 out of 5 stars  1,163  <\/p>\n<p>                    4.2 out of 5 stars  770  <\/p>\n<p>                    4.5 out of 5 stars  232  <\/p>\n<p>                    3.9 out of 5 stars  1,221  <\/p>\n<p>                    4.7 out of 5 stars  9,198  <\/p>\n<p>                                     Price  <\/p>\n<p>                                                        \u20ac29.99\u20ac29.99     <\/p>\n<p>                                                        \u20ac9.74\u20ac9.74     <\/p>\n<p>                                                        \u20ac15.29\u20ac15.29     <\/p>\n<p>                                                        \u20ac17.59\u20ac17.59     <\/p>\n<p>                                                        \u20ac38.24\u20ac38.24     <\/p>\n<p>                                                        \u20ac24.93\u20ac24.93     <\/p>\n<p>                                                        \u20ac11.69\u20ac11.69     <\/p>\n<p>                                     Tipo de Puerto  <\/p>\n<p>                                                USB A    <\/p>\n<p>                                                USB A    <\/p>\n<p>                                                USB A    <\/p>\n<p>                                                USB A    <\/p>\n<p>                                                PCIe    <\/p>\n<p>                                                USB A, Micro USB    <\/p>\n<p>                                                USB C    <\/p>\n<p>                                     Velocidad M\u00e1xima Te\u00f3rica  <\/p>\n<p>                                                1300 Mbps    <\/p>\n<p>                                                900 Mbps    <\/p>\n<p>                                                900 Mbps    <\/p>\n<p>                                                900 Mbps    <\/p>\n<p>                                                6500 Mbps    <\/p>\n<p>                                                1800 Mbps    <\/p>\n<p>                                                1000Mbps\/1Gbps    <\/p>\n<p>                                     Sistema Compatible  <\/p>\n<p>                                                Windows 11\/10\/8.1\/8\/7    <\/p>\n<p>                                                Windows 10\/11    <\/p>\n<p>                                                Windows 10\/11    <\/p>\n<p>                                                Windows 10\/11    <\/p>\n<p>                                                Windows 11    <\/p>\n<p>                                                Windows 10\/11    <\/p>\n<p>                                                Windows\/Mac\/iOS\/Android\/Linux    <\/p>\n<p>                                     Longitud del Cable  <\/p>\n<p>                                                \/    <\/p>\n<p>                                                \/    <\/p>\n<p>                                                \/    <\/p>\n<p>                                                \/    <\/p>\n<p>                                                \/    <\/p>\n<p>                                                1M    <\/p>\n<p>                                                1M    <\/p>\n<p>                                     Caracter\u00edsticas  <\/p>\n<p>                                                R\u00e1pido y estable    <\/p>\n<p>                                                R\u00e1pido y port\u00e1til    <\/p>\n<p>                                                Se\u00f1al fuerte    <\/p>\n<p>                                                WiFi 6+ Bluetooth 5.4    <\/p>\n<p>                                                Rendimiento excepcional    <\/p>\n<p>                                                Ultraalta velocidad    <\/p>\n<p>                                                Compatibilidad amplia    <\/p>\n<p> Product Dimensions                                            \u200f                                            :                                            \u200e                                            8.7 x 7.3 x 1 cm; 10 g   <br \/> Manufacturer                                            \u200f                                            :                                            \u200e                                            Ugreen Group Limited   <br \/> ASIN                                            \u200f                                            :                                            \u200e                                            B0B1PZXNVZ   <br \/> Item model number                                            \u200f                                            :                                            \u200e                                            50341   <br \/> Country\/Region of Origin                                            \u200f                                            :                                            \u200e                                            China   <br \/> Guaranteed software updates until                                            \u200f                                            :                                            \u200e                                            unknown   <br \/>  Customer reviews:                                                                                            4.3               4.3 out of 5 stars                                  (1,587)                                              var dpAcrHasRegisteredArcLinkClickAction;                    P.when(&#8216;A&#8217;, &#8216;ready&#8217;).execute(function(A) {                        if (dpAcrHasRegisteredArcLinkClickAction !== true) {                            dpAcrHasRegisteredArcLinkClickAction = true;                            A.declarative(                                &#8216;acrLink-click-metrics&#8217;, &#8216;click&#8217;,                                { \u00aballowLinkDefault\u00bb: true },                                function (event) {                                    if (window.ue) {                                        ue.count(\u00abacrLinkClickCount\u00bb, (ue.count(\u00abacrLinkClickCount\u00bb) || 0) + 1);                                    }                                }                            );                        }                    });                                             P.when(&#8216;A&#8217;, &#8216;cf&#8217;).execute(function(A) {                A.declarative(&#8216;acrStarsLink-click-metrics&#8217;, &#8216;click&#8217;, { \u00aballowLinkDefault\u00bb : true },  function(event){                    if(window.ue) {                        ue.count(\u00abacrStarsLinkWithPopoverClickCount\u00bb, (ue.count(\u00abacrStarsLinkWithPopoverClickCount\u00bb) || 0) + 1);                    }                });            });                          <\/p>\n<p>Wider and Stable Coverage: UGREEN USB Wifi Adapter with 2 adjustable high-gain antennas, the coverage of the USB WiFi antenna can be up to 50 meters (without walls), and the signal can easily cross two walls and remain stable. No matter where your router is in the house, you can easily enjoy a stable and fast network.<br \/>Super Speed 1300Mbps: AC1300 USB 3.0 WiFi Spike can up to 867Mbps on the 5.0GHz band, and up to 400Mbps on the 2.4GHz band. Whether you are playing online, surfing the internet, streaming HD video online, uploading or downloading, it can perfectly meet your needs as a wired network.<br \/>Widely Compatible: This USB WiFi Dongle for PC is compatible with Windows 11\/10\/8.1\/8\/7 and Mac 10.11 and above, Linux 2.6.24~5.11 systems, which can meet the needs of most computers. (Not fit MacBook with M2\/M1\/M1 Pro\/M1 Max chip)<br \/>Plug and Play: This USB Wi-Fi adapter is plug and play for Windows 11\/10. Just plug it into your computer and enjoy a high-speed wireless network. (Other systems can easily install the driver via our instructions).<br \/>Use as WiFi hotspot: UGREEN USB wireless network adapter supports station mode and soft AP mode at the same time. In soft AP mode, you can turn your wired laptop into a wifi hotspot for other devices to use.<\/p>\n\n","protected":false},"excerpt":{"rendered":"<p> Product Description Antena Dual Adaptador Wifi USB con 2 antenas de alta ganancia, el antena<\/p>","protected":false},"featured_media":32279,"comment_status":"open","ping_status":"closed","template":"","meta":[],"product_brand":[],"product_cat":[72],"product_tag":[5500,3452,144,3454,2217,201,2127,298,2110,2116,2114,2138,774,2118,1719,2112,5198,3784,133,2108,543,2104,2120,2102,537,226,2106],"class_list":{"0":"post-32278","1":"product","2":"type-product","3":"status-publish","4":"has-post-thumbnail","6":"product_cat-wifi-sticks","7":"product_tag-5ghz2-4ghz","8":"product_tag-ac1300mbps","9":"product_tag-adapter","10":"product_tag-antenna","11":"product_tag-band","12":"product_tag-compatible","13":"product_tag-dongle","14":"product_tag-dual","15":"product_tag-dual-band-wifi-adapter","16":"product_tag-high-speed-wifi-usb","17":"product_tag-laptop-wifi-adapter","18":"product_tag-linux","19":"product_tag-mac","20":"product_tag-mini-wifi-adapter","21":"product_tag-network","22":"product_tag-pc-wifi-adapter","23":"product_tag-spike","24":"product_tag-ugreen","25":"product_tag-usb","26":"product_tag-usb-wifi-dongle","27":"product_tag-wifi","28":"product_tag-wifi-stick","29":"product_tag-wifi-stick-price","30":"product_tag-wifi-usb-adapter","31":"product_tag-windows","32":"product_tag-wireless","33":"product_tag-wireless-usb-adapter","35":"first","36":"instock","37":"shipping-taxable","38":"product-type-external"},"_links":{"self":[{"href":"https:\/\/comprasyconsejos.store\/en\/wp-json\/wp\/v2\/product\/32278","targetHints":{"allow":["GET"]}}],"collection":[{"href":"https:\/\/comprasyconsejos.store\/en\/wp-json\/wp\/v2\/product"}],"about":[{"href":"https:\/\/comprasyconsejos.store\/en\/wp-json\/wp\/v2\/types\/product"}],"replies":[{"embeddable":true,"href":"https:\/\/comprasyconsejos.store\/en\/wp-json\/wp\/v2\/comments?post=32278"}],"version-history":[{"count":0,"href":"https:\/\/comprasyconsejos.store\/en\/wp-json\/wp\/v2\/product\/32278\/revisions"}],"wp:featuredmedia":[{"embeddable":true,"href":"https:\/\/comprasyconsejos.store\/en\/wp-json\/wp\/v2\/media\/32279"}],"wp:attachment":[{"href":"https:\/\/comprasyconsejos.store\/en\/wp-json\/wp\/v2\/media?parent=32278"}],"wp:term":[{"taxonomy":"product_brand","embeddable":true,"href":"https:\/\/comprasyconsejos.store\/en\/wp-json\/wp\/v2\/product_brand?post=32278"},{"taxonomy":"product_cat","embeddable":true,"href":"https:\/\/comprasyconsejos.store\/en\/wp-json\/wp\/v2\/product_cat?post=32278"},{"taxonomy":"product_tag","embeddable":true,"href":"https:\/\/comprasyconsejos.store\/en\/wp-json\/wp\/v2\/product_tag?post=32278"}],"curies":[{"name":"wp","href":"https:\/\/api.w.org\/{rel}","templated":true}]}}