{"id":32302,"date":"2026-02-23T04:39:00","date_gmt":"2026-02-23T04:39:00","guid":{"rendered":"https:\/\/comprasyconsejos.store\/product\/beyerdynamic-dt-990-pro-open-studio-headphones-limited-edition-black-80-ohm\/"},"modified":"2026-02-23T04:39:01","modified_gmt":"2026-02-23T04:39:01","slug":"beyerdynamic-dt-990-pro-open-studio-headphones-limited-edition-black-80-ohm","status":"publish","type":"product","link":"https:\/\/comprasyconsejos.store\/en\/product\/beyerdynamic-dt-990-pro-open-studio-headphones-limited-edition-black-80-ohm\/","title":{"rendered":"beyerdynamic DT 990 Pro Open Studio Headphones Limited Edition Black 80 Ohm"},"content":{"rendered":"<p>Price: <span style=\"color:#b12704\"><del>\u20ac169.00<\/del> - \u20ac159.00<\/span><br \/><i><small>(as of Feb 23, 2026 04:39:00 UTC &#8211; <span class=\"wp_automatic_amazon_disclaimer\" title=\"Product prices and availability are accurate as of the date\/time indicated and are subject to change. Any price and availability information displayed on [relevant Amazon Site(s), as applicable] at the time of purchase will apply to the purchase of this product.\">Details<\/span>)<\/small><\/i><\/p>\n<p><a href=\"https:\/\/amazon.es\/dp\/B07KFLX8HV?tag=man008-21\"><img decoding=\"async\" src=\"https:\/\/valvepress.s3.amazonaws.com\/imgs\/buy_now.png\"><\/a><br \/>\n<\/p>\n<p>                                             From the brand   <\/p>\n<p>                                              <img decoding=\"async\" alt=\"Persona que usa auriculares supraaurales, sonr\u00ede mientras mira hacia un lado. Icono circular naranja en la esquina inferior izquierda\" src=\"https:\/\/images-na.ssl-images-amazon.com\/images\/G\/01\/x-locale\/common\/grey-pixel.gif\" class=\"a-lazy-loaded\" data-src=\"https:\/\/m.media-amazon.com\/images\/S\/aplus-media-library-service-media\/818540cd-82f2-47a4-ad20-7184c93de35e.__CR0,0,1464,625_PT0_SX1464_V1___.jpg\"><img decoding=\"async\" alt=\"Persona que usa auriculares supraaurales, sonr\u00ede mientras mira hacia un lado. Icono circular naranja en la esquina inferior izquierda\" src=\"https:\/\/m.media-amazon.com\/images\/S\/aplus-media-library-service-media\/818540cd-82f2-47a4-ad20-7184c93de35e.__CR0,0,1464,625_PT0_SX1464_V1___.jpg\">  <\/p>\n<p>                                              <img decoding=\"async\" alt=\"Varios paneles que muestran papel de regalo blanco con un dise\u00f1o de coraz\u00f3n rojo. El papel se muestra desde diferentes \u00e1ngulos y perspectivas.\" src=\"https:\/\/images-na.ssl-images-amazon.com\/images\/G\/01\/x-locale\/common\/grey-pixel.gif\" class=\"a-lazy-loaded\" data-src=\"https:\/\/m.media-amazon.com\/images\/S\/aplus-media-library-service-media\/1527df9a-c9fe-4c56-b7a9-8d84157b42f1.__CR88,0,2802,3506_PT0_SX362_V1___.png\"><img decoding=\"async\" alt=\"Varios paneles que muestran papel de regalo blanco con un dise\u00f1o de coraz\u00f3n rojo. El papel se muestra desde diferentes \u00e1ngulos y perspectivas.\" src=\"https:\/\/m.media-amazon.com\/images\/S\/aplus-media-library-service-media\/1527df9a-c9fe-4c56-b7a9-8d84157b42f1.__CR88,0,2802,3506_PT0_SX362_V1___.png\">  <\/p>\n<p>                                                         PRO &amp; CREATOR                                       <\/p>\n<p> Nuestros auriculares PRO llevan d\u00e9cadas marcado la pauta en los estudios de sonido profesionales de todo el mundo. Son la primera opci\u00f3n para artistas, creadores y expertos en audio y adem\u00e1s est\u00e1n considerados un referente. <\/p>\n<p> Nuestra amplia cartera de productos ofrece auriculares para todos los \u00e1mbitos de aplicaci\u00f3n, como p. ej. grabaci\u00f3n, mezcla y masterizaci\u00f3n, as\u00ed como podcasting y radiodifusi\u00f3n. <\/p>\n<\/p>\n<p> Ahora, la \u00fanica pregunta es: \u00bfcu\u00e1les son los mejores auriculares para ti? <\/p>\n<h3> Nuestras leyendas del estudio <\/h3>\n<p>                                              <img decoding=\"async\" alt=\"Persona que usa auriculares supraaurales mientras est\u00e1 sentada al piano en una biblioteca o estudio con paredes bordeadas de libros\" src=\"https:\/\/images-na.ssl-images-amazon.com\/images\/G\/01\/x-locale\/common\/grey-pixel.gif\" class=\"a-lazy-loaded\" data-src=\"https:\/\/m.media-amazon.com\/images\/S\/aplus-media-library-service-media\/2cd3370b-86cd-4ccf-b4db-d2df8270cb7c.__CR0,23,463,579_PT0_SX362_V1___.jpg\"><img decoding=\"async\" alt=\"Persona que usa auriculares supraaurales mientras est\u00e1 sentada al piano en una biblioteca o estudio con paredes bordeadas de libros\" src=\"https:\/\/m.media-amazon.com\/images\/S\/aplus-media-library-service-media\/2cd3370b-86cd-4ccf-b4db-d2df8270cb7c.__CR0,23,463,579_PT0_SX362_V1___.jpg\">  <\/p>\n<p>                                              <img decoding=\"async\" alt=\"usados por un hombre sonriente. Auriculares grandes y circulares con dise\u00f1o de rejilla visible. Conexi\u00f3n por cable visible.\" src=\"https:\/\/images-na.ssl-images-amazon.com\/images\/G\/01\/x-locale\/common\/grey-pixel.gif\" class=\"a-lazy-loaded\" data-src=\"https:\/\/m.media-amazon.com\/images\/S\/aplus-media-library-service-media\/60e0e22e-05b8-4fde-ac7d-b104c789d279.__CR504,0,1170,1464_PT0_SX362_V1___.jpg\"><img decoding=\"async\" alt=\"usados por un hombre sonriente. Auriculares grandes y circulares con dise\u00f1o de rejilla visible. Conexi\u00f3n por cable visible.\" src=\"https:\/\/m.media-amazon.com\/images\/S\/aplus-media-library-service-media\/60e0e22e-05b8-4fde-ac7d-b104c789d279.__CR504,0,1170,1464_PT0_SX362_V1___.jpg\">  <\/p>\n<p>                                              <img decoding=\"async\" alt=\"Configuraci\u00f3n de producci\u00f3n musical con monitores duales que muestran la interfaz del software de audio, el controlador de teclado MIDI y los auriculares supraaurales visibles en un entorno de estudio dom\u00e9stico\" src=\"https:\/\/images-na.ssl-images-amazon.com\/images\/G\/01\/x-locale\/common\/grey-pixel.gif\" class=\"a-lazy-loaded\" data-src=\"https:\/\/m.media-amazon.com\/images\/S\/aplus-media-library-service-media\/fe60104f-08b3-4f3f-b40a-dad8b0dadab2.__CR356,0,1356,1697_PT0_SX362_V1___.jpg\"><img decoding=\"async\" alt=\"Configuraci\u00f3n de producci\u00f3n musical con monitores duales que muestran la interfaz del software de audio, el controlador de teclado MIDI y los auriculares supraaurales visibles en un entorno de estudio dom\u00e9stico\" src=\"https:\/\/m.media-amazon.com\/images\/S\/aplus-media-library-service-media\/fe60104f-08b3-4f3f-b40a-dad8b0dadab2.__CR356,0,1356,1697_PT0_SX362_V1___.jpg\">  <\/p>\n<p> Batteries                                            \u200f                                            :                                            \u200e                                            1 Lithium Ion batteries required.   <br \/> Is discontinued by manufacturer                                            \u200f                                            :                                            \u200e                                            No   <br \/> Product Dimensions                                            \u200f                                            :                                            \u200e                                            22.1 x 11.94 x 23.11 cm; 340.19 g   <br \/> Manufacturer                                            \u200f                                            :                                            \u200e                                            beyerdynamic   <br \/> ASIN                                            \u200f                                            :                                            \u200e                                            B07KFLX8HV   <br \/> Item model number                                            \u200f                                            :                                            \u200e                                            DT 990 PRO 80 Ohm   <br \/> Country\/Region of Origin                                            \u200f                                            :                                            \u200e                                            China   <br \/> Guaranteed software updates until                                            \u200f                                            :                                            \u200e                                            unknown   <br \/>  Customer reviews:                                                                                            4.5               4.5 out of 5 stars                                  (22,600)                                              var dpAcrHasRegisteredArcLinkClickAction;                    P.when(&#8216;A&#8217;, &#8216;ready&#8217;).execute(function(A) {                        if (dpAcrHasRegisteredArcLinkClickAction !== true) {                            dpAcrHasRegisteredArcLinkClickAction = true;                            A.declarative(                                &#8216;acrLink-click-metrics&#8217;, &#8216;click&#8217;,                                { \u00aballowLinkDefault\u00bb: true },                                function (event) {                                    if (window.ue) {                                        ue.count(\u00abacrLinkClickCount\u00bb, (ue.count(\u00abacrLinkClickCount\u00bb) || 0) + 1);                                    }                                }                            );                        }                    });                                             P.when(&#8216;A&#8217;, &#8216;cf&#8217;).execute(function(A) {                A.declarative(&#8216;acrStarsLink-click-metrics&#8217;, &#8216;click&#8217;, { \u00aballowLinkDefault\u00bb : true },  function(event){                    if(window.ue) {                        ue.count(\u00abacrStarsLinkWithPopoverClickCount\u00bb, (ue.count(\u00abacrStarsLinkWithPopoverClickCount\u00bb) || 0) + 1);                    }                });            });                          <\/p>\n<p>Open headsets for professional quality mixing, mastering, editing and listening at home or in the studio.<br \/>Perfect for studio applications thanks to its clear, spacious and loud bass and treble sound<br \/>Soft and replaceable velvet ear pads ensure high wearing comfort<br \/>Robust workmanship, durable and robust, made in Germany<br \/>The world-famous DT 990 Pro headphones deliver unmatched quality in sound reproduction at an incredible price. In any application, sequencing, mixing, critical listening, even gaming, your DT 990 will always deliver reliable sound.<\/p>\n\n","protected":false},"excerpt":{"rendered":"<p> From the brand PRO &amp; CREATOR Nuestros auriculares PRO llevan d\u00e9cadas marcado la pauta en<\/p>","protected":false},"featured_media":32303,"comment_status":"open","ping_status":"closed","template":"","meta":[],"product_brand":[],"product_cat":[67],"product_tag":[2039,9270,307,2045,2034,964,928,2043,2038,5999,9271,592,163,5830,2035,2036,2033,2041,2048],"class_list":{"0":"post-32302","1":"product","2":"type-product","3":"status-publish","4":"has-post-thumbnail","6":"product_cat-thermal-paste","7":"product_tag-best-thermal-paste","8":"product_tag-beyerdynamic","9":"product_tag-black","10":"product_tag-cpu-cooling-paste","11":"product_tag-cpu-thermal-paste","12":"product_tag-edition","13":"product_tag-headphones","14":"product_tag-heat-sink-paste","15":"product_tag-high-performance-thermal-paste","16":"product_tag-limited","17":"product_tag-ohm","18":"product_tag-open","19":"product_tag-pro","20":"product_tag-studio","21":"product_tag-thermal-compound","22":"product_tag-thermal-grease","23":"product_tag-thermal-paste","24":"product_tag-thermal-paste-for-gaming-pc","25":"product_tag-thermal-paste-price","27":"first","28":"instock","29":"sale","30":"shipping-taxable","31":"product-type-external"},"_links":{"self":[{"href":"https:\/\/comprasyconsejos.store\/en\/wp-json\/wp\/v2\/product\/32302","targetHints":{"allow":["GET"]}}],"collection":[{"href":"https:\/\/comprasyconsejos.store\/en\/wp-json\/wp\/v2\/product"}],"about":[{"href":"https:\/\/comprasyconsejos.store\/en\/wp-json\/wp\/v2\/types\/product"}],"replies":[{"embeddable":true,"href":"https:\/\/comprasyconsejos.store\/en\/wp-json\/wp\/v2\/comments?post=32302"}],"version-history":[{"count":0,"href":"https:\/\/comprasyconsejos.store\/en\/wp-json\/wp\/v2\/product\/32302\/revisions"}],"wp:featuredmedia":[{"embeddable":true,"href":"https:\/\/comprasyconsejos.store\/en\/wp-json\/wp\/v2\/media\/32303"}],"wp:attachment":[{"href":"https:\/\/comprasyconsejos.store\/en\/wp-json\/wp\/v2\/media?parent=32302"}],"wp:term":[{"taxonomy":"product_brand","embeddable":true,"href":"https:\/\/comprasyconsejos.store\/en\/wp-json\/wp\/v2\/product_brand?post=32302"},{"taxonomy":"product_cat","embeddable":true,"href":"https:\/\/comprasyconsejos.store\/en\/wp-json\/wp\/v2\/product_cat?post=32302"},{"taxonomy":"product_tag","embeddable":true,"href":"https:\/\/comprasyconsejos.store\/en\/wp-json\/wp\/v2\/product_tag?post=32302"}],"curies":[{"name":"wp","href":"https:\/\/api.w.org\/{rel}","templated":true}]}}