{"id":32317,"date":"2026-02-23T04:52:55","date_gmt":"2026-02-23T04:52:55","guid":{"rendered":"https:\/\/comprasyconsejos.store\/product\/reflecta-super-8-and-normal-8-film-scanner-3-53mp-cmos-sensor-resolution-1440x1080p-at-20fps-2-4-lcd-display-auto-manual-exposure-correction-usb-2-0-hd-mp4-scanning\/"},"modified":"2026-02-23T04:52:59","modified_gmt":"2026-02-23T04:52:59","slug":"reflecta-super-8-and-normal-8-film-scanner-3-53mp-cmos-sensor-resolution-1440x1080p-at-20fps-2-4-lcd-display-auto-manual-exposure-correction-usb-2-0-hd-mp4-scanning","status":"publish","type":"product","link":"https:\/\/comprasyconsejos.store\/en\/product\/reflecta-super-8-and-normal-8-film-scanner-3-53mp-cmos-sensor-resolution-1440x1080p-at-20fps-2-4-lcd-display-auto-manual-exposure-correction-usb-2-0-hd-mp4-scanning\/","title":{"rendered":"Reflecta Super 8 and Normal 8 Film Scanner: 3.53MP CMOS Sensor, Resolution 1440x1080p at 20fps, 2.4\u00bb LCD Display, Auto\/Manual Exposure Correction, USB 2.0, HD MP4 Scanning"},"content":{"rendered":"<p>Price: <span style=\"color:#b12704\"><del>\u20ac469.18<\/del> - \u20ac437.14<\/span><br \/><i><small>(as of Feb 23, 2026 04:52:55 UTC &#8211; <span class=\"wp_automatic_amazon_disclaimer\" title=\"Product prices and availability are accurate as of the date\/time indicated and are subject to change. Any price and availability information displayed on [relevant Amazon Site(s), as applicable] at the time of purchase will apply to the purchase of this product.\">Details<\/span>)<\/small><\/i><\/p>\n<p><a href=\"https:\/\/amazon.es\/dp\/B01MYE5KPS?tag=man008-21\"><img decoding=\"async\" src=\"https:\/\/valvepress.s3.amazonaws.com\/imgs\/buy_now.png\"><\/a><br \/>\n<\/p>\n<p>                                             Product Description   <\/p>\n<p>                                                         <img decoding=\"async\" alt=\"Dispositivo de esc\u00e1ner de pel\u00edcula Reflecta que muestra bobinas de pel\u00edcula y una pantalla digital para convertir pel\u00edculas anal\u00f3gicas a formato digital\" src=\"https:\/\/images-na.ssl-images-amazon.com\/images\/G\/01\/x-locale\/common\/grey-pixel.gif\" class=\"a-lazy-loaded\" data-src=\"https:\/\/m.media-amazon.com\/images\/S\/aplus-media-library-service-media\/11a3f050-d186-4224-af91-d717e70926fe.__CR0,2,1184,355_PT0_SX600_V1___.png\"><img decoding=\"async\" alt=\"Dispositivo de esc\u00e1ner de pel\u00edcula Reflecta que muestra bobinas de pel\u00edcula y una pantalla digital para convertir pel\u00edculas anal\u00f3gicas a formato digital\" src=\"https:\/\/m.media-amazon.com\/images\/S\/aplus-media-library-service-media\/11a3f050-d186-4224-af91-d717e70926fe.__CR0,2,1184,355_PT0_SX600_V1___.png\">      <\/p>\n<h3 class=\"a-size-extra-large aplus-13-heading-text a-text-bold\"> Digitalizaci\u00f3n de pel\u00edculas sin esfuerzo <\/h3>\n<p class=\"description\"> Nunca ha sido tan f\u00e1cil digitalizar y guardar viejos tesoros cinematogr\u00e1ficos: Seleccione entre 8 normal y Super 8, cargue la pel\u00edcula en el esc\u00e1ner y p\u00f3ngalo en marcha. <\/p>\n<p class=\"description\"> La pel\u00edcula se escanea fotograma a fotograma a una velocidad de dos im\u00e1genes por segundo y se graba como v\u00eddeo MP4 en calidad HD directamente en una tarjeta SD. No se necesita ordenador. <\/p>\n<p class=\"description\"> La pel\u00edcula digitalizada se puede reproducir en todos los tel\u00e9fonos inteligentes, tabletas o PC. El esc\u00e1ner tambi\u00e9n puede conectarse directamente a un televisor para reproducir las pel\u00edculas. <\/p>\n<h3 class=\"a-size-extra-large a-spacing-base a-text-center\"> Detalles del producto <\/h3>\n<p>                                                        Sensor de imagen                                    CMOS (3,53 Megap\u00edxeles, 1\/3&#8243;)                                        Fuente de luz                                    LED                                        \u00c1rea de escaneado                                    Ajustable en los ejes X, Y y Z                                        Transporte de pel\u00edcula                                    Autom\u00e1tico                                        Resoluci\u00f3n                                    1440 x 1080p @20fps                                        Pantalla                                    LCD de 6 cm (2,4 pulgadas)                                        Correcci\u00f3n de exposici\u00f3n                                    Autom\u00e1tica \/ manual (-2,0 a 2,0)                                        Tiempo de escaneado                                    2 fotogramas por segundo aprox. 30 min para un carrete de 15 metros                                        Interfaz PC                                    USB 2.0                                        Formato de v\u00eddeo                                    MP4                                        Audio                                    Sin posibilidad de capturar Audio                                        Tipos de pel\u00edcula                                    Super 8 y Regular 8 &#8211; tama\u00f1o m\u00e1x. de carrete 5&#8243; (12,7 cm)                                        Memoria externa                                    Tarjetas SD\/SDHC m\u00e1x. 32 GB (no incluidas)                                        Fuente de alimentaci\u00f3n                                    Adaptador de corriente DC 12V                                        Interfaz adicional                                    Cable de salida de TV (NTSC\/PAL)                                        Volumen de suministro                                    Esc\u00e1ner Super 8 &#8211; Normal 8, adaptador de corriente, cable USB, cable TV-Out, carrete vac\u00edo de 5&#8243;, 2x adaptadores para carretes normal \/ super 8, cepillo de limpieza, manual de usuario                  <\/p>\n<p> Is discontinued by manufacturer                                            \u200f                                            :                                            \u200e                                            No   <br \/> Language                                            \u200f                                            :                                            \u200e                                            English   <br \/> Product Dimensions                                            \u200f                                            :                                            \u200e                                            21.3 x 14.3 x 23.2 cm; 1.8 kg   <br \/> Manufacturer                                            \u200f                                            :                                            \u200e                                            Reflecta   <br \/> ASIN                                            \u200f                                            :                                            \u200e                                            B01MYE5KPS   <br \/> Item model number                                            \u200f                                            :                                            \u200e                                            Super 8 &#8211; Normal 8 Scanner   <br \/> Guaranteed software updates until                                            \u200f                                            :                                            \u200e                                            unknown   <br \/>  Customer reviews:                                                                                            4.0               4.0 out of 5 stars                                  (506)                                              var dpAcrHasRegisteredArcLinkClickAction;                    P.when(&#8216;A&#8217;, &#8216;ready&#8217;).execute(function(A) {                        if (dpAcrHasRegisteredArcLinkClickAction !== true) {                            dpAcrHasRegisteredArcLinkClickAction = true;                            A.declarative(                                &#8216;acrLink-click-metrics&#8217;, &#8216;click&#8217;,                                { \u00aballowLinkDefault\u00bb: true },                                function (event) {                                    if (window.ue) {                                        ue.count(\u00abacrLinkClickCount\u00bb, (ue.count(\u00abacrLinkClickCount\u00bb) || 0) + 1);                                    }                                }                            );                        }                    });                                             P.when(&#8216;A&#8217;, &#8216;cf&#8217;).execute(function(A) {                A.declarative(&#8216;acrStarsLink-click-metrics&#8217;, &#8216;click&#8217;, { \u00aballowLinkDefault\u00bb : true },  function(event){                    if(window.ue) {                        ue.count(\u00abacrStarsLinkWithPopoverClickCount\u00bb, (ue.count(\u00abacrStarsLinkWithPopoverClickCount\u00bb) || 0) + 1);                    }                });            });                          <\/p>\n<p>CMOS Image Sensor: Our Reflecta film scanner features a 1\/3&#8243; 3.53 megapixel CMOS sensor that ensures excellent image quality with every scan.<br \/>Adjustable Scan Area: The Reflecta Film Scanner allows you to adjust the scan area on the x, y and z axes, giving you superior flexibility to capture every detail of your movies.<br \/>Resolution and Scan Speed: With a resolution of 1440 x 1080p at 20 fps, this scanner allows you to digitize your Super 8 and Regular 8 movies with impressive quality and in just 30 minutes for a 15 meter roll.<br \/>Interface and External Memory: Equipped with a USB 2.0 interface and compatible with SD\/SDHC cards up to 32 GB, this scanner makes it easy to transfer and store your scanned files in MP4 format.<br \/>LCD display and exposure correction: The Reflecta Video Scanner features a 2.4-inch LCD screen and automatic and manual exposure correction options (-2.0 to 2.0), ensuring optimal results with every scan.<\/p>\n\n","protected":false},"excerpt":{"rendered":"<p> Product Description Digitalizaci\u00f3n de pel\u00edculas sin esfuerzo Nunca ha sido tan f\u00e1cil digitalizar y guardar<\/p>","protected":false},"featured_media":32318,"comment_status":"open","ping_status":"closed","template":"","meta":[],"product_brand":[],"product_cat":[60],"product_tag":[9280,9281,9279,9282,1990,3053,2651,561,1982,9283,1989,2804,1983,1986,1186,4051,8926,1987,1984,1985,9278,2196,840,1991,3966,959,256,133,1988],"class_list":{"0":"post-32317","1":"product","2":"type-product","3":"status-publish","4":"has-post-thumbnail","6":"product_cat-scanners","7":"product_tag-1440x1080p","8":"product_tag-20fps","9":"product_tag-3-53mp","10":"product_tag-automanual","11":"product_tag-best-scanner","12":"product_tag-cmos","13":"product_tag-correction","14":"product_tag-display","15":"product_tag-document-scanner","16":"product_tag-exposure","17":"product_tag-fast-document-scanner","18":"product_tag-film","19":"product_tag-flatbed-scanner","20":"product_tag-high-resolution-scanner","21":"product_tag-lcd","22":"product_tag-mp4","23":"product_tag-normal","24":"product_tag-office-scanner","25":"product_tag-photo-scanner","26":"product_tag-portable-scanner","27":"product_tag-reflecta","28":"product_tag-resolution","29":"product_tag-scanner","30":"product_tag-scanner-price","31":"product_tag-scanning","32":"product_tag-sensor","33":"product_tag-super","34":"product_tag-usb","35":"product_tag-usb-scanner","37":"first","38":"instock","39":"sale","40":"shipping-taxable","41":"product-type-external"},"_links":{"self":[{"href":"https:\/\/comprasyconsejos.store\/en\/wp-json\/wp\/v2\/product\/32317","targetHints":{"allow":["GET"]}}],"collection":[{"href":"https:\/\/comprasyconsejos.store\/en\/wp-json\/wp\/v2\/product"}],"about":[{"href":"https:\/\/comprasyconsejos.store\/en\/wp-json\/wp\/v2\/types\/product"}],"replies":[{"embeddable":true,"href":"https:\/\/comprasyconsejos.store\/en\/wp-json\/wp\/v2\/comments?post=32317"}],"version-history":[{"count":0,"href":"https:\/\/comprasyconsejos.store\/en\/wp-json\/wp\/v2\/product\/32317\/revisions"}],"wp:featuredmedia":[{"embeddable":true,"href":"https:\/\/comprasyconsejos.store\/en\/wp-json\/wp\/v2\/media\/32318"}],"wp:attachment":[{"href":"https:\/\/comprasyconsejos.store\/en\/wp-json\/wp\/v2\/media?parent=32317"}],"wp:term":[{"taxonomy":"product_brand","embeddable":true,"href":"https:\/\/comprasyconsejos.store\/en\/wp-json\/wp\/v2\/product_brand?post=32317"},{"taxonomy":"product_cat","embeddable":true,"href":"https:\/\/comprasyconsejos.store\/en\/wp-json\/wp\/v2\/product_cat?post=32317"},{"taxonomy":"product_tag","embeddable":true,"href":"https:\/\/comprasyconsejos.store\/en\/wp-json\/wp\/v2\/product_tag?post=32317"}],"curies":[{"name":"wp","href":"https:\/\/api.w.org\/{rel}","templated":true}]}}