{"id":32346,"date":"2026-02-23T05:20:34","date_gmt":"2026-02-23T05:20:34","guid":{"rendered":"https:\/\/comprasyconsejos.store\/product\/asus-vy279hgr-eye-care-gaming-monitor-27-fhd-1920x1080-ips-120hz-oc-smoothmotion-1ms-adaptive-sync-eye-care-plus-blue-light-filter-flicker-free-antibacterial-treatment\/"},"modified":"2026-02-23T05:20:43","modified_gmt":"2026-02-23T05:20:43","slug":"asus-vy279hgr-eye-care-gaming-monitor-27-fhd-1920x1080-ips-120hz-oc-smoothmotion-1ms-adaptive-sync-eye-care-plus-blue-light-filter-flicker-free-antibacterial-treatment","status":"publish","type":"product","link":"https:\/\/comprasyconsejos.store\/en\/product\/asus-vy279hgr-eye-care-gaming-monitor-27-fhd-1920x1080-ips-120hz-oc-smoothmotion-1ms-adaptive-sync-eye-care-plus-blue-light-filter-flicker-free-antibacterial-treatment\/","title":{"rendered":"ASUS VY279HGR &#8211; Eye Care Gaming Monitor 27&#8243; FHD (1920&#215;1080), IPS, 120Hz (OC), SmoothMotion, 1ms, Adaptive Sync, Eye Care Plus, Blue Light Filter, Flicker Free, Antibacterial Treatment"},"content":{"rendered":"<p>Price: <span style=\"color:#b12704\"><del>\u20ac149.00<\/del> - \u20ac96.00<\/span><br \/><i><small>(as of Feb 23, 2026 05:20:34 UTC &#8211; <span class=\"wp_automatic_amazon_disclaimer\" title=\"Product prices and availability are accurate as of the date\/time indicated and are subject to change. Any price and availability information displayed on [relevant Amazon Site(s), as applicable] at the time of purchase will apply to the purchase of this product.\">Details<\/span>)<\/small><\/i><\/p>\n<p><a href=\"https:\/\/amazon.es\/dp\/B0DJTDVCVT?tag=man008-21\"><img decoding=\"async\" src=\"https:\/\/valvepress.s3.amazonaws.com\/imgs\/buy_now.png\"><\/a><br \/>\n<\/p>\n<p>                                             From the manufacturer   <\/p>\n<p>                                                      <img decoding=\"async\" alt=\" \" src=\"https:\/\/images-na.ssl-images-amazon.com\/images\/G\/01\/x-locale\/common\/grey-pixel.gif\" class=\"a-spacing-mini a-lazy-loaded\" data-src=\"https:\/\/m.media-amazon.com\/images\/S\/aplus-media-library-service-media\/7846385b-1482-42f1-8e5a-e19bc08adb54.__CR0,0,300,400_PT0_SX300_V1___.png\"><img decoding=\"async\" alt=\" \" src=\"https:\/\/m.media-amazon.com\/images\/S\/aplus-media-library-service-media\/7846385b-1482-42f1-8e5a-e19bc08adb54.__CR0,0,300,400_PT0_SX300_V1___.png\">  <\/p>\n<p>                                                              <img decoding=\"async\" alt=\"\u3000\" src=\"https:\/\/images-na.ssl-images-amazon.com\/images\/G\/01\/x-locale\/common\/grey-pixel.gif\" class=\"a-spacing-mini a-lazy-loaded\" data-src=\"https:\/\/m.media-amazon.com\/images\/S\/aplus-media-library-service-media\/1013e371-bb06-4b22-ab7d-f841707d048e.__CR0,0,350,175_PT0_SX350_V1___.jpg\"><img decoding=\"async\" alt=\"\u3000\" src=\"https:\/\/m.media-amazon.com\/images\/S\/aplus-media-library-service-media\/1013e371-bb06-4b22-ab7d-f841707d048e.__CR0,0,350,175_PT0_SX350_V1___.jpg\">                                                                 <\/p>\n<p class=\"a-spacing-small a-size-small a-color-secondary\"> ASUS es una empresa multinacional establecida en Taiw\u00e1n desde 1989 que dise\u00f1a y fabrica hardware de inform\u00e1tica y electr\u00f3nica de consumo. Dedicada a crear soluciones que proporcionan una vida m\u00e1s inteligente. En ASUS somos unos verdaderos apasionados de la innovaci\u00f3n tecnol\u00f3gica. So\u00f1amos con crear una vida digital sencilla y completa para todos, por eso siempre andamos en busca de nuevas ideas que nos permitan ofrecer las experiencias m\u00e1s incre\u00edbles. <\/p>\n<h3 class=\"a-spacing-mini\"> VY279HGR <\/h3>\n<p class=\"a-spacing-base\"> Monitor Eye Care Gaming ASUS VY279HGR: 27 pulgadas &#8211; 68,58 cm FHD (1920 x 1080), IPS, 120 Hz (OC), SmoothMotion, 1 ms (MPRT), Adaptive Sync, tecnolog\u00eda Eye Care Plus, filtro de luz azul, Flicker Free, tratamiento antibacteriano <\/p>\n<p>                                                          Panel IPS FHD de 27&#8243; &#8211; 68,58 cm con frecuencia de actualizaci\u00f3n de 120 Hz (OC) para una visualizaci\u00f3n de video fluida y juegos casuales       La tecnolog\u00eda SmoothMotion y el MPRT de 1 ms eliminan el seguimiento y garantizan una reproducci\u00f3n de video n\u00edtida y clara y un uso diario       Adaptive Sync ofrece im\u00e1genes fluidas y sin artefactos a cualquier velocidad de cuadros       El tratamiento antibacteriano patentado de larga duraci\u00f3n inhibe el crecimiento de bacterias y hongos en los biseles y las teclas de acceso r\u00e1pido del monitor       Eye Care Plus incluye el modo de aumento de color que ayuda a los usuarios con deficiencia en la visi\u00f3n del color, y Rest Reminder ayuda a los usuarios a controlar el tiempo de pantalla       El ASUS DisplayWidget Center permite a los usuarios cambiar f\u00e1cilmente la configuraci\u00f3n del monitor a trav\u00e9s de una interfaz intuitiva      <\/p>\n<p class=\"apm-text-center\">\n                                                      <img decoding=\"async\" alt=\" \" src=\"https:\/\/images-na.ssl-images-amazon.com\/images\/G\/01\/x-locale\/common\/grey-pixel.gif\" class=\"a-spacing-mini a-lazy-loaded\" data-src=\"https:\/\/m.media-amazon.com\/images\/S\/aplus-media-library-service-media\/71f3eadd-843b-42c4-bd87-a41e8f604621.__CR0,0,300,300_PT0_SX300_V1___.png\"><img decoding=\"async\" alt=\" \" src=\"https:\/\/m.media-amazon.com\/images\/S\/aplus-media-library-service-media\/71f3eadd-843b-42c4-bd87-a41e8f604621.__CR0,0,300,300_PT0_SX300_V1___.png\">  <\/p>\n<p>                                                    Experiencia de visualizaci\u00f3n fluida con movimiento suave a 120 Hz(OC)                                       <\/p>\n<p> Con una animaci\u00f3n m\u00e1s fluida en v\u00eddeo, los juegos casuales y el trabajo diario pueden beneficiarse de una experiencia m\u00e1s fluida que nunca. <\/p>\n<p class=\"apm-text-center\">\n                                                      <img decoding=\"async\" alt=\" \" src=\"https:\/\/images-na.ssl-images-amazon.com\/images\/G\/01\/x-locale\/common\/grey-pixel.gif\" class=\"a-spacing-mini a-lazy-loaded\" data-src=\"https:\/\/m.media-amazon.com\/images\/S\/aplus-media-library-service-media\/034e4c9c-ea22-47c6-ac13-bd260867a7a0.__CR0,0,300,300_PT0_SX300_V1___.png\"><img decoding=\"async\" alt=\" \" src=\"https:\/\/m.media-amazon.com\/images\/S\/aplus-media-library-service-media\/034e4c9c-ea22-47c6-ac13-bd260867a7a0.__CR0,0,300,300_PT0_SX300_V1___.png\">  <\/p>\n<p>                                                    Tecnolog\u00eda de panel IPS para unos asombrosos 16,7 millones de colores                                       <\/p>\n<p> El panel IPS FHD (1920 x 1080) de 27 pulgadas ofrece una paleta de 16,7 millones de colores, por lo que las fotos y los v\u00eddeos tienen un detalle y un realismo asombrosos. El panel tambi\u00e9n ofrece \u00e1ngulos de visi\u00f3n de 178\u00b0 para garantizar una excelente calidad de imagen desde casi cualquier perspectiva. <\/p>\n<p class=\"apm-text-center\">\n                                                      <img decoding=\"async\" alt=\" \" src=\"https:\/\/images-na.ssl-images-amazon.com\/images\/G\/01\/x-locale\/common\/grey-pixel.gif\" class=\"a-spacing-mini a-lazy-loaded\" data-src=\"https:\/\/m.media-amazon.com\/images\/S\/aplus-media-library-service-media\/5e488bee-d48b-4abb-b8d7-1606bdb28819.__CR0,0,300,300_PT0_SX300_V1___.jpg\"><img decoding=\"async\" alt=\" \" src=\"https:\/\/m.media-amazon.com\/images\/S\/aplus-media-library-service-media\/5e488bee-d48b-4abb-b8d7-1606bdb28819.__CR0,0,300,300_PT0_SX300_V1___.jpg\">  <\/p>\n<p>                                                    frecuencia de refresco de 120 Hz(OC) y Sincronizaci\u00f3n Adaptativa para unos visuales fluidos                                       <\/p>\n<p> Una frecuencia de refresco de 120 Hz* sobreacelerable y un tiempo de respuesta de imagen en movimiento (MPRT) de 1 ms ayudan a reducir las manchas y el desenfoque por movimiento, lo que hace que el VY279HGR sea perfecto para juegos de ritmo r\u00e1pido que requieren reacciones r\u00e1pidas a lo que ocurre en la pantalla. Adem\u00e1s, la tecnolog\u00eda de Sincronizaci\u00f3n Adaptativa ayuda a eliminar el desgarro de la pantalla y las frecuencias de cuadro entrecortadas para una jugabilidad ultrasuave. <\/p>\n<p> *La funci\u00f3n OC s\u00f3lo se puede activar durante el modo Juego <\/p>\n<p class=\"apm-text-center\">\n                                                      <img decoding=\"async\" alt=\" \" src=\"https:\/\/images-na.ssl-images-amazon.com\/images\/G\/01\/x-locale\/common\/grey-pixel.gif\" class=\"a-spacing-mini a-lazy-loaded\" data-src=\"https:\/\/m.media-amazon.com\/images\/S\/aplus-media-library-service-media\/37499b47-356e-466e-9b8a-9ab42fdcd12c.__CR0,0,300,300_PT0_SX300_V1___.png\"><img decoding=\"async\" alt=\" \" src=\"https:\/\/m.media-amazon.com\/images\/S\/aplus-media-library-service-media\/37499b47-356e-466e-9b8a-9ab42fdcd12c.__CR0,0,300,300_PT0_SX300_V1___.png\">  <\/p>\n<p>                                                    DisplayWidget Center                                       <\/p>\n<p> Ajusta f\u00e1cilmente la configuraci\u00f3n de tu monitor a trav\u00e9s de esta intuitiva aplicaci\u00f3n, sin tener que tocar los botones f\u00edsicos del monitor. <\/p>\n<p class=\"apm-text-center\">\n                                                      <img decoding=\"async\" alt=\" \" src=\"https:\/\/images-na.ssl-images-amazon.com\/images\/G\/01\/x-locale\/common\/grey-pixel.gif\" class=\"a-spacing-mini a-lazy-loaded\" data-src=\"https:\/\/m.media-amazon.com\/images\/S\/aplus-media-library-service-media\/2b037846-a3a9-438f-bc72-a3a66c5f3ebb.__CR0,0,300,300_PT0_SX300_V1___.png\"><img decoding=\"async\" alt=\" \" src=\"https:\/\/m.media-amazon.com\/images\/S\/aplus-media-library-service-media\/2b037846-a3a9-438f-bc72-a3a66c5f3ebb.__CR0,0,300,300_PT0_SX300_V1___.png\">  <\/p>\n<p>                                                    Filtro de luz azul ASUS ajustable                                      <\/p>\n<p class=\"apm-text-center\">\n                                                      <img decoding=\"async\" alt=\" \" src=\"https:\/\/images-na.ssl-images-amazon.com\/images\/G\/01\/x-locale\/common\/grey-pixel.gif\" class=\"a-spacing-mini a-lazy-loaded\" data-src=\"https:\/\/m.media-amazon.com\/images\/S\/aplus-media-library-service-media\/a61939e3-b1cd-4afc-b8e1-46ac8e8d7f1b.__CR0,0,300,300_PT0_SX300_V1___.png\"><img decoding=\"async\" alt=\" \" src=\"https:\/\/m.media-amazon.com\/images\/S\/aplus-media-library-service-media\/a61939e3-b1cd-4afc-b8e1-46ac8e8d7f1b.__CR0,0,300,300_PT0_SX300_V1___.png\">  <\/p>\n<p>                                                    Tratamiento antibacteriano de larga duraci\u00f3n                                       <\/p>\n<p> Los biseles y las teclas de acceso r\u00e1pido del VY279HGR llevan un tratamiento antibacteriano de plata i\u00f3nica1. Al impedir la adhesi\u00f3n de bacterias2 hasta en un 99,9%, mantiene limpias e higi\u00e9nicas las zonas clave del monitor, reduciendo potencialmente la propagaci\u00f3n de bacterias nocivas. <\/p>\n<p> Is discontinued by manufacturer                                            \u200f                                            :                                            \u200e                                            No   <br \/> Language                                            \u200f                                            :                                            \u200e                                            English, English, English, English, English   <br \/> Product Dimensions                                            \u200f                                            :                                            \u200e                                            20.2 x 61.2 x 43.5 cm; 4.05 kg   <br \/> Manufacturer                                            \u200f                                            :                                            \u200e                                            ASUS   <br \/> ASIN                                            \u200f                                            :                                            \u200e                                            B0DJTDVCVT   <br \/> Item model number                                            \u200f                                            :                                            \u200e                                            90LM06D3-B01A70   <br \/> Country of origin                                            \u200f                                            :                                            \u200e                                            China   <br \/> Guaranteed software updates until                                            \u200f                                            :                                            \u200e                                            unknown   <br \/>  Customer reviews:                                                                                            4.6               4.6 out of 5 stars                                  (3,074)                                              var dpAcrHasRegisteredArcLinkClickAction;                    P.when(&#8216;A&#8217;, &#8216;ready&#8217;).execute(function(A) {                        if (dpAcrHasRegisteredArcLinkClickAction !== true) {                            dpAcrHasRegisteredArcLinkClickAction = true;                            A.declarative(                                &#8216;acrLink-click-metrics&#8217;, &#8216;click&#8217;,                                { \u00aballowLinkDefault\u00bb: true },                                function (event) {                                    if (window.ue) {                                        ue.count(\u00abacrLinkClickCount\u00bb, (ue.count(\u00abacrLinkClickCount\u00bb) || 0) + 1);                                    }                                }                            );                        }                    });                                             P.when(&#8216;A&#8217;, &#8216;cf&#8217;).execute(function(A) {                A.declarative(&#8216;acrStarsLink-click-metrics&#8217;, &#8216;click&#8217;, { \u00aballowLinkDefault\u00bb : true },  function(event){                    if(window.ue) {                        ue.count(\u00abacrStarsLinkWithPopoverClickCount\u00bb, (ue.count(\u00abacrStarsLinkWithPopoverClickCount\u00bb) || 0) + 1);                    }                });            });                          <\/p>\n<p>27&#8243; &#8211; 68.58 cm FHD IPS panel with 120Hz (OC) refresh rate for smooth video viewing and casual gaming<br \/>SmoothMotion technology and 1ms MPRT eliminate tracking and deliver crisp, clear video playback and daily use<br \/>Adaptive Sync delivers smooth, artifact-free images at any frame rate<br \/>Long-lasting, patented antibacterial treatment inhibits the growth of bacteria and fungus on monitor bezels and hotkeys<br \/>Eye Care Plus technology includes color magnifying mode that helps users with color vision impairment better distinguish between colors, and Rest Reminder helps users manage screen time<\/p>\n\n","protected":false},"excerpt":{"rendered":"<p> From the manufacturer ASUS es una empresa multinacional establecida en Taiw\u00e1n desde 1989 que dise\u00f1a<\/p>","protected":false},"featured_media":32347,"comment_status":"open","ping_status":"closed","template":"","meta":[],"product_brand":[],"product_cat":[53],"product_tag":[1634,704,1918,1804,1801,1802,1805,1803,1799,1807,247,9300,850,1806,367,2183,1796,639,862,1927,2537,617,703,248,844,1808,5530,200,9301,1800,9299],"class_list":{"0":"post-32346","1":"product","2":"type-product","3":"status-publish","4":"has-post-thumbnail","6":"product_cat-4k-monitors","7":"product_tag-120hz","8":"product_tag-1920x1080","9":"product_tag-1ms","10":"product_tag-32-inch-4k-monitor","11":"product_tag-3840x2160-monitor","12":"product_tag-4k-gaming-monitor","13":"product_tag-4k-hdr-monitor","14":"product_tag-4k-ips-monitor","15":"product_tag-4k-monitor","16":"product_tag-4k-monitor-price","17":"product_tag-adaptive","18":"product_tag-antibacterial","19":"product_tag-asus","20":"product_tag-best-4k-monitor","21":"product_tag-blue","22":"product_tag-care","23":"product_tag-eye","24":"product_tag-fhd","25":"product_tag-filter","26":"product_tag-flicker","27":"product_tag-free","28":"product_tag-gaming","29":"product_tag-ips","30":"product_tag-light","31":"product_tag-monitor","32":"product_tag-professional-4k-monitor","33":"product_tag-smoothmotion","34":"product_tag-sync","35":"product_tag-treatment","36":"product_tag-uhd-monitor","37":"product_tag-vy279hgr","39":"first","40":"instock","41":"sale","42":"shipping-taxable","43":"product-type-external"},"_links":{"self":[{"href":"https:\/\/comprasyconsejos.store\/en\/wp-json\/wp\/v2\/product\/32346","targetHints":{"allow":["GET"]}}],"collection":[{"href":"https:\/\/comprasyconsejos.store\/en\/wp-json\/wp\/v2\/product"}],"about":[{"href":"https:\/\/comprasyconsejos.store\/en\/wp-json\/wp\/v2\/types\/product"}],"replies":[{"embeddable":true,"href":"https:\/\/comprasyconsejos.store\/en\/wp-json\/wp\/v2\/comments?post=32346"}],"version-history":[{"count":0,"href":"https:\/\/comprasyconsejos.store\/en\/wp-json\/wp\/v2\/product\/32346\/revisions"}],"wp:featuredmedia":[{"embeddable":true,"href":"https:\/\/comprasyconsejos.store\/en\/wp-json\/wp\/v2\/media\/32347"}],"wp:attachment":[{"href":"https:\/\/comprasyconsejos.store\/en\/wp-json\/wp\/v2\/media?parent=32346"}],"wp:term":[{"taxonomy":"product_brand","embeddable":true,"href":"https:\/\/comprasyconsejos.store\/en\/wp-json\/wp\/v2\/product_brand?post=32346"},{"taxonomy":"product_cat","embeddable":true,"href":"https:\/\/comprasyconsejos.store\/en\/wp-json\/wp\/v2\/product_cat?post=32346"},{"taxonomy":"product_tag","embeddable":true,"href":"https:\/\/comprasyconsejos.store\/en\/wp-json\/wp\/v2\/product_tag?post=32346"}],"curies":[{"name":"wp","href":"https:\/\/api.w.org\/{rel}","templated":true}]}}