{"id":32374,"date":"2026-02-23T05:31:08","date_gmt":"2026-02-23T05:31:08","guid":{"rendered":"https:\/\/comprasyconsejos.store\/product\/teka-washing-machine-with-capacity-of-8-kg-and-15-programs-model-wmk-40840-wh\/"},"modified":"2026-02-23T05:31:08","modified_gmt":"2026-02-23T05:31:08","slug":"teka-washing-machine-with-capacity-of-8-kg-and-15-programs-model-wmk-40840-wh","status":"publish","type":"product","link":"https:\/\/comprasyconsejos.store\/en\/product\/teka-washing-machine-with-capacity-of-8-kg-and-15-programs-model-wmk-40840-wh\/","title":{"rendered":"Teka &#8211; Washing machine with capacity of 8 kg and 15 programs &#8211; Model WMK 40840 WH"},"content":{"rendered":"<p>Price: <span style=\"color:#b12704\">\u20ac333.42<\/span><br \/><i><small>(as of Feb 23, 2026 05:31:08 UTC &#8211; <span class=\"wp_automatic_amazon_disclaimer\" title=\"Product prices and availability are accurate as of the date\/time indicated and are subject to change. Any price and availability information displayed on [relevant Amazon Site(s), as applicable] at the time of purchase will apply to the purchase of this product.\">Details<\/span>)<\/small><\/i><\/p>\n<p><a href=\"https:\/\/amazon.es\/dp\/B0F245XX6C?tag=man008-21\"><img decoding=\"async\" src=\"https:\/\/valvepress.s3.amazonaws.com\/imgs\/buy_now.png\"><\/a><br \/>\n<\/p>\n<p>                                             Product Description   <\/p>\n<p>                                                                                                       <img decoding=\"async\" alt=\"El texto dice \u00abTEKA\u00bb. Interior comercial que muestra modernos electrodom\u00e9sticos de cocina y electrodom\u00e9sticos exhibidos en una sala de exposici\u00f3n con paredes de ladrillo con un dise\u00f1o limpio y minimalista.\" src=\"https:\/\/images-na.ssl-images-amazon.com\/images\/G\/01\/x-locale\/common\/grey-pixel.gif\" class=\"a-lazy-loaded\" data-src=\"https:\/\/m.media-amazon.com\/images\/S\/aplus-media-library-service-media\/5af3a490-a420-4271-a216-ce4a5e428034.__CR0,0,1464,600_PT0_SX1464_V1___.png\"><img decoding=\"async\" alt=\"El texto dice \u00abTEKA\u00bb. Interior comercial que muestra modernos electrodom\u00e9sticos de cocina y electrodom\u00e9sticos exhibidos en una sala de exposici\u00f3n con paredes de ladrillo con un dise\u00f1o limpio y minimalista.\" src=\"https:\/\/m.media-amazon.com\/images\/S\/aplus-media-library-service-media\/5af3a490-a420-4271-a216-ce4a5e428034.__CR0,0,1464,600_PT0_SX1464_V1___.png\">                                                 Creando momentos inolvidables                                             TEKA                                         <\/p>\n<p class=\"aplus-p2 aplus-module-2-description\"> Dise\u00f1amos y fabricamos electrodom\u00e9sticos que aporten soluciones e innovaciones reales a tu vida diaria, que se adapten a tu estilo de vida y que est\u00e9n en armon\u00eda con tu hogar <\/p>\n<p>                                                                                                                    <img decoding=\"async\" alt=\"Serie de im\u00e1genes que muestran el proceso de instalaci\u00f3n de la unidad de almacenamiento de ba\u00f1o montada en la pared en acabado blanco, que muestran los pasos de montaje.\" src=\"https:\/\/m.media-amazon.com\/images\/S\/aplus-media-library-service-media\/6d4b27bd-900a-457a-8a0d-0866e2f4b4ac.__CR0,0,1464,600_PT0_SX1464_V1___.png\">                                                                                           Lavadoras y secadoras                                       <\/p>\n<p class=\"description aplus-p1\"> La gama de lavadoras Teka ha sido dise\u00f1ada pensando en el cuidado de tu ropa y del medio ambiente <\/p>\n<p>                                                      <img decoding=\"async\" alt=\"electrodomestico horno placa vitroceramica induccion campana microondas grifo fregadero\" src=\"https:\/\/m.media-amazon.com\/images\/S\/aplus-media-library-service-media\/64ed3478-bfec-4d09-9174-071320acc7f1.__CR0,7,1920,787_PT0_SX1464_V1___.jpg\">                                                                                           Fregaderos                                       <\/p>\n<p class=\"description aplus-p1\"> Desde hace m\u00e1s de 90 a\u00f1os fabricamos fregaderos para que encuentres el que se adapta a tu estilo <\/p>\n<p>                                                      <img decoding=\"async\" alt=\"electrodomestico horno placa vitroceramica induccion campana microondas grifo fregadero\" src=\"https:\/\/m.media-amazon.com\/images\/S\/aplus-media-library-service-media\/07e7dd87-f45d-4fb2-a8bd-1bde8b6fa5d7.__CR0,0,1464,600_PT0_SX1464_V1___.png\">                                                                                           Placas de inducci\u00f3n, vitrocer\u00e1micas, y mixtas                                       <\/p>\n<p class=\"description aplus-p1\"> En Teka tenemos la placa de cocina que necesitas, elige la tuya y disfruta cocinando <\/p>\n<p>                                                      <img decoding=\"async\" alt=\"electrodomestico horno placa vitroceramica induccion campana microondas grifo fregadero\" src=\"https:\/\/m.media-amazon.com\/images\/S\/aplus-media-library-service-media\/9b0f4426-0c34-4217-87f0-f2daa17015e0.__CR0,0,1464,600_PT0_SX1464_V1___.png\">                                                                                           Campanas extractoras                                       <\/p>\n<p class=\"description aplus-p1\"> Las campanas Teka te ofrecen distintos tipos de instalaci\u00f3n, medidas y capacidad de extracci\u00f3n <\/p>\n<p>                                                      <img decoding=\"async\" alt=\"El interior oscuro de la cocina muestra una brillante tira de iluminaci\u00f3n LED a lo largo del borde de la puerta del refrigerador, creando un contraste dram\u00e1tico con los gabinetes y estanter\u00edas negros.\" src=\"https:\/\/m.media-amazon.com\/images\/S\/aplus-media-library-service-media\/a83b032c-5161-4b65-9751-a8545bb3e079.__CR0,612,4000,1639_PT0_SX1464_V1___.jpg\">                                                                                           Frigor\u00edficos y congeladores                                       <\/p>\n<p class=\"description aplus-p1\"> Descubre en Teka modelos eficientes y silenciosos, pensados para adaptarse a tu cocina y ritmo <\/p>\n<p>                            1 Lavado <\/p>\n<p>                            2 Fregaderos <\/p>\n<p>                            3 Placas <\/p>\n<p>                            4 Campanas <\/p>\n<p>                            5 Gama de fr\u00edo <\/p>\n<p>                                                                                                       <img decoding=\"async\" alt=\"aplus content image\" src=\"https:\/\/images-na.ssl-images-amazon.com\/images\/G\/01\/x-locale\/common\/grey-pixel.gif\" class=\"a-lazy-loaded\" data-src=\"https:\/\/m.media-amazon.com\/images\/S\/aplus-media-library-service-media\/bc364ca2-42c7-4a44-b644-92fbd2f28421.__CR0,0,1464,600_PT0_SX1464_V1___.png\"><img decoding=\"async\" alt=\"aplus content image\" src=\"https:\/\/m.media-amazon.com\/images\/S\/aplus-media-library-service-media\/bc364ca2-42c7-4a44-b644-92fbd2f28421.__CR0,0,1464,600_PT0_SX1464_V1___.png\">                                                  <\/p>\n<h3 class=\"a-text-center aplus-h1 a-text-bold\"> La tecnolog\u00eda que cuida de tu ropa <\/h3>\n<p>                         Add To Basket  <\/p>\n<p>                         Add To Basket  <\/p>\n<p>                         Add To Basket  <\/p>\n<p>                         Add To Basket  <\/p>\n<p>                         Add To Basket  <\/p>\n<p>                         Add To Basket  <\/p>\n<p>                                     Customer Reviews  <\/p>\n<p>                \u2014                                     <\/p>\n<p>                \u2014                                     <\/p>\n<p>                \u2014                                     <\/p>\n<p>                    4.0 out of 5 stars  1  <\/p>\n<p>                \u2014                                     <\/p>\n<p>                \u2014                                     <\/p>\n<p>                \u2014<br \/>\n                                     Price  <\/p>\n<p>                                                        \u2014    <\/p>\n<p>                                                        \u20ac428.00\u20ac428.00     <\/p>\n<p>                                                        \u20ac581.29\u20ac581.29     <\/p>\n<p>                                                        \u20ac333.42\u20ac333.42     <\/p>\n<p>                                                        \u20ac327.99\u20ac327.99     <\/p>\n<p>                                                        \u20ac561.94\u20ac561.94     <\/p>\n<p>                                                        \u20ac546.55\u20ac546.55     <\/p>\n<p>                                     Tipo  <\/p>\n<p>                                                Lavadora de Libre Instalaci\u00f3n    <\/p>\n<p>                                                Lavadora Integrable    <\/p>\n<p>                                                Lavadora Secadora    <\/p>\n<p>                                                Lavadora de Libre Instalaci\u00f3n    <\/p>\n<p>                                                Lavadora de Libre Instalaci\u00f3n    <\/p>\n<p>                                                Secadora    <\/p>\n<p>                                                LavadoraSecadora Integrable    <\/p>\n<p>                                     Capacidad aprox  <\/p>\n<p>                                                8 kg    <\/p>\n<p>                                                7 kg    <\/p>\n<p>                                                Lavado de 10kg y secado de 7kg    <\/p>\n<p>                                                7 kg    <\/p>\n<p>                                                9 Kg    <\/p>\n<p>                                                10 kg    <\/p>\n<p>                                                8 kg Lavado 6 kg Secado    <\/p>\n<p>                                     Smart Control  <\/p>\n<p>                                                    \u2714       <\/p>\n<p>                                                    \u2714       <\/p>\n<p>                                                    \u2714       <\/p>\n<p>                                                    \u2714       <\/p>\n<p>                                                    \u2714       <\/p>\n<p>                                                    \u2714       <\/p>\n<p>                                                    \u2714       <\/p>\n<p>                                     N\u00ba de programas  <\/p>\n<p>                                                15    <\/p>\n<p>                                                16    <\/p>\n<p>                                                14    <\/p>\n<p>                                                15    <\/p>\n<p>                                                15    <\/p>\n<p>                                                14    <\/p>\n<p>                                                16    <\/p>\n<p>                                     Motor Inverter  <\/p>\n<p>                                                    \u2714       <\/p>\n<p>                                                    \u2714       <\/p>\n<p>                                                    \u2714       <\/p>\n<p>                                                    \u2714       <\/p>\n<p>                                                    \u2714       <\/p>\n<p>                                                    \u2714       <\/p>\n<p>                                                    \u2718      <\/p>\n<h3>\n<p class=\"aplus-question aplus-p1\"> \u00bfQu\u00e9 lavadora debo elegir seg\u00fan el n\u00famero de personas y el tipo de prendas que suelo lavar? <\/p>\n<\/h3>\n<p class=\"aplus-answer aplus-p2\"> Si vives solo o en pareja, una lavadora de 6\u20137 kg ser\u00e1 suficiente. Para familias o cargas grandes (edredones, s\u00e1banas), opta por 9\u201310 kg. Todas incluyen programas como algod\u00f3n, r\u00e1pido, sport o lana. <\/p>\n<h3>\n<p class=\"aplus-question aplus-p1\"> \u00bfMerece la pena comprar una lavadora-secadora si tengo poco espacio? <\/p>\n<\/h3>\n<p class=\"aplus-answer aplus-p2\"> S\u00ed. Ocupa lo mismo que una lavadora y ofrece lavado y secado en un solo ciclo o por separado. Ideal para pisos peque\u00f1os o para evitar tener dos electrodom\u00e9sticos. <\/p>\n<h3>\n<p class=\"aplus-question aplus-p1\"> \u00bfQu\u00e9 ventajas tiene el motor T-Inverter frente a los motores de lavadora convencionales? <\/p>\n<\/h3>\n<p class=\"aplus-answer aplus-p2\"> El motor T-Inverter reduce la fricci\u00f3n y elimina escobillas, por lo que genera menos ruido y vibraci\u00f3n, ahorra hasta un 60\u202f% de energ\u00eda y alarga la vida \u00fatil del electrodom\u00e9stico. <\/p>\n<h3>\n<p class=\"aplus-question aplus-p1\"> \u00bfQu\u00e9 funciones ayudan a lavar m\u00e1s r\u00e1pido y mejor cuando tengo poco tiempo? <\/p>\n<\/h3>\n<p class=\"aplus-answer aplus-p2\"> Speed Wash reduce el tiempo del programa sin perder eficacia. Super R\u00e1pido lava en solo 12\u201315\u202fmin. Puedes activar prelavado o aclarado extra seg\u00fan el nivel de suciedad y tipo de tejido. <\/p>\n<h3>\n<p class=\"aplus-question aplus-p1\"> \u00bfQu\u00e9 tecnolog\u00eda me ayuda a eliminar al\u00e9rgenos, bacterias o malos olores en la ropa? <\/p>\n<\/h3>\n<p class=\"aplus-answer aplus-p2\"> La funci\u00f3n Antial\u00e9rgico elimina \u00e1caros, polen y bacterias con agua caliente. Steam Assist a\u00f1ade vapor al final del ciclo para reducir arrugas y eliminar g\u00e9rmenes sin da\u00f1ar la ropa. <\/p>\n<p> Batteries                                            \u200f                                            :                                            \u200e                                            1 AAAA batteries required. (included)   <br \/> Product Dimensions                                            \u200f                                            :                                            \u200e                                            53.3 x 59.5 x 85 cm; 63 kg   <br \/> Date First Available                                            \u200f                                            :                                            \u200e                                            21 Mar. 2025   <br \/> Manufacturer                                            \u200f                                            :                                            \u200e                                            Teka Industrial   <br \/> ASIN                                            \u200f                                            :                                            \u200e                                            B0F245XX6C   <br \/> Item model number                                            \u200f                                            :                                            \u200e                                            WMK 40840 WH   <br \/>       Best Sellers Rank:  10,119 in Large Appliances (See Top 100 in Large Appliances)    284 in Washing Machines      <br \/>  Customer reviews:                                                                                            4.0               4.0 out of 5 stars                                  (1)                                              var dpAcrHasRegisteredArcLinkClickAction;                    P.when(&#8216;A&#8217;, &#8216;ready&#8217;).execute(function(A) {                        if (dpAcrHasRegisteredArcLinkClickAction !== true) {                            dpAcrHasRegisteredArcLinkClickAction = true;                            A.declarative(                                &#8216;acrLink-click-metrics&#8217;, &#8216;click&#8217;,                                { \u00aballowLinkDefault\u00bb: true },                                function (event) {                                    if (window.ue) {                                        ue.count(\u00abacrLinkClickCount\u00bb, (ue.count(\u00abacrLinkClickCount\u00bb) || 0) + 1);                                    }                                }                            );                        }                    });                                             P.when(&#8216;A&#8217;, &#8216;cf&#8217;).execute(function(A) {                A.declarative(&#8216;acrStarsLink-click-metrics&#8217;, &#8216;click&#8217;, { \u00aballowLinkDefault\u00bb : true },  function(event){                    if(window.ue) {                        ue.count(\u00abacrStarsLinkWithPopoverClickCount\u00bb, (ue.count(\u00abacrStarsLinkWithPopoverClickCount\u00bb) || 0) + 1);                    }                });            });                          <\/p>\n<p>Freestanding Electronic control panel Washing capacity: 8 kg 15 washing programs Special programs: Fast: 15 minutes, ECO mode, Wool, Delicate, Sport, Cotton, Baby Care, Jeans Special functions: Delayed timer, Quick wash, Steam, Extra rinse, Pre-wash, Drum cleaning reminder, Silent Maximum spin speed: 1400 RPM<\/p>\n\n","protected":false},"excerpt":{"rendered":"<p> Product Description Creando momentos inolvidables TEKA Dise\u00f1amos y fabricamos electrodom\u00e9sticos que aporten soluciones e innovaciones<\/p>","protected":false},"featured_media":32375,"comment_status":"open","ping_status":"closed","template":"","meta":[],"product_brand":[],"product_cat":[82],"product_tag":[1838,2700,1839,1830,1833,1831,1909,1836,1170,6503,1835,1832,9303,1837,2346,1834,4961],"class_list":{"0":"post-32374","1":"product","2":"type-product","3":"status-publish","4":"has-post-thumbnail","6":"product_cat-home-appliance","7":"product_tag-air-conditioners","8":"product_tag-capacity","9":"product_tag-home-appliance-deals","10":"product_tag-home-appliances","11":"product_tag-home-electronics","12":"product_tag-kitchen-appliances","13":"product_tag-machine","14":"product_tag-microwave-ovens","15":"product_tag-model","16":"product_tag-programs","17":"product_tag-refrigerators","18":"product_tag-small-home-appliances","19":"product_tag-teka","20":"product_tag-vacuum-cleaners","21":"product_tag-washing","22":"product_tag-washing-machines","23":"product_tag-wmk","25":"first","26":"instock","27":"shipping-taxable","28":"product-type-external"},"_links":{"self":[{"href":"https:\/\/comprasyconsejos.store\/en\/wp-json\/wp\/v2\/product\/32374","targetHints":{"allow":["GET"]}}],"collection":[{"href":"https:\/\/comprasyconsejos.store\/en\/wp-json\/wp\/v2\/product"}],"about":[{"href":"https:\/\/comprasyconsejos.store\/en\/wp-json\/wp\/v2\/types\/product"}],"replies":[{"embeddable":true,"href":"https:\/\/comprasyconsejos.store\/en\/wp-json\/wp\/v2\/comments?post=32374"}],"version-history":[{"count":0,"href":"https:\/\/comprasyconsejos.store\/en\/wp-json\/wp\/v2\/product\/32374\/revisions"}],"wp:featuredmedia":[{"embeddable":true,"href":"https:\/\/comprasyconsejos.store\/en\/wp-json\/wp\/v2\/media\/32375"}],"wp:attachment":[{"href":"https:\/\/comprasyconsejos.store\/en\/wp-json\/wp\/v2\/media?parent=32374"}],"wp:term":[{"taxonomy":"product_brand","embeddable":true,"href":"https:\/\/comprasyconsejos.store\/en\/wp-json\/wp\/v2\/product_brand?post=32374"},{"taxonomy":"product_cat","embeddable":true,"href":"https:\/\/comprasyconsejos.store\/en\/wp-json\/wp\/v2\/product_cat?post=32374"},{"taxonomy":"product_tag","embeddable":true,"href":"https:\/\/comprasyconsejos.store\/en\/wp-json\/wp\/v2\/product_tag?post=32374"}],"curies":[{"name":"wp","href":"https:\/\/api.w.org\/{rel}","templated":true}]}}