{"id":32385,"date":"2026-02-23T05:39:51","date_gmt":"2026-02-23T05:39:51","guid":{"rendered":"https:\/\/comprasyconsejos.store\/product\/logitech-f310-gamepad-with-cable-console-distribution-4-switch-steering-controller-gripping-comfort-cable-1-8-m-pc-blue-grey\/"},"modified":"2026-02-23T05:39:53","modified_gmt":"2026-02-23T05:39:53","slug":"logitech-f310-gamepad-with-cable-console-distribution-4-switch-steering-controller-gripping-comfort-cable-1-8-m-pc-blue-grey","status":"publish","type":"product","link":"https:\/\/comprasyconsejos.store\/en\/product\/logitech-f310-gamepad-with-cable-console-distribution-4-switch-steering-controller-gripping-comfort-cable-1-8-m-pc-blue-grey\/","title":{"rendered":"Logitech F310 Gamepad with Cable, Console Distribution, 4 Switch Steering Controller, Gripping Comfort, Cable 1.8 m, PC &#8211; Blue\/Grey"},"content":{"rendered":"<p>Price: <span style=\"color:#b12704\"><del>\u20ac43.99<\/del> - \u20ac27.95<\/span><br \/><i><small>(as of Feb 23, 2026 05:39:51 UTC &#8211; <span class=\"wp_automatic_amazon_disclaimer\" title=\"Product prices and availability are accurate as of the date\/time indicated and are subject to change. Any price and availability information displayed on [relevant Amazon Site(s), as applicable] at the time of purchase will apply to the purchase of this product.\">Details<\/span>)<\/small><\/i><\/p>\n<p><a href=\"https:\/\/amazon.es\/dp\/B00CJAF3ME?tag=man008-21\"><img decoding=\"async\" src=\"https:\/\/valvepress.s3.amazonaws.com\/imgs\/buy_now.png\"><\/a><br \/>\n<\/p>\n<p>                                             From the manufacturer   <\/p>\n<p>                                                          <img decoding=\"async\" alt=\"  \" src=\"https:\/\/images-na.ssl-images-amazon.com\/images\/G\/01\/x-locale\/common\/grey-pixel.gif\" class=\"a-spacing-mini a-lazy-loaded\" data-src=\"https:\/\/m.media-amazon.com\/images\/S\/aplus-media\/sota\/8081394c-8e78-488b-bc1b-6bc770cdb18b.__CR108,94,937,937_PT0_SX300_V1___.jpg\"><img decoding=\"async\" alt=\"  \" src=\"https:\/\/m.media-amazon.com\/images\/S\/aplus-media\/sota\/8081394c-8e78-488b-bc1b-6bc770cdb18b.__CR108,94,937,937_PT0_SX300_V1___.jpg\">  <\/p>\n<p>                                                        Logitech F310 Gamepad con Cable                                              Amplia compatibilidad de juegos                                     <\/p>\n<p class=\"a-spacing-base\"> Para jugar con grandes \u00e9xitos y cl\u00e1sicos. Juega a versiones de consola con un controlador al estilo del original o adopta una posici\u00f3n m\u00e1s relajada mientras disfrutas de los juegos para PC. F310 se configura y se usa f\u00e1cilmente con los juegos favoritos gracias a XInput\/DirectInput, los dos est\u00e1ndares m\u00e1s comunes. <\/p>\n<p>                                              Big Picture de Steam                                     <\/p>\n<p class=\"a-spacing-base\"> Juega en tu TV. Empareja F310 con Big Picture y navega por Steam, explora Internet, juega, etc.  c\u00f3modamente desde el sof\u00e1. Lleva toda la biblioteca de juegos de Steam a  la sala de estar, coge F310 en las manos, si\u00e9ntate c\u00f3modo y disfruta. <\/p>\n<p>                                                  <img decoding=\"async\" alt=\"   \" src=\"https:\/\/images-na.ssl-images-amazon.com\/images\/G\/01\/x-locale\/common\/grey-pixel.gif\" class=\"a-lazy-loaded\" data-src=\"https:\/\/m.media-amazon.com\/images\/S\/aplus-media\/sota\/425f705f-7e8e-4bc0-b767-79e80e6353f5.__CR110,36,614,614_PT0_SX300_V1___.png\"><img decoding=\"async\" alt=\"   \" src=\"https:\/\/m.media-amazon.com\/images\/S\/aplus-media\/sota\/425f705f-7e8e-4bc0-b767-79e80e6353f5.__CR110,36,614,614_PT0_SX300_V1___.png\">  <\/p>\n<h3 class=\"a-spacing-mini\">  F\u00e1cil de configurar y usar <\/h3>\n<p> Adapta y personaliza. Cambia los comandos est\u00e1ndar o adapta F310 mediante el software Profiler Logitech para usar un juego no  compatible. Los botones y controles son completamente programables y  pueden incluso emular comandos de teclado y rat\u00f3n. <\/p>\n<p>                                                  <img decoding=\"async\" alt=\"   \" src=\"https:\/\/images-na.ssl-images-amazon.com\/images\/G\/01\/x-locale\/common\/grey-pixel.gif\" class=\"a-lazy-loaded\" data-src=\"https:\/\/m.media-amazon.com\/images\/S\/aplus-media\/sota\/0ad452fd-a6fc-49c0-9d27-581985f222ed.__CR67,47,936,936_PT0_SX300_V1___.png\"><img decoding=\"async\" alt=\"   \" src=\"https:\/\/m.media-amazon.com\/images\/S\/aplus-media\/sota\/0ad452fd-a6fc-49c0-9d27-581985f222ed.__CR67,47,936,936_PT0_SX300_V1___.png\">  <\/p>\n<h3 class=\"a-spacing-mini\">  Distribuci\u00f3n de botones cl\u00e1sica <\/h3>\n<p> Para jugar como siempre. El instinto gu\u00eda tus acciones por la distribuci\u00f3n cl\u00e1sica. Para jugar sin perder ni un instante. Creado para ofrecer una experiencia de control como la  de las consolas y con innovaciones a partir de un dise\u00f1o original, F310 se adapta como un guante. <\/p>\n<p> Batteries                                            \u200f                                            :                                            \u200e                                            2 AA batteries required.   <br \/> Is discontinued by manufacturer                                            \u200f                                            :                                            \u200e                                            No   <br \/> Language                                            \u200f                                            :                                            \u200e                                            English   <br \/> Product Dimensions                                            \u200f                                            :                                            \u200e                                            10 x 10 x 3 cm; 299.37 g   <br \/> Manufacturer                                            \u200f                                            :                                            \u200e                                            Logitech   <br \/> ASIN                                            \u200f                                            :                                            \u200e                                            B00CJAF3ME   <br \/> Item model number                                            \u200f                                            :                                            \u200e                                            940-000138   <br \/> Country of origin                                            \u200f                                            :                                            \u200e                                            China   <br \/> Guaranteed software updates until                                            \u200f                                            :                                            \u200e                                            unknown   <br \/>  Customer reviews:                                                                                            4.4               4.4 out of 5 stars                                  (12,801)                                              var dpAcrHasRegisteredArcLinkClickAction;                    P.when(&#8216;A&#8217;, &#8216;ready&#8217;).execute(function(A) {                        if (dpAcrHasRegisteredArcLinkClickAction !== true) {                            dpAcrHasRegisteredArcLinkClickAction = true;                            A.declarative(                                &#8216;acrLink-click-metrics&#8217;, &#8216;click&#8217;,                                { \u00aballowLinkDefault\u00bb: true },                                function (event) {                                    if (window.ue) {                                        ue.count(\u00abacrLinkClickCount\u00bb, (ue.count(\u00abacrLinkClickCount\u00bb) || 0) + 1);                                    }                                }                            );                        }                    });                                             P.when(&#8216;A&#8217;, &#8216;cf&#8217;).execute(function(A) {                A.declarative(&#8216;acrStarsLink-click-metrics&#8217;, &#8216;click&#8217;, { \u00aballowLinkDefault\u00bb : true },  function(event){                    if(window.ue) {                        ue.count(\u00abacrStarsLinkWithPopoverClickCount\u00bb, (ue.count(\u00abacrStarsLinkWithPopoverClickCount\u00bb) || 0) + 1);                    }                });            });                          <\/p>\n<p>Wide Gaming Compatibility: Logitech Gamepad F310 is easy to set up and use with games, from the oldest to today&#8217;s big titles<br \/>Software Profiler: To program the gamepad to perform keyboard and mouse commands if games do not support gamepads<br \/>Regular Button Layout: No need to learn new things<br \/>Exclusive Floating Control Pad: Rest on four actuators instead of a single pivot point for better response to rapid direction changes<\/p>\n\n","protected":false},"excerpt":{"rendered":"<p> From the manufacturer Logitech F310 Gamepad con Cable Amplia compatibilidad de juegos Para jugar con<\/p>","protected":false},"featured_media":32386,"comment_status":"open","ping_status":"closed","template":"","meta":[],"product_brand":[],"product_cat":[61],"product_tag":[9309,182,3627,1886,1880,2152,6094,9306,6817,1881,1875,1883,9308,1884,748,1878,1876,9307,1062,1879,1882,1877],"class_list":{"0":"post-32385","1":"product","2":"type-product","3":"status-publish","4":"has-post-thumbnail","6":"product_cat-games-entertainment","7":"product_tag-bluegrey","8":"product_tag-cable","9":"product_tag-comfort","10":"product_tag-console","11":"product_tag-console-games","12":"product_tag-controller","13":"product_tag-distribution","14":"product_tag-f310","15":"product_tag-gamepad","16":"product_tag-gaming-accessories","17":"product_tag-gaming-consoles","18":"product_tag-gaming-controllers","19":"product_tag-gripping","20":"product_tag-home-gaming-system","21":"product_tag-logitech","22":"product_tag-nintendo-console","23":"product_tag-playstation-console","24":"product_tag-steering","25":"product_tag-switch","26":"product_tag-video-games","27":"product_tag-vr-headset","28":"product_tag-xbox-console","30":"first","31":"instock","32":"sale","33":"shipping-taxable","34":"product-type-external"},"_links":{"self":[{"href":"https:\/\/comprasyconsejos.store\/en\/wp-json\/wp\/v2\/product\/32385","targetHints":{"allow":["GET"]}}],"collection":[{"href":"https:\/\/comprasyconsejos.store\/en\/wp-json\/wp\/v2\/product"}],"about":[{"href":"https:\/\/comprasyconsejos.store\/en\/wp-json\/wp\/v2\/types\/product"}],"replies":[{"embeddable":true,"href":"https:\/\/comprasyconsejos.store\/en\/wp-json\/wp\/v2\/comments?post=32385"}],"version-history":[{"count":0,"href":"https:\/\/comprasyconsejos.store\/en\/wp-json\/wp\/v2\/product\/32385\/revisions"}],"wp:featuredmedia":[{"embeddable":true,"href":"https:\/\/comprasyconsejos.store\/en\/wp-json\/wp\/v2\/media\/32386"}],"wp:attachment":[{"href":"https:\/\/comprasyconsejos.store\/en\/wp-json\/wp\/v2\/media?parent=32385"}],"wp:term":[{"taxonomy":"product_brand","embeddable":true,"href":"https:\/\/comprasyconsejos.store\/en\/wp-json\/wp\/v2\/product_brand?post=32385"},{"taxonomy":"product_cat","embeddable":true,"href":"https:\/\/comprasyconsejos.store\/en\/wp-json\/wp\/v2\/product_cat?post=32385"},{"taxonomy":"product_tag","embeddable":true,"href":"https:\/\/comprasyconsejos.store\/en\/wp-json\/wp\/v2\/product_tag?post=32385"}],"curies":[{"name":"wp","href":"https:\/\/api.w.org\/{rel}","templated":true}]}}