{"id":32390,"date":"2026-02-23T05:48:17","date_gmt":"2026-02-23T05:48:17","guid":{"rendered":"https:\/\/comprasyconsejos.store\/product\/vivo-v60-lite-5g-smartphone-12-gb-512-gb-6500-mah-battery-amoled-display-6-77-120-hz-triple-camera-50-mpx-mediatek-dimensity-7360-turbo-ip65-pink\/"},"modified":"2026-02-23T05:48:20","modified_gmt":"2026-02-23T05:48:20","slug":"vivo-v60-lite-5g-smartphone-12-gb-512-gb-6500-mah-battery-amoled-display-6-77-120-hz-triple-camera-50-mpx-mediatek-dimensity-7360-turbo-ip65-pink","status":"publish","type":"product","link":"https:\/\/comprasyconsejos.store\/en\/product\/vivo-v60-lite-5g-smartphone-12-gb-512-gb-6500-mah-battery-amoled-display-6-77-120-hz-triple-camera-50-mpx-mediatek-dimensity-7360-turbo-ip65-pink\/","title":{"rendered":"vivo V60 Lite 5G Smartphone 12 GB 512 GB 6500 mAh Battery, AMOLED Display 6.77&#8243; 120 Hz, Triple Camera 50 Mpx, MediaTek Dimensity 7360-Turbo, IP65, Pink"},"content":{"rendered":"<p>Price: <span style=\"color:#b12704\">\u20ac359.00<\/span><br \/><i><small>(as of Feb 23, 2026 05:48:18 UTC &#8211; <span class=\"wp_automatic_amazon_disclaimer\" title=\"Product prices and availability are accurate as of the date\/time indicated and are subject to change. Any price and availability information displayed on [relevant Amazon Site(s), as applicable] at the time of purchase will apply to the purchase of this product.\">Details<\/span>)<\/small><\/i><\/p>\n<p><a href=\"https:\/\/amazon.es\/dp\/B0FTYQGQGJ?tag=man008-21\"><img decoding=\"async\" src=\"https:\/\/valvepress.s3.amazonaws.com\/imgs\/buy_now.png\"><\/a><br \/>\n<\/p>\n<p>                                             Product Description   <\/p>\n<p>                                                                                                       <img decoding=\"async\" alt=\"aplus content image\" src=\"https:\/\/images-na.ssl-images-amazon.com\/images\/G\/01\/x-locale\/common\/grey-pixel.gif\" class=\"a-lazy-loaded\" data-src=\"https:\/\/m.media-amazon.com\/images\/S\/aplus-media-library-service-media\/2f17568c-55d4-4613-8935-8801d8028ec5.__CR0,0,1464,600_PT0_SX1464_V1___.jpg\"><img decoding=\"async\" alt=\"aplus content image\" src=\"https:\/\/m.media-amazon.com\/images\/S\/aplus-media-library-service-media\/2f17568c-55d4-4613-8935-8801d8028ec5.__CR0,0,1464,600_PT0_SX1464_V1___.jpg\">                                               <\/p>\n<p>                                                                                                       <img decoding=\"async\" alt=\"aplus content image\" src=\"https:\/\/images-na.ssl-images-amazon.com\/images\/G\/01\/x-locale\/common\/grey-pixel.gif\" class=\"a-lazy-loaded\" data-src=\"https:\/\/m.media-amazon.com\/images\/S\/aplus-media-library-service-media\/0da89604-f389-4d22-af5d-fb16d55f4285.__CR0,0,1464,600_PT0_SX1464_V1___.jpg\"><img decoding=\"async\" alt=\"aplus content image\" src=\"https:\/\/m.media-amazon.com\/images\/S\/aplus-media-library-service-media\/0da89604-f389-4d22-af5d-fb16d55f4285.__CR0,0,1464,600_PT0_SX1464_V1___.jpg\">                                               <\/p>\n<p>                                                                                  <img decoding=\"async\" alt=\"aplus content image\" src=\"https:\/\/m.media-amazon.com\/images\/S\/aplus-media-library-service-media\/b064e7bc-a779-4490-b4b8-9afb29d4e52e.__CR0,0,1464,600_PT0_SX1464_V1___.jpg\">       <\/p>\n<p>                                                                                  <img decoding=\"async\" alt=\"aplus content image\" src=\"https:\/\/m.media-amazon.com\/images\/S\/aplus-media-library-service-media\/2a0cc52b-e6cb-4ca9-a976-b8dca871cd4d.__CR0,0,1464,600_PT0_SX1464_V1___.jpg\">       <\/p>\n<p>                                                                                  <img decoding=\"async\" alt=\"aplus content image\" src=\"https:\/\/m.media-amazon.com\/images\/S\/aplus-media-library-service-media\/552511fa-d767-461c-a737-9dcedb1e4c91.__CR0,0,1464,600_PT0_SX1464_V1___.jpg\">       <\/p>\n<p>                                                                                  <img decoding=\"async\" alt=\"aplus content image\" src=\"https:\/\/m.media-amazon.com\/images\/S\/aplus-media-library-service-media\/c26c9869-f183-4fc5-93bf-b89115814120.__CR0,0,1464,600_PT0_SX1464_V1___.jpg\">       <\/p>\n<p>                                                                                  <img decoding=\"async\" alt=\"aplus content image\" src=\"https:\/\/m.media-amazon.com\/images\/S\/aplus-media-library-service-media\/a908f947-fc1b-4b14-911c-620f0001a317.__CR0,0,1464,600_PT0_SX1464_V1___.jpg\">       <\/p>\n<p>                                                                                  <img decoding=\"async\" alt=\"aplus content image\" src=\"https:\/\/m.media-amazon.com\/images\/S\/aplus-media-library-service-media\/e60a6b41-7972-4723-875d-13b6e0fabcae.__CR0,0,1464,600_PT0_SX1464_V1___.jpg\">       <\/p>\n<p>                                                                                  <img decoding=\"async\" alt=\"aplus content image\" src=\"https:\/\/m.media-amazon.com\/images\/S\/aplus-media-library-service-media\/c2981185-84bf-4a47-9c21-abb24c26f074.__CR0,0,1464,600_PT0_SX1464_V1___.jpg\">       <\/p>\n<p>                                                                                  <img decoding=\"async\" alt=\"El texto dice \u00abDeja que fluya el momento\u00bb. Dise\u00f1o de marketing que muestra la interfaz de v\u00eddeo de un smartphone y una escena de reuni\u00f3n social al aire libre.\" src=\"https:\/\/m.media-amazon.com\/images\/S\/aplus-media-library-service-media\/9f549823-3c50-47a9-9024-4bb8ad7224f9.__CR0,0,1464,600_PT0_SX1464_V1___.jpg\">       <\/p>\n<p>                                                                                  <img decoding=\"async\" alt=\"Comparaci\u00f3n de la interfaz de una aplicaci\u00f3n m\u00f3vil que muestra dos pantallas de tel\u00e9fonos inteligentes con contenido relacionado con el producto y elementos de navegaci\u00f3n.\" src=\"https:\/\/m.media-amazon.com\/images\/S\/aplus-media-library-service-media\/b42f7276-78c3-40b4-988d-f05197e3c0ed.__CR0,0,1464,600_PT0_SX1464_V1___.jpg\">       <\/p>\n<p>                                                                                  <img decoding=\"async\" alt=\"El texto dice \u00abRetro\u00bb. Listo. Real. &amp;#39; Dos pantallas de smartphone que muestran la comparaci\u00f3n de fotos: la foto original y la versi\u00f3n con efecto de filtro vintage aplicado.\" src=\"https:\/\/m.media-amazon.com\/images\/S\/aplus-media-library-service-media\/3fea43ac-3d88-4242-8a47-6d5e814c960c.__CR0,0,1464,600_PT0_SX1464_V1___.jpg\">       <\/p>\n<p>                                                                                  <img decoding=\"async\" alt=\"aplus content image\" src=\"https:\/\/m.media-amazon.com\/images\/S\/aplus-media-library-service-media\/f0c0a899-28e8-47b0-8809-754a29c2ee3c.__CR0,0,1464,600_PT0_SX1464_V1___.jpg\">       <\/p>\n<p>                                                                                  <img decoding=\"async\" alt=\"aplus content image\" src=\"https:\/\/m.media-amazon.com\/images\/S\/aplus-media-library-service-media\/491fd55d-c115-423f-9b3e-e0c115987dc0.__CR0,0,1464,600_PT0_SX1464_V1___.jpg\">       <\/p>\n<p> Batteries                                            \u200f                                            :                                            \u200e                                            1 AAAA batteries required. (included)   <br \/> Package Dimensions                                            \u200f                                            :                                            \u200e                                            16.7 x 8 x 6 cm; 200 g   <br \/> Manufacturer                                            \u200f                                            :                                            \u200e                                            VIVO   <br \/> ASIN                                            \u200f                                            :                                            \u200e                                            B0FTYQGQGJ   <br \/> Country\/Region of Origin                                            \u200f                                            :                                            \u200e                                            China   <br \/> Guaranteed software updates until                                            \u200f                                            :                                            \u200e                                            unknown   <br \/>  Customer reviews:                                                                                            5.0               5.0 out of 5 stars                                  (3)                                              var dpAcrHasRegisteredArcLinkClickAction;                    P.when(&#8216;A&#8217;, &#8216;ready&#8217;).execute(function(A) {                        if (dpAcrHasRegisteredArcLinkClickAction !== true) {                            dpAcrHasRegisteredArcLinkClickAction = true;                            A.declarative(                                &#8216;acrLink-click-metrics&#8217;, &#8216;click&#8217;,                                { \u00aballowLinkDefault\u00bb: true },                                function (event) {                                    if (window.ue) {                                        ue.count(\u00abacrLinkClickCount\u00bb, (ue.count(\u00abacrLinkClickCount\u00bb) || 0) + 1);                                    }                                }                            );                        }                    });                                             P.when(&#8216;A&#8217;, &#8216;cf&#8217;).execute(function(A) {                A.declarative(&#8216;acrStarsLink-click-metrics&#8217;, &#8216;click&#8217;, { \u00aballowLinkDefault\u00bb : true },  function(event){                    if(window.ue) {                        ue.count(\u00abacrStarsLinkWithPopoverClickCount\u00bb, (ue.count(\u00abacrStarsLinkWithPopoverClickCount\u00bb) || 0) + 1);                    }                });            });                          <\/p>\n<p>\u3010Ample Storage &#038; Smooth Performance\u3011Choose from vivo V60 Lite 5G&#8217;s 8GB + 256GB or 12GB + 512GB storage options, which provide ample space for apps, photos and videos. RAM expandable up to 8GB or 12GB (depending on model) for smooth multitasking and enhanced performance. Equipped with MediaTek Dimensity 7360-Turbo processor with 8 CPU cores and 4nm process node for smooth and efficient operation.<br \/>\u3010Stunning AMOLED Display\u3011 Features a vibrant 6.xx inch AMOLED screen (exact size deduced from dimensions) with a resolution of 2392\u00d71080 pixels. Enjoy smooth scrolling and immersive images with a refresh rate of up to 120Hz and a maximum local brightness of 3000nits. Wide color gamut (P3) and high pixel density (387 PPI) ensure vivid and detailed images.<br \/>\u3010Professional Quality Camera System\u3011Capture stunning photos with the Sony 50MP main camera of the vivo V60 Lite 5G, which features AF, f\/1.79 aperture and 5P lens. Includes an 8MP wide-angle camera (f\/2.2, 120\u00b0 field of view) for taking stunning landscape photos. 32MP HD selfie front camera (f\/2.45, 72\u00b0 field of view) for perfect self-portraits and video calls.<br \/>\u3010Long Battery Life &#038; Super Fast Charging\u3011Equipped with a huge 6500mAh lithium-ion battery, the vivo V60 Lite 5G smartphone ensures all-day use without frequent recharging. Supports 90W fast charging, allowing you to quickly recharge the battery and get back to what matters most to you.<br \/>\u3010Durable Design &#038; Advanced Connectivity\u3011 IP65 water and dust resistance rating ensures the vivo V60 Lite 5G smartphone is protected against the elements. Sleek, lightweight design with composite plastic back cover and on-screen optical fingerprint sensor for added security. Supports 5G, dual SIM connectivity with dual standby, Wi-Fi 6, Bluetooth 5.4, NFC and GPS with multiple satellite systems for seamless global navigation.<\/p>\n\n","protected":false},"excerpt":{"rendered":"<p> Product Description Batteries \u200f : \u200e 1 AAAA batteries required. (included) Package Dimensions \u200f :<\/p>","protected":false},"featured_media":32391,"comment_status":"open","ping_status":"closed","template":"","meta":[],"product_brand":[],"product_cat":[100],"product_tag":[1890,9313,2227,1891,292,1896,1893,681,5775,561,1472,1892,1889,3977,2231,5462,1888,9312,1050,1897,1894,1895,1588,904,9311,9310],"class_list":{"0":"post-32390","1":"product","2":"type-product","3":"status-publish","4":"has-post-thumbnail","6":"product_cat-smartphones","7":"product_tag-5g-smartphones","8":"product_tag-7360turbo","9":"product_tag-amoled","10":"product_tag-android-phones","11":"product_tag-battery","12":"product_tag-best-smartphones","13":"product_tag-budget-smartphones","14":"product_tag-camera","15":"product_tag-dimensity","16":"product_tag-display","17":"product_tag-ip65","18":"product_tag-iphone-smartphones","19":"product_tag-latest-smartphones","20":"product_tag-lite","21":"product_tag-mah","22":"product_tag-mediatek","23":"product_tag-mobile-phones","24":"product_tag-mpx","25":"product_tag-pink","26":"product_tag-smartphone","27":"product_tag-smartphone-deals","28":"product_tag-smartphone-price","29":"product_tag-smartphones","30":"product_tag-triple","31":"product_tag-v60","32":"product_tag-vivo","34":"first","35":"instock","36":"shipping-taxable","37":"product-type-external"},"_links":{"self":[{"href":"https:\/\/comprasyconsejos.store\/en\/wp-json\/wp\/v2\/product\/32390","targetHints":{"allow":["GET"]}}],"collection":[{"href":"https:\/\/comprasyconsejos.store\/en\/wp-json\/wp\/v2\/product"}],"about":[{"href":"https:\/\/comprasyconsejos.store\/en\/wp-json\/wp\/v2\/types\/product"}],"replies":[{"embeddable":true,"href":"https:\/\/comprasyconsejos.store\/en\/wp-json\/wp\/v2\/comments?post=32390"}],"version-history":[{"count":0,"href":"https:\/\/comprasyconsejos.store\/en\/wp-json\/wp\/v2\/product\/32390\/revisions"}],"wp:featuredmedia":[{"embeddable":true,"href":"https:\/\/comprasyconsejos.store\/en\/wp-json\/wp\/v2\/media\/32391"}],"wp:attachment":[{"href":"https:\/\/comprasyconsejos.store\/en\/wp-json\/wp\/v2\/media?parent=32390"}],"wp:term":[{"taxonomy":"product_brand","embeddable":true,"href":"https:\/\/comprasyconsejos.store\/en\/wp-json\/wp\/v2\/product_brand?post=32390"},{"taxonomy":"product_cat","embeddable":true,"href":"https:\/\/comprasyconsejos.store\/en\/wp-json\/wp\/v2\/product_cat?post=32390"},{"taxonomy":"product_tag","embeddable":true,"href":"https:\/\/comprasyconsejos.store\/en\/wp-json\/wp\/v2\/product_tag?post=32390"}],"curies":[{"name":"wp","href":"https:\/\/api.w.org\/{rel}","templated":true}]}}