{"id":32395,"date":"2026-02-23T05:49:25","date_gmt":"2026-02-23T05:49:25","guid":{"rendered":"https:\/\/comprasyconsejos.store\/product\/suhsai-external-hard-drive-gaming-hard-drive-1tb-portable-hard-drive-usb-3-0-storage-drive-for-ps5-ps4-ps3-mac-pc-laptop-tablet-desktop-black\/"},"modified":"2026-02-23T05:49:33","modified_gmt":"2026-02-23T05:49:33","slug":"suhsai-external-hard-drive-gaming-hard-drive-1tb-portable-hard-drive-usb-3-0-storage-drive-for-ps5-ps4-ps3-mac-pc-laptop-tablet-desktop-black","status":"publish","type":"product","link":"https:\/\/comprasyconsejos.store\/en\/product\/suhsai-external-hard-drive-gaming-hard-drive-1tb-portable-hard-drive-usb-3-0-storage-drive-for-ps5-ps4-ps3-mac-pc-laptop-tablet-desktop-black\/","title":{"rendered":"SUHSAI External Hard Drive, Gaming Hard Drive, 1TB Portable Hard Drive, USB 3.0 Storage Drive for PS5, PS4, PS3, Mac, PC, Laptop, Tablet, Desktop (Black)"},"content":{"rendered":"<p>Price: <span style=\"color:#b12704\">\u20ac21.99<\/span><br \/><i><small>(as of Feb 23, 2026 05:49:26 UTC &#8211; <span class=\"wp_automatic_amazon_disclaimer\" title=\"Product prices and availability are accurate as of the date\/time indicated and are subject to change. Any price and availability information displayed on [relevant Amazon Site(s), as applicable] at the time of purchase will apply to the purchase of this product.\">Details<\/span>)<\/small><\/i><\/p>\n<p><a href=\"https:\/\/amazon.es\/dp\/B0995XSHPD?tag=man008-21\"><img decoding=\"async\" src=\"https:\/\/valvepress.s3.amazonaws.com\/imgs\/buy_now.png\"><\/a><br \/>\n<\/p>\n<p>                                             From the brand   <\/p>\n<p>                                              <img decoding=\"async\" alt=\"disco duro para juegos pc xbox ps4 unidad port\u00e1til usb3.0 de disco duro 1tb disco duro hdd\" src=\"https:\/\/images-na.ssl-images-amazon.com\/images\/G\/01\/x-locale\/common\/grey-pixel.gif\" class=\"a-lazy-loaded\" data-src=\"https:\/\/m.media-amazon.com\/images\/S\/aplus-media-library-service-media\/3bb78fa9-e162-4af5-ba35-970f8ba0d115.__CR0,0,2542,1085_PT0_SX1464_V1___.jpg\"><img decoding=\"async\" alt=\"disco duro para juegos pc xbox ps4 unidad port\u00e1til usb3.0 de disco duro 1tb disco duro hdd\" src=\"https:\/\/m.media-amazon.com\/images\/S\/aplus-media-library-service-media\/3bb78fa9-e162-4af5-ba35-970f8ba0d115.__CR0,0,2542,1085_PT0_SX1464_V1___.jpg\">  <\/p>\n<p>                                              <img decoding=\"async\" alt=\"\" src=\"https:\/\/images-na.ssl-images-amazon.com\/images\/G\/01\/x-locale\/common\/grey-pixel.gif\" class=\"a-lazy-loaded\" data-src=\"https:\/\/m.media-amazon.com\/images\/S\/aplus-media-library-service-media\/a45029d9-5bad-4521-8073-5391fac9d676.__CR0,0,1508,1887_PT0_SX362_V1___.jpg\"><img decoding=\"async\" alt=\"\" src=\"https:\/\/m.media-amazon.com\/images\/S\/aplus-media-library-service-media\/a45029d9-5bad-4521-8073-5391fac9d676.__CR0,0,1508,1887_PT0_SX362_V1___.jpg\">  <\/p>\n<p>                                              <img decoding=\"async\" alt=\"\" src=\"https:\/\/images-na.ssl-images-amazon.com\/images\/G\/01\/x-locale\/common\/grey-pixel.gif\" class=\"a-lazy-loaded\" data-src=\"https:\/\/m.media-amazon.com\/images\/S\/aplus-media-library-service-media\/13188a16-4c55-4bd8-bfd4-32cac7629669.__CR0,0,1312,604_PT0_SX315_V1___.jpg\"><img decoding=\"async\" alt=\"\" src=\"https:\/\/m.media-amazon.com\/images\/S\/aplus-media-library-service-media\/13188a16-4c55-4bd8-bfd4-32cac7629669.__CR0,0,1312,604_PT0_SX315_V1___.jpg\">  <\/p>\n<p> Lo que hace \u00fanico a Suhsai <\/p>\n<p> Suhsai ha estado produciendo discos duros peque\u00f1os, adaptables y utilizables en todas partes con un enfoque en la creaci\u00f3n de productos de alta calidad. Su excelente apariencia de alto valor, su dise\u00f1o cautivador y sus incre\u00edbles cualidades lo atraer\u00e1n. Somos la mejor opci\u00f3n para ti y tus necesidades. <\/p>\n<p>                                              <img decoding=\"async\" alt=\"Disco duro para juego\" src=\"https:\/\/images-na.ssl-images-amazon.com\/images\/G\/01\/x-locale\/common\/grey-pixel.gif\" class=\"a-lazy-loaded\" data-src=\"https:\/\/m.media-amazon.com\/images\/S\/aplus-media-library-service-media\/510168e3-dbe5-4acb-86a7-ba71957ade41.__CR0,0,1508,1887_PT0_SX362_V1___.jpg\"><img decoding=\"async\" alt=\"Disco duro para juego\" src=\"https:\/\/m.media-amazon.com\/images\/S\/aplus-media-library-service-media\/510168e3-dbe5-4acb-86a7-ba71957ade41.__CR0,0,1508,1887_PT0_SX362_V1___.jpg\">  <\/p>\n<p>                                              <img decoding=\"async\" alt=\"disco duro para juegos pc xbox ps4 unidad port\u00e1til usb3.0 de disco duro 1tb disco duro hdd\" src=\"https:\/\/images-na.ssl-images-amazon.com\/images\/G\/01\/x-locale\/common\/grey-pixel.gif\" class=\"a-lazy-loaded\" data-src=\"https:\/\/m.media-amazon.com\/images\/S\/aplus-media-library-service-media\/25368b16-3db8-4ed4-9bf2-5d1919412350.__CR0,0,1508,1887_PT0_SX362_V1___.jpg\"><img decoding=\"async\" alt=\"disco duro para juegos pc xbox ps4 unidad port\u00e1til usb3.0 de disco duro 1tb disco duro hdd\" src=\"https:\/\/m.media-amazon.com\/images\/S\/aplus-media-library-service-media\/25368b16-3db8-4ed4-9bf2-5d1919412350.__CR0,0,1508,1887_PT0_SX362_V1___.jpg\">  <\/p>\n<p>                                              <img decoding=\"async\" alt=\"disco duro para juegos pc xbox ps4 unidad port\u00e1til usb3.0 de disco duro 1tb disco duro hdd\" src=\"https:\/\/images-na.ssl-images-amazon.com\/images\/G\/01\/x-locale\/common\/grey-pixel.gif\" class=\"a-lazy-loaded\" data-src=\"https:\/\/m.media-amazon.com\/images\/S\/aplus-media-library-service-media\/2fd0f1ac-7e4a-4e26-aa5d-162120561f68.__CR0,0,1508,1887_PT0_SX362_V1___.jpg\"><img decoding=\"async\" alt=\"disco duro para juegos pc xbox ps4 unidad port\u00e1til usb3.0 de disco duro 1tb disco duro hdd\" src=\"https:\/\/m.media-amazon.com\/images\/S\/aplus-media-library-service-media\/2fd0f1ac-7e4a-4e26-aa5d-162120561f68.__CR0,0,1508,1887_PT0_SX362_V1___.jpg\">  <\/p>\n<p>                                              <img decoding=\"async\" alt=\"disco duro para juegos pc xbox ps4 unidad port\u00e1til usb3.0 de disco duro 1tb disco duro hdd\" src=\"https:\/\/images-na.ssl-images-amazon.com\/images\/G\/01\/x-locale\/common\/grey-pixel.gif\" class=\"a-lazy-loaded\" data-src=\"https:\/\/m.media-amazon.com\/images\/S\/aplus-media-library-service-media\/99a5e426-e670-46a5-9324-b67ef8398232.__CR0,0,1508,1887_PT0_SX362_V1___.jpg\"><img decoding=\"async\" alt=\"disco duro para juegos pc xbox ps4 unidad port\u00e1til usb3.0 de disco duro 1tb disco duro hdd\" src=\"https:\/\/m.media-amazon.com\/images\/S\/aplus-media-library-service-media\/99a5e426-e670-46a5-9324-b67ef8398232.__CR0,0,1508,1887_PT0_SX362_V1___.jpg\">  <\/p>\n<h3> Suhsai Gaming Model <\/h3>\n<p>                                              <img decoding=\"async\" alt=\"disco duro para juegos pc xbox ps4 unidad port\u00e1til usb3.0 de disco duro 1tb disco duro hdd\" src=\"https:\/\/images-na.ssl-images-amazon.com\/images\/G\/01\/x-locale\/common\/grey-pixel.gif\" class=\"a-lazy-loaded\" data-src=\"https:\/\/m.media-amazon.com\/images\/S\/aplus-media-library-service-media\/c9a48e05-1b39-427c-af43-77850e058e46.__CR0,0,1508,1887_PT0_SX362_V1___.jpg\"><img decoding=\"async\" alt=\"disco duro para juegos pc xbox ps4 unidad port\u00e1til usb3.0 de disco duro 1tb disco duro hdd\" src=\"https:\/\/m.media-amazon.com\/images\/S\/aplus-media-library-service-media\/c9a48e05-1b39-427c-af43-77850e058e46.__CR0,0,1508,1887_PT0_SX362_V1___.jpg\">  <\/p>\n<p> Product Dimensions                                            \u200f                                            :                                            \u200e                                            12 x 8 x 1 cm; 154 g   <br \/> Manufacturer                                            \u200f                                            :                                            \u200e                                            Suhsai-F23   <br \/> ASIN                                            \u200f                                            :                                            \u200e                                            B0995XSHPD   <br \/> Item model number                                            \u200f                                            :                                            \u200e                                            Suhsai-F23Game   <br \/> Guaranteed software updates until                                            \u200f                                            :                                            \u200e                                            unknown   <br \/>  Customer reviews:                                                                                            3.9               3.9 out of 5 stars                                  (511)                                              var dpAcrHasRegisteredArcLinkClickAction;                    P.when(&#8216;A&#8217;, &#8216;ready&#8217;).execute(function(A) {                        if (dpAcrHasRegisteredArcLinkClickAction !== true) {                            dpAcrHasRegisteredArcLinkClickAction = true;                            A.declarative(                                &#8216;acrLink-click-metrics&#8217;, &#8216;click&#8217;,                                { \u00aballowLinkDefault\u00bb: true },                                function (event) {                                    if (window.ue) {                                        ue.count(\u00abacrLinkClickCount\u00bb, (ue.count(\u00abacrLinkClickCount\u00bb) || 0) + 1);                                    }                                }                            );                        }                    });                                             P.when(&#8216;A&#8217;, &#8216;cf&#8217;).execute(function(A) {                A.declarative(&#8216;acrStarsLink-click-metrics&#8217;, &#8216;click&#8217;, { \u00aballowLinkDefault\u00bb : true },  function(event){                    if(window.ue) {                        ue.count(\u00abacrStarsLinkWithPopoverClickCount\u00bb, (ue.count(\u00abacrStarsLinkWithPopoverClickCount\u00bb) || 0) + 1);                    }                });            });                          <\/p>\n<p>Suhsai External Hard Drive &#8211; Expand your collection with the Suhsai external hard drive, designed for consoles and laptops. Compatible with consoles and PCs, this external hard drive prevents game deletion and offers 320GB to 1TB external storage for storing large titles, updates and multimedia content. Enjoy stable and fast performance, ideal for gamers looking for extra space and data security.<br \/>PLUG &#038; PLAY CONNECTION &#8211; Plug and play instantly with this portable gaming external hard drive. Plug &#038; Play eliminates the need for complicated installation &#8211; simply plug it into your console or PC for additional storage in seconds. Compatible with PCs, laptops and game consoles, this external hard drive ensures smooth and reliable data transfers for uninterrupted gaming.<br \/>Unlimited portability: Take your games everywhere thanks to the lightweight and compact design of the Suhsai external hard drive. Easy to carry in your backpack, this portable hard drive with its sturdy enclosure offers secure storage and quick access to your games. Perfect as 320GB, 500GB or 1TB external storage for computers and consoles, ensuring your gaming world is always with you, at home or wherever you are.<br \/>MULTI-FUNCTIONAL USE &#8211; In addition to being an excellent gaming hard drive, this external hard drive is ideal as external storage for your laptop, work PC, Mac or Smart TV. Use it to back up, store multimedia, movies, photos and important documents. Available in HDD formats, it combines versatility and capacity to cover all your storage needs safely.<br \/>High-end performance: Suhsai external hard drive delivers reliable storage and speed for demanding gamers. With capacities up to 2TB and compatibility with Windows, Linux and Mac, this external gaming hard drive is optimized for large gaming, ensuring you play more and delete less. Ideal for those looking for fast and secure external storage, compatible with any console or PC.<\/p>\n\n","protected":false},"excerpt":{"rendered":"<p> From the brand Lo que hace \u00fanico a Suhsai Suhsai ha estado produciendo discos duros<\/p>","protected":false},"featured_media":32396,"comment_status":"open","ping_status":"closed","template":"","meta":[],"product_brand":[],"product_cat":[76],"product_tag":[602,1515,1516,307,787,1519,795,1476,1517,617,794,1514,1513,1522,1518,159,1520,774,290,5229,1525,2469,514,1521,8905,157,133],"class_list":{"0":"post-32395","1":"product","2":"type-product","3":"status-publish","4":"has-post-thumbnail","6":"product_cat-hdd-drive","7":"product_tag-1tb","8":"product_tag-1tb-hard-drive","9":"product_tag-2tb-hdd","10":"product_tag-black","11":"product_tag-desktop","12":"product_tag-desktop-hdd","13":"product_tag-drive","14":"product_tag-external","15":"product_tag-external-hard-drive","16":"product_tag-gaming","17":"product_tag-hard","18":"product_tag-hard-drive","19":"product_tag-hdd","20":"product_tag-hdd-price","21":"product_tag-internal-hard-drive","22":"product_tag-laptop","23":"product_tag-laptop-hdd","24":"product_tag-mac","25":"product_tag-portable","26":"product_tag-ps3","27":"product_tag-ps4","28":"product_tag-ps5","29":"product_tag-storage","30":"product_tag-storage-hard-drive","31":"product_tag-suhsai","32":"product_tag-tablet","33":"product_tag-usb","35":"first","36":"instock","37":"shipping-taxable","38":"product-type-external"},"_links":{"self":[{"href":"https:\/\/comprasyconsejos.store\/en\/wp-json\/wp\/v2\/product\/32395","targetHints":{"allow":["GET"]}}],"collection":[{"href":"https:\/\/comprasyconsejos.store\/en\/wp-json\/wp\/v2\/product"}],"about":[{"href":"https:\/\/comprasyconsejos.store\/en\/wp-json\/wp\/v2\/types\/product"}],"replies":[{"embeddable":true,"href":"https:\/\/comprasyconsejos.store\/en\/wp-json\/wp\/v2\/comments?post=32395"}],"version-history":[{"count":0,"href":"https:\/\/comprasyconsejos.store\/en\/wp-json\/wp\/v2\/product\/32395\/revisions"}],"wp:featuredmedia":[{"embeddable":true,"href":"https:\/\/comprasyconsejos.store\/en\/wp-json\/wp\/v2\/media\/32396"}],"wp:attachment":[{"href":"https:\/\/comprasyconsejos.store\/en\/wp-json\/wp\/v2\/media?parent=32395"}],"wp:term":[{"taxonomy":"product_brand","embeddable":true,"href":"https:\/\/comprasyconsejos.store\/en\/wp-json\/wp\/v2\/product_brand?post=32395"},{"taxonomy":"product_cat","embeddable":true,"href":"https:\/\/comprasyconsejos.store\/en\/wp-json\/wp\/v2\/product_cat?post=32395"},{"taxonomy":"product_tag","embeddable":true,"href":"https:\/\/comprasyconsejos.store\/en\/wp-json\/wp\/v2\/product_tag?post=32395"}],"curies":[{"name":"wp","href":"https:\/\/api.w.org\/{rel}","templated":true}]}}