{"id":32412,"date":"2026-02-23T06:03:15","date_gmt":"2026-02-23T06:03:15","guid":{"rendered":"https:\/\/comprasyconsejos.store\/product\/tacens-radix-eco-x-850-pc-atx-850w-power-supply-6-years-warranty-87-efficiency-smd-and-dc-dc-technologies-ultra-quiet-fan-ai-rpm-140mm-fdb-extra-long-flat-cables-black\/"},"modified":"2026-02-23T06:03:19","modified_gmt":"2026-02-23T06:03:19","slug":"tacens-radix-eco-x-850-pc-atx-850w-power-supply-6-years-warranty-87-efficiency-smd-and-dc-dc-technologies-ultra-quiet-fan-ai-rpm-140mm-fdb-extra-long-flat-cables-black","status":"publish","type":"product","link":"https:\/\/comprasyconsejos.store\/en\/product\/tacens-radix-eco-x-850-pc-atx-850w-power-supply-6-years-warranty-87-efficiency-smd-and-dc-dc-technologies-ultra-quiet-fan-ai-rpm-140mm-fdb-extra-long-flat-cables-black\/","title":{"rendered":"Tacens Radix Eco X 850, PC ATX 850W Power Supply, 6 Years Warranty, 87% Efficiency, SMD and DC-DC Technologies, Ultra-Quiet Fan AI-RPM 140mm FDB, Extra Long Flat Cables, Black"},"content":{"rendered":"<p>Price: <span style=\"color:#b12704\"><del>\u20ac52.90<\/del> - \u20ac44.98<\/span><br \/><i><small>(as of Feb 23, 2026 06:03:15 UTC &#8211; <span class=\"wp_automatic_amazon_disclaimer\" title=\"Product prices and availability are accurate as of the date\/time indicated and are subject to change. Any price and availability information displayed on [relevant Amazon Site(s), as applicable] at the time of purchase will apply to the purchase of this product.\">Details<\/span>)<\/small><\/i><\/p>\n<p><a href=\"https:\/\/amazon.es\/dp\/B0DHVPZ5PK?tag=man008-21\"><img decoding=\"async\" src=\"https:\/\/valvepress.s3.amazonaws.com\/imgs\/buy_now.png\"><\/a><br \/>\n<\/p>\n<p>                                             From the manufacturer   <\/p>\n<p>                                                  <img decoding=\"async\" alt=\"fuente de alimentaci\u00f3n pc 750w fuente de alimentaci\u00f3n pc 850w fuente de alimentaci\u00f3n pc fuente\" src=\"https:\/\/images-na.ssl-images-amazon.com\/images\/G\/01\/x-locale\/common\/grey-pixel.gif\" class=\"a-lazy-loaded\" data-src=\"https:\/\/m.media-amazon.com\/images\/S\/aplus-media-library-service-media\/12747f63-3e0b-47f6-825c-30859c923acb.__CR0,0,970,300_PT0_SX970_V1___.jpg\"><img decoding=\"async\" alt=\"fuente de alimentaci\u00f3n pc 750w fuente de alimentaci\u00f3n pc 850w fuente de alimentaci\u00f3n pc fuente\" src=\"https:\/\/m.media-amazon.com\/images\/S\/aplus-media-library-service-media\/12747f63-3e0b-47f6-825c-30859c923acb.__CR0,0,970,300_PT0_SX970_V1___.jpg\">  <\/p>\n<p>                                                                             <img decoding=\"async\" alt=\"La fuente de alimentaci\u00f3n del ordenador se muestra desde varios \u00e1ngulos sobre un fondo degradado violeta y azul con una iluminaci\u00f3n espectacular.\" src=\"https:\/\/images-na.ssl-images-amazon.com\/images\/G\/01\/x-locale\/common\/grey-pixel.gif\" class=\"a-spacing-base a-lazy-loaded\" data-src=\"https:\/\/m.media-amazon.com\/images\/S\/aplus-media-library-service-media\/984df534-cdda-40b4-bd77-16c4fa8378de.__CR534,0,4294,2656_PT0_SX970_V1___.jpg\"><img decoding=\"async\" alt=\"La fuente de alimentaci\u00f3n del ordenador se muestra desde varios \u00e1ngulos sobre un fondo degradado violeta y azul con una iluminaci\u00f3n espectacular.\" src=\"https:\/\/m.media-amazon.com\/images\/S\/aplus-media-library-service-media\/984df534-cdda-40b4-bd77-16c4fa8378de.__CR534,0,4294,2656_PT0_SX970_V1___.jpg\">                                                                    <\/p>\n<p>                                                  <img decoding=\"async\" alt=\"Fuente de alimentaci\u00f3n para computadora negra con ventilaci\u00f3n de malla y un gran ventilador de refrigeraci\u00f3n visible en la parte superior. Componente de PC de estilo industrial con puerto de conexi\u00f3n de alimentaci\u00f3n est\u00e1ndar.\" src=\"https:\/\/images-na.ssl-images-amazon.com\/images\/G\/01\/x-locale\/common\/grey-pixel.gif\" class=\"a-lazy-loaded\" data-src=\"https:\/\/m.media-amazon.com\/images\/S\/aplus-media-library-service-media\/212d53bd-6dc8-4ba1-8ae0-f9ab503d8e78.__CR0,0,2000,2000_PT0_SX300_V1___.jpg\"><img decoding=\"async\" alt=\"Fuente de alimentaci\u00f3n para computadora negra con ventilaci\u00f3n de malla y un gran ventilador de refrigeraci\u00f3n visible en la parte superior. Componente de PC de estilo industrial con puerto de conexi\u00f3n de alimentaci\u00f3n est\u00e1ndar.\" src=\"https:\/\/m.media-amazon.com\/images\/S\/aplus-media-library-service-media\/212d53bd-6dc8-4ba1-8ae0-f9ab503d8e78.__CR0,0,2000,2000_PT0_SX300_V1___.jpg\">  <\/p>\n<h3 class=\"a-spacing-mini\"> FUENTE DE ALIMENTACI\u00d3N RADIX ECO X <\/h3>\n<\/p>\n<p>6 a\u00f1os de seguridad gracias a la \u00faltima tecnolog\u00eda de fabricaci\u00f3n SMD de alta precisi\u00f3n y tecnolog\u00eda de conversi\u00f3n DC-DC, PCB de doble capa de fibra de vidrio y componentes grado-A de fiabilidad total.Silencio m\u00e1ximo con la nueva tecnolog\u00eda AI-RPM y ventilador XL de 140mm. 99% eficiencia DIGITAL APFC, 87% de eficiencia el\u00e9ctrica, cables planos negros extra-largos y 10 sistemas de protecci\u00f3n y seguridad incluidos.La Fuente de Alimentaci\u00f3n RADIX ECO X se encuentra disponible en 4 potencias diferentes: 550W \/ 650W \/ 750W \/ 850W.     <\/p>\n<p class=\"apm-text-center\">\n                                                      <img decoding=\"async\" alt=\"Fuente de alimentaci\u00f3n para ordenador con ventilaci\u00f3n de malla y gran ventilador de refrigeraci\u00f3n. Carcasa met\u00e1lica de color gris oscuro con orificios de ventilaci\u00f3n en forma de panal.\" src=\"https:\/\/images-na.ssl-images-amazon.com\/images\/G\/01\/x-locale\/common\/grey-pixel.gif\" class=\"a-lazy-loaded\" data-src=\"https:\/\/m.media-amazon.com\/images\/S\/aplus-media-library-service-media\/19643160-aa3b-4d11-86c7-892cc7a0b500.__CR0,0,2000,2000_PT0_SX220_V1___.jpg\"><img decoding=\"async\" alt=\"Fuente de alimentaci\u00f3n para ordenador con ventilaci\u00f3n de malla y gran ventilador de refrigeraci\u00f3n. Carcasa met\u00e1lica de color gris oscuro con orificios de ventilaci\u00f3n en forma de panal.\" src=\"https:\/\/m.media-amazon.com\/images\/S\/aplus-media-library-service-media\/19643160-aa3b-4d11-86c7-892cc7a0b500.__CR0,0,2000,2000_PT0_SX220_V1___.jpg\">  <\/p>\n<p>                                                    6 A\u00d1OS DE GARANTIA. SEGURIDAD TOTAL                                     <\/p>\n<p class=\"a-size-small\"> Gracias a la \u00faltima tecnolog\u00eda de fabricaci\u00f3n SMD de alta precisi\u00f3n, el uso de componentes grado-A de m\u00e1xima calidad y fiabilidad y un sistema de refrigeraci\u00f3n inteligente, las RADIX ECO X ofrecen una seguridad extendida de funcionamiento de 6 a\u00f1os. <\/p>\n<p class=\"a-size-small\"> Su fabricaci\u00f3n ultra estable SMD sobre un PCB de doble capa de fibra de vidrio, asegura un rendimiento y fiabilidad extremos ante cualquier circunstancia. <\/p>\n<p class=\"a-size-small\"> Adem\u00e1s, la RADIX ECO X integra los m\u00e1s avanzados y completos sistemas de seguridad electr\u00f3nicos, contando con protecciones: OPP, OVP, UVP, SCP, OCP, OTP, OLP, SCP, NLO, PFP, TCP. <\/p>\n<p class=\"a-size-small\"> Desarrolladas en Europa y fabricadas bajo los m\u00e1s estrictos est\u00e1ndares europeos. <\/p>\n<p class=\"apm-text-center\">\n                                                      <img decoding=\"async\" alt=\"fuente de alimentaci\u00f3n pc 750w fuente de alimentaci\u00f3n pc 850w fuente de alimentaci\u00f3n pc fuente\" src=\"https:\/\/images-na.ssl-images-amazon.com\/images\/G\/01\/x-locale\/common\/grey-pixel.gif\" class=\"a-lazy-loaded\" data-src=\"https:\/\/m.media-amazon.com\/images\/S\/aplus-media-library-service-media\/2a0f06c3-48f0-425d-839e-1dec80f4de1b.__CR0,0,2000,2000_PT0_SX220_V1___.jpg\"><img decoding=\"async\" alt=\"fuente de alimentaci\u00f3n pc 750w fuente de alimentaci\u00f3n pc 850w fuente de alimentaci\u00f3n pc fuente\" src=\"https:\/\/m.media-amazon.com\/images\/S\/aplus-media-library-service-media\/2a0f06c3-48f0-425d-839e-1dec80f4de1b.__CR0,0,2000,2000_PT0_SX220_V1___.jpg\">  <\/p>\n<p>                                                    SILENCIO ABSOLUTO. AI-RPM Y 140MM FDB                                     <\/p>\n<p class=\"a-size-small\"> Equipadas con la \u00faltima tecnolog\u00eda en control de ventiladores AI-RPM ideales para garantizar un funcionamiento sin ruido, las RADIX ECO X cuentan con control t\u00e9rmico inteligente de \u00faltima generaci\u00f3n basado en algoritmos avanzados y sistemas de control multinivel para mantener el ventilador al m\u00ednimo. <\/p>\n<p class=\"a-size-small\"> Adem\u00e1s, cuentan con un ventilador XL de grado industrial y 140mm con rodamiento de fluido din\u00e1mico y motor extragrande para maximizar su estabilidad. <\/p>\n<p class=\"a-size-small\"> Toda la tecnolog\u00eda disponible para asegurar el m\u00ednimo ruido y la m\u00e1xima eficiencia y durabilidad. <\/p>\n<p class=\"apm-text-center\">\n                                                      <img decoding=\"async\" alt=\"fuente de alimentaci\u00f3n pc 750w fuente de alimentaci\u00f3n pc 850w fuente de alimentaci\u00f3n pc fuente\" src=\"https:\/\/images-na.ssl-images-amazon.com\/images\/G\/01\/x-locale\/common\/grey-pixel.gif\" class=\"a-lazy-loaded\" data-src=\"https:\/\/m.media-amazon.com\/images\/S\/aplus-media-library-service-media\/bf8ac280-d4f9-4909-b223-cef3c156e0e7.__CR0,0,2000,2000_PT0_SX220_V1___.jpg\"><img decoding=\"async\" alt=\"fuente de alimentaci\u00f3n pc 750w fuente de alimentaci\u00f3n pc 850w fuente de alimentaci\u00f3n pc fuente\" src=\"https:\/\/m.media-amazon.com\/images\/S\/aplus-media-library-service-media\/bf8ac280-d4f9-4909-b223-cef3c156e0e7.__CR0,0,2000,2000_PT0_SX220_V1___.jpg\">  <\/p>\n<p>                                                    TECNOLOG\u00cdA DE CONVERSI\u00d3N DC-DC Y EFICIENCIA PROFESIONAL                                     <\/p>\n<p class=\"a-size-small\"> La tecnolog\u00eda de conversi\u00f3n DC-DC optimiza la eficiencia y garantiza una estabilidad y adaptabilidad excepcionales, protegiendo los componentes m\u00e1s sensibles. <\/p>\n<p class=\"a-size-small\"> Incluso ante variaciones de carga, estas fuentes ATX mantienen un rendimiento \u00f3ptimo y una estabilidad del sistema en cualquier situaci\u00f3n. <\/p>\n<p class=\"a-size-small\"> Con una eficiencia del 99% en el sistema DIGITAL APFC y un 87% de eficiencia el\u00e9ctrica lograr\u00e1s un perfecto equilibrio entre eficiencia y consumo. <\/p>\n<p class=\"a-size-small\"> Adem\u00e1s, su tecnolog\u00eda de ra\u00edl \u00fanico +12v te permitir\u00e1 instalar el hardware m\u00e1s exigente. <\/p>\n<p class=\"apm-text-center\">\n                                                      <img decoding=\"async\" alt=\"fuente de alimentaci\u00f3n pc 750w fuente de alimentaci\u00f3n pc 850w fuente de alimentaci\u00f3n pc fuente\" src=\"https:\/\/images-na.ssl-images-amazon.com\/images\/G\/01\/x-locale\/common\/grey-pixel.gif\" class=\"a-lazy-loaded\" data-src=\"https:\/\/m.media-amazon.com\/images\/S\/aplus-media-library-service-media\/6a13f702-1ab6-4571-829c-9e1792f71528.__CR0,0,2000,2000_PT0_SX220_V1___.jpg\"><img decoding=\"async\" alt=\"fuente de alimentaci\u00f3n pc 750w fuente de alimentaci\u00f3n pc 850w fuente de alimentaci\u00f3n pc fuente\" src=\"https:\/\/m.media-amazon.com\/images\/S\/aplus-media-library-service-media\/6a13f702-1ab6-4571-829c-9e1792f71528.__CR0,0,2000,2000_PT0_SX220_V1___.jpg\">  <\/p>\n<p>                                                    DISE\u00d1O DE CABLES OPTIMIZADO                                     <\/p>\n<p class=\"a-size-small\"> Los cables de las RADIX ECO X son planos, negros y extralargos: una combinaci\u00f3n de prestaciones que hacen su instalaci\u00f3n no solo m\u00e1s f\u00e1cil que nunca, sino adem\u00e1s totalmente vers\u00e1til para cualquier montaje en cualquier tipo de caja. <\/p>\n<p class=\"a-size-small\"> Construye el PC definitivo con una torre de gran tama\u00f1o y disfruta de tus partidas a lo grande. <\/p>\n<p>                                                  <img decoding=\"async\" alt=\"fuente de alimentaci\u00f3n pc 750w fuente de alimentaci\u00f3n pc 850w fuente de alimentaci\u00f3n pc fuente\" src=\"https:\/\/images-na.ssl-images-amazon.com\/images\/G\/01\/x-locale\/common\/grey-pixel.gif\" class=\"a-lazy-loaded\" data-src=\"https:\/\/m.media-amazon.com\/images\/S\/aplus-media-library-service-media\/858dad16-256f-45b1-a346-674a179f56fd.__CR0,0,970,300_PT0_SX970_V1___.jpg\"><img decoding=\"async\" alt=\"fuente de alimentaci\u00f3n pc 750w fuente de alimentaci\u00f3n pc 850w fuente de alimentaci\u00f3n pc fuente\" src=\"https:\/\/m.media-amazon.com\/images\/S\/aplus-media-library-service-media\/858dad16-256f-45b1-a346-674a179f56fd.__CR0,0,970,300_PT0_SX970_V1___.jpg\">  <\/p>\n<p> Batteries                                            \u200f                                            :                                            \u200e                                            1 AAAA batteries required. (included)   <br \/> Product Dimensions                                            \u200f                                            :                                            \u200e                                            15 x 16 x 8.5 cm; 1.55 kg   <br \/> Manufacturer                                            \u200f                                            :                                            \u200e                                            Tacens   <br \/> ASIN                                            \u200f                                            :                                            \u200e                                            B0DHVPZ5PK   <br \/> Item model number                                            \u200f                                            :                                            \u200e                                            1RECOX850   <br \/> Country of origin                                            \u200f                                            :                                            \u200e                                            Spain   <br \/> Guaranteed software updates until                                            \u200f                                            :                                            \u200e                                            unknown   <br \/>  Customer reviews:                                                                                            4.5               4.5 out of 5 stars                                  (49)                                              var dpAcrHasRegisteredArcLinkClickAction;                    P.when(&#8216;A&#8217;, &#8216;ready&#8217;).execute(function(A) {                        if (dpAcrHasRegisteredArcLinkClickAction !== true) {                            dpAcrHasRegisteredArcLinkClickAction = true;                            A.declarative(                                &#8216;acrLink-click-metrics&#8217;, &#8216;click&#8217;,                                { \u00aballowLinkDefault\u00bb: true },                                function (event) {                                    if (window.ue) {                                        ue.count(\u00abacrLinkClickCount\u00bb, (ue.count(\u00abacrLinkClickCount\u00bb) || 0) + 1);                                    }                                }                            );                        }                    });                                             P.when(&#8216;A&#8217;, &#8216;cf&#8217;).execute(function(A) {                A.declarative(&#8216;acrStarsLink-click-metrics&#8217;, &#8216;click&#8217;, { \u00aballowLinkDefault\u00bb : true },  function(event){                    if(window.ue) {                        ue.count(\u00abacrStarsLinkWithPopoverClickCount\u00bb, (ue.count(\u00abacrStarsLinkWithPopoverClickCount\u00bb) || 0) + 1);                    }                });            });                          <\/p>\n<p>6 YEARS WARRANTY: Thanks to the latest high-precision SMD manufacturing technology, the use of top-quality and reliable grade-A components and an intelligent cooling system, the RADIX ECO X 850 source offers an extended 6-year operation warranty; In addition, its ultra-stable SMD manufacturing over a double-layer fiberglass PCB ensures extreme performance and reliability<br \/>TOTAL SECURITY LEVEL 10: The ATX RADIX ECO X 850 source integrates the most advanced and complete electronic security systems: OPP, OVP, UVP, SCP, OCP, OTP, OLP, SCP, NLO, PFP and TCP; In addition, it has been developed in Europe and manufactured under the strictest European standards<br \/>ABSOLUTE SILENCE. AI-RPM Y 140MM FDB: Equipped with the latest technology in AI-RPM fan control that ensures noise-free operation, the RADIX ECO X 850 power supply features intelligent thermal control and featuring an industrial-grade XL fan and 140mm dynamic fluid bearing and extra-large motor<br \/>PROFESSIONAL EFFICIENCY DC-DC TECHNOLOGY: With an efficiency of 99% in the DIGITAL APFC system and 87% electrical efficiency, the PC RADIX ECO X 850 source presents a perfect balance between efficiency and consumption; In addition, it incorporates DC-DC conversion technology with a powerful single rail +12V, allowing you to install the most demanding hardware while maintaining optimal performance<br \/>OPTIMIZED CABLE DESIGN: The RADIX ECO X 850 12V and 850W power supply cables are flat, black, and extra-long: a combination of features that make installation easier than ever and totally versatile for any mounting in any type of enclosure<\/p>\n\n","protected":false},"excerpt":{"rendered":"<p> From the manufacturer FUENTE DE ALIMENTACI\u00d3N RADIX ECO X 6 a\u00f1os de seguridad gracias a<\/p>","protected":false},"featured_media":32413,"comment_status":"open","ping_status":"closed","template":"","meta":[],"product_brand":[],"product_cat":[79],"product_tag":[2461,1488,1490,1495,3682,5994,1458,1499,307,190,1500,6078,2628,1509,299,910,5043,3355,1494,180,1492,1498,143,1485,824,5739,6079,1505,5992,6080,7714,725,2277],"class_list":{"0":"post-32412","1":"product","2":"type-product","3":"status-publish","4":"has-post-thumbnail","6":"product_cat-pc-power-supply-unit","7":"product_tag-140mm","8":"product_tag-650w-psu","9":"product_tag-750w-psu","10":"product_tag-80-plus-gold-psu","11":"product_tag-850w","12":"product_tag-airpm","13":"product_tag-atx","14":"product_tag-best-psu","15":"product_tag-black","16":"product_tag-cables","17":"product_tag-computer-power-unit","18":"product_tag-dcdc","19":"product_tag-eco","20":"product_tag-efficiency","21":"product_tag-extra","22":"product_tag-fan","23":"product_tag-fdb","24":"product_tag-flat","25":"product_tag-gaming-power-supply","26":"product_tag-long","27":"product_tag-modular-psu","28":"product_tag-pc-power-supply-price","29":"product_tag-power","30":"product_tag-power-supply","31":"product_tag-psu","32":"product_tag-radix","33":"product_tag-smd","34":"product_tag-supply","35":"product_tag-tacens","36":"product_tag-technologies","37":"product_tag-ultraquiet","38":"product_tag-warranty","39":"product_tag-years","41":"first","42":"instock","43":"sale","44":"shipping-taxable","45":"product-type-external"},"_links":{"self":[{"href":"https:\/\/comprasyconsejos.store\/en\/wp-json\/wp\/v2\/product\/32412","targetHints":{"allow":["GET"]}}],"collection":[{"href":"https:\/\/comprasyconsejos.store\/en\/wp-json\/wp\/v2\/product"}],"about":[{"href":"https:\/\/comprasyconsejos.store\/en\/wp-json\/wp\/v2\/types\/product"}],"replies":[{"embeddable":true,"href":"https:\/\/comprasyconsejos.store\/en\/wp-json\/wp\/v2\/comments?post=32412"}],"version-history":[{"count":0,"href":"https:\/\/comprasyconsejos.store\/en\/wp-json\/wp\/v2\/product\/32412\/revisions"}],"wp:featuredmedia":[{"embeddable":true,"href":"https:\/\/comprasyconsejos.store\/en\/wp-json\/wp\/v2\/media\/32413"}],"wp:attachment":[{"href":"https:\/\/comprasyconsejos.store\/en\/wp-json\/wp\/v2\/media?parent=32412"}],"wp:term":[{"taxonomy":"product_brand","embeddable":true,"href":"https:\/\/comprasyconsejos.store\/en\/wp-json\/wp\/v2\/product_brand?post=32412"},{"taxonomy":"product_cat","embeddable":true,"href":"https:\/\/comprasyconsejos.store\/en\/wp-json\/wp\/v2\/product_cat?post=32412"},{"taxonomy":"product_tag","embeddable":true,"href":"https:\/\/comprasyconsejos.store\/en\/wp-json\/wp\/v2\/product_tag?post=32412"}],"curies":[{"name":"wp","href":"https:\/\/api.w.org\/{rel}","templated":true}]}}