{"id":32425,"date":"2026-02-23T06:17:01","date_gmt":"2026-02-23T06:17:01","guid":{"rendered":"https:\/\/comprasyconsejos.store\/product\/mag-z790-tomahawk-wifi\/"},"modified":"2026-02-23T06:17:06","modified_gmt":"2026-02-23T06:17:06","slug":"mag-z790-tomahawk-wifi","status":"publish","type":"product","link":"https:\/\/comprasyconsejos.store\/en\/product\/mag-z790-tomahawk-wifi\/","title":{"rendered":"MAG Z790 TOMAHAWK WIFI"},"content":{"rendered":"<p>Price: <span style=\"color:#b12704\"><del>\u20ac227.90<\/del> - \u20ac221.80<\/span><br \/><i><small>(as of Feb 23, 2026 06:17:01 UTC &#8211; <span class=\"wp_automatic_amazon_disclaimer\" title=\"Product prices and availability are accurate as of the date\/time indicated and are subject to change. Any price and availability information displayed on [relevant Amazon Site(s), as applicable] at the time of purchase will apply to the purchase of this product.\">Details<\/span>)<\/small><\/i><\/p>\n<p><a href=\"https:\/\/amazon.es\/dp\/B09Y1FJBHX?tag=man008-21\"><img decoding=\"async\" src=\"https:\/\/valvepress.s3.amazonaws.com\/imgs\/buy_now.png\"><\/a><br \/>\n<\/p>\n<p>                                             From the manufacturer   <\/p>\n<p>                                                  <img decoding=\"async\" alt=\"banner\" src=\"https:\/\/images-na.ssl-images-amazon.com\/images\/G\/01\/x-locale\/common\/grey-pixel.gif\" class=\"a-lazy-loaded\" data-src=\"https:\/\/m.media-amazon.com\/images\/S\/aplus-media-library-service-media\/0b8b88fe-e4f1-4bd9-9fb0-63b336e54c23.__CR0,0,1940,600_PT0_SX970_V1___.jpeg\"><img decoding=\"async\" alt=\"banner\" src=\"https:\/\/m.media-amazon.com\/images\/S\/aplus-media-library-service-media\/0b8b88fe-e4f1-4bd9-9fb0-63b336e54c23.__CR0,0,1940,600_PT0_SX970_V1___.jpeg\">  <\/p>\n<p>                                                      <img decoding=\"async\" alt=\"profile\" src=\"https:\/\/images-na.ssl-images-amazon.com\/images\/G\/01\/x-locale\/common\/grey-pixel.gif\" class=\"a-spacing-mini a-lazy-loaded\" data-src=\"https:\/\/m.media-amazon.com\/images\/S\/aplus-media-library-service-media\/087ddd5f-6148-4f30-8c0e-a69cd9f0c7f7.__CR0,0,600,800_PT0_SX300_V1___.jpeg\"><img decoding=\"async\" alt=\"profile\" src=\"https:\/\/m.media-amazon.com\/images\/S\/aplus-media-library-service-media\/087ddd5f-6148-4f30-8c0e-a69cd9f0c7f7.__CR0,0,600,800_PT0_SX300_V1___.jpeg\">  <\/p>\n<p>                                                              <img decoding=\"async\" alt=\"logo1\" src=\"https:\/\/images-na.ssl-images-amazon.com\/images\/G\/01\/x-locale\/common\/grey-pixel.gif\" class=\"a-spacing-mini a-lazy-loaded\" data-src=\"https:\/\/m.media-amazon.com\/images\/S\/aplus-media-library-service-media\/186b3a7e-05ac-488f-9633-94be1b812ce7.__CR0,0,1022,511_PT0_SX350_V1___.png\"><img decoding=\"async\" alt=\"logo1\" src=\"https:\/\/m.media-amazon.com\/images\/S\/aplus-media-library-service-media\/186b3a7e-05ac-488f-9633-94be1b812ce7.__CR0,0,1022,511_PT0_SX350_V1___.png\">                                          MSI: For Gamers &amp; Creators                                 <\/p>\n<p class=\"a-spacing-small a-size-small a-color-secondary\"> MSI es la marca de confianza para el Gaming y los eSports   .Dedicamos innumerables horas y numerosos recursos para apoyar a los mejores   jugadores y aspirantes y, a cambio, utilizamos su conocimiento y   experiencia en nuestros productos. MSI integr\u00f3 todas las funciones   aspiracionales de los jugadores en sus equipos de juego y llev\u00f3 el   rendimiento m\u00e1s all\u00e1 de los l\u00edmites. <\/p>\n<h3 class=\"a-spacing-mini\"> MAG Z790 TOMAHAWK WIFI <\/h3>\n<p>                                          Unite as One                                     <\/p>\n<p class=\"a-spacing-base\"> La MAG Z790 TOMAHAWK WIFI es una placa base ATX orientada al gaming fabricada en torno al \u00faltimo chipset Intel Z790 que equilibra el valor con el hardware de primera calidad. <\/p>\n<p>                                                          Compatible con Procesadores Intel Core 12th y 13th (LGA 1700)       Sistema de energ\u00eda 16 Duet Rail con etapa de potencia de 90A       4 x DDR5 DIMMs con Memory Boost: Dual Channel (128GB Max. \/ 7200MHz OC)       1 x PCI-e 5.0 x16, 1 x PCI-e 4.0 x16 ranuras       Ranuras M.2 Lightning Gen4 con Shield Frozr       8-Channel (7.1) USB High Performance Audio con Audio Boost 5       Intel 2.5G LAN, Wi-Fi 6E y Bluetooth 5.2      <\/p>\n<h3 class=\"a-spacing-small\"> Chipset Z790, 16 Duet Rail Power System, Refrigeraci\u00f3n Inteligente, DDR4 Memory Boost <\/h3>\n<p class=\"apm-text-center\">\n                                                      <img decoding=\"async\" alt=\"MAG Z790 TOMAHAWK WIFI DDR4_A+_1\" src=\"https:\/\/images-na.ssl-images-amazon.com\/images\/G\/01\/x-locale\/common\/grey-pixel.gif\" class=\"a-lazy-loaded\" data-src=\"https:\/\/m.media-amazon.com\/images\/S\/aplus-media-library-service-media\/ba708b9e-07e9-45e2-a830-2c103c4d4792.__CR0,0,2000,2000_PT0_SX220_V1___.png\"><img decoding=\"async\" alt=\"MAG Z790 TOMAHAWK WIFI DDR4_A+_1\" src=\"https:\/\/m.media-amazon.com\/images\/S\/aplus-media-library-service-media\/ba708b9e-07e9-45e2-a830-2c103c4d4792.__CR0,0,2000,2000_PT0_SX220_V1___.png\">  <\/p>\n<p>                                                    Soporta Procesadores Intel Core 12th y 13th Gen                                      <\/p>\n<p class=\"a-size-small\"> La placa base MAG Z790 TOMAHAWK WIFI es compatible con los procesadores Intel Core, Pentium Gold y Celeron de 12\u00aa y 13\u00aa generaci\u00f3n. <\/p>\n<p class=\"a-size-small\">\n<p>Tipo de z\u00f3calo: LGA 1700Chipset: Intel Z790     <\/p>\n<p class=\"apm-text-center\">\n                                                      <img decoding=\"async\" alt=\"MAG Z790 TOMAHAWK WIFI DDR4_A+_2\" src=\"https:\/\/images-na.ssl-images-amazon.com\/images\/G\/01\/x-locale\/common\/grey-pixel.gif\" class=\"a-lazy-loaded\" data-src=\"https:\/\/m.media-amazon.com\/images\/S\/aplus-media-library-service-media\/0dcaf8d0-748d-47c8-aca3-04f660886e4b.__CR0,0,2000,2000_PT0_SX220_V1___.png\"><img decoding=\"async\" alt=\"MAG Z790 TOMAHAWK WIFI DDR4_A+_2\" src=\"https:\/\/m.media-amazon.com\/images\/S\/aplus-media-library-service-media\/0dcaf8d0-748d-47c8-aca3-04f660886e4b.__CR0,0,2000,2000_PT0_SX220_V1___.png\">  <\/p>\n<p>                                                    16+1+1 Duet Rail Power System con 90A SPS                                     <\/p>\n<p class=\"a-size-small\"> Con sus conectores de alimentaci\u00f3n duales de 8 pines y la exclusiva tecnolog\u00eda Core Boost, la MAG Z790 TOMAHAWK WIFI es capaz de soportar cargas de potencia de CPU pesadas para admitir  configuraciones de sistemas de gaming exigentes: <\/p>\n<p class=\"a-size-small\">\n<p>IC PWM Digital16-Phase Duet Rail CPU Power (Smart Power Stage \/ 90A)1-Phase GT Power 1-Phase AUX Power     <\/p>\n<p class=\"apm-text-center\">\n                                                      <img decoding=\"async\" alt=\"MAG Z790 TOMAHAWK WIFI DDR4_A+_3\" src=\"https:\/\/images-na.ssl-images-amazon.com\/images\/G\/01\/x-locale\/common\/grey-pixel.gif\" class=\"a-lazy-loaded\" data-src=\"https:\/\/m.media-amazon.com\/images\/S\/aplus-media-library-service-media\/c37aa79d-a6c9-4929-99c5-f1e012446ae5.__CR0,0,2000,2000_PT0_SX220_V1___.png\"><img decoding=\"async\" alt=\"MAG Z790 TOMAHAWK WIFI DDR4_A+_3\" src=\"https:\/\/m.media-amazon.com\/images\/S\/aplus-media-library-service-media\/c37aa79d-a6c9-4929-99c5-f1e012446ae5.__CR0,0,2000,2000_PT0_SX220_V1___.png\">  <\/p>\n<p>                                                    Funciones de Refrigeraci\u00f3n Integradas                                     <\/p>\n<p class=\"a-size-small\"> Refrigeraci\u00f3n VRM: Cuenta con un disipador de calor extendido y almohadillas t\u00e9rmicas de 7 W\/mK. <\/p>\n<p class=\"a-size-small\"> Refrigeraci\u00f3n PCB: El dise\u00f1o premium de circuito impreso grado servidor presenta 6 capas con 2oz. de cobre reforzado mejora la disipaci\u00f3n de calor y la fiabilidad. <\/p>\n<p class=\"a-size-small\"> Refrigeraci\u00f3n SSD: M.2 Shield Frozr evita el estrangulamiento t\u00e9rmico (throttling). <\/p>\n<p class=\"a-size-small\"> Refrigeraci\u00f3n del Sistema: Conecte y sincronice la refrigeraci\u00f3n con los cabezales de clavija colocados estrat\u00e9gicamente; Incluye un cabezal de bomba-ventilador dedicado. <\/p>\n<p class=\"apm-text-center\">\n                                                      <img decoding=\"async\" alt=\"ram\" src=\"https:\/\/images-na.ssl-images-amazon.com\/images\/G\/01\/x-locale\/common\/grey-pixel.gif\" class=\"a-lazy-loaded\" data-src=\"https:\/\/m.media-amazon.com\/images\/S\/aplus-media-library-service-media\/4e860846-30e8-4eba-acaa-95b775da999f.__CR0,0,2000,2000_PT0_SX220_V1___.jpeg\"><img decoding=\"async\" alt=\"ram\" src=\"https:\/\/m.media-amazon.com\/images\/S\/aplus-media-library-service-media\/4e860846-30e8-4eba-acaa-95b775da999f.__CR0,0,2000,2000_PT0_SX220_V1___.jpeg\">  <\/p>\n<p>                                                    4 x DDR5 Dual Channel (7200 MHz OC*)                                     <\/p>\n<p class=\"a-size-small\"> Memory Boost: Un circuito DDR totalmente aislado proporciona se\u00f1ales de datos puras para un rendimiento \u00f3ptimo en juegos y overclocking. <\/p>\n<p class=\"a-size-small\"> Los perfiles XMP en la BIOS de MSI est\u00e1n optimizados para MSI OC LAB y se pueden habilitar f\u00e1cilmente con la configuraci\u00f3n de energ\u00eda autom\u00e1tica para optimizar la velocidad de la memoria y la estabilidad. <\/p>\n<p class=\"a-size-small\"> *1DPC 1R Frecuencia m\u00e1xima de overclocking 7200+ MHz, soporta Intel XMP. <\/p>\n<h3 class=\"a-spacing-small\"> Ranura PCI-e 5.0 x16, Rendimiento de Almacenamiento Superior, Conectividad Wi-Fi 6E <\/h3>\n<p class=\"apm-text-center\">\n                                                      <img decoding=\"async\" alt=\"MAG Z790 TOMAHAWK WIFI DDR4_A+_4\" src=\"https:\/\/images-na.ssl-images-amazon.com\/images\/G\/01\/x-locale\/common\/grey-pixel.gif\" class=\"a-lazy-loaded\" data-src=\"https:\/\/m.media-amazon.com\/images\/S\/aplus-media-library-service-media\/5bc2c134-be74-40ee-b2ca-065a05b15faa.__CR0,0,2000,2000_PT0_SX220_V1___.png\"><img decoding=\"async\" alt=\"MAG Z790 TOMAHAWK WIFI DDR4_A+_4\" src=\"https:\/\/m.media-amazon.com\/images\/S\/aplus-media-library-service-media\/5bc2c134-be74-40ee-b2ca-065a05b15faa.__CR0,0,2000,2000_PT0_SX220_V1___.png\">  <\/p>\n<p>                                                     PCI-e 5.0 x16 Fortificada                                     <\/p>\n<p class=\"a-size-small\"> Las ranuras MSI PCI Express Steel Armor est\u00e1n aseguradas a la placa base con puntos de soldadura adicionales para soportar el peso de tarjetas gr\u00e1ficas pesadas y protege el punto de contacto de interferencias electromagn\u00e9ticas: <\/p>\n<p class=\"a-size-small\">\n<p>1 ranura PCI-e 5.0\/4.0\/3.0 x16 (con Steel Armor**)1 ranura PCI-e 4.0\/3.0 x16*      <\/p>\n<p class=\"a-size-small\"> *Soporta x16\/x4 <\/p>\n<p class=\"a-size-small\"> **La soldadura con tecnolog\u00eda MSI Surface Mount Technology (SMT) mejora la claridad de la se\u00f1al. <\/p>\n<p class=\"apm-text-center\">\n                                                      <img decoding=\"async\" alt=\"MAG Z790 TOMAHAWK WIFI DDR4_A+_5\" src=\"https:\/\/images-na.ssl-images-amazon.com\/images\/G\/01\/x-locale\/common\/grey-pixel.gif\" class=\"a-lazy-loaded\" data-src=\"https:\/\/m.media-amazon.com\/images\/S\/aplus-media-library-service-media\/49ae512d-eeb6-425a-9cc3-35c6253e0026.__CR0,0,2000,2000_PT0_SX220_V1___.png\"><img decoding=\"async\" alt=\"MAG Z790 TOMAHAWK WIFI DDR4_A+_5\" src=\"https:\/\/m.media-amazon.com\/images\/S\/aplus-media-library-service-media\/49ae512d-eeb6-425a-9cc3-35c6253e0026.__CR0,0,2000,2000_PT0_SX220_V1___.png\">  <\/p>\n<p>                                                    Conectores Gen4 M.2                                     <\/p>\n<p class=\"a-size-small\"> La placa base MAG Z790 TOMAHAWK WIFI se caracteriza por las ranuras M.2 Gen4 de MSI: <\/p>\n<p class=\"a-size-small\">\n<p>4 ranuras Gen4 x4 64Gb\/s     <\/p>\n<p class=\"apm-text-center\">\n                                                      <img decoding=\"async\" alt=\"MAG Z790 TOMAHAWK WIFI DDR4_A+_6\" src=\"https:\/\/images-na.ssl-images-amazon.com\/images\/G\/01\/x-locale\/common\/grey-pixel.gif\" class=\"a-lazy-loaded\" data-src=\"https:\/\/m.media-amazon.com\/images\/S\/aplus-media-library-service-media\/660f222e-e010-43c2-9a02-b13a29870d95.__CR0,0,2000,2000_PT0_SX220_V1___.png\"><img decoding=\"async\" alt=\"MAG Z790 TOMAHAWK WIFI DDR4_A+_6\" src=\"https:\/\/m.media-amazon.com\/images\/S\/aplus-media-library-service-media\/660f222e-e010-43c2-9a02-b13a29870d95.__CR0,0,2000,2000_PT0_SX220_V1___.png\">  <\/p>\n<p>                                                    M.2 Shield Frozr                                     <\/p>\n<p class=\"a-size-small\"> Incluso los SSD m\u00e1s r\u00e1pidos se ralentizar\u00e1n autom\u00e1ticamente si el firmware de regulaci\u00f3n t\u00e9rmica detecta temperaturas excesivamente altas. <\/p>\n<p class=\"a-size-small\"> M.2 Shield Frozr es la soluci\u00f3n t\u00e9rmica m\u00e1s avanzada de MSI, que ofrece la mejor protecci\u00f3n posible para garantizar el m\u00e1ximo rendimiento de velocidad de transferencia SSD. <\/p>\n<p class=\"apm-text-center\">\n                                                      <img decoding=\"async\" alt=\"MAG Z790 TOMAHAWK WIFI DDR4_A+_8\" src=\"https:\/\/images-na.ssl-images-amazon.com\/images\/G\/01\/x-locale\/common\/grey-pixel.gif\" class=\"a-lazy-loaded\" data-src=\"https:\/\/m.media-amazon.com\/images\/S\/aplus-media-library-service-media\/7d831e90-6030-4775-a1f1-c88461d26206.__CR0,0,2000,2000_PT0_SX220_V1___.png\"><img decoding=\"async\" alt=\"MAG Z790 TOMAHAWK WIFI DDR4_A+_8\" src=\"https:\/\/m.media-amazon.com\/images\/S\/aplus-media-library-service-media\/7d831e90-6030-4775-a1f1-c88461d26206.__CR0,0,2000,2000_PT0_SX220_V1___.png\">  <\/p>\n<p>                                                    Wi-Fi 6E y Bluetooth 5.2                                     <\/p>\n<p class=\"a-size-small\"> LAN 2.5G: Un controlador LAN Intel I225-V de 2,5 Gbps proporciona una experiencia de juego en red de primera calidad. <\/p>\n<p class=\"a-size-small\"> Wi-Fi 6E: Dispone del \u00faltimo m\u00f3dulo Wi-Fi 6E (latencia ultrabaja, gran ancho de banda) y de la tecnolog\u00eda Bluetooth 5.2. <\/p>\n<p class=\"a-size-small\"> USB 3.2 Gen 2&#215;2 Tipo C: Permite velocidades de transferencia de datos ultrarr\u00e1pidas de 20 Gbps entre dispositivos. <\/p>\n<p class=\"a-size-small\"> Audio HD: Audio de alta definici\u00f3n de 7.1 canales con Audio Boost 5 y salida S\/PDIF. <\/p>\n<p>                         Add To Basket  <\/p>\n<p>                         Add To Basket  <\/p>\n<p>                             Customer Reviews  <\/p>\n<p>                    4.2 out of 5 stars  371  <\/p>\n<p>                    4.5 out of 5 stars  1,468  <\/p>\n<p>                    4.2 out of 5 stars  371  <\/p>\n<p>                    4.5 out of 5 stars  1,468  <\/p>\n<p>                             Price  <\/p>\n<p>                                            \u2014 no data<br \/>\n                                                       \u20ac221.80\u20ac221.80<br \/>\n                                            \u2014 no data<br \/>\n                                                       \u20ac319.62\u20ac319.62              <\/p>\n<p>                             Serie MSI Gaming<br \/>\n                                MAG               MAG               MPG               MPG              <\/p>\n<p>                             Factor de forma<br \/>\n                                ATX               ATX               ATX               ATX              <\/p>\n<p>                             VRM<br \/>\n                                16 Duet Rail Power System \/ 90A SPS               16 Duet Rail Power System \/ 90A SPS               16 Duet Rail Power System \/ 90A SPS               19 Direct Out \/ 105A SPS              <\/p>\n<p>                             Ranuras DIMM<br \/>\n                                4 x DDR4 (5333+MHz\/OC)               4 x DDR5 (7200+MHz\/OC)               4 x DDR4 (5333+MHz\/OC)               4 x DDR5 (7600+MHz\/OC)              <\/p>\n<p>                             Ranuras PCI-e x16<br \/>\n                                1 x 5.0 \/ 1 x 4.0               1 x 5.0 \/ 1 x 4.0               1 x 5.0 \/ 1 x 4.0               1 x 5.0 \/ 1 x 4.0              <\/p>\n<p>                             Ranuras M.2<br \/>\n                                4 x Gen4 x4               4 x Gen4 x4               5 x Gen4 x4               1 x Gen5 x4 \/ 4 x Gen4 x4              <\/p>\n<p>                             M.2 Shield Frozr<br \/>\n                                Un solo lado               Un solo lado               Un solo lado               Un solo lado              <\/p>\n<p>                             Audio<br \/>\n                                8-Channel (7.1) HD Audio con Audio Boost 5               8-Channel (7.1) HD Audio con Audio Boost 5               8-Channel (7.1) HD Audio con Audio Boost 5               8-Channel (7.1) HD Audio con Audio Boost 5              <\/p>\n<p>                             LAN<br \/>\n                                Intel I225V 2.5G LAN               Intel I225V 2.5G LAN               Intel I225V 2.5G LAN               Intel I225V 2.5G LAN              <\/p>\n<p>                             WiFi y Bluetooth<br \/>\n                                M\u00f3dulo Intel Wi-Fi 6E, Bluetooth 5.2               M\u00f3dulo Intel Wi-Fi 6E, Bluetooth 5.2               M\u00f3dulo Intel Wi-Fi 6E, Bluetooth 5.2               M\u00f3dulo Intel Wi-Fi 6E, Bluetooth 5.2              <\/p>\n<p> Batteries                                            \u200f                                            :                                            \u200e                                            1 AAAA batteries required.   <br \/> Language                                            \u200f                                            :                                            \u200e                                            Dutch   <br \/> Product Dimensions                                            \u200f                                            :                                            \u200e                                            8 x 3 x 2 cm; 1.88 kg   <br \/> Manufacturer                                            \u200f                                            :                                            \u200e                                            MSI   <br \/> ASIN                                            \u200f                                            :                                            \u200e                                            B09Y1FJBHX   <br \/> Item model number                                            \u200f                                            :                                            \u200e                                            7D91-009R   <br \/> Country of origin                                            \u200f                                            :                                            \u200e                                            China   <br \/> Guaranteed software updates until                                            \u200f                                            :                                            \u200e                                            unknown   <br \/>  Customer reviews:                                                                                            4.5               4.5 out of 5 stars                                  (1,468)                                              var dpAcrHasRegisteredArcLinkClickAction;                    P.when(&#8216;A&#8217;, &#8216;ready&#8217;).execute(function(A) {                        if (dpAcrHasRegisteredArcLinkClickAction !== true) {                            dpAcrHasRegisteredArcLinkClickAction = true;                            A.declarative(                                &#8216;acrLink-click-metrics&#8217;, &#8216;click&#8217;,                                { \u00aballowLinkDefault\u00bb: true },                                function (event) {                                    if (window.ue) {                                        ue.count(\u00abacrLinkClickCount\u00bb, (ue.count(\u00abacrLinkClickCount\u00bb) || 0) + 1);                                    }                                }                            );                        }                    });                                             P.when(&#8216;A&#8217;, &#8216;cf&#8217;).execute(function(A) {                A.declarative(&#8216;acrStarsLink-click-metrics&#8217;, &#8216;click&#8217;, { \u00aballowLinkDefault\u00bb : true },  function(event){                    if(window.ue) {                        ue.count(\u00abacrStarsLinkWithPopoverClickCount\u00bb, (ue.count(\u00abacrStarsLinkWithPopoverClickCount\u00bb) || 0) + 1);                    }                });            });                          <\/p>\n<p>12th and 13th GEN CORE, HIGH PERFORMANCE &#8211; The MAG Z790 TOMAHAWK WIFI employs a VRM Duet Rail 16 (90A, SPS) for the Intel Z790 chipset (LGA 1700, 12th and 13th Gen Core) with Core Boost architecture for high number power demands of C cores PU.<br \/>INTEGRATED COOLING &#8211; 7W\/mK MOSFET thermal pads and an expanded heatsink; heatsink for the chipset, M.2 Shield Frozr, a dedicated cooling head for the pump fan and server-quality 6-layer PCB.<br \/>DDR5 MEMORY, PCIe 5.0 &#038; 4.0 x16 SLOTS &#8211; 4 DDR5 DIMM slots with Memory Boost isolated circuit for overclocking (1DPC 1R, 7200+ MHz); One PCIe 5.0 x16 Steel Armor slot supports main graphics card (secondary PCIe 4.0 x16 slot)<br \/>M.2 QUAD CONNECTORS: Storage options include 4 x 64Gb\/s M.2 Gen4 x4 slots with Shield Frozr to prevent thermal throttling when accessing hyper-fast SSDs.<br \/>WI-FI 6E CONNECTIVITY &#8211; Network hardware includes Wi-Fi 6E with Bluetooth 5.3 and 2.5Gbps LAN; rear ports include USB 3.2 Gen 2&#215;2 Type-C (20Gbps), HDMI 2.1, and High Performance USB Audio 7.1 with Audio Boost 5 (supports S\/PDIF output)<\/p>\n\n","protected":false},"excerpt":{"rendered":"<p> From the manufacturer MSI: For Gamers &amp; Creators MSI es la marca de confianza para<\/p>","protected":false},"featured_media":32426,"comment_status":"open","ping_status":"closed","template":"","meta":[],"product_brand":[],"product_cat":[78],"product_tag":[1447,1444,1445,1451,1449,1443,1448,429,1442,5172,543,1450,4001,1446],"class_list":{"0":"post-32425","1":"product","2":"type-product","3":"status-publish","4":"has-post-thumbnail","6":"product_cat-motherboards","7":"product_tag-amd-motherboard","8":"product_tag-atx-motherboard","9":"product_tag-b550-motherboard","10":"product_tag-best-motherboard","11":"product_tag-ddr5-motherboard","12":"product_tag-gaming-motherboard","13":"product_tag-intel-motherboard","14":"product_tag-mag","15":"product_tag-motherboard","16":"product_tag-tomahawk","17":"product_tag-wifi","18":"product_tag-wifi-motherboard","19":"product_tag-z790","20":"product_tag-z790-motherboard","22":"first","23":"instock","24":"sale","25":"shipping-taxable","26":"product-type-external"},"_links":{"self":[{"href":"https:\/\/comprasyconsejos.store\/en\/wp-json\/wp\/v2\/product\/32425","targetHints":{"allow":["GET"]}}],"collection":[{"href":"https:\/\/comprasyconsejos.store\/en\/wp-json\/wp\/v2\/product"}],"about":[{"href":"https:\/\/comprasyconsejos.store\/en\/wp-json\/wp\/v2\/types\/product"}],"replies":[{"embeddable":true,"href":"https:\/\/comprasyconsejos.store\/en\/wp-json\/wp\/v2\/comments?post=32425"}],"version-history":[{"count":0,"href":"https:\/\/comprasyconsejos.store\/en\/wp-json\/wp\/v2\/product\/32425\/revisions"}],"wp:featuredmedia":[{"embeddable":true,"href":"https:\/\/comprasyconsejos.store\/en\/wp-json\/wp\/v2\/media\/32426"}],"wp:attachment":[{"href":"https:\/\/comprasyconsejos.store\/en\/wp-json\/wp\/v2\/media?parent=32425"}],"wp:term":[{"taxonomy":"product_brand","embeddable":true,"href":"https:\/\/comprasyconsejos.store\/en\/wp-json\/wp\/v2\/product_brand?post=32425"},{"taxonomy":"product_cat","embeddable":true,"href":"https:\/\/comprasyconsejos.store\/en\/wp-json\/wp\/v2\/product_cat?post=32425"},{"taxonomy":"product_tag","embeddable":true,"href":"https:\/\/comprasyconsejos.store\/en\/wp-json\/wp\/v2\/product_tag?post=32425"}],"curies":[{"name":"wp","href":"https:\/\/api.w.org\/{rel}","templated":true}]}}