{"id":32466,"date":"2026-02-23T06:45:12","date_gmt":"2026-02-23T06:45:12","guid":{"rendered":"https:\/\/comprasyconsejos.store\/product\/tozo-t10-wireless-bluetooth-5-3-headphones-with-touch-control-origx-2-0-acoustic-eq-adjustment-55h-playback-supports-wireless-charging-and-usb-type-c-ipx8-matte-black\/"},"modified":"2026-02-23T06:45:16","modified_gmt":"2026-02-23T06:45:16","slug":"tozo-t10-wireless-bluetooth-5-3-headphones-with-touch-control-origx-2-0-acoustic-eq-adjustment-55h-playback-supports-wireless-charging-and-usb-type-c-ipx8-matte-black","status":"publish","type":"product","link":"https:\/\/comprasyconsejos.store\/en\/product\/tozo-t10-wireless-bluetooth-5-3-headphones-with-touch-control-origx-2-0-acoustic-eq-adjustment-55h-playback-supports-wireless-charging-and-usb-type-c-ipx8-matte-black\/","title":{"rendered":"TOZO T10 Wireless Bluetooth 5.3 Headphones with Touch Control ORIGX 2.0 Acoustic EQ Adjustment 55H Playback Supports Wireless Charging and USB Type-C IPX8 Matte Black"},"content":{"rendered":"<p>Price: <span style=\"color:#b12704\">\u20ac39.99<\/span><br \/><i><small>(as of Feb 23, 2026 06:45:12 UTC &#8211; <span class=\"wp_automatic_amazon_disclaimer\" title=\"Product prices and availability are accurate as of the date\/time indicated and are subject to change. Any price and availability information displayed on [relevant Amazon Site(s), as applicable] at the time of purchase will apply to the purchase of this product.\">Details<\/span>)<\/small><\/i><\/p>\n<p><a href=\"https:\/\/amazon.es\/dp\/B0CJHTB44L?tag=man008-21\"><img decoding=\"async\" src=\"https:\/\/valvepress.s3.amazonaws.com\/imgs\/buy_now.png\"><\/a><br \/>\n<\/p>\n<p>                                             From the brand   <\/p>\n<p>                                              <img decoding=\"async\" alt=\"Auriculares Inal\u00e1mbricos Bluetooth\" src=\"https:\/\/images-na.ssl-images-amazon.com\/images\/G\/01\/x-locale\/common\/grey-pixel.gif\" class=\"a-lazy-loaded\" data-src=\"https:\/\/m.media-amazon.com\/images\/S\/aplus-media-library-service-media\/ca64740b-1688-470c-8a2b-d29b6da14329.__CR0,0,1464,625_PT0_SX1464_V1___.png\"><img decoding=\"async\" alt=\"Auriculares Inal\u00e1mbricos Bluetooth\" src=\"https:\/\/m.media-amazon.com\/images\/S\/aplus-media-library-service-media\/ca64740b-1688-470c-8a2b-d29b6da14329.__CR0,0,1464,625_PT0_SX1464_V1___.png\">  <\/p>\n<h3> TOZO HT3 <\/h3>\n<p class=\"apm-brand-story-stores-link\">\n<h3> TOZO NC20 <\/h3>\n<p class=\"apm-brand-story-stores-link\">\n<h3> TOZO Openwear <\/h3>\n<p class=\"apm-brand-story-stores-link\">\n<h3> TOZO S8 <\/h3>\n<p class=\"apm-brand-story-stores-link\">\n<h3> TOZO A1 <\/h3>\n<p class=\"apm-brand-story-stores-link\">\n<h3> TOZO H\u00edbrida ANC <\/h3>\n<p class=\"apm-brand-story-stores-link\">\n<h3> TOZO Openearring <\/h3>\n<p class=\"apm-brand-story-stores-link\">\n<h3> TOZO Auriculares  <\/h3>\n<p class=\"apm-brand-story-stores-link\">\n<h3> TOZO regalos ideas <\/h3>\n<p class=\"apm-brand-story-stores-link\">\n<h3> TOZO Cascos <\/h3>\n<p class=\"apm-brand-story-stores-link\">\n<h3> TOZO Smartwatch <\/h3>\n<p class=\"apm-brand-story-stores-link\">\n<p>                                              <img decoding=\"async\" alt=\"aplus content image\" src=\"https:\/\/images-na.ssl-images-amazon.com\/images\/G\/01\/x-locale\/common\/grey-pixel.gif\" class=\"a-lazy-loaded\" data-src=\"https:\/\/m.media-amazon.com\/images\/S\/aplus-media-library-service-media\/82738d05-c242-479b-9c5e-bce1a1541363.__CR0,0,362,453_PT0_SX362_V1___.jpg\"><img decoding=\"async\" alt=\"aplus content image\" src=\"https:\/\/m.media-amazon.com\/images\/S\/aplus-media-library-service-media\/82738d05-c242-479b-9c5e-bce1a1541363.__CR0,0,362,453_PT0_SX362_V1___.jpg\">  <\/p>\n<p>                                              <img decoding=\"async\" alt=\"aplus content image\" src=\"https:\/\/images-na.ssl-images-amazon.com\/images\/G\/01\/x-locale\/common\/grey-pixel.gif\" class=\"a-lazy-loaded\" data-src=\"https:\/\/m.media-amazon.com\/images\/S\/aplus-media-library-service-media\/21935ee1-4e39-40d9-9827-f05f89cfd7cd.__CR0,0,362,453_PT0_SX362_V1___.jpg\"><img decoding=\"async\" alt=\"aplus content image\" src=\"https:\/\/m.media-amazon.com\/images\/S\/aplus-media-library-service-media\/21935ee1-4e39-40d9-9827-f05f89cfd7cd.__CR0,0,362,453_PT0_SX362_V1___.jpg\">  <\/p>\n<p>                                              <img decoding=\"async\" alt=\"aplus content image\" src=\"https:\/\/images-na.ssl-images-amazon.com\/images\/G\/01\/x-locale\/common\/grey-pixel.gif\" class=\"a-lazy-loaded\" data-src=\"https:\/\/m.media-amazon.com\/images\/S\/aplus-media-library-service-media\/33b52508-223e-4f7a-af9b-3eb6385dd0fd.__CR0,0,362,453_PT0_SX362_V1___.jpg\"><img decoding=\"async\" alt=\"aplus content image\" src=\"https:\/\/m.media-amazon.com\/images\/S\/aplus-media-library-service-media\/33b52508-223e-4f7a-af9b-3eb6385dd0fd.__CR0,0,362,453_PT0_SX362_V1___.jpg\">  <\/p>\n<p>                                              <img decoding=\"async\" alt=\"aplus content image\" src=\"https:\/\/images-na.ssl-images-amazon.com\/images\/G\/01\/x-locale\/common\/grey-pixel.gif\" class=\"a-lazy-loaded\" data-src=\"https:\/\/m.media-amazon.com\/images\/S\/aplus-media-library-service-media\/650826c2-303f-40cb-9d2f-84c1e10ae6c3.__CR0,0,362,453_PT0_SX362_V1___.jpg\"><img decoding=\"async\" alt=\"aplus content image\" src=\"https:\/\/m.media-amazon.com\/images\/S\/aplus-media-library-service-media\/650826c2-303f-40cb-9d2f-84c1e10ae6c3.__CR0,0,362,453_PT0_SX362_V1___.jpg\">  <\/p>\n<p>                                              <img decoding=\"async\" alt=\"\" src=\"https:\/\/images-na.ssl-images-amazon.com\/images\/G\/01\/x-locale\/common\/grey-pixel.gif\" class=\"a-lazy-loaded\" data-src=\"https:\/\/m.media-amazon.com\/images\/S\/aplus-media-library-service-media\/14d0a65d-a1fc-461f-af01-533aab1228be.__CR0,0,315,145_PT0_SX315_V1___.jpg\"><img decoding=\"async\" alt=\"\" src=\"https:\/\/m.media-amazon.com\/images\/S\/aplus-media-library-service-media\/14d0a65d-a1fc-461f-af01-533aab1228be.__CR0,0,315,145_PT0_SX315_V1___.jpg\">  <\/p>\n<p> TOZO se estableci\u00f3 en Seattle y se dedica a investigar, desarrollar y producir los productos digitales de la tecnolog\u00eda avanzada: Audio Inal\u00e1mbrico, IOT Inteligente, Realidad Virtual y Accesorios Digitales. Eligiendo los materiales de alta calidad, acortando los enlaces intermedios y mejorando la eficiencia. Para que los usuarios puedan obtener productos excelentes, experiencias de usuario extremas y vida ecol\u00f3gica con bajas emisiones de carbono. <\/p>\n<p>                                                         \u00bfQui\u00e9n es TOZO?                                       <\/p>\n<p> TOZO es una marca en audio inteligente y wearables. Fundada en 2016, crea auriculares, altavoces y relojes que combinan innovaci\u00f3n, dise\u00f1o y valor. <\/p>\n<p>                                                         \u00bfQu\u00e9 ventajas \u00fanicas tienen sus productos?                                       <\/p>\n<p> Integran tecnolog\u00eda patentada y una app exclusiva para personalizar y optimizar el sonido, con mejoras continuas basadas en datos de uso real. <\/p>\n<p>                                                         \u00bfQu\u00e9 soporte ofrece despu\u00e9s de la compra?                                       <\/p>\n<p> Compromiso total con el cliente: servicio eficaz y respuestas r\u00e1pidas para resolver cualquier consulta o incidencia. <\/p>\n<p>                                              <img decoding=\"async\" alt=\"tozo\" src=\"https:\/\/images-na.ssl-images-amazon.com\/images\/G\/01\/x-locale\/common\/grey-pixel.gif\" class=\"a-lazy-loaded\" data-src=\"https:\/\/m.media-amazon.com\/images\/S\/aplus-media-library-service-media\/ef2d0fa8-d246-4c39-899b-71ce78e5786e.__CR0,0,362,453_PT0_SX362_V1___.jpg\"><img decoding=\"async\" alt=\"tozo\" src=\"https:\/\/m.media-amazon.com\/images\/S\/aplus-media-library-service-media\/ef2d0fa8-d246-4c39-899b-71ce78e5786e.__CR0,0,362,453_PT0_SX362_V1___.jpg\">  <\/p>\n<p> Batteries                                            \u200f                                            :                                            \u200e                                            1 Lithium Metal batteries required. (included)   <br \/> Product Dimensions                                            \u200f                                            :                                            \u200e                                            7.3 x 3.6 x 3 cm; 96.8 g   <br \/> Manufacturer                                            \u200f                                            :                                            \u200e                                            TOZO   <br \/> ASIN                                            \u200f                                            :                                            \u200e                                            B0CJHTB44L   <br \/> Item model number                                            \u200f                                            :                                            \u200e                                            T10   <br \/> Country\/Region of Origin                                            \u200f                                            :                                            \u200e                                            China   <br \/> Guaranteed software updates until                                            \u200f                                            :                                            \u200e                                            unknown   <br \/>  Customer reviews:                                                                                            4.4               4.4 out of 5 stars                                  (26,671)                                              var dpAcrHasRegisteredArcLinkClickAction;                    P.when(&#8216;A&#8217;, &#8216;ready&#8217;).execute(function(A) {                        if (dpAcrHasRegisteredArcLinkClickAction !== true) {                            dpAcrHasRegisteredArcLinkClickAction = true;                            A.declarative(                                &#8216;acrLink-click-metrics&#8217;, &#8216;click&#8217;,                                { \u00aballowLinkDefault\u00bb: true },                                function (event) {                                    if (window.ue) {                                        ue.count(\u00abacrLinkClickCount\u00bb, (ue.count(\u00abacrLinkClickCount\u00bb) || 0) + 1);                                    }                                }                            );                        }                    });                                             P.when(&#8216;A&#8217;, &#8216;cf&#8217;).execute(function(A) {                A.declarative(&#8216;acrStarsLink-click-metrics&#8217;, &#8216;click&#8217;, { \u00aballowLinkDefault\u00bb : true },  function(event){                    if(window.ue) {                        ue.count(\u00abacrStarsLinkWithPopoverClickCount\u00bb, (ue.count(\u00abacrStarsLinkWithPopoverClickCount\u00bb) || 0) + 1);                    }                });            });                          <\/p>\n<p>[Comfortable Fit by Ergonomic Design] Lightweight design and ergonomic shape reduce ear burden and ensure a comfortable fit in any ear, even for women and children. You can even wear them comfortably while sleeping, exercising or traveling. Plus, the headphones come in a variety of sizes, allowing you to find the perfect earplugs for a custom, supremely comfortable fit.<br \/>[Unparalleled Sound Quality] Designed with newly improved 8mm speakers and TOZO OrigX 2.0 acoustic technology, our headphones accentuate bass fullness while ensuring vocals and high notes are natural and detailed, reproducing CD-quality sound. Get ready for the ultimate immersive audio experience.<br \/>[55 HOURS BATTERY LIFE] TOZO T10 gives you the freedom to enjoy thousands of songs. A single charge lasts 15 hours and the total playtime with the charging case is 55 hours. It also supports wireless charging, allowing you to charge them conveniently without the need for wires or plugs. Rest assured that we have equipped them with enough power to accompany you on all your adventures!<br \/>[IPX8 Waterproof] TOZO T10 wireless earbuds feature IPX8 waterproof rating nano-coating on its internal components, which provides solid protection from sweat and raindrops effectively, thereby extending the life of the headphones, which are suitable for running, swimming, cycling and other various sports.<br \/>[Latest Bluetooth 5.3] TOZO T10 uses advanced Bluetooth 5.3 technology and supports HSP, HFP, A2DP and AVRCP profiles, which greatly improves transmission speed and increased connection stability. There is no delay or degradation in signal quality during music playback and calls. With a stable connection range of up to 15 meters, you can effortlessly control your music and phone whether you&#8217;re at home, in the office or while traveling.<\/p>\n\n","protected":false},"excerpt":{"rendered":"<p> From the brand TOZO HT3 TOZO NC20 TOZO Openwear TOZO S8 TOZO A1 TOZO H\u00edbrida<\/p>","protected":false},"featured_media":32467,"comment_status":"open","ping_status":"closed","template":"","meta":[],"product_brand":[],"product_cat":[48],"product_tag":[9324,9323,1815,720,307,726,714,138,1124,712,928,711,717,9325,3055,715,9322,719,716,4749,718,1085,9321,515,3276,381,133,226,713],"class_list":{"0":"post-32466","1":"product","2":"type-product","3":"status-publish","4":"has-post-thumbnail","6":"product_cat-headsets","7":"product_tag-55h","8":"product_tag-acoustic","9":"product_tag-adjustment","10":"product_tag-best-headset","11":"product_tag-black","12":"product_tag-bluetooth","13":"product_tag-bluetooth-headset","14":"product_tag-charging","15":"product_tag-control","16":"product_tag-gaming-headset","17":"product_tag-headphones","18":"product_tag-headset","19":"product_tag-headset-with-mic","20":"product_tag-ipx8","21":"product_tag-matte","22":"product_tag-noise-cancelling-headset","23":"product_tag-origx","24":"product_tag-over-ear-headset","25":"product_tag-pc-headset","26":"product_tag-playback","27":"product_tag-rgb-gaming-headset","28":"product_tag-supports","29":"product_tag-t10","30":"product_tag-touch","31":"product_tag-tozo","32":"product_tag-typec","33":"product_tag-usb","34":"product_tag-wireless","35":"product_tag-wireless-headset","37":"first","38":"instock","39":"shipping-taxable","40":"product-type-external"},"_links":{"self":[{"href":"https:\/\/comprasyconsejos.store\/en\/wp-json\/wp\/v2\/product\/32466","targetHints":{"allow":["GET"]}}],"collection":[{"href":"https:\/\/comprasyconsejos.store\/en\/wp-json\/wp\/v2\/product"}],"about":[{"href":"https:\/\/comprasyconsejos.store\/en\/wp-json\/wp\/v2\/types\/product"}],"replies":[{"embeddable":true,"href":"https:\/\/comprasyconsejos.store\/en\/wp-json\/wp\/v2\/comments?post=32466"}],"version-history":[{"count":0,"href":"https:\/\/comprasyconsejos.store\/en\/wp-json\/wp\/v2\/product\/32466\/revisions"}],"wp:featuredmedia":[{"embeddable":true,"href":"https:\/\/comprasyconsejos.store\/en\/wp-json\/wp\/v2\/media\/32467"}],"wp:attachment":[{"href":"https:\/\/comprasyconsejos.store\/en\/wp-json\/wp\/v2\/media?parent=32466"}],"wp:term":[{"taxonomy":"product_brand","embeddable":true,"href":"https:\/\/comprasyconsejos.store\/en\/wp-json\/wp\/v2\/product_brand?post=32466"},{"taxonomy":"product_cat","embeddable":true,"href":"https:\/\/comprasyconsejos.store\/en\/wp-json\/wp\/v2\/product_cat?post=32466"},{"taxonomy":"product_tag","embeddable":true,"href":"https:\/\/comprasyconsejos.store\/en\/wp-json\/wp\/v2\/product_tag?post=32466"}],"curies":[{"name":"wp","href":"https:\/\/api.w.org\/{rel}","templated":true}]}}