{"id":32483,"date":"2026-02-23T06:56:56","date_gmt":"2026-02-23T06:56:56","guid":{"rendered":"https:\/\/comprasyconsejos.store\/product\/uiosmuph-rechargeable-wireless-mouse-2-4-ghz-wireless-mouse-with-type-c-and-usb-receiver-silent-clicks-optical-mouse-for-laptop-mac-pc-white\/"},"modified":"2026-02-23T06:57:00","modified_gmt":"2026-02-23T06:57:00","slug":"uiosmuph-rechargeable-wireless-mouse-2-4-ghz-wireless-mouse-with-type-c-and-usb-receiver-silent-clicks-optical-mouse-for-laptop-mac-pc-white","status":"publish","type":"product","link":"https:\/\/comprasyconsejos.store\/en\/product\/uiosmuph-rechargeable-wireless-mouse-2-4-ghz-wireless-mouse-with-type-c-and-usb-receiver-silent-clicks-optical-mouse-for-laptop-mac-pc-white\/","title":{"rendered":"Uiosmuph Rechargeable Wireless Mouse, 2.4 GHz Wireless Mouse with Type-C and USB Receiver, Silent Clicks, Optical Mouse for Laptop, Mac, PC (White)"},"content":{"rendered":"<p>Price: <span style=\"color:#b12704\">\u20ac16.99<\/span><br \/><i><small>(as of Feb 23, 2026 06:56:56 UTC &#8211; <span class=\"wp_automatic_amazon_disclaimer\" title=\"Product prices and availability are accurate as of the date\/time indicated and are subject to change. Any price and availability information displayed on [relevant Amazon Site(s), as applicable] at the time of purchase will apply to the purchase of this product.\">Details<\/span>)<\/small><\/i><\/p>\n<p><a href=\"https:\/\/amazon.es\/dp\/B0CBJVNQ7S?tag=man008-21\"><img decoding=\"async\" src=\"https:\/\/valvepress.s3.amazonaws.com\/imgs\/buy_now.png\"><\/a><br \/>\n<\/p>\n<p>                                             From the brand   <\/p>\n<p>                                              <img decoding=\"async\" alt=\"\" src=\"https:\/\/images-na.ssl-images-amazon.com\/images\/G\/01\/x-locale\/common\/grey-pixel.gif\" class=\"a-lazy-loaded\" data-src=\"https:\/\/m.media-amazon.com\/images\/S\/aplus-media-library-service-media\/6d0fa1e1-1750-47a6-8f09-1f8ed1e1e38d.__CR0,37,1465,625_PT0_SX1464_V1___.jpg\"><img decoding=\"async\" alt=\"\" src=\"https:\/\/m.media-amazon.com\/images\/S\/aplus-media-library-service-media\/6d0fa1e1-1750-47a6-8f09-1f8ed1e1e38d.__CR0,37,1465,625_PT0_SX1464_V1___.jpg\">  <\/p>\n<p> UIOSMUPH <\/p>\n<h3> Rat\u00f3n inal\u00e1mbrico para juegos <\/h3>\n<h3> M18 Rat\u00f3n Bluetooth <\/h3>\n<h3>  Uiosmuph G19 &#8211; Rat\u00f3n Bluetooth <\/h3>\n<h3> G11 2.4 GHz Rat\u00f3n inal\u00e1mbrico <\/h3>\n<h3> Rat\u00f3n recargable Bluetooth <\/h3>\n<h3> Q5 2.4GHz rat\u00f3n inal\u00e1mbrico  <\/h3>\n<h3> G12 LED rat\u00f3n inal\u00e1mbrico <\/h3>\n<h3> Rat\u00f3n inal\u00e1mbrico de 2,4 GHz <\/h3>\n<h3> U58 Rat\u00f3n <\/h3>\n<p> Batteries                                            \u200f                                            :                                            \u200e                                            1 Lithium Metal batteries required. (included)   <br \/> Product Dimensions                                            \u200f                                            :                                            \u200e                                            11.3 x 6.3 x 0.1 cm; 100 g   <br \/> Manufacturer                                            \u200f                                            :                                            \u200e                                            Uiosmuph   <br \/> ASIN                                            \u200f                                            :                                            \u200e                                            B0CBJVNQ7S   <br \/> Item model number                                            \u200f                                            :                                            \u200e                                            G11   <br \/> Country\/Region of Origin                                            \u200f                                            :                                            \u200e                                            China   <br \/> Guaranteed software updates until                                            \u200f                                            :                                            \u200e                                            unknown   <br \/>  Customer reviews:                                                                                            4.1               4.1 out of 5 stars                                  (1,115)                                              var dpAcrHasRegisteredArcLinkClickAction;                    P.when(&#8216;A&#8217;, &#8216;ready&#8217;).execute(function(A) {                        if (dpAcrHasRegisteredArcLinkClickAction !== true) {                            dpAcrHasRegisteredArcLinkClickAction = true;                            A.declarative(                                &#8216;acrLink-click-metrics&#8217;, &#8216;click&#8217;,                                { \u00aballowLinkDefault\u00bb: true },                                function (event) {                                    if (window.ue) {                                        ue.count(\u00abacrLinkClickCount\u00bb, (ue.count(\u00abacrLinkClickCount\u00bb) || 0) + 1);                                    }                                }                            );                        }                    });                                             P.when(&#8216;A&#8217;, &#8216;cf&#8217;).execute(function(A) {                A.declarative(&#8216;acrStarsLink-click-metrics&#8217;, &#8216;click&#8217;, { \u00aballowLinkDefault\u00bb : true },  function(event){                    if(window.ue) {                        ue.count(\u00abacrStarsLinkWithPopoverClickCount\u00bb, (ue.count(\u00abacrStarsLinkWithPopoverClickCount\u00bb) || 0) + 1);                    }                });            });                          <\/p>\n<p>2.4GHz Wireless Technology: This mouse connects with 2.4GHz wireless technology via a USB nano receiver. The transmission range can be up to 10 meters. Easy plug and play, no drivers needed.<br \/>Battery indicator: The battery indicator design visible on the bottom of the mouse allows you to know the battery charge level and charge the mouse in time. Say goodbye to battery anxiety. (Only lights up during use)<br \/>Silent Wireless Mouse: Special silent design for right and left buttons, so as not to disturb others. And the symmetrical design makes it suitable for both hands.<br \/>Rechargeable and adjustable DPI mouse: 3 DPI switches (1000\/1200\/1600) change the speed of the mouse freely. Built-in rechargeable battery, easy to recharge with the included USB-C cable. The laptop mouse will automatically enter sleep mode after 8 minutes without operation. Just click on any button to activate the mouse.<br \/>Wide Compatibility: This USB mouse is compatible with almost all USB computers running Windows XP, Windows 7, Windows 8, Windows 10 and Mac OS.<br \/>Ultra-thin and comfortable design: The wireless mouse is lightweight and compact. Perfect for travel, it can be easily stored in the laptop bag and saves a lot of space.<\/p>\n\n","protected":false},"excerpt":{"rendered":"<p> From the brand UIOSMUPH Rat\u00f3n inal\u00e1mbrico para juegos M18 Rat\u00f3n Bluetooth Uiosmuph G19 &#8211; Rat\u00f3n<\/p>","protected":false},"featured_media":32484,"comment_status":"open","ping_status":"closed","template":"","meta":[],"product_brand":[],"product_cat":[50],"product_tag":[765,759,4675,756,761,758,818,159,774,767,891,770,1149,763,760,1010,764,381,7308,133,762,205,226,757],"class_list":{"0":"post-32483","1":"product","2":"type-product","3":"status-publish","4":"has-post-thumbnail","6":"product_cat-mouse","7":"product_tag-best-gaming-mouse","8":"product_tag-bluetooth-mouse","9":"product_tag-clicks","10":"product_tag-computer-mouse","11":"product_tag-ergonomic-mouse","12":"product_tag-gaming-mouse","13":"product_tag-ghz","14":"product_tag-laptop","15":"product_tag-mac","16":"product_tag-mouse","17":"product_tag-optical","18":"product_tag-receiver","19":"product_tag-rechargeable","20":"product_tag-rechargeable-mouse","21":"product_tag-rgb-mouse","22":"product_tag-silent","23":"product_tag-silent-mouse","24":"product_tag-typec","25":"product_tag-uiosmuph","26":"product_tag-usb","27":"product_tag-usb-mouse","28":"product_tag-white","29":"product_tag-wireless","30":"product_tag-wireless-mouse","32":"first","33":"instock","34":"shipping-taxable","35":"product-type-external"},"_links":{"self":[{"href":"https:\/\/comprasyconsejos.store\/en\/wp-json\/wp\/v2\/product\/32483","targetHints":{"allow":["GET"]}}],"collection":[{"href":"https:\/\/comprasyconsejos.store\/en\/wp-json\/wp\/v2\/product"}],"about":[{"href":"https:\/\/comprasyconsejos.store\/en\/wp-json\/wp\/v2\/types\/product"}],"replies":[{"embeddable":true,"href":"https:\/\/comprasyconsejos.store\/en\/wp-json\/wp\/v2\/comments?post=32483"}],"version-history":[{"count":0,"href":"https:\/\/comprasyconsejos.store\/en\/wp-json\/wp\/v2\/product\/32483\/revisions"}],"wp:featuredmedia":[{"embeddable":true,"href":"https:\/\/comprasyconsejos.store\/en\/wp-json\/wp\/v2\/media\/32484"}],"wp:attachment":[{"href":"https:\/\/comprasyconsejos.store\/en\/wp-json\/wp\/v2\/media?parent=32483"}],"wp:term":[{"taxonomy":"product_brand","embeddable":true,"href":"https:\/\/comprasyconsejos.store\/en\/wp-json\/wp\/v2\/product_brand?post=32483"},{"taxonomy":"product_cat","embeddable":true,"href":"https:\/\/comprasyconsejos.store\/en\/wp-json\/wp\/v2\/product_cat?post=32483"},{"taxonomy":"product_tag","embeddable":true,"href":"https:\/\/comprasyconsejos.store\/en\/wp-json\/wp\/v2\/product_tag?post=32483"}],"curies":[{"name":"wp","href":"https:\/\/api.w.org\/{rel}","templated":true}]}}