{"id":32519,"date":"2026-02-23T07:15:19","date_gmt":"2026-02-23T07:15:19","guid":{"rendered":"https:\/\/comprasyconsejos.store\/product\/childrens-tablet-7-inch-android-13-with-ram-8gb-rom-64gb-tf-128gb-gms-certified-parental-control-ips-hd-screen-dual-camera-wifi-childrens-educational-tablet-with-eva-case-blue\/"},"modified":"2026-02-23T07:15:28","modified_gmt":"2026-02-23T07:15:28","slug":"childrens-tablet-7-inch-android-13-with-ram-8gb-rom-64gb-tf-128gb-gms-certified-parental-control-ips-hd-screen-dual-camera-wifi-childrens-educational-tablet-with-eva-case-blue","status":"publish","type":"product","link":"https:\/\/comprasyconsejos.store\/en\/product\/childrens-tablet-7-inch-android-13-with-ram-8gb-rom-64gb-tf-128gb-gms-certified-parental-control-ips-hd-screen-dual-camera-wifi-childrens-educational-tablet-with-eva-case-blue\/","title":{"rendered":"Children&#8217;s Tablet 7 Inch Android 13 with RAM 8GB ROM 64GB (TF 128GB), GMS Certified, Parental Control, IPS HD Screen, Dual Camera, WiFi, Children&#8217;s Educational Tablet with EVA Case (Blue)"},"content":{"rendered":"<p>Price: <span style=\"color:#b12704\"><del>\u20ac46.98<\/del> - \u20ac44.63<\/span><br \/><i><small>(as of Feb 23, 2026 07:15:19 UTC &#8211; <span class=\"wp_automatic_amazon_disclaimer\" title=\"Product prices and availability are accurate as of the date\/time indicated and are subject to change. Any price and availability information displayed on [relevant Amazon Site(s), as applicable] at the time of purchase will apply to the purchase of this product.\">Details<\/span>)<\/small><\/i><\/p>\n<p><a href=\"https:\/\/amazon.es\/dp\/B0FP5C2V1R?tag=man008-21\"><img decoding=\"async\" src=\"https:\/\/valvepress.s3.amazonaws.com\/imgs\/buy_now.png\"><\/a><br \/>\n<\/p>\n<p>                                             Product Description   <\/p>\n<p>                                                                     La tableta para ni\u00f1os SANNUO es adecuada para ni\u00f1os de 3 a 12 a\u00f1os.                                            <img decoding=\"async\" alt=\"aplus content image\" src=\"https:\/\/images-na.ssl-images-amazon.com\/images\/G\/01\/x-locale\/common\/grey-pixel.gif\" class=\"a-lazy-loaded\" data-src=\"https:\/\/m.media-amazon.com\/images\/S\/aplus-media-library-service-media\/06924831-ee9c-4ae5-9ff3-ae5f3cb175c9.__CR0,0,1464,600_PT0_SX1464_V1___.jpg\"><img decoding=\"async\" alt=\"aplus content image\" src=\"https:\/\/m.media-amazon.com\/images\/S\/aplus-media-library-service-media\/06924831-ee9c-4ae5-9ff3-ae5f3cb175c9.__CR0,0,1464,600_PT0_SX1464_V1___.jpg\">                                         <\/p>\n<p class=\"aplus-description aplus-container-3 aplus-p1\"> Esta tableta,entrada en la calidad educativa y la seguridad, ofrece una experiencia enriquecedora para los j\u00f3venes estudiantes. Las tabletas para ni\u00f1os ofrecen funciones avanzadas que satisfacen las necesidades de los m\u00e1s peque\u00f1os, garantizando al mismo tiempo la m\u00e1xima tranquilidad para los padres. <\/p>\n<p>                                                                                                       <img decoding=\"async\" alt=\"Interfaz de aplicaci\u00f3n de control parental que muestra varias funciones como la gesti\u00f3n del tiempo frente a la pantalla y el monitoreo de aplicaciones en tabletas y tel\u00e9fonos inteligentes.\" src=\"https:\/\/images-na.ssl-images-amazon.com\/images\/G\/01\/x-locale\/common\/grey-pixel.gif\" class=\"a-lazy-loaded\" data-src=\"https:\/\/m.media-amazon.com\/images\/S\/aplus-media-library-service-media\/96495a39-a0ca-428d-a5ff-8cfc120a7fd4.__CR0,0,1464,600_PT0_SX1464_V1___.jpg\"><img decoding=\"async\" alt=\"Interfaz de aplicaci\u00f3n de control parental que muestra varias funciones como la gesti\u00f3n del tiempo frente a la pantalla y el monitoreo de aplicaciones en tabletas y tel\u00e9fonos inteligentes.\" src=\"https:\/\/m.media-amazon.com\/images\/S\/aplus-media-library-service-media\/96495a39-a0ca-428d-a5ff-8cfc120a7fd4.__CR0,0,1464,600_PT0_SX1464_V1___.jpg\">                                         <\/p>\n<p class=\"aplus-description aplus-container-3 aplus-p1\"> \u2714\ufe0fEstablezca los tiempos de aprendizaje y descanso para evitar dependencias <\/p>\n<p class=\"aplus-description aplus-container-3 aplus-p1\"> \u2714\ufe0fFiltra y selecciona las aplicaciones que los ni\u00f1os pueden utilizar de forma segura. <\/p>\n<p class=\"aplus-description aplus-container-3 aplus-p1\"> \u2714\ufe0fElija sitios web seguros y saludables para navegar. <\/p>\n<p class=\"aplus-description aplus-container-3 aplus-p1\"> \u2714\ufe0fImpide que los ni\u00f1os salgan del \u00e1rea de protecci\u00f3n infantil <\/p>\n<p>                                                                                                               \u00a1Una tableta pensada especialmente para los ni\u00f1os<br \/>\n                                                                                           <img decoding=\"async\" alt=\"para tableta Android 13 que muestra coloridos iconos de aplicaciones flotando alrededor de la pantalla del dispositivo, con texto de certificaci\u00f3n de Google y fondo azul.\" src=\"https:\/\/m.media-amazon.com\/images\/S\/aplus-media-library-service-media\/ae073f6b-5c19-43ce-88b3-b633535e4759.__CR0,0,1464,600_PT0_SX1464_V1___.jpg\">                                                    Certificado por GMS para el Ultimo Android 13                                         <\/p>\n<p class=\"aplus-p3\"> Personalizaci\u00f3n mejorada <\/p>\n<p class=\"aplus-p3\"> Acceso innovador a la privacidad <\/p>\n<p class=\"aplus-p3\"> Secure data protection <\/p>\n<p>                                                                                     <img decoding=\"async\" alt=\"con soporte incorporado que muestra contenido educativo para ni\u00f1os con coloridos personajes de dibujos animados y elementos interactivos.\" src=\"https:\/\/m.media-amazon.com\/images\/S\/aplus-media-library-service-media\/fdcd11be-abd5-4a3e-84a6-6afc0d4362ed.__CR0,0,1464,600_PT0_SX1464_V1___.jpg\">                                                    Descarga juegos divertidos                                         <\/p>\n<p class=\"aplus-p3\"> La tablet ofrece espacio su.ficiente para trabajar y almacenar archivos de trabajo y estudio para una multitarea rapida y sin retrasos. Ademas, es mas estudiar,leer o ver peliculas en la tablet. <\/p>\n<p>                                                                                     <img decoding=\"async\" alt=\"con funda protectora azul sobre una superficie de madera. La superposici\u00f3n de texto menciona el \u00abModo de protecci\u00f3n ocular, protecci\u00f3n contra la luz azul\" src=\"https:\/\/m.media-amazon.com\/images\/S\/aplus-media-library-service-media\/d07eb2b3-2daa-458c-ac65-530265a56671.__CR0,0,1464,600_PT0_SX1464_V1___.jpg\">                                                    Pantalla de Protecci\u00f3n Ocular HD                                         <\/p>\n<p class=\"aplus-p3\"> La tableta Android 13 de 7 pulgadas utiliza una pantallat\u00e1ctil segura de alta definici\u00f3npara proteger los ojos de losninos.que puedereducir eficazmente la da\u00f1inaluz azul <\/p>\n<p>                                                                     Excelente dise\u00f1o para tabletas infantiles                                            <img decoding=\"async\" alt=\"de ni\u00f1os usando tabletas coloridas. Se ven fundas protectoras azules y rosas. Los ni\u00f1os interact\u00faan con las pantallas en varios entornos, incluidos el asiento del autom\u00f3vil y el escritorio.\" src=\"https:\/\/images-na.ssl-images-amazon.com\/images\/G\/01\/x-locale\/common\/grey-pixel.gif\" class=\"a-lazy-loaded\" data-src=\"https:\/\/m.media-amazon.com\/images\/S\/aplus-media-library-service-media\/31d27fab-9569-40ec-abf0-2dc2c3ece797.__CR0,0,1464,600_PT0_SX1464_V1___.jpg\"><img decoding=\"async\" alt=\"de ni\u00f1os usando tabletas coloridas. Se ven fundas protectoras azules y rosas. Los ni\u00f1os interact\u00faan con las pantallas en varios entornos, incluidos el asiento del autom\u00f3vil y el escritorio.\" src=\"https:\/\/m.media-amazon.com\/images\/S\/aplus-media-library-service-media\/31d27fab-9569-40ec-abf0-2dc2c3ece797.__CR0,0,1464,600_PT0_SX1464_V1___.jpg\">                                         <\/p>\n<p class=\"aplus-description aplus-container-3 aplus-p1\"> Tableta est\u00e1 especialmente dise\u00f1ada para ni\u00f1os de 3 a 12 a\u00f1os. Viene con muchas aplicaciones educativas divertidas preinstaladas. Los ni\u00f1os pueden explorar libros, videos y juegos apropiados para su edad, mientras que los padres pueden gestionar el uso mediante funciones de control parental seguras <\/p>\n<p>                                                                                           <img decoding=\"async\" alt=\"para ni\u00f1os con dise\u00f1o azul a prueba de golpes, soporte y asa integrados. Se muestra cuando es utilizada por familias y con iconos de durabilidad que destacan las caracter\u00edsticas de protecci\u00f3n\" src=\"https:\/\/m.media-amazon.com\/images\/S\/aplus-media-library-service-media\/0be3d714-c1e8-4163-adb7-df3b7e3681b7.__CR0,0,1464,600_PT0_SX1464_V1___.jpg\">                                                    FUNDA ANTIGOLPESDISENADA PARA NINOS                                         <\/p>\n<p class=\"aplus-p3\"> Anticaidas <\/p>\n<p class=\"aplus-p3\"> Engranajes ajustables <\/p>\n<p class=\"aplus-p3\"> Material de grado alimenticio <\/p>\n<p>                                                                                        <img decoding=\"async\" alt=\"Anuncio de dispositivo electr\u00f3nico que muestra texto sobre la capacidad de la bater\u00eda de 4000 mAh sobre un fondo exterior\" src=\"https:\/\/m.media-amazon.com\/images\/S\/aplus-media-library-service-media\/2c8cf32f-a51b-423d-8394-bc450e447e31.__CR0,0,1464,600_PT0_SX1464_V1___.jpg\">                                                    DIVERSI\u00d3N SOBRE LA MARCHA                                         <\/p>\n<p class=\"aplus-p3\"> Tableta infantil de solo 370 g, f\u00e1cil de sostenersin esfuerzo! <\/p>\n<p class=\"aplus-p3\"> \u00a1La tableta para ni\u00f1os es perfecta para viajar! <\/p>\n<p class=\"aplus-description aplus-container-3 aplus-p1\"> Esta tableta cuenta con un dise\u00f1o con soporte, lo que permite a los ni\u00f1os colocarla f\u00e1cilmente sobre una mesa o sostenerla por el lateral. Ofrece m\u00faltiples formas de agarre para adaptarse a diferentes necesidades. Su ajuste de \u00e1ngulo m\u00faltiple brinda una experiencia de visualizaci\u00f3n c\u00f3moda. <\/p>\n<p>                                                                                                       <img decoding=\"async\" alt=\"Colorido anuncio para tablet infantil. Muestra ni\u00f1os alegres, un dispositivo con personajes de juegos. Destaca su uso para la alfabetizaci\u00f3n, las fiestas, los dibujos animados y el A\u00f1o Nuevo.\" src=\"https:\/\/images-na.ssl-images-amazon.com\/images\/G\/01\/x-locale\/common\/grey-pixel.gif\" class=\"a-lazy-loaded\" data-src=\"https:\/\/m.media-amazon.com\/images\/S\/aplus-media-library-service-media\/04ca2ef1-80fc-4bc4-8351-b8520d2a48f0.__CR0,0,1464,600_PT0_SX1464_V1___.jpg\"><img decoding=\"async\" alt=\"Colorido anuncio para tablet infantil. Muestra ni\u00f1os alegres, un dispositivo con personajes de juegos. Destaca su uso para la alfabetizaci\u00f3n, las fiestas, los dibujos animados y el A\u00f1o Nuevo.\" src=\"https:\/\/m.media-amazon.com\/images\/S\/aplus-media-library-service-media\/04ca2ef1-80fc-4bc4-8351-b8520d2a48f0.__CR0,0,1464,600_PT0_SX1464_V1___.jpg\">                                         <\/p>\n<p class=\"aplus-description aplus-container-3 aplus-p1\"> \u2714\ufe0f\u00a1Es el regalo perfecto para los ni\u00f1os! \u00a1Deja que tu hijo disfrute de esta tableta infantil que combina aprendizaje y entretenimiento! <\/p>\n<p>                                                                                                       <img decoding=\"async\" alt=\"con funda protectora, caracter\u00edsticas etiquetadas y contenido del paquete que incluye manual de instrucciones, cable USB, cargador y otros colores de funda. Se indica el tama\u00f1o de pantalla de 7 pulgadas\" src=\"https:\/\/images-na.ssl-images-amazon.com\/images\/G\/01\/x-locale\/common\/grey-pixel.gif\" class=\"a-lazy-loaded\" data-src=\"https:\/\/m.media-amazon.com\/images\/S\/aplus-media-library-service-media\/89a6bd9f-f279-4cf3-9a3a-117f7966e396.__CR0,0,1464,600_PT0_SX1464_V1___.jpg\"><img decoding=\"async\" alt=\"con funda protectora, caracter\u00edsticas etiquetadas y contenido del paquete que incluye manual de instrucciones, cable USB, cargador y otros colores de funda. Se indica el tama\u00f1o de pantalla de 7 pulgadas\" src=\"https:\/\/m.media-amazon.com\/images\/S\/aplus-media-library-service-media\/89a6bd9f-f279-4cf3-9a3a-117f7966e396.__CR0,0,1464,600_PT0_SX1464_V1___.jpg\">                                               <\/p>\n<p> Batteries                                            \u200f                                            :                                            \u200e                                            1 A batteries required. (included)   <br \/> Language                                            \u200f                                            :                                            \u200e                                            English, Spanish   <br \/> Product Dimensions                                            \u200f                                            :                                            \u200e                                            19 x 11 x 1 cm; 370 g   <br \/> Manufacturer                                            \u200f                                            :                                            \u200e                                            SANNUO   <br \/> ASIN                                            \u200f                                            :                                            \u200e                                            B0FP5C2V1R   <br \/> Item model number                                            \u200f                                            :                                            \u200e                                            K708   <br \/> Country of origin                                            \u200f                                            :                                            \u200e                                            China   <br \/> Guaranteed software updates until                                            \u200f                                            :                                            \u200e                                            unknown   <br \/>  Customer reviews:                                                                                            4.3               4.3 out of 5 stars                                  (64)                                              var dpAcrHasRegisteredArcLinkClickAction;                    P.when(&#8216;A&#8217;, &#8216;ready&#8217;).execute(function(A) {                        if (dpAcrHasRegisteredArcLinkClickAction !== true) {                            dpAcrHasRegisteredArcLinkClickAction = true;                            A.declarative(                                &#8216;acrLink-click-metrics&#8217;, &#8216;click&#8217;,                                { \u00aballowLinkDefault\u00bb: true },                                function (event) {                                    if (window.ue) {                                        ue.count(\u00abacrLinkClickCount\u00bb, (ue.count(\u00abacrLinkClickCount\u00bb) || 0) + 1);                                    }                                }                            );                        }                    });                                             P.when(&#8216;A&#8217;, &#8216;cf&#8217;).execute(function(A) {                A.declarative(&#8216;acrStarsLink-click-metrics&#8217;, &#8216;click&#8217;, { \u00aballowLinkDefault\u00bb : true },  function(event){                    if(window.ue) {                        ue.count(\u00abacrStarsLinkWithPopoverClickCount\u00bb, (ue.count(\u00abacrStarsLinkWithPopoverClickCount\u00bb) || 0) + 1);                    }                });            });                          <\/p>\n<p>\u3010Powerful Kids Tablet\u3011This kids tablet is equipped with the latest Android 13 operating system, which improves the stability of the system operation and the security of the user&#8217;s private data. This children&#8217;s tablet has the Google GMS certification, which ensures maximum fluidity and secure access to millions of apps in the Play Store, including platforms such as Netflix, YouTube and ZOOM. Let your child always win on the starting line.<br \/>\u30108GB+64GB Capacity\u3011Tablet for kids comes with 8GB (3+5) RAM+64GB ROM (128GB SD card),allowing you to smoothly run multiple applications at the same time to meet your child&#8217;s need to search for information while listening to a lesson,64GB ROM memory is large enough for daily study and entertainment, ensuring you will always have space enough for thousands of libations ros,audiobooks, TV shows, apps and games.<br \/>\u3010HD Screen Protector\u3011Kids tablet features a 7-inch Full HD screen, which allows you to customize the brightness and contrast of the screen according to personal preference. With a high-resolution screen, kids can watch crisp, vivid images and videos when watching movies, playing games and reading books. Automatic brightness adjustment and anti-blue light design better protect children&#8217;s eyesight, so that they can learn or play for hours without fatigue!<br \/>\u3010Safety Management\u3011This 7 inch kids tablet has a powerful parental control function, parents can limit the time and content of their children&#8217;s use, to create a safe online environment for their children, to ensure their child&#8217;s online safety and healthy growth. It is also equipped with two cameras to facilitate calls and online learning, also great for kids birthday gifts, Christmas gifts much more.<br \/>\u3010EVA Protect Case\u3011Kids tablet is made of high-quality, durable, eco-friendly and lightweight material that protects the tablet from scratches, dust, bumps and drops. Drop-proof touch tablet&#8217;s built-in adjustable stand provides a comfortable grip and protection for a great video viewing experience.Rest easy with our 2-year warranty and a 30-day worry-free return and replacement policy.<\/p>\n\n","protected":false},"excerpt":{"rendered":"<p> Product Description La tableta para ni\u00f1os SANNUO es adecuada para ni\u00f1os de 3 a 12<\/p>","protected":false},"featured_media":32520,"comment_status":"open","ping_status":"closed","template":"","meta":[],"product_brand":[],"product_cat":[93],"product_tag":[651,700,568,622,391,646,648,367,650,681,994,186,6117,1124,298,6171,6978,655,5619,584,703,1175,587,913,647,842,157,652,653,649,654,543],"class_list":{"0":"post-32519","1":"product","2":"type-product","3":"status-publish","4":"has-post-thumbnail","6":"product_cat-android-tablets","7":"product_tag-10-inch-tablet","8":"product_tag-128gb","9":"product_tag-64gb","10":"product_tag-8gb","11":"product_tag-android","12":"product_tag-android-tablet","13":"product_tag-best-android-tablet","14":"product_tag-blue","15":"product_tag-budget-android-tablet","16":"product_tag-camera","17":"product_tag-case","18":"product_tag-certified","19":"product_tag-childrens","20":"product_tag-control","21":"product_tag-dual","22":"product_tag-educational","23":"product_tag-eva","24":"product_tag-gaming-tablet","25":"product_tag-gms","26":"product_tag-inch","27":"product_tag-ips","28":"product_tag-parental","29":"product_tag-ram","30":"product_tag-rom","31":"product_tag-samsung-android-tablet","32":"product_tag-screen","33":"product_tag-tablet","34":"product_tag-tablet-for-kids","35":"product_tag-tablet-for-study","36":"product_tag-tablet-with-sim","37":"product_tag-tablet-with-stylus","38":"product_tag-wifi","40":"first","41":"instock","42":"sale","43":"shipping-taxable","44":"product-type-external"},"_links":{"self":[{"href":"https:\/\/comprasyconsejos.store\/en\/wp-json\/wp\/v2\/product\/32519","targetHints":{"allow":["GET"]}}],"collection":[{"href":"https:\/\/comprasyconsejos.store\/en\/wp-json\/wp\/v2\/product"}],"about":[{"href":"https:\/\/comprasyconsejos.store\/en\/wp-json\/wp\/v2\/types\/product"}],"replies":[{"embeddable":true,"href":"https:\/\/comprasyconsejos.store\/en\/wp-json\/wp\/v2\/comments?post=32519"}],"version-history":[{"count":0,"href":"https:\/\/comprasyconsejos.store\/en\/wp-json\/wp\/v2\/product\/32519\/revisions"}],"wp:featuredmedia":[{"embeddable":true,"href":"https:\/\/comprasyconsejos.store\/en\/wp-json\/wp\/v2\/media\/32520"}],"wp:attachment":[{"href":"https:\/\/comprasyconsejos.store\/en\/wp-json\/wp\/v2\/media?parent=32519"}],"wp:term":[{"taxonomy":"product_brand","embeddable":true,"href":"https:\/\/comprasyconsejos.store\/en\/wp-json\/wp\/v2\/product_brand?post=32519"},{"taxonomy":"product_cat","embeddable":true,"href":"https:\/\/comprasyconsejos.store\/en\/wp-json\/wp\/v2\/product_cat?post=32519"},{"taxonomy":"product_tag","embeddable":true,"href":"https:\/\/comprasyconsejos.store\/en\/wp-json\/wp\/v2\/product_tag?post=32519"}],"curies":[{"name":"wp","href":"https:\/\/api.w.org\/{rel}","templated":true}]}}