{"id":32548,"date":"2026-02-23T07:41:11","date_gmt":"2026-02-23T07:41:11","guid":{"rendered":"https:\/\/comprasyconsejos.store\/product\/hp-omen-16-ap0000ns-gaming-laptop-16-amd-ryzen-ai-7-350-32gb-ram-1tb-ssd-nvidia-geforce-rtx-5070-freedos-black-spanish-qwerty-keyboard\/"},"modified":"2026-02-23T07:41:16","modified_gmt":"2026-02-23T07:41:16","slug":"hp-omen-16-ap0000ns-gaming-laptop-16-amd-ryzen-ai-7-350-32gb-ram-1tb-ssd-nvidia-geforce-rtx-5070-freedos-black-spanish-qwerty-keyboard","status":"publish","type":"product","link":"https:\/\/comprasyconsejos.store\/en\/product\/hp-omen-16-ap0000ns-gaming-laptop-16-amd-ryzen-ai-7-350-32gb-ram-1tb-ssd-nvidia-geforce-rtx-5070-freedos-black-spanish-qwerty-keyboard\/","title":{"rendered":"HP OMEN 16-ap0000ns \u2013 Gaming Laptop 16&#8243; (AMD Ryzen AI 7 350, 32GB RAM, 1TB SSD, NVIDIA GeForce RTX 5070, FreeDos) Black \u2013 Spanish QWERTY Keyboard"},"content":{"rendered":"<p>Price: <span style=\"color:#b12704\">\u20ac1,499.00<\/span><br \/><i><small>(as of Feb 23, 2026 07:41:11 UTC &#8211; <span class=\"wp_automatic_amazon_disclaimer\" title=\"Product prices and availability are accurate as of the date\/time indicated and are subject to change. Any price and availability information displayed on [relevant Amazon Site(s), as applicable] at the time of purchase will apply to the purchase of this product.\">Details<\/span>)<\/small><\/i><\/p>\n<p><a href=\"https:\/\/amazon.es\/dp\/B0F2TGCBXR?tag=man008-21\"><img decoding=\"async\" src=\"https:\/\/valvepress.s3.amazonaws.com\/imgs\/buy_now.png\"><\/a><br \/>\n<\/p>\n<p>                                             From the manufacturer   <\/p>\n<p>                                                                                                       <img decoding=\"async\" alt=\"aplus content image\" src=\"https:\/\/images-na.ssl-images-amazon.com\/images\/G\/01\/x-locale\/common\/grey-pixel.gif\" class=\"a-lazy-loaded\" data-src=\"https:\/\/m.media-amazon.com\/images\/S\/aplus-media-library-service-media\/fd837b3c-429b-4b6b-8226-e53364eaaeb9.__CR0,0,1464,600_PT0_SX1464_V1___.png\"><img decoding=\"async\" alt=\"aplus content image\" src=\"https:\/\/m.media-amazon.com\/images\/S\/aplus-media-library-service-media\/fd837b3c-429b-4b6b-8226-e53364eaaeb9.__CR0,0,1464,600_PT0_SX1464_V1___.png\">                                               <\/p>\n<p>                                                                                                       <img decoding=\"async\" alt=\"El texto dice \u00abTECNOLOGIA UNDER COUNTER COOKING EVOLUCIONADA\u00bb. Fondo oscuro con superposici\u00f3n de texto rojo que muestra informaci\u00f3n tecnol\u00f3gica sobre equipos de cocina\" src=\"https:\/\/images-na.ssl-images-amazon.com\/images\/G\/01\/x-locale\/common\/grey-pixel.gif\" class=\"a-lazy-loaded\" data-src=\"https:\/\/m.media-amazon.com\/images\/S\/aplus-media-library-service-media\/d9d6ed1e-57b4-42ea-a97f-2cd8e4d51f5c.__CR0,0,1464,600_PT0_SX1464_V1___.png\"><img decoding=\"async\" alt=\"El texto dice \u00abTECNOLOGIA UNDER COUNTER COOKING EVOLUCIONADA\u00bb. Fondo oscuro con superposici\u00f3n de texto rojo que muestra informaci\u00f3n tecnol\u00f3gica sobre equipos de cocina\" src=\"https:\/\/m.media-amazon.com\/images\/S\/aplus-media-library-service-media\/d9d6ed1e-57b4-42ea-a97f-2cd8e4d51f5c.__CR0,0,1464,600_PT0_SX1464_V1___.png\">                                               <\/p>\n<p>                                                                                                       <img decoding=\"async\" alt=\"El texto dice \u00abEXPERIENCIAS DE LA TRANSFORMACI\u00d3N\u00bb. Diapositivas de presentaciones acad\u00e9micas o educativas con detalles en rojo sobre fondo oscuro.\" src=\"https:\/\/images-na.ssl-images-amazon.com\/images\/G\/01\/x-locale\/common\/grey-pixel.gif\" class=\"a-lazy-loaded\" data-src=\"https:\/\/m.media-amazon.com\/images\/S\/aplus-media-library-service-media\/eb5198d2-9ca4-4840-97c4-475de19b2273.__CR0,0,1464,600_PT0_SX1464_V1___.png\"><img decoding=\"async\" alt=\"El texto dice \u00abEXPERIENCIAS DE LA TRANSFORMACI\u00d3N\u00bb. Diapositivas de presentaciones acad\u00e9micas o educativas con detalles en rojo sobre fondo oscuro.\" src=\"https:\/\/m.media-amazon.com\/images\/S\/aplus-media-library-service-media\/eb5198d2-9ca4-4840-97c4-475de19b2273.__CR0,0,1464,600_PT0_SX1464_V1___.png\">                                               <\/p>\n<p>                                                                                                       <img decoding=\"async\" alt=\"aplus content image\" src=\"https:\/\/images-na.ssl-images-amazon.com\/images\/G\/01\/x-locale\/common\/grey-pixel.gif\" class=\"a-lazy-loaded\" data-src=\"https:\/\/m.media-amazon.com\/images\/S\/aplus-media-library-service-media\/75ad956f-4bfc-4037-a2da-e8978f36bcdd.__CR0,0,1464,600_PT0_SX1464_V1___.png\"><img decoding=\"async\" alt=\"aplus content image\" src=\"https:\/\/m.media-amazon.com\/images\/S\/aplus-media-library-service-media\/75ad956f-4bfc-4037-a2da-e8978f36bcdd.__CR0,0,1464,600_PT0_SX1464_V1___.png\">                                               <\/p>\n<p>                                                                                                       <img decoding=\"async\" alt=\"aplus content image\" src=\"https:\/\/images-na.ssl-images-amazon.com\/images\/G\/01\/x-locale\/common\/grey-pixel.gif\" class=\"a-lazy-loaded\" data-src=\"https:\/\/m.media-amazon.com\/images\/S\/aplus-media-library-service-media\/14d206e8-246f-4053-b4ef-7e2f8a521b93.__CR0,0,1464,600_PT0_SX1464_V1___.png\"><img decoding=\"async\" alt=\"aplus content image\" src=\"https:\/\/m.media-amazon.com\/images\/S\/aplus-media-library-service-media\/14d206e8-246f-4053-b4ef-7e2f8a521b93.__CR0,0,1464,600_PT0_SX1464_V1___.png\">                                               <\/p>\n<p>                                                                                                       <img decoding=\"async\" alt=\"Capturas de pantalla de la interfaz de computadora o software que muestran especificaciones t\u00e9cnicas y pantallas de datos. Contiene valores num\u00e9ricos y par\u00e1metros t\u00e9cnicos.\" src=\"https:\/\/images-na.ssl-images-amazon.com\/images\/G\/01\/x-locale\/common\/grey-pixel.gif\" class=\"a-lazy-loaded\" data-src=\"https:\/\/m.media-amazon.com\/images\/S\/aplus-media-library-service-media\/a71efaf8-5b2d-4a98-8d9f-1d7c52c9ec9c.__CR0,0,1464,600_PT0_SX1464_V1___.png\"><img decoding=\"async\" alt=\"Capturas de pantalla de la interfaz de computadora o software que muestran especificaciones t\u00e9cnicas y pantallas de datos. Contiene valores num\u00e9ricos y par\u00e1metros t\u00e9cnicos.\" src=\"https:\/\/m.media-amazon.com\/images\/S\/aplus-media-library-service-media\/a71efaf8-5b2d-4a98-8d9f-1d7c52c9ec9c.__CR0,0,1464,600_PT0_SX1464_V1___.png\">                                               <\/p>\n<p>                                                                                                       <img decoding=\"async\" alt=\"Pantalla de especificaciones t\u00e9cnicas que muestra detalles del monitor para juegos con \u00edconos y texto en espa\u00f1ol sobre las especificaciones de resoluci\u00f3n y memoria.\" src=\"https:\/\/images-na.ssl-images-amazon.com\/images\/G\/01\/x-locale\/common\/grey-pixel.gif\" class=\"a-lazy-loaded\" data-src=\"https:\/\/m.media-amazon.com\/images\/S\/aplus-media-library-service-media\/9e82909d-030b-4a63-8432-fdb08aa1929e.__CR0,0,1464,600_PT0_SX1464_V1___.png\"><img decoding=\"async\" alt=\"Pantalla de especificaciones t\u00e9cnicas que muestra detalles del monitor para juegos con \u00edconos y texto en espa\u00f1ol sobre las especificaciones de resoluci\u00f3n y memoria.\" src=\"https:\/\/m.media-amazon.com\/images\/S\/aplus-media-library-service-media\/9e82909d-030b-4a63-8432-fdb08aa1929e.__CR0,0,1464,600_PT0_SX1464_V1___.png\">                                               <\/p>\n<p> Batteries                                            \u200f                                            :                                            \u200e                                            1 Lithium Ion batteries required. (included)   <br \/> Product Dimensions                                            \u200f                                            :                                            \u200e                                            26.9 x 35.75 x 2.84 cm; 2.44 kg   <br \/> Manufacturer                                            \u200f                                            :                                            \u200e                                            HP   <br \/> ASIN                                            \u200f                                            :                                            \u200e                                            B0F2TGCBXR   <br \/> Item model number                                            \u200f                                            :                                            \u200e                                            0199251186202   <br \/> Country of origin                                            \u200f                                            :                                            \u200e                                            China   <br \/> Guaranteed software updates until                                            \u200f                                            :                                            \u200e                                            unknown   <br \/>  Customer reviews:                                                                                            4.0               4.0 out of 5 stars                                  (68)                                              var dpAcrHasRegisteredArcLinkClickAction;                    P.when(&#8216;A&#8217;, &#8216;ready&#8217;).execute(function(A) {                        if (dpAcrHasRegisteredArcLinkClickAction !== true) {                            dpAcrHasRegisteredArcLinkClickAction = true;                            A.declarative(                                &#8216;acrLink-click-metrics&#8217;, &#8216;click&#8217;,                                { \u00aballowLinkDefault\u00bb: true },                                function (event) {                                    if (window.ue) {                                        ue.count(\u00abacrLinkClickCount\u00bb, (ue.count(\u00abacrLinkClickCount\u00bb) || 0) + 1);                                    }                                }                            );                        }                    });                                             P.when(&#8216;A&#8217;, &#8216;cf&#8217;).execute(function(A) {                A.declarative(&#8216;acrStarsLink-click-metrics&#8217;, &#8216;click&#8217;, { \u00aballowLinkDefault\u00bb : true },  function(event){                    if(window.ue) {                        ue.count(\u00abacrStarsLinkWithPopoverClickCount\u00bb, (ue.count(\u00abacrStarsLinkWithPopoverClickCount\u00bb) || 0) + 1);                    }                });            });                          <\/p>\n<p>Extreme AI Performance: AMD Ryzen AI 7 350 8-core 16-thread processor with NVIDIA GeForce RTX 5070 8GB GDDR7 for demanding gaming, content creation and intensive multitasking<br \/>Immersive FHD+ display: 16&#8243; (40.6 cm) IPS, micro-edge, anti-glare, FHD+(1920 x 1200), 60-144Hz, 300 nits and 62.5% sRGB with AMD FreeSync for smooth images and accurate colors<br \/>ADVANCED COOLING &#8211; High-efficiency fans reduce noise and maintain stable temperature during long gaming sessions<br \/>Full Connectivity &#8211; 3x USB-A, 1x USB-C, HDMI 2.1, headphone\/microphone combo, RJ-45, Wi-Fi 6 and Bluetooth 5.4 for peripherals, seamless streaming and communication<br \/>Ready to customize: Includes FreeDOS 3.0, so you can install your preferred operating system and take full advantage of the power of AMD Ryzen AI and NVIDIA<\/p>\n\n","protected":false},"excerpt":{"rendered":"<p> From the manufacturer Batteries \u200f : \u200e 1 Lithium Ion batteries required. (included) Product Dimensions<\/p>","protected":false},"featured_media":32549,"comment_status":"open","ping_status":"closed","template":"","meta":[],"product_brand":[],"product_cat":[86],"product_tag":[526,9344,602,902,530,520,307,5816,617,519,524,521,525,522,620,523,518,159,821,5813,528,858,587,527,621,531,5273,513],"class_list":{"0":"post-32548","1":"product","2":"type-product","3":"status-publish","4":"has-post-thumbnail","6":"product_cat-gaming-laptop","7":"product_tag-144hz-gaming-laptop","8":"product_tag-16ap0000ns","9":"product_tag-1tb","10":"product_tag-32gb","11":"product_tag-amd","12":"product_tag-best-gaming-laptop","13":"product_tag-black","14":"product_tag-freedos","15":"product_tag-gaming","16":"product_tag-gaming-laptop","17":"product_tag-gaming-laptop-16gb-ram","18":"product_tag-gaming-laptop-rtx","19":"product_tag-gaming-laptop-ssd","20":"product_tag-gaming-laptop-under-budget","21":"product_tag-geforce","22":"product_tag-high-performance-laptop","23":"product_tag-keyboard","24":"product_tag-laptop","25":"product_tag-nvidia","26":"product_tag-omen","27":"product_tag-portable-gaming-laptop","28":"product_tag-qwerty","29":"product_tag-ram","30":"product_tag-rgb-gaming-laptop","31":"product_tag-rtx","32":"product_tag-ryzen","33":"product_tag-spanish","34":"product_tag-ssd","36":"first","37":"instock","38":"shipping-taxable","39":"product-type-external"},"_links":{"self":[{"href":"https:\/\/comprasyconsejos.store\/en\/wp-json\/wp\/v2\/product\/32548","targetHints":{"allow":["GET"]}}],"collection":[{"href":"https:\/\/comprasyconsejos.store\/en\/wp-json\/wp\/v2\/product"}],"about":[{"href":"https:\/\/comprasyconsejos.store\/en\/wp-json\/wp\/v2\/types\/product"}],"replies":[{"embeddable":true,"href":"https:\/\/comprasyconsejos.store\/en\/wp-json\/wp\/v2\/comments?post=32548"}],"version-history":[{"count":0,"href":"https:\/\/comprasyconsejos.store\/en\/wp-json\/wp\/v2\/product\/32548\/revisions"}],"wp:featuredmedia":[{"embeddable":true,"href":"https:\/\/comprasyconsejos.store\/en\/wp-json\/wp\/v2\/media\/32549"}],"wp:attachment":[{"href":"https:\/\/comprasyconsejos.store\/en\/wp-json\/wp\/v2\/media?parent=32548"}],"wp:term":[{"taxonomy":"product_brand","embeddable":true,"href":"https:\/\/comprasyconsejos.store\/en\/wp-json\/wp\/v2\/product_brand?post=32548"},{"taxonomy":"product_cat","embeddable":true,"href":"https:\/\/comprasyconsejos.store\/en\/wp-json\/wp\/v2\/product_cat?post=32548"},{"taxonomy":"product_tag","embeddable":true,"href":"https:\/\/comprasyconsejos.store\/en\/wp-json\/wp\/v2\/product_tag?post=32548"}],"curies":[{"name":"wp","href":"https:\/\/api.w.org\/{rel}","templated":true}]}}