{"id":32568,"date":"2026-02-23T07:57:41","date_gmt":"2026-02-23T07:57:41","guid":{"rendered":"https:\/\/comprasyconsejos.store\/product\/kf-concept-71-iphone-tripod-3-in-1-magnetic-selfie-stickclip-with-remote-control-360-rotatable-magnetic-tripod-compatible-with-iphone-17-12-and-android-1-4-screw-accessories\/"},"modified":"2026-02-23T07:57:50","modified_gmt":"2026-02-23T07:57:50","slug":"kf-concept-71-iphone-tripod-3-in-1-magnetic-selfie-stickclip-with-remote-control-360-rotatable-magnetic-tripod-compatible-with-iphone-17-12-and-android-1-4-screw-accessories","status":"publish","type":"product","link":"https:\/\/comprasyconsejos.store\/en\/product\/kf-concept-71-iphone-tripod-3-in-1-magnetic-selfie-stickclip-with-remote-control-360-rotatable-magnetic-tripod-compatible-with-iphone-17-12-and-android-1-4-screw-accessories\/","title":{"rendered":"K&#038;F CONCEPT 71&#8243; iPhone Tripod, 3-in-1 Magnetic Selfie Stick+Clip with Remote Control, 360\u00b0 Rotatable Magnetic Tripod, Compatible with iPhone 17-12 and Android, 1\/4&#8243; Screw Accessories"},"content":{"rendered":"<p>Price: <span style=\"color:#b12704\"><del>\u20ac32.99<\/del> - \u20ac31.99<\/span><br \/><i><small>(as of Feb 23, 2026 07:57:41 UTC &#8211; <span class=\"wp_automatic_amazon_disclaimer\" title=\"Product prices and availability are accurate as of the date\/time indicated and are subject to change. Any price and availability information displayed on [relevant Amazon Site(s), as applicable] at the time of purchase will apply to the purchase of this product.\">Details<\/span>)<\/small><\/i><\/p>\n<p><a href=\"https:\/\/amazon.es\/dp\/B0FWBHDJMM?tag=man008-21\"><img decoding=\"async\" src=\"https:\/\/valvepress.s3.amazonaws.com\/imgs\/buy_now.png\"><\/a><br \/>\n<\/p>\n<p>                                             Product Description   <\/p>\n<p>                                                                                                       <img decoding=\"async\" alt=\"aplus content image\" src=\"https:\/\/images-na.ssl-images-amazon.com\/images\/G\/01\/x-locale\/common\/grey-pixel.gif\" class=\"a-lazy-loaded\" data-src=\"https:\/\/m.media-amazon.com\/images\/S\/aplus-media-library-service-media\/013a5f31-8f07-48b4-bbee-3ce32770fa3e.__CR0,0,1464,600_PT0_SX1464_V1___.jpg\"><img decoding=\"async\" alt=\"aplus content image\" src=\"https:\/\/m.media-amazon.com\/images\/S\/aplus-media-library-service-media\/013a5f31-8f07-48b4-bbee-3ce32770fa3e.__CR0,0,1464,600_PT0_SX1464_V1___.jpg\">                                               <\/p>\n<p>                                                                                                       <img decoding=\"async\" alt=\"aplus content image\" src=\"https:\/\/images-na.ssl-images-amazon.com\/images\/G\/01\/x-locale\/common\/grey-pixel.gif\" class=\"a-lazy-loaded\" data-src=\"https:\/\/m.media-amazon.com\/images\/S\/aplus-media-library-service-media\/170d0248-dd9c-4b2a-ae6e-278e3cb04a99.__CR0,0,1464,600_PT0_SX1464_V1___.jpg\"><img decoding=\"async\" alt=\"aplus content image\" src=\"https:\/\/m.media-amazon.com\/images\/S\/aplus-media-library-service-media\/170d0248-dd9c-4b2a-ae6e-278e3cb04a99.__CR0,0,1464,600_PT0_SX1464_V1___.jpg\">                                               <\/p>\n<p>                                                                                  <img decoding=\"async\" alt=\"aplus content image\" src=\"https:\/\/m.media-amazon.com\/images\/S\/aplus-media-library-service-media\/0d7b3f08-7125-4682-811c-e3329b5f980d.__CR0,0,1464,600_PT0_SX1464_V1___.jpg\">       <\/p>\n<p>                                                                                  <img decoding=\"async\" alt=\"Secuencia de la gu\u00eda de instalaci\u00f3n que muestra los pasos de configuraci\u00f3n del dispositivo m\u00f3vil con iconos y elementos de la interfaz sobre un fondo blanco.\" src=\"https:\/\/m.media-amazon.com\/images\/S\/aplus-media-library-service-media\/929779f9-560b-418e-a84e-e33700822d30.__CR0,0,1464,600_PT0_SX1464_V1___.jpg\">       <\/p>\n<p>                                                                                  <img decoding=\"async\" alt=\"El texto dice \u00ab1\/4&amp;#34; Rosca Est\u00e1ndar\u00bb. Diagramas t\u00e9cnicos de productos que muestran las distintas posiciones y configuraciones de montaje para c\u00e1maras o equipos de iluminaci\u00f3n.\" src=\"https:\/\/m.media-amazon.com\/images\/S\/aplus-media-library-service-media\/e6d41987-becb-4694-b24e-d9a251995adc.__CR0,0,1464,600_PT0_SX1464_V1___.jpg\">       <\/p>\n<p>                                                                                  <img decoding=\"async\" alt=\"aplus content image\" src=\"https:\/\/m.media-amazon.com\/images\/S\/aplus-media-library-service-media\/ce01266f-a397-48f2-9c61-531071eed8a1.__CR0,0,1464,600_PT0_SX1464_V1___.jpg\">       <\/p>\n<p>                                                                                  <img decoding=\"async\" alt=\"aplus content image\" src=\"https:\/\/m.media-amazon.com\/images\/S\/aplus-media-library-service-media\/c19f6f9b-824b-451f-b115-224db715e832.__CR0,0,1464,600_PT0_SX1464_V1___.jpg\">       <\/p>\n<p>                                                                                  <img decoding=\"async\" alt=\"Diagrama t\u00e9cnico que muestra el \u00abHochleistungsfeder\u00bb (muelle de alto rendimiento) con los indicadores \u00abExtra stark\u00bb y \u00abKlemmkraft\u00bb. Vistas m\u00faltiples del mecanismo de resorte helicoidal negro.\" src=\"https:\/\/m.media-amazon.com\/images\/S\/aplus-media-library-service-media\/4c5e922c-2a6b-4b2b-96d7-faef14b1312a.__CR0,0,1464,600_PT0_SX1464_V1___.jpg\">       <\/p>\n<p>                                                                                  <img decoding=\"async\" alt=\"El texto dice \u00abImagen 1\u00bb. Un \u00e1rbol o extensor para zapatos de pl\u00e1stico negro con mecanismo de resorte en espiral para ajustar el ancho.\" src=\"https:\/\/m.media-amazon.com\/images\/S\/aplus-media-library-service-media\/e8845e47-3353-40cb-be71-b807f0695921.__CR0,0,1464,600_PT0_SX1464_V1___.jpg\">       <\/p>\n<p>                                                                                  <img decoding=\"async\" alt=\"El texto dice \u00abReuniones familiares\u00bb. Sesi\u00f3n de fotos en la playa con equipo de iluminaci\u00f3n y dos figuras en un acantilado costero.\" src=\"https:\/\/m.media-amazon.com\/images\/S\/aplus-media-library-service-media\/540b5663-eeb6-41bd-a2b5-8ae476ba2b8b.__CR0,0,1464,600_PT0_SX1464_V1___.jpg\">       <\/p>\n<p>                                                                                  <img decoding=\"async\" alt=\"Serie de fotos de acci\u00f3n que muestran actividades al aire libre con un cielo azul y agua como tel\u00f3n de fondo, con poses activas con bastones para selfies o equipo similar.\" src=\"https:\/\/m.media-amazon.com\/images\/S\/aplus-media-library-service-media\/8c537877-e9e4-4035-b126-c80282c975f6.__CR0,0,1464,600_PT0_SX1464_V1___.jpg\">       <\/p>\n<p>                                                                                  <img decoding=\"async\" alt=\"El texto dice: \u00abTransmisiones en vivo\u00bb. Configuraci\u00f3n que muestra a una persona en postura de yoga con un tr\u00edpode y un equipo de grabaci\u00f3n.\" src=\"https:\/\/m.media-amazon.com\/images\/S\/aplus-media-library-service-media\/19fe576f-722b-46d6-8b03-4529a388d4c1.__CR0,0,1464,600_PT0_SX1464_V1___.jpg\">       <\/p>\n<p>                                                                                  <img decoding=\"async\" alt=\"El texto dice \u00abControl remoto Bluetooth Recargable\u00bb. La imagen del producto muestra un tr\u00edpode o soporte con funciones de control.\" src=\"https:\/\/m.media-amazon.com\/images\/S\/aplus-media-library-service-media\/fc1c08b6-f28f-467a-801b-f7eeb6ffb6fd.__CR0,0,1464,600_PT0_SX1464_V1___.jpg\">       <\/p>\n<p>                                                                                  <img decoding=\"async\" alt=\"Secuencia instructiva que muestra los pasos para usar o ensamblar un producto, con marcadores de gu\u00eda numerados e im\u00e1genes de demostraci\u00f3n.\" src=\"https:\/\/m.media-amazon.com\/images\/S\/aplus-media-library-service-media\/40b99e7b-9257-428c-ab53-cb1c23e44b0d.__CR0,0,1464,600_PT0_SX1464_V1___.jpg\">       <\/p>\n<p>                                                                                  <img decoding=\"async\" alt=\"El texto dice \u00abLista de embalaje\u00bb. Diagrama t\u00e9cnico o p\u00e1gina del manual de instrucciones que muestra los componentes del producto y la informaci\u00f3n de montaje.\" src=\"https:\/\/m.media-amazon.com\/images\/S\/aplus-media-library-service-media\/f1d6e9a8-0fc3-4b8b-a1a7-e575e2ba52aa.__CR0,0,1464,600_PT0_SX1464_V1___.jpg\">       <\/p>\n<p> Batteries                                            \u200f                                            :                                            \u200e                                            1 Nonstandard Battery batteries required. (included)   <br \/> Product Dimensions                                            \u200f                                            :                                            \u200e                                            33.02 x 40.64 x 180.34 cm; 400 g   <br \/> Date First Available                                            \u200f                                            :                                            \u200e                                            10 Nov. 2025   <br \/> Manufacturer                                            \u200f                                            :                                            \u200e                                            Shenzhen Zhuoer Photograph   <br \/> ASIN                                            \u200f                                            :                                            \u200e                                            B0FWBHDJMM   <br \/> Manufacturer reference                                            \u200f                                            :                                            \u200e                                            KF15.0015   <br \/> Country of origin                                            \u200f                                            :                                            \u200e                                            China   <br \/> Guaranteed software updates until                                            \u200f                                            :                                            \u200e                                            unknown   <br \/>       Best Sellers Rank:  17 in Selfie Sticks       <br \/>  Customer reviews:                                                                                            4.6               4.6 out of 5 stars                                  (133)                                              var dpAcrHasRegisteredArcLinkClickAction;                    P.when(&#8216;A&#8217;, &#8216;ready&#8217;).execute(function(A) {                        if (dpAcrHasRegisteredArcLinkClickAction !== true) {                            dpAcrHasRegisteredArcLinkClickAction = true;                            A.declarative(                                &#8216;acrLink-click-metrics&#8217;, &#8216;click&#8217;,                                { \u00aballowLinkDefault\u00bb: true },                                function (event) {                                    if (window.ue) {                                        ue.count(\u00abacrLinkClickCount\u00bb, (ue.count(\u00abacrLinkClickCount\u00bb) || 0) + 1);                                    }                                }                            );                        }                    });                                             P.when(&#8216;A&#8217;, &#8216;cf&#8217;).execute(function(A) {                A.declarative(&#8216;acrStarsLink-click-metrics&#8217;, &#8216;click&#8217;, { \u00aballowLinkDefault\u00bb : true },  function(event){                    if(window.ue) {                        ue.count(\u00abacrStarsLinkWithPopoverClickCount\u00bb, (ue.count(\u00abacrStarsLinkWithPopoverClickCount\u00bb) || 0) + 1);                    }                });            });                          <\/p>\n<p>3 in 1 Design: K&#038;F CONCEPT Phone Tripod features a magnetic system and a clip to hold your phone, compatible with a standard 1\/4&#8243; screw, for quick mounting and recording. This selfie stick securely holds any smartphone and its accessories.<br \/>Fast Folding: This iPhone tripod opens and closes easily for convenient operation. In addition, the K&#038;F CONCEPT tripod extends up to 72in\/180cm and folds to just 11in\/29cm. Weighing only 0.88lb\/400g, it&#8217;s easy to store and take with you wherever you want.<br \/>\u30104-Axis Adjustable Design\u3011The adjustable 4-axis design of this tripod allows you to capture shots from any angle. This selfie tripod also features a 1\/4&#8243; screw mount to attach action cameras, lights, microphones and other accessories, allowing you to enjoy content creation better.<br \/>\u3010Bluetooth Remote Control &#038; Stability\u3011This iPhone tripod includes a rechargeable Bluetooth remote, freeing your hands for effortless recording. This selfie stick for android has an aluminum alloy telescopic pole. When fully extended, its tripod legs reach a width of 15in\/39cm, providing stability and making it an ideal choice for content creators and vloggers.<br \/>Universal Compatibility: This remote control selfie stick is compatible with iPhone 17-12 series and Android phones, with a 1\/4&#8243; screw holder and a magnetic ring included. This magnetic tripod is perfect for outdoor activities<\/p>\n\n","protected":false},"excerpt":{"rendered":"<p> Product Description Batteries \u200f : \u200e 1 Nonstandard Battery batteries required. (included) Product Dimensions \u200f<\/p>","protected":false},"featured_media":32569,"comment_status":"open","ping_status":"closed","template":"","meta":[],"product_brand":[],"product_cat":[104],"product_tag":[237,2681,391,201,3809,1124,147,3004,3003,3015,3008,3007,3010,3011,3000,3001,3013,3016,3014,3005,3002,3009,3017,3006,238,3012,2515,5488,3764,2513,9348,2511],"class_list":{"0":"post-32568","1":"product","2":"type-product","3":"status-publish","4":"has-post-thumbnail","6":"product_cat-apple-iphone","7":"product_tag-3in1","8":"product_tag-accessories","9":"product_tag-android","10":"product_tag-compatible","11":"product_tag-concept","12":"product_tag-control","13":"product_tag-iphone","14":"product_tag-iphone-13-accessories","15":"product_tag-iphone-14-case","16":"product_tag-iphone-adapter","17":"product_tag-iphone-battery-pack","18":"product_tag-iphone-cable","19":"product_tag-iphone-camera-lens","20":"product_tag-iphone-car-mount","21":"product_tag-iphone-case","22":"product_tag-iphone-charger","23":"product_tag-iphone-earbuds","24":"product_tag-iphone-gaming-controller","25":"product_tag-iphone-magsafe","26":"product_tag-iphone-pro-max-case","27":"product_tag-iphone-screen-protector","28":"product_tag-iphone-tempered-glass","29":"product_tag-iphone-tripod","30":"product_tag-iphone-wireless-charger","31":"product_tag-magnetic","32":"product_tag-refurbished-iphone","33":"product_tag-remote","34":"product_tag-rotatable","35":"product_tag-screw","36":"product_tag-selfie","37":"product_tag-stickclip","38":"product_tag-tripod","40":"first","41":"instock","42":"sale","43":"shipping-taxable","44":"product-type-external"},"_links":{"self":[{"href":"https:\/\/comprasyconsejos.store\/en\/wp-json\/wp\/v2\/product\/32568","targetHints":{"allow":["GET"]}}],"collection":[{"href":"https:\/\/comprasyconsejos.store\/en\/wp-json\/wp\/v2\/product"}],"about":[{"href":"https:\/\/comprasyconsejos.store\/en\/wp-json\/wp\/v2\/types\/product"}],"replies":[{"embeddable":true,"href":"https:\/\/comprasyconsejos.store\/en\/wp-json\/wp\/v2\/comments?post=32568"}],"version-history":[{"count":0,"href":"https:\/\/comprasyconsejos.store\/en\/wp-json\/wp\/v2\/product\/32568\/revisions"}],"wp:featuredmedia":[{"embeddable":true,"href":"https:\/\/comprasyconsejos.store\/en\/wp-json\/wp\/v2\/media\/32569"}],"wp:attachment":[{"href":"https:\/\/comprasyconsejos.store\/en\/wp-json\/wp\/v2\/media?parent=32568"}],"wp:term":[{"taxonomy":"product_brand","embeddable":true,"href":"https:\/\/comprasyconsejos.store\/en\/wp-json\/wp\/v2\/product_brand?post=32568"},{"taxonomy":"product_cat","embeddable":true,"href":"https:\/\/comprasyconsejos.store\/en\/wp-json\/wp\/v2\/product_cat?post=32568"},{"taxonomy":"product_tag","embeddable":true,"href":"https:\/\/comprasyconsejos.store\/en\/wp-json\/wp\/v2\/product_tag?post=32568"}],"curies":[{"name":"wp","href":"https:\/\/api.w.org\/{rel}","templated":true}]}}