{"id":32578,"date":"2026-02-23T08:07:18","date_gmt":"2026-02-23T08:07:18","guid":{"rendered":"https:\/\/comprasyconsejos.store\/product\/xxzu-180-cm-tripod-camera-aluminium-mobile-phone-tripod-with-bag-lightweight-camera-tripod-with-360-ball-load-capacity-8-kg-travel-tripod-for-dslr-phones-ring-light-projectors\/"},"modified":"2026-02-23T08:07:24","modified_gmt":"2026-02-23T08:07:24","slug":"xxzu-180-cm-tripod-camera-aluminium-mobile-phone-tripod-with-bag-lightweight-camera-tripod-with-360-ball-load-capacity-8-kg-travel-tripod-for-dslr-phones-ring-light-projectors","status":"publish","type":"product","link":"https:\/\/comprasyconsejos.store\/en\/product\/xxzu-180-cm-tripod-camera-aluminium-mobile-phone-tripod-with-bag-lightweight-camera-tripod-with-360-ball-load-capacity-8-kg-travel-tripod-for-dslr-phones-ring-light-projectors\/","title":{"rendered":"XXZU 180 cm Tripod Camera, Aluminium Mobile Phone Tripod with Bag, Lightweight Camera Tripod with 360\u00b0 Ball, Load Capacity 8 kg, Travel Tripod for DSLR\/Phones\/Ring Light\/Projectors"},"content":{"rendered":"<p>Price: <span style=\"color:#b12704\"><del>\u20ac32.39<\/del> - \u20ac31.58<\/span><br \/><i><small>(as of Feb 23, 2026 08:07:19 UTC &#8211; <span class=\"wp_automatic_amazon_disclaimer\" title=\"Product prices and availability are accurate as of the date\/time indicated and are subject to change. Any price and availability information displayed on [relevant Amazon Site(s), as applicable] at the time of purchase will apply to the purchase of this product.\">Details<\/span>)<\/small><\/i><\/p>\n<p><a href=\"https:\/\/amazon.es\/dp\/B0FHKP6B36?tag=man008-21\"><img decoding=\"async\" src=\"https:\/\/valvepress.s3.amazonaws.com\/imgs\/buy_now.png\"><\/a><br \/>\n<\/p>\n<p>                                             From the brand   <\/p>\n<p>                                              <img decoding=\"async\" alt=\"\" src=\"https:\/\/images-na.ssl-images-amazon.com\/images\/G\/01\/x-locale\/common\/grey-pixel.gif\" class=\"a-lazy-loaded\" data-src=\"https:\/\/m.media-amazon.com\/images\/S\/aplus-media-library-service-media\/496e29de-d767-475a-8a88-813247d5ebd7.__CR1,0,1464,625_PT0_SX1464_V1___.jpg\"><img decoding=\"async\" alt=\"\" src=\"https:\/\/m.media-amazon.com\/images\/S\/aplus-media-library-service-media\/496e29de-d767-475a-8a88-813247d5ebd7.__CR1,0,1464,625_PT0_SX1464_V1___.jpg\">  <\/p>\n<p>                                              <img decoding=\"async\" alt=\"\" src=\"https:\/\/images-na.ssl-images-amazon.com\/images\/G\/01\/x-locale\/common\/grey-pixel.gif\" class=\"a-lazy-loaded\" data-src=\"https:\/\/m.media-amazon.com\/images\/S\/aplus-media-library-service-media\/643dc4ff-ded0-44c0-803a-b8526fd3515f.__CR0,108,400,184_PT0_SX315_V1___.jpg\"><img decoding=\"async\" alt=\"\" src=\"https:\/\/m.media-amazon.com\/images\/S\/aplus-media-library-service-media\/643dc4ff-ded0-44c0-803a-b8526fd3515f.__CR0,108,400,184_PT0_SX315_V1___.jpg\">  <\/p>\n<p> \u00bf\u00bf todav\u00eda est\u00e1s buscando un buen tr\u00edpode? <\/p>\n<p> \u00a1\u00a1 echemos un vistazo a nuestro tr\u00edpode! Siempre estamos comprometidos con la innovaci\u00f3n y los avances, a trav\u00e9s del desarrollo y la mejora continuos, a trav\u00e9s de capas de pruebas, para satisfacer constantemente las necesidades de los compradores. <\/p>\n<p> \u00a1\u00a1 mayor altura y rotaci\u00f3n multi\u00e1ngulo, y puedes capturar una vida maravillosa desde m\u00faltiples aspectos! <\/p>\n<h3> Tr\u00edpode <\/h3>\n<p class=\"apm-brand-story-stores-link\">\n<p>                                              <img decoding=\"async\" alt=\"\" src=\"https:\/\/images-na.ssl-images-amazon.com\/images\/G\/01\/x-locale\/common\/grey-pixel.gif\" class=\"a-lazy-loaded\" data-src=\"https:\/\/m.media-amazon.com\/images\/S\/aplus-media-library-service-media\/6fff9287-5c1c-49ab-87ce-d313186aed50.__CR0,0,362,453_PT0_SX362_V1___.jpg\"><img decoding=\"async\" alt=\"\" src=\"https:\/\/m.media-amazon.com\/images\/S\/aplus-media-library-service-media\/6fff9287-5c1c-49ab-87ce-d313186aed50.__CR0,0,362,453_PT0_SX362_V1___.jpg\">  <\/p>\n<h3> Tr\u00edpode para Luz <\/h3>\n<p>                                              <img decoding=\"async\" alt=\"\" src=\"https:\/\/images-na.ssl-images-amazon.com\/images\/G\/01\/x-locale\/common\/grey-pixel.gif\" class=\"a-lazy-loaded\" data-src=\"https:\/\/m.media-amazon.com\/images\/S\/aplus-media-library-service-media\/44709f64-97a2-41c2-8ad7-27a5bb8a5a2f.__CR0,0,362,453_PT0_SX362_V1___.jpg\"><img decoding=\"async\" alt=\"\" src=\"https:\/\/m.media-amazon.com\/images\/S\/aplus-media-library-service-media\/44709f64-97a2-41c2-8ad7-27a5bb8a5a2f.__CR0,0,362,453_PT0_SX362_V1___.jpg\">  <\/p>\n<h3> Tr\u00edpode para Tableta <\/h3>\n<p>                                              <img decoding=\"async\" alt=\"\" src=\"https:\/\/images-na.ssl-images-amazon.com\/images\/G\/01\/x-locale\/common\/grey-pixel.gif\" class=\"a-lazy-loaded\" data-src=\"https:\/\/m.media-amazon.com\/images\/S\/aplus-media-library-service-media\/5600a3a8-f710-4253-9a3b-0e2c49c98dfb.__CR0,0,362,453_PT0_SX362_V1___.jpg\"><img decoding=\"async\" alt=\"\" src=\"https:\/\/m.media-amazon.com\/images\/S\/aplus-media-library-service-media\/5600a3a8-f710-4253-9a3b-0e2c49c98dfb.__CR0,0,362,453_PT0_SX362_V1___.jpg\">  <\/p>\n<h3> Tr\u00edpode para C\u00e1mara <\/h3>\n<p> Product Dimensions                                            \u200f                                            :                                            \u200e                                            8.99 x 8.99 x 35.99 cm; 1.03 kg   <br \/> Date First Available                                            \u200f                                            :                                            \u200e                                            24 July 2025   <br \/> Manufacturer                                            \u200f                                            :                                            \u200e                                            XXZU   <br \/> ASIN                                            \u200f                                            :                                            \u200e                                            B0FHKP6B36   <br \/> Item model number                                            \u200f                                            :                                            \u200e                                            VCT-5226   <br \/> Country of origin                                            \u200f                                            :                                            \u200e                                            China   <br \/> Guaranteed software updates until                                            \u200f                                            :                                            \u200e                                            unknown   <br \/>       Best Sellers Rank:  1,021 in Electronics (See Top 100 in Electronics)    9 in Complete Photography Tripod Units      <br \/>  Customer reviews:                                                                                            4.5               4.5 out of 5 stars                                  (11,270)                                              var dpAcrHasRegisteredArcLinkClickAction;                    P.when(&#8216;A&#8217;, &#8216;ready&#8217;).execute(function(A) {                        if (dpAcrHasRegisteredArcLinkClickAction !== true) {                            dpAcrHasRegisteredArcLinkClickAction = true;                            A.declarative(                                &#8216;acrLink-click-metrics&#8217;, &#8216;click&#8217;,                                { \u00aballowLinkDefault\u00bb: true },                                function (event) {                                    if (window.ue) {                                        ue.count(\u00abacrLinkClickCount\u00bb, (ue.count(\u00abacrLinkClickCount\u00bb) || 0) + 1);                                    }                                }                            );                        }                    });                                             P.when(&#8216;A&#8217;, &#8216;cf&#8217;).execute(function(A) {                A.declarative(&#8216;acrStarsLink-click-metrics&#8217;, &#8216;click&#8217;, { \u00aballowLinkDefault\u00bb : true },  function(event){                    if(window.ue) {                        ue.count(\u00abacrStarsLinkWithPopoverClickCount\u00bb, (ue.count(\u00abacrStarsLinkWithPopoverClickCount\u00bb) || 0) + 1);                    }                });            });                          <\/p>\n<p>\u30103 LEVELS ANGLE LEGS\u3011Camera tripod with 3 adjustable angle levels allows you to independently regulate the angle and length of each leg, offering greater stability even on uneven ground. By adjusting the legs up or down, a clear click is heard when fitting into each position, facilitating a simple and intuitive operation. The maximum angle of the tripod legs reaches 83\u00b0, providing firm and stable support for the camera.<br \/>\u3010Travel Tripod with Adjustable Height\u3011This DSLR tripod features a three-section telescopic center pole, allowing flexible height adjustment up to 71 inches. Its foldable design allows for a compact size of only 36 cm and a light weight of just 1.05 kg. Includes a carrying case for easy storage and transport. This professional camera tripod is practical and stylish, ideal for stargazing, night scenery, fireworks, sporting events and outdoor activities such as mountaineering.<br \/>\u3010360\u00b0 Panoramic Ball Joint\u3011The angle of the tripod for mobile phone or iPhone can be freely adjusted 360\u00b0, allowing for a more natural photographic composition. U-shaped ball and groove design allows for easy switching between 360\u00b0 horizontal and 90\u00b0 vertical angle shooting. In addition, the Arca-Swiss compatible quick shoe with 1\/4&#8243; thread plate is compatible with most DSLR cameras and camcorders. The side of the ball joint has a hole for 1\/4&#8243; thread, which allows you to connect various auxiliary photographic equipment according to the needs of the photography.<br \/>\u3010Higher Stability\u3011Tripe telemovel with 30mm diameter aluminum alloy tube offers a load capacity of up to 8kg, ensuring a sturdy, durable and anti-corrosion structure. The hook at the bottom of the center shaft allows hanging heavy objects, such as a camera bag, to improve the stability of the video tripod. The rubber feet are detachable, which provides greater stability when etching on sandy or uneven surfaces, ideal for both indoor and outdoor use.<br \/>\u3010Wide Compatibility\u3011Mobile tripod with quick release system with 1\/4 inch screw is compatible with digital cameras, DSLR cameras, projectors, ring lights and telescopes. The smartphone holder expands up to a size of 5.5 to 10.5 cm, firmly holding smartphones from 4 to 7 inches, compatible with iPhone, Android and other smart devices. Tripe camera also includes a storage bag with shoulder strap for easy carrying.<\/p>\n\n","protected":false},"excerpt":{"rendered":"<p> From the brand \u00bf\u00bf todav\u00eda est\u00e1s buscando un buen tr\u00edpode? \u00a1\u00a1 echemos un vistazo a<\/p>","protected":false},"featured_media":32579,"comment_status":"open","ping_status":"closed","template":"","meta":[],"product_brand":[],"product_cat":[99],"product_tag":[3028,2199,4236,3890,681,3020,2700,3030,9350,3025,3022,9351,956,4775,3027,3023,3032,3018,3033,3029,1856,3024,3035,3034,1275,3021,230,3026,3019,240,3031,2511,9349],"class_list":{"0":"post-32578","1":"product","2":"type-product","3":"status-publish","4":"has-post-thumbnail","6":"product_cat-mirrorless","7":"product_tag-24-70mm-mirrorless","8":"product_tag-aluminium","9":"product_tag-bag","10":"product_tag-ball","11":"product_tag-camera","12":"product_tag-canon-mirrorless","13":"product_tag-capacity","14":"product_tag-compact-mirrorless","15":"product_tag-dslrphonesring","16":"product_tag-e-mount-lens","17":"product_tag-fujifilm-mirrorless","18":"product_tag-lightprojectors","19":"product_tag-lightweight","20":"product_tag-load","21":"product_tag-lumix-lens","22":"product_tag-micro-four-thirds-lens","23":"product_tag-mirrorless-body-only","24":"product_tag-mirrorless-camera","25":"product_tag-mirrorless-camera-accessories","26":"product_tag-mirrorless-camera-bundle","27":"product_tag-mirrorless-cameras","28":"product_tag-mirrorless-lens","29":"product_tag-mirrorless-stabilizer","30":"product_tag-mirrorless-tripod","31":"product_tag-mobile","32":"product_tag-nikon-mirrorless","33":"product_tag-phone","34":"product_tag-sony-a6000-lens","35":"product_tag-sony-mirrorless","36":"product_tag-travel","37":"product_tag-travel-mirrorless","38":"product_tag-tripod","39":"product_tag-xxzu","41":"first","42":"instock","43":"sale","44":"shipping-taxable","45":"product-type-external"},"_links":{"self":[{"href":"https:\/\/comprasyconsejos.store\/en\/wp-json\/wp\/v2\/product\/32578","targetHints":{"allow":["GET"]}}],"collection":[{"href":"https:\/\/comprasyconsejos.store\/en\/wp-json\/wp\/v2\/product"}],"about":[{"href":"https:\/\/comprasyconsejos.store\/en\/wp-json\/wp\/v2\/types\/product"}],"replies":[{"embeddable":true,"href":"https:\/\/comprasyconsejos.store\/en\/wp-json\/wp\/v2\/comments?post=32578"}],"version-history":[{"count":0,"href":"https:\/\/comprasyconsejos.store\/en\/wp-json\/wp\/v2\/product\/32578\/revisions"}],"wp:featuredmedia":[{"embeddable":true,"href":"https:\/\/comprasyconsejos.store\/en\/wp-json\/wp\/v2\/media\/32579"}],"wp:attachment":[{"href":"https:\/\/comprasyconsejos.store\/en\/wp-json\/wp\/v2\/media?parent=32578"}],"wp:term":[{"taxonomy":"product_brand","embeddable":true,"href":"https:\/\/comprasyconsejos.store\/en\/wp-json\/wp\/v2\/product_brand?post=32578"},{"taxonomy":"product_cat","embeddable":true,"href":"https:\/\/comprasyconsejos.store\/en\/wp-json\/wp\/v2\/product_cat?post=32578"},{"taxonomy":"product_tag","embeddable":true,"href":"https:\/\/comprasyconsejos.store\/en\/wp-json\/wp\/v2\/product_tag?post=32578"}],"curies":[{"name":"wp","href":"https:\/\/api.w.org\/{rel}","templated":true}]}}