{"id":32584,"date":"2026-02-23T08:15:10","date_gmt":"2026-02-23T08:15:10","guid":{"rendered":"https:\/\/comprasyconsejos.store\/product\/g10-gps-drones-with-eis-camera-4k-adults-remote-control-screen45min-flying-timemax-600m-1968ft-transmission-auto-return-quadcopter-flying-following-you-brushless-motor\/"},"modified":"2026-02-23T08:15:22","modified_gmt":"2026-02-23T08:15:22","slug":"g10-gps-drones-with-eis-camera-4k-adults-remote-control-screen45min-flying-timemax-600m-1968ft-transmission-auto-return-quadcopter-flying-following-you-brushless-motor","status":"publish","type":"product","link":"https:\/\/comprasyconsejos.store\/en\/product\/g10-gps-drones-with-eis-camera-4k-adults-remote-control-screen45min-flying-timemax-600m-1968ft-transmission-auto-return-quadcopter-flying-following-you-brushless-motor\/","title":{"rendered":"G10 GPS Drones with EIS Camera 4k Adults (Remote Control Screen)45min Flying Time,Max 600m\/1968ft Transmission, Auto-Return, Quadcopter Flying Following You, Brushless Motor,"},"content":{"rendered":"<p>Price: <span style=\"color:#b12704\"><del>\u20ac142.49<\/del> - \u20ac129.19<\/span><br \/><i><small>(as of Feb 23, 2026 08:15:11 UTC &#8211; <span class=\"wp_automatic_amazon_disclaimer\" title=\"Product prices and availability are accurate as of the date\/time indicated and are subject to change. Any price and availability information displayed on [relevant Amazon Site(s), as applicable] at the time of purchase will apply to the purchase of this product.\">Details<\/span>)<\/small><\/i><\/p>\n<p><a href=\"https:\/\/amazon.es\/dp\/B0FQMYTHZ8?tag=man008-21\"><img decoding=\"async\" src=\"https:\/\/valvepress.s3.amazonaws.com\/imgs\/buy_now.png\"><\/a><br \/>\n<\/p>\n<p>                                             Product Description   <\/p>\n<p>                                                                                                       <img decoding=\"async\" alt=\"El texto dice: \u00abDRON G10 C\u00c1MARA 4K Y PANTALLA HD\u00bb. Dron cuadric\u00f3ptero azul sobrevolando un paisaje monta\u00f1oso con \u00e1rboles.\" src=\"https:\/\/images-na.ssl-images-amazon.com\/images\/G\/01\/x-locale\/common\/grey-pixel.gif\" class=\"a-lazy-loaded\" data-src=\"https:\/\/m.media-amazon.com\/images\/S\/aplus-media-library-service-media\/64fbf84c-ef70-4edc-9058-0e7553f2c472.__CR0,0,1464,600_PT0_SX1464_V1___.jpg\"><img decoding=\"async\" alt=\"El texto dice: \u00abDRON G10 C\u00c1MARA 4K Y PANTALLA HD\u00bb. Dron cuadric\u00f3ptero azul sobrevolando un paisaje monta\u00f1oso con \u00e1rboles.\" src=\"https:\/\/m.media-amazon.com\/images\/S\/aplus-media-library-service-media\/64fbf84c-ef70-4edc-9058-0e7553f2c472.__CR0,0,1464,600_PT0_SX1464_V1___.jpg\">                                               <\/p>\n<p>                                                                                                       <img decoding=\"async\" alt=\"aplus content image\" src=\"https:\/\/images-na.ssl-images-amazon.com\/images\/G\/01\/x-locale\/common\/grey-pixel.gif\" class=\"a-lazy-loaded\" data-src=\"https:\/\/m.media-amazon.com\/images\/S\/aplus-media-library-service-media\/068a0819-a5c9-4e36-b606-37b459a20f09.__CR0,0,1464,600_PT0_SX1464_V1___.jpg\"><img decoding=\"async\" alt=\"aplus content image\" src=\"https:\/\/m.media-amazon.com\/images\/S\/aplus-media-library-service-media\/068a0819-a5c9-4e36-b606-37b459a20f09.__CR0,0,1464,600_PT0_SX1464_V1___.jpg\">                                               <\/p>\n<p>                                                                                                       <img decoding=\"async\" alt=\"El texto dice \u00abVuela con seguridad: Funciones GPS inteligentes\u00bb. Dron cuadric\u00f3ptero con dise\u00f1o azul y negro que sobrevuela un paisaje costero y se muestran los iconos de rastreo por GPS.\" src=\"https:\/\/images-na.ssl-images-amazon.com\/images\/G\/01\/x-locale\/common\/grey-pixel.gif\" class=\"a-lazy-loaded\" data-src=\"https:\/\/m.media-amazon.com\/images\/S\/aplus-media-library-service-media\/b9da2d02-29e5-4b0d-ba8a-3c782b3bbead.__CR0,0,1464,600_PT0_SX1464_V1___.jpg\"><img decoding=\"async\" alt=\"El texto dice \u00abVuela con seguridad: Funciones GPS inteligentes\u00bb. Dron cuadric\u00f3ptero con dise\u00f1o azul y negro que sobrevuela un paisaje costero y se muestran los iconos de rastreo por GPS.\" src=\"https:\/\/m.media-amazon.com\/images\/S\/aplus-media-library-service-media\/b9da2d02-29e5-4b0d-ba8a-3c782b3bbead.__CR0,0,1464,600_PT0_SX1464_V1___.jpg\">                                               <\/p>\n<p>                                                                                                                    <img decoding=\"async\" alt=\"El texto dice \u00abC\u00e1mara 4K UHD\u00bb. La c\u00e1mara de acci\u00f3n se muestra bajo el agua con una interfaz de iconos que muestra varios modos y funciones de disparo.\" src=\"https:\/\/m.media-amazon.com\/images\/S\/aplus-media-library-service-media\/9342a351-108a-42ca-a94b-a6400971b207.__CR0,0,1464,600_PT0_SX1464_V1___.jpg\">                                                    <img decoding=\"async\" alt=\"El texto dice \u00abTransmisi\u00f3n FPV 5.8\u00bb. Secuencia de vuelo de un dron en un paisaje monta\u00f1oso, que muestra al piloto con control remoto y pantalla FPV.\" src=\"https:\/\/m.media-amazon.com\/images\/S\/aplus-media-library-service-media\/e93f324e-bd42-4582-9835-5b43540932d6.__CR0,0,1464,600_PT0_SX1464_V1___.jpg\">                                                    <img decoding=\"async\" alt=\"El texto dice \u00abPunto de inter\u00e9s\u00bb. Fotograf\u00edas de paisajes que muestran fotograf\u00edas con drones en un terreno des\u00e9rtico con operadores controlando el equipo.\" src=\"https:\/\/m.media-amazon.com\/images\/S\/aplus-media-library-service-media\/ba585f5e-1878-4848-a1b4-56eb93f3a030.__CR0,0,1464,600_PT0_SX1464_V1___.jpg\">                                                    <img decoding=\"async\" alt=\"Personas que disfrutan de actividades al aire libre con tecnolog\u00eda de drones en un campo soleado. Varios paneles que muestran diferentes perspectivas del vuelo y la interacci\u00f3n de los drones.\" src=\"https:\/\/m.media-amazon.com\/images\/S\/aplus-media-library-service-media\/2d2e4872-aee3-45a3-a020-1ccd02bd976a.__CR0,0,1464,600_PT0_SX1464_V1___.jpg\">                                                    <img decoding=\"async\" alt=\"El texto dice \u00abSigueme Punto de inter\u00e9s\u00bb. Secuencia de im\u00e1genes de drones que muestra vistas a\u00e9reas del entorno urbano con edificios y calles.\" src=\"https:\/\/m.media-amazon.com\/images\/S\/aplus-media-library-service-media\/2e81d213-9379-415c-a488-9e02ac549e38.__CR0,0,1464,600_PT0_SX1464_V1___.jpg\"><br \/>\n                            1 C\u00e1mara 4K UHD <\/p>\n<p>                            2 Transmisi\u00f3n de 5GHz <\/p>\n<p>                            3 Punto de inter\u00e9s <\/p>\n<p>                            4 Posicionamiento preciso <\/p>\n<p>                            5 S\u00edgueme <\/p>\n<p>                                                                                                                  <img decoding=\"async\" alt=\"El texto dice: \u00abMOTOR SIN ESCOBILLAS\u00bb. Anuncio que muestra un dron con luces LED azules contra un paisaje urbano al atardecer. Abajo hay tres iconos circulares que indican las caracter\u00edsticas del producto.\" src=\"https:\/\/m.media-amazon.com\/images\/S\/aplus-media-library-service-media\/839893a2-b80c-4ae3-a208-8c7e06a868a9.__CR0,0,1464,600_PT0_SX1464_V1___.jpg\">                                                    <img decoding=\"async\" alt=\"El texto dice \u00abTiempo m\u00e1ximo de vuelo de 45 minutos\/\u00e1rea m\u00e1x.\u00bb Muestra un dron con las especificaciones de la bater\u00eda que indican un tiempo de vuelo de 45 minutos y 2 bater\u00edas.\" src=\"https:\/\/m.media-amazon.com\/images\/S\/aplus-media-library-service-media\/78266ca9-c53e-4e57-9dd3-ccc34b18b051.__CR0,0,1464,600_PT0_SX1464_V1___.jpg\">                                                    <img decoding=\"async\" alt=\"El texto dice \u00abF\u00e1cil de transportar y plegable\u00bb. Varias vistas de un soporte o soporte ajustable negro para dispositivos se muestran en posici\u00f3n plegada y desplegada sobre un fondo blanco.\" src=\"https:\/\/m.media-amazon.com\/images\/S\/aplus-media-library-service-media\/424af890-29ae-41d2-b5a3-76c7cc0cd2d4.__CR0,0,1464,600_PT0_SX1464_V1___.jpg\">                                                    <img decoding=\"async\" alt=\"Diagrama t\u00e9cnico del producto que muestra varias vistas y componentes de un dispositivo de juego con accesorios y puntos de conexi\u00f3n.\" src=\"https:\/\/m.media-amazon.com\/images\/S\/aplus-media-library-service-media\/d84fe7a1-b18c-4b5a-ab40-4962ca0b1fe3.__CR0,0,1464,600_PT0_SX1464_V1___.jpg\"><br \/>\n                            1 Motor sin escobillas <\/p>\n<p>                            2 2PCS Bater\u00edas modulares <\/p>\n<p>                            3 Menos de 249 g <\/p>\n<p>                            4 Todo un conjunto <\/p>\n<p> Product Dimensions                                            \u200f                                            :                                            \u200e                                            30 x 24.6 x 5.3 cm; 1 g   <br \/> Date First Available                                            \u200f                                            :                                            \u200e                                            11 Sept. 2025   <br \/> Manufacturer                                            \u200f                                            :                                            \u200e                                            AVIALOGIC   <br \/> ASIN                                            \u200f                                            :                                            \u200e                                            B0FQMYTHZ8   <br \/> Manufacturer reference                                            \u200f                                            :                                            \u200e                                            G10   <br \/> Country of origin                                            \u200f                                            :                                            \u200e                                            China   <br \/>       Best Sellers Rank:  36,806 in Toys &#038; Games (See Top 100 in Toys &#038; Games)    187 in Remote &#038; App-Controlled Drones      <br \/>  Customer reviews:                                                                                            3.8               3.8 out of 5 stars                                  (150)                                              var dpAcrHasRegisteredArcLinkClickAction;                    P.when(&#8216;A&#8217;, &#8216;ready&#8217;).execute(function(A) {                        if (dpAcrHasRegisteredArcLinkClickAction !== true) {                            dpAcrHasRegisteredArcLinkClickAction = true;                            A.declarative(                                &#8216;acrLink-click-metrics&#8217;, &#8216;click&#8217;,                                { \u00aballowLinkDefault\u00bb: true },                                function (event) {                                    if (window.ue) {                                        ue.count(\u00abacrLinkClickCount\u00bb, (ue.count(\u00abacrLinkClickCount\u00bb) || 0) + 1);                                    }                                }                            );                        }                    });                                             P.when(&#8216;A&#8217;, &#8216;cf&#8217;).execute(function(A) {                A.declarative(&#8216;acrStarsLink-click-metrics&#8217;, &#8216;click&#8217;, { \u00aballowLinkDefault\u00bb : true },  function(event){                    if(window.ue) {                        ue.count(\u00abacrStarsLinkWithPopoverClickCount\u00bb, (ue.count(\u00abacrStarsLinkWithPopoverClickCount\u00bb) || 0) + 1);                    }                });            });                          <\/p>\n<p>\u3010Remote Control with Screen\u3011No mobile phone connection required and improves boot speed. An FHD display ensures that pilots can see clearly, even in bright environments and offering smooth and ultra-reliable power, Max 600m\/1968ft Transmission(Ideal conditions, no obstacle, no interference &#038; non-touch screen)<br \/>\u301045 Minutes of Flight\u3011 Comes with 2 smart batteries, each battery offers 23 minutes of flight time, together are 45 minutes long. Supplied with a carry bag, you can carry the 2 batteries and accessories with the drone, which is convenient and easy. You can enjoy the fun of flying with G10 Drone.<br \/>\u3010High Precision GPS\u3011 With the high-precision GPS positioning system, you can make the G10 drone return to the take-off point with a click at any time: low battery, lost signal or whatever you want. Don&#8217;t worry about losing the drone. With the MF GPS app, you can develop more flying fun with Atom SE: Follow me, Waypoint Flight, and Circle Flight. Expand more possibilities.<br \/>\u3010Less than 249g, Compact and Powerful\u3011 The G10 drone with camera weighs less than 249g, with a compact and lightweight design that makes it easy to carry. In most countries and regions, there is no need to conduct tests or searches to fly it. However, we recommend that you strictly check and follow the latest local laws and regulations before each flight.<br \/>\u30104K UHD Camera &#038; 120\u00b0 Wide Angle &#038; 90\u00b0 Adjustable\u3011The GPS drone with professional 4k camera ensures the recording of images in high resolution 3840x2160P. Combined with 120\u00b0 wide angle lens and 90\u00b0 adjustable, it offers an unprecedented immersive flight experience. Display resolution: 2K, Photos on SD card: 4K (SD card included)<br \/>\u3010Flight Performance\u3011 Brushless motor offers high speed, durability and better stability against wind, even in harsh conditions.<br \/>\u3010Safety &#038; After-Sale\u3011 \u2460 Video tutorials for quick learning. \u2461 Technical assistance: For inquiries about DRONE accessories or flight support, please contact our support team.<\/p>\n\n","protected":false},"excerpt":{"rendered":"<p> Product Description 1 C\u00e1mara 4K UHD 2 Transmisi\u00f3n de 5GHz 3 Punto de inter\u00e9s 4<\/p>","protected":false},"featured_media":32585,"comment_status":"open","ping_status":"closed","template":"","meta":[],"product_brand":[],"product_cat":[98],"product_tag":[9354,935,5136,2845,3041,681,1124,2854,2852,2855,2853,2842,2844,2848,2846,2850,2838,3038,2849,3087,2858,2839,2840,7526,1113,2843,2851,1613,2841,2515,2847,9352,9353,3098],"class_list":{"0":"post-32584","1":"product","2":"type-product","3":"status-publish","4":"has-post-thumbnail","6":"product_cat-drones","7":"product_tag-600m1968ft","8":"product_tag-adults","9":"product_tag-autoreturn","10":"product_tag-beginner-drone","11":"product_tag-brushless","12":"product_tag-camera","13":"product_tag-control","14":"product_tag-dji-drone","15":"product_tag-dji-mavic","16":"product_tag-dji-mini-2","17":"product_tag-drone","18":"product_tag-drone-accessories","19":"product_tag-drone-battery","20":"product_tag-drone-gimbal","21":"product_tag-drone-propellers","22":"product_tag-drone-spare-parts","23":"product_tag-drone-with-camera","24":"product_tag-drones","25":"product_tag-drones-under-200","26":"product_tag-eis","27":"product_tag-flying","28":"product_tag-foldable-drone","29":"product_tag-fpv-drone","30":"product_tag-g10","31":"product_tag-gps","32":"product_tag-hd-drone","33":"product_tag-mini-drone","34":"product_tag-motor","35":"product_tag-quadcopter","36":"product_tag-remote","37":"product_tag-remote-control-drone","38":"product_tag-screen45min","39":"product_tag-timemax","40":"product_tag-transmission","42":"first","43":"instock","44":"sale","45":"shipping-taxable","46":"product-type-external"},"_links":{"self":[{"href":"https:\/\/comprasyconsejos.store\/en\/wp-json\/wp\/v2\/product\/32584","targetHints":{"allow":["GET"]}}],"collection":[{"href":"https:\/\/comprasyconsejos.store\/en\/wp-json\/wp\/v2\/product"}],"about":[{"href":"https:\/\/comprasyconsejos.store\/en\/wp-json\/wp\/v2\/types\/product"}],"replies":[{"embeddable":true,"href":"https:\/\/comprasyconsejos.store\/en\/wp-json\/wp\/v2\/comments?post=32584"}],"version-history":[{"count":0,"href":"https:\/\/comprasyconsejos.store\/en\/wp-json\/wp\/v2\/product\/32584\/revisions"}],"wp:featuredmedia":[{"embeddable":true,"href":"https:\/\/comprasyconsejos.store\/en\/wp-json\/wp\/v2\/media\/32585"}],"wp:attachment":[{"href":"https:\/\/comprasyconsejos.store\/en\/wp-json\/wp\/v2\/media?parent=32584"}],"wp:term":[{"taxonomy":"product_brand","embeddable":true,"href":"https:\/\/comprasyconsejos.store\/en\/wp-json\/wp\/v2\/product_brand?post=32584"},{"taxonomy":"product_cat","embeddable":true,"href":"https:\/\/comprasyconsejos.store\/en\/wp-json\/wp\/v2\/product_cat?post=32584"},{"taxonomy":"product_tag","embeddable":true,"href":"https:\/\/comprasyconsejos.store\/en\/wp-json\/wp\/v2\/product_tag?post=32584"}],"curies":[{"name":"wp","href":"https:\/\/api.w.org\/{rel}","templated":true}]}}