{"id":32631,"date":"2026-02-23T08:46:55","date_gmt":"2026-02-23T08:46:55","guid":{"rendered":"https:\/\/comprasyconsejos.store\/product\/new-cpu-cooling-fan-for-pavilion-gaming-15-ec-16-a-4-pin-power-connector-cpu-cooling-fan-for-laptop\/"},"modified":"2026-02-23T08:47:08","modified_gmt":"2026-02-23T08:47:08","slug":"new-cpu-cooling-fan-for-pavilion-gaming-15-ec-16-a-4-pin-power-connector-cpu-cooling-fan-for-laptop","status":"publish","type":"product","link":"https:\/\/comprasyconsejos.store\/en\/product\/new-cpu-cooling-fan-for-pavilion-gaming-15-ec-16-a-4-pin-power-connector-cpu-cooling-fan-for-laptop\/","title":{"rendered":"New CPU Cooling Fan for Pavilion Gaming 15-EC 16-A, 4 Pin Power Connector, CPU Cooling Fan for Laptop,"},"content":{"rendered":"<p>Price: <span style=\"color:#b12704\">\u20ac21.68<\/span><br \/><i><small>(as of Feb 23, 2026 08:46:55 UTC &#8211; <span class=\"wp_automatic_amazon_disclaimer\" title=\"Product prices and availability are accurate as of the date\/time indicated and are subject to change. Any price and availability information displayed on [relevant Amazon Site(s), as applicable] at the time of purchase will apply to the purchase of this product.\">Details<\/span>)<\/small><\/i><\/p>\n<p><a href=\"https:\/\/amazon.es\/dp\/B0CQGKW22B?tag=man008-21\"><img decoding=\"async\" src=\"https:\/\/valvepress.s3.amazonaws.com\/imgs\/buy_now.png\"><\/a><br \/>\n<\/p>\n<p>                                             Product Description   <\/p>\n<p>                                                                             <img decoding=\"async\" alt=\"2612230446411-1\" src=\"https:\/\/images-na.ssl-images-amazon.com\/images\/G\/01\/x-locale\/common\/grey-pixel.gif\" class=\"a-spacing-base a-lazy-loaded\" data-src=\"https:\/\/m.media-amazon.com\/images\/S\/aplus-media\/sc\/e9b00c7f-d95c-4b87-ab93-6060f93f464c.__CR0,0,970,600_PT0_SX970_V1___.jpg\"><img decoding=\"async\" alt=\"2612230446411-1\" src=\"https:\/\/m.media-amazon.com\/images\/S\/aplus-media\/sc\/e9b00c7f-d95c-4b87-ab93-6060f93f464c.__CR0,0,970,600_PT0_SX970_V1___.jpg\">                                                                    <\/p>\n<p class=\"apm-text-center\">\n                                                      <img decoding=\"async\" alt=\"1\" src=\"https:\/\/images-na.ssl-images-amazon.com\/images\/G\/01\/x-locale\/common\/grey-pixel.gif\" class=\"a-spacing-mini a-lazy-loaded\" data-src=\"https:\/\/m.media-amazon.com\/images\/S\/aplus-media\/sc\/03541493-ca93-49d9-94d3-e0db6050f2ae.__CR0,0,300,300_PT0_SX300_V1___.jpg\"><img decoding=\"async\" alt=\"1\" src=\"https:\/\/m.media-amazon.com\/images\/S\/aplus-media\/sc\/03541493-ca93-49d9-94d3-e0db6050f2ae.__CR0,0,300,300_PT0_SX300_V1___.jpg\">  <\/p>\n<p>El ventilador de refrigeraci\u00f3n de la CPU 15 EC es peque\u00f1o y liviano, puede ayudar a reducir la carga de la computadora port\u00e1til y aumentar la eficiencia de la computadora port\u00e1til. <\/p>\n<p class=\"apm-text-center\">\n                                                      <img decoding=\"async\" alt=\"2612230446411-2\" src=\"https:\/\/images-na.ssl-images-amazon.com\/images\/G\/01\/x-locale\/common\/grey-pixel.gif\" class=\"a-spacing-mini a-lazy-loaded\" data-src=\"https:\/\/m.media-amazon.com\/images\/S\/aplus-media\/sc\/53e77952-b689-458f-9271-de69b71daf93.__CR0,0,300,300_PT0_SX300_V1___.jpg\"><img decoding=\"async\" alt=\"2612230446411-2\" src=\"https:\/\/m.media-amazon.com\/images\/S\/aplus-media\/sc\/53e77952-b689-458f-9271-de69b71daf93.__CR0,0,300,300_PT0_SX300_V1___.jpg\">  <\/p>\n<p>El ventilador de refrigeraci\u00f3n de la CPU de 16 A utiliza un conector de alimentaci\u00f3n de 4 pines, que mejora la disipaci\u00f3n del calor y reduce la temperatura durante el funcionamiento continuo. <\/p>\n<p class=\"apm-text-center\">\n                                                      <img decoding=\"async\" alt=\"2612230446411-3\" src=\"https:\/\/images-na.ssl-images-amazon.com\/images\/G\/01\/x-locale\/common\/grey-pixel.gif\" class=\"a-spacing-mini a-lazy-loaded\" data-src=\"https:\/\/m.media-amazon.com\/images\/S\/aplus-media\/sc\/38504a43-b44a-40cf-a566-066285246b8c.__CR0,0,300,300_PT0_SX300_V1___.jpg\"><img decoding=\"async\" alt=\"2612230446411-3\" src=\"https:\/\/m.media-amazon.com\/images\/S\/aplus-media\/sc\/38504a43-b44a-40cf-a566-066285246b8c.__CR0,0,300,300_PT0_SX300_V1___.jpg\">  <\/p>\n<p>El ventilador de refrigeraci\u00f3n de la CPU de repuesto est\u00e1 hecho de aleaci\u00f3n de aluminio y material ABS, es resistente y duradero, no se da\u00f1a f\u00e1cilmente y tiene una larga vida \u00fatil. <\/p>\n<p> Especificaciones: <\/p>\n<\/p>\n<p>Tipo de art\u00edculo: Ventilador de refrigeraci\u00f3n de CPU para HP para Pavilion 15 ECMaterial: Aleaci\u00f3n de aluminio, ABS Conexi\u00f3n de alimentaci\u00f3n: 4 pinesEntrada: DC 5V\/0.5A Modelos aplicables: para HP para Pavilion Gaming 15- EC 16-AC\u00f3mo utilizar: Instalar para usarLista de paquetes: 1 x ventilador de refrigeraci\u00f3n de CPU para HP          <\/p>\n<p>                         Add To Basket  <\/p>\n<p>                         Add To Basket  <\/p>\n<p>                         Add To Basket  <\/p>\n<p>                         Add To Basket  <\/p>\n<p>                         Add To Basket  <\/p>\n<p>                         Add To Basket  <\/p>\n<p>                             Customer Reviews  <\/p>\n<p>                    2.9 out of 5 stars  10  <\/p>\n<p>                    3.6 out of 5 stars  3  <\/p>\n<p>                    2.0 out of 5 stars  1  <\/p>\n<p>                \u2014                                   <\/p>\n<p>                    5.0 out of 5 stars  1  <\/p>\n<p>                    5.0 out of 5 stars  3  <\/p>\n<p>                             Price  <\/p>\n<p>                                    \u20ac21.68\u20ac21.68                  \u20ac18.83\u20ac18.83                  \u20ac49.15\u20ac49.15                  \u20ac17.80\u20ac17.80                  \u20ac15.42\u20ac15.42                  \u20ac14.46\u20ac14.46        <\/p>\n<p>                             COMPATIBILIDAD<br \/>\n                                para HP Pavilion Gaming 15-EC 16-A               para HP ENVY X360 15 DS 15 DR 15M DS 15M DS0011DX               para Lenovo ThinkPad X1 Carbon 6Th Gen 2018               para Lenovo Thinkpad X1 Carbon Gen 2 3rd 20BT 20BS 2014\/2015               para Asus Delta Electronics KDB0712HB D117               para Intel NUC Kit NUC6i7KYK KSB0605HB 1323-00U9000        <\/p>\n<p>                             CONECTOR DE ALIMENTACI\u00d3N<br \/>\n                                4 PIN               4 PIN               5 PIN               4 PIN               4 PIN               4 PIN        <\/p>\n<p>                             APORTE<br \/>\n                                DC 5V\/0.5A               DC 5V\/0.5A               DC 5V 2.25W                 no data<br \/>\n                                                            DC 12V 0.45A               DC 5V\/0.6A        <\/p>\n<p>                             MATERIAL<br \/>\n                                Aleaci\u00f3n de aluminio, ABS               Aleaci\u00f3n de aluminio, ABS               Aleaci\u00f3n de aluminio, ABS               Aleaci\u00f3n de aluminio, ABS               Aleaci\u00f3n de aluminio, ABS               Aleaci\u00f3n de aluminio, ABS        <\/p>\n<p> Package Dimensions                                            \u200f                                            :                                            \u200e                                            11.1 x 10.4 x 2.9 cm; 60 g   <br \/> Date First Available                                            \u200f                                            :                                            \u200e                                            16 Dec. 2023   <br \/> Manufacturer                                            \u200f                                            :                                            \u200e                                            Plyisty   <br \/> ASIN                                            \u200f                                            :                                            \u200e                                            B0CQGKW22B   <br \/> Item model number                                            \u200f                                            :                                            \u200e                                            Plyistyg31npx50mz   <br \/> Country of origin                                            \u200f                                            :                                            \u200e                                            China   <br \/>       Best Sellers Rank:  10,402 in Computers (See Top 100 in Computers)    328 in CPU Fans      <br \/>  Customer reviews:                                                                                            2.9               2.9 out of 5 stars                                  (10)                                              var dpAcrHasRegisteredArcLinkClickAction;                    P.when(&#8216;A&#8217;, &#8216;ready&#8217;).execute(function(A) {                        if (dpAcrHasRegisteredArcLinkClickAction !== true) {                            dpAcrHasRegisteredArcLinkClickAction = true;                            A.declarative(                                &#8216;acrLink-click-metrics&#8217;, &#8216;click&#8217;,                                { \u00aballowLinkDefault\u00bb: true },                                function (event) {                                    if (window.ue) {                                        ue.count(\u00abacrLinkClickCount\u00bb, (ue.count(\u00abacrLinkClickCount\u00bb) || 0) + 1);                                    }                                }                            );                        }                    });                                             P.when(&#8216;A&#8217;, &#8216;cf&#8217;).execute(function(A) {                A.declarative(&#8216;acrStarsLink-click-metrics&#8217;, &#8216;click&#8217;, { \u00aballowLinkDefault\u00bb : true },  function(event){                    if(window.ue) {                        ue.count(\u00abacrStarsLinkWithPopoverClickCount\u00bb, (ue.count(\u00abacrStarsLinkWithPopoverClickCount\u00bb) || 0) + 1);                    }                });            });                          <\/p>\n<p>COMPATIBLE MODEL: The laptop CPU fan is designed for Pavilion Gaming 15 EC 16A laptop, perfect replacement for the damaged parts of your laptop.<br \/>EASY TO CONNECT: Laptop CPU cooling fan is easy to connect, easy to operate, easy to use, easy to install and remove.<br \/>LESS CHARGING: The 15 EC CPU cooling fan is small size and lightweight, it can help reduce the load of the laptop and increase the efficiency of the laptop.<br \/>DURABLE MATERIAL: The replacement CPU cooling fan is made of aluminum alloy and ABS material, sturdy and durable, not easy to damage, and has a long service life.<br \/>4 PIN POWER CONNECTOR: The 16A CPU cooling fan uses a 4-pin power connector, which improves heat dissipation and reduces the temperature during continuous operation.<\/p>\n\n","protected":false},"excerpt":{"rendered":"<p> Product Description El ventilador de refrigeraci\u00f3n de la CPU 15 EC es peque\u00f1o y liviano,<\/p>","protected":false},"featured_media":32632,"comment_status":"open","ping_status":"closed","template":"","meta":[],"product_brand":[],"product_cat":[66],"product_tag":[9366,9367,2008,2010,314,989,598,2002,2014,1997,2016,910,617,2006,159,6104,1548,143,1999,2012,2004],"class_list":{"0":"post-32631","1":"product","2":"type-product","3":"status-publish","4":"has-post-thumbnail","6":"product_cat-cpu-fan","7":"product_tag-15ec","8":"product_tag-16a","9":"product_tag-amd-cpu-cooler","10":"product_tag-best-cpu-fan","11":"product_tag-connector","12":"product_tag-cooling","13":"product_tag-cpu","14":"product_tag-cpu-air-cooler","15":"product_tag-cpu-cooling-fan","16":"product_tag-cpu-fan","17":"product_tag-cpu-fan-price","18":"product_tag-fan","19":"product_tag-gaming","20":"product_tag-intel-cpu-fan","21":"product_tag-laptop","22":"product_tag-pavilion","23":"product_tag-pin","24":"product_tag-power","25":"product_tag-processor-fan","26":"product_tag-quiet-cpu-cooler","27":"product_tag-rgb-cpu-cooler","29":"first","30":"instock","31":"shipping-taxable","32":"product-type-external"},"_links":{"self":[{"href":"https:\/\/comprasyconsejos.store\/en\/wp-json\/wp\/v2\/product\/32631","targetHints":{"allow":["GET"]}}],"collection":[{"href":"https:\/\/comprasyconsejos.store\/en\/wp-json\/wp\/v2\/product"}],"about":[{"href":"https:\/\/comprasyconsejos.store\/en\/wp-json\/wp\/v2\/types\/product"}],"replies":[{"embeddable":true,"href":"https:\/\/comprasyconsejos.store\/en\/wp-json\/wp\/v2\/comments?post=32631"}],"version-history":[{"count":0,"href":"https:\/\/comprasyconsejos.store\/en\/wp-json\/wp\/v2\/product\/32631\/revisions"}],"wp:featuredmedia":[{"embeddable":true,"href":"https:\/\/comprasyconsejos.store\/en\/wp-json\/wp\/v2\/media\/32632"}],"wp:attachment":[{"href":"https:\/\/comprasyconsejos.store\/en\/wp-json\/wp\/v2\/media?parent=32631"}],"wp:term":[{"taxonomy":"product_brand","embeddable":true,"href":"https:\/\/comprasyconsejos.store\/en\/wp-json\/wp\/v2\/product_brand?post=32631"},{"taxonomy":"product_cat","embeddable":true,"href":"https:\/\/comprasyconsejos.store\/en\/wp-json\/wp\/v2\/product_cat?post=32631"},{"taxonomy":"product_tag","embeddable":true,"href":"https:\/\/comprasyconsejos.store\/en\/wp-json\/wp\/v2\/product_tag?post=32631"}],"curies":[{"name":"wp","href":"https:\/\/api.w.org\/{rel}","templated":true}]}}