{"id":32642,"date":"2026-02-23T08:55:15","date_gmt":"2026-02-23T08:55:15","guid":{"rendered":"https:\/\/comprasyconsejos.store\/product\/escaner-de-libros-camara-escaner-de-documentos-for-ensenanza-escaneres-de-fotos-en-formato-hd-a3-de-10mp-for-ordenador-portatil-entrenamiento-en-linea-con-ocr-con-velocidad-de-escaneo-rapida\/"},"modified":"2026-02-23T08:55:23","modified_gmt":"2026-02-23T08:55:23","slug":"escaner-de-libros-camara-escaner-de-documentos-for-ensenanza-escaneres-de-fotos-en-formato-hd-a3-de-10mp-for-ordenador-portatil-entrenamiento-en-linea-con-ocr-con-velocidad-de-escaneo-rapida","status":"publish","type":"product","link":"https:\/\/comprasyconsejos.store\/en\/product\/escaner-de-libros-camara-escaner-de-documentos-for-ensenanza-escaneres-de-fotos-en-formato-hd-a3-de-10mp-for-ordenador-portatil-entrenamiento-en-linea-con-ocr-con-velocidad-de-escaneo-rapida\/","title":{"rendered":"Esc\u00e1ner de Libros C\u00e1mara esc\u00e1ner de Documentos for ense\u00f1anza, esc\u00e1neres de Fotos en Formato HD A3 de 10MP for Ordenador port\u00e1til, Entrenamiento en l\u00ednea con OCR con Velocidad de escaneo r\u00e1pida"},"content":{"rendered":"<p>Price: <span style=\"color:#b12704\">\u20ac175.66<\/span><br \/><i><small>(as of Feb 23, 2026 08:55:15 UTC &#8211; <span class=\"wp_automatic_amazon_disclaimer\" title=\"Product prices and availability are accurate as of the date\/time indicated and are subject to change. Any price and availability information displayed on [relevant Amazon Site(s), as applicable] at the time of purchase will apply to the purchase of this product.\">Details<\/span>)<\/small><\/i><\/p>\n<p><a href=\"https:\/\/amazon.es\/dp\/B0CRTVKGDC?tag=man008-21\"><img decoding=\"async\" src=\"https:\/\/valvepress.s3.amazonaws.com\/imgs\/buy_now.png\"><\/a><br \/>\n<br \/>\n    <span>Par\u00e1metro del producto:<br \/>Resoluci\u00f3n de iman: 3762*2856 (10 M p\u00edxeles HD)<br \/>Tama\u00f1o del producto: 320 mm * 267 mm * 340 mm<br \/>Tama\u00f1o de la base: 320 mm x 320 mm x 320 mm<br \/>Estructura del producto: plegable vertical, todo aspecto pl\u00e1stico.<br \/>Peso neto: 1310g<br \/>Amplitud: A3\/A4 \/A5\/A6\/A7<br \/>Color de la iman: 24 bits<br \/>Velocidad de escaneo: 1 escaneo\/0,6 s (un toque, escaneo instant\u00e1neo)<br \/>Medio de escaneo: objetos f\u00edsicos, documentos de texto, documentos, libros, revistas, certificados, tarjetas de visita, etc.<br \/>Elemento de escaneo: CMOS<br \/>Formato de iman: JPEG TIF PNG GIF BMP<br \/>Formato de v\u00eddeo: AVI<br \/>Interfaz: fuente de alimentaci\u00f3n de interfaz de l\u00ednea de datos USB 2.0, sin fuente de alimentaci\u00f3n externa, longitud de l\u00ednea USB 1,2 m<br \/>Voltaje de funcionamiento: 4,75-5,25 V<br \/>Fuente de luz: luz natural + luz de relleno de 6 LED<br \/>Desarrollo secundario: las im\u00e1nes del kit de desarrollo SDK est\u00e1n disponibles for facilitar el acoplamiento.<\/p>\n<p>Caracter\u00edsticas del producto:<br \/>1.Software de procesamiento de im\u00e1nes est\u00e1ndar<br \/>2. Correcci\u00f3n autom\u00e1tica (simple, m\u00faltiple)<br \/>3.Selecci\u00f3n de formato de guardado m\u00faltiple<br \/>4.selecci\u00f3n de color<br \/>5.Selecci\u00f3n de reglas de nomenclatura<br \/>6. PDF de varias p\u00e1ginas<br \/>7.Color for eliminar el fondo.<br \/>8.Cortar el borde negro y otras funciones<\/span>    <br \/> Package Dimensions                                            \u200f                                            :                                            \u200e                                            2.54 x 2.54 x 2.54 cm; 2 kg   <br \/> Manufacturer                                            \u200f                                            :                                            \u200e                                            PIKETU   <br \/> ASIN                                            \u200f                                            :                                            \u200e                                            B0CRTVKGDC   <br \/> Country\/Region of Origin                                            \u200f                                            :                                            \u200e                                            China   <br \/> Department                                            \u200f                                            :                                            \u200e                                            Unisex Adult   <br \/> Guaranteed software updates until                                            \u200f                                            :                                            \u200e                                            unknown   <\/p>\n<p>Proporcionar funci\u00f3n de compresi\u00f3n de im\u00e1nes.<br \/>reconocimiento de c\u00f3digo de barras<br \/>Disparo continuo intelinte y sincronizado<br \/>Agregar marca de agua personalizada<br \/>Funci\u00f3n de fusi\u00f3n de im\u00e1nes<\/p>\n\n","protected":false},"excerpt":{"rendered":"<p> Par\u00e1metro del producto:Resoluci\u00f3n de iman: 3762*2856 (10 M p\u00edxeles HD)Tama\u00f1o del producto: 320 mm *<\/p>","protected":false},"featured_media":32643,"comment_status":"open","ping_status":"closed","template":"","meta":[],"product_brand":[],"product_cat":[60],"product_tag":[9370,1990,4112,3994,1982,7716,9368,9371,7718,7551,9369,1989,1983,8309,4819,1986,7715,9372,6803,1987,6108,1984,1985,4217,5328,1991,1988,4659],"class_list":{"0":"post-32642","1":"product","2":"type-product","3":"status-publish","4":"has-post-thumbnail","6":"product_cat-scanners","7":"product_tag-10mp","8":"product_tag-best-scanner","9":"product_tag-camara","10":"product_tag-con","11":"product_tag-document-scanner","12":"product_tag-documentos","13":"product_tag-ensenanza","14":"product_tag-entrenamiento","15":"product_tag-escaneo","16":"product_tag-escaner","17":"product_tag-escaneres","18":"product_tag-fast-document-scanner","19":"product_tag-flatbed-scanner","20":"product_tag-formato","21":"product_tag-fotos","22":"product_tag-high-resolution-scanner","23":"product_tag-libros","24":"product_tag-linea","25":"product_tag-ocr","26":"product_tag-office-scanner","27":"product_tag-ordenador","28":"product_tag-photo-scanner","29":"product_tag-portable-scanner","30":"product_tag-portatil","31":"product_tag-rapida","32":"product_tag-scanner-price","33":"product_tag-usb-scanner","34":"product_tag-velocidad","36":"first","37":"instock","38":"shipping-taxable","39":"product-type-external"},"_links":{"self":[{"href":"https:\/\/comprasyconsejos.store\/en\/wp-json\/wp\/v2\/product\/32642","targetHints":{"allow":["GET"]}}],"collection":[{"href":"https:\/\/comprasyconsejos.store\/en\/wp-json\/wp\/v2\/product"}],"about":[{"href":"https:\/\/comprasyconsejos.store\/en\/wp-json\/wp\/v2\/types\/product"}],"replies":[{"embeddable":true,"href":"https:\/\/comprasyconsejos.store\/en\/wp-json\/wp\/v2\/comments?post=32642"}],"version-history":[{"count":0,"href":"https:\/\/comprasyconsejos.store\/en\/wp-json\/wp\/v2\/product\/32642\/revisions"}],"wp:featuredmedia":[{"embeddable":true,"href":"https:\/\/comprasyconsejos.store\/en\/wp-json\/wp\/v2\/media\/32643"}],"wp:attachment":[{"href":"https:\/\/comprasyconsejos.store\/en\/wp-json\/wp\/v2\/media?parent=32642"}],"wp:term":[{"taxonomy":"product_brand","embeddable":true,"href":"https:\/\/comprasyconsejos.store\/en\/wp-json\/wp\/v2\/product_brand?post=32642"},{"taxonomy":"product_cat","embeddable":true,"href":"https:\/\/comprasyconsejos.store\/en\/wp-json\/wp\/v2\/product_cat?post=32642"},{"taxonomy":"product_tag","embeddable":true,"href":"https:\/\/comprasyconsejos.store\/en\/wp-json\/wp\/v2\/product_tag?post=32642"}],"curies":[{"name":"wp","href":"https:\/\/api.w.org\/{rel}","templated":true}]}}