{"id":32656,"date":"2026-02-23T08:59:06","date_gmt":"2026-02-23T08:59:06","guid":{"rendered":"https:\/\/comprasyconsejos.store\/product\/portable-inkjet-printer-12-7mm-inkjet-printer-for-batch-code-date-batch-number-printing\/"},"modified":"2026-02-23T08:59:09","modified_gmt":"2026-02-23T08:59:09","slug":"portable-inkjet-printer-12-7mm-inkjet-printer-for-batch-code-date-batch-number-printing","status":"publish","type":"product","link":"https:\/\/comprasyconsejos.store\/en\/product\/portable-inkjet-printer-12-7mm-inkjet-printer-for-batch-code-date-batch-number-printing\/","title":{"rendered":"Portable Inkjet Printer, 12.7mm Inkjet Printer for Batch Code Date Batch Number Printing"},"content":{"rendered":"<p>Price: <span style=\"color:#b12704\">\u20ac56.04<\/span><br \/><i><small>(as of Feb 23, 2026 08:59:06 UTC &#8211; <span class=\"wp_automatic_amazon_disclaimer\" title=\"Product prices and availability are accurate as of the date\/time indicated and are subject to change. Any price and availability information displayed on [relevant Amazon Site(s), as applicable] at the time of purchase will apply to the purchase of this product.\">Details<\/span>)<\/small><\/i><\/p>\n<p><a href=\"https:\/\/amazon.es\/dp\/B0FXVQGS85?tag=man008-21\"><img decoding=\"async\" src=\"https:\/\/valvepress.s3.amazonaws.com\/imgs\/buy_now.png\"><\/a><br \/>\n<\/p>\n<p>                                             Product Description   <\/p>\n<p>                                                                             <img decoding=\"async\" alt=\"1019240030111-1\" src=\"https:\/\/images-na.ssl-images-amazon.com\/images\/G\/01\/x-locale\/common\/grey-pixel.gif\" class=\"a-spacing-base a-lazy-loaded\" data-src=\"https:\/\/m.media-amazon.com\/images\/S\/aplus-media-library-service-media\/c56a6c50-dc7f-4e1a-a6ed-ea661a9a252c.__CR0,0,970,600_PT0_SX970_V1___.jpg\"><img decoding=\"async\" alt=\"1019240030111-1\" src=\"https:\/\/m.media-amazon.com\/images\/S\/aplus-media-library-service-media\/c56a6c50-dc7f-4e1a-a6ed-ea661a9a252c.__CR0,0,970,600_PT0_SX970_V1___.jpg\">                                         <\/p>\n<h3 class=\"a-spacing-mini\"> UPALDHOU Impresora de Inyeccin de Tinta Porttil, Impresora de Inyeccin de Tinta de 12,7 Mm para Impresin de Nmero de Lote de Fecha de Cdigo de Lote <\/h3>\n<p>                                                  <img decoding=\"async\" alt=\"YT\" src=\"https:\/\/images-na.ssl-images-amazon.com\/images\/G\/01\/x-locale\/common\/grey-pixel.gif\" class=\"a-lazy-loaded\" data-src=\"https:\/\/m.media-amazon.com\/images\/S\/aplus-media-library-service-media\/f265ea75-bfec-4ed3-bfaa-6e3be313e85e.__CR0,0,300,300_PT0_SX300_V1___.jpg\"><img decoding=\"async\" alt=\"YT\" src=\"https:\/\/m.media-amazon.com\/images\/S\/aplus-media-library-service-media\/f265ea75-bfec-4ed3-bfaa-6e3be313e85e.__CR0,0,300,300_PT0_SX300_V1___.jpg\">  <\/p>\n<p>[Opciones de impresi\u00f3n vers\u00e1tiles] Adecuado para imprimir texto, n\u00fameros, s\u00edmbolos, c\u00f3digos de barras, im\u00e1genes, fechas, etiquetas y m\u00e1s en materiales como madera, pl\u00e1stico, tela, papel, cuero y otros. <\/p>\n<p>[Interfaz de pantalla t\u00e1ctil HD] Esta impresora ofrece una pantalla t\u00e1ctil de alta definici\u00f3n con una interfaz f\u00e1cil de usar, brindando una experiencia similar a la de un tel\u00e9fono inteligente para facilitar su uso. <\/p>\n<p>[Rendimiento duradero] Con una interfaz tipo C y fotoel\u00e9ctrica, as\u00ed como una bater\u00eda incorporada de 1500 mah, esta impresora ofrece resistencia duradera con de impresi\u00f3n ajustable y precisi\u00f3n para resultados precisos. <\/p>\n<p class=\"apm-text-center\">\n                                                      <img decoding=\"async\" alt=\"1\" src=\"https:\/\/images-na.ssl-images-amazon.com\/images\/G\/01\/x-locale\/common\/grey-pixel.gif\" class=\"a-spacing-mini a-lazy-loaded\" data-src=\"https:\/\/m.media-amazon.com\/images\/S\/aplus-media-library-service-media\/93fcef13-cacc-48f2-870e-2d2e0c589680.__CR0,0,300,300_PT0_SX300_V1___.jpg\"><img decoding=\"async\" alt=\"1\" src=\"https:\/\/m.media-amazon.com\/images\/S\/aplus-media-library-service-media\/93fcef13-cacc-48f2-870e-2d2e0c589680.__CR0,0,300,300_PT0_SX300_V1___.jpg\">  <\/p>\n<p class=\"apm-text-center\">\n                                                      <img decoding=\"async\" alt=\"1019240030111-2\" src=\"https:\/\/images-na.ssl-images-amazon.com\/images\/G\/01\/x-locale\/common\/grey-pixel.gif\" class=\"a-spacing-mini a-lazy-loaded\" data-src=\"https:\/\/m.media-amazon.com\/images\/S\/aplus-media-library-service-media\/18f3709f-552a-4d92-923a-284c415685ef.__CR0,0,300,300_PT0_SX300_V1___.jpg\"><img decoding=\"async\" alt=\"1019240030111-2\" src=\"https:\/\/m.media-amazon.com\/images\/S\/aplus-media-library-service-media\/18f3709f-552a-4d92-923a-284c415685ef.__CR0,0,300,300_PT0_SX300_V1___.jpg\">  <\/p>\n<p class=\"apm-text-center\">\n                                                      <img decoding=\"async\" alt=\"1019240030111-3\" src=\"https:\/\/images-na.ssl-images-amazon.com\/images\/G\/01\/x-locale\/common\/grey-pixel.gif\" class=\"a-spacing-mini a-lazy-loaded\" data-src=\"https:\/\/m.media-amazon.com\/images\/S\/aplus-media-library-service-media\/a6a321be-6494-4234-9ab5-34d2f9743a39.__CR0,0,300,300_PT0_SX300_V1___.jpg\"><img decoding=\"async\" alt=\"1019240030111-3\" src=\"https:\/\/m.media-amazon.com\/images\/S\/aplus-media-library-service-media\/a6a321be-6494-4234-9ab5-34d2f9743a39.__CR0,0,300,300_PT0_SX300_V1___.jpg\">  <\/p>\n<p class=\"apm-text-center\">\n                                                      <img decoding=\"async\" alt=\"1\" src=\"https:\/\/images-na.ssl-images-amazon.com\/images\/G\/01\/x-locale\/common\/grey-pixel.gif\" class=\"a-spacing-mini a-lazy-loaded\" data-src=\"https:\/\/m.media-amazon.com\/images\/S\/aplus-media-library-service-media\/2994cb85-1653-433d-8a98-ea9854c725dc.__CR0,0,300,300_PT0_SX300_V1___.jpg\"><img decoding=\"async\" alt=\"1\" src=\"https:\/\/m.media-amazon.com\/images\/S\/aplus-media-library-service-media\/2994cb85-1653-433d-8a98-ea9854c725dc.__CR0,0,300,300_PT0_SX300_V1___.jpg\">  <\/p>\n<p class=\"apm-text-center\">\n                                                      <img decoding=\"async\" alt=\"1019240030111-2\" src=\"https:\/\/images-na.ssl-images-amazon.com\/images\/G\/01\/x-locale\/common\/grey-pixel.gif\" class=\"a-spacing-mini a-lazy-loaded\" data-src=\"https:\/\/m.media-amazon.com\/images\/S\/aplus-media-library-service-media\/35b5cccb-0647-4278-adfd-22fa26cbde60.__CR0,0,300,300_PT0_SX300_V1___.jpg\"><img decoding=\"async\" alt=\"1019240030111-2\" src=\"https:\/\/m.media-amazon.com\/images\/S\/aplus-media-library-service-media\/35b5cccb-0647-4278-adfd-22fa26cbde60.__CR0,0,300,300_PT0_SX300_V1___.jpg\">  <\/p>\n<p class=\"apm-text-center\">\n                                                      <img decoding=\"async\" alt=\"1019240030111-3\" src=\"https:\/\/images-na.ssl-images-amazon.com\/images\/G\/01\/x-locale\/common\/grey-pixel.gif\" class=\"a-spacing-mini a-lazy-loaded\" data-src=\"https:\/\/m.media-amazon.com\/images\/S\/aplus-media-library-service-media\/cfa9bf6d-85d3-4eb8-8da6-0764914f28ee.__CR0,0,300,300_PT0_SX300_V1___.jpg\"><img decoding=\"async\" alt=\"1019240030111-3\" src=\"https:\/\/m.media-amazon.com\/images\/S\/aplus-media-library-service-media\/cfa9bf6d-85d3-4eb8-8da6-0764914f28ee.__CR0,0,300,300_PT0_SX300_V1___.jpg\">  <\/p>\n<p>Especificaciones: <\/p>\n<p> Tipo de art\u00edculo: Impresora port\u00e1til <\/p>\n<p> Bater\u00eda: 1 x paquete de celdas de litio de 1500 MAH (integrado) <\/p>\n<p> Interfaz externa: interfaz TIPO C, interfaz fotoel\u00e9ctrica <\/p>\n<p> Cartucho de tinta\u200b: ninguno, se debe comprar por separado <\/p>\n<p> Contenido de impresi\u00f3n: fecha, recuento, n\u00famero de lote, n\u00famero de serie, imagen, etc. <\/p>\n<p> N\u00famero de serie de tecnolog\u00eda: 1-9 como serie variable N\u00famero <\/p>\n<p> L\u00edneas de impresi\u00f3n: 1-3 l\u00edneas ajustables <\/p>\n<p> Distancia de impresi\u00f3n: 5 mm (entre el cabezal de impresi\u00f3n y el objeto que se est\u00e1 imprimiendo) <\/p>\n<p> de impresi\u00f3n: 2-12,7 mm ajustable <\/p>\n<p> Precisi\u00f3n de impresi\u00f3n: 300-600 ppp ajustable <\/p>\n<p> Idioma: chino simplificado, chino tradicional, ingl\u00e9s, ruso, tailand\u00e9s, espa\u00f1ol, alem\u00e1n, franc\u00e9s, japon\u00e9s, coreano, \u00e1rabe, turco, italiano, Portugu\u00e9s, vietnamita, b\u00falgaro, ucraniano, polaco, hebreo, h\u00fangaro, griego, indonesio, holand\u00e9s, serbio, malayo, filipino, persa <\/p>\n<p> Interfaz externa: USB, interfaz de 3,5 mm <\/p>\n<p> operativo: para operativo RTOS <\/p>\n<p> Contenido de impresi\u00f3n: caracteres chinos e ingleses, c\u00f3digo 2D din\u00e1mico, c\u00f3digo de barras, gr\u00e1ficos, n\u00famero de serie, fecha, base de datos variable, etc. <\/p>\n<p> Materiales de impresi\u00f3n: cart\u00f3n, pl\u00e1stico, madera, tuber\u00edas, piedra, cable, embalaje industrial, etc. <\/p>\n<p> Lista de Empaque: <\/p>\n<p> 1 x impresora <\/p>\n<p> 1 x cable USB <\/p>\n<p> 1 x placa de fijaci\u00f3n de impresora <\/p>\n<p> 1 x l\u00e1piz \u00f3ptico <\/p>\n<p> 7 x accesorios <\/p>\n<p> 1 x manual de usuario <\/p>\n<p> 1 x  <\/p>\n<p>  <\/p>\n<p> C\u00f3mo Uso: <\/p>\n<p> Sacar el producto y utilizarlo directamente. <\/p>\n<p>  <\/p>\n<p> Product Dimensions                                            \u200f                                            :                                            \u200e                                            26 x 16 x 10 cm; 470 g   <br \/> Manufacturer                                            \u200f                                            :                                            \u200e                                            UPALDHOU   <br \/> ASIN                                            \u200f                                            :                                            \u200e                                            B0FXVQGS85   <br \/> Item model number                                            \u200f                                            :                                            \u200e                                            UPALDHOUcyxvtm5nuk   <br \/> Country\/Region of Origin                                            \u200f                                            :                                            \u200e                                            China   <br \/> Guaranteed software updates until                                            \u200f                                            :                                            \u200e                                            unknown   <\/p>\n<p>[Lasting Performance] With a Type-C and photoelectric interface, as well as a built-in 1500mAh battery, this printer delivers long-lasting resistance with adjustable printing and accuracy for accurate results.<br \/>[Multilingual Support] Equipped with a capacitive touch screen that supports multiple languages, allowing easy editing and zooming with the touch of your finger, making it ideal for a wide range of applications.<br \/>[HD Touch Screen Interface] This printer offers a high-definition touch screen with a user-friendly interface, providing a smartphone-like experience for ease of use.<br \/>[Flexible Coding Capacity] Easy to operate and portable, this portable printer can print on various surfaces, such as cardboard boxes, plastics, wood, pipes, stones, cables and more.<br \/>[Versatile Printing Options] Suitable for printing text, numbers, symbols, barcodes, pictures, dates, labels and more on materials such as wood, plastic, fabric, paper, leather and others.<\/p>\n\n","protected":false},"excerpt":{"rendered":"<p> Product Description UPALDHOU Impresora de Inyeccin de Tinta Porttil, Impresora de Inyeccin de Tinta de<\/p>","protected":false},"featured_media":32657,"comment_status":"open","ping_status":"closed","template":"","meta":[],"product_brand":[],"product_cat":[57],"product_tag":[6463,6464,2140,2134,3125,2126,6466,2129,1953,1961,2145,2142,3788,2143,2132,290,1962,2276,2136],"class_list":{"0":"post-32656","1":"product","2":"type-product","3":"status-publish","4":"has-post-thumbnail","6":"product_cat-inkjet-printers","7":"product_tag-12-7mm","8":"product_tag-batch","9":"product_tag-best-inkjet-printer","10":"product_tag-cheap-inkjet-printer","11":"product_tag-code","12":"product_tag-color-inkjet-printer","13":"product_tag-date","14":"product_tag-home-inkjet-printer","15":"product_tag-ink-tank-printer","16":"product_tag-inkjet","17":"product_tag-inkjet-printer","18":"product_tag-inkjet-printer-price","19":"product_tag-number","20":"product_tag-office-inkjet-printer","21":"product_tag-photo-inkjet-printer","22":"product_tag-portable","23":"product_tag-printer","24":"product_tag-printing","25":"product_tag-wireless-inkjet-printer","27":"first","28":"instock","29":"shipping-taxable","30":"product-type-external"},"_links":{"self":[{"href":"https:\/\/comprasyconsejos.store\/en\/wp-json\/wp\/v2\/product\/32656","targetHints":{"allow":["GET"]}}],"collection":[{"href":"https:\/\/comprasyconsejos.store\/en\/wp-json\/wp\/v2\/product"}],"about":[{"href":"https:\/\/comprasyconsejos.store\/en\/wp-json\/wp\/v2\/types\/product"}],"replies":[{"embeddable":true,"href":"https:\/\/comprasyconsejos.store\/en\/wp-json\/wp\/v2\/comments?post=32656"}],"version-history":[{"count":0,"href":"https:\/\/comprasyconsejos.store\/en\/wp-json\/wp\/v2\/product\/32656\/revisions"}],"wp:featuredmedia":[{"embeddable":true,"href":"https:\/\/comprasyconsejos.store\/en\/wp-json\/wp\/v2\/media\/32657"}],"wp:attachment":[{"href":"https:\/\/comprasyconsejos.store\/en\/wp-json\/wp\/v2\/media?parent=32656"}],"wp:term":[{"taxonomy":"product_brand","embeddable":true,"href":"https:\/\/comprasyconsejos.store\/en\/wp-json\/wp\/v2\/product_brand?post=32656"},{"taxonomy":"product_cat","embeddable":true,"href":"https:\/\/comprasyconsejos.store\/en\/wp-json\/wp\/v2\/product_cat?post=32656"},{"taxonomy":"product_tag","embeddable":true,"href":"https:\/\/comprasyconsejos.store\/en\/wp-json\/wp\/v2\/product_tag?post=32656"}],"curies":[{"name":"wp","href":"https:\/\/api.w.org\/{rel}","templated":true}]}}