{"id":32669,"date":"2026-02-23T10:08:52","date_gmt":"2026-02-23T10:08:52","guid":{"rendered":"https:\/\/comprasyconsejos.store\/product\/aoc-u27b3af-monitor-27-uhd-wled-60hz-ips-4-ms-gtg-hdr10-adaptive-sync-speakers-height-adjustable-3840x2160-2x-hdmi-2-0-1x-dp-1-4-black\/"},"modified":"2026-02-23T10:08:55","modified_gmt":"2026-02-23T10:08:55","slug":"aoc-u27b3af-monitor-27-uhd-wled-60hz-ips-4-ms-gtg-hdr10-adaptive-sync-speakers-height-adjustable-3840x2160-2x-hdmi-2-0-1x-dp-1-4-black","status":"publish","type":"product","link":"https:\/\/comprasyconsejos.store\/en\/product\/aoc-u27b3af-monitor-27-uhd-wled-60hz-ips-4-ms-gtg-hdr10-adaptive-sync-speakers-height-adjustable-3840x2160-2x-hdmi-2-0-1x-dp-1-4-black\/","title":{"rendered":"AOC U27B3AF Monitor 27&#8243; UHD, WLED, 60Hz, IPS, 4 ms GtG, HDR10, Adaptive Sync., Speakers, Height Adjustable (3840&#215;2160, 2X HDMI 2.0, 1x DP 1.4) Black"},"content":{"rendered":"<p>Price: <span style=\"color:#b12704\">\u20ac158.90<\/span><br \/><i><small>(as of Feb 23, 2026 10:08:52 UTC &#8211; <span class=\"wp_automatic_amazon_disclaimer\" title=\"Product prices and availability are accurate as of the date\/time indicated and are subject to change. Any price and availability information displayed on [relevant Amazon Site(s), as applicable] at the time of purchase will apply to the purchase of this product.\">Details<\/span>)<\/small><\/i><\/p>\n<p><a href=\"https:\/\/amazon.es\/dp\/B0D7CPTFZ4?tag=man008-21\"><img decoding=\"async\" src=\"https:\/\/valvepress.s3.amazonaws.com\/imgs\/buy_now.png\"><\/a><br \/>\n<\/p>\n<p>                                             From the manufacturer   <\/p>\n<p>                                                      <img decoding=\"async\" alt=\"AOC\" src=\"https:\/\/images-na.ssl-images-amazon.com\/images\/G\/01\/x-locale\/common\/grey-pixel.gif\" class=\"a-spacing-mini a-lazy-loaded\" data-src=\"https:\/\/m.media-amazon.com\/images\/S\/aplus-media-library-service-media\/72e80a9c-dac3-4432-899d-c4123dc3d9a3.__CR0,0,300,400_PT0_SX300_V1___.jpg\"><img decoding=\"async\" alt=\"AOC\" src=\"https:\/\/m.media-amazon.com\/images\/S\/aplus-media-library-service-media\/72e80a9c-dac3-4432-899d-c4123dc3d9a3.__CR0,0,300,400_PT0_SX300_V1___.jpg\">  <\/p>\n<p>                                                              <img decoding=\"async\" alt=\"AOC\" src=\"https:\/\/images-na.ssl-images-amazon.com\/images\/G\/01\/x-locale\/common\/grey-pixel.gif\" class=\"a-spacing-mini a-lazy-loaded\" data-src=\"https:\/\/m.media-amazon.com\/images\/S\/aplus-media-library-service-media\/10a14c5d-ac42-4f7f-87dd-6fce9cf014d0.__CR0,0,350,175_PT0_SX350_V1___.jpg\"><img decoding=\"async\" alt=\"AOC\" src=\"https:\/\/m.media-amazon.com\/images\/S\/aplus-media-library-service-media\/10a14c5d-ac42-4f7f-87dd-6fce9cf014d0.__CR0,0,350,175_PT0_SX350_V1___.jpg\">                                                                                                   27 Inch       60 Hz       Adaptive Sync       3840&#215;2160       HDMI 2.0 x 2       DisplayPort 1.4 x 1       Headphone out (3.5mm)       <\/p>\n<h3 class=\"a-spacing-mini\"> Monitor U27B3A <\/h3>\n<p>                                          Libera tu potencial                                     <\/p>\n<p class=\"a-spacing-base\"> Monitor UHD de 27 pulgadas que ofrece una amplia experiencia de visualizaci\u00f3n para productividad pura. <\/p>\n<p class=\"apm-text-center\">\n                                                      <img decoding=\"async\" alt=\"AOC\" src=\"https:\/\/images-na.ssl-images-amazon.com\/images\/G\/01\/x-locale\/common\/grey-pixel.gif\" class=\"a-spacing-mini a-lazy-loaded\" data-src=\"https:\/\/m.media-amazon.com\/images\/S\/aplus-media-library-service-media\/b6feecf7-c1ea-4f0d-95af-f67b04fe81db.__CR0,0,1500,1500_PT0_SX300_V1___.png\"><img decoding=\"async\" alt=\"AOC\" src=\"https:\/\/m.media-amazon.com\/images\/S\/aplus-media-library-service-media\/b6feecf7-c1ea-4f0d-95af-f67b04fe81db.__CR0,0,1500,1500_PT0_SX300_V1___.png\">  <\/p>\n<p>                                                    Resoluci\u00f3n UHD (4K)                                       <\/p>\n<p> La resoluci\u00f3n 4K de ultra alta definici\u00f3n (3840 x 2160) ofrece una calidad  de imagen ultran\u00edtida y permite a los usuarios ver m\u00e1s en la pantalla al mismo tiempo. Esto proporciona m\u00e1s espacio en la pantalla y muestra  m\u00e1s detalles para obtener im\u00e1genes m\u00e1s n\u00edtidas y brillantes. Ya sea que est\u00e9n trabajando en la pr\u00f3xima hermosa fotograf\u00eda, dise\u00f1o o incluso  simplemente us\u00e1ndolos para productividad, los usuarios se maravillar\u00e1n con la imagen verdadera y n\u00edtida que solo una pantalla UHD puede proporcionar. <\/p>\n<p class=\"apm-text-center\">\n                                                      <img decoding=\"async\" alt=\"AOC\" src=\"https:\/\/images-na.ssl-images-amazon.com\/images\/G\/01\/x-locale\/common\/grey-pixel.gif\" class=\"a-spacing-mini a-lazy-loaded\" data-src=\"https:\/\/m.media-amazon.com\/images\/S\/aplus-media-library-service-media\/23d998d5-90d5-4ebf-acc1-6ecced94e06a.__CR0,0,1500,1500_PT0_SX300_V1___.png\"><img decoding=\"async\" alt=\"AOC\" src=\"https:\/\/m.media-amazon.com\/images\/S\/aplus-media-library-service-media\/23d998d5-90d5-4ebf-acc1-6ecced94e06a.__CR0,0,1500,1500_PT0_SX300_V1___.png\">  <\/p>\n<p>                                                    Vive el juego al m\u00e1ximo con HDR10                                        <\/p>\n<p> HDR10  est\u00e1 aqu\u00ed para mejorar a\u00fan m\u00e1s la calidad de imagen, mejorando la  sincronizaci\u00f3n de tu GPU o tu consola con el monitor. Esto crea una  experiencia de juego m\u00e1s realista, inmersiva y fluida: Te sentir\u00e1s como  si estuvieras entrando en el juego, fotograma a fotograma. <\/p>\n<p class=\"apm-text-center\">\n                                                      <img decoding=\"async\" alt=\"AOC\" src=\"https:\/\/images-na.ssl-images-amazon.com\/images\/G\/01\/x-locale\/common\/grey-pixel.gif\" class=\"a-spacing-mini a-lazy-loaded\" data-src=\"https:\/\/m.media-amazon.com\/images\/S\/aplus-media-library-service-media\/2a4bc460-288f-4129-bde0-03bed7a88d2c.__CR0,0,1500,1500_PT0_SX300_V1___.png\"><img decoding=\"async\" alt=\"AOC\" src=\"https:\/\/m.media-amazon.com\/images\/S\/aplus-media-library-service-media\/2a4bc460-288f-4129-bde0-03bed7a88d2c.__CR0,0,1500,1500_PT0_SX300_V1___.png\">  <\/p>\n<p>                                                    Altavoces integrados                                       <\/p>\n<p> Los  altavoces integrados facilitan el disfrute con la familia, amigos y  colegas. Para pel\u00edculas, m\u00fasica, juegos y mucho m\u00e1s, disfrutar\u00e1s de  audio de calidad sin el problema de conectar altavoces externos. <\/p>\n<p class=\"apm-text-center\">\n                                                      <img decoding=\"async\" alt=\"AOC\" src=\"https:\/\/images-na.ssl-images-amazon.com\/images\/G\/01\/x-locale\/common\/grey-pixel.gif\" class=\"a-spacing-mini a-lazy-loaded\" data-src=\"https:\/\/m.media-amazon.com\/images\/S\/aplus-media-library-service-media\/a33d9b6a-103f-4243-b0ef-902ffbc677e2.__CR733,0,1500,1500_PT0_SX300_V1___.png\"><img decoding=\"async\" alt=\"AOC\" src=\"https:\/\/m.media-amazon.com\/images\/S\/aplus-media-library-service-media\/a33d9b6a-103f-4243-b0ef-902ffbc677e2.__CR733,0,1500,1500_PT0_SX300_V1___.png\">  <\/p>\n<p>                                                    Adaptive sync                                       <\/p>\n<p> La sincronizaci\u00f3n adaptativa hace coincidir la tasa de refresco vertical  de tu monitor con la velocidad de fotogramas de la GPU para eliminar el stuttering, el tearing y los temblores, y que la experiencia de juego y de ocio sea a\u00fan m\u00e1s fluida. Esta funci\u00f3n tambi\u00e9n es \u00fatil para disfrutar de v\u00eddeos y otros medios de entretenimiento de una forma m\u00e1s fluida. <\/p>\n<p class=\"apm-text-center\">\n                                                      <img decoding=\"async\" alt=\"AOC\" src=\"https:\/\/images-na.ssl-images-amazon.com\/images\/G\/01\/x-locale\/common\/grey-pixel.gif\" class=\"a-spacing-mini a-lazy-loaded\" data-src=\"https:\/\/m.media-amazon.com\/images\/S\/aplus-media-library-service-media\/1df2ac78-0b60-4d51-be68-d4891a97a08d.__CR1170,0,1500,1500_PT0_SX300_V1___.png\"><img decoding=\"async\" alt=\"AOC\" src=\"https:\/\/m.media-amazon.com\/images\/S\/aplus-media-library-service-media\/1df2ac78-0b60-4d51-be68-d4891a97a08d.__CR1170,0,1500,1500_PT0_SX300_V1___.png\">  <\/p>\n<p>                                                    Dise\u00f1o sin marcos                                       <\/p>\n<p> Adem\u00e1s de tener un aspecto moderno y atractivo, el dise\u00f1o sin marcos permite  configuraciones integrales de varios monitores. No volver\u00e1s a perder el cursor o las ventanas en el abismo de los biseles oscuros cuando se  coloquen muchas pantallas una junto a la otra. <\/p>\n<p class=\"apm-text-center\">\n<p>                                                     Low Blue Light                                       <\/p>\n<p> La luz azul de onda corta puede ocasionar lesiones en la vista. La  tecnolog\u00eda Anti Blue Light de AOC bloquea los rayos de luz azul da\u00f1inos sin alterar el color de la pantalla. Otros m\u00e9todos de reducci\u00f3n de la luz azul utilizan filtros o ajustes que oscurecen ligeramente o dan un  tono amarillento a las im\u00e1genes. <\/p>\n<p> Batteries                                            \u200f                                            :                                            \u200e                                            1 AAAA batteries required.   <br \/> Is discontinued by manufacturer                                            \u200f                                            :                                            \u200e                                            No   <br \/> Language                                            \u200f                                            :                                            \u200e                                            Spanish   <br \/> Product Dimensions                                            \u200f                                            :                                            \u200e                                            22.98 x 61.4 x 46 cm; 3.64 kg   <br \/> Manufacturer                                            \u200f                                            :                                            \u200e                                            AOC International   <br \/> ASIN                                            \u200f                                            :                                            \u200e                                            B0D7CPTFZ4   <br \/> Item model number                                            \u200f                                            :                                            \u200e                                            U27B3A   <br \/> Guaranteed software updates until                                            \u200f                                            :                                            \u200e                                            unknown   <br \/>  Customer reviews:                                                                                            4.3               4.3 out of 5 stars                                  (128)                                              var dpAcrHasRegisteredArcLinkClickAction;                    P.when(&#8216;A&#8217;, &#8216;ready&#8217;).execute(function(A) {                        if (dpAcrHasRegisteredArcLinkClickAction !== true) {                            dpAcrHasRegisteredArcLinkClickAction = true;                            A.declarative(                                &#8216;acrLink-click-metrics&#8217;, &#8216;click&#8217;,                                { \u00aballowLinkDefault\u00bb: true },                                function (event) {                                    if (window.ue) {                                        ue.count(\u00abacrLinkClickCount\u00bb, (ue.count(\u00abacrLinkClickCount\u00bb) || 0) + 1);                                    }                                }                            );                        }                    });                                             P.when(&#8216;A&#8217;, &#8216;cf&#8217;).execute(function(A) {                A.declarative(&#8216;acrStarsLink-click-metrics&#8217;, &#8216;click&#8217;, { \u00aballowLinkDefault\u00bb : true },  function(event){                    if(window.ue) {                        ue.count(\u00abacrStarsLinkWithPopoverClickCount\u00bb, (ue.count(\u00abacrStarsLinkWithPopoverClickCount\u00bb) || 0) + 1);                    }                });            });                          <\/p>\n<p>Sync the screen refresh rate with the graphics card to eliminate screen tearing and stuttering.<br \/>Fast 1ms response (MPRT) for crisp image and smooth gameplay<br \/>Built-in speakers provide audio output without the need for external speakers.<br \/>Reduces screen flicker to minimize eyestrain during prolonged use.<br \/>HDR10: High dynamic range for enhanced color and contrast, bringing a more vivid viewing experience.<\/p>\n\n","protected":false},"excerpt":{"rendered":"<p> From the manufacturer 27 Inch 60 Hz Adaptive Sync 3840&#215;2160 HDMI 2.0 x 2 DisplayPort<\/p>","protected":false},"featured_media":32670,"comment_status":"open","ping_status":"closed","template":"","meta":[],"product_brand":[],"product_cat":[55],"product_tag":[1934,1936,1935,1939,3145,1802,1812,247,876,2263,1940,307,1784,1933,6067,544,1925,1569,703,1937,844,1938,1039,200,9374,684,7101],"class_list":{"0":"post-32669","1":"product","2":"type-product","3":"status-publish","4":"has-post-thumbnail","6":"product_cat-gaming-monitors","7":"product_tag-144hz-gaming-monitor","8":"product_tag-1ms-gaming-monitor","9":"product_tag-240hz-gaming-monitor","10":"product_tag-27-inch-gaming-monitor","11":"product_tag-3840x2160","12":"product_tag-4k-gaming-monitor","13":"product_tag-60hz","14":"product_tag-adaptive","15":"product_tag-adjustable","16":"product_tag-aoc","17":"product_tag-best-gaming-monitor","18":"product_tag-black","19":"product_tag-curved-gaming-monitor","20":"product_tag-gaming-monitor","21":"product_tag-gtg","22":"product_tag-hdmi","23":"product_tag-hdr10","24":"product_tag-height","25":"product_tag-ips","26":"product_tag-ips-gaming-monitor","27":"product_tag-monitor","28":"product_tag-rgb-gaming-monitor","29":"product_tag-speakers","30":"product_tag-sync","31":"product_tag-u27b3af","32":"product_tag-uhd","33":"product_tag-wled","35":"first","36":"instock","37":"shipping-taxable","38":"product-type-external"},"_links":{"self":[{"href":"https:\/\/comprasyconsejos.store\/en\/wp-json\/wp\/v2\/product\/32669","targetHints":{"allow":["GET"]}}],"collection":[{"href":"https:\/\/comprasyconsejos.store\/en\/wp-json\/wp\/v2\/product"}],"about":[{"href":"https:\/\/comprasyconsejos.store\/en\/wp-json\/wp\/v2\/types\/product"}],"replies":[{"embeddable":true,"href":"https:\/\/comprasyconsejos.store\/en\/wp-json\/wp\/v2\/comments?post=32669"}],"version-history":[{"count":0,"href":"https:\/\/comprasyconsejos.store\/en\/wp-json\/wp\/v2\/product\/32669\/revisions"}],"wp:featuredmedia":[{"embeddable":true,"href":"https:\/\/comprasyconsejos.store\/en\/wp-json\/wp\/v2\/media\/32670"}],"wp:attachment":[{"href":"https:\/\/comprasyconsejos.store\/en\/wp-json\/wp\/v2\/media?parent=32669"}],"wp:term":[{"taxonomy":"product_brand","embeddable":true,"href":"https:\/\/comprasyconsejos.store\/en\/wp-json\/wp\/v2\/product_brand?post=32669"},{"taxonomy":"product_cat","embeddable":true,"href":"https:\/\/comprasyconsejos.store\/en\/wp-json\/wp\/v2\/product_cat?post=32669"},{"taxonomy":"product_tag","embeddable":true,"href":"https:\/\/comprasyconsejos.store\/en\/wp-json\/wp\/v2\/product_tag?post=32669"}],"curies":[{"name":"wp","href":"https:\/\/api.w.org\/{rel}","templated":true}]}}