{"id":32674,"date":"2026-02-23T10:20:26","date_gmt":"2026-02-23T10:20:26","guid":{"rendered":"https:\/\/comprasyconsejos.store\/product\/philips-34e1c5600am-curved-wqhd-monitor-34-inches-webcam-height-adjustable-speaker-3440x1440-100hz-hdmi-displayport-usb-c-usb-hub-black\/"},"modified":"2026-02-23T10:20:29","modified_gmt":"2026-02-23T10:20:29","slug":"philips-34e1c5600am-curved-wqhd-monitor-34-inches-webcam-height-adjustable-speaker-3440x1440-100hz-hdmi-displayport-usb-c-usb-hub-black","status":"publish","type":"product","link":"https:\/\/comprasyconsejos.store\/en\/product\/philips-34e1c5600am-curved-wqhd-monitor-34-inches-webcam-height-adjustable-speaker-3440x1440-100hz-hdmi-displayport-usb-c-usb-hub-black\/","title":{"rendered":"Philips 34E1C5600AM &#8211; Curved WQHD Monitor 34 Inches, Webcam, Height Adjustable, Speaker (3440&#215;1440, 100Hz, HDMI, DisplayPort, USB-C, USB Hub) Black"},"content":{"rendered":"<p>Price: <span style=\"color:#b12704\">\u20ac339.00<\/span><br \/><i><small>(as of Feb 23, 2026 10:20:26 UTC &#8211; <span class=\"wp_automatic_amazon_disclaimer\" title=\"Product prices and availability are accurate as of the date\/time indicated and are subject to change. Any price and availability information displayed on [relevant Amazon Site(s), as applicable] at the time of purchase will apply to the purchase of this product.\">Details<\/span>)<\/small><\/i><\/p>\n<p><a href=\"https:\/\/amazon.es\/dp\/B0D5CRPLWN?tag=man008-21\"><img decoding=\"async\" src=\"https:\/\/valvepress.s3.amazonaws.com\/imgs\/buy_now.png\"><\/a><br \/>\n<\/p>\n<p>                                             From the manufacturer   <\/p>\n<p>                                                      <img decoding=\"async\" alt=\"Philips Monitors\" src=\"https:\/\/images-na.ssl-images-amazon.com\/images\/G\/01\/x-locale\/common\/grey-pixel.gif\" class=\"a-spacing-mini a-lazy-loaded\" data-src=\"https:\/\/m.media-amazon.com\/images\/S\/aplus-media-library-service-media\/5da1a4b3-ae55-4fe6-87b5-628909986021.__CR164,171,643,857_PT0_SX300_V1___.jpg\"><img decoding=\"async\" alt=\"Philips Monitors\" src=\"https:\/\/m.media-amazon.com\/images\/S\/aplus-media-library-service-media\/5da1a4b3-ae55-4fe6-87b5-628909986021.__CR164,171,643,857_PT0_SX300_V1___.jpg\">  <\/p>\n<p>                                                              <img decoding=\"async\" alt=\"Philips Monitors\" src=\"https:\/\/images-na.ssl-images-amazon.com\/images\/G\/01\/x-locale\/common\/grey-pixel.gif\" class=\"a-spacing-mini a-lazy-loaded\" data-src=\"https:\/\/m.media-amazon.com\/images\/S\/aplus-media-library-service-media\/62eabd3b-feab-4a89-99ba-1270715068db.__CR0,358,970,485_PT0_SX350_V1___.jpg\"><img decoding=\"async\" alt=\"Philips Monitors\" src=\"https:\/\/m.media-amazon.com\/images\/S\/aplus-media-library-service-media\/62eabd3b-feab-4a89-99ba-1270715068db.__CR0,358,970,485_PT0_SX350_V1___.jpg\">                                                                 <\/p>\n<p class=\"a-spacing-small a-size-small a-color-secondary\">\n<p>Serie 500086,36 cm (34&#8243;)3440 x 1440 (WQHD)                                         Entrada de se\u00f1al HDMI 2.0 x 1, DisplayPort 1.2 x 1, USB-C x 1        USB 3.2 Gen 1, 4 USB-A de bajada       <\/p>\n<h3 class=\"a-spacing-mini\"> Monitor LCD con webcam con Windows Hello 34E1C5600AM\/01 <\/h3>\n<p>                                          Colaboraci\u00f3n simplificada                                     <\/p>\n<p class=\"a-spacing-base\"> Este monitor Philips est\u00e1 dise\u00f1ado para entornos de trabajo remoto. La webcam integrada de 5 MP ofrece im\u00e1genes n\u00edtidas y el micr\u00f3fono con reducci\u00f3n de ruido ayuda a que la gente te oiga alto y claro. Webcam con Windows Hello para un acceso r\u00e1pido y una gran seguridad. <\/p>\n<p class=\"a-spacing-base\"> M\u00e1s informaci\u00f3n <\/p>\n<p>                                                          Punto de p\u00edxel 0,23175 x 0,23175 mm       Tiempo de respuesta (t\u00edpico) 4 ms       Resoluci\u00f3n m\u00e1xima 3440 x 1440 a 100 Hz       MPRT 1 ms      <\/p>\n<p class=\"apm-text-center\">\n                                                      <img decoding=\"async\" alt=\"Philips Monitors\" src=\"https:\/\/images-na.ssl-images-amazon.com\/images\/G\/01\/x-locale\/common\/grey-pixel.gif\" class=\"a-lazy-loaded\" data-src=\"https:\/\/m.media-amazon.com\/images\/S\/aplus-media-library-service-media\/d66adc6f-14e0-432a-b18e-4a2ebca9e70a.__CR0,0,1000,1000_PT0_SX220_V1___.jpg\"><img decoding=\"async\" alt=\"Philips Monitors\" src=\"https:\/\/m.media-amazon.com\/images\/S\/aplus-media-library-service-media\/d66adc6f-14e0-432a-b18e-4a2ebca9e70a.__CR0,0,1000,1000_PT0_SX220_V1___.jpg\">  <\/p>\n<p>                                                    Im\u00e1genes CrystalClear ultrapanor\u00e1micas con 3440 x 1440 p\u00edxeles QHD                                     <\/p>\n<p class=\"a-size-small\"> Estas pantallas de Philips ofrecen im\u00e1genes CrystalClear ultrapanor\u00e1micas con 3440 x 1440 p\u00edxeles Quad HD. Mediante el uso de paneles de alto rendimiento con recuento de p\u00edxeles de alta densidad y \u00e1ngulos de visualizaci\u00f3n amplios de 178\/178, estas nuevas pantallas har\u00e1n que tus im\u00e1genes y gr\u00e1ficos cobren vida. El formato ultrapanor\u00e1mico 21:9 te permite ser m\u00e1s productivo y disponer de m\u00e1s espacio para realizar comparaciones o configurar las columnas de tus hojas de c\u00e1lculo para que sean m\u00e1s visibles. Tanto si eres un profesional exigente que necesita informaci\u00f3n extremadamente detallada para soluciones CAD-CAM, como si eres un mago de las finanzas que trabaja con enormes hojas de c\u00e1lculo, las pantallas de Philips te ofrecen im\u00e1genes CrystalClear. <\/p>\n<p class=\"apm-text-center\">\n                                                      <img decoding=\"async\" alt=\"Philips Monitors\" src=\"https:\/\/images-na.ssl-images-amazon.com\/images\/G\/01\/x-locale\/common\/grey-pixel.gif\" class=\"a-lazy-loaded\" data-src=\"https:\/\/m.media-amazon.com\/images\/S\/aplus-media-library-service-media\/45a8cf1b-85e8-47f7-b2b0-d55dd4dc0184.__CR0,0,1000,1000_PT0_SX220_V1___.jpg\"><img decoding=\"async\" alt=\"Philips Monitors\" src=\"https:\/\/m.media-amazon.com\/images\/S\/aplus-media-library-service-media\/45a8cf1b-85e8-47f7-b2b0-d55dd4dc0184.__CR0,0,1000,1000_PT0_SX220_V1___.jpg\">  <\/p>\n<p>                                                    Ultra Wide-Color ofrece una amplia gama de colores para una imagen m\u00e1s viva                                     <\/p>\n<p class=\"a-size-small\"> La tecnolog\u00eda Ultra Wide-Color ofrece una gama m\u00e1s amplia de colores para una imagen m\u00e1s brillante. La mayor escala de colores de Ultra Wide Color proporciona unos verdes m\u00e1s naturales, unos rojos vivos y unos azules m\u00e1s profundos. Da vida a los contenidos multimedia y a las im\u00e1genes, e incluso a las tareas de productividad, con los colores realistas de la tecnolog\u00eda Ultra Wide-Color. <\/p>\n<p class=\"apm-text-center\">\n                                                      <img decoding=\"async\" alt=\"Philips Monitors\" src=\"https:\/\/images-na.ssl-images-amazon.com\/images\/G\/01\/x-locale\/common\/grey-pixel.gif\" class=\"a-lazy-loaded\" data-src=\"https:\/\/m.media-amazon.com\/images\/S\/aplus-media-library-service-media\/68df87c1-32f3-42f1-ad76-d6aec76a02c2.__CR0,0,1000,1000_PT0_SX220_V1___.jpg\"><img decoding=\"async\" alt=\"Philips Monitors\" src=\"https:\/\/m.media-amazon.com\/images\/S\/aplus-media-library-service-media\/68df87c1-32f3-42f1-ad76-d6aec76a02c2.__CR0,0,1000,1000_PT0_SX220_V1___.jpg\">  <\/p>\n<p>                                                    Conecta tu ordenador port\u00e1til con un cable USB-C                                     <\/p>\n<p class=\"a-size-small\"> Esta pantalla de Philips dispone de un conector USB tipo C con suministro de energ\u00eda. Con una gesti\u00f3n de energ\u00eda inteligente y flexible, ahora puedes cargar tu dispositivo compatible directamente. Su conector USB-C compacto y reversible ofrece una sencilla conexi\u00f3n con un solo cable. Puedes ver v\u00eddeos de resoluci\u00f3n y transferir datos a una velocidad incre\u00edble, mientras enciendes y cargas el dispositivo compatible al mismo tiempo. <\/p>\n<p class=\"apm-text-center\">\n                                                      <img decoding=\"async\" alt=\"Philips Monitors\" src=\"https:\/\/images-na.ssl-images-amazon.com\/images\/G\/01\/x-locale\/common\/grey-pixel.gif\" class=\"a-lazy-loaded\" data-src=\"https:\/\/m.media-amazon.com\/images\/S\/aplus-media-library-service-media\/23a11614-d9eb-4985-b112-b5f086c4ea43.__CR0,0,1000,1000_PT0_SX220_V1___.jpg\"><img decoding=\"async\" alt=\"Philips Monitors\" src=\"https:\/\/m.media-amazon.com\/images\/S\/aplus-media-library-service-media\/23a11614-d9eb-4985-b112-b5f086c4ea43.__CR0,0,1000,1000_PT0_SX220_V1___.jpg\">  <\/p>\n<p>                                                    Webcam preparada para la colaboraci\u00f3n con micr\u00f3fono con reducci\u00f3n de ruido.                                     <\/p>\n<p class=\"a-size-small\"> Este monitor Philips incluye una webcam de 5 MP, un micr\u00f3fono con reducci\u00f3n de ruido y altavoces. Es ideal para trabajar desde casa y colaborar de forma remota. Est\u00e1 equipada con sensores avanzados que funcionan a la perfecci\u00f3n con el reconocimiento facial de Windows Hello, que te permite iniciar sesi\u00f3n en tus dispositivos Windows en menos de 2 segundos. Para una mayor privacidad, el interruptor f\u00edsico de la c\u00e1mara te permite desactivarla cuando no se utiliza. El micr\u00f3fono con reducci\u00f3n de ruido y los dos altavoces integrados de 5 vatios garantizan una comunicaci\u00f3n clara. <\/p>\n<p class=\"apm-text-center\">\n                                                      <img decoding=\"async\" alt=\"Philips Monitors\" src=\"https:\/\/images-na.ssl-images-amazon.com\/images\/G\/01\/x-locale\/common\/grey-pixel.gif\" class=\"a-lazy-loaded\" data-src=\"https:\/\/m.media-amazon.com\/images\/S\/aplus-media-library-service-media\/a8bcff8e-de10-4682-b923-c685535660a8.__CR0,0,1000,1000_PT0_SX220_V1___.jpg\"><img decoding=\"async\" alt=\"Philips Monitors\" src=\"https:\/\/m.media-amazon.com\/images\/S\/aplus-media-library-service-media\/a8bcff8e-de10-4682-b923-c685535660a8.__CR0,0,1000,1000_PT0_SX220_V1___.jpg\">  <\/p>\n<p>                                                    Altavoces est\u00e9reo incorporados para contenido multimedia                                     <\/p>\n<p class=\"a-size-small\"> Un par de altavoces est\u00e9reo de alta calidad integrados en el dispositivo de visualizaci\u00f3n. Los altavoces son visibles cuando son de proyecci\u00f3n frontal, no cuando son de proyecci\u00f3n inferior, superior o posterior, etc., en funci\u00f3n del modelo y el dise\u00f1o. <\/p>\n<p class=\"apm-text-center\">\n                                                      <img decoding=\"async\" alt=\"Philips Monitors\" src=\"https:\/\/images-na.ssl-images-amazon.com\/images\/G\/01\/x-locale\/common\/grey-pixel.gif\" class=\"a-lazy-loaded\" data-src=\"https:\/\/m.media-amazon.com\/images\/S\/aplus-media-library-service-media\/ce620a97-6332-421a-bfff-125384f32816.__CR0,0,1000,1000_PT0_SX220_V1___.jpg\"><img decoding=\"async\" alt=\"Philips Monitors\" src=\"https:\/\/m.media-amazon.com\/images\/S\/aplus-media-library-service-media\/ce620a97-6332-421a-bfff-125384f32816.__CR0,0,1000,1000_PT0_SX220_V1___.jpg\">  <\/p>\n<p>                                                    MultiView posibilita la conexi\u00f3n y la visualizaci\u00f3n duales de forma simult\u00e1nea                                     <\/p>\n<p class=\"a-size-small\"> Gracias a la pantalla de alta resoluci\u00f3n con tecnolog\u00eda MultiView de Philips, ahora podr\u00e1s disfrutar de un mundo de posibilidades de conectividad. MultiView posibilita la conexi\u00f3n y la visualizaci\u00f3n duales para que puedas trabajar con varios dispositivos, como un PC y un ordenador port\u00e1til, de forma simult\u00e1nea y puedas realizar m\u00faltiples tareas. <\/p>\n<p class=\"apm-text-center\">\n                                                      <img decoding=\"async\" alt=\"Philips Monitors\" src=\"https:\/\/images-na.ssl-images-amazon.com\/images\/G\/01\/x-locale\/common\/grey-pixel.gif\" class=\"a-lazy-loaded\" data-src=\"https:\/\/m.media-amazon.com\/images\/S\/aplus-media-library-service-media\/31e76a2b-ecf4-4989-a9c8-ba7086f98c67.__CR0,0,1000,1000_PT0_SX220_V1___.jpg\"><img decoding=\"async\" alt=\"Philips Monitors\" src=\"https:\/\/m.media-amazon.com\/images\/S\/aplus-media-library-service-media\/31e76a2b-ecf4-4989-a9c8-ba7086f98c67.__CR0,0,1000,1000_PT0_SX220_V1___.jpg\">  <\/p>\n<p>                                                    Visualizaci\u00f3n con modo LowBlue y sin parpadeo que reduce el cansancio visual                                     <\/p>\n<p class=\"a-size-small\"> Nuestro modo LowBlue y la tecnolog\u00eda sin parpadeo se han desarrollado para reducir el cansancio y la tensi\u00f3n ocular que suele ocasionar pasar muchas horas delante de un monitor. <\/p>\n<p class=\"apm-text-center\">\n                                                      <img decoding=\"async\" alt=\"Philips Monitors\" src=\"https:\/\/images-na.ssl-images-amazon.com\/images\/G\/01\/x-locale\/common\/grey-pixel.gif\" class=\"a-lazy-loaded\" data-src=\"https:\/\/m.media-amazon.com\/images\/S\/aplus-media-library-service-media\/66793ca8-1078-4cf1-a74e-0c01421b2260.__CR0,0,1000,1000_PT0_SX220_V1___.jpg\"><img decoding=\"async\" alt=\"Philips Monitors\" src=\"https:\/\/m.media-amazon.com\/images\/S\/aplus-media-library-service-media\/66793ca8-1078-4cf1-a74e-0c01421b2260.__CR0,0,1000,1000_PT0_SX220_V1___.jpg\">  <\/p>\n<p>                                                    Bot\u00f3n EasySelect para alternar los men\u00fas y acceder r\u00e1pidamente a los men\u00fas en pantalla                                     <\/p>\n<p class=\"a-size-small\"> El bot\u00f3n EasySelect para alternar los men\u00fas, discretamente ubicado, permite realizar ajustes r\u00e1pidos y sencillos en la configuraci\u00f3n del monitor en el men\u00fa de visualizaci\u00f3n en pantalla. <\/p>\n<p class=\"apm-text-center\">\n                                                      <img decoding=\"async\" alt=\"Philips Monitors\" src=\"https:\/\/images-na.ssl-images-amazon.com\/images\/G\/01\/x-locale\/common\/grey-pixel.gif\" class=\"a-lazy-loaded\" data-src=\"https:\/\/m.media-amazon.com\/images\/S\/aplus-media-library-service-media\/90915b09-656c-4e47-a6f9-8b2cab0a0f74.__CR0,0,1000,1000_PT0_SX220_V1___.jpg\"><img decoding=\"async\" alt=\"Philips Monitors\" src=\"https:\/\/m.media-amazon.com\/images\/S\/aplus-media-library-service-media\/90915b09-656c-4e47-a6f9-8b2cab0a0f74.__CR0,0,1000,1000_PT0_SX220_V1___.jpg\">  <\/p>\n<p>                                                    Gesti\u00f3n de cables que reduce los l\u00edos de cables para disfrutar de un espacio de trabajo ordenado                                     <\/p>\n<p class=\"a-size-small\"> La gesti\u00f3n de cables es un dise\u00f1o sencillo que organiza los cables necesarios para el funcionamiento del dispositivo de visualizaci\u00f3n, manteniendo el espacio de trabajo ordenado. <\/p>\n<p class=\"apm-text-center\">\n                                                      <img decoding=\"async\" alt=\"Philips Monitors\" src=\"https:\/\/images-na.ssl-images-amazon.com\/images\/G\/01\/x-locale\/common\/grey-pixel.gif\" class=\"a-lazy-loaded\" data-src=\"https:\/\/m.media-amazon.com\/images\/S\/aplus-media-library-service-media\/ab5ae1ed-fa34-419b-866f-0191e682351b.__CR0,0,1000,1000_PT0_SX220_V1___.jpg\"><img decoding=\"async\" alt=\"Philips Monitors\" src=\"https:\/\/m.media-amazon.com\/images\/S\/aplus-media-library-service-media\/ab5ae1ed-fa34-419b-866f-0191e682351b.__CR0,0,1000,1000_PT0_SX220_V1___.jpg\">  <\/p>\n<p>                                                    La pantalla VA proporciona unas im\u00e1genes asombrosas con amplios \u00e1ngulos de visualizaci\u00f3n                                     <\/p>\n<p class=\"a-size-small\"> La pantalla LED VA de Philips utiliza una tecnolog\u00eda de alineaci\u00f3n vertical multidominio avanzada que proporciona \u00edndices de contraste est\u00e1tico superelevados para disfrutar de im\u00e1genes extrav\u00edvidas y brillantes. Las aplicaciones de oficina est\u00e1ndar pueden manejarse con facilidad, aunque es especialmente adecuada para fotos, Internet, pel\u00edculas, juegos y aplicaciones gr\u00e1ficas exigentes. Su tecnolog\u00eda de gesti\u00f3n de p\u00edxeles optimizada te ofrece un \u00e1ngulo de visi\u00f3n extrapanor\u00e1mico de 178\/178 grados, que proporciona im\u00e1genes n\u00edtidas. <\/p>\n<p class=\"apm-text-center\">\n<p class=\"apm-text-center\">\n<p> Product Dimensions                                            \u200f                                            :                                            \u200e                                            28.1 x 80.8 x 55.7 cm; 12 kg   <br \/> Manufacturer                                            \u200f                                            :                                            \u200e                                            Philips   <br \/> ASIN                                            \u200f                                            :                                            \u200e                                            B0D5CRPLWN   <br \/> Item model number                                            \u200f                                            :                                            \u200e                                            34E1C5600AM   <br \/> Country of origin                                            \u200f                                            :                                            \u200e                                            China   <br \/> Guaranteed software updates until                                            \u200f                                            :                                            \u200e                                            unknown   <br \/>  Customer reviews:                                                                                            4.4               4.4 out of 5 stars                                  (805)                                              var dpAcrHasRegisteredArcLinkClickAction;                    P.when(&#8216;A&#8217;, &#8216;ready&#8217;).execute(function(A) {                        if (dpAcrHasRegisteredArcLinkClickAction !== true) {                            dpAcrHasRegisteredArcLinkClickAction = true;                            A.declarative(                                &#8216;acrLink-click-metrics&#8217;, &#8216;click&#8217;,                                { \u00aballowLinkDefault\u00bb: true },                                function (event) {                                    if (window.ue) {                                        ue.count(\u00abacrLinkClickCount\u00bb, (ue.count(\u00abacrLinkClickCount\u00bb) || 0) + 1);                                    }                                }                            );                        }                    });                                             P.when(&#8216;A&#8217;, &#8216;cf&#8217;).execute(function(A) {                A.declarative(&#8216;acrStarsLink-click-metrics&#8217;, &#8216;click&#8217;, { \u00aballowLinkDefault\u00bb : true },  function(event){                    if(window.ue) {                        ue.count(\u00abacrStarsLinkWithPopoverClickCount\u00bb, (ue.count(\u00abacrStarsLinkWithPopoverClickCount\u00bb) || 0) + 1);                    }                });            });                          <\/p>\n<p>Philips monitor with built-in 5 megapixel webcam and microphone with noise cancellation function (compatible with Windows 10 Hello).<br \/>Flicker-Free and Low Blue Mode technology reduces eyestrain and improves eye comfort. Adaptive image synchronization allows you to enjoy images without interruptions or flickers.<br \/>High contrast VA panel with 1500R curvature, matte screen, speakers 2 x 5 W, height adjustable up to 130 mm, headphone output, compatible with VESA 100 x 100 wall mount, detachable base.<br \/>Brightness\/Contrast: 300cd\/m\u00b2\/3000:1 Connectors: 1 x HDMI 2.0, 1 x DisplayPort 1.2, 1 x USB-C 3.2 Gen 1 (input, power supply up to 65W), 4 x USB 3.2 (output, one with BC 1.2 fast charging).<br \/>What&#8217;s in the Box: Philips 34E1C5600AM\/01 34&#8243; Curved Monitor, Power Cable, HDMI\/DisplayPort Cables, CD with Drivers, Warranty Card<\/p>\n\n","protected":false},"excerpt":{"rendered":"<p> From the manufacturer Serie 500086,36 cm (34&#8243;)3440 x 1440 (WQHD) Entrada de se\u00f1al HDMI 2.0<\/p>","protected":false},"featured_media":32675,"comment_status":"open","ping_status":"closed","template":"","meta":[],"product_brand":[],"product_cat":[54],"product_tag":[2330,1791,2923,9375,876,1789,307,754,1787,1788,1792,1784,1786,1783,1790,1099,544,1569,169,1611,844,7195,1930,1785,133,188,545,2099],"class_list":{"0":"post-32674","1":"product","2":"type-product","3":"status-publish","4":"has-post-thumbnail","6":"product_cat-curved-monitors","7":"product_tag-100hz","8":"product_tag-144hz-curved-monitor","9":"product_tag-3440x1440","10":"product_tag-34e1c5600am","11":"product_tag-adjustable","12":"product_tag-best-curved-monitor","13":"product_tag-black","14":"product_tag-curved","15":"product_tag-curved-27-inch-monitor","16":"product_tag-curved-32-inch-monitor","17":"product_tag-curved-computer-monitor","18":"product_tag-curved-gaming-monitor","19":"product_tag-curved-led-monitor","20":"product_tag-curved-monitor","21":"product_tag-curved-monitor-price","22":"product_tag-displayport","23":"product_tag-hdmi","24":"product_tag-height","25":"product_tag-hub","26":"product_tag-inches","27":"product_tag-monitor","28":"product_tag-philips","29":"product_tag-speaker","30":"product_tag-ultrawide-curved-monitor","31":"product_tag-usb","32":"product_tag-usbc","33":"product_tag-webcam","34":"product_tag-wqhd","36":"first","37":"instock","38":"shipping-taxable","39":"product-type-external"},"_links":{"self":[{"href":"https:\/\/comprasyconsejos.store\/en\/wp-json\/wp\/v2\/product\/32674","targetHints":{"allow":["GET"]}}],"collection":[{"href":"https:\/\/comprasyconsejos.store\/en\/wp-json\/wp\/v2\/product"}],"about":[{"href":"https:\/\/comprasyconsejos.store\/en\/wp-json\/wp\/v2\/types\/product"}],"replies":[{"embeddable":true,"href":"https:\/\/comprasyconsejos.store\/en\/wp-json\/wp\/v2\/comments?post=32674"}],"version-history":[{"count":0,"href":"https:\/\/comprasyconsejos.store\/en\/wp-json\/wp\/v2\/product\/32674\/revisions"}],"wp:featuredmedia":[{"embeddable":true,"href":"https:\/\/comprasyconsejos.store\/en\/wp-json\/wp\/v2\/media\/32675"}],"wp:attachment":[{"href":"https:\/\/comprasyconsejos.store\/en\/wp-json\/wp\/v2\/media?parent=32674"}],"wp:term":[{"taxonomy":"product_brand","embeddable":true,"href":"https:\/\/comprasyconsejos.store\/en\/wp-json\/wp\/v2\/product_brand?post=32674"},{"taxonomy":"product_cat","embeddable":true,"href":"https:\/\/comprasyconsejos.store\/en\/wp-json\/wp\/v2\/product_cat?post=32674"},{"taxonomy":"product_tag","embeddable":true,"href":"https:\/\/comprasyconsejos.store\/en\/wp-json\/wp\/v2\/product_tag?post=32674"}],"curies":[{"name":"wp","href":"https:\/\/api.w.org\/{rel}","templated":true}]}}