{"id":32695,"date":"2026-02-23T11:39:57","date_gmt":"2026-02-23T11:39:57","guid":{"rendered":"https:\/\/comprasyconsejos.store\/product\/homcom-mini-fridge-46-l-class-e-small-fridge-with-adjustable-temperature-and-reversible-door-for-living-room-room-office-48-x-44-x-49-cm-silver\/"},"modified":"2026-02-23T11:40:10","modified_gmt":"2026-02-23T11:40:10","slug":"homcom-mini-fridge-46-l-class-e-small-fridge-with-adjustable-temperature-and-reversible-door-for-living-room-room-office-48-x-44-x-49-cm-silver","status":"publish","type":"product","link":"https:\/\/comprasyconsejos.store\/en\/product\/homcom-mini-fridge-46-l-class-e-small-fridge-with-adjustable-temperature-and-reversible-door-for-living-room-room-office-48-x-44-x-49-cm-silver\/","title":{"rendered":"HOMCOM Mini Fridge 46 L Class E Small Fridge with Adjustable Temperature and Reversible Door for Living Room Room Office 48 x 44 x 49 cm Silver"},"content":{"rendered":"<p>Price: <span style=\"color:#b12704\">\u20ac109.64<\/span><br \/><i><small>(as of Feb 23, 2026 11:39:57 UTC &#8211; <span class=\"wp_automatic_amazon_disclaimer\" title=\"Product prices and availability are accurate as of the date\/time indicated and are subject to change. Any price and availability information displayed on [relevant Amazon Site(s), as applicable] at the time of purchase will apply to the purchase of this product.\">Details<\/span>)<\/small><\/i><\/p>\n<p><a href=\"https:\/\/amazon.es\/dp\/B0GCXWFQ25?tag=man008-21\"><img decoding=\"async\" src=\"https:\/\/valvepress.s3.amazonaws.com\/imgs\/buy_now.png\"><\/a><br \/>\n<\/p>\n<p>                                             From the brand   <\/p>\n<p>                                              <img decoding=\"async\" alt=\"El texto dice \u00abDise\u00f1o Inspirado, Vista Elevada\u00bb, \u00abLGS 5\u00bb. Representaci\u00f3n arquitect\u00f3nica o de dise\u00f1o que muestra una vista elevada de una estructura.\" src=\"https:\/\/images-na.ssl-images-amazon.com\/images\/G\/01\/x-locale\/common\/grey-pixel.gif\" class=\"a-lazy-loaded\" data-src=\"https:\/\/m.media-amazon.com\/images\/S\/aplus-media-library-service-media\/b8452d4e-4e1c-4db3-b4c8-9b5edcf01f24.__CR0,0,1464,625_PT0_SX1464_V1___.jpg\"><img decoding=\"async\" alt=\"El texto dice \u00abDise\u00f1o Inspirado, Vista Elevada\u00bb, \u00abLGS 5\u00bb. Representaci\u00f3n arquitect\u00f3nica o de dise\u00f1o que muestra una vista elevada de una estructura.\" src=\"https:\/\/m.media-amazon.com\/images\/S\/aplus-media-library-service-media\/b8452d4e-4e1c-4db3-b4c8-9b5edcf01f24.__CR0,0,1464,625_PT0_SX1464_V1___.jpg\">  <\/p>\n<p>                                              <img decoding=\"async\" alt=\"con iconos rojos que muestra estad\u00edsticas: m\u00e1s de 70 pa\u00edses de alcance internacional, m\u00e1s de 43 millones de familias satisfechas y m\u00e1s de 20 000 productos\" src=\"https:\/\/images-na.ssl-images-amazon.com\/images\/G\/01\/x-locale\/common\/grey-pixel.gif\" class=\"a-lazy-loaded\" data-src=\"https:\/\/m.media-amazon.com\/images\/S\/aplus-media-library-service-media\/2cf87d70-3454-4591-aa78-1ba106e9b19b.__CR0,0,362,453_PT0_SX362_V1___.jpg\"><img decoding=\"async\" alt=\"con iconos rojos que muestra estad\u00edsticas: m\u00e1s de 70 pa\u00edses de alcance internacional, m\u00e1s de 43 millones de familias satisfechas y m\u00e1s de 20 000 productos\" src=\"https:\/\/m.media-amazon.com\/images\/S\/aplus-media-library-service-media\/2cf87d70-3454-4591-aa78-1ba106e9b19b.__CR0,0,362,453_PT0_SX362_V1___.jpg\">  <\/p>\n<p>                                              <img decoding=\"async\" alt=\"Estad\u00edsticas de valoraci\u00f3n de productos que muestran m\u00e1s de 3,7 millones de rese\u00f1as globales, m\u00e1s de 2,2 millones de rese\u00f1as con cinco estrellas y una valoraci\u00f3n global de 4,2\/5\" src=\"https:\/\/images-na.ssl-images-amazon.com\/images\/G\/01\/x-locale\/common\/grey-pixel.gif\" class=\"a-lazy-loaded\" data-src=\"https:\/\/m.media-amazon.com\/images\/S\/aplus-media-library-service-media\/3c6fa1c1-4ef6-4f39-8015-bd44774384f5.__CR0,0,362,453_PT0_SX362_V1___.jpg\"><img decoding=\"async\" alt=\"Estad\u00edsticas de valoraci\u00f3n de productos que muestran m\u00e1s de 3,7 millones de rese\u00f1as globales, m\u00e1s de 2,2 millones de rese\u00f1as con cinco estrellas y una valoraci\u00f3n global de 4,2\/5\" src=\"https:\/\/m.media-amazon.com\/images\/S\/aplus-media-library-service-media\/3c6fa1c1-4ef6-4f39-8015-bd44774384f5.__CR0,0,362,453_PT0_SX362_V1___.jpg\">  <\/p>\n<h3> Mini Nevera <\/h3>\n<p class=\"apm-brand-story-stores-link\">\n<h3> Plancha Vertical  <\/h3>\n<p class=\"apm-brand-story-stores-link\">\n<h3> Peque\u00f1os electrodom\u00e9sticos <\/h3>\n<p class=\"apm-brand-story-stores-link\">\n<p>                                                         \u00bfQui\u00e9nes somos?                                       <\/p>\n<p> Aosom fundada el 2009 en los Estados Unidos. De inmediato se convirti\u00f3 en l\u00edder en muebles de terraza y jard\u00edn, muebles para el hogar, equipamiento de fitness, art\u00edculos para mascotas, juguetes para ni\u00f1os, pasatiempos y ocio. <\/p>\n<p>                                                         Nuestras Marcas                                       <\/p>\n<p> HOMCOM, Outsunny, PawHut, DURHAND, kleankin, Vinsetto <\/p>\n<p>                                                         Nuestros Valores                                       <\/p>\n<p> Nuestro objetivo es proporcionar a todos nuestros clientes productos de alta calidad sin pasos intermedios innecesarios y costosos. <\/p>\n<p> Product Dimensions                                            \u200f                                            :                                            \u200e                                            44 x 48 x 49 cm; 13 kg   <br \/> Date First Available                                            \u200f                                            :                                            \u200e                                            28 Dec. 2025   <br \/> Manufacturer                                            \u200f                                            :                                            \u200e                                            SPANISH AOSOM   <br \/> ASIN                                            \u200f                                            :                                            \u200e                                            B0GCXWFQ25   <br \/> Item model number                                            \u200f                                            :                                            \u200e                                            800-155V90SR   <br \/> Country of origin                                            \u200f                                            :                                            \u200e                                            China   <br \/>       Best Sellers Rank:  1,751 in Large Appliances (See Top 100 in Large Appliances)    46 in Mini Fridges      <br \/>  Customer reviews:                                                                                            4.0               4.0 out of 5 stars                                  (27)                                              var dpAcrHasRegisteredArcLinkClickAction;                    P.when(&#8216;A&#8217;, &#8216;ready&#8217;).execute(function(A) {                        if (dpAcrHasRegisteredArcLinkClickAction !== true) {                            dpAcrHasRegisteredArcLinkClickAction = true;                            A.declarative(                                &#8216;acrLink-click-metrics&#8217;, &#8216;click&#8217;,                                { \u00aballowLinkDefault\u00bb: true },                                function (event) {                                    if (window.ue) {                                        ue.count(\u00abacrLinkClickCount\u00bb, (ue.count(\u00abacrLinkClickCount\u00bb) || 0) + 1);                                    }                                }                            );                        }                    });                                             P.when(&#8216;A&#8217;, &#8216;cf&#8217;).execute(function(A) {                A.declarative(&#8216;acrStarsLink-click-metrics&#8217;, &#8216;click&#8217;, { \u00aballowLinkDefault\u00bb : true },  function(event){                    if(window.ue) {                        ue.count(\u00abacrStarsLinkWithPopoverClickCount\u00bb, (ue.count(\u00abacrStarsLinkWithPopoverClickCount\u00bb) || 0) + 1);                    }                });            });                          <\/p>\n<p>LARGE SPACE: With shelves, a 4.5L small freezer and door compartments, this 46L electric mini fridge offers a wide variety of areas for organized storage, ensuring easy access and effortless organization of your food<br \/>ADJUSTABLE THERMOSTAT: The temperature of this mini refrigerator can be adjusted in 5 levels from 0 to 8 \u2103 by rotating the thermostat knob. So you can choose the right temperature to keep food fresh<br \/>LOW ENERGY CONSUMPTION AND LOW NOISE: This mini fridge has an energy rating F and extremely quiet performance (41dB). Ideal for environments such as bedrooms and home offices<br \/>REVERSIBLE DOOR: This electric mini fridge offers the flexibility of a reversible door. This feature allows the user to easily adjust the orientation of the door to their personal preferences, making it adaptable to different habits and designs<br \/>Total dimensions: 48 x 44 x 49 cm (LxWxH). Maximum load: 8 kg (per shelf). Capacity: 41.5L (fridge), 4.5L (freezer), 46L (total) Includes a scoop to defrost ice<\/p>\n\n","protected":false},"excerpt":{"rendered":"<p> From the brand Mini Nevera Plancha Vertical Peque\u00f1os electrodom\u00e9sticos \u00bfQui\u00e9nes somos? Aosom fundada el 2009<\/p>","protected":false},"featured_media":32696,"comment_status":"open","ping_status":"closed","template":"","meta":[],"product_brand":[],"product_cat":[82],"product_tag":[876,1838,5166,2617,2616,2589,1839,1830,1833,1831,7107,1836,215,585,1835,2699,6608,366,293,1832,3156,1837,1834],"class_list":{"0":"post-32695","1":"product","2":"type-product","3":"status-publish","4":"has-post-thumbnail","6":"product_cat-home-appliance","7":"product_tag-adjustable","8":"product_tag-air-conditioners","9":"product_tag-class","10":"product_tag-door","11":"product_tag-fridge","12":"product_tag-homcom","13":"product_tag-home-appliance-deals","14":"product_tag-home-appliances","15":"product_tag-home-electronics","16":"product_tag-kitchen-appliances","17":"product_tag-living","18":"product_tag-microwave-ovens","19":"product_tag-mini","20":"product_tag-office","21":"product_tag-refrigerators","22":"product_tag-reversible","23":"product_tag-room","24":"product_tag-silver","25":"product_tag-small","26":"product_tag-small-home-appliances","27":"product_tag-temperature","28":"product_tag-vacuum-cleaners","29":"product_tag-washing-machines","31":"first","32":"instock","33":"shipping-taxable","34":"product-type-external"},"_links":{"self":[{"href":"https:\/\/comprasyconsejos.store\/en\/wp-json\/wp\/v2\/product\/32695","targetHints":{"allow":["GET"]}}],"collection":[{"href":"https:\/\/comprasyconsejos.store\/en\/wp-json\/wp\/v2\/product"}],"about":[{"href":"https:\/\/comprasyconsejos.store\/en\/wp-json\/wp\/v2\/types\/product"}],"replies":[{"embeddable":true,"href":"https:\/\/comprasyconsejos.store\/en\/wp-json\/wp\/v2\/comments?post=32695"}],"version-history":[{"count":0,"href":"https:\/\/comprasyconsejos.store\/en\/wp-json\/wp\/v2\/product\/32695\/revisions"}],"wp:featuredmedia":[{"embeddable":true,"href":"https:\/\/comprasyconsejos.store\/en\/wp-json\/wp\/v2\/media\/32696"}],"wp:attachment":[{"href":"https:\/\/comprasyconsejos.store\/en\/wp-json\/wp\/v2\/media?parent=32695"}],"wp:term":[{"taxonomy":"product_brand","embeddable":true,"href":"https:\/\/comprasyconsejos.store\/en\/wp-json\/wp\/v2\/product_brand?post=32695"},{"taxonomy":"product_cat","embeddable":true,"href":"https:\/\/comprasyconsejos.store\/en\/wp-json\/wp\/v2\/product_cat?post=32695"},{"taxonomy":"product_tag","embeddable":true,"href":"https:\/\/comprasyconsejos.store\/en\/wp-json\/wp\/v2\/product_tag?post=32695"}],"curies":[{"name":"wp","href":"https:\/\/api.w.org\/{rel}","templated":true}]}}