{"id":32719,"date":"2026-02-23T12:56:28","date_gmt":"2026-02-23T12:56:28","guid":{"rendered":"https:\/\/comprasyconsejos.store\/product\/vivo-y19s-smartphone-66gb-extended-ram-128gb-rom-50mp-main-camera-dynamic-light-6-68-super-bright-display-5150-mah-battery-flashcharge-44w-ip64-dual-sim-android-mobile-silver\/"},"modified":"2026-02-23T12:56:35","modified_gmt":"2026-02-23T12:56:35","slug":"vivo-y19s-smartphone-66gb-extended-ram-128gb-rom-50mp-main-camera-dynamic-light-6-68-super-bright-display-5150-mah-battery-flashcharge-44w-ip64-dual-sim-android-mobile-silver","status":"publish","type":"product","link":"https:\/\/comprasyconsejos.store\/en\/product\/vivo-y19s-smartphone-66gb-extended-ram-128gb-rom-50mp-main-camera-dynamic-light-6-68-super-bright-display-5150-mah-battery-flashcharge-44w-ip64-dual-sim-android-mobile-silver\/","title":{"rendered":"vivo Y19s, Smartphone 6+6GB Extended RAM, 128GB ROM, 50MP Main Camera, Dynamic Light, 6.68&#8243; Super Bright Display, 5150 mAh Battery, FlashCharge 44W, IP64, Dual SIM, Android Mobile, Silver"},"content":{"rendered":"<p>Price: <span style=\"color:#b12704\">\u20ac129.00<\/span><br \/><i><small>(as of Feb 23, 2026 12:56:29 UTC &#8211; <span class=\"wp_automatic_amazon_disclaimer\" title=\"Product prices and availability are accurate as of the date\/time indicated and are subject to change. Any price and availability information displayed on [relevant Amazon Site(s), as applicable] at the time of purchase will apply to the purchase of this product.\">Details<\/span>)<\/small><\/i><\/p>\n<p><a href=\"https:\/\/amazon.es\/dp\/B0DZ6SMK76?tag=man008-21\"><img decoding=\"async\" src=\"https:\/\/valvepress.s3.amazonaws.com\/imgs\/buy_now.png\"><\/a><br \/>\n<\/p>\n<p>                                             Product Description   <\/p>\n<p>                                                                                                       <img decoding=\"async\" alt=\"smartphone vivo Y19s\" src=\"https:\/\/images-na.ssl-images-amazon.com\/images\/G\/01\/x-locale\/common\/grey-pixel.gif\" class=\"a-lazy-loaded\" data-src=\"https:\/\/m.media-amazon.com\/images\/S\/aplus-media-library-service-media\/681ed41f-cd88-4ebc-8ba1-6581d2344e77.__CR0,0,1464,600_PT0_SX1464_V1___.jpg\"><img decoding=\"async\" alt=\"smartphone vivo Y19s\" src=\"https:\/\/m.media-amazon.com\/images\/S\/aplus-media-library-service-media\/681ed41f-cd88-4ebc-8ba1-6581d2344e77.__CR0,0,1464,600_PT0_SX1464_V1___.jpg\">                                               <\/p>\n<p>                                                                                  <img decoding=\"async\" alt=\"movil Y19s\" src=\"https:\/\/m.media-amazon.com\/images\/S\/aplus-media-library-service-media\/7c933662-32df-4ec8-a973-fe9a76109ed9.__CR0,0,1464,600_PT0_SX1464_V1___.jpg\">       <\/p>\n<p>                                                                                  <img decoding=\"async\" alt=\"moviles\" src=\"https:\/\/m.media-amazon.com\/images\/S\/aplus-media-library-service-media\/38fd7bbc-8fc0-4887-ab30-9e68311e2045.__CR0,0,1464,600_PT0_SX1464_V1___.jpg\">       <\/p>\n<p>                                                                                  <img decoding=\"async\" alt=\"smartphone\" src=\"https:\/\/m.media-amazon.com\/images\/S\/aplus-media-library-service-media\/a84a6902-fa1d-4cce-9806-6726ef51df9f.__CR0,0,1464,600_PT0_SX1464_V1___.jpg\">       <\/p>\n<p>                                                                                  <img decoding=\"async\" alt=\"moviles\" src=\"https:\/\/m.media-amazon.com\/images\/S\/aplus-media-library-service-media\/c033ef95-7af4-43cb-962f-f0dd49a5aeec.__CR0,0,1464,600_PT0_SX1464_V1___.jpg\">       <\/p>\n<p>                                                                                  <img decoding=\"async\" alt=\"movil 128g\" src=\"https:\/\/m.media-amazon.com\/images\/S\/aplus-media-library-service-media\/9cb113ed-6193-46c5-82d0-e2ce2aeee452.__CR0,0,1464,600_PT0_SX1464_V1___.jpg\">       <\/p>\n<p>                                                                                  <img decoding=\"async\" alt=\"movil\" src=\"https:\/\/m.media-amazon.com\/images\/S\/aplus-media-library-service-media\/61645e35-7490-40f1-93e4-57a1e2fc25ee.__CR0,0,1464,600_PT0_SX1464_V1___.jpg\">       <\/p>\n<p>                                                                                  <img decoding=\"async\" alt=\"movil\" src=\"https:\/\/m.media-amazon.com\/images\/S\/aplus-media-library-service-media\/e3bac568-7355-4698-aac4-b9b107985525.__CR0,0,1464,600_PT0_SX1464_V1___.jpg\">       <\/p>\n<p>                                                                                  <img decoding=\"async\" alt=\"smartphone 128g\" src=\"https:\/\/m.media-amazon.com\/images\/S\/aplus-media-library-service-media\/cafd93c5-6c7e-4633-8137-8ef264bc6de1.__CR0,0,1464,600_PT0_SX1464_V1___.jpg\">       <\/p>\n<p>                                                                                  <img decoding=\"async\" alt=\"movil \" src=\"https:\/\/m.media-amazon.com\/images\/S\/aplus-media-library-service-media\/f8aefa30-e25f-4625-8081-a96ef994af23.__CR0,0,1464,600_PT0_SX1464_V1___.jpg\">       <\/p>\n<p>                                                                                                       <img decoding=\"async\" alt=\"movil\" src=\"https:\/\/images-na.ssl-images-amazon.com\/images\/G\/01\/x-locale\/common\/grey-pixel.gif\" class=\"a-lazy-loaded\" data-src=\"https:\/\/m.media-amazon.com\/images\/S\/aplus-media-library-service-media\/a0a3700f-51f6-4622-81ab-55a172b6bd63.__CR0,0,1464,600_PT0_SX1464_V1___.jpg\"><img decoding=\"async\" alt=\"movil\" src=\"https:\/\/m.media-amazon.com\/images\/S\/aplus-media-library-service-media\/a0a3700f-51f6-4622-81ab-55a172b6bd63.__CR0,0,1464,600_PT0_SX1464_V1___.jpg\">                                               <\/p>\n<p>                                                                                              <img decoding=\"async\" alt=\"movil\" src=\"https:\/\/images-na.ssl-images-amazon.com\/images\/G\/01\/x-locale\/common\/grey-pixel.gif\" class=\"a-lazy-loaded\" data-src=\"https:\/\/m.media-amazon.com\/images\/S\/aplus-media-library-service-media\/fefecc05-74b2-4fe0-b9cf-66d559738daf.__CR0,0,650,350_PT0_SX650_V1___.jpg\"><img decoding=\"async\" alt=\"movil\" src=\"https:\/\/m.media-amazon.com\/images\/S\/aplus-media-library-service-media\/fefecc05-74b2-4fe0-b9cf-66d559738daf.__CR0,0,650,350_PT0_SX650_V1___.jpg\">                                            4 a\u00f1os de duraci\u00f3n \u00f3ptima de la bater\u00eda                                         <\/p>\n<p class=\"aplus-p3\"> La bater\u00eda puede mantener un su capacidad de retenci\u00f3n de carga por encima del 80%  durante 4 a\u00f1os, lo que garantiza el m\u00e1ximo rendimiento y fiabilidad para las necesidades diarias. <\/p>\n<p>                                           <img decoding=\"async\" alt=\"movil\" src=\"https:\/\/images-na.ssl-images-amazon.com\/images\/G\/01\/x-locale\/common\/grey-pixel.gif\" class=\"a-lazy-loaded\" data-src=\"https:\/\/m.media-amazon.com\/images\/S\/aplus-media-library-service-media\/e05ecafc-5b6b-4c4c-99f9-7ce9e87b3ee8.__CR0,0,650,350_PT0_SX650_V1___.jpg\"><img decoding=\"async\" alt=\"movil\" src=\"https:\/\/m.media-amazon.com\/images\/S\/aplus-media-library-service-media\/e05ecafc-5b6b-4c4c-99f9-7ce9e87b3ee8.__CR0,0,650,350_PT0_SX650_V1___.jpg\">                                            Bater\u00eda de larga duraci\u00f3n y carga m\u00e1s r\u00e1pida.                                         <\/p>\n<p class=\"aplus-p3\"> Disfruta de la bater\u00eda de larga duraci\u00f3n de 5150 mAh con modo de ahorro de bater\u00eda para una duraci\u00f3n ultralarga. <\/p>\n<p>                                                                                              <img decoding=\"async\" alt=\"telefono movil\" src=\"https:\/\/images-na.ssl-images-amazon.com\/images\/G\/01\/x-locale\/common\/grey-pixel.gif\" class=\"a-lazy-loaded\" data-src=\"https:\/\/m.media-amazon.com\/images\/S\/aplus-media-library-service-media\/255edce1-7ef6-446e-978f-9805e03de289.__CR0,0,650,350_PT0_SX650_V1___.jpg\"><img decoding=\"async\" alt=\"telefono movil\" src=\"https:\/\/m.media-amazon.com\/images\/S\/aplus-media-library-service-media\/255edce1-7ef6-446e-978f-9805e03de289.__CR0,0,650,350_PT0_SX650_V1___.jpg\">                                            Pantalla de 6,68&#8243;: Visi\u00f3n inmersiva e intensa                                         <\/p>\n<p class=\"aplus-p3\"> Disfruta de una claridad asombrosa en la pantalla de 6,68&#8243; con una alta frecuencia de actualizaci\u00f3n de 90 Hz, protecci\u00f3n ocular y un alto nivel de brillo para que puedas disfrutar de ella incluso bajo la luz del sol. <\/p>\n<p>                                           <img decoding=\"async\" alt=\"telefono movil\" src=\"https:\/\/images-na.ssl-images-amazon.com\/images\/G\/01\/x-locale\/common\/grey-pixel.gif\" class=\"a-lazy-loaded\" data-src=\"https:\/\/m.media-amazon.com\/images\/S\/aplus-media-library-service-media\/764428ec-a7ec-4a02-86d7-0c67ded13f4a.__CR0,0,650,350_PT0_SX650_V1___.jpg\"><img decoding=\"async\" alt=\"telefono movil\" src=\"https:\/\/m.media-amazon.com\/images\/S\/aplus-media-library-service-media\/764428ec-a7ec-4a02-86d7-0c67ded13f4a.__CR0,0,650,350_PT0_SX650_V1___.jpg\">                                            Potente volumen al 300 % y altavoces est\u00e9reo                                         <\/p>\n<p class=\"aplus-p3\"> Los altavoces est\u00e9reo envolventes ofrecen un audio n\u00edtido con hasta un 300 % de volumen, incluso en entornos ruidosos. <\/p>\n<p>                                                                                              <img decoding=\"async\" alt=\"smartphone 128g\" src=\"https:\/\/images-na.ssl-images-amazon.com\/images\/G\/01\/x-locale\/common\/grey-pixel.gif\" class=\"a-lazy-loaded\" data-src=\"https:\/\/m.media-amazon.com\/images\/S\/aplus-media-library-service-media\/e2113b19-8769-4315-afb1-b7b42b2867ea.__CR0,0,300,225_PT0_SX300_V1___.jpg\"><img decoding=\"async\" alt=\"smartphone 128g\" src=\"https:\/\/m.media-amazon.com\/images\/S\/aplus-media-library-service-media\/e2113b19-8769-4315-afb1-b7b42b2867ea.__CR0,0,300,225_PT0_SX300_V1___.jpg\">                                            Resistencia al polvo y al agua                                         <\/p>\n<p class=\"aplus-p3\"> La resistencia al polvo y al agua IP64 protege el tel\u00e9fono del polvo y las salpicaduras. Proporciona la m\u00e1xima durabilidad. <\/p>\n<p>                                              <img decoding=\"async\" alt=\"movil\" src=\"https:\/\/images-na.ssl-images-amazon.com\/images\/G\/01\/x-locale\/common\/grey-pixel.gif\" class=\"a-lazy-loaded\" data-src=\"https:\/\/m.media-amazon.com\/images\/S\/aplus-media-library-service-media\/f2055516-6be0-4adb-a557-92de07c92fc9.__CR0,0,300,225_PT0_SX300_V1___.jpg\"><img decoding=\"async\" alt=\"movil\" src=\"https:\/\/m.media-amazon.com\/images\/S\/aplus-media-library-service-media\/f2055516-6be0-4adb-a557-92de07c92fc9.__CR0,0,300,225_PT0_SX300_V1___.jpg\">                                            Protecci\u00f3n de esquinas.                                         <\/p>\n<p class=\"aplus-p3\"> Las esquinas reforzadas protegen los bordes del tel\u00e9fono y garantizan una excelente protecci\u00f3n frente a ca\u00eddas e impactos. <\/p>\n<p>                                           <img decoding=\"async\" alt=\"movil\" src=\"https:\/\/images-na.ssl-images-amazon.com\/images\/G\/01\/x-locale\/common\/grey-pixel.gif\" class=\"a-lazy-loaded\" data-src=\"https:\/\/m.media-amazon.com\/images\/S\/aplus-media-library-service-media\/ef927019-d1dd-4b1d-b112-e84c316206a4.__CR0,0,300,225_PT0_SX300_V1___.jpg\"><img decoding=\"async\" alt=\"movil\" src=\"https:\/\/m.media-amazon.com\/images\/S\/aplus-media-library-service-media\/ef927019-d1dd-4b1d-b112-e84c316206a4.__CR0,0,300,225_PT0_SX300_V1___.jpg\">                                            S\u00f3lido como una roca.                                          <\/p>\n<p class=\"aplus-p3\"> Con un dise\u00f1o robusto, cuenta con un cuerpo s\u00f3lido como una roca, y una pantalla duradera y resistente a las ca\u00eddas para una protecci\u00f3n definitiva. <\/p>\n<p>                                           <img decoding=\"async\" alt=\"movil\" src=\"https:\/\/images-na.ssl-images-amazon.com\/images\/G\/01\/x-locale\/common\/grey-pixel.gif\" class=\"a-lazy-loaded\" data-src=\"https:\/\/m.media-amazon.com\/images\/S\/aplus-media-library-service-media\/32dbedb8-6a9d-46cd-882c-dce72ff1457b.__CR0,0,300,225_PT0_SX300_V1___.jpg\"><img decoding=\"async\" alt=\"movil\" src=\"https:\/\/m.media-amazon.com\/images\/S\/aplus-media-library-service-media\/32dbedb8-6a9d-46cd-882c-dce72ff1457b.__CR0,0,300,225_PT0_SX300_V1___.jpg\">                                            Funda protectora resistente.                                         <\/p>\n<p class=\"aplus-p3\"> La funda de tel\u00e9fono incluida proporciona una protecci\u00f3n elegante con una sujeci\u00f3n segura y una resistencia superior a los ara\u00f1azos. <\/p>\n<p> Package Dimensions                                            \u200f                                            :                                            \u200e                                            18 x 9.4 x 3.4 cm; 380 g   <br \/> Manufacturer                                            \u200f                                            :                                            \u200e                                            VIVO   <br \/> ASIN                                            \u200f                                            :                                            \u200e                                            B0DZ6SMK76   <br \/> Item model number                                            \u200f                                            :                                            \u200e                                            Y19s   <br \/> Country\/Region of Origin                                            \u200f                                            :                                            \u200e                                            China   <br \/> Guaranteed software updates until                                            \u200f                                            :                                            \u200e                                            unknown   <br \/>  Customer reviews:                                                                                            4.0               4.0 out of 5 stars                                  (588)                                              var dpAcrHasRegisteredArcLinkClickAction;                    P.when(&#8216;A&#8217;, &#8216;ready&#8217;).execute(function(A) {                        if (dpAcrHasRegisteredArcLinkClickAction !== true) {                            dpAcrHasRegisteredArcLinkClickAction = true;                            A.declarative(                                &#8216;acrLink-click-metrics&#8217;, &#8216;click&#8217;,                                { \u00aballowLinkDefault\u00bb: true },                                function (event) {                                    if (window.ue) {                                        ue.count(\u00abacrLinkClickCount\u00bb, (ue.count(\u00abacrLinkClickCount\u00bb) || 0) + 1);                                    }                                }                            );                        }                    });                                             P.when(&#8216;A&#8217;, &#8216;cf&#8217;).execute(function(A) {                A.declarative(&#8216;acrStarsLink-click-metrics&#8217;, &#8216;click&#8217;, { \u00aballowLinkDefault\u00bb : true },  function(event){                    if(window.ue) {                        ue.count(\u00abacrStarsLinkWithPopoverClickCount\u00bb, (ue.count(\u00abacrStarsLinkWithPopoverClickCount\u00bb) || 0) + 1);                    }                });            });                          <\/p>\n<p>Next-level performance: Combined with 6GB + 6GB of extended RAM, enjoy seamless multitasking, latency-free gaming and lag-free switching between apps. Ample 128GB storage offers all the space you need for apps, media and memories, while optimized speed and efficiency ensure smooth all your tasks, whether you&#8217;re streaming, surfing, working or gaming.<br \/>PRO-LIKE PHOTOS: The 50MP HD rear lens captures stunning detail, day or night. Enhance your photos in low light with AI Night Mode and artistic filters, while AI Photo Enhancement and multi-style portraits automatically refine images or add a creative touch. From dawn to dusk, your gallery will be effortlessly Instagram-ready, ensuring every moment shines.<br \/>Cutting-edge design: Embrace elegance with a sleek, streamlined design that fuses futuristic style and comfort. Choose from the iridescent silver coating of Pearl Silver, which changes color under light for ethereal shine, or the texture of Glossy Black, which offers a sophisticated matte finish with an elegant diamond pattern. Enhanced by dynamic LED lighting effects, this mobile transcends the practical: it&#8217;s a bold style statement.<br \/>Built to last, built to last: In terms of endurance, the smartphone&#8217;s 5150mAh battery lets you enjoy series marathons, video games or work all day long. Recharge instantly with its 44W FlashCharge fast charge, reaching 50% in just 30 minutes; ready for all day breakfast in the morning. Designed to withstand everyday bumps or accidents, SGS impact drop resistance ensures drop resistance.<br \/>Immersive Entertainment: Immerse yourself in a cinema experience with the massive 6.68 inch, with a maximum brightness of 1000 nits for exceptional clarity even in sunlight. To complement the multimedia experience, the 300% volume amplifier and stereo speakers on the phone deliver cinema-quality sound, transforming every video, song or game into an electrifying experience.<\/p>\n\n","protected":false},"excerpt":{"rendered":"<p> Product Description 4 a\u00f1os de duraci\u00f3n \u00f3ptima de la bater\u00eda La bater\u00eda puede mantener un<\/p>","protected":false},"featured_media":32720,"comment_status":"open","ping_status":"closed","template":"","meta":[],"product_brand":[],"product_cat":[100],"product_tag":[700,9383,2470,1890,9381,391,1891,292,1896,5883,1893,681,561,298,1556,847,9382,9384,1892,1889,248,2231,3577,1275,1888,587,913,366,2827,1897,1894,1895,1588,256,9310,9380],"class_list":{"0":"post-32719","1":"product","2":"type-product","3":"status-publish","4":"has-post-thumbnail","6":"product_cat-smartphones","7":"product_tag-128gb","8":"product_tag-44w","9":"product_tag-50mp","10":"product_tag-5g-smartphones","11":"product_tag-66gb","12":"product_tag-android","13":"product_tag-android-phones","14":"product_tag-battery","15":"product_tag-best-smartphones","16":"product_tag-bright","17":"product_tag-budget-smartphones","18":"product_tag-camera","19":"product_tag-display","20":"product_tag-dual","21":"product_tag-dynamic","22":"product_tag-extended","23":"product_tag-flashcharge","24":"product_tag-ip64","25":"product_tag-iphone-smartphones","26":"product_tag-latest-smartphones","27":"product_tag-light","28":"product_tag-mah","29":"product_tag-main","30":"product_tag-mobile","31":"product_tag-mobile-phones","32":"product_tag-ram","33":"product_tag-rom","34":"product_tag-silver","35":"product_tag-sim","36":"product_tag-smartphone","37":"product_tag-smartphone-deals","38":"product_tag-smartphone-price","39":"product_tag-smartphones","40":"product_tag-super","41":"product_tag-vivo","42":"product_tag-y19s","44":"first","45":"instock","46":"shipping-taxable","47":"product-type-external"},"_links":{"self":[{"href":"https:\/\/comprasyconsejos.store\/en\/wp-json\/wp\/v2\/product\/32719","targetHints":{"allow":["GET"]}}],"collection":[{"href":"https:\/\/comprasyconsejos.store\/en\/wp-json\/wp\/v2\/product"}],"about":[{"href":"https:\/\/comprasyconsejos.store\/en\/wp-json\/wp\/v2\/types\/product"}],"replies":[{"embeddable":true,"href":"https:\/\/comprasyconsejos.store\/en\/wp-json\/wp\/v2\/comments?post=32719"}],"version-history":[{"count":0,"href":"https:\/\/comprasyconsejos.store\/en\/wp-json\/wp\/v2\/product\/32719\/revisions"}],"wp:featuredmedia":[{"embeddable":true,"href":"https:\/\/comprasyconsejos.store\/en\/wp-json\/wp\/v2\/media\/32720"}],"wp:attachment":[{"href":"https:\/\/comprasyconsejos.store\/en\/wp-json\/wp\/v2\/media?parent=32719"}],"wp:term":[{"taxonomy":"product_brand","embeddable":true,"href":"https:\/\/comprasyconsejos.store\/en\/wp-json\/wp\/v2\/product_brand?post=32719"},{"taxonomy":"product_cat","embeddable":true,"href":"https:\/\/comprasyconsejos.store\/en\/wp-json\/wp\/v2\/product_cat?post=32719"},{"taxonomy":"product_tag","embeddable":true,"href":"https:\/\/comprasyconsejos.store\/en\/wp-json\/wp\/v2\/product_tag?post=32719"}],"curies":[{"name":"wp","href":"https:\/\/api.w.org\/{rel}","templated":true}]}}