{"id":32754,"date":"2026-02-23T14:55:14","date_gmt":"2026-02-23T14:55:14","guid":{"rendered":"https:\/\/comprasyconsejos.store\/product\/mag-b650-tomahawk-wifi\/"},"modified":"2026-02-23T14:55:15","modified_gmt":"2026-02-23T14:55:15","slug":"mag-b650-tomahawk-wifi","status":"publish","type":"product","link":"https:\/\/comprasyconsejos.store\/en\/product\/mag-b650-tomahawk-wifi\/","title":{"rendered":"mag B650 Tomahawk WiFi"},"content":{"rendered":"<p>Price: <span style=\"color:#b12704\">\u20ac179.90<\/span><br \/><i><small>(as of Feb 23, 2026 14:55:14 UTC &#8211; <span class=\"wp_automatic_amazon_disclaimer\" title=\"Product prices and availability are accurate as of the date\/time indicated and are subject to change. Any price and availability information displayed on [relevant Amazon Site(s), as applicable] at the time of purchase will apply to the purchase of this product.\">Details<\/span>)<\/small><\/i><\/p>\n<p><a href=\"https:\/\/amazon.es\/dp\/B0BDS873GF?tag=man008-21\"><img decoding=\"async\" src=\"https:\/\/valvepress.s3.amazonaws.com\/imgs\/buy_now.png\"><\/a><br \/>\n<\/p>\n<p>                                             From the manufacturer   <\/p>\n<p>                                                  <img decoding=\"async\" alt=\"b\" src=\"https:\/\/images-na.ssl-images-amazon.com\/images\/G\/01\/x-locale\/common\/grey-pixel.gif\" class=\"a-lazy-loaded\" data-src=\"https:\/\/m.media-amazon.com\/images\/S\/aplus-media-library-service-media\/ffeb232b-66a5-48bb-9acb-c32ff2944313.__CR0,0,1940,600_PT0_SX970_V1___.png\"><img decoding=\"async\" alt=\"b\" src=\"https:\/\/m.media-amazon.com\/images\/S\/aplus-media-library-service-media\/ffeb232b-66a5-48bb-9acb-c32ff2944313.__CR0,0,1940,600_PT0_SX970_V1___.png\">  <\/p>\n<p>                                                      <img decoding=\"async\" alt=\"profile\" src=\"https:\/\/images-na.ssl-images-amazon.com\/images\/G\/01\/x-locale\/common\/grey-pixel.gif\" class=\"a-spacing-mini a-lazy-loaded\" data-src=\"https:\/\/m.media-amazon.com\/images\/S\/aplus-media-library-service-media\/85abf817-6431-4b30-96fe-6251c82f4c56.__CR0,0,600,800_PT0_SX300_V1___.png\"><img decoding=\"async\" alt=\"profile\" src=\"https:\/\/m.media-amazon.com\/images\/S\/aplus-media-library-service-media\/85abf817-6431-4b30-96fe-6251c82f4c56.__CR0,0,600,800_PT0_SX300_V1___.png\">  <\/p>\n<p>                                                              <img decoding=\"async\" alt=\"logo1\" src=\"https:\/\/images-na.ssl-images-amazon.com\/images\/G\/01\/x-locale\/common\/grey-pixel.gif\" class=\"a-spacing-mini a-lazy-loaded\" data-src=\"https:\/\/m.media-amazon.com\/images\/S\/aplus-media-library-service-media\/186b3a7e-05ac-488f-9633-94be1b812ce7.__CR0,0,1022,511_PT0_SX350_V1___.png\"><img decoding=\"async\" alt=\"logo1\" src=\"https:\/\/m.media-amazon.com\/images\/S\/aplus-media-library-service-media\/186b3a7e-05ac-488f-9633-94be1b812ce7.__CR0,0,1022,511_PT0_SX350_V1___.png\">                                          MSI: For Gamers &amp; Creators                                 <\/p>\n<p class=\"a-spacing-small a-size-small a-color-secondary\"> MSI es la marca de confianza para el Gaming y los eSports. Dedicamos innumerables horas y numerosos recursos para apoyar a los mejores   jugadores y aspirantes y, a cambio, utilizamos su conocimiento y   experiencia en nuestros productos. MSI integr\u00f3 todas las funciones   aspiracionales de los jugadores en sus equipos de juego y llev\u00f3 el   rendimiento m\u00e1s all\u00e1 de los l\u00edmites. <\/p>\n<h3 class=\"a-spacing-mini\"> MAG B650 TOMAHAWK WIFI <\/h3>\n<p>                                          Act\u00faa con Estilo                                     <\/p>\n<p class=\"a-spacing-base\"> La MAG B650 TOMAHAWK WIFI es una placa base ATX orientada al gaming y fabricada en torno al \u00faltimo chipset AMD B650 que combina valor con hardware de primera calidad. <\/p>\n<p>                                                          Compatible con procesadores AMD Ryzen 7000 (Zen 4, AM5)       Sistema de energ\u00eda 14 Duet Rail con  80A SPS       2 x PCI-e 4.0 x16 ranuras       4 x DDR5 DIMMs con Memory Boost: Dual Channel (128GB Max. \/ 6400MHz OC)       3 x Ranuras Lightning Gen4 M.2 (2 con Shield Frozr)       Audio de alto rendimiento USB de 8 canales (7.1) con Audio Boost 5       USB 3.2 Gen 2&#215;2 Type-C (20Gbps)       2.5G LAN, AMD Wi-Fi 6E &amp; Bluetooth 5.2      <\/p>\n<h3 class=\"a-spacing-small\"> B650 Chipset, 16 Duet Rail Power System, Refrigeraci\u00f3n Inteligente, 2 x Ranuras PCIe 4.0 x16  <\/h3>\n<p class=\"apm-text-center\">\n                                                      <img decoding=\"async\" alt=\"1\" src=\"https:\/\/images-na.ssl-images-amazon.com\/images\/G\/01\/x-locale\/common\/grey-pixel.gif\" class=\"a-lazy-loaded\" data-src=\"https:\/\/m.media-amazon.com\/images\/S\/aplus-media-library-service-media\/f8ae56a7-3aa5-4a6b-9aea-488e2c9d69a8.__CR0,0,2000,2000_PT0_SX220_V1___.jpeg\"><img decoding=\"async\" alt=\"1\" src=\"https:\/\/m.media-amazon.com\/images\/S\/aplus-media-library-service-media\/f8ae56a7-3aa5-4a6b-9aea-488e2c9d69a8.__CR0,0,2000,2000_PT0_SX220_V1___.jpeg\">  <\/p>\n<p>                                                    Compatible con los procesadores AMD Ryzen 7000                                     <\/p>\n<p class=\"a-size-small\"> La placa base MAG B650 TOMAHAWK WIFI es compatible con los procesadores AMD Ryzen 7000. <\/p>\n<p class=\"a-size-small\">\n<p>Factor de forma: ATXTipo de socket: AM5Chipset: AMD B650     <\/p>\n<p class=\"apm-text-center\">\n                                                      <img decoding=\"async\" alt=\"2\" src=\"https:\/\/images-na.ssl-images-amazon.com\/images\/G\/01\/x-locale\/common\/grey-pixel.gif\" class=\"a-lazy-loaded\" data-src=\"https:\/\/m.media-amazon.com\/images\/S\/aplus-media-library-service-media\/29a27cc5-247f-4a8f-af60-d55c6387a67c.__CR0,0,2000,2000_PT0_SX220_V1___.jpeg\"><img decoding=\"async\" alt=\"2\" src=\"https:\/\/m.media-amazon.com\/images\/S\/aplus-media-library-service-media\/29a27cc5-247f-4a8f-af60-d55c6387a67c.__CR0,0,2000,2000_PT0_SX220_V1___.jpeg\">  <\/p>\n<p>                                                    Caracter\u00edsticas de refrigeraci\u00f3n integradas                                     <\/p>\n<p class=\"a-size-small\"> Refrigeraci\u00f3n VRM: Cuenta con un disipador ampliado y almohadillas t\u00e9rmicas de 7W\/mK. <\/p>\n<p class=\"a-size-small\"> Refrigeraci\u00f3n de PCB: El dise\u00f1o del PCB de 6 capas de primera calidad con cobre de 2 onzas de grosor mejora la disipaci\u00f3n del calor y la fiabilidad. <\/p>\n<p class=\"a-size-small\"> Refrigeraci\u00f3n SSD: M.2 Shield Frozr evita el thermal throttling. <\/p>\n<p class=\"a-size-small\"> Refrigeraci\u00f3n del sistema: Conecta y sincroniza la refrigeraci\u00f3n con cabezales de clavijas estrat\u00e9gicamente colocados, incluido un cabezal de bomba-ventilador dedicado. <\/p>\n<p class=\"apm-text-center\">\n                                                      <img decoding=\"async\" alt=\"3\" src=\"https:\/\/images-na.ssl-images-amazon.com\/images\/G\/01\/x-locale\/common\/grey-pixel.gif\" class=\"a-lazy-loaded\" data-src=\"https:\/\/m.media-amazon.com\/images\/S\/aplus-media-library-service-media\/b15fd5cd-34d4-4f7f-af49-63e760eb27dc.__CR0,0,2000,2000_PT0_SX220_V1___.jpeg\"><img decoding=\"async\" alt=\"3\" src=\"https:\/\/m.media-amazon.com\/images\/S\/aplus-media-library-service-media\/b15fd5cd-34d4-4f7f-af49-63e760eb27dc.__CR0,0,2000,2000_PT0_SX220_V1___.jpeg\">  <\/p>\n<p>                                                    2 x Slots reforzados PCI-e 4.0 x16                                     <\/p>\n<p class=\"a-size-small\"> Las ranuras MSI PCI Express Steel Armor se fijan a la placa base con puntos de soldadura adicionales para soportar el peso de las tarjetas gr\u00e1ficas. Como cada ventaja en los juegos cuenta, Steel Armor tambi\u00e9n protege el punto de contacto de las interferencias electromagn\u00e9ticas: <\/p>\n<p class=\"a-size-small\"> 2 ranuras PCI-e 4.0\/3.0 x16* (principales con Steel Armor) <\/p>\n<p class=\"a-size-small\"> *Soporta x16\/x4 <\/p>\n<p class=\"apm-text-center\">\n                                                      <img decoding=\"async\" alt=\"4\" src=\"https:\/\/images-na.ssl-images-amazon.com\/images\/G\/01\/x-locale\/common\/grey-pixel.gif\" class=\"a-lazy-loaded\" data-src=\"https:\/\/m.media-amazon.com\/images\/S\/aplus-media-library-service-media\/8edd9460-4226-44d1-ac6a-b8c5ca01b69a.__CR0,0,2000,2000_PT0_SX220_V1___.jpeg\"><img decoding=\"async\" alt=\"4\" src=\"https:\/\/m.media-amazon.com\/images\/S\/aplus-media-library-service-media\/8edd9460-4226-44d1-ac6a-b8c5ca01b69a.__CR0,0,2000,2000_PT0_SX220_V1___.jpeg\">  <\/p>\n<p>                                                    Ranura PCI-e 4.0 x16 Reforzada                                     <\/p>\n<p class=\"a-size-small\"> Con su doble conector de alimentaci\u00f3n de 8 pines y la exclusiva tecnolog\u00eda Core Boost, la MAG B650 TOMAHAWK WIFI es capaz de soportar grandes cargas de energ\u00eda de la CPU (hasta 170W) para soportar los ajustes de juego m\u00e1s exigentes del sistema: <\/p>\n<p class=\"a-size-small\">\n<p>IC PWM digital Alimentaci\u00f3n de la CPU de 14 fases Duet-Rail (80A)Alimentaci\u00f3n del SOC de 2 fases      <\/p>\n<p class=\"a-size-small\"> Alimentaci\u00f3n MISC monof\u00e1sica <\/p>\n<h3 class=\"a-spacing-small\"> Rendimiento Memoria DDR5, Lightning Gen5 M.2, Sin Herramientas &#8216;Tool-Free&#8217; M.2 Shield Frozr, Conectividad Wi-Fi 6E <\/h3>\n<p class=\"apm-text-center\">\n                                                      <img decoding=\"async\" alt=\"5\" src=\"https:\/\/images-na.ssl-images-amazon.com\/images\/G\/01\/x-locale\/common\/grey-pixel.gif\" class=\"a-lazy-loaded\" data-src=\"https:\/\/m.media-amazon.com\/images\/S\/aplus-media-library-service-media\/963b2069-228e-4f05-ae1c-a16d328ce8d5.__CR0,0,2000,2000_PT0_SX220_V1___.jpeg\"><img decoding=\"async\" alt=\"5\" src=\"https:\/\/m.media-amazon.com\/images\/S\/aplus-media-library-service-media\/963b2069-228e-4f05-ae1c-a16d328ce8d5.__CR0,0,2000,2000_PT0_SX220_V1___.jpeg\">  <\/p>\n<p>                                                    4 x DDR5 Dual Channel (6400+ MHz Overclocked*)                                     <\/p>\n<p class=\"a-size-small\"> Refuerzo de la memoria: Un circuito DDR totalmente aislado ofrece se\u00f1ales de datos puras para un rendimiento \u00f3ptimo en juegos y overclocking. <\/p>\n<p class=\"a-size-small\"> Los perfiles de OC de la memoria en la BIOS de MSI se comprueban con MSI OC LAB y pueden activarse f\u00e1cilmente con ajustes de energ\u00eda autom\u00e1ticos para optimizar la velocidad y la estabilidad de la <\/p>\n<p class=\"a-size-small\"> memoria. <\/p>\n<p class=\"a-size-small\"> *1DPC 1R Tasa m\u00e1xima de overclocking 6400 MHz, soporta AMD EXPO. <\/p>\n<p class=\"apm-text-center\">\n                                                      <img decoding=\"async\" alt=\"6\" src=\"https:\/\/images-na.ssl-images-amazon.com\/images\/G\/01\/x-locale\/common\/grey-pixel.gif\" class=\"a-lazy-loaded\" data-src=\"https:\/\/m.media-amazon.com\/images\/S\/aplus-media-library-service-media\/b09b0111-b0c0-4252-8925-050c9fe51137.__CR0,0,2000,2000_PT0_SX220_V1___.jpeg\"><img decoding=\"async\" alt=\"6\" src=\"https:\/\/m.media-amazon.com\/images\/S\/aplus-media-library-service-media\/b09b0111-b0c0-4252-8925-050c9fe51137.__CR0,0,2000,2000_PT0_SX220_V1___.jpeg\">  <\/p>\n<p>                                                    Conectores Gen4 M.2                                     <\/p>\n<p class=\"a-size-small\"> La placa base MAG B650 TOMAHAWK WIFI cuenta con las \u00faltimas ranuras M.2 de MSI: <\/p>\n<p class=\"a-size-small\">\n<p>3 ranuras Gen4 x4 64Gb\/s3 ranuras Gen4 x4 64Gb\/s     <\/p>\n<p class=\"apm-text-center\">\n                                                      <img decoding=\"async\" alt=\"7\" src=\"https:\/\/images-na.ssl-images-amazon.com\/images\/G\/01\/x-locale\/common\/grey-pixel.gif\" class=\"a-lazy-loaded\" data-src=\"https:\/\/m.media-amazon.com\/images\/S\/aplus-media-library-service-media\/6480eb2b-2de6-427b-9593-ae908a59ce0a.__CR0,0,2000,2000_PT0_SX220_V1___.jpeg\"><img decoding=\"async\" alt=\"7\" src=\"https:\/\/m.media-amazon.com\/images\/S\/aplus-media-library-service-media\/6480eb2b-2de6-427b-9593-ae908a59ce0a.__CR0,0,2000,2000_PT0_SX220_V1___.jpeg\">  <\/p>\n<p>                                                    M.2 Shield Frozr                                     <\/p>\n<p class=\"a-size-small\"> Incluso las unidades SSD m\u00e1s r\u00e1pidas se ralentizan autom\u00e1ticamente si el firmware de thermal throttling detecta temperaturas excesivamente altas. <\/p>\n<p class=\"a-size-small\"> M.2 Shield Frozr es la soluci\u00f3n t\u00e9rmica m\u00e1s avanzada de MSI, que ofrece la mejor protecci\u00f3n posible para garantizar el m\u00e1ximo rendimiento de la velocidad de transferencia del SSD. <\/p>\n<p class=\"apm-text-center\">\n                                                      <img decoding=\"async\" alt=\"8\" src=\"https:\/\/images-na.ssl-images-amazon.com\/images\/G\/01\/x-locale\/common\/grey-pixel.gif\" class=\"a-lazy-loaded\" data-src=\"https:\/\/m.media-amazon.com\/images\/S\/aplus-media-library-service-media\/5e5dc129-f0e9-4210-87a7-29b43b374213.__CR0,0,2000,2000_PT0_SX220_V1___.jpeg\"><img decoding=\"async\" alt=\"8\" src=\"https:\/\/m.media-amazon.com\/images\/S\/aplus-media-library-service-media\/5e5dc129-f0e9-4210-87a7-29b43b374213.__CR0,0,2000,2000_PT0_SX220_V1___.jpeg\">  <\/p>\n<p>                                                    Wi-Fi 6E y Bluetooth 5.2                                     <\/p>\n<p class=\"a-size-small\"> LAN 2.5G: un controlador LAN Realtek RTL8125BG a 2,5 Gbps ofrece una experiencia de juego en red de primera calidad. <\/p>\n<p class=\"a-size-small\"> Wi-Fi 6E: cuenta con un m\u00f3dulo AMD Wi-Fi 6E (latencia ultrabaja y gran ancho de banda) y tecnolog\u00eda Bluetooth 5.2. <\/p>\n<p class=\"a-size-small\"> USB 3.2 Gen 2&#215;2 Tipo-C: Con\u00e9ctate a dispositivos y transfiere archivos a gran velocidad de ancho de banda: 20Gb\/s. <\/p>\n<p class=\"a-size-small\"> Audio USB: Audio USB de alto rendimiento de 7.1 canales con Audio Boost 5 y salida S\/PDIF. <\/p>\n<p>                                              <img decoding=\"async\" alt=\"\" src=\"https:\/\/m.media-amazon.com\/images\/S\/aplus-media-library-service-media\/14b31591-f520-4cb7-ac41-c042b1f5ce80.__CR0,0,450,900_PT0_SX150_V1___.png\" width=\"148.0px\"> <\/p>\n<p>                                              MPG B650I EDGE WIFI <\/p>\n<p>                                              <img decoding=\"async\" alt=\"\" src=\"https:\/\/m.media-amazon.com\/images\/S\/aplus-media-library-service-media\/30fb3d00-c4ea-4d13-8c9d-0964a8a59754.__CR0,0,450,900_PT0_SX150_V1___.png\" width=\"148.0px\"> <\/p>\n<p>                                              MPG B650 EDGE WIFI <\/p>\n<p>                                              <img decoding=\"async\" alt=\"\" src=\"https:\/\/m.media-amazon.com\/images\/S\/aplus-media-library-service-media\/20c0e908-5902-450c-b3da-44e653f8ba88.__CR0,0,450,900_PT0_SX150_V1___.png\" width=\"148.0px\"> <\/p>\n<p>                                              MPG B650 CARBON WIFI <\/p>\n<p>                             Customer Reviews  <\/p>\n<p>                    4.4 out of 5 stars  1,648  <\/p>\n<p>                    4.4 out of 5 stars  1,648  <\/p>\n<p>                \u2014                                   <\/p>\n<p>                \u2014                                   <\/p>\n<p>                \u2014            <\/p>\n<p>                             Serie MSI Gaming<br \/>\n                                MAG               MAG               MPG               MPG               MPG           <\/p>\n<p>                             Factor de Forma<br \/>\n                                Micro-ATX               ATX               Mini-ITX               ATX               ATX           <\/p>\n<p>                             VRM<br \/>\n                                12 Duet Rail Power System \/ 80A SPS               14 Duet Rail Power System \/ 80A SPS               8 Phase Direct CPU Power \/ 80A SPS               14 Duet Rail Power System \/ 80A SPS               16 Duet Rail Power System \/ 80A SPS           <\/p>\n<p>                             Ranuras DIMM<br \/>\n                                4 x DDR5 (6400+MHz\/OC)               4 x DDR5 (6400+MHz\/OC)               2 x DDR5 (6600+MHz\/OC)               4 x DDR5 (6600+MHz\/OC)               4 x DDR5 (6600+MHz\/OC)           <\/p>\n<p>                             Ranuras PCI-e x16<br \/>\n                                2 x 4.0               2 x 4.0               1 x 4.0               2 x 4.0               2 x 4.0           <\/p>\n<p>                             Ranuras M.2<br \/>\n                                2 x Gen4 x4               3 x Gen4 x4               2 x Gen4 x4               1 x Gen5 x4 \/ 2 x Gen4 x4               1 x Gen5 x4 \/ 3 x Gen4 x4           <\/p>\n<p>                             M.2 Shield Frozr<br \/>\n                                Un solo lado               Un solo lado               Un solo lado               1 x Doble cara \/ 3 x Un solo lado               1 x Doble cara \/ 3 x Un solo lado           <\/p>\n<p>                             Audio<br \/>\n                                8-Channel (7.1) HD Audio copn Audio Boost 5               8-Channel (7.1) HD Audio copn Audio Boost 5               8-Channel (7.1) USB High Performance Audio con Audio Boost 5               8-Channel (7.1) USB High Performance Audio con Audio Boost 5               8-Channel (7.1) USB High Performance Audio con Audio Boost 5           <\/p>\n<p>                             LAN<br \/>\n                                RTL8125BG 2.5G LAN               RTL8125BG 2.5G LAN               Realtek 2.5G LAN               RTL8125BG 2.5G LAN               RTL8125BG 2.5G LAN           <\/p>\n<p>                             WiFi &amp; Bluetooth<br \/>\n                                AMD Wi-Fi 6E module, Bluetooth 5.2               AMD Wi-Fi 6E module, Bluetooth 5.2               AMD Wi-Fi 6E module, Bluetooth 5.2               AMD Wi-Fi 6E module, Bluetooth 5.2               AMD Wi-Fi 6E module, Bluetooth 5.2           <\/p>\n<p> Batteries                                            \u200f                                            :                                            \u200e                                            1 Lithium Ion batteries required. (included)   <br \/> Product Dimensions                                            \u200f                                            :                                            \u200e                                            30.5 x 24.4 x 5 cm; 1 kg   <br \/> Manufacturer                                            \u200f                                            :                                            \u200e                                            MSI   <br \/> ASIN                                            \u200f                                            :                                            \u200e                                            B0BDS873GF   <br \/> Item model number                                            \u200f                                            :                                            \u200e                                            7D75-001R   <br \/> Guaranteed software updates until                                            \u200f                                            :                                            \u200e                                            unknown   <br \/>  Customer reviews:                                                                                            4.4               4.4 out of 5 stars                                  (2,212)                                              var dpAcrHasRegisteredArcLinkClickAction;                    P.when(&#8216;A&#8217;, &#8216;ready&#8217;).execute(function(A) {                        if (dpAcrHasRegisteredArcLinkClickAction !== true) {                            dpAcrHasRegisteredArcLinkClickAction = true;                            A.declarative(                                &#8216;acrLink-click-metrics&#8217;, &#8216;click&#8217;,                                { \u00aballowLinkDefault\u00bb: true },                                function (event) {                                    if (window.ue) {                                        ue.count(\u00abacrLinkClickCount\u00bb, (ue.count(\u00abacrLinkClickCount\u00bb) || 0) + 1);                                    }                                }                            );                        }                    });                                             P.when(&#8216;A&#8217;, &#8216;cf&#8217;).execute(function(A) {                A.declarative(&#8216;acrStarsLink-click-metrics&#8217;, &#8216;click&#8217;, { \u00aballowLinkDefault\u00bb : true },  function(event){                    if(window.ue) {                        ue.count(\u00abacrStarsLinkWithPopoverClickCount\u00bb, (ue.count(\u00abacrStarsLinkWithPopoverClickCount\u00bb) || 0) + 1);                    }                });            });                          <\/p>\n<p>POWERFUL VRM, RYZEN 7000 COMPATIBLE: The MAG B650 TOMAHAWK WIFI employs a 14+2-phase VRM Duet Rail Power System with 80A power stage for AMD B650 chipset (AM5, compatible with Ryzen 7000); Core Boost architecture supports overclocking<br \/>INTEGRATED COOLING &#8211; VRM cooling features 7W\/mK MOSFET thermal pads and an extended heat sink; additional cooling includes a chipset heatsink, M.2 Shield Frozr<br \/>DDR5 MEMORY, TWO PCI-E 4.0 x16 SLOTS: 4 DDR5 SMT DIMM slots allow extreme memory overclocking speeds (1DPC 1R, 6400+ MHz); 2 PCIe 4.0 x16 slots (64GB\/s) support graphics cards<br \/>M.2 TRIPLE CONNECTORS &#8211; Premium storage options consist of 3 x 64Gbps M.2 Gen4 x4 slots (2 with Shield Frozr) to prevent SSD thermal limitation<br \/>WI-FI 6E CONNECTIVITY: network hardware includes Wi-Fi 6E with Bluetooth 5.3 and 2.5Gbps LAN; rear ports include USB 3.2 Gen 2&#215;2 Type-C (20Gbps), HDMI 2.1, and USB 7.1 high-performance audio with Audio Boost 5 (supports S\/PDIF output)<\/p>\n\n","protected":false},"excerpt":{"rendered":"<p> From the manufacturer MSI: For Gamers &amp; Creators MSI es la marca de confianza para<\/p>","protected":false},"featured_media":32755,"comment_status":"open","ping_status":"closed","template":"","meta":[],"product_brand":[],"product_cat":[78],"product_tag":[1447,1444,1445,3777,1451,1449,1443,1448,429,1442,5172,543,1450,1446],"class_list":{"0":"post-32754","1":"product","2":"type-product","3":"status-publish","4":"has-post-thumbnail","6":"product_cat-motherboards","7":"product_tag-amd-motherboard","8":"product_tag-atx-motherboard","9":"product_tag-b550-motherboard","10":"product_tag-b650","11":"product_tag-best-motherboard","12":"product_tag-ddr5-motherboard","13":"product_tag-gaming-motherboard","14":"product_tag-intel-motherboard","15":"product_tag-mag","16":"product_tag-motherboard","17":"product_tag-tomahawk","18":"product_tag-wifi","19":"product_tag-wifi-motherboard","20":"product_tag-z790-motherboard","22":"first","23":"instock","24":"shipping-taxable","25":"product-type-external"},"_links":{"self":[{"href":"https:\/\/comprasyconsejos.store\/en\/wp-json\/wp\/v2\/product\/32754","targetHints":{"allow":["GET"]}}],"collection":[{"href":"https:\/\/comprasyconsejos.store\/en\/wp-json\/wp\/v2\/product"}],"about":[{"href":"https:\/\/comprasyconsejos.store\/en\/wp-json\/wp\/v2\/types\/product"}],"replies":[{"embeddable":true,"href":"https:\/\/comprasyconsejos.store\/en\/wp-json\/wp\/v2\/comments?post=32754"}],"version-history":[{"count":0,"href":"https:\/\/comprasyconsejos.store\/en\/wp-json\/wp\/v2\/product\/32754\/revisions"}],"wp:featuredmedia":[{"embeddable":true,"href":"https:\/\/comprasyconsejos.store\/en\/wp-json\/wp\/v2\/media\/32755"}],"wp:attachment":[{"href":"https:\/\/comprasyconsejos.store\/en\/wp-json\/wp\/v2\/media?parent=32754"}],"wp:term":[{"taxonomy":"product_brand","embeddable":true,"href":"https:\/\/comprasyconsejos.store\/en\/wp-json\/wp\/v2\/product_brand?post=32754"},{"taxonomy":"product_cat","embeddable":true,"href":"https:\/\/comprasyconsejos.store\/en\/wp-json\/wp\/v2\/product_cat?post=32754"},{"taxonomy":"product_tag","embeddable":true,"href":"https:\/\/comprasyconsejos.store\/en\/wp-json\/wp\/v2\/product_tag?post=32754"}],"curies":[{"name":"wp","href":"https:\/\/api.w.org\/{rel}","templated":true}]}}