{"id":32808,"date":"2026-02-23T17:09:59","date_gmt":"2026-02-23T17:09:59","guid":{"rendered":"https:\/\/comprasyconsejos.store\/product\/nipogi-am06pro-ryzen-5-7430u-w-11-pro-mini-pc-6c-12t-up-to-4-3ghz16gb-ddr4-512gb-m-2-ssd-mini-computer4k-triple-display-dphdmitype-cwifi-6-bt5-2-dual-lan-micro-pc-for-school-office\/"},"modified":"2026-02-23T17:10:03","modified_gmt":"2026-02-23T17:10:03","slug":"nipogi-am06pro-ryzen-5-7430u-w-11-pro-mini-pc-6c-12t-up-to-4-3ghz16gb-ddr4-512gb-m-2-ssd-mini-computer4k-triple-display-dphdmitype-cwifi-6-bt5-2-dual-lan-micro-pc-for-school-office","status":"publish","type":"product","link":"https:\/\/comprasyconsejos.store\/en\/product\/nipogi-am06pro-ryzen-5-7430u-w-11-pro-mini-pc-6c-12t-up-to-4-3ghz16gb-ddr4-512gb-m-2-ssd-mini-computer4k-triple-display-dphdmitype-cwifi-6-bt5-2-dual-lan-micro-pc-for-school-office\/","title":{"rendered":"NiPoGi AM06PRO Ryzen 5 7430U W-11 Pro Mini PC (6C\/12T, up to 4.3GHz),16GB DDR4 512GB M.2 SSD Mini Computer,4K Triple Display DP+HDMI+Type-C,WiFi 6\/BT5.2\/Dual LAN Micro PC for School\/Office"},"content":{"rendered":"<p>Price: <span style=\"color:#b12704\">\u20ac399.00<\/span><br \/><i><small>(as of Feb 23, 2026 17:10:00 UTC &#8211; <span class=\"wp_automatic_amazon_disclaimer\" title=\"Product prices and availability are accurate as of the date\/time indicated and are subject to change. Any price and availability information displayed on [relevant Amazon Site(s), as applicable] at the time of purchase will apply to the purchase of this product.\">Details<\/span>)<\/small><\/i><\/p>\n<p><a href=\"https:\/\/amazon.es\/dp\/B0BY25NQGP?tag=man008-21\"><img decoding=\"async\" src=\"https:\/\/valvepress.s3.amazonaws.com\/imgs\/buy_now.png\"><\/a><br \/>\n<\/p>\n<p>                                             Product Description   <\/p>\n<p>The video showcases the product in use.The video guides you through product setup.The video compares multiple products.The video shows the product being unpacked. mini pc ryzen 7 7430U Merchant video<\/p>\n<p>                                                                                                       <img decoding=\"async\" alt=\"El texto dice: \u00abAMD Ryzen 5 7430U\u00bb. La pantalla de especificaciones t\u00e9cnicas muestra los detalles del hardware del ordenador con varios paneles de informaci\u00f3n y m\u00e9tricas de rendimiento.\" src=\"https:\/\/images-na.ssl-images-amazon.com\/images\/G\/01\/x-locale\/common\/grey-pixel.gif\" class=\"a-lazy-loaded\" data-src=\"https:\/\/m.media-amazon.com\/images\/S\/aplus-media-library-service-media\/dc3bc03e-0d4f-4699-9d7f-14babdded51b.__CR0,0,1464,600_PT0_SX1464_V1___.jpg\"><img decoding=\"async\" alt=\"El texto dice: \u00abAMD Ryzen 5 7430U\u00bb. La pantalla de especificaciones t\u00e9cnicas muestra los detalles del hardware del ordenador con varios paneles de informaci\u00f3n y m\u00e9tricas de rendimiento.\" src=\"https:\/\/m.media-amazon.com\/images\/S\/aplus-media-library-service-media\/dc3bc03e-0d4f-4699-9d7f-14babdded51b.__CR0,0,1464,600_PT0_SX1464_V1___.jpg\">                                               <\/p>\n<p>                                                                                                       <img decoding=\"async\" alt=\"El texto dice \u00abAMD Ryzen 5 7430U\u00bb. Cartel publicitario que muestra el chip del procesador del ordenador con efectos de iluminaci\u00f3n de color rojo anaranjado y una pantalla de especificaciones t\u00e9cnicas.\" src=\"https:\/\/images-na.ssl-images-amazon.com\/images\/G\/01\/x-locale\/common\/grey-pixel.gif\" class=\"a-lazy-loaded\" data-src=\"https:\/\/m.media-amazon.com\/images\/S\/aplus-media-library-service-media\/e5348066-fa27-4119-b828-5771ddc1efcb.__CR0,0,1464,600_PT0_SX1464_V1___.jpg\"><img decoding=\"async\" alt=\"El texto dice \u00abAMD Ryzen 5 7430U\u00bb. Cartel publicitario que muestra el chip del procesador del ordenador con efectos de iluminaci\u00f3n de color rojo anaranjado y una pantalla de especificaciones t\u00e9cnicas.\" src=\"https:\/\/m.media-amazon.com\/images\/S\/aplus-media-library-service-media\/e5348066-fa27-4119-b828-5771ddc1efcb.__CR0,0,1464,600_PT0_SX1464_V1___.jpg\">                                               <\/p>\n<p>                                                                                                                <img decoding=\"async\" alt=\"en espa\u00f1ol que muestra la expansi\u00f3n del almacenamiento de dispositivos electr\u00f3nicos. Muestra las opciones de SSD, HDD y tarjetas SD con capacidades de almacenamiento\" src=\"https:\/\/m.media-amazon.com\/images\/S\/aplus-media-library-service-media\/6dd4e243-a8c3-4fd5-b97c-4b7af842eced.__CR0,0,1464,600_PT0_SX1464_V1___.jpg\">                                                    <img decoding=\"async\" alt=\"una pantalla de ordenador con un fondo azul y un fondo negro con un fondo azul y negro.\" src=\"https:\/\/m.media-amazon.com\/images\/S\/aplus-media-library-service-media\/2636184d-dcca-4c0c-a09a-7d0c9eae45b1.__CR0,0,1464,600_PT0_SX1464_V1___.jpg\">                                                    <img decoding=\"async\" alt=\"la mejor manera de conectarte a tu computadora\" src=\"https:\/\/m.media-amazon.com\/images\/S\/aplus-media-library-service-media\/d10949eb-9245-4ce8-b13a-25ab9fdb8214.__CR0,0,1464,600_PT0_SX1464_V1___.jpg\"><br \/>\n                            1 Memoria Ampliable <\/p>\n<p>                            2 Multitarea <\/p>\n<p>                            3 Rica Interfaz <\/p>\n<p>                                                                                                                <img decoding=\"async\" alt=\"un ordenador con una luz azul sobre una mesa de madera.\" src=\"https:\/\/m.media-amazon.com\/images\/S\/aplus-media-library-service-media\/1a9d4d47-48ae-4f7f-a0ef-fcab65d26782.__CR0,0,1464,600_PT0_SX1464_V1___.jpg\">                                                    <img decoding=\"async\" alt=\"un monitor de ordenador con la imagen de un guerrero en la pantalla\" src=\"https:\/\/m.media-amazon.com\/images\/S\/aplus-media-library-service-media\/858fbedd-0356-4a39-8eb0-435e6c7808e9.__CR0,0,1464,600_PT0_SX1464_V1___.jpg\">                                                    <img decoding=\"async\" alt=\"un monitor de ordenador y un teclado sobre un escritorio\" src=\"https:\/\/m.media-amazon.com\/images\/S\/aplus-media-library-service-media\/957e8280-54c1-4fff-b188-d3898fd71cd8.__CR0,0,1464,600_PT0_SX1464_V1___.jpg\"><br \/>\n                            1 WIFI 6 + BT 5.2 <\/p>\n<p>                            2 4K Video <\/p>\n<p>                            3 All-in-one PC <\/p>\n<p>                                                                                  <img decoding=\"async\" alt=\"personas sentadas en un sof\u00e1 de la sala de estar con el juego sony rx1000 en pantalla\" src=\"https:\/\/m.media-amazon.com\/images\/S\/aplus-media-library-service-media\/bfffdc9a-262b-4157-bfdc-780d1599c075.__CR0,0,1464,600_PT0_SX1464_V1___.jpg\">       <\/p>\n<p>                                                                                  <img decoding=\"async\" alt=\"de reuniones de negocios con una gran pantalla que muestra tablas y gr\u00e1ficos de datos azules en un entorno moderno de sala de conferencias.\" src=\"https:\/\/m.media-amazon.com\/images\/S\/aplus-media-library-service-media\/b4d2cd58-3f9f-4409-a82a-2054a0e7ab26.__CR0,0,1464,600_PT0_SX1464_V1___.jpg\">       <\/p>\n<p>                                                                                  <img decoding=\"async\" alt=\"un hombre con auriculares jugando a un juego en una computadora.\" src=\"https:\/\/m.media-amazon.com\/images\/S\/aplus-media-library-service-media\/f38597d5-ac7d-43e3-8f76-564885d2f10b.__CR0,0,1464,600_PT0_SX1464_V1___.jpg\">       <\/p>\n<p>                                                                                  <img decoding=\"async\" alt=\"un hombre sentado en un escritorio con dos pantallas de ordenador.\" src=\"https:\/\/m.media-amazon.com\/images\/S\/aplus-media-library-service-media\/91246bb7-0eba-44e5-9ed7-4c2c2cb39645.__CR0,0,1464,600_PT0_SX1464_V1___.jpg\">       <\/p>\n<h3 class=\"a-text-center aplus-h1 a-text-bold\"> Comparaci\u00f3n de la familia NiPoGi, elija la mini PC que necesita ! <\/h3>\n<p>                         Add To Basket  <\/p>\n<p>                         Add To Basket  <\/p>\n<p>                         Add To Basket  <\/p>\n<p>                         Add To Basket  <\/p>\n<p>                         Add To Basket  <\/p>\n<p>                         Add To Basket  <\/p>\n<p>                         Add To Basket  <\/p>\n<p>                                     Customer Reviews  <\/p>\n<p>                    4.4 out of 5 stars  451  <\/p>\n<p>                    4.4 out of 5 stars  451  <\/p>\n<p>                    4.4 out of 5 stars  418  <\/p>\n<p>                    4.4 out of 5 stars  418  <\/p>\n<p>                    4.4 out of 5 stars  1,137  <\/p>\n<p>                    4.3 out of 5 stars  670  <\/p>\n<p>                    4.4 out of 5 stars  79  <\/p>\n<p>                                     Price  <\/p>\n<p>                                                        \u20ac459.90\u20ac459.90     <\/p>\n<p>                                                        \u20ac599.99\u20ac599.99     <\/p>\n<p>                                                        \u20ac419.90\u20ac419.90     <\/p>\n<p>                                                        \u20ac599.99\u20ac599.99     <\/p>\n<p>                                                        \u20ac279.91\u20ac279.91     <\/p>\n<p>                                                        \u20ac339.00\u20ac339.00     <\/p>\n<p>                                                        \u20ac799.99\u20ac799.99     <\/p>\n<p>                                     CPU  <\/p>\n<p>                                                \u0391MD Ryzen 7 7730U     <\/p>\n<p>                                                \u0391MD Ryzen 7 7730U     <\/p>\n<p>                                                \u0399ntel Core i5 12600H    <\/p>\n<p>                                                \u0399ntel Core i5 12600H    <\/p>\n<p>                                                AMD Ryzen 4300U    <\/p>\n<p>                                                AMD Ryzen 3300U    <\/p>\n<p>                                                \u0399ntel Core i9-11900H    <\/p>\n<p>                                     GPU  <\/p>\n<p>                                                \u0391MD Radeon RX Vega 8 2000MHz    <\/p>\n<p>                                                \u0391MD Radeon RX Vega 8 1900MHz    <\/p>\n<p>                                                \u0399ntel Iris Xe Graphics 1.4GHz    <\/p>\n<p>                                                \u0399ntel Iris Xe Graphics 1.4GHz    <\/p>\n<p>                                                AMD Radeon Graphics 1400MHz    <\/p>\n<p>                                                AMD Radeon Graphics 1200MHz    <\/p>\n<p>                                                 \u0399ntel UHD Graphics 1.45GHz    <\/p>\n<p>                                     Memoria\/ RAM  <\/p>\n<p>                                                16GB RAM DDR4    <\/p>\n<p>                                                32GB DDR4 Dual Channel    <\/p>\n<p>                                                16GB DDR4 RAM    <\/p>\n<p>                                                32GB DDR4 Dual Channel    <\/p>\n<p>                                                16GB RAM DDR4    <\/p>\n<p>                                                16GB RAM DDR4    <\/p>\n<p>                                                32GB RAM DDR4    <\/p>\n<p>                                     Disco Duro\/ ROM  <\/p>\n<p>                                                512GB M.2 2280 SSD    <\/p>\n<p>                                                1TB M.2 2280 SSD    <\/p>\n<p>                                                512GB M.2 NVMe PCle3.0 SSD     <\/p>\n<p>                                                1TB M.2 NVMe PCle3.0 SSD     <\/p>\n<p>                                                512GB M.2 SSD    <\/p>\n<p>                                                512GB M.2 SSD    <\/p>\n<p>                                                1TB M.2 NVMe PCle3.0 SSD     <\/p>\n<p>                                     Referencia de Frecuencia  <\/p>\n<p>                                                hasta 4,50 GHz    <\/p>\n<p>                                                hasta 4,50 GHz    <\/p>\n<p>                                                hasta 4,50 GHz    <\/p>\n<p>                                                hasta 4,50 GHz    <\/p>\n<p>                                                hasta 3,70 GHz    <\/p>\n<p>                                                hasta 3,50 GHz    <\/p>\n<p>                                                hasta 4,90 GHz    <\/p>\n<p>                                     4K V\u00eddeo  <\/p>\n<p>                                                1X DP +1x HMDI +Type-C    <\/p>\n<p>                                                1X DP +1x HMDI +Type-C    <\/p>\n<p>                                                2x HDMI + 1x VGA    <\/p>\n<p>                                                2x HDMI + 1x VGA    <\/p>\n<p>                                                HDMI 2.0 + DP1.4 + Type C    <\/p>\n<p>                                                HDMI 2.0 + DP1.4 + Type C    <\/p>\n<p>                                                HDMI 2.0 + DP 1.4 + Type-C    <\/p>\n<p>                                     WiFi\/Bluetooth  <\/p>\n<p>                                                WiFi 6 + BT 5.2    <\/p>\n<p>                                                WiFi 6 + BT 5.2    <\/p>\n<p>                                                WiFi 6 + BT 5.2    <\/p>\n<p>                                                WiFi 6 + BT 5.2    <\/p>\n<p>                                                WiFi 5 + BT 4.2    <\/p>\n<p>                                                WiFi 5 + BT 4.2    <\/p>\n<p>                                                WiFi 6 + BT 5.2    <\/p>\n<p>                                     Tipo de Interfaz  <\/p>\n<p>                                                2x USB 3.2+2x USB 2.0+Type C    <\/p>\n<p>                                                2x USB 3.2+2x USB 2.0+Type C    <\/p>\n<p>                                                4x USB 3.2 + Type C    <\/p>\n<p>                                                4x USB 3.2 + Type C    <\/p>\n<p>                                                6x USB 3.2 + Type C    <\/p>\n<p>                                                6x USB 3.2 + Type C    <\/p>\n<p>                                                4x USB 3.2 + Type C    <\/p>\n<p>                                     Gigabit Ethernet  <\/p>\n<p>                                                    \u2714       <\/p>\n<p>                                                    \u2714       <\/p>\n<p>                                                    \u2714       <\/p>\n<p>                                                    \u2714       <\/p>\n<p>                                                    \u2714       <\/p>\n<p>                                                    \u2714       <\/p>\n<p>                                                    \u2714       <\/p>\n<p>                                     Wake On LAN  <\/p>\n<p>                                                    \u2714       <\/p>\n<p>                                                    \u2714       <\/p>\n<p>                                                    \u2714       <\/p>\n<p>                                                    \u2714       <\/p>\n<p>                                                    \u2714       <\/p>\n<p>                                                    \u2714       <\/p>\n<p>                                                    \u2714       <\/p>\n<p> Product Dimensions                                            \u200f                                            :                                            \u200e                                            14 x 14 x 4.5 cm; 500 g   <br \/> Manufacturer                                            \u200f                                            :                                            \u200e                                            NiPoGi   <br \/> ASIN                                            \u200f                                            :                                            \u200e                                            B0BY25NQGP   <br \/> Item model number                                            \u200f                                            :                                            \u200e                                            AM06PRO   <br \/> Guaranteed software updates until                                            \u200f                                            :                                            \u200e                                            unknown   <br \/>  Customer reviews:                                                                                            4.4               4.4 out of 5 stars                                  (451)                                              var dpAcrHasRegisteredArcLinkClickAction;                    P.when(&#8216;A&#8217;, &#8216;ready&#8217;).execute(function(A) {                        if (dpAcrHasRegisteredArcLinkClickAction !== true) {                            dpAcrHasRegisteredArcLinkClickAction = true;                            A.declarative(                                &#8216;acrLink-click-metrics&#8217;, &#8216;click&#8217;,                                { \u00aballowLinkDefault\u00bb: true },                                function (event) {                                    if (window.ue) {                                        ue.count(\u00abacrLinkClickCount\u00bb, (ue.count(\u00abacrLinkClickCount\u00bb) || 0) + 1);                                    }                                }                            );                        }                    });                                             P.when(&#8216;A&#8217;, &#8216;cf&#8217;).execute(function(A) {                A.declarative(&#8216;acrStarsLink-click-metrics&#8217;, &#8216;click&#8217;, { \u00aballowLinkDefault\u00bb : true },  function(event){                    if(window.ue) {                        ue.count(\u00abacrStarsLinkWithPopoverClickCount\u00bb, (ue.count(\u00abacrStarsLinkWithPopoverClickCount\u00bb) || 0) + 1);                    }                });            });                          <\/p>\n<p>\u3010AMD Ryzen 5 7430U, Super Improvement\u3011 The mini pc with pre-installed W-11 Pro operating system, is equipped with the AMD Ryzen 5 7430U (6C\/12T, up to 4.5GHz), which offers excellent multitasking capabilities and ultra-fast response times. Easily manage daily office work, streaming, and even creative needs. Zen 3 architecture and 15W energy-efficient design deliver powerful performance while achieving ultra-low power consumption.<br \/>\u301016GB DDR4 + 512GB M.2 SSD,Flexible Expansion\u3011The AM06PRO mini computer has 16GB DDR4 RAM, expandable up to a maximum of 64GB (2x 32GB) and 512GB M.2 SSD 2280 (expandable to a maximum of 2TB), this mini computer has a powerful charging function and ensures that your data is loaded. quickly and efficient. In addition, it supports external SSD\/HDD expansion up to 2TB 2.5&#8243;, allowing you to accommodate system files and more games.<br \/>\u3010WIFI 6 and Dual Lan,Faster and Stable\u3011802.11ax dual-band WiFi 6, built-in 2.4G + 5G, the maximum transfer speed is about three times faster than WiFi 5, which supports faster and more stable data transmission without delay. With Bluetooth 5.2 you can connect multiple devices wirelessly. Equipped with dual gigabit LAN, it has more configuration options, such as: B. firewall, server, etc. Also great for home visual entertainment, HTPC.<br \/>\u30104K Triple Display &#038; Type-C\u3011AM06PRO Experience the performance of the triple display with 4K HD output capability through HDMI, DP and Type-C ports, all powered by the powerful \u0410MD Radeon 7-core graphics at 1800MHz. Whether you&#8217;re surfing the Internet, using Microsoft Office, or running demanding Adobe PR and PS applications, the Mini PC is able to deliver excellent image quality and easily improve your work efficiency and gaming experience.<br \/>\u3010Rich Interfaces, Adapt to Your Needs\u3011The NiPoGi AM06 PRO mini pc ryzen 5 7430U is fully equipped with 2 Gigabit RJ45 Ethernet ports, 1 DP port, 1 HDMI 2.0, 2 USB 3.0 ports, 2 USB 2.0 ports, 1 3.5 mm audio jack and 1 USB 3.2 Gen port. 2 Type-C Easily connect to servers, monitoring devices, office equipment, displays, projectors, printers, and other multimedia and business devices. Perfectly compatible with your various needs.<br \/>\u3010Why NiPoGi\u3011W-11 Pro is pre-installed and also supports Wake On LAN, RTC Wake, and Auto Power On functions. The NiPoGi Mini PC is small and exquisite and can be stored in a bag and taken with you at any time, ideal for business trips. NiPoGi AM06PRO includes 1 x 7430U mini PC, 1 x power adapter, 1 x VESA mount, 1 x user manual, 1 x HDMI cable, 1 year of quality customer service, and 24\/7 professional customer service.<\/p>\n\n","protected":false},"excerpt":{"rendered":"<p> Product Description The video showcases the product in use.The video guides you through product setup.The<\/p>","protected":false},"featured_media":32809,"comment_status":"open","ping_status":"closed","template":"","meta":[],"product_brand":[],"product_cat":[91],"product_tag":[9395,536,9398,641,640,6756,803,801,805,9396,535,800,561,9397,791,1119,1424,215,9007,808,799,806,163,807,531,9399,802,513,904,1214,804],"class_list":{"0":"post-32808","1":"product","2":"type-product","3":"status-publish","4":"has-post-thumbnail","6":"product_cat-office-pcs","7":"product_tag-4-3ghz16gb","8":"product_tag-512gb","9":"product_tag-6bt5-2dual","10":"product_tag-6c12t","11":"product_tag-7430u","12":"product_tag-am06pro","13":"product_tag-budget-office-pc","14":"product_tag-business-desktop-pc","15":"product_tag-compact-desktop-pc","16":"product_tag-computer4k","17":"product_tag-ddr4","18":"product_tag-desktop-computer-for-office","19":"product_tag-display","20":"product_tag-dphdmitypecwifi","21":"product_tag-lan","22":"product_tag-m-2","23":"product_tag-micro","24":"product_tag-mini","25":"product_tag-nipogi","26":"product_tag-office-computer-setup","27":"product_tag-office-pc","28":"product_tag-office-pc-ssd","29":"product_tag-pro","30":"product_tag-reliable-office-pc","31":"product_tag-ryzen","32":"product_tag-schooloffice","33":"product_tag-small-office-pc","34":"product_tag-ssd","35":"product_tag-triple","36":"product_tag-w11","37":"product_tag-windows-office-pc","39":"first","40":"instock","41":"shipping-taxable","42":"product-type-external"},"_links":{"self":[{"href":"https:\/\/comprasyconsejos.store\/en\/wp-json\/wp\/v2\/product\/32808","targetHints":{"allow":["GET"]}}],"collection":[{"href":"https:\/\/comprasyconsejos.store\/en\/wp-json\/wp\/v2\/product"}],"about":[{"href":"https:\/\/comprasyconsejos.store\/en\/wp-json\/wp\/v2\/types\/product"}],"replies":[{"embeddable":true,"href":"https:\/\/comprasyconsejos.store\/en\/wp-json\/wp\/v2\/comments?post=32808"}],"version-history":[{"count":0,"href":"https:\/\/comprasyconsejos.store\/en\/wp-json\/wp\/v2\/product\/32808\/revisions"}],"wp:featuredmedia":[{"embeddable":true,"href":"https:\/\/comprasyconsejos.store\/en\/wp-json\/wp\/v2\/media\/32809"}],"wp:attachment":[{"href":"https:\/\/comprasyconsejos.store\/en\/wp-json\/wp\/v2\/media?parent=32808"}],"wp:term":[{"taxonomy":"product_brand","embeddable":true,"href":"https:\/\/comprasyconsejos.store\/en\/wp-json\/wp\/v2\/product_brand?post=32808"},{"taxonomy":"product_cat","embeddable":true,"href":"https:\/\/comprasyconsejos.store\/en\/wp-json\/wp\/v2\/product_cat?post=32808"},{"taxonomy":"product_tag","embeddable":true,"href":"https:\/\/comprasyconsejos.store\/en\/wp-json\/wp\/v2\/product_tag?post=32808"}],"curies":[{"name":"wp","href":"https:\/\/api.w.org\/{rel}","templated":true}]}}