{"id":32837,"date":"2026-02-23T17:49:20","date_gmt":"2026-02-23T17:49:20","guid":{"rendered":"https:\/\/comprasyconsejos.store\/product\/dreamfyre-amd-ryzen-5-3500u-laptop-computer-16gb-ddr4-512gb-ssd-laptop-pc-graphics-integrated-amd-laptop-pc-with-support-touch-id-2-4-5g-wifi-bluetooth-usb-3-0-2-mini-hdmi1\/"},"modified":"2026-02-23T17:49:28","modified_gmt":"2026-02-23T17:49:28","slug":"dreamfyre-amd-ryzen-5-3500u-laptop-computer-16gb-ddr4-512gb-ssd-laptop-pc-graphics-integrated-amd-laptop-pc-with-support-touch-id-2-4-5g-wifi-bluetooth-usb-3-0-2-mini-hdmi1","status":"publish","type":"product","link":"https:\/\/comprasyconsejos.store\/en\/product\/dreamfyre-amd-ryzen-5-3500u-laptop-computer-16gb-ddr4-512gb-ssd-laptop-pc-graphics-integrated-amd-laptop-pc-with-support-touch-id-2-4-5g-wifi-bluetooth-usb-3-0-2-mini-hdmi1\/","title":{"rendered":"DREAMFYRE AMD Ryzen 5 3500U Laptop Computer 16GB DDR4 512GB SSD, Laptop PC Graphics Integrated AMD Laptop PC with Support Touch ID 2.4\/5G WiFi Bluetooth USB 3.0 *2, Mini HDMI*1"},"content":{"rendered":"<p>Price: <span style=\"color:#b12704\">\u20ac339.00<\/span><br \/><i><small>(as of Feb 23, 2026 17:49:20 UTC &#8211; <span class=\"wp_automatic_amazon_disclaimer\" title=\"Product prices and availability are accurate as of the date\/time indicated and are subject to change. Any price and availability information displayed on [relevant Amazon Site(s), as applicable] at the time of purchase will apply to the purchase of this product.\">Details<\/span>)<\/small><\/i><\/p>\n<p><a href=\"https:\/\/amazon.es\/dp\/B0F6K86872?tag=man008-21\"><img decoding=\"async\" src=\"https:\/\/valvepress.s3.amazonaws.com\/imgs\/buy_now.png\"><\/a><br \/>\n<\/p>\n<p>                                             Product Description   <\/p>\n<p>                                                                                                       <img decoding=\"async\" alt=\"el logotipo rgb zx3000 en la parte posterior del\" src=\"https:\/\/images-na.ssl-images-amazon.com\/images\/G\/01\/x-locale\/common\/grey-pixel.gif\" class=\"a-lazy-loaded\" data-src=\"https:\/\/m.media-amazon.com\/images\/S\/aplus-media-library-service-media\/0d16151e-6316-47ff-a228-367263acfbc1.__CR0,0,1464,600_PT0_SX1464_V1___.jpg\"><img decoding=\"async\" alt=\"el logotipo rgb zx3000 en la parte posterior del\" src=\"https:\/\/m.media-amazon.com\/images\/S\/aplus-media-library-service-media\/0d16151e-6316-47ff-a228-367263acfbc1.__CR0,0,1464,600_PT0_SX1464_V1___.jpg\">                                               <\/p>\n<p>                                                                                                       <img decoding=\"async\" alt=\"un port\u00e1til con un brillo morado y una pantalla morada con varios gr\u00e1ficos diferentes en la pantalla.\" src=\"https:\/\/images-na.ssl-images-amazon.com\/images\/G\/01\/x-locale\/common\/grey-pixel.gif\" class=\"a-lazy-loaded\" data-src=\"https:\/\/m.media-amazon.com\/images\/S\/aplus-media-library-service-media\/61f9cc97-9021-42d2-81d0-5d185825a3e7.__CR0,0,1464,600_PT0_SX1464_V1___.jpg\"><img decoding=\"async\" alt=\"un port\u00e1til con un brillo morado y una pantalla morada con varios gr\u00e1ficos diferentes en la pantalla.\" src=\"https:\/\/m.media-amazon.com\/images\/S\/aplus-media-library-service-media\/61f9cc97-9021-42d2-81d0-5d185825a3e7.__CR0,0,1464,600_PT0_SX1464_V1___.jpg\">                                               <\/p>\n<p>                                                                                                       <img decoding=\"async\" alt=\"con un dise\u00f1o de alta tecnolog\u00eda\" src=\"https:\/\/images-na.ssl-images-amazon.com\/images\/G\/01\/x-locale\/common\/grey-pixel.gif\" class=\"a-lazy-loaded\" data-src=\"https:\/\/m.media-amazon.com\/images\/S\/aplus-media-library-service-media\/ebc910e9-255d-4047-880e-8e3e9c4781f3.__CR0,0,1464,600_PT0_SX1464_V1___.jpg\"><img decoding=\"async\" alt=\"con un dise\u00f1o de alta tecnolog\u00eda\" src=\"https:\/\/m.media-amazon.com\/images\/S\/aplus-media-library-service-media\/ebc910e9-255d-4047-880e-8e3e9c4781f3.__CR0,0,1464,600_PT0_SX1464_V1___.jpg\">                                               <\/p>\n<p>                                                                                                       <img decoding=\"async\" alt=\": las mejores computadoras port\u00e1tiles para 2019\" src=\"https:\/\/images-na.ssl-images-amazon.com\/images\/G\/01\/x-locale\/common\/grey-pixel.gif\" class=\"a-lazy-loaded\" data-src=\"https:\/\/m.media-amazon.com\/images\/S\/aplus-media-library-service-media\/36591a38-a7ed-43a9-9cf7-68bcf3da9290.__CR0,0,1464,600_PT0_SX1464_V1___.jpg\"><img decoding=\"async\" alt=\": las mejores computadoras port\u00e1tiles para 2019\" src=\"https:\/\/m.media-amazon.com\/images\/S\/aplus-media-library-service-media\/36591a38-a7ed-43a9-9cf7-68bcf3da9290.__CR0,0,1464,600_PT0_SX1464_V1___.jpg\">                                               <\/p>\n<p>                                                                                                       <img decoding=\"async\" alt=\"con conectividad WiFi 5 y Bluetooth 4.2, que promueve la libertad inal\u00e1mbrica y conexiones r\u00e1pidas y estables. El dispositivo gris oscuro se muestra desde un \u00e1ngulo lateral.\" src=\"https:\/\/images-na.ssl-images-amazon.com\/images\/G\/01\/x-locale\/common\/grey-pixel.gif\" class=\"a-lazy-loaded\" data-src=\"https:\/\/m.media-amazon.com\/images\/S\/aplus-media-library-service-media\/2ad49f8b-684f-452a-ac4e-1435fa79855c.__CR0,0,1464,600_PT0_SX1464_V1___.jpg\"><img decoding=\"async\" alt=\"con conectividad WiFi 5 y Bluetooth 4.2, que promueve la libertad inal\u00e1mbrica y conexiones r\u00e1pidas y estables. El dispositivo gris oscuro se muestra desde un \u00e1ngulo lateral.\" src=\"https:\/\/m.media-amazon.com\/images\/S\/aplus-media-library-service-media\/2ad49f8b-684f-452a-ac4e-1435fa79855c.__CR0,0,1464,600_PT0_SX1464_V1___.jpg\">                                               <\/p>\n<p> Batteries                                            \u200f                                            :                                            \u200e                                            1 9V batteries required. (included)   <br \/> Product Dimensions                                            \u200f                                            :                                            \u200e                                            35.7 x 26.7 x 2 cm; 2.43 kg   <br \/> Manufacturer                                            \u200f                                            :                                            \u200e                                            Shenzhen CYX Industrial Co., Ltd   <br \/> ASIN                                            \u200f                                            :                                            \u200e                                            B0F6K86872   <br \/> Item model number                                            \u200f                                            :                                            \u200e                                            ANL5-3500U   <br \/> Country of origin                                            \u200f                                            :                                            \u200e                                            China   <br \/> Guaranteed software updates until                                            \u200f                                            :                                            \u200e                                            unknown   <br \/>  Customer reviews:                                                                                            4.1               4.1 out of 5 stars                                  (56)                                              var dpAcrHasRegisteredArcLinkClickAction;                    P.when(&#8216;A&#8217;, &#8216;ready&#8217;).execute(function(A) {                        if (dpAcrHasRegisteredArcLinkClickAction !== true) {                            dpAcrHasRegisteredArcLinkClickAction = true;                            A.declarative(                                &#8216;acrLink-click-metrics&#8217;, &#8216;click&#8217;,                                { \u00aballowLinkDefault\u00bb: true },                                function (event) {                                    if (window.ue) {                                        ue.count(\u00abacrLinkClickCount\u00bb, (ue.count(\u00abacrLinkClickCount\u00bb) || 0) + 1);                                    }                                }                            );                        }                    });                                             P.when(&#8216;A&#8217;, &#8216;cf&#8217;).execute(function(A) {                A.declarative(&#8216;acrStarsLink-click-metrics&#8217;, &#8216;click&#8217;, { \u00aballowLinkDefault\u00bb : true },  function(event){                    if(window.ue) {                        ue.count(\u00abacrStarsLinkWithPopoverClickCount\u00bb, (ue.count(\u00abacrStarsLinkWithPopoverClickCount\u00bb) || 0) + 1);                    }                });            });                          <\/p>\n<p>\u3010High-performance AMD ryzen processors\u3011Laptop PC equipped with a high-performance AMD ryzen 5 3500u processor (4c 8T, up to 3.7GHz) based on zen+ architecture, anl5 laptop delivers powerful computing power and effectively manages the demanding applications that users can perform for various tasks.<br \/>\u3010Sufficient Storage Space\u3011Laptop PC equipped with 16GB RAM and 512GB SSD, the laptop can read data and run faster when running multiple applications simultaneously. It offers fast and fast storage of documents, media files, and data, making it ideal for business laptops, school laptops or personal computers.<br \/>\u301015.6 inch Full HD 1920 x 1080\u3011Anl5 laptop is equipped with high color gamut, high resolution, 16:9 aspect ratio and narrow frame, vivid color anti-glare screen and clear vision, ideal for long-term computer users.<br \/>\u3010Enhanced Connectivity\u3011 With WiFi and Bluetooth, this laptop offers ultra-fast internet speeds and perfect connectivity for streaming, browsing and connecting devices. Stay connected and productive with wireless technology. Transfer photos, videos, music and documents between your PC and your phone without sophisticated cloud storage or bulky cables.<br \/>\u3010Multi Design\u3011Interface and Security:This laptop has many ports, including 2 USB 3.0 ports, 1 HDMI, 1 TF card slot for efficient and convenient connection to an external projector or headset. Full-size backlit numeric keypad and large touchpad make typing in dark environments easy. This laptop also includes a front webcam, touch ID fingerprint unlock to ensure privacy and security.<\/p>\n\n","protected":false},"excerpt":{"rendered":"<p> Product Description Batteries \u200f : \u200e 1 9V batteries required. (included) Product Dimensions \u200f :<\/p>","protected":false},"featured_media":32838,"comment_status":"open","ping_status":"closed","template":"","meta":[],"product_brand":[],"product_cat":[87],"product_tag":[509,1620,5828,536,530,557,726,555,539,535,9409,644,9410,2258,159,550,556,215,554,531,549,513,1098,515,548,552,553,551,133,543],"class_list":{"0":"post-32837","1":"product","2":"type-product","3":"status-publish","4":"has-post-thumbnail","6":"product_cat-ultrabook","7":"product_tag-16gb","8":"product_tag-2-45g","9":"product_tag-3500u","10":"product_tag-512gb","11":"product_tag-amd","12":"product_tag-best-ultrabook","13":"product_tag-bluetooth","14":"product_tag-business-ultrabook","15":"product_tag-computer","16":"product_tag-ddr4","17":"product_tag-dreamfyre","18":"product_tag-graphics","19":"product_tag-hdmi1","20":"product_tag-integrated","21":"product_tag-laptop","22":"product_tag-lightweight-ultrabook","23":"product_tag-long-battery-ultrabook","24":"product_tag-mini","25":"product_tag-premium-ultrabook","26":"product_tag-ryzen","27":"product_tag-slim-ultrabook","28":"product_tag-ssd","29":"product_tag-support","30":"product_tag-touch","31":"product_tag-ultrabook","32":"product_tag-ultrabook-14-inch","33":"product_tag-ultrabook-i7","34":"product_tag-ultrabook-with-ssd","35":"product_tag-usb","36":"product_tag-wifi","38":"first","39":"instock","40":"shipping-taxable","41":"product-type-external"},"_links":{"self":[{"href":"https:\/\/comprasyconsejos.store\/en\/wp-json\/wp\/v2\/product\/32837","targetHints":{"allow":["GET"]}}],"collection":[{"href":"https:\/\/comprasyconsejos.store\/en\/wp-json\/wp\/v2\/product"}],"about":[{"href":"https:\/\/comprasyconsejos.store\/en\/wp-json\/wp\/v2\/types\/product"}],"replies":[{"embeddable":true,"href":"https:\/\/comprasyconsejos.store\/en\/wp-json\/wp\/v2\/comments?post=32837"}],"version-history":[{"count":0,"href":"https:\/\/comprasyconsejos.store\/en\/wp-json\/wp\/v2\/product\/32837\/revisions"}],"wp:featuredmedia":[{"embeddable":true,"href":"https:\/\/comprasyconsejos.store\/en\/wp-json\/wp\/v2\/media\/32838"}],"wp:attachment":[{"href":"https:\/\/comprasyconsejos.store\/en\/wp-json\/wp\/v2\/media?parent=32837"}],"wp:term":[{"taxonomy":"product_brand","embeddable":true,"href":"https:\/\/comprasyconsejos.store\/en\/wp-json\/wp\/v2\/product_brand?post=32837"},{"taxonomy":"product_cat","embeddable":true,"href":"https:\/\/comprasyconsejos.store\/en\/wp-json\/wp\/v2\/product_cat?post=32837"},{"taxonomy":"product_tag","embeddable":true,"href":"https:\/\/comprasyconsejos.store\/en\/wp-json\/wp\/v2\/product_tag?post=32837"}],"curies":[{"name":"wp","href":"https:\/\/api.w.org\/{rel}","templated":true}]}}