{"id":32863,"date":"2026-02-23T18:08:10","date_gmt":"2026-02-23T18:08:10","guid":{"rendered":"https:\/\/comprasyconsejos.store\/product\/uag-designed-for-macbook-air-13-inch-2022-m2-a2681-plyo-ice-black-cub\/"},"modified":"2026-02-23T18:08:13","modified_gmt":"2026-02-23T18:08:13","slug":"uag-designed-for-macbook-air-13-inch-2022-m2-a2681-plyo-ice-black-cub","status":"publish","type":"product","link":"https:\/\/comprasyconsejos.store\/en\/product\/uag-designed-for-macbook-air-13-inch-2022-m2-a2681-plyo-ice-black-cub\/","title":{"rendered":"UAG Designed for MacBook Air 13 Inch 2022 M2 (A2681) Plyo Ice\/Black, Cub"},"content":{"rendered":"<p>Price: <span style=\"color:#b12704\">\u20ac69.99<\/span><br \/><i><small>(as of Feb 23, 2026 18:08:10 UTC &#8211; <span class=\"wp_automatic_amazon_disclaimer\" title=\"Product prices and availability are accurate as of the date\/time indicated and are subject to change. Any price and availability information displayed on [relevant Amazon Site(s), as applicable] at the time of purchase will apply to the purchase of this product.\">Details<\/span>)<\/small><\/i><\/p>\n<p><a href=\"https:\/\/amazon.es\/dp\/B0BJ2S7BL6?tag=man008-21\"><img decoding=\"async\" src=\"https:\/\/valvepress.s3.amazonaws.com\/imgs\/buy_now.png\"><\/a><br \/>\n<\/p>\n<p>                                             Product Description   <\/p>\n<p>                                                         <img decoding=\"async\" alt=\"de UAG (Urban Armor Gear) en letras negras en negrita sobre fondo blanco, con el nombre completo de la empresa debajo\" src=\"https:\/\/images-na.ssl-images-amazon.com\/images\/G\/01\/x-locale\/common\/grey-pixel.gif\" class=\"a-lazy-loaded\" data-src=\"https:\/\/m.media-amazon.com\/images\/S\/aplus-media-library-service-media\/c735fd79-3eeb-498f-a09c-5b5c55ad1a95.__CR0,0,600,180_PT0_SX600_V1___.jpg\"><img decoding=\"async\" alt=\"de UAG (Urban Armor Gear) en letras negras en negrita sobre fondo blanco, con el nombre completo de la empresa debajo\" src=\"https:\/\/m.media-amazon.com\/images\/S\/aplus-media-library-service-media\/c735fd79-3eeb-498f-a09c-5b5c55ad1a95.__CR0,0,600,180_PT0_SX600_V1___.jpg\">      <\/p>\n<p> La serie Plyo es una acertada combinaci\u00f3n de dise\u00f1o llamativo y funcionalidad de primera clase. Con esquinas reforzadas para una mayor protecci\u00f3n contra ca\u00eddas accidentales. Un marco antideslizante rodea los bordes y mejora el agarre, haciendo que tu MacBook Air sea m\u00e1s c\u00f3modo de sujetar. Cuatro pies de goma en la parte inferior de la funda garantizan que tu MacBook se mantenga firme en cualquier superficie. Nuestro dise\u00f1o a medida permite un acceso sin restricciones a todos los puertos y funciones. La funda est\u00e1 dise\u00f1ada para seguirte el ritmo en tus desplazamientos diarios, por muy duro que sea tu d\u00eda a d\u00eda. Protecci\u00f3n de primera y estilo al mismo tiempo. <\/p>\n<p>                                                  <img decoding=\"async\" alt=\"Funda protectora para un dispositivo electr\u00f3nico, probablemente una tableta. Marco gris con panel posterior transparente, etiquetado como \u00abUAG PLYO\" src=\"https:\/\/images-na.ssl-images-amazon.com\/images\/G\/01\/x-locale\/common\/grey-pixel.gif\" class=\"a-lazy-loaded\" data-src=\"https:\/\/m.media-amazon.com\/images\/S\/aplus-media-library-service-media\/6fbca44e-a738-4a12-8153-1cfbf1a2d284.__CR0,0,970,300_PT0_SX970_V1___.jpg\"><img decoding=\"async\" alt=\"Funda protectora para un dispositivo electr\u00f3nico, probablemente una tableta. Marco gris con panel posterior transparente, etiquetado como \u00abUAG PLYO\" src=\"https:\/\/m.media-amazon.com\/images\/S\/aplus-media-library-service-media\/6fbca44e-a738-4a12-8153-1cfbf1a2d284.__CR0,0,970,300_PT0_SX970_V1___.jpg\">  <\/p>\n<p class=\"apm-text-center\">\n                                                      <img decoding=\"async\" alt=\"Dibujo lineal minimalista de un rect\u00e1ngulo con l\u00edneas radiantes, que sugieren iluminaci\u00f3n o brillo\" src=\"https:\/\/images-na.ssl-images-amazon.com\/images\/G\/01\/x-locale\/common\/grey-pixel.gif\" class=\"a-spacing-mini a-lazy-loaded\" data-src=\"https:\/\/m.media-amazon.com\/images\/S\/aplus-media-library-service-media\/bed4c81c-ef7f-41c4-89b8-dbea87d2b216.__CR0,0,300,300_PT0_SX300_V1___.jpg\"><img decoding=\"async\" alt=\"Dibujo lineal minimalista de un rect\u00e1ngulo con l\u00edneas radiantes, que sugieren iluminaci\u00f3n o brillo\" src=\"https:\/\/m.media-amazon.com\/images\/S\/aplus-media-library-service-media\/bed4c81c-ef7f-41c4-89b8-dbea87d2b216.__CR0,0,300,300_PT0_SX300_V1___.jpg\">  <\/p>\n<p>                                                    Resistente a ca\u00eddas e impactos                                       <\/p>\n<p> La mejor protecci\u00f3n integral: cumple la norma militar MIL STD 810G 516.6. <\/p>\n<p class=\"apm-text-center\">\n                                                      <img decoding=\"async\" alt=\"Dibujo lineal simple de un icono de nube con una flecha apuntando hacia abajo, que indica un concepto de descarga o almacenamiento en la nube.\" src=\"https:\/\/images-na.ssl-images-amazon.com\/images\/G\/01\/x-locale\/common\/grey-pixel.gif\" class=\"a-spacing-mini a-lazy-loaded\" data-src=\"https:\/\/m.media-amazon.com\/images\/S\/aplus-media-library-service-media\/387f12d5-086e-4d02-9861-e5d29cd28a9c.__CR0,0,300,300_PT0_SX300_V1___.jpg\"><img decoding=\"async\" alt=\"Dibujo lineal simple de un icono de nube con una flecha apuntando hacia abajo, que indica un concepto de descarga o almacenamiento en la nube.\" src=\"https:\/\/m.media-amazon.com\/images\/S\/aplus-media-library-service-media\/387f12d5-086e-4d02-9861-e5d29cd28a9c.__CR0,0,300,300_PT0_SX300_V1___.jpg\">  <\/p>\n<p>                                                    Esquinas Air-Soft                                       <\/p>\n<p> La estructura especial de las esquinas absorbe de forma fiable la energ\u00eda del impacto en caso de ca\u00edda. <\/p>\n<p class=\"apm-text-center\">\n                                                      <img decoding=\"async\" alt=\"Patr\u00f3n geom\u00e9trico en blanco y negro con grupos repetidos de l\u00edneas paralelas dispuestas en forma de cuadr\u00edcula a cuadros.\" src=\"https:\/\/images-na.ssl-images-amazon.com\/images\/G\/01\/x-locale\/common\/grey-pixel.gif\" class=\"a-spacing-mini a-lazy-loaded\" data-src=\"https:\/\/m.media-amazon.com\/images\/S\/aplus-media-library-service-media\/b38aa713-e1f9-4af8-b642-0c50635748bb.__CR0,0,300,300_PT0_SX300_V1___.jpg\"><img decoding=\"async\" alt=\"Patr\u00f3n geom\u00e9trico en blanco y negro con grupos repetidos de l\u00edneas paralelas dispuestas en forma de cuadr\u00edcula a cuadros.\" src=\"https:\/\/m.media-amazon.com\/images\/S\/aplus-media-library-service-media\/b38aa713-e1f9-4af8-b642-0c50635748bb.__CR0,0,300,300_PT0_SX300_V1___.jpg\">  <\/p>\n<p>                                                    Superficie antideslizante                                       <\/p>\n<p> Con la funda, el MacBook Air es especialmente c\u00f3modo de sujetar: se evitan las molestas huellas dactilares. <\/p>\n<p class=\"apm-text-center\">\n                                                      <img decoding=\"async\" alt=\"Dibujos lineales sencillos de un nivel de alcohol y un conector de cable USB. El nivel muestra una l\u00ednea horizontal con un vial de burbujas en el centro.\" src=\"https:\/\/images-na.ssl-images-amazon.com\/images\/G\/01\/x-locale\/common\/grey-pixel.gif\" class=\"a-spacing-mini a-lazy-loaded\" data-src=\"https:\/\/m.media-amazon.com\/images\/S\/aplus-media-library-service-media\/b113dbd1-03fe-4f0e-925e-6d578c91e5b5.__CR0,0,300,300_PT0_SX300_V1___.jpg\"><img decoding=\"async\" alt=\"Dibujos lineales sencillos de un nivel de alcohol y un conector de cable USB. El nivel muestra una l\u00ednea horizontal con un vial de burbujas en el centro.\" src=\"https:\/\/m.media-amazon.com\/images\/S\/aplus-media-library-service-media\/b113dbd1-03fe-4f0e-925e-6d578c91e5b5.__CR0,0,300,300_PT0_SX300_V1___.jpg\">  <\/p>\n<p>                                                    Acceso sin restricciones a las conexiones                                       <\/p>\n<p> Con recortes precisos para poder utilizar todos los puertos sin restricciones. <\/p>\n<p class=\"apm-text-center\">\n                                                      <img decoding=\"async\" alt=\"Dibujo lineal negro simple de una pluma o pluma sobre un fondo blanco\" src=\"https:\/\/images-na.ssl-images-amazon.com\/images\/G\/01\/x-locale\/common\/grey-pixel.gif\" class=\"a-spacing-mini a-lazy-loaded\" data-src=\"https:\/\/m.media-amazon.com\/images\/S\/aplus-media-library-service-media\/3f435ef1-bd4c-4253-8782-3b69fb62c2b8.__CR0,0,300,300_PT0_SX300_V1___.jpg\"><img decoding=\"async\" alt=\"Dibujo lineal negro simple de una pluma o pluma sobre un fondo blanco\" src=\"https:\/\/m.media-amazon.com\/images\/S\/aplus-media-library-service-media\/3f435ef1-bd4c-4253-8782-3b69fb62c2b8.__CR0,0,300,300_PT0_SX300_V1___.jpg\">  <\/p>\n<p>                                                    Ligero como una pluma                                       <\/p>\n<p> A pesar de su extraordinario efecto protector, la funda s\u00f3lo hace que tu iPhone sea ligeramente m\u00e1s grueso. <\/p>\n<p class=\"apm-text-center\">\n                                                      <img decoding=\"async\" alt=\"Dibujo lineal negro simple de forma hexagonal con una marca de verificaci\u00f3n en el interior, que se asemeja a un logotipo o icono estilizado\" src=\"https:\/\/images-na.ssl-images-amazon.com\/images\/G\/01\/x-locale\/common\/grey-pixel.gif\" class=\"a-spacing-mini a-lazy-loaded\" data-src=\"https:\/\/m.media-amazon.com\/images\/S\/aplus-media-library-service-media\/85be882e-b444-4b86-b7c8-4be611bbb8c8.__CR0,0,300,300_PT0_SX300_V1___.jpg\"><img decoding=\"async\" alt=\"Dibujo lineal negro simple de forma hexagonal con una marca de verificaci\u00f3n en el interior, que se asemeja a un logotipo o icono estilizado\" src=\"https:\/\/m.media-amazon.com\/images\/S\/aplus-media-library-service-media\/85be882e-b444-4b86-b7c8-4be611bbb8c8.__CR0,0,300,300_PT0_SX300_V1___.jpg\">  <\/p>\n<p>                                                    Instalaci\u00f3n a presi\u00f3n                                       <\/p>\n<p> La funda es especialmente f\u00e1cil de colocar y se sujeta de forma fiable sin resbalar. <\/p>\n<p class=\"apm-text-center\">\n                                                      <img decoding=\"async\" alt=\"Persona sentada al aire libre sobre un mueble naranja, usando una computadora port\u00e1til. Mochila visible cerca.\" src=\"https:\/\/images-na.ssl-images-amazon.com\/images\/G\/01\/x-locale\/common\/grey-pixel.gif\" class=\"a-spacing-mini a-lazy-loaded\" data-src=\"https:\/\/m.media-amazon.com\/images\/S\/aplus-media-library-service-media\/89b04177-e243-44f4-9eb8-2d0184d7a562.__CR0,0,300,300_PT0_SX300_V1___.jpg\"><img decoding=\"async\" alt=\"Persona sentada al aire libre sobre un mueble naranja, usando una computadora port\u00e1til. Mochila visible cerca.\" src=\"https:\/\/m.media-amazon.com\/images\/S\/aplus-media-library-service-media\/89b04177-e243-44f4-9eb8-2d0184d7a562.__CR0,0,300,300_PT0_SX300_V1___.jpg\">  <\/p>\n<p class=\"apm-text-center\">\n                                                      <img decoding=\"async\" alt=\"Persona que usa una computadora port\u00e1til en un taburete de madera al aire libre. La computadora port\u00e1til tiene una cubierta oscura. Bolsas de color naranja y azul claro visibles en las cercan\u00edas.\" src=\"https:\/\/images-na.ssl-images-amazon.com\/images\/G\/01\/x-locale\/common\/grey-pixel.gif\" class=\"a-spacing-mini a-lazy-loaded\" data-src=\"https:\/\/m.media-amazon.com\/images\/S\/aplus-media-library-service-media\/d46be8b7-b7cc-4ade-8fbc-86ac0f382467.__CR0,0,300,300_PT0_SX300_V1___.jpg\"><img decoding=\"async\" alt=\"Persona que usa una computadora port\u00e1til en un taburete de madera al aire libre. La computadora port\u00e1til tiene una cubierta oscura. Bolsas de color naranja y azul claro visibles en las cercan\u00edas.\" src=\"https:\/\/m.media-amazon.com\/images\/S\/aplus-media-library-service-media\/d46be8b7-b7cc-4ade-8fbc-86ac0f382467.__CR0,0,300,300_PT0_SX300_V1___.jpg\">  <\/p>\n<p class=\"apm-text-center\">\n                                                      <img decoding=\"async\" alt=\"Persona que sostiene una tableta o computadora port\u00e1til gris con una mochila de color claro con un dise\u00f1o de silueta oscura. Superficie naranja visible en primer plano\" src=\"https:\/\/images-na.ssl-images-amazon.com\/images\/G\/01\/x-locale\/common\/grey-pixel.gif\" class=\"a-spacing-mini a-lazy-loaded\" data-src=\"https:\/\/m.media-amazon.com\/images\/S\/aplus-media-library-service-media\/b52b21c8-3273-4a76-a05e-d8e223155014.__CR0,0,300,300_PT0_SX300_V1___.jpg\"><img decoding=\"async\" alt=\"Persona que sostiene una tableta o computadora port\u00e1til gris con una mochila de color claro con un dise\u00f1o de silueta oscura. Superficie naranja visible en primer plano\" src=\"https:\/\/m.media-amazon.com\/images\/S\/aplus-media-library-service-media\/b52b21c8-3273-4a76-a05e-d8e223155014.__CR0,0,300,300_PT0_SX300_V1___.jpg\">  <\/p>\n<p> Product Dimensions                                            \u200f                                            :                                            \u200e                                            31.29 x 22.2 x 2.01 cm; 367.41 g   <br \/> Manufacturer                                            \u200f                                            :                                            \u200e                                            URBAN ARMOR GEAR   <br \/> ASIN                                            \u200f                                            :                                            \u200e                                            B0BJ2S7BL6   <br \/> Item model number                                            \u200f                                            :                                            \u200e                                            134007114340   <br \/> Country of origin                                            \u200f                                            :                                            \u200e                                            China   <br \/> Guaranteed software updates until                                            \u200f                                            :                                            \u200e                                            unknown   <br \/>  Customer reviews:                                                                                            4.5               4.5 out of 5 stars                                  (200)                                              var dpAcrHasRegisteredArcLinkClickAction;                    P.when(&#8216;A&#8217;, &#8216;ready&#8217;).execute(function(A) {                        if (dpAcrHasRegisteredArcLinkClickAction !== true) {                            dpAcrHasRegisteredArcLinkClickAction = true;                            A.declarative(                                &#8216;acrLink-click-metrics&#8217;, &#8216;click&#8217;,                                { \u00aballowLinkDefault\u00bb: true },                                function (event) {                                    if (window.ue) {                                        ue.count(\u00abacrLinkClickCount\u00bb, (ue.count(\u00abacrLinkClickCount\u00bb) || 0) + 1);                                    }                                }                            );                        }                    });                                             P.when(&#8216;A&#8217;, &#8216;cf&#8217;).execute(function(A) {                A.declarative(&#8216;acrStarsLink-click-metrics&#8217;, &#8216;click&#8217;, { \u00aballowLinkDefault\u00bb : true },  function(event){                    if(window.ue) {                        ue.count(\u00abacrStarsLinkWithPopoverClickCount\u00bb, (ue.count(\u00abacrStarsLinkWithPopoverClickCount\u00bb) || 0) + 1);                    }                });            });                          <\/p>\n<p>STURDY CONSTRUCTION &#8211; Our MacBook Air 13 inch case is translucent with a modern honeycomb look built with an armor shell and impact-resistant soft core for maximum protection. Note: the above packaging does not indicate compatibility with MacBook Air 13 inch 2025 M4 (A3241). This case is designed to fit MacBook Air 13 inch 2022-2025 M2\/M3\/M4 (A3240, A3113, A2681).<br \/>PRECISE FIT Precise cutouts and design for full and easy access to all ports and functions, including four rubber feet to prevent your MacBook from sliding on slippery surfaces.<br \/>Tactile Grip &#8211; Non-slip tactile grip provides safe handling even in wet or slippery conditions.<br \/>CORNER PROTECTION &#8211; Soft air bumper for added corner protection.<br \/>Military Drop Protection &#8211; Meets Military Drop Test Standards (MIL STD 810G 516.6).<\/p>\n\n","protected":false},"excerpt":{"rendered":"<p> Product Description La serie Plyo es una acertada combinaci\u00f3n de dise\u00f1o llamativo y funcionalidad de<\/p>","protected":false},"featured_media":32864,"comment_status":"open","ping_status":"closed","template":"","meta":[],"product_brand":[],"product_cat":[84],"product_tag":[4208,216,496,498,497,9415,3170,9414,584,160,502,503,504,499,500,501,505,9413,9412],"class_list":{"0":"post-32863","1":"product","2":"type-product","3":"status-publish","4":"has-post-thumbnail","6":"product_cat-apple-macbook","7":"product_tag-a2681","8":"product_tag-air","9":"product_tag-apple-macbook","10":"product_tag-apple-macbook-air","11":"product_tag-apple-macbook-pro","12":"product_tag-cub","13":"product_tag-designed","14":"product_tag-iceblack","15":"product_tag-inch","16":"product_tag-macbook","17":"product_tag-macbook-13-inch","18":"product_tag-macbook-15-inch","19":"product_tag-macbook-16-inch","20":"product_tag-macbook-m1","21":"product_tag-macbook-m2","22":"product_tag-macbook-m3","23":"product_tag-macbook-price","24":"product_tag-plyo","25":"product_tag-uag","27":"first","28":"instock","29":"shipping-taxable","30":"product-type-external"},"_links":{"self":[{"href":"https:\/\/comprasyconsejos.store\/en\/wp-json\/wp\/v2\/product\/32863","targetHints":{"allow":["GET"]}}],"collection":[{"href":"https:\/\/comprasyconsejos.store\/en\/wp-json\/wp\/v2\/product"}],"about":[{"href":"https:\/\/comprasyconsejos.store\/en\/wp-json\/wp\/v2\/types\/product"}],"replies":[{"embeddable":true,"href":"https:\/\/comprasyconsejos.store\/en\/wp-json\/wp\/v2\/comments?post=32863"}],"version-history":[{"count":0,"href":"https:\/\/comprasyconsejos.store\/en\/wp-json\/wp\/v2\/product\/32863\/revisions"}],"wp:featuredmedia":[{"embeddable":true,"href":"https:\/\/comprasyconsejos.store\/en\/wp-json\/wp\/v2\/media\/32864"}],"wp:attachment":[{"href":"https:\/\/comprasyconsejos.store\/en\/wp-json\/wp\/v2\/media?parent=32863"}],"wp:term":[{"taxonomy":"product_brand","embeddable":true,"href":"https:\/\/comprasyconsejos.store\/en\/wp-json\/wp\/v2\/product_brand?post=32863"},{"taxonomy":"product_cat","embeddable":true,"href":"https:\/\/comprasyconsejos.store\/en\/wp-json\/wp\/v2\/product_cat?post=32863"},{"taxonomy":"product_tag","embeddable":true,"href":"https:\/\/comprasyconsejos.store\/en\/wp-json\/wp\/v2\/product_tag?post=32863"}],"curies":[{"name":"wp","href":"https:\/\/api.w.org\/{rel}","templated":true}]}}