{"id":32869,"date":"2026-02-23T18:24:08","date_gmt":"2026-02-23T18:24:08","guid":{"rendered":"https:\/\/comprasyconsejos.store\/product\/oneplus-15-smartphone-with-tri-chip-ai-snapdragon-8elite-gen5-6-78-165hz-display-7300mah-battery-and-50mp-triple-camera-16gb-ram512gb-rom-sand-storm-extended-3-year-warranty\/"},"modified":"2026-02-23T18:24:11","modified_gmt":"2026-02-23T18:24:11","slug":"oneplus-15-smartphone-with-tri-chip-ai-snapdragon-8elite-gen5-6-78-165hz-display-7300mah-battery-and-50mp-triple-camera-16gb-ram512gb-rom-sand-storm-extended-3-year-warranty","status":"publish","type":"product","link":"https:\/\/comprasyconsejos.store\/en\/product\/oneplus-15-smartphone-with-tri-chip-ai-snapdragon-8elite-gen5-6-78-165hz-display-7300mah-battery-and-50mp-triple-camera-16gb-ram512gb-rom-sand-storm-extended-3-year-warranty\/","title":{"rendered":"OnePlus 15 Smartphone with Tri-Chip AI, Snapdragon 8Elite Gen5, 6.78&#8243; 165Hz Display, 7300mAh Battery and 50MP Triple Camera, 16GB RAM+512GB ROM, Sand Storm &#8211; Extended 3 Year Warranty"},"content":{"rendered":"<p>Price: <span style=\"color:#b12704\"><del>\u20ac1,028.00<\/del> - \u20ac958.00<\/span><br \/><i><small>(as of Feb 23, 2026 18:24:08 UTC &#8211; <span class=\"wp_automatic_amazon_disclaimer\" title=\"Product prices and availability are accurate as of the date\/time indicated and are subject to change. Any price and availability information displayed on [relevant Amazon Site(s), as applicable] at the time of purchase will apply to the purchase of this product.\">Details<\/span>)<\/small><\/i><\/p>\n<p><a href=\"https:\/\/amazon.es\/dp\/B0FSDSBVRZ?tag=man008-21\"><img decoding=\"async\" src=\"https:\/\/valvepress.s3.amazonaws.com\/imgs\/buy_now.png\"><\/a><br \/>\n<\/p>\n<p>                                             From the manufacturer   <\/p>\n<p>                                                                                                       <img decoding=\"async\" alt=\"El texto dice \u00abOnePlus 15\u00bb. Varias im\u00e1genes de productos que muestran un smartphone y su embalaje desde diferentes \u00e1ngulos.\" src=\"https:\/\/images-na.ssl-images-amazon.com\/images\/G\/01\/x-locale\/common\/grey-pixel.gif\" class=\"a-lazy-loaded\" data-src=\"https:\/\/m.media-amazon.com\/images\/S\/aplus-media-library-service-media\/ccd18f15-8c0c-478f-a361-341421038fd9.__CR0,0,3000,1230_PT0_SX1464_V1___.png\"><img decoding=\"async\" alt=\"El texto dice \u00abOnePlus 15\u00bb. Varias im\u00e1genes de productos que muestran un smartphone y su embalaje desde diferentes \u00e1ngulos.\" src=\"https:\/\/m.media-amazon.com\/images\/S\/aplus-media-library-service-media\/ccd18f15-8c0c-478f-a361-341421038fd9.__CR0,0,3000,1230_PT0_SX1464_V1___.png\">                                               <\/p>\n<p>                                                                                                       <img decoding=\"async\" alt=\"Paneles de presentaci\u00f3n de marketing que muestran las especificaciones t\u00e9cnicas y las demostraciones de la interfaz para las funciones y el sistema operativo de los dispositivos m\u00f3viles.\" src=\"https:\/\/images-na.ssl-images-amazon.com\/images\/G\/01\/x-locale\/common\/grey-pixel.gif\" class=\"a-lazy-loaded\" data-src=\"https:\/\/m.media-amazon.com\/images\/S\/aplus-media-library-service-media\/426fe2c7-075f-46c8-890d-8add07582b5f.__CR0,0,3000,1230_PT0_SX1464_V1___.png\"><img decoding=\"async\" alt=\"Paneles de presentaci\u00f3n de marketing que muestran las especificaciones t\u00e9cnicas y las demostraciones de la interfaz para las funciones y el sistema operativo de los dispositivos m\u00f3viles.\" src=\"https:\/\/m.media-amazon.com\/images\/S\/aplus-media-library-service-media\/426fe2c7-075f-46c8-890d-8add07582b5f.__CR0,0,3000,1230_PT0_SX1464_V1___.png\">                                               <\/p>\n<p>                                                                                  <img decoding=\"async\" alt=\"aplus content image\" src=\"https:\/\/m.media-amazon.com\/images\/S\/aplus-media-library-service-media\/7ebbe249-5bcd-48bd-a092-4069e0ddeab5.__CR0,0,3000,1230_PT0_SX1464_V1___.png\">       <\/p>\n<p>                                                                                  <img decoding=\"async\" alt=\"Colecci\u00f3n de capturas de pantalla que muestran varias interfaces de men\u00fa con superposiciones transl\u00facidas y efectos de iluminaci\u00f3n de acento azul sobre fondos negros.\" src=\"https:\/\/m.media-amazon.com\/images\/S\/aplus-media-library-service-media\/7b32a0fd-aa25-4280-b0d1-8a9696a276c4.__CR0,0,3000,1230_PT0_SX1464_V1___.png\">       <\/p>\n<p>                                                                                  <img decoding=\"async\" alt=\"aplus content image\" src=\"https:\/\/m.media-amazon.com\/images\/S\/aplus-media-library-service-media\/4c89f574-e6a8-48b4-8d84-4e18294fa940.__CR0,0,3000,1230_PT0_SX1464_V1___.png\">       <\/p>\n<p>                                                                                  <img decoding=\"async\" alt=\"aplus content image\" src=\"https:\/\/m.media-amazon.com\/images\/S\/aplus-media-library-service-media\/2d0a760f-6dd4-4adc-bce1-4618917d1095.__CR0,0,3000,1230_PT0_SX1464_V1___.png\">       <\/p>\n<p>                                                                                  <img decoding=\"async\" alt=\"aplus content image\" src=\"https:\/\/m.media-amazon.com\/images\/S\/aplus-media-library-service-media\/5575394e-367b-44da-8ee4-ab24ff90793a.__CR0,0,3000,1230_PT0_SX1464_V1___.png\">       <\/p>\n<p>                                                                                  <img decoding=\"async\" alt=\"aplus content image\" src=\"https:\/\/m.media-amazon.com\/images\/S\/aplus-media-library-service-media\/689a9481-b83f-4f8b-a205-32e5936ac268.__CR0,0,3000,1230_PT0_SX1464_V1___.png\">       <\/p>\n<p>                                                                                  <img decoding=\"async\" alt=\"aplus content image\" src=\"https:\/\/m.media-amazon.com\/images\/S\/aplus-media-library-service-media\/1a0fafd6-aebc-4318-bff3-0caa1761b726.__CR0,0,3000,1230_PT0_SX1464_V1___.png\">       <\/p>\n<p>                                                                                  <img decoding=\"async\" alt=\"aplus content image\" src=\"https:\/\/m.media-amazon.com\/images\/S\/aplus-media-library-service-media\/b9d855bf-440b-4473-8047-208222ec6f90.__CR0,0,3000,1230_PT0_SX1464_V1___.png\">       <\/p>\n<p>                                                                                  <img decoding=\"async\" alt=\"aplus content image\" src=\"https:\/\/m.media-amazon.com\/images\/S\/aplus-media-library-service-media\/59cbf968-7998-48ac-81ee-9fc6b88643a0.__CR0,0,3000,1230_PT0_SX1464_V1___.png\">       <\/p>\n<p>                                                                                  <img decoding=\"async\" alt=\"Capturas de pantalla de la interfaz de la aplicaci\u00f3n m\u00f3vil que muestran las funciones de navegaci\u00f3n de productos y carrito de compras con un dise\u00f1o limpio y minimalista.\" src=\"https:\/\/m.media-amazon.com\/images\/S\/aplus-media-library-service-media\/7e895c81-62c2-4c11-8311-ea7990b28506.__CR0,0,3000,1230_PT0_SX1464_V1___.png\">       <\/p>\n<p>                                                                                  <img decoding=\"async\" alt=\"aplus content image\" src=\"https:\/\/m.media-amazon.com\/images\/S\/aplus-media-library-service-media\/e70e8f56-0c1f-4a18-87f2-3bc73ac85a6b.__CR0,0,3000,1230_PT0_SX1464_V1___.png\">       <\/p>\n<p>                                                                                  <img decoding=\"async\" alt=\"El texto dice: \u00abDurabilidad revolucionaria, Claridad impecable\u00bb. Imagen de marketing que muestra elementos de dise\u00f1o curvos.\" src=\"https:\/\/m.media-amazon.com\/images\/S\/aplus-media-library-service-media\/8ec1599c-98ca-4083-b8e6-f0d60d1a8473.__CR0,0,3000,1230_PT0_SX1464_V1___.png\">       <\/p>\n<p>                                                                                  <img decoding=\"async\" alt=\"El texto dice \u00abIP68\/IP69\u00bb y \u00abCertificado para aventuras\u00bb. Fotograf\u00eda submarina que muestra pruebas de impermeabilidad o demostraci\u00f3n de resistencia al agua.\" src=\"https:\/\/m.media-amazon.com\/images\/S\/aplus-media-library-service-media\/167e61b9-2752-4f13-8c13-4629d9bba4c1.__CR0,0,3000,1230_PT0_SX1464_V1___.png\">       <\/p>\n<p> Batteries                                            \u200f                                            :                                            \u200e                                            1 D batteries required.   <br \/> Product Dimensions                                            \u200f                                            :                                            \u200e                                            23 x 130 x 10 cm; 500 g   <br \/> Date First Available                                            \u200f                                            :                                            \u200e                                            13 Nov. 2025   <br \/> Manufacturer                                            \u200f                                            :                                            \u200e                                            OnePlus   <br \/> ASIN                                            \u200f                                            :                                            \u200e                                            B0FSDSBVRZ   <br \/> Item model number                                            \u200f                                            :                                            \u200e                                            CPH2747   <br \/>       Best Sellers Rank:  4,418 in Electronics (See Top 100 in Electronics)    391 in SIM-Free &#038; Unlocked Mobile Phones      <br \/>  Customer reviews:                                                                                            4.7               4.7 out of 5 stars                                  (86)                                              var dpAcrHasRegisteredArcLinkClickAction;                    P.when(&#8216;A&#8217;, &#8216;ready&#8217;).execute(function(A) {                        if (dpAcrHasRegisteredArcLinkClickAction !== true) {                            dpAcrHasRegisteredArcLinkClickAction = true;                            A.declarative(                                &#8216;acrLink-click-metrics&#8217;, &#8216;click&#8217;,                                { \u00aballowLinkDefault\u00bb: true },                                function (event) {                                    if (window.ue) {                                        ue.count(\u00abacrLinkClickCount\u00bb, (ue.count(\u00abacrLinkClickCount\u00bb) || 0) + 1);                                    }                                }                            );                        }                    });                                             P.when(&#8216;A&#8217;, &#8216;cf&#8217;).execute(function(A) {                A.declarative(&#8216;acrStarsLink-click-metrics&#8217;, &#8216;click&#8217;, { \u00aballowLinkDefault\u00bb : true },  function(event){                    if(window.ue) {                        ue.count(\u00abacrStarsLinkWithPopoverClickCount\u00bb, (ue.count(\u00abacrStarsLinkWithPopoverClickCount\u00bb) || 0) + 1);                    }                });            });                          <\/p>\n<p>THE FASTEST MOBILE CPU IN THE WORLD &#8211; Powered by the Snapdragon 8 Elite Gen 5, your apps will open instantly and games will run perfectly stable at 120FPS.<br \/>IMPRESSIVE QUALITY &#8211; Introducing the first video recording on Android at 4K 120FPS Dolby Vision, bright and immersive.<br \/>BATTERY BEYOND THE LIMITS &#8211; The new Silicon NanoStack 7300mAh battery lets you watch videos for up to 31 hours in a row.<br \/>SMARTLY YOURS &#8211; With Plus Mind you can save your planner with one key and plan your trip with Gemini.<br \/>ADVENTURE CERTIFIED &#8211; Resists dust and water, from boiling steam to heavy rain and high-pressure water jets.<br \/>HIGH-END CAMERA &#8211; Redefine mobile photography with a 50MP triple camera system and enhances Portrait Mode capabilities.<\/p>\n\n","protected":false},"excerpt":{"rendered":"<p> From the manufacturer Batteries \u200f : \u200e 1 D batteries required. Product Dimensions \u200f :<\/p>","protected":false},"featured_media":32870,"comment_status":"open","ping_status":"closed","template":"","meta":[],"product_brand":[],"product_cat":[104],"product_tag":[3745,509,2470,5405,5404,292,681,561,847,3377,147,3004,3003,3015,3008,3007,3010,3011,3000,3001,3013,3016,3014,3005,3002,3009,3017,3006,5339,5406,3012,913,9416,1897,1697,9417,5403,904,725,1128],"class_list":{"0":"post-32869","1":"product","2":"type-product","3":"status-publish","4":"has-post-thumbnail","6":"product_cat-apple-iphone","7":"product_tag-165hz","8":"product_tag-16gb","9":"product_tag-50mp","10":"product_tag-7300mah","11":"product_tag-8elite","12":"product_tag-battery","13":"product_tag-camera","14":"product_tag-display","15":"product_tag-extended","16":"product_tag-gen5","17":"product_tag-iphone","18":"product_tag-iphone-13-accessories","19":"product_tag-iphone-14-case","20":"product_tag-iphone-adapter","21":"product_tag-iphone-battery-pack","22":"product_tag-iphone-cable","23":"product_tag-iphone-camera-lens","24":"product_tag-iphone-car-mount","25":"product_tag-iphone-case","26":"product_tag-iphone-charger","27":"product_tag-iphone-earbuds","28":"product_tag-iphone-gaming-controller","29":"product_tag-iphone-magsafe","30":"product_tag-iphone-pro-max-case","31":"product_tag-iphone-screen-protector","32":"product_tag-iphone-tempered-glass","33":"product_tag-iphone-tripod","34":"product_tag-iphone-wireless-charger","35":"product_tag-oneplus","36":"product_tag-ram512gb","37":"product_tag-refurbished-iphone","38":"product_tag-rom","39":"product_tag-sand","40":"product_tag-smartphone","41":"product_tag-snapdragon","42":"product_tag-storm","43":"product_tag-trichip","44":"product_tag-triple","45":"product_tag-warranty","46":"product_tag-year","48":"first","49":"instock","50":"sale","51":"shipping-taxable","52":"product-type-external"},"_links":{"self":[{"href":"https:\/\/comprasyconsejos.store\/en\/wp-json\/wp\/v2\/product\/32869","targetHints":{"allow":["GET"]}}],"collection":[{"href":"https:\/\/comprasyconsejos.store\/en\/wp-json\/wp\/v2\/product"}],"about":[{"href":"https:\/\/comprasyconsejos.store\/en\/wp-json\/wp\/v2\/types\/product"}],"replies":[{"embeddable":true,"href":"https:\/\/comprasyconsejos.store\/en\/wp-json\/wp\/v2\/comments?post=32869"}],"version-history":[{"count":0,"href":"https:\/\/comprasyconsejos.store\/en\/wp-json\/wp\/v2\/product\/32869\/revisions"}],"wp:featuredmedia":[{"embeddable":true,"href":"https:\/\/comprasyconsejos.store\/en\/wp-json\/wp\/v2\/media\/32870"}],"wp:attachment":[{"href":"https:\/\/comprasyconsejos.store\/en\/wp-json\/wp\/v2\/media?parent=32869"}],"wp:term":[{"taxonomy":"product_brand","embeddable":true,"href":"https:\/\/comprasyconsejos.store\/en\/wp-json\/wp\/v2\/product_brand?post=32869"},{"taxonomy":"product_cat","embeddable":true,"href":"https:\/\/comprasyconsejos.store\/en\/wp-json\/wp\/v2\/product_cat?post=32869"},{"taxonomy":"product_tag","embeddable":true,"href":"https:\/\/comprasyconsejos.store\/en\/wp-json\/wp\/v2\/product_tag?post=32869"}],"curies":[{"name":"wp","href":"https:\/\/api.w.org\/{rel}","templated":true}]}}