{"id":32874,"date":"2026-02-23T18:26:25","date_gmt":"2026-02-23T18:26:25","guid":{"rendered":"https:\/\/comprasyconsejos.store\/product\/hohem-isteady-x3-se-mobile-stabilizer-3-axis-gimbal-stabilizer-lightweight-and-foldable-design-with-detachable-remote-control-11-hour-battery-gimbal-for-vlogs-selfies-and-travel\/"},"modified":"2026-02-23T18:26:31","modified_gmt":"2026-02-23T18:26:31","slug":"hohem-isteady-x3-se-mobile-stabilizer-3-axis-gimbal-stabilizer-lightweight-and-foldable-design-with-detachable-remote-control-11-hour-battery-gimbal-for-vlogs-selfies-and-travel","status":"publish","type":"product","link":"https:\/\/comprasyconsejos.store\/en\/product\/hohem-isteady-x3-se-mobile-stabilizer-3-axis-gimbal-stabilizer-lightweight-and-foldable-design-with-detachable-remote-control-11-hour-battery-gimbal-for-vlogs-selfies-and-travel\/","title":{"rendered":"hohem iSteady X3 SE Mobile Stabilizer, 3-Axis Gimbal Stabilizer, Lightweight and Foldable Design with Detachable Remote Control, 11 Hour Battery, Gimbal for Vlogs, Selfies and Travel"},"content":{"rendered":"<p>Price: <span style=\"color:#b12704\"><del>\u20ac89.00<\/del> - \u20ac71.87<\/span><br \/><i><small>(as of Feb 23, 2026 18:26:26 UTC &#8211; <span class=\"wp_automatic_amazon_disclaimer\" title=\"Product prices and availability are accurate as of the date\/time indicated and are subject to change. Any price and availability information displayed on [relevant Amazon Site(s), as applicable] at the time of purchase will apply to the purchase of this product.\">Details<\/span>)<\/small><\/i><\/p>\n<p><a href=\"https:\/\/amazon.es\/dp\/B0DF2651JN?tag=man008-21\"><img decoding=\"async\" src=\"https:\/\/valvepress.s3.amazonaws.com\/imgs\/buy_now.png\"><\/a><br \/>\n<\/p>\n<p>                                             From the brand   <\/p>\n<p>                                              <img decoding=\"async\" alt=\"aplus content image\" src=\"https:\/\/images-na.ssl-images-amazon.com\/images\/G\/01\/x-locale\/common\/grey-pixel.gif\" class=\"a-lazy-loaded\" data-src=\"https:\/\/m.media-amazon.com\/images\/S\/aplus-media-library-service-media\/5aeef491-3a2b-486c-af7e-35ea4cac44ed.__CR0,0,1464,625_PT0_SX1464_V1___.jpg\"><img decoding=\"async\" alt=\"aplus content image\" src=\"https:\/\/m.media-amazon.com\/images\/S\/aplus-media-library-service-media\/5aeef491-3a2b-486c-af7e-35ea4cac44ed.__CR0,0,1464,625_PT0_SX1464_V1___.jpg\">  <\/p>\n<p>                                              <img decoding=\"async\" alt=\"\" src=\"https:\/\/images-na.ssl-images-amazon.com\/images\/G\/01\/x-locale\/common\/grey-pixel.gif\" class=\"a-lazy-loaded\" data-src=\"https:\/\/m.media-amazon.com\/images\/S\/aplus-media-library-service-media\/dfe4eb0b-46a4-4747-9028-4a69444d4892.__CR207,0,1542,710_PT0_SX315_V1___.png\"><img decoding=\"async\" alt=\"\" src=\"https:\/\/m.media-amazon.com\/images\/S\/aplus-media-library-service-media\/dfe4eb0b-46a4-4747-9028-4a69444d4892.__CR207,0,1542,710_PT0_SX315_V1___.png\">  <\/p>\n<p> Sobre nosotros: Fundada en 2014, Hohem es una marca reconocida en el mercado de los gimbals. Nuestro objetivo es facilitar la creaci\u00f3n de videos impresionantes y profesionales, transformando cada momento en un recuerdo digno de compartir. <\/p>\n<p> Concepto de marca: los momentos son fugaces, las pel\u00edculas permanecen. <\/p>\n<p> Ventajas: creadora del gimbal para smartphone de 3 ejes m\u00e1s ligero y referente en estabilizadores para c\u00e1maras de acci\u00f3n. <\/p>\n<h3> Nuevas llegadas <\/h3>\n<p>                                              <img decoding=\"async\" alt=\"aplus content image\" src=\"https:\/\/images-na.ssl-images-amazon.com\/images\/G\/01\/x-locale\/common\/grey-pixel.gif\" class=\"a-lazy-loaded\" data-src=\"https:\/\/m.media-amazon.com\/images\/S\/aplus-media-library-service-media\/20ee731e-83ce-4e40-9600-54b17dad1472.__CR0,23,463,579_PT0_SX362_V1___.jpg\"><img decoding=\"async\" alt=\"aplus content image\" src=\"https:\/\/m.media-amazon.com\/images\/S\/aplus-media-library-service-media\/20ee731e-83ce-4e40-9600-54b17dad1472.__CR0,23,463,579_PT0_SX362_V1___.jpg\">  <\/p>\n<p>                                              <img decoding=\"async\" alt=\"aplus content image\" src=\"https:\/\/images-na.ssl-images-amazon.com\/images\/G\/01\/x-locale\/common\/grey-pixel.gif\" class=\"a-lazy-loaded\" data-src=\"https:\/\/m.media-amazon.com\/images\/S\/aplus-media-library-service-media\/6b2ad798-e18a-4e65-9330-d25954e622db.__CR0,0,362,453_PT0_SX362_V1___.jpg\"><img decoding=\"async\" alt=\"aplus content image\" src=\"https:\/\/m.media-amazon.com\/images\/S\/aplus-media-library-service-media\/6b2ad798-e18a-4e65-9330-d25954e622db.__CR0,0,362,453_PT0_SX362_V1___.jpg\">  <\/p>\n<p>                                              <img decoding=\"async\" alt=\"aplus content image\" src=\"https:\/\/images-na.ssl-images-amazon.com\/images\/G\/01\/x-locale\/common\/grey-pixel.gif\" class=\"a-lazy-loaded\" data-src=\"https:\/\/m.media-amazon.com\/images\/S\/aplus-media-library-service-media\/157cc781-1d5c-4091-8162-2c9c2e1f22d5.__CR0,0,900,1126_PT0_SX362_V1___.jpg\"><img decoding=\"async\" alt=\"aplus content image\" src=\"https:\/\/m.media-amazon.com\/images\/S\/aplus-media-library-service-media\/157cc781-1d5c-4091-8162-2c9c2e1f22d5.__CR0,0,900,1126_PT0_SX362_V1___.jpg\">  <\/p>\n<p>                                              <img decoding=\"async\" alt=\"aplus content image\" src=\"https:\/\/images-na.ssl-images-amazon.com\/images\/G\/01\/x-locale\/common\/grey-pixel.gif\" class=\"a-lazy-loaded\" data-src=\"https:\/\/m.media-amazon.com\/images\/S\/aplus-media-library-service-media\/05bbb485-df29-43cb-a4bc-7573ebad7486.__CR0,0,362,453_PT0_SX362_V1___.jpg\"><img decoding=\"async\" alt=\"aplus content image\" src=\"https:\/\/m.media-amazon.com\/images\/S\/aplus-media-library-service-media\/05bbb485-df29-43cb-a4bc-7573ebad7486.__CR0,0,362,453_PT0_SX362_V1___.jpg\">  <\/p>\n<p>                                              <img decoding=\"async\" alt=\"aplus content image\" src=\"https:\/\/images-na.ssl-images-amazon.com\/images\/G\/01\/x-locale\/common\/grey-pixel.gif\" class=\"a-lazy-loaded\" data-src=\"https:\/\/m.media-amazon.com\/images\/S\/aplus-media-library-service-media\/e8772fc4-9a6e-48a7-aad3-945c53e9a9f0.__CR0,0,362,453_PT0_SX362_V1___.png\"><img decoding=\"async\" alt=\"aplus content image\" src=\"https:\/\/m.media-amazon.com\/images\/S\/aplus-media-library-service-media\/e8772fc4-9a6e-48a7-aad3-945c53e9a9f0.__CR0,0,362,453_PT0_SX362_V1___.png\">  <\/p>\n<p>                                              <img decoding=\"async\" alt=\"aplus content image\" src=\"https:\/\/images-na.ssl-images-amazon.com\/images\/G\/01\/x-locale\/common\/grey-pixel.gif\" class=\"a-lazy-loaded\" data-src=\"https:\/\/m.media-amazon.com\/images\/S\/aplus-media-library-service-media\/9258c610-9c31-4562-a2de-080dc2fdffbb.__CR0,0,362,453_PT0_SX362_V1___.png\"><img decoding=\"async\" alt=\"aplus content image\" src=\"https:\/\/m.media-amazon.com\/images\/S\/aplus-media-library-service-media\/9258c610-9c31-4562-a2de-080dc2fdffbb.__CR0,0,362,453_PT0_SX362_V1___.png\">  <\/p>\n<p>                                              <img decoding=\"async\" alt=\"aplus content image\" src=\"https:\/\/images-na.ssl-images-amazon.com\/images\/G\/01\/x-locale\/common\/grey-pixel.gif\" class=\"a-lazy-loaded\" data-src=\"https:\/\/m.media-amazon.com\/images\/S\/aplus-media-library-service-media\/1e7f1b3d-514a-4a14-94b8-ea8c1778768c.__CR0,0,362,453_PT0_SX362_V1___.png\"><img decoding=\"async\" alt=\"aplus content image\" src=\"https:\/\/m.media-amazon.com\/images\/S\/aplus-media-library-service-media\/1e7f1b3d-514a-4a14-94b8-ea8c1778768c.__CR0,0,362,453_PT0_SX362_V1___.png\">  <\/p>\n<p> Batteries                                            \u200f                                            :                                            \u200e                                            1 A batteries required. (included)   <br \/> Product Dimensions                                            \u200f                                            :                                            \u200e                                            4.4 x 16.05 x 9.8 cm; 361 g   <br \/> Date First Available                                            \u200f                                            :                                            \u200e                                            23 Aug. 2024   <br \/> Manufacturer                                            \u200f                                            :                                            \u200e                                            hohem Technology Co., LTD.   <br \/> ASIN                                            \u200f                                            :                                            \u200e                                            B0DF2651JN   <br \/> Item model number                                            \u200f                                            :                                            \u200e                                            hohem iSteady X3 SE   <br \/> Country of origin                                            \u200f                                            :                                            \u200e                                            China   <br \/> Guaranteed software updates until                                            \u200f                                            :                                            \u200e                                            unknown   <br \/>       Best Sellers Rank:  2 in Mobile Phone Handheld Gimbals &#038; Stabilisers       <br \/>  Customer reviews:                                                                                            4.3               4.3 out of 5 stars                                  (2,431)                                              var dpAcrHasRegisteredArcLinkClickAction;                    P.when(&#8216;A&#8217;, &#8216;ready&#8217;).execute(function(A) {                        if (dpAcrHasRegisteredArcLinkClickAction !== true) {                            dpAcrHasRegisteredArcLinkClickAction = true;                            A.declarative(                                &#8216;acrLink-click-metrics&#8217;, &#8216;click&#8217;,                                { \u00aballowLinkDefault\u00bb: true },                                function (event) {                                    if (window.ue) {                                        ue.count(\u00abacrLinkClickCount\u00bb, (ue.count(\u00abacrLinkClickCount\u00bb) || 0) + 1);                                    }                                }                            );                        }                    });                                             P.when(&#8216;A&#8217;, &#8216;cf&#8217;).execute(function(A) {                A.declarative(&#8216;acrStarsLink-click-metrics&#8217;, &#8216;click&#8217;, { \u00aballowLinkDefault\u00bb : true },  function(event){                    if(window.ue) {                        ue.count(\u00abacrStarsLinkWithPopoverClickCount\u00bb, (ue.count(\u00abacrStarsLinkWithPopoverClickCount\u00bb) || 0) + 1);                    }                });            });                          <\/p>\n<p>REMOVABLE REMOTE CONTROL WITH A 10M RANGE: Easily capture selfies, group photos or panoramic moments from up to 10 meters away<br \/>Capture smoother, more stable images: iSteady 8.0 advanced stabilization ensures ultra-smooth images even during fast movements<br \/>LIGHTWEIGHT &#038; FOLDABLE DESIGN &#8211; At only 361g, this compact gimbal folds neatly to fit in your pocket, perfect for adventurers who need a portable solution to capture moving moments<br \/>EASY MODE CHANGING &#8211; Effortlessly switch between PF, PTF, POV, and L modes with the push of a button, supporting orientations in both landscape and portrait<br \/>STAY POWERED ALL DAY &#8211; Enjoy filming all day long with 11 hours of battery life. Don&#8217;t worry about running out of power while capturing your favorite moments during travels!<br \/>Tripod Included: It is the perfect accessory for creators looking to capture smooth, professional images, for time-lapse photography and live streaming without having to hold the gimbal<br \/>hohem Joy App: Elevate your content with Creative Studio and Moment modes, including models for inception, panorama and dolly zoom<\/p>\n\n","protected":false},"excerpt":{"rendered":"<p> From the brand Sobre nosotros: Fundada en 2014, Hohem es una marca reconocida en el<\/p>","protected":false},"featured_media":32875,"comment_status":"open","ping_status":"closed","template":"","meta":[],"product_brand":[],"product_cat":[99],"product_tag":[3028,2522,292,3020,3030,1124,939,1091,3025,239,3022,2518,9418,870,9419,956,3027,3023,3032,3018,3033,3029,1856,3024,3035,3034,1275,3021,2515,3073,3026,3019,2519,240,3031,4504],"class_list":{"0":"post-32874","1":"product","2":"type-product","3":"status-publish","4":"has-post-thumbnail","6":"product_cat-mirrorless","7":"product_tag-24-70mm-mirrorless","8":"product_tag-3axis","9":"product_tag-battery","10":"product_tag-canon-mirrorless","11":"product_tag-compact-mirrorless","12":"product_tag-control","13":"product_tag-design","14":"product_tag-detachable","15":"product_tag-e-mount-lens","16":"product_tag-foldable","17":"product_tag-fujifilm-mirrorless","18":"product_tag-gimbal","19":"product_tag-hohem","20":"product_tag-hour","21":"product_tag-isteady","22":"product_tag-lightweight","23":"product_tag-lumix-lens","24":"product_tag-micro-four-thirds-lens","25":"product_tag-mirrorless-body-only","26":"product_tag-mirrorless-camera","27":"product_tag-mirrorless-camera-accessories","28":"product_tag-mirrorless-camera-bundle","29":"product_tag-mirrorless-cameras","30":"product_tag-mirrorless-lens","31":"product_tag-mirrorless-stabilizer","32":"product_tag-mirrorless-tripod","33":"product_tag-mobile","34":"product_tag-nikon-mirrorless","35":"product_tag-remote","36":"product_tag-selfies","37":"product_tag-sony-a6000-lens","38":"product_tag-sony-mirrorless","39":"product_tag-stabilizer","40":"product_tag-travel","41":"product_tag-travel-mirrorless","42":"product_tag-vlogs","44":"first","45":"instock","46":"sale","47":"shipping-taxable","48":"product-type-external"},"_links":{"self":[{"href":"https:\/\/comprasyconsejos.store\/en\/wp-json\/wp\/v2\/product\/32874","targetHints":{"allow":["GET"]}}],"collection":[{"href":"https:\/\/comprasyconsejos.store\/en\/wp-json\/wp\/v2\/product"}],"about":[{"href":"https:\/\/comprasyconsejos.store\/en\/wp-json\/wp\/v2\/types\/product"}],"replies":[{"embeddable":true,"href":"https:\/\/comprasyconsejos.store\/en\/wp-json\/wp\/v2\/comments?post=32874"}],"version-history":[{"count":0,"href":"https:\/\/comprasyconsejos.store\/en\/wp-json\/wp\/v2\/product\/32874\/revisions"}],"wp:featuredmedia":[{"embeddable":true,"href":"https:\/\/comprasyconsejos.store\/en\/wp-json\/wp\/v2\/media\/32875"}],"wp:attachment":[{"href":"https:\/\/comprasyconsejos.store\/en\/wp-json\/wp\/v2\/media?parent=32874"}],"wp:term":[{"taxonomy":"product_brand","embeddable":true,"href":"https:\/\/comprasyconsejos.store\/en\/wp-json\/wp\/v2\/product_brand?post=32874"},{"taxonomy":"product_cat","embeddable":true,"href":"https:\/\/comprasyconsejos.store\/en\/wp-json\/wp\/v2\/product_cat?post=32874"},{"taxonomy":"product_tag","embeddable":true,"href":"https:\/\/comprasyconsejos.store\/en\/wp-json\/wp\/v2\/product_tag?post=32874"}],"curies":[{"name":"wp","href":"https:\/\/api.w.org\/{rel}","templated":true}]}}