{"id":32896,"date":"2026-02-23T19:02:13","date_gmt":"2026-02-23T19:02:13","guid":{"rendered":"https:\/\/comprasyconsejos.store\/product\/msi-ax1800-nano-wifi-usb-adapter-ax1800-wifi-6-usb-adapter-dual-band-2-4-5ghz-ultra-compact-plug-play-compatible-with-windows-and-linux\/"},"modified":"2026-02-23T19:02:19","modified_gmt":"2026-02-23T19:02:19","slug":"msi-ax1800-nano-wifi-usb-adapter-ax1800-wifi-6-usb-adapter-dual-band-2-4-5ghz-ultra-compact-plug-play-compatible-with-windows-and-linux","status":"publish","type":"product","link":"https:\/\/comprasyconsejos.store\/en\/product\/msi-ax1800-nano-wifi-usb-adapter-ax1800-wifi-6-usb-adapter-dual-band-2-4-5ghz-ultra-compact-plug-play-compatible-with-windows-and-linux\/","title":{"rendered":"MSI AX1800 Nano WiFi USB Adapter &#8211; AX1800 WiFi 6 USB Adapter, Dual Band 2.4\/5GHz, Ultra Compact, Plug &#038; Play, Compatible with Windows and Linux"},"content":{"rendered":"<p>Price: <span style=\"color:#b12704\">\u20ac42.57<\/span><br \/><i><small>(as of Feb 23, 2026 19:02:13 UTC &#8211; <span class=\"wp_automatic_amazon_disclaimer\" title=\"Product prices and availability are accurate as of the date\/time indicated and are subject to change. Any price and availability information displayed on [relevant Amazon Site(s), as applicable] at the time of purchase will apply to the purchase of this product.\">Details<\/span>)<\/small><\/i><\/p>\n<p><a href=\"https:\/\/amazon.es\/dp\/B0BSLHXW8X?tag=man008-21\"><img decoding=\"async\" src=\"https:\/\/valvepress.s3.amazonaws.com\/imgs\/buy_now.png\"><\/a><br \/>\n<\/p>\n<p>                                             From the manufacturer   <\/p>\n<p>                                                      <img decoding=\"async\" alt=\"Adaptador Nano USB AX1800\" src=\"https:\/\/images-na.ssl-images-amazon.com\/images\/G\/01\/x-locale\/common\/grey-pixel.gif\" class=\"a-spacing-mini a-lazy-loaded\" data-src=\"https:\/\/m.media-amazon.com\/images\/S\/aplus-media\/vc\/e02cf911-3e37-4506-ae88-35a756cad42e.__CR0,0,2000,2000_PT0_SX300_V1___.jpg\"><img decoding=\"async\" alt=\"Adaptador Nano USB AX1800\" src=\"https:\/\/m.media-amazon.com\/images\/S\/aplus-media\/vc\/e02cf911-3e37-4506-ae88-35a756cad42e.__CR0,0,2000,2000_PT0_SX300_V1___.jpg\">  <\/p>\n<p>                                                              <img decoding=\"async\" alt=\"MSI: Para jugadores y creadores\" src=\"https:\/\/images-na.ssl-images-amazon.com\/images\/G\/01\/x-locale\/common\/grey-pixel.gif\" class=\"a-spacing-mini a-lazy-loaded\" data-src=\"https:\/\/m.media-amazon.com\/images\/S\/aplus-media\/vc\/114fa35d-9063-4a70-a19b-1a84ab6eba49.__CR0,0,350,175_PT0_SX350_V1___.png\"><img decoding=\"async\" alt=\"MSI: Para jugadores y creadores\" src=\"https:\/\/m.media-amazon.com\/images\/S\/aplus-media\/vc\/114fa35d-9063-4a70-a19b-1a84ab6eba49.__CR0,0,350,175_PT0_SX350_V1___.png\">                                          MSI: Para jugadores y creadores                                 <\/p>\n<p class=\"a-spacing-small a-size-small a-color-secondary\"> MSI es uno de los nombres m\u00e1s confiables en juegos y deportes electr\u00f3nicos con innumerables horas y recursos significativos invertidos en ligas de deportes electr\u00f3nicos de primer nivel y equipos de juego de nivel 1. Al apoyar y trabajar con lo mejor de lo mejor, MSI puede integrar el conocimiento y las aspiraciones de juego competitivo con la innovaci\u00f3n tecnol\u00f3gica para crear nuevos productos que rompan los l\u00edmites de rendimiento actuales. <\/p>\n<h3 class=\"a-spacing-mini\"> Adaptador Nano USB AX1800 <\/h3>\n<p>                                          Tama\u00f1o compacto, conexi\u00f3n instant\u00e1nea                                     <\/p>\n<p class=\"a-spacing-base\"> El adaptador USB AX1800 Nano WiFi ofrece velocidades inal\u00e1mbricas de doble banda de hasta 1201 Mbps en la banda de 5 GHz y 574 Mbps en la banda de 2,4 GHz. Su tama\u00f1o compacto hace que sea f\u00e1cil de llevar, manteni\u00e9ndote conectado dondequiera que vayas. <\/p>\n<p>                                                          Actualizaci\u00f3n instant\u00e1nea a WiFi 6       1201 Mbps en el 5 GHz y 574 Mbps en el 2.4 GHz       WiFi 6 en un tama\u00f1o compacto       \u00daltimo cifrado WPA 3       Compatible con Windows 10 y 11      <\/p>\n<p class=\"apm-text-center\">\n                                                      <img decoding=\"async\" alt=\"AX1800 Banda dual\" src=\"https:\/\/images-na.ssl-images-amazon.com\/images\/G\/01\/x-locale\/common\/grey-pixel.gif\" class=\"a-lazy-loaded\" data-src=\"https:\/\/m.media-amazon.com\/images\/S\/aplus-media\/vc\/06ff29c7-75cb-4574-9324-a75ddfbaefca.__CR0,0,2000,2000_PT0_SX220_V1___.jpg\"><img decoding=\"async\" alt=\"AX1800 Banda dual\" src=\"https:\/\/m.media-amazon.com\/images\/S\/aplus-media\/vc\/06ff29c7-75cb-4574-9324-a75ddfbaefca.__CR0,0,2000,2000_PT0_SX220_V1___.jpg\">  <\/p>\n<p>                                                    AX1800 Banda dual                                     <\/p>\n<p class=\"a-size-small\"> El adaptador USB Nano WiFi MSI AX1800 aumenta las velocidades WiFi de tu PC\/port\u00e1til de hasta 1201 Mbps a banda de 5 GHz y 574 Mbps a banda de 2,4 GHz. WiFi 6 reduce la latencia y la congesti\u00f3n en entornos de alta densidad con OFDMA y MU-MIMO que satisfacen la necesidad de conectividad de juegos y transmisi\u00f3n. <\/p>\n<p class=\"apm-text-center\">\n                                                      <img decoding=\"async\" alt=\"Tama\u00f1o compacto\" src=\"https:\/\/images-na.ssl-images-amazon.com\/images\/G\/01\/x-locale\/common\/grey-pixel.gif\" class=\"a-lazy-loaded\" data-src=\"https:\/\/m.media-amazon.com\/images\/S\/aplus-media\/vc\/69c9da7e-a9d4-4304-8fba-cbe115190ebe.__CR0,0,2000,2000_PT0_SX220_V1___.jpg\"><img decoding=\"async\" alt=\"Tama\u00f1o compacto\" src=\"https:\/\/m.media-amazon.com\/images\/S\/aplus-media\/vc\/69c9da7e-a9d4-4304-8fba-cbe115190ebe.__CR0,0,2000,2000_PT0_SX220_V1___.jpg\">  <\/p>\n<p>                                                    Tama\u00f1o compacto                                     <\/p>\n<p class=\"a-size-small\"> Con su tama\u00f1o compacto, el adaptador USB AX1800 Nano WiFi es perfecto para la conectividad sobre la marcha. Ya sea que est\u00e9s en una cafeter\u00eda, viajando o en un viaje, puedes mantenerte conectado f\u00e1cilmente a WiFi en cualquier momento y en cualquier lugar. <\/p>\n<p class=\"apm-text-center\">\n                                                      <img decoding=\"async\" alt=\"F\u00e1cil de instalar\" src=\"https:\/\/images-na.ssl-images-amazon.com\/images\/G\/01\/x-locale\/common\/grey-pixel.gif\" class=\"a-lazy-loaded\" data-src=\"https:\/\/m.media-amazon.com\/images\/S\/aplus-media\/vc\/80b247b6-73f0-4c54-82b5-509d968ecbd4.__CR0,0,2000,2000_PT0_SX220_V1___.jpg\"><img decoding=\"async\" alt=\"F\u00e1cil de instalar\" src=\"https:\/\/m.media-amazon.com\/images\/S\/aplus-media\/vc\/80b247b6-73f0-4c54-82b5-509d968ecbd4.__CR0,0,2000,2000_PT0_SX220_V1___.jpg\">  <\/p>\n<p>                                                    F\u00e1cil de instalar                                     <\/p>\n<p class=\"a-size-small\"> El adaptador USB AX1800 Nano WiFi viene con un controlador incorporado. Los usuarios solo necesitan insertarlo en una PC o computadora port\u00e1til, luego obtener WiFi con unos pocos clics. <\/p>\n<p class=\"apm-text-center\">\n                                                      <img decoding=\"async\" alt=\"Seguridad WiFi WPA3\" src=\"https:\/\/images-na.ssl-images-amazon.com\/images\/G\/01\/x-locale\/common\/grey-pixel.gif\" class=\"a-lazy-loaded\" data-src=\"https:\/\/m.media-amazon.com\/images\/S\/aplus-media\/vc\/3d476863-b252-431e-ba44-54dba552ea18.__CR0,0,2000,2000_PT0_SX220_V1___.jpg\"><img decoding=\"async\" alt=\"Seguridad WiFi WPA3\" src=\"https:\/\/m.media-amazon.com\/images\/S\/aplus-media\/vc\/3d476863-b252-431e-ba44-54dba552ea18.__CR0,0,2000,2000_PT0_SX220_V1___.jpg\">  <\/p>\n<p>                                                    Seguridad WiFi WPA3                                     <\/p>\n<p class=\"a-size-small\"> El adaptador Nano USB MSI AX1800 utiliza el \u00faltimo cifrado WPA3, mejorando la seguridad y protegiendo su privacidad de posibles ataques, brind\u00e1ndole mayor tranquilidad. <\/p>\n<p> Batteries                                            \u200f                                            :                                            \u200e                                            1 AAAA batteries required.   <br \/> Language                                            \u200f                                            :                                            \u200e                                            Dutch   <br \/> Product Dimensions                                            \u200f                                            :                                            \u200e                                            20 x 15 x 15 cm; 39 g   <br \/> Manufacturer                                            \u200f                                            :                                            \u200e                                            MSI   <br \/> ASIN                                            \u200f                                            :                                            \u200e                                            B0BSLHXW8X   <br \/> Item model number                                            \u200f                                            :                                            \u200e                                            GUAX18N   <br \/> Country of origin                                            \u200f                                            :                                            \u200e                                            China   <br \/> Guaranteed software updates until                                            \u200f                                            :                                            \u200e                                            unknown   <br \/>  Customer reviews:                                                                                            4.0               4.0 out of 5 stars                                  (293)                                              var dpAcrHasRegisteredArcLinkClickAction;                    P.when(&#8216;A&#8217;, &#8216;ready&#8217;).execute(function(A) {                        if (dpAcrHasRegisteredArcLinkClickAction !== true) {                            dpAcrHasRegisteredArcLinkClickAction = true;                            A.declarative(                                &#8216;acrLink-click-metrics&#8217;, &#8216;click&#8217;,                                { \u00aballowLinkDefault\u00bb: true },                                function (event) {                                    if (window.ue) {                                        ue.count(\u00abacrLinkClickCount\u00bb, (ue.count(\u00abacrLinkClickCount\u00bb) || 0) + 1);                                    }                                }                            );                        }                    });                                             P.when(&#8216;A&#8217;, &#8216;cf&#8217;).execute(function(A) {                A.declarative(&#8216;acrStarsLink-click-metrics&#8217;, &#8216;click&#8217;, { \u00aballowLinkDefault\u00bb : true },  function(event){                    if(window.ue) {                        ue.count(\u00abacrStarsLinkWithPopoverClickCount\u00bb, (ue.count(\u00abacrStarsLinkWithPopoverClickCount\u00bb) || 0) + 1);                    }                });            });                          <\/p>\n<p>\u26a1 Next-Gen WiFi 6 &#8211; Up to 40% faster than WiFi 5, ideal for gaming, streaming and heavy downloads.<br \/>Smart Dual Band 2.4\/5GHz &#8211; Automatically switches according to the most stable signal for a smoother connection.<br \/>ULTRA COMPACT PLUG &#038; PLAY DESIGN &#8211; Plug and Forget it: does not take up space and does not interfere with other ports.<br \/>FULL COMPATIBILITY &#8211; Works with Windows 10\/11 and popular Linux distros, hassle-free.<br \/>Stable and Secure Connection &#8211; Supports WPA3 and OFDMA protocols for safety and efficiency.<\/p>\n\n","protected":false},"excerpt":{"rendered":"<p> From the manufacturer MSI: Para jugadores y creadores MSI es uno de los nombres m\u00e1s<\/p>","protected":false},"featured_media":32897,"comment_status":"open","ping_status":"closed","template":"","meta":[],"product_brand":[],"product_cat":[72],"product_tag":[2444,144,3580,2217,1004,201,298,2110,2116,2114,2138,2118,1262,1205,2112,1139,324,222,133,2108,543,2104,2120,2102,537,2106],"class_list":{"0":"post-32896","1":"product","2":"type-product","3":"status-publish","4":"has-post-thumbnail","6":"product_cat-wifi-sticks","7":"product_tag-2-45ghz","8":"product_tag-adapter","9":"product_tag-ax1800","10":"product_tag-band","11":"product_tag-compact","12":"product_tag-compatible","13":"product_tag-dual","14":"product_tag-dual-band-wifi-adapter","15":"product_tag-high-speed-wifi-usb","16":"product_tag-laptop-wifi-adapter","17":"product_tag-linux","18":"product_tag-mini-wifi-adapter","19":"product_tag-msi","20":"product_tag-nano","21":"product_tag-pc-wifi-adapter","22":"product_tag-play","23":"product_tag-plug","24":"product_tag-ultra","25":"product_tag-usb","26":"product_tag-usb-wifi-dongle","27":"product_tag-wifi","28":"product_tag-wifi-stick","29":"product_tag-wifi-stick-price","30":"product_tag-wifi-usb-adapter","31":"product_tag-windows","32":"product_tag-wireless-usb-adapter","34":"first","35":"instock","36":"shipping-taxable","37":"product-type-external"},"_links":{"self":[{"href":"https:\/\/comprasyconsejos.store\/en\/wp-json\/wp\/v2\/product\/32896","targetHints":{"allow":["GET"]}}],"collection":[{"href":"https:\/\/comprasyconsejos.store\/en\/wp-json\/wp\/v2\/product"}],"about":[{"href":"https:\/\/comprasyconsejos.store\/en\/wp-json\/wp\/v2\/types\/product"}],"replies":[{"embeddable":true,"href":"https:\/\/comprasyconsejos.store\/en\/wp-json\/wp\/v2\/comments?post=32896"}],"version-history":[{"count":0,"href":"https:\/\/comprasyconsejos.store\/en\/wp-json\/wp\/v2\/product\/32896\/revisions"}],"wp:featuredmedia":[{"embeddable":true,"href":"https:\/\/comprasyconsejos.store\/en\/wp-json\/wp\/v2\/media\/32897"}],"wp:attachment":[{"href":"https:\/\/comprasyconsejos.store\/en\/wp-json\/wp\/v2\/media?parent=32896"}],"wp:term":[{"taxonomy":"product_brand","embeddable":true,"href":"https:\/\/comprasyconsejos.store\/en\/wp-json\/wp\/v2\/product_brand?post=32896"},{"taxonomy":"product_cat","embeddable":true,"href":"https:\/\/comprasyconsejos.store\/en\/wp-json\/wp\/v2\/product_cat?post=32896"},{"taxonomy":"product_tag","embeddable":true,"href":"https:\/\/comprasyconsejos.store\/en\/wp-json\/wp\/v2\/product_tag?post=32896"}],"curies":[{"name":"wp","href":"https:\/\/api.w.org\/{rel}","templated":true}]}}