{"id":32964,"date":"2026-02-23T19:58:46","date_gmt":"2026-02-23T19:58:46","guid":{"rendered":"https:\/\/comprasyconsejos.store\/product\/portable-inkjet-printer-mini-small-inkjet-printer-with-hd-touch-screen-12-7mm-600dpi-28-languages-and-quick-dry-ink-cartridge\/"},"modified":"2026-02-23T19:58:46","modified_gmt":"2026-02-23T19:58:46","slug":"portable-inkjet-printer-mini-small-inkjet-printer-with-hd-touch-screen-12-7mm-600dpi-28-languages-and-quick-dry-ink-cartridge","status":"publish","type":"product","link":"https:\/\/comprasyconsejos.store\/en\/product\/portable-inkjet-printer-mini-small-inkjet-printer-with-hd-touch-screen-12-7mm-600dpi-28-languages-and-quick-dry-ink-cartridge\/","title":{"rendered":"Portable Inkjet Printer, Mini Small Inkjet Printer with HD Touch Screen, 12.7mm, 600DPI, 28 Languages and Quick Dry Ink Cartridge,"},"content":{"rendered":"<p>Price: <span style=\"color:#b12704\">\u20ac137.62<\/span><br \/><i><small>(as of Feb 23, 2026 19:58:46 UTC &#8211; <span class=\"wp_automatic_amazon_disclaimer\" title=\"Product prices and availability are accurate as of the date\/time indicated and are subject to change. Any price and availability information displayed on [relevant Amazon Site(s), as applicable] at the time of purchase will apply to the purchase of this product.\">Details<\/span>)<\/small><\/i><\/p>\n<p><a href=\"https:\/\/amazon.es\/dp\/B0DQ5X8XZX?tag=man008-21\"><img decoding=\"async\" src=\"https:\/\/valvepress.s3.amazonaws.com\/imgs\/buy_now.png\"><\/a><br \/>\n<\/p>\n<p>                                             Product Description   <\/p>\n<p>                                                                             <img decoding=\"async\" alt=\"1\" src=\"https:\/\/images-na.ssl-images-amazon.com\/images\/G\/01\/x-locale\/common\/grey-pixel.gif\" class=\"a-spacing-base a-lazy-loaded\" data-src=\"https:\/\/m.media-amazon.com\/images\/S\/aplus-media\/sc\/b18147c5-02ea-41d0-8ffd-4e3c3ca2349f.__CR0,0,970,600_PT0_SX970_V1___.jpg\"><img decoding=\"async\" alt=\"1\" src=\"https:\/\/m.media-amazon.com\/images\/S\/aplus-media\/sc\/b18147c5-02ea-41d0-8ffd-4e3c3ca2349f.__CR0,0,970,600_PT0_SX970_V1___.jpg\">                                                                    <\/p>\n<p class=\"apm-text-center\">\n                                                      <img decoding=\"async\" alt=\"1\" src=\"https:\/\/images-na.ssl-images-amazon.com\/images\/G\/01\/x-locale\/common\/grey-pixel.gif\" class=\"a-spacing-mini a-lazy-loaded\" data-src=\"https:\/\/m.media-amazon.com\/images\/S\/aplus-media\/sc\/1d033188-276c-4a6d-8cd0-47c2c34168c0.__CR0,0,400,400_PT0_SX300_V1___.jpg\"><img decoding=\"async\" alt=\"1\" src=\"https:\/\/m.media-amazon.com\/images\/S\/aplus-media\/sc\/1d033188-276c-4a6d-8cd0-47c2c34168c0.__CR0,0,400,400_PT0_SX300_V1___.jpg\">  <\/p>\n<p>Codificaci\u00f3n compacta y flexible <\/p>\n<p>F\u00e1cil de transportar, puede rociar una variedad de superficies curvas e irregulares, uso en m\u00faltiples escenas <\/p>\n<p class=\"apm-text-center\">\n                                                      <img decoding=\"async\" alt=\"1\" src=\"https:\/\/images-na.ssl-images-amazon.com\/images\/G\/01\/x-locale\/common\/grey-pixel.gif\" class=\"a-spacing-mini a-lazy-loaded\" data-src=\"https:\/\/m.media-amazon.com\/images\/S\/aplus-media\/sc\/7b2064d4-4007-46a2-96ba-0d4e74f0b4c7.__CR0,0,400,400_PT0_SX300_V1___.jpg\"><img decoding=\"async\" alt=\"1\" src=\"https:\/\/m.media-amazon.com\/images\/S\/aplus-media\/sc\/7b2064d4-4007-46a2-96ba-0d4e74f0b4c7.__CR0,0,400,400_PT0_SX300_V1___.jpg\">  <\/p>\n<p>El cuerpo mini es liviano y duradero <\/p>\n<p>Cuerpo de pl\u00e1stico <\/p>\n<p>Ligero y adecuado para un uso prolongado de codificaci\u00f3n <\/p>\n<p class=\"apm-text-center\">\n                                                      <img decoding=\"async\" alt=\"1\" src=\"https:\/\/images-na.ssl-images-amazon.com\/images\/G\/01\/x-locale\/common\/grey-pixel.gif\" class=\"a-spacing-mini a-lazy-loaded\" data-src=\"https:\/\/m.media-amazon.com\/images\/S\/aplus-media\/sc\/129eb83f-31fd-4b35-ad36-3c2ba903c4f8.__CR0,0,400,400_PT0_SX300_V1___.jpg\"><img decoding=\"async\" alt=\"1\" src=\"https:\/\/m.media-amazon.com\/images\/S\/aplus-media\/sc\/129eb83f-31fd-4b35-ad36-3c2ba903c4f8.__CR0,0,400,400_PT0_SX300_V1___.jpg\">  <\/p>\n<p>Laminaci\u00f3n completa \u00c1ngulo de visi\u00f3n completo <\/p>\n<p>Pantalla t\u00e1ctil capacitiva de alta definici\u00f3n <\/p>\n<p>Arrastre, suelte, ampl\u00ede y edite contenido con solo tocar un dedo, de manera simple y f\u00e1cil de usar.  <\/p>\n<p>                                                                             <img decoding=\"async\" alt=\"1\" src=\"https:\/\/images-na.ssl-images-amazon.com\/images\/G\/01\/x-locale\/common\/grey-pixel.gif\" class=\"a-spacing-base a-lazy-loaded\" data-src=\"https:\/\/m.media-amazon.com\/images\/S\/aplus-media\/sc\/c92f50b9-2e67-49f1-8fc6-2cc08b3ba888.__CR0,0,970,600_PT0_SX970_V1___.jpg\"><img decoding=\"async\" alt=\"1\" src=\"https:\/\/m.media-amazon.com\/images\/S\/aplus-media\/sc\/c92f50b9-2e67-49f1-8fc6-2cc08b3ba888.__CR0,0,970,600_PT0_SX970_V1___.jpg\">                                                                     <\/p>\n<p class=\"a-spacing-base\">Visualizaci\u00f3n del efecto de impresi\u00f3n <\/p>\n<p class=\"a-spacing-base\">La impresi\u00f3n bajo demanda, para satisfacer una variedad de necesidades de impresi\u00f3n, puede imprimir metal, pl\u00e1stico, cer\u00e1mica, papel de aluminio, bolsas, cartones, telas, etc. <\/p>\n<p>                                                                             <img decoding=\"async\" alt=\"1\" src=\"https:\/\/images-na.ssl-images-amazon.com\/images\/G\/01\/x-locale\/common\/grey-pixel.gif\" class=\"a-spacing-base a-lazy-loaded\" data-src=\"https:\/\/m.media-amazon.com\/images\/S\/aplus-media\/sc\/92606a6c-0041-453f-85e2-9c4dc1c64eab.__CR0,0,970,600_PT0_SX970_V1___.jpg\"><img decoding=\"async\" alt=\"1\" src=\"https:\/\/m.media-amazon.com\/images\/S\/aplus-media\/sc\/92606a6c-0041-453f-85e2-9c4dc1c64eab.__CR0,0,970,600_PT0_SX970_V1___.jpg\">                                                                    <\/p>\n<p>Especificaci\u00f3n <\/p>\n<p>Tipo de art\u00edculo: Impresora de inyecci\u00f3n de tinta port\u00e1til <\/p>\n<p>Bater\u00eda: Bater\u00eda de litio x 1 (1500 MAH) (integrada) <\/p>\n<p>Interfaz externa: Puerto TIPO C , Interfaz fotoel\u00e9ctrica <\/p>\n<p>Contenido de impresi\u00f3n: fecha, recuento, n\u00famero de lote, n\u00famero de serie, imagen, etc. <\/p>\n<p>N\u00famero de serie t\u00e9cnico 1 a 9 variable <\/p>\n<p>L\u00edneas de impresi\u00f3n : Ajustable 1 a 3 l\u00edneas <\/p>\n<p>Distancia de impresi\u00f3n: 5 mm (entre el cabezal de impresi\u00f3n y el objeto) <\/p>\n<p>Altura de impresi\u00f3n: ajustable 2-12,7 mm <\/p>\n<p>Precisi\u00f3n de impresi\u00f3n: ajustable 300- 600 ppp <\/p>\n<p>Idiomas: chino simplificado, chino tradicional, ingl\u00e9s, ruso, tailand\u00e9s, espa\u00f1ol, alem\u00e1n, franc\u00e9s, japon\u00e9s, coreano, \u00e1rabe, turco, italiano, <\/p>\n<p>portugu\u00e9s, vietnamita, b\u00falgaro, ucraniano, polaco, hebreo, h\u00fangaro, griego, indonesio, holand\u00e9s, serbio, malayo, filipino, persa <\/p>\n<p>Puertos externos: USB, puerto de 3,5 mm <\/p>\n<p>operativo: Integrado para el operativo RTOS <\/p>\n<p>Tipos de tinta: a base de agua, a base de aceite, tinta UV, cartucho de tinta de 42 ml <\/p>\n<p>Contenido de impresi\u00f3n: caracteres chinos e ingleses, c\u00f3digo 2D din\u00e1mico, c\u00f3digo de barras, gr\u00e1ficos, n\u00famero de serie, fecha, base de datos variable, etc. <\/p>\n<p>Materiales de impresi\u00f3n: cart\u00f3n, pl\u00e1stico, madera, tuber\u00edas, piedra, cables, envases industriales, alimentos farmac\u00e9uticos <\/p>\n<p>  <\/p>\n<p>Lista de paquetes <\/p>\n<\/p>\n<p>1 x Impresora1 x Cartucho de tinta1 x Cable USB1 x Placa de fijaci\u00f3n de impresi\u00f3n1 x l\u00e1piz t\u00e1ctil7 x accesorios1 x instrucciones Manual          <\/p>\n<p> Product Dimensions                                            \u200f                                            :                                            \u200e                                            25 x 11 x 8 cm; 458 g   <br \/> Manufacturer                                            \u200f                                            :                                            \u200e                                            Sxhlseller   <br \/> ASIN                                            \u200f                                            :                                            \u200e                                            B0DQ5X8XZX   <br \/> Item model number                                            \u200f                                            :                                            \u200e                                            Sxhlsellera4ew1c7r2b   <br \/> Country\/Region of Origin                                            \u200f                                            :                                            \u200e                                            China   <br \/> Guaranteed software updates until                                            \u200f                                            :                                            \u200e                                            unknown   <br \/>  Customer reviews:                                                                                            3.2               3.2 out of 5 stars                                  (5)                                              var dpAcrHasRegisteredArcLinkClickAction;                    P.when(&#8216;A&#8217;, &#8216;ready&#8217;).execute(function(A) {                        if (dpAcrHasRegisteredArcLinkClickAction !== true) {                            dpAcrHasRegisteredArcLinkClickAction = true;                            A.declarative(                                &#8216;acrLink-click-metrics&#8217;, &#8216;click&#8217;,                                { \u00aballowLinkDefault\u00bb: true },                                function (event) {                                    if (window.ue) {                                        ue.count(\u00abacrLinkClickCount\u00bb, (ue.count(\u00abacrLinkClickCount\u00bb) || 0) + 1);                                    }                                }                            );                        }                    });                                             P.when(&#8216;A&#8217;, &#8216;cf&#8217;).execute(function(A) {                A.declarative(&#8216;acrStarsLink-click-metrics&#8217;, &#8216;click&#8217;, { \u00aballowLinkDefault\u00bb : true },  function(event){                    if(window.ue) {                        ue.count(\u00abacrStarsLinkWithPopoverClickCount\u00bb, (ue.count(\u00abacrStarsLinkWithPopoverClickCount\u00bb) || 0) + 1);                    }                });            });                          <\/p>\n<p>Versatile and portable: This compact printer is designed for flexibility and convenience, and is capable of printing in various irregular appearances in multiple configurations with ease.<br \/>Excellent performance: Equipped with an intelligent quad-core CPU and a high-capacity battery, our mini printer ensures smooth, continuous performance for all your printing tasks.<br \/>Wide range of printing options: From text to barcodes, our portable printer meets various printing needs on materials such as wood, acrylic, fabric and leather, bringing your ideas to life.<br \/>Convenient USB C connectivity: Easily import special images or QR codes directly from your computer using a USB C connection, eliminating the need for USB drives and ensuring seamless printing.<br \/>HD Touch Screen: Enjoy a user interface with our HD LED touch screen, this printer provides an intuitive experience that feels like using your smartphone.<\/p>\n\n","protected":false},"excerpt":{"rendered":"<p> Product Description Codificaci\u00f3n compacta y flexible F\u00e1cil de transportar, puede rociar una variedad de superficies<\/p>","protected":false},"featured_media":32965,"comment_status":"open","ping_status":"closed","template":"","meta":[],"product_brand":[],"product_cat":[57],"product_tag":[6463,9197,2140,2903,2134,2126,7747,2129,1980,1953,1961,2145,2142,9437,215,2143,2132,290,1962,301,842,293,515,2136],"class_list":{"0":"post-32964","1":"product","2":"type-product","3":"status-publish","4":"has-post-thumbnail","6":"product_cat-inkjet-printers","7":"product_tag-12-7mm","8":"product_tag-600dpi","9":"product_tag-best-inkjet-printer","10":"product_tag-cartridge","11":"product_tag-cheap-inkjet-printer","12":"product_tag-color-inkjet-printer","13":"product_tag-dry","14":"product_tag-home-inkjet-printer","15":"product_tag-ink","16":"product_tag-ink-tank-printer","17":"product_tag-inkjet","18":"product_tag-inkjet-printer","19":"product_tag-inkjet-printer-price","20":"product_tag-languages","21":"product_tag-mini","22":"product_tag-office-inkjet-printer","23":"product_tag-photo-inkjet-printer","24":"product_tag-portable","25":"product_tag-printer","26":"product_tag-quick","27":"product_tag-screen","28":"product_tag-small","29":"product_tag-touch","30":"product_tag-wireless-inkjet-printer","32":"first","33":"instock","34":"shipping-taxable","35":"product-type-external"},"_links":{"self":[{"href":"https:\/\/comprasyconsejos.store\/en\/wp-json\/wp\/v2\/product\/32964","targetHints":{"allow":["GET"]}}],"collection":[{"href":"https:\/\/comprasyconsejos.store\/en\/wp-json\/wp\/v2\/product"}],"about":[{"href":"https:\/\/comprasyconsejos.store\/en\/wp-json\/wp\/v2\/types\/product"}],"replies":[{"embeddable":true,"href":"https:\/\/comprasyconsejos.store\/en\/wp-json\/wp\/v2\/comments?post=32964"}],"version-history":[{"count":0,"href":"https:\/\/comprasyconsejos.store\/en\/wp-json\/wp\/v2\/product\/32964\/revisions"}],"wp:featuredmedia":[{"embeddable":true,"href":"https:\/\/comprasyconsejos.store\/en\/wp-json\/wp\/v2\/media\/32965"}],"wp:attachment":[{"href":"https:\/\/comprasyconsejos.store\/en\/wp-json\/wp\/v2\/media?parent=32964"}],"wp:term":[{"taxonomy":"product_brand","embeddable":true,"href":"https:\/\/comprasyconsejos.store\/en\/wp-json\/wp\/v2\/product_brand?post=32964"},{"taxonomy":"product_cat","embeddable":true,"href":"https:\/\/comprasyconsejos.store\/en\/wp-json\/wp\/v2\/product_cat?post=32964"},{"taxonomy":"product_tag","embeddable":true,"href":"https:\/\/comprasyconsejos.store\/en\/wp-json\/wp\/v2\/product_tag?post=32964"}],"curies":[{"name":"wp","href":"https:\/\/api.w.org\/{rel}","templated":true}]}}