{"id":32992,"date":"2026-02-23T20:52:35","date_gmt":"2026-02-23T20:52:35","guid":{"rendered":"https:\/\/comprasyconsejos.store\/product\/benq-pd2706u-27-inch-4k-monitor-90w-usb-c-uhd-p3-displayhdr-400-ips-panel-factory-calibrated-dualview-darkroom-animation-cad-cam-epaper-hotkey-puck-g2-and-kvm\/"},"modified":"2026-02-23T20:52:41","modified_gmt":"2026-02-23T20:52:41","slug":"benq-pd2706u-27-inch-4k-monitor-90w-usb-c-uhd-p3-displayhdr-400-ips-panel-factory-calibrated-dualview-darkroom-animation-cad-cam-epaper-hotkey-puck-g2-and-kvm","status":"publish","type":"product","link":"https:\/\/comprasyconsejos.store\/en\/product\/benq-pd2706u-27-inch-4k-monitor-90w-usb-c-uhd-p3-displayhdr-400-ips-panel-factory-calibrated-dualview-darkroom-animation-cad-cam-epaper-hotkey-puck-g2-and-kvm\/","title":{"rendered":"BenQ PD2706U 27-Inch 4K Monitor, 90W USB-C UHD, P3, DisplayHDR 400, IPS Panel, Factory Calibrated, DualView, Darkroom, Animation, CAD\/CAM, ePaper, Hotkey Puck G2 and KVM"},"content":{"rendered":"<p>Price: <span style=\"color:#b12704\"><del>\u20ac449.90<\/del> - \u20ac428.54<\/span><br \/><i><small>(as of Feb 23, 2026 20:52:35 UTC &#8211; <span class=\"wp_automatic_amazon_disclaimer\" title=\"Product prices and availability are accurate as of the date\/time indicated and are subject to change. Any price and availability information displayed on [relevant Amazon Site(s), as applicable] at the time of purchase will apply to the purchase of this product.\">Details<\/span>)<\/small><\/i><\/p>\n<p><a href=\"https:\/\/amazon.es\/dp\/B0BZ4Q53BX?tag=man008-21\"><img decoding=\"async\" src=\"https:\/\/valvepress.s3.amazonaws.com\/imgs\/buy_now.png\"><\/a><br \/>\n<\/p>\n<p>                                             From the manufacturer   <\/p>\n<p>                                                                                                       <img decoding=\"async\" alt=\"Escena submarina espectacular con una iluminaci\u00f3n azul brillante que muestra la silueta de un barco o embarcaci\u00f3n contra un fondo acu\u00e1tico iluminado.\" src=\"https:\/\/images-na.ssl-images-amazon.com\/images\/G\/01\/x-locale\/common\/grey-pixel.gif\" class=\"a-lazy-loaded\" data-src=\"https:\/\/m.media-amazon.com\/images\/S\/aplus-media-library-service-media\/1f2c553e-67b8-4bba-9790-cb2108eda1d6.__CR0,0,1465,600_PT0_SX1464_V1___.jpg\"><img decoding=\"async\" alt=\"Escena submarina espectacular con una iluminaci\u00f3n azul brillante que muestra la silueta de un barco o embarcaci\u00f3n contra un fondo acu\u00e1tico iluminado.\" src=\"https:\/\/m.media-amazon.com\/images\/S\/aplus-media-library-service-media\/1f2c553e-67b8-4bba-9790-cb2108eda1d6.__CR0,0,1465,600_PT0_SX1464_V1___.jpg\">                                               <\/p>\n<p>                                                                                                                  <img decoding=\"async\" alt=\"El texto dice: \u00abAOCOLOR\u00bb con el lema \u00abColores en los que puedes confiar\u00bb. Fondo degradado morado y azul con elementos de texto adicionales en la parte inferior.\" src=\"https:\/\/m.media-amazon.com\/images\/S\/aplus-media-library-service-media\/eed6d6fa-5118-466e-804a-2624e3bcc625.__CR0,0,1465,600_PT0_SX1464_V1___.jpg\">                                                                                                                        <\/p>\n<p class=\"description aplus-p1\"> Los profesionales creativos exigen confianza en el color, y BenQ la ofrece. <\/p>\n<p>                                                      <img decoding=\"async\" alt=\"Obra de arte digital abstracta con estelas de luz multicolor en espiral sobre un fondo oscuro, creando patrones din\u00e1micos y fluidos en colores ne\u00f3n.\" src=\"https:\/\/m.media-amazon.com\/images\/S\/aplus-media-library-service-media\/d194d715-4743-4244-b67c-286ed62b44c2.__CR0,0,1465,600_PT0_SX1464_V1___.jpg\">                                                                                                                        <\/p>\n<p class=\"description aplus-p1\"> El PD2706U cubre el 95\u202f% del espacio P3, el 100\u202f% sRGB y el 100\u202f% Rec.709 con Delta E \u2264 3. <\/p>\n<p>                                                      <img decoding=\"async\" alt=\"Persona con camisa rosa sentada en el escritorio, primer plano de las manos y el tel\u00e9fono sobre la superficie de la mesa.\" src=\"https:\/\/m.media-amazon.com\/images\/S\/aplus-media-library-service-media\/bd07e70d-d65f-4792-b3ab-cada0a1c0e69.__CR0,0,1465,600_PT0_SX1464_V1___.jpg\">                                                                                                                        <\/p>\n<p class=\"description aplus-p1\"> Disfruta de un color aut\u00e9ntico de esquina a esquina y una luminancia uniforme. <\/p>\n<p>                                                      <img decoding=\"async\" alt=\"El texto muestra \u00abCalman verificado\u00bb. La documentaci\u00f3n t\u00e9cnica y la certificaci\u00f3n se muestran sobre un fondo azul oscuro con tablas de medici\u00f3n y especificaciones.\" src=\"https:\/\/m.media-amazon.com\/images\/S\/aplus-media-library-service-media\/6d29ad5a-ed0a-41da-8627-0d7ba37e6a4d.__CR0,0,1465,600_PT0_SX1464_V1___.jpg\">                                                                                                                        <\/p>\n<p class=\"description aplus-p1\"> Precalibrado con certificaci\u00f3n: CalMan verificado y Pantone \/ Pantone SkinTone validado. <\/p>\n<p>                            1 La ventaja de AQCOLOR <\/p>\n<p>                            2 P3, sRGB,Rec.709, Delta E <\/p>\n<p>                            3 Tecnolog\u00eda uniforme <\/p>\n<p>                            4 Uso inmediato <\/p>\n<p>                                                                                                       <img decoding=\"async\" alt=\"El texto dice: \u00abVESA DisplayHDR 400\u00bb. Banner promocional azul oscuro que muestra la silueta de una monta\u00f1a sobre un fondo de cielo estrellado.\" src=\"https:\/\/images-na.ssl-images-amazon.com\/images\/G\/01\/x-locale\/common\/grey-pixel.gif\" class=\"a-lazy-loaded\" data-src=\"https:\/\/m.media-amazon.com\/images\/S\/aplus-media-library-service-media\/ccc61333-7498-4e7f-b4fb-75f795ac8056.__CR0,0,1465,600_PT0_SX1464_V1___.jpg\"><img decoding=\"async\" alt=\"El texto dice: \u00abVESA DisplayHDR 400\u00bb. Banner promocional azul oscuro que muestra la silueta de una monta\u00f1a sobre un fondo de cielo estrellado.\" src=\"https:\/\/m.media-amazon.com\/images\/S\/aplus-media-library-service-media\/ccc61333-7498-4e7f-b4fb-75f795ac8056.__CR0,0,1465,600_PT0_SX1464_V1___.jpg\">                                                 Tecnolog\u00eda HDR \u200b                                                                           <\/p>\n<p class=\"aplus-p2 aplus-module-2-description\"> DisplayHDR 400 ofrece mejores resultados al trabajar en dise\u00f1os gracias a un brillo superior, mayor uniformidad de color y mejor nivel de negros. <\/p>\n<p>                                                                                                                    <img decoding=\"async\" alt=\"aplus content image\" src=\"https:\/\/m.media-amazon.com\/images\/S\/aplus-media-library-service-media\/20d18f14-d3ab-4685-ae87-1d345c2218cc.__CR0,0,1465,600_PT0_SX1464_V1___.jpg\">                                                                                                                        <\/p>\n<p class=\"description aplus-p1\"> El monitor PD2706U ofrece modos de visualizaci\u00f3n para obtener resultados profesionales. <\/p>\n<p>                                                      <img decoding=\"async\" alt=\"Diagramas t\u00e9cnicos o arquitect\u00f3nicos abstractos con dibujos lineales azules y naranjas sobre fondo oscuro, que muestran varios patrones y dise\u00f1os geom\u00e9tricos.\" src=\"https:\/\/m.media-amazon.com\/images\/S\/aplus-media-library-service-media\/2961f17e-8b26-473c-9981-2932fc398766.__CR0,0,1465,600_PT0_SX1464_V1___.jpg\">                                                                                                                        <\/p>\n<p class=\"description aplus-p1\"> Disfruta de un contraste superior en l\u00edneas y formas en ilustraciones t\u00e9cnicas <\/p>\n<p>                                                      <img decoding=\"async\" alt=\"aplus content image\" src=\"https:\/\/m.media-amazon.com\/images\/S\/aplus-media-library-service-media\/ef27be44-6b05-4370-b59f-cbafac846f49.__CR0,0,1465,600_PT0_SX1464_V1___.jpg\">                                                                                                                        <\/p>\n<p class=\"description aplus-p1\"> Mejora la claridad de las zonas oscuras sin sobreexponer las \u00e1reas brillantes en animaci\u00f3n 3D <\/p>\n<p>                                                      <img decoding=\"async\" alt=\"Serie de escaneos de im\u00e1genes t\u00e9rmicas que muestran patrones de distribuci\u00f3n del calor en colores brillantes sobre un fondo oscuro y muestran varias zonas de temperatura en rojo, amarillo y azul.\" src=\"https:\/\/m.media-amazon.com\/images\/S\/aplus-media-library-service-media\/ac84c6ee-5d00-402b-bf65-52d86e7afec9.__CR0,0,1465,600_PT0_SX1464_V1___.jpg\">                                                                                                                        <\/p>\n<p class=\"description aplus-p1\"> Muestra los dise\u00f1os en dos modos uno al lado del otro para mejorar el flujo de trabajo <\/p>\n<p>                                                      <img decoding=\"async\" alt=\"aplus content image\" src=\"https:\/\/m.media-amazon.com\/images\/S\/aplus-media-library-service-media\/0208a85f-5e9b-4e46-9a0f-de69c1d15f7b.__CR0,0,1465,600_PT0_SX1464_V1___.jpg\">                                                                                                                        <\/p>\n<p class=\"description aplus-p1\"> Simula un libro electr\u00f3nico para leer y editar publicaciones digitales c\u00f3modamente <\/p>\n<p>                            1 Modos profesionales <\/p>\n<p>                            2 Modo CAD\/CAM \u200b <\/p>\n<p>                            3 Modo animaci\u00f3n\u200b <\/p>\n<p>                            4 Modo DualView  <\/p>\n<p>                            5 Modo ePaper\u200b <\/p>\n<p>                                                                                                                    <img decoding=\"async\" alt=\"Imagen oscura que muestra una colorida pantalla iluminada o con patrones vibrantes en forma de arco\u00edris.\" src=\"https:\/\/m.media-amazon.com\/images\/S\/aplus-media-library-service-media\/29cee682-1eca-4c54-aaf8-5cefb71cf92d.__CR0,0,1464,600_PT0_SX1464_V1___.jpg\">                                                                                                                        <\/p>\n<p class=\"description aplus-p1\"> Pantone Connect Premium incluido durante un a\u00f1o con un monitor profesional BenQ. <\/p>\n<p>                                                      <img decoding=\"async\" alt=\"aplus content image\" src=\"https:\/\/m.media-amazon.com\/images\/S\/aplus-media-library-service-media\/a23df718-f544-49d2-a033-e3af7d64fc06.__CR0,0,1465,600_PT0_SX1464_V1___.jpg\">                                                                                                                        <\/p>\n<p class=\"description aplus-p1\"> Controla el contenido de dos sistemas PC diferentes en una sola pantalla.. <\/p>\n<p>                                                      <img decoding=\"async\" alt=\"Serie de fotograf\u00edas de color naranja que muestran siluetas y efectos de iluminaci\u00f3n atmosf\u00e9rica en un arreglo art\u00edstico.\" src=\"https:\/\/m.media-amazon.com\/images\/S\/aplus-media-library-service-media\/b00a4d14-370d-4788-ba0f-f56eae408f4a.__CR0,0,1465,600_PT0_SX1464_V1___.jpg\">                                                                                                                        <\/p>\n<p class=\"description aplus-p1\"> Preconfigura tres teclas y una tecla de rotaci\u00f3n. Ajusta el brillo, contraste y volumen. <\/p>\n<p>                                                      <img decoding=\"async\" alt=\"Pantalla de interfaz que muestra los iconos de conectividad, incluidos los indicadores de WiFi, alimentaci\u00f3n, pantalla y estado de conexi\u00f3n sobre un fondo oscuro.\" src=\"https:\/\/m.media-amazon.com\/images\/S\/aplus-media-library-service-media\/4371e535-783a-4387-8409-0278f95fe559.__CR0,0,1465,600_PT0_SX1464_V1___.jpg\">                                                                                                                        <\/p>\n<p class=\"description aplus-p1\"> Ofrece transmisi\u00f3n ultrarr\u00e1pida de v\u00eddeo, audio y datos, adem\u00e1s de suministro de energ\u00eda <\/p>\n<p>                                                      <img decoding=\"async\" alt=\"La pantalla oscura de la computadora muestra el c\u00f3digo o la interfaz t\u00e9cnica en un entorno con poca luz.\" src=\"https:\/\/m.media-amazon.com\/images\/S\/aplus-media-library-service-media\/045dbe10-a7c0-494b-850d-8cd554603173.__CR0,0,1465,600_PT0_SX1464_V1___.jpg\">                                                                                                                        <\/p>\n<p class=\"description aplus-p1\"> El software BenQ Display Pilot simplifica el flujo de trabajo con mayor comodidad y flexibilidad. <\/p>\n<p>                            1 Pantone Connect Premium <\/p>\n<p>                            2 KVM Switch <\/p>\n<p>                            3 Hotkey Puck G2 <\/p>\n<p>                            4 90W USB-C <\/p>\n<p>                            5 Display Pilot <\/p>\n<p>                                                                                                       <img decoding=\"async\" alt=\"aplus content image\" src=\"https:\/\/images-na.ssl-images-amazon.com\/images\/G\/01\/x-locale\/common\/grey-pixel.gif\" class=\"a-lazy-loaded\" data-src=\"https:\/\/m.media-amazon.com\/images\/S\/aplus-media-library-service-media\/20212ed9-a1c1-4ffe-90bc-7063e5e981d4.__CR0,0,1465,600_PT0_SX1464_V1___.jpg\"><img decoding=\"async\" alt=\"aplus content image\" src=\"https:\/\/m.media-amazon.com\/images\/S\/aplus-media-library-service-media\/20212ed9-a1c1-4ffe-90bc-7063e5e981d4.__CR0,0,1465,600_PT0_SX1464_V1___.jpg\">                                                                                    Tecnolog\u00eda de cuidado ocular                                        <\/p>\n<p class=\"aplus-p2 aplus-module-2-description\"> La tecnolog\u00eda Eye-Care de BenQ, l\u00edder en el sector, reduce la fatiga ocular y garantiza un mayor confort ocular durante largos periodos de uso. <\/p>\n<p> Is discontinued by manufacturer                                            \u200f                                            :                                            \u200e                                            No   <br \/> Product Dimensions                                            \u200f                                            :                                            \u200e                                            8.77 x 61.38 x 36.76 cm; 8.3 kg   <br \/> Manufacturer                                            \u200f                                            :                                            \u200e                                            BenQ   <br \/> ASIN                                            \u200f                                            :                                            \u200e                                            B0BZ4Q53BX   <br \/> Item model number                                            \u200f                                            :                                            \u200e                                            PD2706U   <br \/> Guaranteed software updates until                                            \u200f                                            :                                            \u200e                                            unknown   <br \/>  Customer reviews:                                                                                            4.5               4.5 out of 5 stars                                  (89)                                              var dpAcrHasRegisteredArcLinkClickAction;                    P.when(&#8216;A&#8217;, &#8216;ready&#8217;).execute(function(A) {                        if (dpAcrHasRegisteredArcLinkClickAction !== true) {                            dpAcrHasRegisteredArcLinkClickAction = true;                            A.declarative(                                &#8216;acrLink-click-metrics&#8217;, &#8216;click&#8217;,                                { \u00aballowLinkDefault\u00bb: true },                                function (event) {                                    if (window.ue) {                                        ue.count(\u00abacrLinkClickCount\u00bb, (ue.count(\u00abacrLinkClickCount\u00bb) || 0) + 1);                                    }                                }                            );                        }                    });                                             P.when(&#8216;A&#8217;, &#8216;cf&#8217;).execute(function(A) {                A.declarative(&#8216;acrStarsLink-click-metrics&#8217;, &#8216;click&#8217;, { \u00aballowLinkDefault\u00bb : true },  function(event){                    if(window.ue) {                        ue.count(\u00abacrStarsLinkWithPopoverClickCount\u00bb, (ue.count(\u00abacrStarsLinkWithPopoverClickCount\u00bb) || 0) + 1);                    }                });            });                          <\/p>\n<p>AQCOLOR Technology: 95% P3, 100% sRGB\/Rec.709, Delta E \u2264 3 accuracy in an IPS panel, Pantone, Pantone SkinTone validated and verified by Calman<br \/>90W USB C &#8211; With 90W USB-C to sync pictures, videos, data seamlessly and charge your Mac devices all with one cable<br \/>Video Keyboard and Mouse Switch (KVM) &#8211; Displays the contents of two PC systems using a keyboard and mouse set to save space and increase work efficiency<br \/>BENQ ICCSYNC: BenQ ICCsync can be done in minutes via BenQ Display rider<br \/>EYE-CARE TECHNOLOGY &#8211; Ensures visual comfort with flicker-free, anti-glare and low blue light technology, preventing eye fatigue<\/p>\n\n","protected":false},"excerpt":{"rendered":"<p> From the manufacturer Los profesionales creativos exigen confianza en el color, y BenQ la ofrece.<\/p>","protected":false},"featured_media":32993,"comment_status":"open","ping_status":"closed","template":"","meta":[],"product_brand":[],"product_cat":[53],"product_tag":[1768,1804,1801,1802,1805,1803,1799,1807,3143,7328,5658,1806,9448,9445,9447,3624,9446,9449,3370,1361,703,4837,844,1033,9444,1808,9450,684,1800,188],"class_list":{"0":"post-32992","1":"product","2":"type-product","3":"status-publish","4":"has-post-thumbnail","6":"product_cat-4k-monitors","7":"product_tag-27inch","8":"product_tag-32-inch-4k-monitor","9":"product_tag-3840x2160-monitor","10":"product_tag-4k-gaming-monitor","11":"product_tag-4k-hdr-monitor","12":"product_tag-4k-ips-monitor","13":"product_tag-4k-monitor","14":"product_tag-4k-monitor-price","15":"product_tag-90w","16":"product_tag-animation","17":"product_tag-benq","18":"product_tag-best-4k-monitor","19":"product_tag-cadcam","20":"product_tag-calibrated","21":"product_tag-darkroom","22":"product_tag-displayhdr","23":"product_tag-dualview","24":"product_tag-epaper","25":"product_tag-factory","26":"product_tag-hotkey","27":"product_tag-ips","28":"product_tag-kvm","29":"product_tag-monitor","30":"product_tag-panel","31":"product_tag-pd2706u","32":"product_tag-professional-4k-monitor","33":"product_tag-puck","34":"product_tag-uhd","35":"product_tag-uhd-monitor","36":"product_tag-usbc","38":"first","39":"instock","40":"sale","41":"shipping-taxable","42":"product-type-external"},"_links":{"self":[{"href":"https:\/\/comprasyconsejos.store\/en\/wp-json\/wp\/v2\/product\/32992","targetHints":{"allow":["GET"]}}],"collection":[{"href":"https:\/\/comprasyconsejos.store\/en\/wp-json\/wp\/v2\/product"}],"about":[{"href":"https:\/\/comprasyconsejos.store\/en\/wp-json\/wp\/v2\/types\/product"}],"replies":[{"embeddable":true,"href":"https:\/\/comprasyconsejos.store\/en\/wp-json\/wp\/v2\/comments?post=32992"}],"version-history":[{"count":0,"href":"https:\/\/comprasyconsejos.store\/en\/wp-json\/wp\/v2\/product\/32992\/revisions"}],"wp:featuredmedia":[{"embeddable":true,"href":"https:\/\/comprasyconsejos.store\/en\/wp-json\/wp\/v2\/media\/32993"}],"wp:attachment":[{"href":"https:\/\/comprasyconsejos.store\/en\/wp-json\/wp\/v2\/media?parent=32992"}],"wp:term":[{"taxonomy":"product_brand","embeddable":true,"href":"https:\/\/comprasyconsejos.store\/en\/wp-json\/wp\/v2\/product_brand?post=32992"},{"taxonomy":"product_cat","embeddable":true,"href":"https:\/\/comprasyconsejos.store\/en\/wp-json\/wp\/v2\/product_cat?post=32992"},{"taxonomy":"product_tag","embeddable":true,"href":"https:\/\/comprasyconsejos.store\/en\/wp-json\/wp\/v2\/product_tag?post=32992"}],"curies":[{"name":"wp","href":"https:\/\/api.w.org\/{rel}","templated":true}]}}