{"id":33016,"date":"2026-02-23T21:13:59","date_gmt":"2026-02-23T21:13:59","guid":{"rendered":"https:\/\/comprasyconsejos.store\/product\/kf-concept-55mm-lens-cap-snap-on-front-camera-lens-covers-1pcs-elastic-cap-for-fujifilm-lens-2pcs-cleaning-cloth-for-canon-nikon-sony-olympus\/"},"modified":"2026-02-23T21:14:04","modified_gmt":"2026-02-23T21:14:04","slug":"kf-concept-55mm-lens-cap-snap-on-front-camera-lens-covers-1pcs-elastic-cap-for-fujifilm-lens-2pcs-cleaning-cloth-for-canon-nikon-sony-olympus","status":"publish","type":"product","link":"https:\/\/comprasyconsejos.store\/en\/product\/kf-concept-55mm-lens-cap-snap-on-front-camera-lens-covers-1pcs-elastic-cap-for-fujifilm-lens-2pcs-cleaning-cloth-for-canon-nikon-sony-olympus\/","title":{"rendered":"K&#038;F Concept 55mm Lens Cap, Snap-on Front Camera Lens Covers + 1PCS Elastic Cap for Fujifilm Lens+ 2pcs Cleaning Cloth for Canon Nikon Sony Olympus"},"content":{"rendered":"<p>Price: <span style=\"color:#b12704\"><del>\u20ac6.59<\/del> - \u20ac6.26<\/span><br \/><i><small>(as of Feb 23, 2026 21:13:59 UTC &#8211; <span class=\"wp_automatic_amazon_disclaimer\" title=\"Product prices and availability are accurate as of the date\/time indicated and are subject to change. Any price and availability information displayed on [relevant Amazon Site(s), as applicable] at the time of purchase will apply to the purchase of this product.\">Details<\/span>)<\/small><\/i><\/p>\n<p><a href=\"https:\/\/amazon.es\/dp\/B0C5HSYDPG?tag=man008-21\"><img decoding=\"async\" src=\"https:\/\/valvepress.s3.amazonaws.com\/imgs\/buy_now.png\"><\/a><br \/>\n<\/p>\n<p>                                             From the brand   <\/p>\n<p>                                              <img decoding=\"async\" alt=\"FILTRO DE LENTE\" src=\"https:\/\/images-na.ssl-images-amazon.com\/images\/G\/01\/x-locale\/common\/grey-pixel.gif\" class=\"a-lazy-loaded\" data-src=\"https:\/\/m.media-amazon.com\/images\/S\/aplus-media-library-service-media\/627cfca3-fbab-435a-94b6-02d12c9ed148.__CR0,1,1464,625_PT0_SX1464_V1___.jpg\"><img decoding=\"async\" alt=\"FILTRO DE LENTE\" src=\"https:\/\/m.media-amazon.com\/images\/S\/aplus-media-library-service-media\/627cfca3-fbab-435a-94b6-02d12c9ed148.__CR0,1,1464,625_PT0_SX1464_V1___.jpg\">  <\/p>\n<p>                                              <img decoding=\"async\" alt=\"Texto en espa\u00f1ol que describe la filosof\u00eda de una empresa seg\u00fan la cual la percepci\u00f3n \u00fanica es el origen de todo, mencionando K&amp;amp;F Concept\" src=\"https:\/\/images-na.ssl-images-amazon.com\/images\/G\/01\/x-locale\/common\/grey-pixel.gif\" class=\"a-lazy-loaded\" data-src=\"https:\/\/m.media-amazon.com\/images\/S\/aplus-media-library-service-media\/967daa48-faae-43b1-8c05-e1d0e85a4f87.__CR0,0,364,455_PT0_SX362_V1___.jpg\"><img decoding=\"async\" alt=\"Texto en espa\u00f1ol que describe la filosof\u00eda de una empresa seg\u00fan la cual la percepci\u00f3n \u00fanica es el origen de todo, mencionando K&amp;amp;F Concept\" src=\"https:\/\/m.media-amazon.com\/images\/S\/aplus-media-library-service-media\/967daa48-faae-43b1-8c05-e1d0e85a4f87.__CR0,0,364,455_PT0_SX362_V1___.jpg\">  <\/p>\n<p>                                              <img decoding=\"async\" alt=\"aplus content image\" src=\"https:\/\/images-na.ssl-images-amazon.com\/images\/G\/01\/x-locale\/common\/grey-pixel.gif\" class=\"a-lazy-loaded\" data-src=\"https:\/\/m.media-amazon.com\/images\/S\/aplus-media-library-service-media\/aac54959-f0a7-4eae-bec7-caadcba532da.__CR0,0,364,455_PT0_SX362_V1___.jpg\"><img decoding=\"async\" alt=\"aplus content image\" src=\"https:\/\/m.media-amazon.com\/images\/S\/aplus-media-library-service-media\/aac54959-f0a7-4eae-bec7-caadcba532da.__CR0,0,364,455_PT0_SX362_V1___.jpg\">  <\/p>\n<h3> Brazo M\u00e1gico <\/h3>\n<h3> Soporte con ventosa <\/h3>\n<h3> Accesorios para soportes <\/h3>\n<h3> Accesorios para c\u00e1maras <\/h3>\n<h3> Estuche para tarjetas de mem <\/h3>\n<h3> Juego de tapas para objetivos <\/h3>\n<h3> Parasol para lente de c\u00e1mara <\/h3>\n<h3> Protector de pantalla Sony <\/h3>\n<h3> Protector de pantalla Canon <\/h3>\n<h3> Protector de pantalla Fujifilm <\/h3>\n<p>                                              <img decoding=\"async\" alt=\"aplus content image\" src=\"https:\/\/images-na.ssl-images-amazon.com\/images\/G\/01\/x-locale\/common\/grey-pixel.gif\" class=\"a-lazy-loaded\" data-src=\"https:\/\/m.media-amazon.com\/images\/S\/aplus-media-library-service-media\/6c995ea5-dab7-4f9a-a284-9feca6ffbc38.__CR0,0,364,455_PT0_SX362_V1___.jpg\"><img decoding=\"async\" alt=\"aplus content image\" src=\"https:\/\/m.media-amazon.com\/images\/S\/aplus-media-library-service-media\/6c995ea5-dab7-4f9a-a284-9feca6ffbc38.__CR0,0,364,455_PT0_SX362_V1___.jpg\">  <\/p>\n<p> Product Dimensions                                            \u200f                                            :                                            \u200e                                            2 x 11 x 11 cm; 32 g   <br \/> Date First Available                                            \u200f                                            :                                            \u200e                                            17 May 2023   <br \/> Manufacturer                                            \u200f                                            :                                            \u200e                                            \u200eShenzhen Zhuoer Photograph   <br \/> ASIN                                            \u200f                                            :                                            \u200e                                            B0C5HSYDPG   <br \/> Item model number                                            \u200f                                            :                                            \u200e                                            SKU.2108   <br \/> Country of origin                                            \u200f                                            :                                            \u200e                                            China   <br \/> Guaranteed software updates until                                            \u200f                                            :                                            \u200e                                            unknown   <br \/>       Best Sellers Rank:  4 in Camera Lens Caps       <br \/>  Customer reviews:                                                                                            4.5               4.5 out of 5 stars                                  (2,881)                                              var dpAcrHasRegisteredArcLinkClickAction;                    P.when(&#8216;A&#8217;, &#8216;ready&#8217;).execute(function(A) {                        if (dpAcrHasRegisteredArcLinkClickAction !== true) {                            dpAcrHasRegisteredArcLinkClickAction = true;                            A.declarative(                                &#8216;acrLink-click-metrics&#8217;, &#8216;click&#8217;,                                { \u00aballowLinkDefault\u00bb: true },                                function (event) {                                    if (window.ue) {                                        ue.count(\u00abacrLinkClickCount\u00bb, (ue.count(\u00abacrLinkClickCount\u00bb) || 0) + 1);                                    }                                }                            );                        }                    });                                             P.when(&#8216;A&#8217;, &#8216;cf&#8217;).execute(function(A) {                A.declarative(&#8216;acrStarsLink-click-metrics&#8217;, &#8216;click&#8217;, { \u00aballowLinkDefault\u00bb : true },  function(event){                    if(window.ue) {                        ue.count(\u00abacrStarsLinkWithPopoverClickCount\u00bb, (ue.count(\u00abacrStarsLinkWithPopoverClickCount\u00bb) || 0) + 1);                    }                });            });                          <\/p>\n<p>Package includes 1 high quality plastic center lens caps + 1 universal elastic lens protectors + 2 cleaning cloth<br \/>The lens cap is made of high-quality ABS, lightweight and durable, can be used with filters and lens hood simultaneously<br \/>Protection The lens cover protects your delicate lens from dust, dirt and scratches. While the lens cap holder helps you avoid losing the camera cap<br \/>Easy to use: you can simply pinch the middle of this lens cap to quickly attach it to the front of the camera lens, as for the lens cap protector, attached with the 3M adhesive pad or loop through the cap fixing hole<br \/>\u00d855mm:Your camera&#8217;s lens thread size will be marked somewhere on the lens barrel or printed under the lens cap. This number is always preceded by a symbol of \u00ab\u00d8\u00bb (diameter). Show \u00d855, welcome to buy this durable lens cap to protect your valuable camera lens.<\/p>\n\n","protected":false},"excerpt":{"rendered":"<p> From the brand Brazo M\u00e1gico Soporte con ventosa Accesorios para soportes Accesorios para c\u00e1maras Estuche<\/p>","protected":false},"featured_media":33017,"comment_status":"open","ping_status":"closed","template":"","meta":[],"product_brand":[],"product_cat":[96],"product_tag":[9457,1339,3574,1858,681,1859,1861,2184,9455,2547,1708,3809,4075,1854,1855,9458,1911,3106,2160,1856,3094,4421,1863,1860,9456,2155,1862,1857],"class_list":{"0":"post-33016","1":"product","2":"type-product","3":"status-publish","4":"has-post-thumbnail","6":"product_cat-photo-video","7":"product_tag-1pcs","8":"product_tag-2pcs","9":"product_tag-55mm","10":"product_tag-action-cameras","11":"product_tag-camera","12":"product_tag-camera-accessories","13":"product_tag-camera-lenses","14":"product_tag-canon","15":"product_tag-cap","16":"product_tag-cleaning","17":"product_tag-cloth","18":"product_tag-concept","19":"product_tag-covers","20":"product_tag-digital-cameras","21":"product_tag-dslr-cameras","22":"product_tag-elastic","23":"product_tag-front","24":"product_tag-fujifilm","25":"product_tag-lens","26":"product_tag-mirrorless-cameras","27":"product_tag-nikon","28":"product_tag-olympus","29":"product_tag-photo-equipment","30":"product_tag-professional-camera","31":"product_tag-snapon","32":"product_tag-sony","33":"product_tag-tripods","34":"product_tag-video-cameras","36":"first","37":"instock","38":"sale","39":"shipping-taxable","40":"product-type-external"},"_links":{"self":[{"href":"https:\/\/comprasyconsejos.store\/en\/wp-json\/wp\/v2\/product\/33016","targetHints":{"allow":["GET"]}}],"collection":[{"href":"https:\/\/comprasyconsejos.store\/en\/wp-json\/wp\/v2\/product"}],"about":[{"href":"https:\/\/comprasyconsejos.store\/en\/wp-json\/wp\/v2\/types\/product"}],"replies":[{"embeddable":true,"href":"https:\/\/comprasyconsejos.store\/en\/wp-json\/wp\/v2\/comments?post=33016"}],"version-history":[{"count":0,"href":"https:\/\/comprasyconsejos.store\/en\/wp-json\/wp\/v2\/product\/33016\/revisions"}],"wp:featuredmedia":[{"embeddable":true,"href":"https:\/\/comprasyconsejos.store\/en\/wp-json\/wp\/v2\/media\/33017"}],"wp:attachment":[{"href":"https:\/\/comprasyconsejos.store\/en\/wp-json\/wp\/v2\/media?parent=33016"}],"wp:term":[{"taxonomy":"product_brand","embeddable":true,"href":"https:\/\/comprasyconsejos.store\/en\/wp-json\/wp\/v2\/product_brand?post=33016"},{"taxonomy":"product_cat","embeddable":true,"href":"https:\/\/comprasyconsejos.store\/en\/wp-json\/wp\/v2\/product_cat?post=33016"},{"taxonomy":"product_tag","embeddable":true,"href":"https:\/\/comprasyconsejos.store\/en\/wp-json\/wp\/v2\/product_tag?post=33016"}],"curies":[{"name":"wp","href":"https:\/\/api.w.org\/{rel}","templated":true}]}}