{"id":33035,"date":"2026-02-23T21:22:44","date_gmt":"2026-02-23T21:22:44","guid":{"rendered":"https:\/\/comprasyconsejos.store\/product\/realme-p3-lite-smartphone-white-8256gb-120hz-display-with-visual-comfort-6000-mah-battery-t7250-chipset-50mp-ai-camera-15w-charging-daily-water-resistance-without-adapter\/"},"modified":"2026-02-23T21:22:47","modified_gmt":"2026-02-23T21:22:47","slug":"realme-p3-lite-smartphone-white-8256gb-120hz-display-with-visual-comfort-6000-mah-battery-t7250-chipset-50mp-ai-camera-15w-charging-daily-water-resistance-without-adapter","status":"publish","type":"product","link":"https:\/\/comprasyconsejos.store\/en\/product\/realme-p3-lite-smartphone-white-8256gb-120hz-display-with-visual-comfort-6000-mah-battery-t7250-chipset-50mp-ai-camera-15w-charging-daily-water-resistance-without-adapter\/","title":{"rendered":"realme P3 Lite, Smartphone, White, 8+256GB, 120Hz Display with Visual Comfort, 6000 mAh Battery, T7250 Chipset, 50MP AI Camera, 15W Charging, Daily Water Resistance (without Adapter)"},"content":{"rendered":"<p>Price: <span style=\"color:#b12704\"><del>\u20ac159.99<\/del> - \u20ac129.99<\/span><br \/><i><small>(as of Feb 23, 2026 21:22:44 UTC &#8211; <span class=\"wp_automatic_amazon_disclaimer\" title=\"Product prices and availability are accurate as of the date\/time indicated and are subject to change. Any price and availability information displayed on [relevant Amazon Site(s), as applicable] at the time of purchase will apply to the purchase of this product.\">Details<\/span>)<\/small><\/i><\/p>\n<p><a href=\"https:\/\/amazon.es\/dp\/B0FN7MHQK6?tag=man008-21\"><img decoding=\"async\" src=\"https:\/\/valvepress.s3.amazonaws.com\/imgs\/buy_now.png\"><\/a><br \/>\n<\/p>\n<p>                                             From the brand   <\/p>\n<p>                                              <img decoding=\"async\" alt=\"brand\" src=\"https:\/\/images-na.ssl-images-amazon.com\/images\/G\/01\/x-locale\/common\/grey-pixel.gif\" class=\"a-lazy-loaded\" data-src=\"https:\/\/m.media-amazon.com\/images\/S\/aplus-media-library-service-media\/25df02c5-6d24-44d5-87ad-59593a47b025.__CR0,0,1464,625_PT0_SX1464_V1___.jpg\"><img decoding=\"async\" alt=\"brand\" src=\"https:\/\/m.media-amazon.com\/images\/S\/aplus-media-library-service-media\/25df02c5-6d24-44d5-87ad-59593a47b025.__CR0,0,1464,625_PT0_SX1464_V1___.jpg\">  <\/p>\n<p>                                                         Acerca de realme                                       <\/p>\n<p> realme se fund\u00f3 en mayo de 2018, constituy\u00e9ndose como una que ofrece dispositivos con un alto rendimiento y un dise\u00f1o de moda en el amplio contexto del comercio electr\u00f3nico. <\/p>\n<h3> realme tel\u00e9fonos de alta gama <\/h3>\n<p class=\"apm-brand-story-stores-link\">\n<h3> tel\u00e9fono m\u00f3vil realme <\/h3>\n<p class=\"apm-brand-story-stores-link\">\n<h3> IoT producto <\/h3>\n<p class=\"apm-brand-story-stores-link\">\n<p> Batteries                                            \u200f                                            :                                            \u200e                                            1 C batteries required. (included)   <br \/> Language                                            \u200f                                            :                                            \u200e                                            French, German, Italian, Spanish   <br \/> Package Dimensions                                            \u200f                                            :                                            \u200e                                            18 x 9.1 x 3.7 cm; 360 g   <br \/> Date First Available                                            \u200f                                            :                                            \u200e                                            24 Sept. 2025   <br \/> Manufacturer                                            \u200f                                            :                                            \u200e                                            realme   <br \/> ASIN                                            \u200f                                            :                                            \u200e                                            B0FN7MHQK6   <br \/> Item model number                                            \u200f                                            :                                            \u200e                                            6941764475540   <br \/> Country of origin                                            \u200f                                            :                                            \u200e                                            China   <br \/>       Best Sellers Rank:  1,519 in Electronics (See Top 100 in Electronics)    146 in SIM-Free &#038; Unlocked Mobile Phones      <br \/>  Customer reviews:                                                                                            4.3               4.3 out of 5 stars                                  (121)                                              var dpAcrHasRegisteredArcLinkClickAction;                    P.when(&#8216;A&#8217;, &#8216;ready&#8217;).execute(function(A) {                        if (dpAcrHasRegisteredArcLinkClickAction !== true) {                            dpAcrHasRegisteredArcLinkClickAction = true;                            A.declarative(                                &#8216;acrLink-click-metrics&#8217;, &#8216;click&#8217;,                                { \u00aballowLinkDefault\u00bb: true },                                function (event) {                                    if (window.ue) {                                        ue.count(\u00abacrLinkClickCount\u00bb, (ue.count(\u00abacrLinkClickCount\u00bb) || 0) + 1);                                    }                                }                            );                        }                    });                                             P.when(&#8216;A&#8217;, &#8216;cf&#8217;).execute(function(A) {                A.declarative(&#8216;acrStarsLink-click-metrics&#8217;, &#8216;click&#8217;, { \u00aballowLinkDefault\u00bb : true },  function(event){                    if(window.ue) {                        ue.count(\u00abacrStarsLinkWithPopoverClickCount\u00bb, (ue.count(\u00abacrStarsLinkWithPopoverClickCount\u00bb) || 0) + 1);                    }                });            });                          <\/p>\n<p>[6000mAh Battery]With a large 6000mAh battery, you will enjoy 2 days of heavy use without having to worry about recharging. Whether you spend all day working or enjoying unlimited entertainment, you&#8217;ll be up on the battery and be able to communicate when you need it most.<br \/>[120Hz Eye Comfort Mode Display]With the 120Hz eye comfort mode display, discover truly fluid visual effects with fewer delays while taking care of your eyes. Whether you&#8217;re gaming, watching videos or surfing the web, you&#8217;ll enjoy vibrant sharpness and comfort for hours of use with less eyestrain.<br \/>[NEXT AI, 50MP AI Camera]Equipped with multiple AI-based features and Google&#8217;s AI model, the realme P3 Lite delivers a top-level AI experience. Remove what&#8217;s left over in your most beautiful photos.<br \/>[UNISOC T7250] With 1.8 GHz cores, the UNISOC T7250 delivers vertigo performance with stable MLBB at 60 fps for one hour. Whether you&#8217;re gaming, watching videos, or working, this processor gives you smooth, responsive performance without sacrificing anything in return.<br \/>[ArmorShell Protection] The realme P3 Lite provides protection from everyday spills, splashes and dust. On the go or in the rain, it&#8217;s designed to deliver peak performance no matter what the future brings.<\/p>\n\n","protected":false},"excerpt":{"rendered":"<p> From the brand Acerca de realme realme se fund\u00f3 en mayo de 2018, constituy\u00e9ndose como<\/p>","protected":false},"featured_media":33036,"comment_status":"open","ping_status":"closed","template":"","meta":[],"product_brand":[],"product_cat":[100],"product_tag":[1634,236,2470,1890,5233,144,1891,292,1896,1893,681,138,2401,3627,5831,561,1892,1889,3977,2231,1888,5231,736,1897,1894,1895,1588,914,6343,735,205],"class_list":{"0":"post-33035","1":"product","2":"type-product","3":"status-publish","4":"has-post-thumbnail","6":"product_cat-smartphones","7":"product_tag-120hz","8":"product_tag-15w","9":"product_tag-50mp","10":"product_tag-5g-smartphones","11":"product_tag-8256gb","12":"product_tag-adapter","13":"product_tag-android-phones","14":"product_tag-battery","15":"product_tag-best-smartphones","16":"product_tag-budget-smartphones","17":"product_tag-camera","18":"product_tag-charging","19":"product_tag-chipset","20":"product_tag-comfort","21":"product_tag-daily","22":"product_tag-display","23":"product_tag-iphone-smartphones","24":"product_tag-latest-smartphones","25":"product_tag-lite","26":"product_tag-mah","27":"product_tag-mobile-phones","28":"product_tag-realme","29":"product_tag-resistance","30":"product_tag-smartphone","31":"product_tag-smartphone-deals","32":"product_tag-smartphone-price","33":"product_tag-smartphones","34":"product_tag-t7250","35":"product_tag-visual","36":"product_tag-water","37":"product_tag-white","39":"first","40":"instock","41":"sale","42":"shipping-taxable","43":"product-type-external"},"_links":{"self":[{"href":"https:\/\/comprasyconsejos.store\/en\/wp-json\/wp\/v2\/product\/33035","targetHints":{"allow":["GET"]}}],"collection":[{"href":"https:\/\/comprasyconsejos.store\/en\/wp-json\/wp\/v2\/product"}],"about":[{"href":"https:\/\/comprasyconsejos.store\/en\/wp-json\/wp\/v2\/types\/product"}],"replies":[{"embeddable":true,"href":"https:\/\/comprasyconsejos.store\/en\/wp-json\/wp\/v2\/comments?post=33035"}],"version-history":[{"count":0,"href":"https:\/\/comprasyconsejos.store\/en\/wp-json\/wp\/v2\/product\/33035\/revisions"}],"wp:featuredmedia":[{"embeddable":true,"href":"https:\/\/comprasyconsejos.store\/en\/wp-json\/wp\/v2\/media\/33036"}],"wp:attachment":[{"href":"https:\/\/comprasyconsejos.store\/en\/wp-json\/wp\/v2\/media?parent=33035"}],"wp:term":[{"taxonomy":"product_brand","embeddable":true,"href":"https:\/\/comprasyconsejos.store\/en\/wp-json\/wp\/v2\/product_brand?post=33035"},{"taxonomy":"product_cat","embeddable":true,"href":"https:\/\/comprasyconsejos.store\/en\/wp-json\/wp\/v2\/product_cat?post=33035"},{"taxonomy":"product_tag","embeddable":true,"href":"https:\/\/comprasyconsejos.store\/en\/wp-json\/wp\/v2\/product_tag?post=33035"}],"curies":[{"name":"wp","href":"https:\/\/api.w.org\/{rel}","templated":true}]}}