{"id":33053,"date":"2026-02-23T21:51:11","date_gmt":"2026-02-23T21:51:11","guid":{"rendered":"https:\/\/comprasyconsejos.store\/product\/hiditec-power-supplies-gdx850-v3\/"},"modified":"2026-02-23T21:51:18","modified_gmt":"2026-02-23T21:51:18","slug":"hiditec-power-supplies-gdx850-v3","status":"publish","type":"product","link":"https:\/\/comprasyconsejos.store\/en\/product\/hiditec-power-supplies-gdx850-v3\/","title":{"rendered":"Hiditec | Power Supplies (GDX850 v3)"},"content":{"rendered":"<p>Price: <span style=\"color:#b12704\">\u20ac99.00<\/span><br \/><i><small>(as of Feb 23, 2026 21:51:11 UTC &#8211; <span class=\"wp_automatic_amazon_disclaimer\" title=\"Product prices and availability are accurate as of the date\/time indicated and are subject to change. Any price and availability information displayed on [relevant Amazon Site(s), as applicable] at the time of purchase will apply to the purchase of this product.\">Details<\/span>)<\/small><\/i><\/p>\n<p><a href=\"https:\/\/amazon.es\/dp\/B0FMFQ343P?tag=man008-21\"><img decoding=\"async\" src=\"https:\/\/valvepress.s3.amazonaws.com\/imgs\/buy_now.png\"><\/a><br \/>\n<\/p>\n<p>                                             Product Description   <\/p>\n<p>                                                                             <img decoding=\"async\" alt=\"El texto dice \u00abHIDTEC\u00bb. Varias vistas de la fuente de alimentaci\u00f3n de un ordenador de color negro con rejillas de ventilaci\u00f3n y especificaciones t\u00e9cnicas visibles.\" src=\"https:\/\/images-na.ssl-images-amazon.com\/images\/G\/01\/x-locale\/common\/grey-pixel.gif\" class=\"a-spacing-base a-lazy-loaded\" data-src=\"https:\/\/m.media-amazon.com\/images\/S\/aplus-media-library-service-media\/ac0f2d70-6be4-423d-9efc-61441834e7d1.__CR0,0,970,600_PT0_SX970_V1___.jpg\"><img decoding=\"async\" alt=\"El texto dice \u00abHIDTEC\u00bb. Varias vistas de la fuente de alimentaci\u00f3n de un ordenador de color negro con rejillas de ventilaci\u00f3n y especificaciones t\u00e9cnicas visibles.\" src=\"https:\/\/m.media-amazon.com\/images\/S\/aplus-media-library-service-media\/ac0f2d70-6be4-423d-9efc-61441834e7d1.__CR0,0,970,600_PT0_SX970_V1___.jpg\">                                         <\/p>\n<h3 class=\"a-spacing-mini\"> 80Plus Gold Certified con condensadores electrol\u00edticos japoneses de 105\u00baC <\/h3>\n<p class=\"a-spacing-base\"> La serie GDX v3 incorpora condensadores electrol\u00edticos japoneses de 105\u00baC altamente duraderos y consistentemente confiables. Los condensadores japoneses minimizan la ondulaci\u00f3n del voltaje, mejorando la durabilidad y la estabilidad para prolongar la vida \u00fatil. <\/p>\n<p class=\"a-spacing-base\"> La serie GDX v3 ha sido redise\u00f1ada para adaptarse a las configuraciones de alto rendimiento equipadas con las nuevas generaciones de tarjetas gr\u00e1ficas. <\/p>\n<p class=\"a-spacing-base\"> Incorpora de serie un cable nativo 12V-2&#215;6 para alimentar a las tarjetas gr\u00e1ficas Nvidia sin necesidad de utilizar ning\u00fan adaptador de 6+2 pines y tener una alimentaci\u00f3n totalmente segura. <\/p>\n<p class=\"a-spacing-base\"> Cuenta con certificado 80PLUS GOLD y componentes de m\u00e1xima calidad preparados para equipos de alto rendimiento. El ventilador termo regulado de 140mm con rodamientos fluido din\u00e1micos FDB reduce dr\u00e1sticamente el ruido en su funcionamiento y prolonga de manera significativa su durabilidad. <\/p>\n<p class=\"a-spacing-base\"> La serie GDX v3 80Plus Gold es una de las mejores fuentes de alimentaci\u00f3n para equipos con gr\u00e1ficas de alto rendimiento. <\/p>\n<p class=\"a-spacing-base\"> Las fuentes de alimentaci\u00f3n GDX v3 cuentan con certificado 80PLUS GOLD , el cual garantiza una eficiencia superior al 90% y consigue menor consumo y mayor durabilidad de todos los componentes. <\/p>\n<p>                                                  <img decoding=\"async\" alt=\"aplus content image\" src=\"https:\/\/images-na.ssl-images-amazon.com\/images\/G\/01\/x-locale\/common\/grey-pixel.gif\" class=\"a-lazy-loaded\" data-src=\"https:\/\/m.media-amazon.com\/images\/S\/aplus-media-library-service-media\/3321680c-51b2-49e2-995c-985aab743a1f.__CR0,0,970,300_PT0_SX970_V1___.jpg\"><img decoding=\"async\" alt=\"aplus content image\" src=\"https:\/\/m.media-amazon.com\/images\/S\/aplus-media-library-service-media\/3321680c-51b2-49e2-995c-985aab743a1f.__CR0,0,970,300_PT0_SX970_V1___.jpg\">  <\/p>\n<h3> Tecnolog\u00eda electr\u00f3nica de fabricaci\u00f3n SMT con conversor DC\/DC <\/h3>\n<p> La tecnolog\u00eda de montaje electr\u00f3nico SMT de alta precisi\u00f3n con el uso de componentes de alto rendimiento ofrece una fiabilidad extrema de la fuente de alimentaci\u00f3n en condiciones de m\u00e1xima exigencia. La tecnolog\u00eda SMT mejora la durabilidad de la fuente de alimentaci\u00f3n. <\/p>\n<p class=\"apm-text-center\">\n                                                      <img decoding=\"async\" alt=\"El texto dice \u00abMETREC\u00bb. Dispositivo electr\u00f3nico o equipo de red negro de aspecto profesional con un dise\u00f1o elegante y orificios de ventilaci\u00f3n que se muestran desde varios \u00e1ngulos.\" src=\"https:\/\/images-na.ssl-images-amazon.com\/images\/G\/01\/x-locale\/common\/grey-pixel.gif\" class=\"a-spacing-mini a-lazy-loaded\" data-src=\"https:\/\/m.media-amazon.com\/images\/S\/aplus-media-library-service-media\/8e1e4b17-8491-4591-a3fa-9ea4f01d15a2.__CR0,0,800,800_PT0_SX300_V1___.jpg\"><img decoding=\"async\" alt=\"El texto dice \u00abMETREC\u00bb. Dispositivo electr\u00f3nico o equipo de red negro de aspecto profesional con un dise\u00f1o elegante y orificios de ventilaci\u00f3n que se muestran desde varios \u00e1ngulos.\" src=\"https:\/\/m.media-amazon.com\/images\/S\/aplus-media-library-service-media\/8e1e4b17-8491-4591-a3fa-9ea4f01d15a2.__CR0,0,800,800_PT0_SX300_V1___.jpg\">  <\/p>\n<p>                                                    Potencia \u00f3ptima con conexiones 12V-2&#215;6 y PCIe 6+2 pines                                       <\/p>\n<p> Incluye tres cables duales PCIe 6+2 pines y un cable nativo 12V-2&#215;6 que ofrecen una configuraci\u00f3n flexible para las tarjetas gr\u00e1ficas NVIDIA o AMD con consumos de energ\u00eda m\u00e1s exigentes. <\/p>\n<p> Incluye el cable nativo 12V-2&#215;6 para alimentar tarjetas gr\u00e1ficas NVIDIA, sin necesidad de utilizar ning\u00fan adaptador de 6+2 pines. Con tres l\u00edneas PCIe 6+2 pines incluidas, es compatible con tarjetas gr\u00e1ficas AMD de alto rendimiento. <\/p>\n<p class=\"apm-text-center\">\n                                                      <img decoding=\"async\" alt=\"Varias vistas de la fuente de alimentaci\u00f3n negra de la computadora que muestran un dise\u00f1o de carcasa ventilada con un patr\u00f3n de malla en forma de panal e iluminaci\u00f3n de acento azul.\" src=\"https:\/\/images-na.ssl-images-amazon.com\/images\/G\/01\/x-locale\/common\/grey-pixel.gif\" class=\"a-spacing-mini a-lazy-loaded\" data-src=\"https:\/\/m.media-amazon.com\/images\/S\/aplus-media-library-service-media\/1eaf3b5f-72f8-48d0-a366-8e2ae180eecd.__CR0,0,800,800_PT0_SX300_V1___.jpg\"><img decoding=\"async\" alt=\"Varias vistas de la fuente de alimentaci\u00f3n negra de la computadora que muestran un dise\u00f1o de carcasa ventilada con un patr\u00f3n de malla en forma de panal e iluminaci\u00f3n de acento azul.\" src=\"https:\/\/m.media-amazon.com\/images\/S\/aplus-media-library-service-media\/1eaf3b5f-72f8-48d0-a366-8e2ae180eecd.__CR0,0,800,800_PT0_SX300_V1___.jpg\">  <\/p>\n<p>                                                    Cumple con la gu\u00eda de dise\u00f1o de fuentes de alimentaci\u00f3n Intel ATX 3.1                                       <\/p>\n<p> Esta dise\u00f1ada para satisfacer los exigentes requisitos de potencia del futuro, esta fuente de alimentaci\u00f3n es totalmente compatible con las especificaciones ATX 3.1 y PCIe Gen 5.1, garantizando un rendimiento \u00f3ptimo con futuras actualizaciones de hardware. <\/p>\n<p> Incluye dos cables individuales para CPU de 4+4 pines que proporcionan alimentaci\u00f3n directa para asegurar un funcionamiento estable incluso bajo las cargas de trabajo m\u00e1s exigentes. <\/p>\n<p class=\"apm-text-center\">\n                                                      <img decoding=\"async\" alt=\"Panel de ventilaci\u00f3n negro de la fuente de alimentaci\u00f3n de la computadora con patr\u00f3n de malla en forma de panal y orificios de montaje, que muestra los componentes internos azules.\" src=\"https:\/\/images-na.ssl-images-amazon.com\/images\/G\/01\/x-locale\/common\/grey-pixel.gif\" class=\"a-spacing-mini a-lazy-loaded\" data-src=\"https:\/\/m.media-amazon.com\/images\/S\/aplus-media-library-service-media\/69ff45a7-5c94-4587-8607-2724dd9f47cc.__CR0,0,800,800_PT0_SX300_V1___.jpg\"><img decoding=\"async\" alt=\"Panel de ventilaci\u00f3n negro de la fuente de alimentaci\u00f3n de la computadora con patr\u00f3n de malla en forma de panal y orificios de montaje, que muestra los componentes internos azules.\" src=\"https:\/\/m.media-amazon.com\/images\/S\/aplus-media-library-service-media\/69ff45a7-5c94-4587-8607-2724dd9f47cc.__CR0,0,800,800_PT0_SX300_V1___.jpg\">  <\/p>\n<p>                                                    Ventilador de 140mm con rodamientos fluido din\u00e1micos FDB ultra silencioso termo regulado                                       <\/p>\n<p> El ventilador ultra silencioso de 140mm termo regulado con rodamientos fluido din\u00e1micos FDB reduce dr\u00e1sticamente el ruido en su funcionamiento y prolonga de manera significativa su durabilidad. <\/p>\n<p> Va adaptando su funcionamiento a las diferentes necesidades del equipo, solo funcionar\u00e1 a m\u00e1xima potencia en caso de ser requerido. <\/p>\n<p> El ventilador de 140mm aporta mayor caudal de aire funcionando a menos revoluciones, por lo que adem\u00e1s de hacer pr\u00e1cticamente imperceptible el ruido del ventilador vamos a conseguir mayor eficiencia y durabilidad de todos los componentes. <\/p>\n<p>                                                  <img decoding=\"async\" alt=\"Conector de cable para computadora tipo cinta negra con m\u00faltiples hilos paralelos, con extremos de conector t\u00edpicos de las conexiones de alimentaci\u00f3n internas de PC.\" src=\"https:\/\/images-na.ssl-images-amazon.com\/images\/G\/01\/x-locale\/common\/grey-pixel.gif\" class=\"a-lazy-loaded\" data-src=\"https:\/\/m.media-amazon.com\/images\/S\/aplus-media-library-service-media\/60f79a5d-dca1-4b6d-888c-b60376784f24.__CR0,0,700,700_PT0_SX300_V1___.jpg\"><img decoding=\"async\" alt=\"Conector de cable para computadora tipo cinta negra con m\u00faltiples hilos paralelos, con extremos de conector t\u00edpicos de las conexiones de alimentaci\u00f3n internas de PC.\" src=\"https:\/\/m.media-amazon.com\/images\/S\/aplus-media-library-service-media\/60f79a5d-dca1-4b6d-888c-b60376784f24.__CR0,0,700,700_PT0_SX300_V1___.jpg\">  <\/p>\n<h3 class=\"a-spacing-mini\"> Cables modulares extralargos con revestimiento individual flexible <\/h3>\n<p> La serie GDX v3 es totalmente modular por lo que podr\u00e1s conectar a la fuente solo los cables que necesites y con ello mayor comodidad a la hora del montaje de tu equipo. <\/p>\n<p> Cables extralargos con revestimiento individual flexible fabricados con un material suave de primera calidad, estos cables se pueden doblar f\u00e1cilmente durante la instalaci\u00f3n, lo que va a permitir adaptarse mejor en la instalaci\u00f3n de cualquier equipo, hacer una instalaci\u00f3n m\u00e1s ordenada y ocupar menos espacio, adem\u00e1s de ofrecer una excelente seguridad y durabilidad. <\/p>\n<p>                                                  <img decoding=\"async\" alt=\"Serie de insignias o emblemas met\u00e1licos circulares en plata y negro, que muestran n\u00fameros en secuencia. Cada uno tiene un dise\u00f1o uniforme con un centro negro y un borde plateado.\" src=\"https:\/\/images-na.ssl-images-amazon.com\/images\/G\/01\/x-locale\/common\/grey-pixel.gif\" class=\"a-spacing-mini a-lazy-loaded\" data-src=\"https:\/\/m.media-amazon.com\/images\/S\/aplus-media-library-service-media\/64887570-3f70-4595-a6a1-61cc27a435de.__CR0,0,700,700_PT0_SX300_V1___.jpg\"><img decoding=\"async\" alt=\"Serie de insignias o emblemas met\u00e1licos circulares en plata y negro, que muestran n\u00fameros en secuencia. Cada uno tiene un dise\u00f1o uniforme con un centro negro y un borde plateado.\" src=\"https:\/\/m.media-amazon.com\/images\/S\/aplus-media-library-service-media\/64887570-3f70-4595-a6a1-61cc27a435de.__CR0,0,700,700_PT0_SX300_V1___.jpg\">  <\/p>\n<h3 class=\"a-spacing-mini\"> 7 A\u00f1os de Proteccion <\/h3>\n<p> La serie GDX v3 avalada con 7 a\u00f1os de protecci\u00f3n cuenta con un circuito integral de seguridad: OCP , OVP , SCP , OPP , UVP , OTP. <\/p>\n<p> Todos estos sistemas de seguridad protegen tus componentes de cualquier sobrecarga, cortocircuito o fluctuaci\u00f3n el\u00e9ctrica, adem\u00e1s cuenta con el respaldo del equipo de soporte t\u00e9cnico de HIDITEC. <\/p>\n<h3 class=\"a-size-extra-large a-spacing-base a-text-center\"> Especificaciones de la fuente de alimentaci\u00f3n <\/h3>\n<p>                                                        Dimensiones:                                    150 x 86 x 160 mm                                        Voltaje:                                    100 &#8211; 240Vac                                        Factor forma:                                    ATX                                        MTBF:                                    100.000 horas                                        Certificado 80Plus:                                    Gold                                        CircuitShield:                                    OCP, OVP, SCP, OPP, UVP, OTP                                        Configuraci\u00f3n de los cables:                                    1 x 12V-2&#215;6 Pin (650mm)                                        Configuraci\u00f3n de los cables:                                    1 x 20+4 Pin (600mm)                                        Configuraci\u00f3n de los cables:                                    1 x SATA + IDE + IDE + IDE + FDD (500+130+130+130+130mm)                                        Configuraci\u00f3n de los cables:                                    2 x 4+4 Pin EPS +12V (700 mm)                                        Configuraci\u00f3n de los cables:                                    2 x SATA + SATA + SATA + SATA (500+130+130+130mm)                                        Configuraci\u00f3n de los cables:                                    3 x 6+2 Pin PCIe + 6+2 Pin PCIe (600mm+150mm)                                        Tipo de cables:                                    Patr\u00f3n trenzado                                        Dimensiones del ventilador:                                    140 x 140 x 25 mm                                        Full modular:                                    Si                                        Certificados:                                    CE , FCC , RoHs                  <\/p>\n<p> Batteries                                            \u200f                                            :                                            \u200e                                            1 AAAA batteries required. (included)   <br \/> Language                                            \u200f                                            :                                            \u200e                                            Italian   <br \/> Product Dimensions                                            \u200f                                            :                                            \u200e                                            15.24 x 17.78 x 12.7 cm; 2.65 kg   <br \/> Manufacturer                                            \u200f                                            :                                            \u200e                                            Hiditec   <br \/> ASIN                                            \u200f                                            :                                            \u200e                                            B0FMFQ343P   <br \/> Item model number                                            \u200f                                            :                                            \u200e                                            GDX850 v3   <br \/> Country\/Region of Origin                                            \u200f                                            :                                            \u200e                                            Spain   <br \/> Guaranteed software updates until                                            \u200f                                            :                                            \u200e                                            unknown   <br \/>  Customer reviews:                                                                                            5.0               5.0 out of 5 stars                                  (3)                                              var dpAcrHasRegisteredArcLinkClickAction;                    P.when(&#8216;A&#8217;, &#8216;ready&#8217;).execute(function(A) {                        if (dpAcrHasRegisteredArcLinkClickAction !== true) {                            dpAcrHasRegisteredArcLinkClickAction = true;                            A.declarative(                                &#8216;acrLink-click-metrics&#8217;, &#8216;click&#8217;,                                { \u00aballowLinkDefault\u00bb: true },                                function (event) {                                    if (window.ue) {                                        ue.count(\u00abacrLinkClickCount\u00bb, (ue.count(\u00abacrLinkClickCount\u00bb) || 0) + 1);                                    }                                }                            );                        }                    });                                             P.when(&#8216;A&#8217;, &#8216;cf&#8217;).execute(function(A) {                A.declarative(&#8216;acrStarsLink-click-metrics&#8217;, &#8216;click&#8217;, { \u00aballowLinkDefault\u00bb : true },  function(event){                    if(window.ue) {                        ue.count(\u00abacrStarsLinkWithPopoverClickCount\u00bb, (ue.count(\u00abacrStarsLinkWithPopoverClickCount\u00bb) || 0) + 1);                    }                });            });                          <\/p>\n<p>STABLE AND EFFICIENT ENERGY: BZ850 has a DC to DC converter to offer stable power, also has 80PLUS BRONZE certificate and top quality components prepared to supply stable and quality power in high performance equipment. Incorporates ultra-quiet 140mm fan to provide greater airflow inside.<br \/>80PLUS BRONZE CERTIFIED WITH 105\u00ba C JAPANESE ELECTROLITICAL CAPACITORS: The BZ series incorporates highly durable and consistently reliable 105\u00baC Japanese electrolytic capacitors. Japanese capacitors minimize voltage ripple, improving durability and stability to extend service life. The BZ power supplies are 80PLUS BRONZE certified, which guarantees an efficiency of over 85% as well as lower consumption and greater durability of all components.<br \/>SMT ELECTRONIC MANUFACTURING TECHNOLOGY WITH DC\/DC CONVERTER: The high-precision SMT electronic assembly technology with the use of high-performance components offers extreme power supply reliability in demanding conditions. SMT technology improves the durability of the power supply, ensuring long-term reliable operation. It also incorporates advanced DC\/DC conversion technology that provides stable, safe and much more efficient power, reducing energy consumption and ensuring precise voltage regulation and protecting your equipment components under any load condition.<br \/>140MM FAN WITH FLUID DYNAMIC BEARINGS FDB ULTRA QUIET THERMO REGULATED: The ultra-quiet 140mm thermo regulated fan with FDB dynamic fluid bearings drastically reduces operating noise and significantly prolongs its durability. It is adapting its operation to the different needs of the equipment, it will only work at maximum power if required. The 140 mm fan provides greater air flow running at less revolutions, so in addition to making virtually imperceptible the noise of the fan we will achieve greater efficiency and durability of all components.<br \/>Dual EPS12V &#038; Four 6+2 PCIe: The BZ Series has two EPS12V lines and four 6+2 PCIe lines for high-performance graphics.<br \/>EXTRA LONG FLAT CABLES: Extra long flat cables, which will allow you to better adapt in the installation of any equipment, make a more tidy installation and take up less space, as well as offer excellent safety and durability. With a new exterior design and fully lacquered in black, the BZ power supplies feature a more robust finish.<br \/>7 YEARS OF SAFETY: The BZ series with 7 years of safety has an integral safety circuit: OCP , OVP, SCP, OPP, UVP, OTP. All of these safety systems protect your components from any overload, short circuit or electrical fluctuation, and is backed by the technical support team of HIDITEC.<\/p>\n\n","protected":false},"excerpt":{"rendered":"<p> Product Description 80Plus Gold Certified con condensadores electrol\u00edticos japoneses de 105\u00baC La serie GDX v3<\/p>","protected":false},"featured_media":33054,"comment_status":"open","ping_status":"closed","template":"","meta":[],"product_brand":[],"product_cat":[79],"product_tag":[1488,1490,1495,1499,1500,1494,9466,7584,1492,1498,143,1485,824,2785],"class_list":{"0":"post-33053","1":"product","2":"type-product","3":"status-publish","4":"has-post-thumbnail","6":"product_cat-pc-power-supply-unit","7":"product_tag-650w-psu","8":"product_tag-750w-psu","9":"product_tag-80-plus-gold-psu","10":"product_tag-best-psu","11":"product_tag-computer-power-unit","12":"product_tag-gaming-power-supply","13":"product_tag-gdx850","14":"product_tag-hiditec","15":"product_tag-modular-psu","16":"product_tag-pc-power-supply-price","17":"product_tag-power","18":"product_tag-power-supply","19":"product_tag-psu","20":"product_tag-supplies","22":"first","23":"instock","24":"shipping-taxable","25":"product-type-external"},"_links":{"self":[{"href":"https:\/\/comprasyconsejos.store\/en\/wp-json\/wp\/v2\/product\/33053","targetHints":{"allow":["GET"]}}],"collection":[{"href":"https:\/\/comprasyconsejos.store\/en\/wp-json\/wp\/v2\/product"}],"about":[{"href":"https:\/\/comprasyconsejos.store\/en\/wp-json\/wp\/v2\/types\/product"}],"replies":[{"embeddable":true,"href":"https:\/\/comprasyconsejos.store\/en\/wp-json\/wp\/v2\/comments?post=33053"}],"version-history":[{"count":0,"href":"https:\/\/comprasyconsejos.store\/en\/wp-json\/wp\/v2\/product\/33053\/revisions"}],"wp:featuredmedia":[{"embeddable":true,"href":"https:\/\/comprasyconsejos.store\/en\/wp-json\/wp\/v2\/media\/33054"}],"wp:attachment":[{"href":"https:\/\/comprasyconsejos.store\/en\/wp-json\/wp\/v2\/media?parent=33053"}],"wp:term":[{"taxonomy":"product_brand","embeddable":true,"href":"https:\/\/comprasyconsejos.store\/en\/wp-json\/wp\/v2\/product_brand?post=33053"},{"taxonomy":"product_cat","embeddable":true,"href":"https:\/\/comprasyconsejos.store\/en\/wp-json\/wp\/v2\/product_cat?post=33053"},{"taxonomy":"product_tag","embeddable":true,"href":"https:\/\/comprasyconsejos.store\/en\/wp-json\/wp\/v2\/product_tag?post=33053"}],"curies":[{"name":"wp","href":"https:\/\/api.w.org\/{rel}","templated":true}]}}