{"id":33062,"date":"2026-02-23T21:57:44","date_gmt":"2026-02-23T21:57:44","guid":{"rendered":"https:\/\/comprasyconsejos.store\/product\/asus-x870-max-gaming-wifi7-amd-x870-atx-motherboard-black-1221-drmos-ddr5-pcie-5-0-q-release-m-2-wifi-7-q-antenna-2-5gb-ethernet-hdmi-usb4-usb-type-c-bios-flashback-aura-sync\/"},"modified":"2026-02-23T21:57:47","modified_gmt":"2026-02-23T21:57:47","slug":"asus-x870-max-gaming-wifi7-amd-x870-atx-motherboard-black-1221-drmos-ddr5-pcie-5-0-q-release-m-2-wifi-7-q-antenna-2-5gb-ethernet-hdmi-usb4-usb-type-c-bios-flashback-aura-sync","status":"publish","type":"product","link":"https:\/\/comprasyconsejos.store\/en\/product\/asus-x870-max-gaming-wifi7-amd-x870-atx-motherboard-black-1221-drmos-ddr5-pcie-5-0-q-release-m-2-wifi-7-q-antenna-2-5gb-ethernet-hdmi-usb4-usb-type-c-bios-flashback-aura-sync\/","title":{"rendered":"ASUS X870 MAX Gaming WIFI7 &#8211; AMD X870 ATX Motherboard, Black, 12+2+1 DrMOS, DDR5, PCIe 5.0, Q-Release, M.2, WiFi 7, Q Antenna, 2.5Gb Ethernet, HDMI, USB4, USB Type-C, BIOS Flashback, Aura Sync"},"content":{"rendered":"<p>Price: <span style=\"color:#b12704\"><del>\u20ac329.00<\/del> - \u20ac239.95<\/span><br \/><i><small>(as of Feb 23, 2026 21:57:44 UTC &#8211; <span class=\"wp_automatic_amazon_disclaimer\" title=\"Product prices and availability are accurate as of the date\/time indicated and are subject to change. Any price and availability information displayed on [relevant Amazon Site(s), as applicable] at the time of purchase will apply to the purchase of this product.\">Details<\/span>)<\/small><\/i><\/p>\n<p><a href=\"https:\/\/amazon.es\/dp\/B0F48F9FHH?tag=man008-21\"><img decoding=\"async\" src=\"https:\/\/valvepress.s3.amazonaws.com\/imgs\/buy_now.png\"><\/a><br \/>\n<\/p>\n<p>                                             From the manufacturer   <\/p>\n<p>                                                                             <img decoding=\"async\" alt=\"aplus content image\" src=\"https:\/\/images-na.ssl-images-amazon.com\/images\/G\/01\/x-locale\/common\/grey-pixel.gif\" class=\"a-spacing-base a-lazy-loaded\" data-src=\"https:\/\/m.media-amazon.com\/images\/S\/aplus-media-library-service-media\/05eda9e4-3efb-4d51-8dd6-0ea46d3e3156.__CR0,0,970,600_PT0_SX970_V1___.jpg\"><img decoding=\"async\" alt=\"aplus content image\" src=\"https:\/\/m.media-amazon.com\/images\/S\/aplus-media-library-service-media\/05eda9e4-3efb-4d51-8dd6-0ea46d3e3156.__CR0,0,970,600_PT0_SX970_V1___.jpg\">                                                                    <\/p>\n<p>                                                                             <img decoding=\"async\" alt=\"aplus content image\" src=\"https:\/\/images-na.ssl-images-amazon.com\/images\/G\/01\/x-locale\/common\/grey-pixel.gif\" class=\"a-spacing-base a-lazy-loaded\" data-src=\"https:\/\/m.media-amazon.com\/images\/S\/aplus-media-library-service-media\/e7298e19-06ad-48b4-85e0-0a50937ea085.__CR0,0,970,600_PT0_SX970_V1___.jpg\"><img decoding=\"async\" alt=\"aplus content image\" src=\"https:\/\/m.media-amazon.com\/images\/S\/aplus-media-library-service-media\/e7298e19-06ad-48b4-85e0-0a50937ea085.__CR0,0,970,600_PT0_SX970_V1___.jpg\">                                                                    <\/p>\n<p class=\"apm-text-center\">\n                                                      <img decoding=\"async\" alt=\"aplus content image\" src=\"https:\/\/images-na.ssl-images-amazon.com\/images\/G\/01\/x-locale\/common\/grey-pixel.gif\" class=\"a-spacing-mini a-lazy-loaded\" data-src=\"https:\/\/m.media-amazon.com\/images\/S\/aplus-media-library-service-media\/c9207f60-356d-4e52-96cb-f8907decf691.__CR0,0,300,300_PT0_SX300_V1___.jpg\"><img decoding=\"async\" alt=\"aplus content image\" src=\"https:\/\/m.media-amazon.com\/images\/S\/aplus-media-library-service-media\/c9207f60-356d-4e52-96cb-f8907decf691.__CR0,0,300,300_PT0_SX300_V1___.jpg\">  <\/p>\n<p>                                                    Refrigeraci\u00f3n IA II                                       <\/p>\n<p> Optimizaci\u00f3n t\u00e9rmica y reducci\u00f3n del ruido mediante el ajuste din\u00e1mico de la velocidad de los ventiladores, en funci\u00f3n de la temperatura de la CPU. <\/p>\n<p class=\"apm-text-center\">\n                                                      <img decoding=\"async\" alt=\"aplus content image\" src=\"https:\/\/images-na.ssl-images-amazon.com\/images\/G\/01\/x-locale\/common\/grey-pixel.gif\" class=\"a-spacing-mini a-lazy-loaded\" data-src=\"https:\/\/m.media-amazon.com\/images\/S\/aplus-media-library-service-media\/666c18d2-2c09-44c4-9013-f2eb1defcd93.__CR0,0,300,300_PT0_SX300_V1___.jpg\"><img decoding=\"async\" alt=\"aplus content image\" src=\"https:\/\/m.media-amazon.com\/images\/S\/aplus-media-library-service-media\/666c18d2-2c09-44c4-9013-f2eb1defcd93.__CR0,0,300,300_PT0_SX300_V1___.jpg\">  <\/p>\n<p>                                                    Dise\u00f1o de potencia robusto                                       <\/p>\n<p> Una alimentaci\u00f3n estable es crucial para maximizar el rendimiento de los procesadores AMD. La serie X870 est\u00e1 dise\u00f1ada para satisfacer las necesidades de las CPU de alto n\u00famero de n\u00facleos. Cuenta con 12(80A) + 2(80A) + 1(80A) etapas de potencia que integran MOSFETs y drivers de lado alto y bajo en paquetes con capacidad de hasta 80 amperios cada uno. Esta configuraci\u00f3n garantiza un suministro de energ\u00eda, eficiencia, estabilidad y rendimiento \u00f3ptimos para los procesadores AMD actuales y futuros. <\/p>\n<\/p>\n<p>12 Potencia Vcore (80A, DrMOS)2 Potencia del SOC (80A, DrMOS)1\u200b Alimentaci\u00f3n diversa (80A, DrMOS)     <\/p>\n<p class=\"apm-text-center\">\n                                                      <img decoding=\"async\" alt=\"aplus content image\" src=\"https:\/\/images-na.ssl-images-amazon.com\/images\/G\/01\/x-locale\/common\/grey-pixel.gif\" class=\"a-spacing-mini a-lazy-loaded\" data-src=\"https:\/\/m.media-amazon.com\/images\/S\/aplus-media-library-service-media\/1844ce5f-2c90-4ac8-85ba-a5040bd31148.__CR0,0,300,300_PT0_SX300_V1___.jpg\"><img decoding=\"async\" alt=\"aplus content image\" src=\"https:\/\/m.media-amazon.com\/images\/S\/aplus-media-library-service-media\/1844ce5f-2c90-4ac8-85ba-a5040bd31148.__CR0,0,300,300_PT0_SX300_V1___.jpg\">  <\/p>\n<p>                                                    Rendimiento DDR5 mejorado                                       <\/p>\n<p> Las opciones de ajuste de la memoria son esenciales en las placas base de la serie X870. La X870 MAX GAMING WIFI7 mejora el uso de los m\u00f3dulos DDR5, desde los b\u00e1sicos hasta los de alta velocidad. Para los m\u00f3dulos que no son compatibles con EXPO, ASUS Enhanced Memory Profile (AEMP) optimiza autom\u00e1ticamente el rendimiento. Adem\u00e1s, para quienes desean overclocking, esta placa ofrece compatibilidad con los Perfiles Ampliados AMD para Overclocking (EXPO) y una amplia gama de ajustes UEFI. El overclocking puede variar seg\u00fan la CPU. Se recomienda consultar las especificaciones para detalles sobre tipos de memoria y velocidades en el sitio web de ASUS. <\/p>\n<p class=\"apm-text-center\">\n                                                      <img decoding=\"async\" alt=\"aplus content image\" src=\"https:\/\/images-na.ssl-images-amazon.com\/images\/G\/01\/x-locale\/common\/grey-pixel.gif\" class=\"a-spacing-mini a-lazy-loaded\" data-src=\"https:\/\/m.media-amazon.com\/images\/S\/aplus-media-library-service-media\/f093c7cf-1b16-4bdc-b3ab-bef6cda21f5f.__CR0,0,300,300_PT0_SX300_V1___.jpg\"><img decoding=\"async\" alt=\"aplus content image\" src=\"https:\/\/m.media-amazon.com\/images\/S\/aplus-media-library-service-media\/f093c7cf-1b16-4bdc-b3ab-bef6cda21f5f.__CR0,0,300,300_PT0_SX300_V1___.jpg\">  <\/p>\n<p>                                                    Tres ranuras M.2 (hasta 128 Gbps)                                       <\/p>\n<p> X870 MAX GAMING WIFI7 ofrece un total de tres ranuras M.2, incluida una que admite velocidades de transferencia de datos de hasta 128 Gbps a trav\u00e9s de PCIe 5.0, y dos que admiten 64 Gbps a trav\u00e9s de PCIe 4.0. Esto permite tiempos de arranque y carga de aplicaciones m\u00e1s r\u00e1pidos con unidades de SO o aplicaciones.* <\/p>\n<p> * La velocidad de transmisi\u00f3n real ser\u00e1 inferior a la velocidad m\u00e1xima te\u00f3rica. <\/p>\n<p class=\"apm-text-center\">\n                                                      <img decoding=\"async\" alt=\"aplus content image\" src=\"https:\/\/images-na.ssl-images-amazon.com\/images\/G\/01\/x-locale\/common\/grey-pixel.gif\" class=\"a-spacing-mini a-lazy-loaded\" data-src=\"https:\/\/m.media-amazon.com\/images\/S\/aplus-media-library-service-media\/228cba73-0cee-4735-bc34-70b5adbaed5a.__CR0,0,300,300_PT0_SX300_V1___.jpg\"><img decoding=\"async\" alt=\"aplus content image\" src=\"https:\/\/m.media-amazon.com\/images\/S\/aplus-media-library-service-media\/228cba73-0cee-4735-bc34-70b5adbaed5a.__CR0,0,300,300_PT0_SX300_V1___.jpg\">  <\/p>\n<p>                                                    ASUS Fan Xpert 4                                       <\/p>\n<p> El software ASUS Fan Xpert 4 ofrece un control exhaustivo de los ventiladores y los disipadores AIO. El modo Ajuste autom\u00e1tico configura los ajustes con un solo clic, mientras que el modo Silencio extremo reduce la velocidad del ventilador para un funcionamiento silencioso durante tareas ligeras. Los controles tambi\u00e9n est\u00e1n disponibles a trav\u00e9s de la BIOS UEFI. <\/p>\n<p class=\"apm-text-center\">\n                                                      <img decoding=\"async\" alt=\"aplus content image\" src=\"https:\/\/images-na.ssl-images-amazon.com\/images\/G\/01\/x-locale\/common\/grey-pixel.gif\" class=\"a-spacing-mini a-lazy-loaded\" data-src=\"https:\/\/m.media-amazon.com\/images\/S\/aplus-media-library-service-media\/6d50c339-53ff-4721-b648-e069606bdaf2.__CR0,0,300,300_PT0_SX300_V1___.jpg\"><img decoding=\"async\" alt=\"aplus content image\" src=\"https:\/\/m.media-amazon.com\/images\/S\/aplus-media-library-service-media\/6d50c339-53ff-4721-b648-e069606bdaf2.__CR0,0,300,300_PT0_SX300_V1___.jpg\">  <\/p>\n<p>                                                    Potenciar las conexiones                                       <\/p>\n<p> La placa base de la serie X870 ofrece una vers\u00e1til gama de conectividad, incluida la compatibilidad con WiFi 7, PCIe 5.0, Ethernet Realtek de 2,5 Gb y una serie de puertos USB. <\/p>\n<p class=\"apm-text-center\">\n                                                      <img decoding=\"async\" alt=\"aplus content image\" src=\"https:\/\/images-na.ssl-images-amazon.com\/images\/G\/01\/x-locale\/common\/grey-pixel.gif\" class=\"a-spacing-mini a-lazy-loaded\" data-src=\"https:\/\/m.media-amazon.com\/images\/S\/aplus-media-library-service-media\/0547347d-e35f-407c-80b1-afce5835e4c5.__CR0,0,300,300_PT0_SX300_V1___.jpg\"><img decoding=\"async\" alt=\"aplus content image\" src=\"https:\/\/m.media-amazon.com\/images\/S\/aplus-media-library-service-media\/0547347d-e35f-407c-80b1-afce5835e4c5.__CR0,0,300,300_PT0_SX300_V1___.jpg\">  <\/p>\n<p>                                                    WIFI 7                                       <\/p>\n<p> El WiFi de nueva generaci\u00f3n 7* admite un ancho de banda de 160 MHz en la banda de 6 GHz y 4096 QAM. El funcionamiento multienlace (MLO) garantiza conexiones estables y baja latencia, y es compatible con las bandas de 2,4, 5 y 6 GHz para mejorar la cobertura y el rendimiento. <\/p>\n<p> * Las funciones de WiFi 7 requieren un chipset WiFi integrado, un AP WiFi y sistemas operativos compatibles con WiFi 7 para admitir las funciones correspondientes. La banda de 6 GHz puede no estar disponible en algunas regiones\/pa\u00edses debido a restricciones normativas. Visita el sitio web de soporte de ASUS para obtener m\u00e1s informaci\u00f3n. <\/p>\n<p class=\"apm-text-center\">\n                                                      <img decoding=\"async\" alt=\"aplus content image\" src=\"https:\/\/images-na.ssl-images-amazon.com\/images\/G\/01\/x-locale\/common\/grey-pixel.gif\" class=\"a-spacing-mini a-lazy-loaded\" data-src=\"https:\/\/m.media-amazon.com\/images\/S\/aplus-media-library-service-media\/179a13ba-a706-410f-9236-136e7d1c3824.__CR0,0,300,300_PT0_SX300_V1___.jpg\"><img decoding=\"async\" alt=\"aplus content image\" src=\"https:\/\/m.media-amazon.com\/images\/S\/aplus-media-library-service-media\/179a13ba-a706-410f-9236-136e7d1c3824.__CR0,0,300,300_PT0_SX300_V1___.jpg\">  <\/p>\n<p>                                                    Antena WiFi 6E                                       <\/p>\n<p> Con la Antena Q, conectar una antena WiFi a tu PC es ahora f\u00e1cil y r\u00e1pido. En lugar de girar lentamente dos cierres hasta que encajan, se colocan a presi\u00f3n. Menos problemas y un rendimiento m\u00e1s constante. <\/p>\n<p class=\"apm-text-center\">\n                                                      <img decoding=\"async\" alt=\"aplus content image\" src=\"https:\/\/images-na.ssl-images-amazon.com\/images\/G\/01\/x-locale\/common\/grey-pixel.gif\" class=\"a-spacing-mini a-lazy-loaded\" data-src=\"https:\/\/m.media-amazon.com\/images\/S\/aplus-media-library-service-media\/c982eb89-bc9f-4f85-bc6b-a3aadc97f729.__CR0,0,300,300_PT0_SX300_V1___.jpg\"><img decoding=\"async\" alt=\"aplus content image\" src=\"https:\/\/m.media-amazon.com\/images\/S\/aplus-media-library-service-media\/c982eb89-bc9f-4f85-bc6b-a3aadc97f729.__CR0,0,300,300_PT0_SX300_V1___.jpg\">  <\/p>\n<p>                                                    SafeSlot                                       <\/p>\n<p> PCIe 5.0 es el doble de r\u00e1pido que PCIe 4.0. ASUS ha adaptado nuestra fabricaci\u00f3n SMT para el SafeSlot m\u00e1s r\u00e1pido, una funda met\u00e1lica reforzada que garantiza una instalaci\u00f3n segura de la tarjeta y velocidades de datos m\u00e1s r\u00e1pidas. <\/p>\n<p> Language                                            \u200f                                            :                                            \u200e                                            English   <br \/> Product Dimensions                                            \u200f                                            :                                            \u200e                                            30.5 x 24.4 x 4.8 cm; 1.36 kg   <br \/> Manufacturer                                            \u200f                                            :                                            \u200e                                            ASUS   <br \/> ASIN                                            \u200f                                            :                                            \u200e                                            B0F48F9FHH   <br \/> Item model number                                            \u200f                                            :                                            \u200e                                            X870 MAX GAMING WIFI7   <br \/> Country of origin                                            \u200f                                            :                                            \u200e                                            China   <br \/> Guaranteed software updates until                                            \u200f                                            :                                            \u200e                                            unknown   <br \/>  Customer reviews:                                                                                            4.2               4.2 out of 5 stars                                  (13)                                              var dpAcrHasRegisteredArcLinkClickAction;                    P.when(&#8216;A&#8217;, &#8216;ready&#8217;).execute(function(A) {                        if (dpAcrHasRegisteredArcLinkClickAction !== true) {                            dpAcrHasRegisteredArcLinkClickAction = true;                            A.declarative(                                &#8216;acrLink-click-metrics&#8217;, &#8216;click&#8217;,                                { \u00aballowLinkDefault\u00bb: true },                                function (event) {                                    if (window.ue) {                                        ue.count(\u00abacrLinkClickCount\u00bb, (ue.count(\u00abacrLinkClickCount\u00bb) || 0) + 1);                                    }                                }                            );                        }                    });                                             P.when(&#8216;A&#8217;, &#8216;cf&#8217;).execute(function(A) {                A.declarative(&#8216;acrStarsLink-click-metrics&#8217;, &#8216;click&#8217;, { \u00aballowLinkDefault\u00bb : true },  function(event){                    if(window.ue) {                        ue.count(\u00abacrStarsLinkWithPopoverClickCount\u00bb, (ue.count(\u00abacrStarsLinkWithPopoverClickCount\u00bb) || 0) + 1);                    }                });            });                          <\/p>\n<p>AI-optimized PC-ready: Designed for the future of AI computing, with the power and connectivity needed for demanding AI applications<br \/>AMD AM5 Socket: Ready for AMD AM5 socket for AMD Ryzen 9000, 8000 and 7000 series desktop processors<br \/>Upgraded Power Solution &#8211; 12+2+1 80A DrMOS power stages, 8-layer PCB, ProCool connectors, alloy coils and durable capacitors for stable power supply<br \/>Fast connectivity: Wi-Fi 7, PCIe 5.0 x16 slot, PCIe 5.0 M.2 slot, Realtek 2.5Gb Ethernet, USB4 (40Gbps) Type-C ports, front USB port 20Gbps Type-C<br \/>Complete cooling: Large VRM heatsinks, M.2 and PCH heatsinks, hybrid fan headers and Fan Xpert 4 with AI Cooling II<\/p>\n\n","protected":false},"excerpt":{"rendered":"<p> From the manufacturer Refrigeraci\u00f3n IA II Optimizaci\u00f3n t\u00e9rmica y reducci\u00f3n del ruido mediante el ajuste<\/p>","protected":false},"featured_media":33063,"comment_status":"open","ping_status":"closed","template":"","meta":[],"product_brand":[],"product_cat":[78],"product_tag":[1467,530,1447,3454,850,1458,1444,3195,1445,1451,3527,307,623,1449,4002,2303,3668,617,1443,544,1448,1119,164,1442,624,1560,200,381,133,798,543,1450,4257,1555,1446],"class_list":{"0":"post-33062","1":"product","2":"type-product","3":"status-publish","4":"has-post-thumbnail","6":"product_cat-motherboards","7":"product_tag-2-5gb","8":"product_tag-amd","9":"product_tag-amd-motherboard","10":"product_tag-antenna","11":"product_tag-asus","12":"product_tag-atx","13":"product_tag-atx-motherboard","14":"product_tag-aura","15":"product_tag-b550-motherboard","16":"product_tag-best-motherboard","17":"product_tag-bios","18":"product_tag-black","19":"product_tag-ddr5","20":"product_tag-ddr5-motherboard","21":"product_tag-drmos","22":"product_tag-ethernet","23":"product_tag-flashback","24":"product_tag-gaming","25":"product_tag-gaming-motherboard","26":"product_tag-hdmi","27":"product_tag-intel-motherboard","28":"product_tag-m-2","29":"product_tag-max","30":"product_tag-motherboard","31":"product_tag-pcie","32":"product_tag-qrelease","33":"product_tag-sync","34":"product_tag-typec","35":"product_tag-usb","36":"product_tag-usb4","37":"product_tag-wifi","38":"product_tag-wifi-motherboard","39":"product_tag-wifi7","40":"product_tag-x870","41":"product_tag-z790-motherboard","43":"first","44":"instock","45":"sale","46":"shipping-taxable","47":"product-type-external"},"_links":{"self":[{"href":"https:\/\/comprasyconsejos.store\/en\/wp-json\/wp\/v2\/product\/33062","targetHints":{"allow":["GET"]}}],"collection":[{"href":"https:\/\/comprasyconsejos.store\/en\/wp-json\/wp\/v2\/product"}],"about":[{"href":"https:\/\/comprasyconsejos.store\/en\/wp-json\/wp\/v2\/types\/product"}],"replies":[{"embeddable":true,"href":"https:\/\/comprasyconsejos.store\/en\/wp-json\/wp\/v2\/comments?post=33062"}],"version-history":[{"count":0,"href":"https:\/\/comprasyconsejos.store\/en\/wp-json\/wp\/v2\/product\/33062\/revisions"}],"wp:featuredmedia":[{"embeddable":true,"href":"https:\/\/comprasyconsejos.store\/en\/wp-json\/wp\/v2\/media\/33063"}],"wp:attachment":[{"href":"https:\/\/comprasyconsejos.store\/en\/wp-json\/wp\/v2\/media?parent=33062"}],"wp:term":[{"taxonomy":"product_brand","embeddable":true,"href":"https:\/\/comprasyconsejos.store\/en\/wp-json\/wp\/v2\/product_brand?post=33062"},{"taxonomy":"product_cat","embeddable":true,"href":"https:\/\/comprasyconsejos.store\/en\/wp-json\/wp\/v2\/product_cat?post=33062"},{"taxonomy":"product_tag","embeddable":true,"href":"https:\/\/comprasyconsejos.store\/en\/wp-json\/wp\/v2\/product_tag?post=33062"}],"curies":[{"name":"wp","href":"https:\/\/api.w.org\/{rel}","templated":true}]}}