{"id":33073,"date":"2026-02-23T23:02:14","date_gmt":"2026-02-23T23:02:14","guid":{"rendered":"https:\/\/comprasyconsejos.store\/product\/intel-core-i7-7700k-4-2ghz-quadcore-cache-8mb-processor\/"},"modified":"2026-02-23T23:02:16","modified_gmt":"2026-02-23T23:02:16","slug":"intel-core-i7-7700k-4-2ghz-quadcore-cache-8mb-processor","status":"publish","type":"product","link":"https:\/\/comprasyconsejos.store\/en\/product\/intel-core-i7-7700k-4-2ghz-quadcore-cache-8mb-processor\/","title":{"rendered":"Intel Core i7-7700K 4.2GHz QuadCore Cache 8MB Processor"},"content":{"rendered":"<p>Price: <span style=\"color:#b12704\"><del>\u20ac278.18<\/del> - \u20ac246.66<\/span><br \/><i><small>(as of Feb 23, 2026 23:02:14 UTC &#8211; <span class=\"wp_automatic_amazon_disclaimer\" title=\"Product prices and availability are accurate as of the date\/time indicated and are subject to change. Any price and availability information displayed on [relevant Amazon Site(s), as applicable] at the time of purchase will apply to the purchase of this product.\">Details<\/span>)<\/small><\/i><\/p>\n<p><a href=\"https:\/\/amazon.es\/dp\/B01MXSI216?tag=man008-21\"><img decoding=\"async\" src=\"https:\/\/valvepress.s3.amazonaws.com\/imgs\/buy_now.png\"><\/a><br \/>\n<\/p>\n<p>                                             From the manufacturer   <\/p>\n<p>                                                  <img decoding=\"async\" alt=\"\" src=\"https:\/\/images-na.ssl-images-amazon.com\/images\/G\/01\/x-locale\/common\/grey-pixel.gif\" class=\"a-lazy-loaded\" data-src=\"https:\/\/m.media-amazon.com\/images\/S\/aplus-media\/sota\/c236669f-6c8c-4cd2-9e7b-7c9957e9aa38._SR300,300_.png\"><img decoding=\"async\" alt=\"\" src=\"https:\/\/m.media-amazon.com\/images\/S\/aplus-media\/sota\/c236669f-6c8c-4cd2-9e7b-7c9957e9aa38._SR300,300_.png\">  <\/p>\n<h3 class=\"a-spacing-mini\"> 7\u00aa generaci\u00f3n de procesadores Intel Core i7 <\/h3>\n<p> Con la tecnolog\u00eda Intel Turbo Boost 2.0, su ordenador ofrecer\u00e1 una potencia y una capacidad de respuesta sin precedentes que le ayudar\u00e1n a aumentar su productividad. Experimente un entretenimiento y unos videojuegos fant\u00e1sticos, v\u00eddeo 4K Ultra HD y en 360 grados fluido, todo con las transferencias de datos a la velocidad del rayo de la tecnolog\u00eda Thunderbolt 3. <\/p>\n<p class=\"apm-text-center\">\n                                                      <img decoding=\"async\" alt=\"\" src=\"https:\/\/images-na.ssl-images-amazon.com\/images\/G\/01\/x-locale\/common\/grey-pixel.gif\" class=\"a-spacing-mini a-lazy-loaded\" data-src=\"https:\/\/m.media-amazon.com\/images\/S\/aplus-media\/sota\/57ac7194-79df-4d65-bc97-a7c4e1fcc264._SL300__.jpg\"><img decoding=\"async\" alt=\"\" src=\"https:\/\/m.media-amazon.com\/images\/S\/aplus-media\/sota\/57ac7194-79df-4d65-bc97-a7c4e1fcc264._SL300__.jpg\">  <\/p>\n<p>                                                    La velocidad que necesita                                       <\/p>\n<p> Con su r\u00e1pida capacidad de respuesta, la 7\u00aa generaci\u00f3n de procesadores Intel Core ofrece la potencia y velocidad necesarias para satisfacer sus necesidades. Abra archivos y programas r\u00e1pidamente y cambie entre aplicaciones y p\u00e1ginas web con fluidez y sin demoras. <\/p>\n<p class=\"apm-text-center\">\n                                                      <img decoding=\"async\" alt=\"\" src=\"https:\/\/images-na.ssl-images-amazon.com\/images\/G\/01\/x-locale\/common\/grey-pixel.gif\" class=\"a-spacing-mini a-lazy-loaded\" data-src=\"https:\/\/m.media-amazon.com\/images\/S\/aplus-media\/sota\/3159315b-d299-412d-83ab-520c3462be33._SL300__.jpg\"><img decoding=\"async\" alt=\"\" src=\"https:\/\/m.media-amazon.com\/images\/S\/aplus-media\/sota\/3159315b-d299-412d-83ab-520c3462be33._SL300__.jpg\">  <\/p>\n<p>                                                    Entretenimiento absorbente                                       <\/p>\n<p> Experimente un contenido de ultra alta definici\u00f3n con la claridad y nitidez de la resoluci\u00f3n 4K. Con cuatro veces m\u00e1s p\u00edxeles que las pantallas Full HD, obtendr\u00e1 unas im\u00e1genes m\u00e1s n\u00edtidas y claras que le har\u00e1n disfrutar de una visualizaci\u00f3n absorbente como nunca antes lo hab\u00eda hecho. <\/p>\n<p class=\"apm-text-center\">\n                                                      <img decoding=\"async\" alt=\"\" src=\"https:\/\/images-na.ssl-images-amazon.com\/images\/G\/01\/x-locale\/common\/grey-pixel.gif\" class=\"a-spacing-mini a-lazy-loaded\" data-src=\"https:\/\/m.media-amazon.com\/images\/S\/aplus-media\/sota\/3118ad53-5624-421a-b89e-1f99d9c22702._SL300__.jpg\"><img decoding=\"async\" alt=\"\" src=\"https:\/\/m.media-amazon.com\/images\/S\/aplus-media\/sota\/3118ad53-5624-421a-b89e-1f99d9c22702._SL300__.jpg\">  <\/p>\n<p>                                                    Sin complicaciones                                       <\/p>\n<p> Los ordenadores son menos complicados que antes: permiten iniciar sesi\u00f3n de forma f\u00e1cil y r\u00e1pida con la tecnolog\u00eda de reconocimiento facial, se reinician en 0,5 segundos y nunca ir\u00e1 sobrecargado de peso gracias a los dispositivos superfinos. <\/p>\n<p> Batteries                                            \u200f                                            :                                            \u200e                                            1 Lithium Ion batteries required.   <br \/> Is discontinued by manufacturer                                            \u200f                                            :                                            \u200e                                            No   <br \/> Language                                            \u200f                                            :                                            \u200e                                            English, English, English, English, English   <br \/> Product Dimensions                                            \u200f                                            :                                            \u200e                                            24.18 x 12.7 x 12.4 cm; 40 g   <br \/> Manufacturer                                            \u200f                                            :                                            \u200e                                            Intel   <br \/> ASIN                                            \u200f                                            :                                            \u200e                                            B01MXSI216   <br \/> Item model number                                            \u200f                                            :                                            \u200e                                            BX80677I77700K   <br \/> Guaranteed software updates until                                            \u200f                                            :                                            \u200e                                            unknown   <br \/>  Customer reviews:                                                                                            4.6               4.6 out of 5 stars                                  (2,966)                                              var dpAcrHasRegisteredArcLinkClickAction;                    P.when(&#8216;A&#8217;, &#8216;ready&#8217;).execute(function(A) {                        if (dpAcrHasRegisteredArcLinkClickAction !== true) {                            dpAcrHasRegisteredArcLinkClickAction = true;                            A.declarative(                                &#8216;acrLink-click-metrics&#8217;, &#8216;click&#8217;,                                { \u00aballowLinkDefault\u00bb: true },                                function (event) {                                    if (window.ue) {                                        ue.count(\u00abacrLinkClickCount\u00bb, (ue.count(\u00abacrLinkClickCount\u00bb) || 0) + 1);                                    }                                }                            );                        }                    });                                             P.when(&#8216;A&#8217;, &#8216;cf&#8217;).execute(function(A) {                A.declarative(&#8216;acrStarsLink-click-metrics&#8217;, &#8216;click&#8217;, { \u00aballowLinkDefault\u00bb : true },  function(event){                    if(window.ue) {                        ue.count(\u00abacrStarsLinkWithPopoverClickCount\u00bb, (ue.count(\u00abacrStarsLinkWithPopoverClickCount\u00bb) || 0) + 1);                    }                });            });                          <\/p>\n<p>System type RAM; ddr4_sdram<\/p>\n\n","protected":false},"excerpt":{"rendered":"<p> From the manufacturer 7\u00aa generaci\u00f3n de procesadores Intel Core i7 Con la tecnolog\u00eda Intel Turbo<\/p>","protected":false},"featured_media":33074,"comment_status":"open","ping_status":"closed","template":"","meta":[],"product_brand":[],"product_cat":[80],"product_tag":[1695,8701,1390,1397,1572,698,1396,1391,1392,8700,1393,562,1389,565,591,1394,1395],"class_list":{"0":"post-33073","1":"product","2":"type-product","3":"status-publish","4":"has-post-thumbnail","6":"product_cat-processors","7":"product_tag-4-2ghz","8":"product_tag-8mb","9":"product_tag-amd-ryzen-processor","10":"product_tag-best-processor","11":"product_tag-cache","12":"product_tag-core","13":"product_tag-cpu-price","14":"product_tag-gaming-cpu","15":"product_tag-i7-processor","16":"product_tag-i77700k","17":"product_tag-i9-processor","18":"product_tag-intel","19":"product_tag-intel-processor","20":"product_tag-processor","21":"product_tag-quadcore","22":"product_tag-ryzen-7","23":"product_tag-ryzen-9","25":"first","26":"instock","27":"sale","28":"shipping-taxable","29":"product-type-external"},"_links":{"self":[{"href":"https:\/\/comprasyconsejos.store\/en\/wp-json\/wp\/v2\/product\/33073","targetHints":{"allow":["GET"]}}],"collection":[{"href":"https:\/\/comprasyconsejos.store\/en\/wp-json\/wp\/v2\/product"}],"about":[{"href":"https:\/\/comprasyconsejos.store\/en\/wp-json\/wp\/v2\/types\/product"}],"replies":[{"embeddable":true,"href":"https:\/\/comprasyconsejos.store\/en\/wp-json\/wp\/v2\/comments?post=33073"}],"version-history":[{"count":0,"href":"https:\/\/comprasyconsejos.store\/en\/wp-json\/wp\/v2\/product\/33073\/revisions"}],"wp:featuredmedia":[{"embeddable":true,"href":"https:\/\/comprasyconsejos.store\/en\/wp-json\/wp\/v2\/media\/33074"}],"wp:attachment":[{"href":"https:\/\/comprasyconsejos.store\/en\/wp-json\/wp\/v2\/media?parent=33073"}],"wp:term":[{"taxonomy":"product_brand","embeddable":true,"href":"https:\/\/comprasyconsejos.store\/en\/wp-json\/wp\/v2\/product_brand?post=33073"},{"taxonomy":"product_cat","embeddable":true,"href":"https:\/\/comprasyconsejos.store\/en\/wp-json\/wp\/v2\/product_cat?post=33073"},{"taxonomy":"product_tag","embeddable":true,"href":"https:\/\/comprasyconsejos.store\/en\/wp-json\/wp\/v2\/product_tag?post=33073"}],"curies":[{"name":"wp","href":"https:\/\/api.w.org\/{rel}","templated":true}]}}