{"id":33077,"date":"2026-02-23T23:18:32","date_gmt":"2026-02-23T23:18:32","guid":{"rendered":"https:\/\/comprasyconsejos.store\/product\/mars-gaming-mc-3tcorelcd-atx-gaming-case-7-2-ips-customizable-display-triple-removable-tempered-glass-double-side-camera-frame-liquid-cooling-support-up-to-360mm-white\/"},"modified":"2026-02-23T23:18:40","modified_gmt":"2026-02-23T23:18:40","slug":"mars-gaming-mc-3tcorelcd-atx-gaming-case-7-2-ips-customizable-display-triple-removable-tempered-glass-double-side-camera-frame-liquid-cooling-support-up-to-360mm-white","status":"publish","type":"product","link":"https:\/\/comprasyconsejos.store\/en\/product\/mars-gaming-mc-3tcorelcd-atx-gaming-case-7-2-ips-customizable-display-triple-removable-tempered-glass-double-side-camera-frame-liquid-cooling-support-up-to-360mm-white\/","title":{"rendered":"Mars Gaming MC-3TCORELCD ATX Gaming Case, 7.2&#8243; IPS Customizable Display, Triple Removable Tempered Glass, Double Side Camera Frame, Liquid Cooling Support up to 360mm, White"},"content":{"rendered":"<p>Price: <span style=\"color:#b12704\">\u20ac123.48<\/span><br \/><i><small>(as of Feb 23, 2026 23:18:32 UTC &#8211; <span class=\"wp_automatic_amazon_disclaimer\" title=\"Product prices and availability are accurate as of the date\/time indicated and are subject to change. Any price and availability information displayed on [relevant Amazon Site(s), as applicable] at the time of purchase will apply to the purchase of this product.\">Details<\/span>)<\/small><\/i><\/p>\n<p><a href=\"https:\/\/amazon.es\/dp\/B0FTMGYTMV?tag=man008-21\"><img decoding=\"async\" src=\"https:\/\/valvepress.s3.amazonaws.com\/imgs\/buy_now.png\"><\/a><br \/>\n<\/p>\n<p>                                             From the manufacturer   <\/p>\n<p>                                                  <img decoding=\"async\" alt=\"El texto dice \u00abMARS GAMING\u00bb. Configuraci\u00f3n de juego con teclado y rat\u00f3n mec\u00e1nicos con iluminaci\u00f3n RGB sobre un fondo oscuro con efectos de iluminaci\u00f3n morados.\" src=\"https:\/\/images-na.ssl-images-amazon.com\/images\/G\/01\/x-locale\/common\/grey-pixel.gif\" class=\"a-lazy-loaded\" data-src=\"https:\/\/m.media-amazon.com\/images\/S\/aplus-media-library-service-media\/9b862da3-76c5-439c-8784-da62d6b4e176.__CR0,0,1940,600_PT0_SX970_V1___.png\"><img decoding=\"async\" alt=\"El texto dice \u00abMARS GAMING\u00bb. Configuraci\u00f3n de juego con teclado y rat\u00f3n mec\u00e1nicos con iluminaci\u00f3n RGB sobre un fondo oscuro con efectos de iluminaci\u00f3n morados.\" src=\"https:\/\/m.media-amazon.com\/images\/S\/aplus-media-library-service-media\/9b862da3-76c5-439c-8784-da62d6b4e176.__CR0,0,1940,600_PT0_SX970_V1___.png\">  <\/p>\n<p>                                                                             <img decoding=\"async\" alt=\"aplus content image\" src=\"https:\/\/images-na.ssl-images-amazon.com\/images\/G\/01\/x-locale\/common\/grey-pixel.gif\" class=\"a-spacing-base a-lazy-loaded\" data-src=\"https:\/\/m.media-amazon.com\/images\/S\/aplus-media-library-service-media\/8a948a14-0ebb-41e1-b0b4-e00f24fe1891.__CR273,0,4186,2590_PT0_SX970_V1___.jpg\"><img decoding=\"async\" alt=\"aplus content image\" src=\"https:\/\/m.media-amazon.com\/images\/S\/aplus-media-library-service-media\/8a948a14-0ebb-41e1-b0b4-e00f24fe1891.__CR273,0,4186,2590_PT0_SX970_V1___.jpg\">                                                                    <\/p>\n<p class=\"apm-text-center\">\n                                                      <img decoding=\"async\" alt=\"Primeros planos de una fuente de alimentaci\u00f3n electr\u00f3nica blanca o una unidad convertidora con rejillas de ventilaci\u00f3n, mostradas desde varios \u00e1ngulos sobre un fondo blanco.\" src=\"https:\/\/images-na.ssl-images-amazon.com\/images\/G\/01\/x-locale\/common\/grey-pixel.gif\" class=\"a-spacing-mini a-lazy-loaded\" data-src=\"https:\/\/m.media-amazon.com\/images\/S\/aplus-media-library-service-media\/0e46638e-8523-49fd-96e9-b88b581bcff4.__CR0,0,3479,3479_PT0_SX300_V1___.jpg\"><img decoding=\"async\" alt=\"Primeros planos de una fuente de alimentaci\u00f3n electr\u00f3nica blanca o una unidad convertidora con rejillas de ventilaci\u00f3n, mostradas desde varios \u00e1ngulos sobre un fondo blanco.\" src=\"https:\/\/m.media-amazon.com\/images\/S\/aplus-media-library-service-media\/0e46638e-8523-49fd-96e9-b88b581bcff4.__CR0,0,3479,3479_PT0_SX300_V1___.jpg\">  <\/p>\n<p>                                                    FUENTES DE ALIMENTACI\u00d3N                                       <\/p>\n<p> Elige la fuente de alimentaci\u00f3n que mejor se adapte a las necesidades de tu PC. <\/p>\n<p> Con diferentes potencias para ajustarse a tu ordenador, Mars Gaming ofrece fuentes de 550W, 650W, 750W, 850W o 1000W. <\/p>\n<p> Disfruta de las ventajas de las fuentes modulares y equipa tu PC gaming. <\/p>\n<p class=\"apm-text-center\">\n                                                      <img decoding=\"async\" alt=\"aplus content image\" src=\"https:\/\/images-na.ssl-images-amazon.com\/images\/G\/01\/x-locale\/common\/grey-pixel.gif\" class=\"a-spacing-mini a-lazy-loaded\" data-src=\"https:\/\/m.media-amazon.com\/images\/S\/aplus-media-library-service-media\/8e556348-b595-4d76-aeaf-e51572645491.__CR0,0,3368,3368_PT0_SX300_V1___.jpg\"><img decoding=\"async\" alt=\"aplus content image\" src=\"https:\/\/m.media-amazon.com\/images\/S\/aplus-media-library-service-media\/8e556348-b595-4d76-aeaf-e51572645491.__CR0,0,3368,3368_PT0_SX300_V1___.jpg\">  <\/p>\n<p>                                                    CAJAS                                       <\/p>\n<p> Las cajas Mars Gaming combinan est\u00e9tica gaming avanzada, materiales de calidad y estructuras optimizadas para lograr un interior limpio, potente y visualmente impactante. <\/p>\n<p> Ventanas panor\u00e1micas en cristal templado, configuraciones pensadas para refrigeraci\u00f3n extrema y espacio para hardware de \u00faltima generaci\u00f3n: todo preparado para que tu PC no solo rinda, sino que destaque. <\/p>\n<p> Tu torre. Tu identidad. Tu juego. <\/p>\n<p class=\"apm-text-center\">\n                                                      <img decoding=\"async\" alt=\"aplus content image\" src=\"https:\/\/images-na.ssl-images-amazon.com\/images\/G\/01\/x-locale\/common\/grey-pixel.gif\" class=\"a-spacing-mini a-lazy-loaded\" data-src=\"https:\/\/m.media-amazon.com\/images\/S\/aplus-media-library-service-media\/893e85c6-c771-4578-a508-32fb42fdca54.__CR0,0,4000,4000_PT0_SX300_V1___.jpg\"><img decoding=\"async\" alt=\"aplus content image\" src=\"https:\/\/m.media-amazon.com\/images\/S\/aplus-media-library-service-media\/893e85c6-c771-4578-a508-32fb42fdca54.__CR0,0,4000,4000_PT0_SX300_V1___.jpg\">  <\/p>\n<p>                                                    AUDIO                                       <\/p>\n<p> Disfruta de la calidad de audio Mars Gaming: altavoces, auriculares y tarjetas de sonido. <\/p>\n<p> Los altavoces Mars Gaming est\u00e1n equipados con la tecnolog\u00eda m\u00e1s avanzada: con sistema Surround, graves potentes y drivers de neodimio, consigue la mejor calidad de sonido. <\/p>\n<p> Completa tu setup con auriculares gaming, altavoces Bluetooth inal\u00e1mbricos y tarjetas de sonido. <\/p>\n<p class=\"apm-text-center\">\n                                                      <img decoding=\"async\" alt=\"aplus content image\" src=\"https:\/\/images-na.ssl-images-amazon.com\/images\/G\/01\/x-locale\/common\/grey-pixel.gif\" class=\"a-spacing-mini a-lazy-loaded\" data-src=\"https:\/\/m.media-amazon.com\/images\/S\/aplus-media-library-service-media\/b5a61112-cb3b-46b6-b7c2-9529b9616b05.__CR235,0,3873,3873_PT0_SX300_V1___.jpg\"><img decoding=\"async\" alt=\"aplus content image\" src=\"https:\/\/m.media-amazon.com\/images\/S\/aplus-media-library-service-media\/b5a61112-cb3b-46b6-b7c2-9529b9616b05.__CR235,0,3873,3873_PT0_SX300_V1___.jpg\">  <\/p>\n<p>                                                    TECLADOS                                       <\/p>\n<p> Encuentra tu teclado gaming: mec\u00e1nico, low-profile, de membrana o h\u00edbrido. <\/p>\n<p> Mars Gaming tiene un teclado para cada PC. Elige el tuyo entre nuestra gama de teclados low-profile m\u00e1s silenciosos o los mec\u00e1nicos 100% gaming. <\/p>\n<p> En espa\u00f1ol o layout dual, retroiluminados con efectos de luz, nuestros teclados se adaptan a las necesidades de cualquier gamer. <\/p>\n<p class=\"apm-text-center\">\n                                                      <img decoding=\"async\" alt=\"aplus content image\" src=\"https:\/\/images-na.ssl-images-amazon.com\/images\/G\/01\/x-locale\/common\/grey-pixel.gif\" class=\"a-spacing-mini a-lazy-loaded\" data-src=\"https:\/\/m.media-amazon.com\/images\/S\/aplus-media-library-service-media\/8e346ca4-eddd-4b74-b6d5-4d8457231dc1.__CR67,0,2779,2779_PT0_SX300_V1___.jpg\"><img decoding=\"async\" alt=\"aplus content image\" src=\"https:\/\/m.media-amazon.com\/images\/S\/aplus-media-library-service-media\/8e346ca4-eddd-4b74-b6d5-4d8457231dc1.__CR67,0,2779,2779_PT0_SX300_V1___.jpg\">  <\/p>\n<p>                                                    RATONES                                       <\/p>\n<p> Encuentra tu rat\u00f3n gaming, MMO, FPS&#8230; Consigue el rat\u00f3n perfecto para tu ordenador. <\/p>\n<p> Gaming o b\u00e1sico, con sensor \u00f3ptico o l\u00e1ser, para usuarios diestros y zurdos. <\/p>\n<p> Desde ratones sencillos hasta los de 6, 13 o 19 botones, con o sin iluminaci\u00f3n, Mars Gaming tiene un rat\u00f3n para ti. <\/p>\n<p class=\"apm-text-center\">\n                                                      <img decoding=\"async\" alt=\"Silla para juegos en gris claro con estampado acolchado, con extensi\u00f3n de reposapi\u00e9s y dise\u00f1o ajustable. Compuesta en una configuraci\u00f3n de juego iluminada en morado con monitores de fondo.\" src=\"https:\/\/images-na.ssl-images-amazon.com\/images\/G\/01\/x-locale\/common\/grey-pixel.gif\" class=\"a-spacing-mini a-lazy-loaded\" data-src=\"https:\/\/m.media-amazon.com\/images\/S\/aplus-media-library-service-media\/72574a97-2295-4819-a594-891394abb69d.__CR0,14,683,683_PT0_SX300_V1___.jpg\"><img decoding=\"async\" alt=\"Silla para juegos en gris claro con estampado acolchado, con extensi\u00f3n de reposapi\u00e9s y dise\u00f1o ajustable. Compuesta en una configuraci\u00f3n de juego iluminada en morado con monitores de fondo.\" src=\"https:\/\/m.media-amazon.com\/images\/S\/aplus-media-library-service-media\/72574a97-2295-4819-a594-891394abb69d.__CR0,14,683,683_PT0_SX300_V1___.jpg\">  <\/p>\n<p>                                                    SILLAS                                       <\/p>\n<p> Encuentra la silla gaming que mejor se adapte a tu estilo. <\/p>\n<p> Ajustables en altura e inclinaci\u00f3n, reclinables, con reposabrazos fijos o m\u00f3viles, en m\u00faltiples colores&#8230; Las sillas Mars Gaming son perfectas para estudiar, jugar o trabajar. <\/p>\n<p> Ponte c\u00f3modo frente a tu ordenador y disfruta. <\/p>\n<p>                                                  <img decoding=\"async\" alt=\"aplus content image\" src=\"https:\/\/images-na.ssl-images-amazon.com\/images\/G\/01\/x-locale\/common\/grey-pixel.gif\" class=\"a-lazy-loaded\" data-src=\"https:\/\/m.media-amazon.com\/images\/S\/aplus-media-library-service-media\/ac4b99af-c324-4911-b502-bebf5900cd9b.__CR0,0,970,300_PT0_SX970_V1___.jpg\"><img decoding=\"async\" alt=\"aplus content image\" src=\"https:\/\/m.media-amazon.com\/images\/S\/aplus-media-library-service-media\/ac4b99af-c324-4911-b502-bebf5900cd9b.__CR0,0,970,300_PT0_SX970_V1___.jpg\">  <\/p>\n<p> Product Dimensions                                            \u200f                                            :                                            \u200e                                            44 x 28.6 x 40.1 cm; 6.58 kg   <br \/> Manufacturer                                            \u200f                                            :                                            \u200e                                            Mars Gaming   <br \/> ASIN                                            \u200f                                            :                                            \u200e                                            B0FTMGYTMV   <br \/> Item model number                                            \u200f                                            :                                            \u200e                                            MC3TCORELCDW   <br \/> Country\/Region of Origin                                            \u200f                                            :                                            \u200e                                            Spain   <br \/> Guaranteed software updates until                                            \u200f                                            :                                            \u200e                                            unknown   <br \/>  Customer reviews:                                                                                            4.4               4.4 out of 5 stars                                  (2,313)                                              var dpAcrHasRegisteredArcLinkClickAction;                    P.when(&#8216;A&#8217;, &#8216;ready&#8217;).execute(function(A) {                        if (dpAcrHasRegisteredArcLinkClickAction !== true) {                            dpAcrHasRegisteredArcLinkClickAction = true;                            A.declarative(                                &#8216;acrLink-click-metrics&#8217;, &#8216;click&#8217;,                                { \u00aballowLinkDefault\u00bb: true },                                function (event) {                                    if (window.ue) {                                        ue.count(\u00abacrLinkClickCount\u00bb, (ue.count(\u00abacrLinkClickCount\u00bb) || 0) + 1);                                    }                                }                            );                        }                    });                                             P.when(&#8216;A&#8217;, &#8216;cf&#8217;).execute(function(A) {                A.declarative(&#8216;acrStarsLink-click-metrics&#8217;, &#8216;click&#8217;, { \u00aballowLinkDefault\u00bb : true },  function(event){                    if(window.ue) {                        ue.count(\u00abacrStarsLinkWithPopoverClickCount\u00bb, (ue.count(\u00abacrStarsLinkWithPopoverClickCount\u00bb) || 0) + 1);                    }                });            });                          <\/p>\n<p>Integrated 7.2&#8243; IPS Display: The ATX MC-3TCORELCD turns your tower into a control panel thanks to its 7.2&#8243; IPS screen integrated in the central glass; monitors temperatures and displays images, animations and videos thanks to its control software<br \/>PREMIUM PANORAMIC VIEW: The MC-3TCORELCD half-tower offers a triple removable tempered glass window without screws on the front, side and center panel; Plus, the design makes it easy to assemble and clean<br \/>OPTIMIZED INTERNAL SPACE: The MC-3TCORELCD pc gaming chassis is compatible with ATX, MicroATX and Mini-ITX reverse connector motherboards; Supports installation of VGAs up to 410mm long, 151mm wide and cpu heatsinks up to 161mm high; With 7 slots Expansion design Dual chamber and two magnetic dust filters, it is the perfect base for any gaming setup<br \/>ADVANCED THERMAL MANAGEMENT: The MC-3TCORELCD gamer pc integrates mesh panels on the side and top and supports up to 10 120mm fans and liquid coolings up to 360mm; Thanks to this high cooling capacity, your PC maintains stable temperatures even during intensive sessions of use<br \/>DUAL CAMERA STRUCTURE AND MAXIMUM CONNECTIVITY: The MC-3TCORELCD ATX PC enclosure separates the power supply from the rest of the hardware with its dual side camera, hiding cabling and optimizing airflow; In addition, it incorporates USB-C, USB 3.0, USB 2.0 and HD + mic audio ports on the top panel<\/p>\n\n","protected":false},"excerpt":{"rendered":"<p> From the manufacturer FUENTES DE ALIMENTACI\u00d3N Elige la fuente de alimentaci\u00f3n que mejor se adapte<\/p>","protected":false},"featured_media":33078,"comment_status":"open","ping_status":"closed","template":"","meta":[],"product_brand":[],"product_cat":[74],"product_tag":[3399,1370,1458,1364,1371,681,994,1367,989,3959,561,3984,1573,617,1363,1677,703,677,5574,9467,1365,1369,1362,829,1366,3225,1098,1676,1368,904,205],"class_list":{"0":"post-33077","1":"product","2":"type-product","3":"status-publish","4":"has-post-thumbnail","6":"product_cat-cases","7":"product_tag-360mm","8":"product_tag-airflow-pc-case","9":"product_tag-atx","10":"product_tag-atx-case","11":"product_tag-best-pc-case","12":"product_tag-camera","13":"product_tag-case","14":"product_tag-computer-cabinet","15":"product_tag-cooling","16":"product_tag-customizable","17":"product_tag-display","18":"product_tag-double","19":"product_tag-frame","20":"product_tag-gaming","21":"product_tag-gaming-pc-case","22":"product_tag-glass","23":"product_tag-ips","24":"product_tag-liquid","25":"product_tag-mars","26":"product_tag-mc3tcorelcd","27":"product_tag-mid-tower-case","28":"product_tag-mini-itx-case","29":"product_tag-pc-case","30":"product_tag-removable","31":"product_tag-rgb-pc-case","32":"product_tag-side","33":"product_tag-support","34":"product_tag-tempered","35":"product_tag-tempered-glass-case","36":"product_tag-triple","37":"product_tag-white","39":"first","40":"instock","41":"shipping-taxable","42":"product-type-external"},"_links":{"self":[{"href":"https:\/\/comprasyconsejos.store\/en\/wp-json\/wp\/v2\/product\/33077","targetHints":{"allow":["GET"]}}],"collection":[{"href":"https:\/\/comprasyconsejos.store\/en\/wp-json\/wp\/v2\/product"}],"about":[{"href":"https:\/\/comprasyconsejos.store\/en\/wp-json\/wp\/v2\/types\/product"}],"replies":[{"embeddable":true,"href":"https:\/\/comprasyconsejos.store\/en\/wp-json\/wp\/v2\/comments?post=33077"}],"version-history":[{"count":0,"href":"https:\/\/comprasyconsejos.store\/en\/wp-json\/wp\/v2\/product\/33077\/revisions"}],"wp:featuredmedia":[{"embeddable":true,"href":"https:\/\/comprasyconsejos.store\/en\/wp-json\/wp\/v2\/media\/33078"}],"wp:attachment":[{"href":"https:\/\/comprasyconsejos.store\/en\/wp-json\/wp\/v2\/media?parent=33077"}],"wp:term":[{"taxonomy":"product_brand","embeddable":true,"href":"https:\/\/comprasyconsejos.store\/en\/wp-json\/wp\/v2\/product_brand?post=33077"},{"taxonomy":"product_cat","embeddable":true,"href":"https:\/\/comprasyconsejos.store\/en\/wp-json\/wp\/v2\/product_cat?post=33077"},{"taxonomy":"product_tag","embeddable":true,"href":"https:\/\/comprasyconsejos.store\/en\/wp-json\/wp\/v2\/product_tag?post=33077"}],"curies":[{"name":"wp","href":"https:\/\/api.w.org\/{rel}","templated":true}]}}