{"id":33143,"date":"2026-02-24T00:17:58","date_gmt":"2026-02-24T00:17:58","guid":{"rendered":"https:\/\/comprasyconsejos.store\/product\/rf7g-tablet-pc-resistente-de-25-7-cm-win-11-pro-8128g-intel-n4120-windows-tablet-16000mah-3-8v-bateria-de-800-x-1280-pixeles-ip67-impermeable-wifi-5-bt-4-2-pc-industrial-de-trabajo\/"},"modified":"2026-02-24T00:18:06","modified_gmt":"2026-02-24T00:18:06","slug":"rf7g-tablet-pc-resistente-de-25-7-cm-win-11-pro-8128g-intel-n4120-windows-tablet-16000mah-3-8v-bateria-de-800-x-1280-pixeles-ip67-impermeable-wifi-5-bt-4-2-pc-industrial-de-trabajo","status":"publish","type":"product","link":"https:\/\/comprasyconsejos.store\/en\/product\/rf7g-tablet-pc-resistente-de-25-7-cm-win-11-pro-8128g-intel-n4120-windows-tablet-16000mah-3-8v-bateria-de-800-x-1280-pixeles-ip67-impermeable-wifi-5-bt-4-2-pc-industrial-de-trabajo\/","title":{"rendered":"RF7G Tablet PC Resistente de 25.7 cm Win 11 Pro 8+128G, Intel N4120, Windows Tablet 16000mAh\/3.8V, Bater\u00eda de 800 x 1280 P\u00edxeles, IP67 Impermeable, WiFi 5, BT 4.2, PC Industrial de Trabajo"},"content":{"rendered":"<p>Price: <span style=\"color:#b12704\">\u20ac505.69<\/span><br \/><i><small>(as of Feb 24, 2026 00:17:58 UTC &#8211; <span class=\"wp_automatic_amazon_disclaimer\" title=\"Product prices and availability are accurate as of the date\/time indicated and are subject to change. Any price and availability information displayed on [relevant Amazon Site(s), as applicable] at the time of purchase will apply to the purchase of this product.\">Details<\/span>)<\/small><\/i><\/p>\n<p><a href=\"https:\/\/amazon.es\/dp\/B0F53PVC7W?tag=man008-21\"><img decoding=\"async\" src=\"https:\/\/valvepress.s3.amazonaws.com\/imgs\/buy_now.png\"><\/a><br \/>\n<br \/>\n    <span>La plataforma de computaci\u00f3n m\u00f3vil RF7G de grado profesional est\u00e1 dise\u00f1ada para entornos industriales hostiles y est\u00e1 equipada con innovadoras soluciones de sistema integrado de Windows. Logra saltos de rendimiento a trav\u00e9s de una arquitectura de adaptabilidad de escenario completo. Este dispositivo utiliza un procesador Intel N4120, memoria DDR4 de alta velocidad de 8 GB y m\u00f3dulo de almacenamiento eMMC de grado industrial de 128 GB, y una arquitectura de refrigeraci\u00f3n activa para garantizar una salida continua y estable en condiciones de trabajo complejas. El producto logra una resistencia a ca\u00eddas de 1,5 metros y capacidad de funcionamiento de 72 horas de amplio rango de temperatura (-20 \u2103 a 60 \u2103) a trav\u00e9s de una estructura de protecci\u00f3n totalmente sellada de nivel IP67, y la interfaz de expansi\u00f3n adopta un dise\u00f1o impermeable totalmente cerrado. El m\u00f3dulo de comunicaci\u00f3n integrado incluye WiFi de doble banda 802.11ac, Bluetooth 4.2 (BLE) 800 x 1280 p\u00edxeles 300 nit. En t\u00e9rminos de dise\u00f1o ergon\u00f3mico, est\u00e1 equipado con un sistema de correa ajustable a prueba de golpes y un componente de mango resistente a los impactos, soporta modos de sujeci\u00f3n multiforma de una o dos manos. Como plataforma b\u00e1sica para terminales industriales de Internet de las cosas, este dispositivo se puede adaptar de forma flexible a sistemas de gesti\u00f3n de nivel empresarial a trav\u00e9s de un dise\u00f1o de arquitectura modular, mejorando eficazmente la eficiencia operativa en escenarios como almacenamiento y log\u00edstica, inspecciones de campo y fabricaci\u00f3n inteligente.<\/span>    <br \/> Batteries                                            \u200f                                            :                                            \u200e                                            1 Lithium Polymer batteries required. (included)   <br \/> Product Dimensions                                            \u200f                                            :                                            \u200e                                            28 x 18.4 x 2.7 cm; 1.2 kg   <br \/> Manufacturer                                            \u200f                                            :                                            \u200e                                            RUGLINE   <br \/> ASIN                                            \u200f                                            :                                            \u200e                                            B0F53PVC7W   <br \/> Item model number                                            \u200f                                            :                                            \u200e                                            F7G-A   <br \/> Guaranteed software updates until                                            \u200f                                            :                                            \u200e                                            unknown   <\/p>\n<p>\u3010Sistema Integrado de Windows con Potencia Inform\u00e1tica Industrial\u3011 Esta resistente tableta Windows cuenta con un procesador Intel N4120 y 8+128GB para ofrecer un rendimiento de clase de escritorio en un escenario m\u00f3vil. Un sistema de refrigeraci\u00f3n activo garantiza un funcionamiento estable durante todo el d\u00eda, mientras que 128 GB de almacenamiento de grado industrial maneja de forma segura datos cr\u00edticos de campo para equipos de fabricaci\u00f3n y log\u00edstica<br \/>\u3010Tableta Windows Resistente de Grado Militar Construida para Condiciones Extremas\u3011 Dise\u00f1ada con certificaci\u00f3n IP67 resistente al agua y al polvo y resistencia a ca\u00eddas de 1,5 m, la tableta resistente RUGLINE RF7G prospera en entornos de -20 \u00b0C a 60 \u00b0C. Su marco absorbente de golpes y puertos totalmente sellados soportan obras de construcci\u00f3n, almacenes y operaciones al aire libre, lo que la convierte en la tableta impermeable definitiva para desaf\u00edos industriales<br \/>\u3010Conectividad Todo Terreno y Navegaci\u00f3n Precisa\u3011 Mantente conectado en cualquier momento y en cualquier lugar con WiFi 802.11ac de doble banda, Bluetooth 4.2 y soporte de 800 x 1280 p\u00edxeles de 300 nits, perfecto para conductores, top\u00f3grafos e ingenieros de campo que necesitan un rendimiento fiable de tableta al aire libre<br \/>\u3010Dise\u00f1o Ergon\u00f3mico para Un Funcionamiento en Entornos Hostiles\u3011 Esta tableta impermeable cuenta con una correa trasera antivibraci\u00f3n y asas resistentes a los impactos, soporta m\u00faltiples modos de sujeci\u00f3n. La pantalla compatible con guantes y las esquinas reforzadas garantizan un funcionamiento seguro con una sola mano o dos manos en un veh\u00edculo en movimiento o en un sitio de construcci\u00f3n resbaladizo<br \/>\u3010Expansi\u00f3n Lista para Empresas y Resistencia Durante Todo el D\u00eda\u3011 Equipada con puertos impermeables est\u00e1ndar militar (USB\/HDMI\/Serie) y acoplamiento magn\u00e9tico, esta resistente tableta Windows se integra perfectamente con sistemas industriales de IoT. Combinado con su gesti\u00f3n optimizada de la energ\u00eda, ofrece una productividad ininterrumpida para la fabricaci\u00f3n inteligente y la gesti\u00f3n de almacenes<br \/>\u3010Servicio posventa\u3011 La tableta resistente RUGLINE viene con una garant\u00eda de 12 meses y soporte t\u00e9cnico de por vida. Si encuentras alg\u00fan problema despu\u00e9s de comprar nuestros productos, ponte en contacto con nosotros a trav\u00e9s del correo electr\u00f3nico de Amazon o nuestro servicio de atenci\u00f3n al cliente<\/p>\n\n","protected":false},"excerpt":{"rendered":"<p> La plataforma de computaci\u00f3n m\u00f3vil RF7G de grado profesional est\u00e1 dise\u00f1ada para entornos industriales hostiles<\/p>","protected":false},"featured_media":33144,"comment_status":"open","ping_status":"closed","template":"","meta":[],"product_brand":[],"product_cat":[95],"product_tag":[9488,631,9487,4028,632,5542,4411,562,2372,629,1712,9489,637,163,4830,9486,157,636,635,4031,543,586,537,628,634,633,630],"class_list":{"0":"post-33143","1":"product","2":"type-product","3":"status-publish","4":"has-post-thumbnail","6":"product_cat-windows-tablets","7":"product_tag-16000mah3-8v","8":"product_tag-2-in-1-tablet","9":"product_tag-8128g","10":"product_tag-bateria","11":"product_tag-business-tablet-windows","12":"product_tag-impermeable","13":"product_tag-industrial","14":"product_tag-intel","15":"product_tag-ip67","16":"product_tag-microsoft-surface-tablet","17":"product_tag-n4120","18":"product_tag-pixeles","19":"product_tag-portable-windows-tablet","20":"product_tag-pro","21":"product_tag-resistente","22":"product_tag-rf7g","23":"product_tag-tablet","24":"product_tag-tablet-laptop-combo","25":"product_tag-touchscreen-windows-tablet","26":"product_tag-trabajo","27":"product_tag-wifi","28":"product_tag-win","29":"product_tag-windows","30":"product_tag-windows-tablet","31":"product_tag-windows-tablet-for-work","32":"product_tag-windows-tablet-price","33":"product_tag-windows-tablet-with-keyboard","35":"first","36":"instock","37":"shipping-taxable","38":"product-type-external"},"_links":{"self":[{"href":"https:\/\/comprasyconsejos.store\/en\/wp-json\/wp\/v2\/product\/33143","targetHints":{"allow":["GET"]}}],"collection":[{"href":"https:\/\/comprasyconsejos.store\/en\/wp-json\/wp\/v2\/product"}],"about":[{"href":"https:\/\/comprasyconsejos.store\/en\/wp-json\/wp\/v2\/types\/product"}],"replies":[{"embeddable":true,"href":"https:\/\/comprasyconsejos.store\/en\/wp-json\/wp\/v2\/comments?post=33143"}],"version-history":[{"count":0,"href":"https:\/\/comprasyconsejos.store\/en\/wp-json\/wp\/v2\/product\/33143\/revisions"}],"wp:featuredmedia":[{"embeddable":true,"href":"https:\/\/comprasyconsejos.store\/en\/wp-json\/wp\/v2\/media\/33144"}],"wp:attachment":[{"href":"https:\/\/comprasyconsejos.store\/en\/wp-json\/wp\/v2\/media?parent=33143"}],"wp:term":[{"taxonomy":"product_brand","embeddable":true,"href":"https:\/\/comprasyconsejos.store\/en\/wp-json\/wp\/v2\/product_brand?post=33143"},{"taxonomy":"product_cat","embeddable":true,"href":"https:\/\/comprasyconsejos.store\/en\/wp-json\/wp\/v2\/product_cat?post=33143"},{"taxonomy":"product_tag","embeddable":true,"href":"https:\/\/comprasyconsejos.store\/en\/wp-json\/wp\/v2\/product_tag?post=33143"}],"curies":[{"name":"wp","href":"https:\/\/api.w.org\/{rel}","templated":true}]}}