{"id":33179,"date":"2026-02-24T00:53:28","date_gmt":"2026-02-24T00:53:28","guid":{"rendered":"https:\/\/comprasyconsejos.store\/product\/blackview-laptop-15-6-fhd-16gb-ddr4-512gb-ssd-tf-n150-3-6ghz-uhd-graphics-windows-11-laptop-38wh-hdmi-2-0-bluetooth-usb-3-0-fingerabdruck-faceid-wlan-5g-grey\/"},"modified":"2026-02-24T00:53:38","modified_gmt":"2026-02-24T00:53:38","slug":"blackview-laptop-15-6-fhd-16gb-ddr4-512gb-ssd-tf-n150-3-6ghz-uhd-graphics-windows-11-laptop-38wh-hdmi-2-0-bluetooth-usb-3-0-fingerabdruck-faceid-wlan-5g-grey","status":"publish","type":"product","link":"https:\/\/comprasyconsejos.store\/en\/product\/blackview-laptop-15-6-fhd-16gb-ddr4-512gb-ssd-tf-n150-3-6ghz-uhd-graphics-windows-11-laptop-38wh-hdmi-2-0-bluetooth-usb-3-0-fingerabdruck-faceid-wlan-5g-grey\/","title":{"rendered":"Blackview Laptop 15.6&#8243; FHD+, 16GB DDR4 512GB SSD + TF, N150 3.6GHz\/ UHD Graphics, Windows 11 Laptop, 38Wh, HDMI 2.0, Bluetooth, USB 3.0, Fingerabdruck. FaceID, WLAN 5G\/Grey"},"content":{"rendered":"<p>Price: <span style=\"color:#b12704\"><del>\u20ac349.98<\/del> - \u20ac339.98<\/span><br \/><i><small>(as of Feb 24, 2026 00:53:29 UTC &#8211; <span class=\"wp_automatic_amazon_disclaimer\" title=\"Product prices and availability are accurate as of the date\/time indicated and are subject to change. Any price and availability information displayed on [relevant Amazon Site(s), as applicable] at the time of purchase will apply to the purchase of this product.\">Details<\/span>)<\/small><\/i><\/p>\n<p><a href=\"https:\/\/amazon.es\/dp\/B0D73FH7CX?tag=man008-21\"><img decoding=\"async\" src=\"https:\/\/valvepress.s3.amazonaws.com\/imgs\/buy_now.png\"><\/a><br \/>\n<\/p>\n<p>                                             Product Description   <\/p>\n<p>                                                                                                       <img decoding=\"async\" alt=\"El texto dice \u00abBlackview AceBook 8\u00bb. Imagen promocional de un ordenador port\u00e1til que muestra varios \u00e1ngulos de visi\u00f3n e iconos de funciones.\" src=\"https:\/\/images-na.ssl-images-amazon.com\/images\/G\/01\/x-locale\/common\/grey-pixel.gif\" class=\"a-lazy-loaded\" data-src=\"https:\/\/m.media-amazon.com\/images\/S\/aplus-media-library-service-media\/18073369-a186-47de-942e-5b5ec8127136.__CR0,0,1464,600_PT0_SX1464_V1___.jpg\"><img decoding=\"async\" alt=\"El texto dice \u00abBlackview AceBook 8\u00bb. Imagen promocional de un ordenador port\u00e1til que muestra varios \u00e1ngulos de visi\u00f3n e iconos de funciones.\" src=\"https:\/\/m.media-amazon.com\/images\/S\/aplus-media-library-service-media\/18073369-a186-47de-942e-5b5ec8127136.__CR0,0,1464,600_PT0_SX1464_V1___.jpg\">                                               <\/p>\n<p>                                                                                                              <img decoding=\"async\" alt=\"con especificaciones de resoluci\u00f3n de 1920 x 1080, colocada sobre un espectacular fondo de paisaje acu\u00e1tico con iconos t\u00e9cnicos\" src=\"https:\/\/m.media-amazon.com\/images\/S\/aplus-media-library-service-media\/b7998f0c-da8a-44a9-b7e8-3056d7d06d32.__CR0,0,1464,600_PT0_SX1464_V1___.jpg\">                                                    <img decoding=\"async\" alt=\"Ordenador port\u00e1til o dispositivo digital gris sobre un fondo claro, con texto en espa\u00f1ol que describe las caracter\u00edsticas del producto.\" src=\"https:\/\/m.media-amazon.com\/images\/S\/aplus-media-library-service-media\/97d33765-6d3c-4859-bdb6-903dc309cbf5.__CR0,0,1464,600_PT0_SX1464_V1___.jpg\"><br \/>\n                            1 15.6&#8243; 2K <\/p>\n<p>                            2 Elegante &amp; Moderna <\/p>\n<p>                                                                                                                <img decoding=\"async\" alt=\"aplus content image\" src=\"https:\/\/m.media-amazon.com\/images\/S\/aplus-media-library-service-media\/d5569d74-5402-403f-ad60-d9c297a2a1ec.__CR0,0,1464,600_PT0_SX1464_V1___.jpg\">                                                    <img decoding=\"async\" alt=\"aplus content image\" src=\"https:\/\/m.media-amazon.com\/images\/S\/aplus-media-library-service-media\/aa9de861-3af7-4c15-9e71-bf9cf08e9845.__CR0,0,1464,600_PT0_SX1464_V1___.jpg\">                                                    <img decoding=\"async\" alt=\"Anuncio de hardware de computadora que muestra un m\u00f3dulo de RAM de 16 GB y una computadora port\u00e1til con una capacidad de almacenamiento SSD de 512 GB, con almacenamiento ampliable\" src=\"https:\/\/m.media-amazon.com\/images\/S\/aplus-media-library-service-media\/01fa7271-1282-4035-88e4-55f6e9989945.__CR0,0,1464,600_PT0_SX1464_V1___.jpg\"><br \/>\n                            1 Acebook 8 <\/p>\n<p>                            2 Intel CoreTM N150 <\/p>\n<p>                            3 16GB RAM 512GB SSD\/1TB <\/p>\n<p>                                                                                                                <img decoding=\"async\" alt=\"Blackview Acebook8 Laptop 2024\" src=\"https:\/\/m.media-amazon.com\/images\/S\/aplus-media-library-service-media\/90ffbecc-da75-429e-9bc6-3c9c2ce9fd08.__CR0,0,1464,600_PT0_SX1464_V1___.jpg\">                                                    <img decoding=\"async\" alt=\"Primer plano del puerto USB tipo C de un port\u00e1til con texto en espa\u00f1ol superpuesto que describe las funciones de conectividad y carga sobre un fondo\" src=\"https:\/\/m.media-amazon.com\/images\/S\/aplus-media-library-service-media\/e2dbcfd1-b582-430c-9c4f-8ab140a6bae0.__CR0,0,1464,600_PT0_SX1464_V1___.jpg\">                                                    <img decoding=\"async\" alt=\"que muestra la interfaz de Windows con una pantalla de modo de ahorro de energ\u00eda, que se muestra en un escritorio de madera con iluminaci\u00f3n ambiental.\" src=\"https:\/\/m.media-amazon.com\/images\/S\/aplus-media-library-service-media\/1a224c07-d40a-48f8-a19b-d5a569bf1cb8.__CR0,0,1464,600_PT0_SX1464_V1___.jpg\"><br \/>\n                            1 Bater\u00eda de 38Wh <\/p>\n<p>                            2 Type-C de funciones <\/p>\n<p>                            3 Modo de ahorro de energ\u00eda <\/p>\n<p>                                                                                                              <img decoding=\"async\" alt=\"Diagrama t\u00e9cnico que muestra la configuraci\u00f3n de los puertos de un port\u00e1til y muestra varias conexiones USB, LAN y HDMI en ambos lados del chasis delgado de un port\u00e1til.\" src=\"https:\/\/m.media-amazon.com\/images\/S\/aplus-media-library-service-media\/c419113c-7830-4d99-bdbb-e6f0c3b02ecd.__CR0,0,1464,600_PT0_SX1464_V1___.jpg\">                                                    <img decoding=\"async\" alt=\"Blackview Acebook8 Laptop 2024\" src=\"https:\/\/m.media-amazon.com\/images\/S\/aplus-media-library-service-media\/dd8efb18-7c60-4927-8479-ec4f22806ecd.__CR0,0,1464,600_PT0_SX1464_V1___.jpg\"><br \/>\n                            1 Ocho puertos <\/p>\n<p>                            2 Permanece en silencio <\/p>\n<p>                                                                                                                    <img decoding=\"async\" alt=\"Blackview Acebook8 Laptop 2024\" src=\"https:\/\/m.media-amazon.com\/images\/S\/aplus-media-library-service-media\/d252790a-3b3c-4e06-b0cd-de36cb9e014a.__CR0,0,1464,600_PT0_SX1464_V1___.jpg\">                                                    <img decoding=\"async\" alt=\"Colecci\u00f3n de capturas de pantalla de la interfaz de software que muestran varias funciones de Microsoft Office y del espacio de trabajo digital dispuestas en un dise\u00f1o de cuadr\u00edcula con tintes azules\" src=\"https:\/\/m.media-amazon.com\/images\/S\/aplus-media-library-service-media\/3f03c846-8c99-45ee-8d9c-2a72cf9b830e.__CR0,0,1464,600_PT0_SX1464_V1___.jpg\">                                                    <img decoding=\"async\" alt=\"Ilustraci\u00f3n de productividad de Microsoft Office que muestra iconos flotantes de aplicaciones como Word, Excel y PowerPoint sobre un fondo de cielo azul con nubes blancas.\" src=\"https:\/\/m.media-amazon.com\/images\/S\/aplus-media-library-service-media\/073df1b2-0648-4015-b28e-12c2850dbe2a.__CR0,0,1464,600_PT0_SX1464_V1___.jpg\">                                                    <img decoding=\"async\" alt=\"que muestra la interfaz del Centro de seguridad de Windows con texto en espa\u00f1ol sobre las mejoras de seguridad digital.\" src=\"https:\/\/m.media-amazon.com\/images\/S\/aplus-media-library-service-media\/07193d50-1e53-47d9-8f89-61833441e33b.__CR0,0,1464,600_PT0_SX1464_V1___.jpg\">                                                    <img decoding=\"async\" alt=\"Interfaz de pantalla dividida que muestra las funciones del espacio de trabajo de escritorio virtual, con descripciones de texto en espa\u00f1ol que detallan\" src=\"https:\/\/m.media-amazon.com\/images\/S\/aplus-media-library-service-media\/d951713a-9cc5-4cfb-8954-fbb39aefc9eb.__CR0,0,1464,600_PT0_SX1464_V1___.jpg\"><br \/>\n                            1 Windows 11 Home <\/p>\n<p>                            2 Seguridad y comodidad <\/p>\n<p>                            3 Productividad <\/p>\n<p>                            4 Seguridad <\/p>\n<p>                            5 Capacidades Multitarea <\/p>\n<p>                                                                                                       <img decoding=\"async\" alt=\"Blackview Acebook8 Laptop 2024\" src=\"https:\/\/images-na.ssl-images-amazon.com\/images\/G\/01\/x-locale\/common\/grey-pixel.gif\" class=\"a-lazy-loaded\" data-src=\"https:\/\/m.media-amazon.com\/images\/S\/aplus-media-library-service-media\/1a575f10-857f-4826-962d-9081cc3795a2.__CR0,0,1464,600_PT0_SX1464_V1___.jpg\"><img decoding=\"async\" alt=\"Blackview Acebook8 Laptop 2024\" src=\"https:\/\/m.media-amazon.com\/images\/S\/aplus-media-library-service-media\/1a575f10-857f-4826-962d-9081cc3795a2.__CR0,0,1464,600_PT0_SX1464_V1___.jpg\">                                               <\/p>\n<p> Batteries                                            \u200f                                            :                                            \u200e                                            1 Lithium Polymer batteries required. (included)   <br \/> Product Dimensions                                            \u200f                                            :                                            \u200e                                            35.9 x 1.99 x 23.3 cm; 2.14 kg   <br \/> Manufacturer                                            \u200f                                            :                                            \u200e                                            Blackview   <br \/> ASIN                                            \u200f                                            :                                            \u200e                                            B0D73FH7CX   <br \/> Item model number                                            \u200f                                            :                                            \u200e                                            Blackview AceBook8 512GB Laptops   <br \/> Guaranteed software updates until                                            \u200f                                            :                                            \u200e                                            unknown   <br \/>  Customer reviews:                                                                                            4.2               4.2 out of 5 stars                                  (157)                                              var dpAcrHasRegisteredArcLinkClickAction;                    P.when(&#8216;A&#8217;, &#8216;ready&#8217;).execute(function(A) {                        if (dpAcrHasRegisteredArcLinkClickAction !== true) {                            dpAcrHasRegisteredArcLinkClickAction = true;                            A.declarative(                                &#8216;acrLink-click-metrics&#8217;, &#8216;click&#8217;,                                { \u00aballowLinkDefault\u00bb: true },                                function (event) {                                    if (window.ue) {                                        ue.count(\u00abacrLinkClickCount\u00bb, (ue.count(\u00abacrLinkClickCount\u00bb) || 0) + 1);                                    }                                }                            );                        }                    });                                             P.when(&#8216;A&#8217;, &#8216;cf&#8217;).execute(function(A) {                A.declarative(&#8216;acrStarsLink-click-metrics&#8217;, &#8216;click&#8217;, { \u00aballowLinkDefault\u00bb : true },  function(event){                    if(window.ue) {                        ue.count(\u00abacrStarsLinkWithPopoverClickCount\u00bb, (ue.count(\u00abacrStarsLinkWithPopoverClickCount\u00bb) || 0) + 1);                    }                });            });                          <\/p>\n<p>The Blackview Acebook8 portatil is a powerful laptop from 2025. Equipped with an N150 processor, it reaches a maximum frequency of 3.6GHz and reduces power consumption by 17%. With 16GB DDR4 RAM and 512GB SSD, plus expandable storage via TF card, it offers high speed and large space for multitasking and storage, ideal for work and entertainment.<br \/>The Acebook8 laptop has a 15.6-inch FHD+ screen and a UHD GPU with 2K resolution. This combination ensures excellent image quality with detailed and vivid colors. Whether it&#8217;s for movies or games, the Acebook8 laptop delivers a stunning visual experience. With a brightness of 220 nits and an aspect ratio of 16:9, you will enjoy clear and accurate viewing.<br \/>The Acebook8 Blackview portable offers eight ports (2x USB 3.0, HDMI 2.0, USB-C, DC input, 2-in-1 audio, USB 2.0, Micro SD) and is ideal for data transfer and multitasking. With a cooling surface of 16800mm\u00b2, it ensures efficient and quiet cooling, ensuring a stable and quiet operating environment. So your device stays cool and quiet even with intensive use.<br \/>(brand size: acebook8) is equipped with Windows 11 Home, the Acebook8 notebook offers simple use of Microsoft Store and screen capture tools. Supports fingerprint and face recognition, can be rotated 180 degrees, features a full keyboard and supports 5G WiFi and Bluetooth 5.1 to ensure maximum convenience and ease of use. Perfect for working efficiently and with maximum productivity.<br \/>FACE WORRY NO MORE WORRY ABOUT CHARGING WHILE WORKING ON THE MOVE! The cheap and good Acebook8 laptop has a battery capacity of 38Wh and provides reliable power for everyday tasks. It can be fully charged in just 3 hours, so you are always ready for your digital world. Ideal for meetings, travel or work on the go, offers extended life and fast charging.<br \/>The Blackview portable lightweight Acebook8 laptop is not only ideal for business, study or entertainment, but also the perfect gift. Blackview offers a two-year warranty and professional customer service, available 24 hours a day to answer your questions. With its sleek design and robust functions, it is a faithful companion for all your digital needs.<\/p>\n\n","protected":false},"excerpt":{"rendered":"<p> Product Description 1 15.6&#8243; 2K 2 Elegante &amp; Moderna 1 Acebook 8 2 Intel CoreTM<\/p>","protected":false},"featured_media":33180,"comment_status":"open","ping_status":"closed","template":"","meta":[],"product_brand":[],"product_cat":[85],"product_tag":[509,2418,1158,536,9505,575,7204,726,573,577,578,535,581,9504,639,9503,644,544,159,582,576,691,574,580,513,684,133,537,579,4782],"class_list":{"0":"post-33179","1":"product","2":"type-product","3":"status-publish","4":"has-post-thumbnail","6":"product_cat-business-laptop","7":"product_tag-16gb","8":"product_tag-3-6ghz","9":"product_tag-38wh","10":"product_tag-512gb","11":"product_tag-5ggrey","12":"product_tag-best-laptop-for-business","13":"product_tag-blackview","14":"product_tag-bluetooth","15":"product_tag-business-laptop","16":"product_tag-business-laptop-with-ssd","17":"product_tag-corporate-laptop","18":"product_tag-ddr4","19":"product_tag-durable-business-laptop","20":"product_tag-faceid","21":"product_tag-fhd","22":"product_tag-fingerabdruck","23":"product_tag-graphics","24":"product_tag-hdmi","25":"product_tag-laptop","26":"product_tag-laptop-for-work","27":"product_tag-lightweight-business-laptop","28":"product_tag-n150","29":"product_tag-office-laptop","30":"product_tag-professional-laptop","31":"product_tag-ssd","32":"product_tag-uhd","33":"product_tag-usb","34":"product_tag-windows","35":"product_tag-windows-business-laptop","36":"product_tag-wlan","38":"first","39":"instock","40":"sale","41":"shipping-taxable","42":"product-type-external"},"_links":{"self":[{"href":"https:\/\/comprasyconsejos.store\/en\/wp-json\/wp\/v2\/product\/33179","targetHints":{"allow":["GET"]}}],"collection":[{"href":"https:\/\/comprasyconsejos.store\/en\/wp-json\/wp\/v2\/product"}],"about":[{"href":"https:\/\/comprasyconsejos.store\/en\/wp-json\/wp\/v2\/types\/product"}],"replies":[{"embeddable":true,"href":"https:\/\/comprasyconsejos.store\/en\/wp-json\/wp\/v2\/comments?post=33179"}],"version-history":[{"count":0,"href":"https:\/\/comprasyconsejos.store\/en\/wp-json\/wp\/v2\/product\/33179\/revisions"}],"wp:featuredmedia":[{"embeddable":true,"href":"https:\/\/comprasyconsejos.store\/en\/wp-json\/wp\/v2\/media\/33180"}],"wp:attachment":[{"href":"https:\/\/comprasyconsejos.store\/en\/wp-json\/wp\/v2\/media?parent=33179"}],"wp:term":[{"taxonomy":"product_brand","embeddable":true,"href":"https:\/\/comprasyconsejos.store\/en\/wp-json\/wp\/v2\/product_brand?post=33179"},{"taxonomy":"product_cat","embeddable":true,"href":"https:\/\/comprasyconsejos.store\/en\/wp-json\/wp\/v2\/product_cat?post=33179"},{"taxonomy":"product_tag","embeddable":true,"href":"https:\/\/comprasyconsejos.store\/en\/wp-json\/wp\/v2\/product_tag?post=33179"}],"curies":[{"name":"wp","href":"https:\/\/api.w.org\/{rel}","templated":true}]}}