{"id":33188,"date":"2026-02-24T00:55:18","date_gmt":"2026-02-24T00:55:18","guid":{"rendered":"https:\/\/comprasyconsejos.store\/product\/13-13-3-14-inch-computer-case-pc-laptop-protection-laptop-sleeve-for-macbook-air-13-inch-m4-m3-m2-m1-2025-2018-macbook-pro-14-m4-m3-m2-m1-pu-leather-pouch-light-grey\/"},"modified":"2026-02-24T00:55:26","modified_gmt":"2026-02-24T00:55:26","slug":"13-13-3-14-inch-computer-case-pc-laptop-protection-laptop-sleeve-for-macbook-air-13-inch-m4-m3-m2-m1-2025-2018-macbook-pro-14-m4-m3-m2-m1-pu-leather-pouch-light-grey","status":"publish","type":"product","link":"https:\/\/comprasyconsejos.store\/en\/product\/13-13-3-14-inch-computer-case-pc-laptop-protection-laptop-sleeve-for-macbook-air-13-inch-m4-m3-m2-m1-2025-2018-macbook-pro-14-m4-m3-m2-m1-pu-leather-pouch-light-grey\/","title":{"rendered":"13 13.3 14 Inch Computer Case PC Laptop, Protection Laptop Sleeve for MacBook Air 13 Inch M4\/M3\/M2\/M1 2025-2018\/MacBook Pro 14 M4\/M3\/M2\/M1, PU Leather Pouch &#8211; Light Grey"},"content":{"rendered":"<p>Price: <span style=\"color:#b12704\"><del>\u20ac22.99<\/del> - \u20ac17.99<\/span><br \/><i><small>(as of Feb 24, 2026 00:55:18 UTC &#8211; <span class=\"wp_automatic_amazon_disclaimer\" title=\"Product prices and availability are accurate as of the date\/time indicated and are subject to change. Any price and availability information displayed on [relevant Amazon Site(s), as applicable] at the time of purchase will apply to the purchase of this product.\">Details<\/span>)<\/small><\/i><\/p>\n<p><a href=\"https:\/\/amazon.es\/dp\/B0F3WV44K3?tag=man008-21\"><img decoding=\"async\" src=\"https:\/\/valvepress.s3.amazonaws.com\/imgs\/buy_now.png\"><\/a><br \/>\n<\/p>\n<p>                                             Product Description   <\/p>\n<p>                                                                             <img decoding=\"async\" alt=\"aplus content image\" src=\"https:\/\/images-na.ssl-images-amazon.com\/images\/G\/01\/x-locale\/common\/grey-pixel.gif\" class=\"a-spacing-base a-lazy-loaded\" data-src=\"https:\/\/m.media-amazon.com\/images\/S\/aplus-media-library-service-media\/006062ac-7bc9-4e96-995d-cd081719db19.__CR0,0,970,600_PT0_SX970_V1___.jpg\"><img decoding=\"async\" alt=\"aplus content image\" src=\"https:\/\/m.media-amazon.com\/images\/S\/aplus-media-library-service-media\/006062ac-7bc9-4e96-995d-cd081719db19.__CR0,0,970,600_PT0_SX970_V1___.jpg\">                                                                    <\/p>\n<p>                                                                             <img decoding=\"async\" alt=\"El texto dice \u00abUna variedad de colores para elegir\u00bb. Imagen repetida de estuches tipo sobre en varios colores, incluidos verde oliva, gris, rosa y marr\u00f3n.\" src=\"https:\/\/images-na.ssl-images-amazon.com\/images\/G\/01\/x-locale\/common\/grey-pixel.gif\" class=\"a-spacing-base a-lazy-loaded\" data-src=\"https:\/\/m.media-amazon.com\/images\/S\/aplus-media-library-service-media\/0000dd47-e942-49e0-a030-1fabd7b3a861.__CR0,0,970,600_PT0_SX970_V1___.jpg\"><img decoding=\"async\" alt=\"El texto dice \u00abUna variedad de colores para elegir\u00bb. Imagen repetida de estuches tipo sobre en varios colores, incluidos verde oliva, gris, rosa y marr\u00f3n.\" src=\"https:\/\/m.media-amazon.com\/images\/S\/aplus-media-library-service-media\/0000dd47-e942-49e0-a030-1fabd7b3a861.__CR0,0,970,600_PT0_SX970_V1___.jpg\">                                                                    <\/p>\n<p class=\"apm-text-center\">\n                                                      <img decoding=\"async\" alt=\"El texto dice \u00abMaterial de piel sint\u00e9tica de alta calidad\u00bb. Primer plano de piel texturizada en color verde oliva con detalles de costuras.\" src=\"https:\/\/images-na.ssl-images-amazon.com\/images\/G\/01\/x-locale\/common\/grey-pixel.gif\" class=\"a-spacing-mini a-lazy-loaded\" data-src=\"https:\/\/m.media-amazon.com\/images\/S\/aplus-media-library-service-media\/bb9c6d3d-dfb8-49de-9822-c3b640cbb864.__CR0,0,300,300_PT0_SX300_V1___.jpg\"><img decoding=\"async\" alt=\"El texto dice \u00abMaterial de piel sint\u00e9tica de alta calidad\u00bb. Primer plano de piel texturizada en color verde oliva con detalles de costuras.\" src=\"https:\/\/m.media-amazon.com\/images\/S\/aplus-media-library-service-media\/bb9c6d3d-dfb8-49de-9822-c3b640cbb864.__CR0,0,300,300_PT0_SX300_V1___.jpg\">  <\/p>\n<p> Capa exterior impermeable fabricada en cuero PU de alta calidad, que protege de manera segura incluso bajo lluvia ligera o salpicaduras de agua. <\/p>\n<p class=\"apm-text-center\">\n                                                      <img decoding=\"async\" alt=\"El texto dice \u00abFondo de terciopelo grueso\u00bb. Primer plano de tela o material verde oliva con bordes reforzados y orificios de montaje.\" src=\"https:\/\/images-na.ssl-images-amazon.com\/images\/G\/01\/x-locale\/common\/grey-pixel.gif\" class=\"a-spacing-mini a-lazy-loaded\" data-src=\"https:\/\/m.media-amazon.com\/images\/S\/aplus-media-library-service-media\/669df2d1-3a37-455a-acef-1eb768b1eb48.__CR0,0,300,300_PT0_SX300_V1___.jpg\"><img decoding=\"async\" alt=\"El texto dice \u00abFondo de terciopelo grueso\u00bb. Primer plano de tela o material verde oliva con bordes reforzados y orificios de montaje.\" src=\"https:\/\/m.media-amazon.com\/images\/S\/aplus-media-library-service-media\/669df2d1-3a37-455a-acef-1eb768b1eb48.__CR0,0,300,300_PT0_SX300_V1___.jpg\">  <\/p>\n<p> La capa interior est\u00e1 hecha de material polar grueso y suave, que protege eficazmente el exterior de la computadora port\u00e1til y reduce las colisiones y los rasgu\u00f1os. <\/p>\n<p class=\"apm-text-center\">\n                                                      <img decoding=\"async\" alt=\"aplus content image\" src=\"https:\/\/images-na.ssl-images-amazon.com\/images\/G\/01\/x-locale\/common\/grey-pixel.gif\" class=\"a-spacing-mini a-lazy-loaded\" data-src=\"https:\/\/m.media-amazon.com\/images\/S\/aplus-media-library-service-media\/09cf477b-08f5-4f99-a95a-bdfbe2a3b9ed.__CR0,0,300,300_PT0_SX300_V1___.jpg\"><img decoding=\"async\" alt=\"aplus content image\" src=\"https:\/\/m.media-amazon.com\/images\/S\/aplus-media-library-service-media\/09cf477b-08f5-4f99-a95a-bdfbe2a3b9ed.__CR0,0,300,300_PT0_SX300_V1___.jpg\">  <\/p>\n<p> Dise\u00f1o magn\u00e9tico de cierre \u00fanico que facilita la apertura\/cierre y previene el deslizamiento del dispositivo. Una opci\u00f3n ideal para profesionales y estudiantes. <\/p>\n<p>                                                                             <img decoding=\"async\" alt=\"aplus content image\" src=\"https:\/\/images-na.ssl-images-amazon.com\/images\/G\/01\/x-locale\/common\/grey-pixel.gif\" class=\"a-spacing-base a-lazy-loaded\" data-src=\"https:\/\/m.media-amazon.com\/images\/S\/aplus-media-library-service-media\/e1eeb3b8-d749-40d4-af5a-acc09eeb59ec.__CR0,0,970,600_PT0_SX970_V1___.jpg\"><img decoding=\"async\" alt=\"aplus content image\" src=\"https:\/\/m.media-amazon.com\/images\/S\/aplus-media-library-service-media\/e1eeb3b8-d749-40d4-af5a-acc09eeb59ec.__CR0,0,970,600_PT0_SX970_V1___.jpg\">                                                                    <\/p>\n<p>                                                                             <img decoding=\"async\" alt=\"aplus content image\" src=\"https:\/\/images-na.ssl-images-amazon.com\/images\/G\/01\/x-locale\/common\/grey-pixel.gif\" class=\"a-spacing-base a-lazy-loaded\" data-src=\"https:\/\/m.media-amazon.com\/images\/S\/aplus-media-library-service-media\/ef31107b-d5d4-401a-bc07-a3b6edea3c6f.__CR0,0,970,600_PT0_SX970_V1___.jpg\"><img decoding=\"async\" alt=\"aplus content image\" src=\"https:\/\/m.media-amazon.com\/images\/S\/aplus-media-library-service-media\/ef31107b-d5d4-401a-bc07-a3b6edea3c6f.__CR0,0,970,600_PT0_SX970_V1___.jpg\">                                                                    <\/p>\n<p> Compatible con port\u00e1tiles comunes de 13 a 14 pulgadas. Verifique las dimensiones de su port\u00e1til para elegir el bolso adecuado. <\/p>\n<\/p>\n<p>Compatibles con MacBook      <\/p>\n<p> MacBook Air 13&#8243; M4 \/ M3 \/ M2 \/ M1 2025-2018  (A3240  \u4e28  A3113  \u4e28  A2681  \u4e28  A2337  \u4e28  A2179  \u4e28  A1932) <\/p>\n<p> MacBook Pro 13&#8243; M2 \/ M1 Pro \/ M1 Max 2024-2016  (A2686  \u4e28  A2338  \u4e28  A2289  \u4e28  A2251  \u4e28   A2159  \u4e28  A1989  \u4e28  A1706  \u4e28  A1708) <\/p>\n<p> MacBook Pro 14&#8243; M4 \/ M3 \/ M2 \/ M1 2024-2021  (A3112  \u4e28  A3185  \u4e28  A3401  \u4e28  A2992  \u4e28  A2918  \u4e28  A2779  \u4e28  A2442) <\/p>\n<\/p>\n<p>Compatibles con HP      <\/p>\n<p> HP OmniBook 7 Aero 13&#8243;  \u4e28  HP Pavilion Aero 13&#8243;  \u4e28  HP EliteBook 8 G1i Flip 13&#8243;  \u4e28  HP EliteBook 8 G1a 13&#8243;  \u4e28  HP EliteBook 6 G1i 13.3&#8243;  \u4e28  HP EliteBook 630 G11 13.3\u201d  \u4e28  HP EliteBook 830 G11 13.3\u201d  \u4e28  HP EliteBook 835 G11 13.3&#8243;  \u4e28  HP 14&#8243; Laptop  \u4e28  HP OmniBook 3 14&#8243;  \u4e28  HP OmniBook 7 14&#8243;  \u4e28  HP OmniBook X 14&#8243;  \u4e28  HP Omnibook X Flip 14&#8243;  \u4e28  HP Pavilion SE 14&#8243;  \u4e28  HP OmniBook 5 14&#8243;  \u4e28  HP OmniBook 5 Flip 14&#8243;  \u4e28  HP Omnibook Ultra 14&#8243;  \u4e28  HP Omnibook Ultra Flip 14&#8243;  \u4e28  HP Pavilion x360 14&#8243;  \u4e28  HP OMEN Transcend 14&#8243; Gaming Laptop  \u4e28  HP Chromebook 14&#8243;  \u4e28  HP x360 Chromebook 14&#8243;  \u4e28  14&#8243; HP EliteBook X G1i \/ Flip G1i \/ Ultra G1i \/ 640 G11\/ 645 G11  \u4e28  14&#8243; HP ProBook 4 G1q \/ 440 G11 \/ 445 G11  \u4e28  14&#8243; HP ZBook 8 G1i \/ Ultra G1a \/ Firefly G11  \u4e28  HP Envy x360 14&#8243; y otros. <\/p>\n<\/p>\n<p>Compatibles con Microsoft      <\/p>\n<p> 12\u201d \/ 13\u201d Microsoft Surface Pro  \u4e28  13\u201d \/ 13.8\u201d Microsoft Surface Laptop  \u4e28  12.45\u201d Microsoft Surface Laptop Go \/ Go 2 \/ Go 3  \u4e28  13.5\u201d Microsoft Surface Laptop 6 \/ 5 \/ 4 \/ 3 \/ 2 y otros. <\/p>\n<\/p>\n<p>Compatibles con Dell      <\/p>\n<p> 13&#8243; Dell Latitude 5350 \/ 7350 Detachable  \u4e28  13.3&#8243; Dell Pro 13 Plus \/ 13 Premium  \u4e28  13.3\u00bb Dell Latitude 5300 \/ 5310 \/ 7320 \/ 7340 \/ 7390 Laptop  \u4e28  13.4&#8243; Dell XPS 13 Laptop  \u4e28  14&#8243; Dell 14 Plus  \u4e28  14&#8243; Dell Pro 14 \/ 14 Plus \/ 14 Essential \/ 14 Premium  \u4e28  14&#8243; Dell Inspiron 14 Plus \/ 5415 \/ 5430 \/ 5435 \/ 5440  \u4e28  14&#8243; Dell Latitude 5400 \/ 5455 \/ 7450 \/ 7455 \/ 7480 y otros. <\/p>\n<\/p>\n<p>Compatibles con Acer      <\/p>\n<p> 13.3&#8243; Acer Chromebook Spin 513   \u4e28  14&#8243; Acer Chromebook 314 \/ Plus Spin 714  \u4e28  14&#8243; Acer Aspire 14 AI \/ Lite \/ Vero \/ Spin 14 \/ 3 Spin 14 \/ Go 14 \/ Go Spin 14  \u4e28  14&#8243; Acer Swift 14 AI \/ Edge 14 AI \/ 3 \/ Go 14 \/ Go 14 AI  \u4e28  14&#8243; Acer TravelMate P2 \/ P4 \/ P4 Spin \/ P6 y otros. <\/p>\n<\/p>\n<p>Compatibles con Lenovo      <\/p>\n<p> 13.3&#8243; Lenovo ThinkPad X380 \/ X390 \/ X13 \/ L13  \u4e28  14&#8243; Lenovo Chromebook IdeaPad Slim 3 \/ 3i \/ 5 \/ 5i  \u4e28  14&#8243; Lenovo ThinkPad T14s \/ L14 \/ E14 \/ P14s  \u4e28  14&#8243; Lenovo Yoga 7 \/ Slim 7 \/ Slim 7i  \u4e28  14&#8243; Lenovo Chromebook 14  \u4e28  14&#8243; Lenovo IdeaPad Flex Convertible 5 y otros. <\/p>\n<\/p>\n<p>Compatibles con ASUS      <\/p>\n<p> 13.3&#8243; ASUS ExpertBook B5 Flip  \u4e28  13.3&#8243; ASUS ProArt  \u4e28  14&#8243; ASUS Vivobook 14 \/ 14s  \u4e28  14&#8243; ASUS Zenbook 14  \u4e28  14&#8243; ASUS Chromebook CX14 \/ Plus CX14  \/ Plus CX34 \/ CM1  \u4e28  14&#8243; ASUS ROG Zephyrus G14  \u4e28  14&#8243; ASUS VB Go  \u4e28  14&#8243; ASUS ExpertBook P3 \/ P5 y otros. <\/p>\n<\/p>\n<p>Compatibles con MSI      <\/p>\n<p> 13.3&#8243; MSI Summit 13 \u4e28  13.3&#8243; MSI Prestige 13 y otros. <\/p>\n<p> Package Dimensions                                            \u200f                                            :                                            \u200e                                            39.5 x 29.1 x 1.8 cm; 300 g   <br \/> Date First Available                                            \u200f                                            :                                            \u200e                                            16 Jun. 2025   <br \/> Manufacturer                                            \u200f                                            :                                            \u200e                                            HinZann   <br \/> ASIN                                            \u200f                                            :                                            \u200e                                            B0F3WV44K3   <br \/> Item model number                                            \u200f                                            :                                            \u200e                                            13-14 Pouces   <br \/> Country of origin                                            \u200f                                            :                                            \u200e                                            China   <br \/>       Best Sellers Rank:  86 in Laptop Sleeves       <br \/>  Customer reviews:                                                                                            4.6               4.6 out of 5 stars                                  (72)                                              var dpAcrHasRegisteredArcLinkClickAction;                    P.when(&#8216;A&#8217;, &#8216;ready&#8217;).execute(function(A) {                        if (dpAcrHasRegisteredArcLinkClickAction !== true) {                            dpAcrHasRegisteredArcLinkClickAction = true;                            A.declarative(                                &#8216;acrLink-click-metrics&#8217;, &#8216;click&#8217;,                                { \u00aballowLinkDefault\u00bb: true },                                function (event) {                                    if (window.ue) {                                        ue.count(\u00abacrLinkClickCount\u00bb, (ue.count(\u00abacrLinkClickCount\u00bb) || 0) + 1);                                    }                                }                            );                        }                    });                                             P.when(&#8216;A&#8217;, &#8216;cf&#8217;).execute(function(A) {                A.declarative(&#8216;acrStarsLink-click-metrics&#8217;, &#8216;click&#8217;, { \u00aballowLinkDefault\u00bb : true },  function(event){                    if(window.ue) {                        ue.count(\u00abacrStarsLinkWithPopoverClickCount\u00bb, (ue.count(\u00abacrStarsLinkWithPopoverClickCount\u00bb) || 0) + 1);                    }                });            });                          <\/p>\n<p>1.\u3010Compatible Models\u3011Suitable for most 13-14 inch laptop, including: MacBook Air 13 inch M4\/M3\/M2\/M1 2025-2018 (Models: A3240 A3113 A2681 A2337 A2179 A1932); MacBook Pro 13 \u00bb M2 \/ M1 Pro\/M1 Max 2024-2016 (Models: A2686 A2338 A2289 A2251 A2159 A1989 A1706 A1708);MacBook Pro 14 inch M4\/M3\/M2\/M1 2024-2024-2016 21 (model: OS:A3112 A3185 A3401 A2992 A2918 A2779 A2442);Other brands (13-14 inches): Acer \/ HP \/ Lenovo \/ Dell \/ ASUS \/ Samsung \/ Huawei and similar.<br \/>2.\u3010Compatible Dimensions\u3011Computer bag specifications: Length: 34.5cm; Width: 24.5cm; Thickness: 1.5cm. Maximum recommended size: 32 cm \u00d7 22 cm \u00d7 1.8 cm. Please allow for a 0-3 cm margin of error due to manual measurements. Critical Instructions: Please check not only your laptop model, but also its actual dimensions (length\/width\/thickness) before purchasing.<br \/>3.\u3010Premium Material\u3011This laptop bag combines: 1. Premium PU leather exterior: Waterproof, stain-resistant and scratch-resistant. 2. Thick and soft plush inner lining: absorbs impacts and prevents chafing. 3. DUAL MAGNETIC CLOSURE &#8211; Two magnets make it easy to open\/close with one hand.<br \/>4.\u3010Minimalist Design\u3011This solid color laptop case combines modern elegance and functionality. With multiple shades available, its lightweight (only 250g) and ultra-compact design makes it ideal for both professional and casual environments. Clean lines easily show your fashion taste. Excellent portability, can be easily stored in a backpack. Scratch-resistant soft coating and padded edges.<br \/>5.\u3010Package contents\u30111 x PC laptop case. Magnetic design, easy to open and close. Turning the mouth of the bag may cause the device to fall.Note: Do not move the computer bag with the opening down. Technical support: For inquiries, please contact us. Guaranteed response within 24 hours.<\/p>\n\n","protected":false},"excerpt":{"rendered":"<p> Product Description Capa exterior impermeable fabricada en cuero PU de alta calidad, que protege de<\/p>","protected":false},"featured_media":33189,"comment_status":"open","ping_status":"closed","template":"","meta":[],"product_brand":[],"product_cat":[84],"product_tag":[9506,216,496,498,497,994,539,204,584,159,5259,248,4243,160,502,503,504,499,500,501,505,9507,163,882,4121],"class_list":{"0":"post-33188","1":"product","2":"type-product","3":"status-publish","4":"has-post-thumbnail","6":"product_cat-apple-macbook","7":"product_tag-20252018macbook","8":"product_tag-air","9":"product_tag-apple-macbook","10":"product_tag-apple-macbook-air","11":"product_tag-apple-macbook-pro","12":"product_tag-case","13":"product_tag-computer","14":"product_tag-grey","15":"product_tag-inch","16":"product_tag-laptop","17":"product_tag-leather","18":"product_tag-light","19":"product_tag-m4m3m2m1","20":"product_tag-macbook","21":"product_tag-macbook-13-inch","22":"product_tag-macbook-15-inch","23":"product_tag-macbook-16-inch","24":"product_tag-macbook-m1","25":"product_tag-macbook-m2","26":"product_tag-macbook-m3","27":"product_tag-macbook-price","28":"product_tag-pouch","29":"product_tag-pro","30":"product_tag-protection","31":"product_tag-sleeve","33":"first","34":"instock","35":"sale","36":"shipping-taxable","37":"product-type-external"},"_links":{"self":[{"href":"https:\/\/comprasyconsejos.store\/en\/wp-json\/wp\/v2\/product\/33188","targetHints":{"allow":["GET"]}}],"collection":[{"href":"https:\/\/comprasyconsejos.store\/en\/wp-json\/wp\/v2\/product"}],"about":[{"href":"https:\/\/comprasyconsejos.store\/en\/wp-json\/wp\/v2\/types\/product"}],"replies":[{"embeddable":true,"href":"https:\/\/comprasyconsejos.store\/en\/wp-json\/wp\/v2\/comments?post=33188"}],"version-history":[{"count":0,"href":"https:\/\/comprasyconsejos.store\/en\/wp-json\/wp\/v2\/product\/33188\/revisions"}],"wp:featuredmedia":[{"embeddable":true,"href":"https:\/\/comprasyconsejos.store\/en\/wp-json\/wp\/v2\/media\/33189"}],"wp:attachment":[{"href":"https:\/\/comprasyconsejos.store\/en\/wp-json\/wp\/v2\/media?parent=33188"}],"wp:term":[{"taxonomy":"product_brand","embeddable":true,"href":"https:\/\/comprasyconsejos.store\/en\/wp-json\/wp\/v2\/product_brand?post=33188"},{"taxonomy":"product_cat","embeddable":true,"href":"https:\/\/comprasyconsejos.store\/en\/wp-json\/wp\/v2\/product_cat?post=33188"},{"taxonomy":"product_tag","embeddable":true,"href":"https:\/\/comprasyconsejos.store\/en\/wp-json\/wp\/v2\/product_tag?post=33188"}],"curies":[{"name":"wp","href":"https:\/\/api.w.org\/{rel}","templated":true}]}}