{"id":33231,"date":"2026-02-24T01:54:22","date_gmt":"2026-02-24T01:54:22","guid":{"rendered":"https:\/\/comprasyconsejos.store\/product\/ac600-usb-wifi-adapter-for-pc-plug-and-play-wi-fi-receiver-dual-band-5ghz-2-4ghz-600mbps-wireless-network-card-mini-usb-wifi-antenna-compatible-with-windows-11-10-8-7-vista-xp\/"},"modified":"2026-02-24T01:54:31","modified_gmt":"2026-02-24T01:54:31","slug":"ac600-usb-wifi-adapter-for-pc-plug-and-play-wi-fi-receiver-dual-band-5ghz-2-4ghz-600mbps-wireless-network-card-mini-usb-wifi-antenna-compatible-with-windows-11-10-8-7-vista-xp","status":"publish","type":"product","link":"https:\/\/comprasyconsejos.store\/en\/product\/ac600-usb-wifi-adapter-for-pc-plug-and-play-wi-fi-receiver-dual-band-5ghz-2-4ghz-600mbps-wireless-network-card-mini-usb-wifi-antenna-compatible-with-windows-11-10-8-7-vista-xp\/","title":{"rendered":"AC600 USB WiFi Adapter for PC, Plug And Play Wi-Fi Receiver Dual Band 5GHz\/2.4GHz, 600Mbps Wireless Network Card, Mini USB WiFi Antenna Compatible with Windows 11\/10\/8\/7 \/Vista\/XP"},"content":{"rendered":"<p>Price: <span style=\"color:#b12704\"><del>\u20ac59.99<\/del> - \u20ac9.99<\/span><br \/><i><small>(as of Feb 24, 2026 01:54:22 UTC &#8211; <span class=\"wp_automatic_amazon_disclaimer\" title=\"Product prices and availability are accurate as of the date\/time indicated and are subject to change. Any price and availability information displayed on [relevant Amazon Site(s), as applicable] at the time of purchase will apply to the purchase of this product.\">Details<\/span>)<\/small><\/i><\/p>\n<p><a href=\"https:\/\/amazon.es\/dp\/B0DNF7R8C6?tag=man008-21\"><img decoding=\"async\" src=\"https:\/\/valvepress.s3.amazonaws.com\/imgs\/buy_now.png\"><\/a><br \/>\n<\/p>\n<p>                                             Product Description   <\/p>\n<p>                                                                             <img decoding=\"async\" alt=\"Adaptador WiFi USB conectado a una computadora port\u00e1til que muestra la interfaz de Windows. El texto hace hincapi\u00e9 en las funciones \u00abDRIVER FREE\u00bb y \u00abPlug and Play\u00bb para\" src=\"https:\/\/images-na.ssl-images-amazon.com\/images\/G\/01\/x-locale\/common\/grey-pixel.gif\" class=\"a-spacing-base a-lazy-loaded\" data-src=\"https:\/\/m.media-amazon.com\/images\/S\/aplus-media-library-service-media\/968180bf-0c53-4c56-937d-9d01de2801dc.__CR0,0,970,600_PT0_SX970_V1___.jpg\"><img decoding=\"async\" alt=\"Adaptador WiFi USB conectado a una computadora port\u00e1til que muestra la interfaz de Windows. El texto hace hincapi\u00e9 en las funciones \u00abDRIVER FREE\u00bb y \u00abPlug and Play\u00bb para\" src=\"https:\/\/m.media-amazon.com\/images\/S\/aplus-media-library-service-media\/968180bf-0c53-4c56-937d-9d01de2801dc.__CR0,0,970,600_PT0_SX970_V1___.jpg\">                                         <\/p>\n<h3 class=\"a-spacing-mini\"> Si est\u00e1s buscando una soluci\u00f3n simple y eficaz para a\u00f1adir WiFi a un equipo, este adaptador es una joyita <\/h3>\n<p class=\"a-spacing-base\">\n<p>Dongle wifi es realmente \u00fatil si usted tiene viejos PC \/ ordenadores port\u00e1tiles en su casa y tienes un nuevo giga bite internet, ordenadores port\u00e1tiles antiguos no pueden conectarse a la red 5G debido a su incapablility, con nuestro adaptador wifi, que resuelve a cabo.         <\/p>\n<p class=\"a-spacing-base\"> WiFi USB para PC de Doble banda 600Mbps <\/p>\n<p class=\"a-spacing-base\">\n<p>Con velocidades de hasta 400 Mbps en la banda 5GHz y 150 Mbps en la banda 2.4GHz, este Adaptador wifi usb ofrece una conexi\u00f3n r\u00e1pida, estable y de larga distancia. Ideal para actualizar tu PC o port\u00e1til, le ofrece una experiencia de alta velocidad y fluidez sin precedentes.         <\/p>\n<p class=\"a-spacing-base\"> F\u00e1cil conectividad <\/p>\n<p class=\"a-spacing-base\">\n<p>Esta antena no solo facilita la conexi\u00f3n a m\u00faltiples WLAN, sino que ofrece un rendimiento excepcional, le permiten disfrutar de una conexi\u00f3n r\u00e1pida y estable sin complicaciones.        <\/p>\n<h3 class=\"a-spacing-mini\"> Con el controlador integrado en los sistemas operativos Windows, s\u00f3lo necesita conectarlo a su computadora y jugar <\/h3>\n<p>                                          <img decoding=\"async\" alt=\"AC600\" src=\"https:\/\/images-na.ssl-images-amazon.com\/images\/G\/01\/x-locale\/common\/grey-pixel.gif\" class=\"a-spacing-base a-lazy-loaded\" data-src=\"https:\/\/m.media-amazon.com\/images\/S\/aplus-media-library-service-media\/82aa5800-5b71-48c9-a231-00fe9d0e0710.__CR0,0,970,600_PT0_SX970_V1___.jpg\"><img decoding=\"async\" alt=\"AC600\" src=\"https:\/\/m.media-amazon.com\/images\/S\/aplus-media-library-service-media\/82aa5800-5b71-48c9-a231-00fe9d0e0710.__CR0,0,970,600_PT0_SX970_V1___.jpg\">                                                                    <\/p>\n<p>                                                  <img decoding=\"async\" alt=\"Imagen dividida que compara velocidades WiFi: 433 Mbps en 5 GHz para juegos o streaming, 150 Mbps en 2,4 GHz para computaci\u00f3n general. Los iconos ilustran los escenarios de uso\" src=\"https:\/\/images-na.ssl-images-amazon.com\/images\/G\/01\/x-locale\/common\/grey-pixel.gif\" class=\"a-lazy-loaded\" data-src=\"https:\/\/m.media-amazon.com\/images\/S\/aplus-media-library-service-media\/20b7d01f-8df1-4778-a757-105c9f84bb2d.__CR0,0,970,300_PT0_SX970_V1___.jpg\"><img decoding=\"async\" alt=\"Imagen dividida que compara velocidades WiFi: 433 Mbps en 5 GHz para juegos o streaming, 150 Mbps en 2,4 GHz para computaci\u00f3n general. Los iconos ilustran los escenarios de uso\" src=\"https:\/\/m.media-amazon.com\/images\/S\/aplus-media-library-service-media\/20b7d01f-8df1-4778-a757-105c9f84bb2d.__CR0,0,970,300_PT0_SX970_V1___.jpg\">  <\/p>\n<p>                                                                             <img decoding=\"async\" alt=\"con capacidad de rotaci\u00f3n de 360 grados. Cuenta con instalaci\u00f3n autom\u00e1tica plug-and-play. Se muestra cuando se usa con una computadora port\u00e1til y un tel\u00e9fono inteligente, lo que mejora la conectividad para el trabajo o la comunicaci\u00f3n remotos\" src=\"https:\/\/images-na.ssl-images-amazon.com\/images\/G\/01\/x-locale\/common\/grey-pixel.gif\" class=\"a-spacing-base a-lazy-loaded\" data-src=\"https:\/\/m.media-amazon.com\/images\/S\/aplus-media-library-service-media\/ffdaaffe-f745-44c3-b29f-c712b67c9189.__CR0,0,970,600_PT0_SX970_V1___.jpg\"><img decoding=\"async\" alt=\"con capacidad de rotaci\u00f3n de 360 grados. Cuenta con instalaci\u00f3n autom\u00e1tica plug-and-play. Se muestra cuando se usa con una computadora port\u00e1til y un tel\u00e9fono inteligente, lo que mejora la conectividad para el trabajo o la comunicaci\u00f3n remotos\" src=\"https:\/\/m.media-amazon.com\/images\/S\/aplus-media-library-service-media\/ffdaaffe-f745-44c3-b29f-c712b67c9189.__CR0,0,970,600_PT0_SX970_V1___.jpg\">                                                                    <\/p>\n<p>                                                  <img decoding=\"async\" alt=\"con antena ajustable, compatible con m\u00faltiples versiones de Windows. El dispositivo se muestra conectado a una computadora port\u00e1til, con los iconos del sistema operativo Windows\" src=\"https:\/\/images-na.ssl-images-amazon.com\/images\/G\/01\/x-locale\/common\/grey-pixel.gif\" class=\"a-lazy-loaded\" data-src=\"https:\/\/m.media-amazon.com\/images\/S\/aplus-media-library-service-media\/80bdb981-8ac5-490a-947a-fbf55ecddf43.__CR0,0,970,300_PT0_SX970_V1___.jpg\"><img decoding=\"async\" alt=\"con antena ajustable, compatible con m\u00faltiples versiones de Windows. El dispositivo se muestra conectado a una computadora port\u00e1til, con los iconos del sistema operativo Windows\" src=\"https:\/\/m.media-amazon.com\/images\/S\/aplus-media-library-service-media\/80bdb981-8ac5-490a-947a-fbf55ecddf43.__CR0,0,970,300_PT0_SX970_V1___.jpg\">  <\/p>\n<p> Tarjeta wifi usb F\u00e1cil de usar. Simplemente conecta y juega! Compatible con Windows 11 10 8 7 Vista XP. <\/p>\n<p class=\"apm-text-center\">\n                                                      <img decoding=\"async\" alt=\"con pantalla LED verde y antena adjunta. Carcasa de pl\u00e1stico negro con conector USB visible. Colocado sobre una superficie azul claro.\" src=\"https:\/\/images-na.ssl-images-amazon.com\/images\/G\/01\/x-locale\/common\/grey-pixel.gif\" class=\"a-spacing-mini a-lazy-loaded\" data-src=\"https:\/\/m.media-amazon.com\/images\/S\/aplus-media-library-service-media\/1b03732c-c090-4307-aade-8cfe0e6977c0.__CR0,0,300,300_PT0_SX300_V1___.jpg\"><img decoding=\"async\" alt=\"con pantalla LED verde y antena adjunta. Carcasa de pl\u00e1stico negro con conector USB visible. Colocado sobre una superficie azul claro.\" src=\"https:\/\/m.media-amazon.com\/images\/S\/aplus-media-library-service-media\/1b03732c-c090-4307-aade-8cfe0e6977c0.__CR0,0,300,300_PT0_SX300_V1___.jpg\">  <\/p>\n<p>                                                    Seguridad Avanzada                                       <\/p>\n<p> Admite los protocolos de seguridad WPA2-PSK y WEP para una conexi\u00f3n segura y fiable, que mejora considerablemente la seguridad de las conexiones de red inal\u00e1mbrica. <\/p>\n<p class=\"apm-text-center\">\n                                                      <img decoding=\"async\" alt=\"con antena conectada al puerto del port\u00e1til. El adaptador tiene una pantalla LED verde. Se ve el borde del port\u00e1til, que muestra los puertos USB y otros puertos.\" src=\"https:\/\/images-na.ssl-images-amazon.com\/images\/G\/01\/x-locale\/common\/grey-pixel.gif\" class=\"a-spacing-mini a-lazy-loaded\" data-src=\"https:\/\/m.media-amazon.com\/images\/S\/aplus-media-library-service-media\/b0b2df74-771a-47a3-a0e9-9be57b007fa5.__CR0,0,300,300_PT0_SX300_V1___.jpg\"><img decoding=\"async\" alt=\"con antena conectada al puerto del port\u00e1til. El adaptador tiene una pantalla LED verde. Se ve el borde del port\u00e1til, que muestra los puertos USB y otros puertos.\" src=\"https:\/\/m.media-amazon.com\/images\/S\/aplus-media-library-service-media\/b0b2df74-771a-47a3-a0e9-9be57b007fa5.__CR0,0,300,300_PT0_SX300_V1___.jpg\">  <\/p>\n<p>                                                    Plug and Play                                       <\/p>\n<p> Con el controlador integrado en los sistemas operativos Windows, s\u00f3lo necesita conectarlo a su computadora y jugar. <\/p>\n<p class=\"apm-text-center\">\n                                                      <img decoding=\"async\" alt=\"Abra la computadora port\u00e1til que muestra una notificaci\u00f3n roja en la pantalla. Adaptador inal\u00e1mbrico conectado a un puerto USB. Fondo borroso, centrado en el dispositivo.\" src=\"https:\/\/images-na.ssl-images-amazon.com\/images\/G\/01\/x-locale\/common\/grey-pixel.gif\" class=\"a-spacing-mini a-lazy-loaded\" data-src=\"https:\/\/m.media-amazon.com\/images\/S\/aplus-media-library-service-media\/6166ab1f-8d45-47c5-80b4-ee5218ae3a25.__CR0,0,300,300_PT0_SX300_V1___.jpg\"><img decoding=\"async\" alt=\"Abra la computadora port\u00e1til que muestra una notificaci\u00f3n roja en la pantalla. Adaptador inal\u00e1mbrico conectado a un puerto USB. Fondo borroso, centrado en el dispositivo.\" src=\"https:\/\/m.media-amazon.com\/images\/S\/aplus-media-library-service-media\/6166ab1f-8d45-47c5-80b4-ee5218ae3a25.__CR0,0,300,300_PT0_SX300_V1___.jpg\">  <\/p>\n<p>                                                    Antena de Alta Ganancia                                       <\/p>\n<p> Capta bien la se\u00f1al desde otra habitaci\u00f3n, atravesando paredes. no tienes ni ca\u00eddas, y la velocidad es m\u00e1s que suficiente para ver videos, trabajar y navegar sin problemas. <\/p>\n<p>                                                                             <img decoding=\"async\" alt=\"con antena, que ofrece velocidades de 5G 433M y 2,4G 150M. Rodeado de im\u00e1genes de personas que utilizan varios dispositivos, lo que sugiere una conectividad y una transmisi\u00f3n de datos eficientes\" src=\"https:\/\/images-na.ssl-images-amazon.com\/images\/G\/01\/x-locale\/common\/grey-pixel.gif\" class=\"a-spacing-base a-lazy-loaded\" data-src=\"https:\/\/m.media-amazon.com\/images\/S\/aplus-media-library-service-media\/55c0d4cc-16b0-4780-adc5-27f3249e0aae.__CR0,0,970,600_PT0_SX970_V1___.jpg\"><img decoding=\"async\" alt=\"con antena, que ofrece velocidades de 5G 433M y 2,4G 150M. Rodeado de im\u00e1genes de personas que utilizan varios dispositivos, lo que sugiere una conectividad y una transmisi\u00f3n de datos eficientes\" src=\"https:\/\/m.media-amazon.com\/images\/S\/aplus-media-library-service-media\/55c0d4cc-16b0-4780-adc5-27f3249e0aae.__CR0,0,970,600_PT0_SX970_V1___.jpg\">                                                                    <\/p>\n<p> Package Dimensions                                            \u200f                                            :                                            \u200e                                            13.2 x 7.8 x 2.2 cm; 30 g   <br \/> Manufacturer                                            \u200f                                            :                                            \u200e                                            Aigital   <br \/> ASIN                                            \u200f                                            :                                            \u200e                                            B0DNF7R8C6   <br \/> Country\/Region of Origin                                            \u200f                                            :                                            \u200e                                            China   <br \/> Guaranteed software updates until                                            \u200f                                            :                                            \u200e                                            unknown   <br \/>  Customer reviews:                                                                                            4.3               4.3 out of 5 stars                                  (95)                                              var dpAcrHasRegisteredArcLinkClickAction;                    P.when(&#8216;A&#8217;, &#8216;ready&#8217;).execute(function(A) {                        if (dpAcrHasRegisteredArcLinkClickAction !== true) {                            dpAcrHasRegisteredArcLinkClickAction = true;                            A.declarative(                                &#8216;acrLink-click-metrics&#8217;, &#8216;click&#8217;,                                { \u00aballowLinkDefault\u00bb: true },                                function (event) {                                    if (window.ue) {                                        ue.count(\u00abacrLinkClickCount\u00bb, (ue.count(\u00abacrLinkClickCount\u00bb) || 0) + 1);                                    }                                }                            );                        }                    });                                             P.when(&#8216;A&#8217;, &#8216;cf&#8217;).execute(function(A) {                A.declarative(&#8216;acrStarsLink-click-metrics&#8217;, &#8216;click&#8217;, { \u00aballowLinkDefault\u00bb : true },  function(event){                    if(window.ue) {                        ue.count(\u00abacrStarsLinkWithPopoverClickCount\u00bb, (ue.count(\u00abacrStarsLinkWithPopoverClickCount\u00bb) || 0) + 1);                    }                });            });                          <\/p>\n<p>\u3010No CD Required &#8211; Plug&#038;Play\u3011The adapter is designed for quick and hassle-free installation. No need for a CD, when connected to the PC, it automatically recognizes the built-in drive, with just a few clicks it is ready to use.<br \/>\u30102.4G\/5.8G Dual Band Wifi\u3011Does your PC have no wifi? Is your PC not taking the network well? With WiFi memory solves your problem, it offers speeds up to 5.8GHz (433Mbps) and 2.4GHz (150Mbps). Perfect for streaming HD videos and online gaming without delay.<br \/>\u3010High Gain Antenna\u3011 Wifi adapter with 3dBi antenna, significantly improves sensitivity to pick up weak signals, offering stable connections even in environments with high interference.<br \/>\u3010Wide Compatibility\u3011 Compatible with Windows 11 \/ 10 \/ 8 \/ 8.1 \/ 7 \/ Vista \/ XP systems, the usb wifi adapter for desktop pc supports driverless installation.<br \/>\u3010Portable Size\u3011 Mini USB wifi antenna, small and portable, ensuring you always have WiFi connections. Solve your business trips and travel needs.<br \/>\u3010Advanced Security\u3011 Supports WPA2-PSK and WEP security protocols for a secure and reliable connection, which greatly improves the security of wireless network connections.<\/p>\n\n","protected":false},"excerpt":{"rendered":"<p> Product Description Si est\u00e1s buscando una soluci\u00f3n simple y eficaz para a\u00f1adir WiFi a un<\/p>","protected":false},"featured_media":33232,"comment_status":"open","ping_status":"closed","template":"","meta":[],"product_brand":[],"product_cat":[72],"product_tag":[5500,2430,2867,144,3454,2217,1420,201,298,2110,2116,2114,215,2118,1719,2112,1139,324,770,133,2108,9524,543,2104,2120,2102,537,226,2106],"class_list":{"0":"post-33231","1":"product","2":"type-product","3":"status-publish","4":"has-post-thumbnail","6":"product_cat-wifi-sticks","7":"product_tag-5ghz2-4ghz","8":"product_tag-600mbps","9":"product_tag-ac600","10":"product_tag-adapter","11":"product_tag-antenna","12":"product_tag-band","13":"product_tag-card","14":"product_tag-compatible","15":"product_tag-dual","16":"product_tag-dual-band-wifi-adapter","17":"product_tag-high-speed-wifi-usb","18":"product_tag-laptop-wifi-adapter","19":"product_tag-mini","20":"product_tag-mini-wifi-adapter","21":"product_tag-network","22":"product_tag-pc-wifi-adapter","23":"product_tag-play","24":"product_tag-plug","25":"product_tag-receiver","26":"product_tag-usb","27":"product_tag-usb-wifi-dongle","28":"product_tag-vistaxp","29":"product_tag-wifi","30":"product_tag-wifi-stick","31":"product_tag-wifi-stick-price","32":"product_tag-wifi-usb-adapter","33":"product_tag-windows","34":"product_tag-wireless","35":"product_tag-wireless-usb-adapter","37":"first","38":"instock","39":"sale","40":"shipping-taxable","41":"product-type-external"},"_links":{"self":[{"href":"https:\/\/comprasyconsejos.store\/en\/wp-json\/wp\/v2\/product\/33231","targetHints":{"allow":["GET"]}}],"collection":[{"href":"https:\/\/comprasyconsejos.store\/en\/wp-json\/wp\/v2\/product"}],"about":[{"href":"https:\/\/comprasyconsejos.store\/en\/wp-json\/wp\/v2\/types\/product"}],"replies":[{"embeddable":true,"href":"https:\/\/comprasyconsejos.store\/en\/wp-json\/wp\/v2\/comments?post=33231"}],"version-history":[{"count":0,"href":"https:\/\/comprasyconsejos.store\/en\/wp-json\/wp\/v2\/product\/33231\/revisions"}],"wp:featuredmedia":[{"embeddable":true,"href":"https:\/\/comprasyconsejos.store\/en\/wp-json\/wp\/v2\/media\/33232"}],"wp:attachment":[{"href":"https:\/\/comprasyconsejos.store\/en\/wp-json\/wp\/v2\/media?parent=33231"}],"wp:term":[{"taxonomy":"product_brand","embeddable":true,"href":"https:\/\/comprasyconsejos.store\/en\/wp-json\/wp\/v2\/product_brand?post=33231"},{"taxonomy":"product_cat","embeddable":true,"href":"https:\/\/comprasyconsejos.store\/en\/wp-json\/wp\/v2\/product_cat?post=33231"},{"taxonomy":"product_tag","embeddable":true,"href":"https:\/\/comprasyconsejos.store\/en\/wp-json\/wp\/v2\/product_tag?post=33231"}],"curies":[{"name":"wp","href":"https:\/\/api.w.org\/{rel}","templated":true}]}}