{"id":33240,"date":"2026-02-24T01:57:09","date_gmt":"2026-02-24T01:57:09","guid":{"rendered":"https:\/\/comprasyconsejos.store\/product\/asus-rt-n12e-n300-wireless-router-access-point-repeater-mode-black\/"},"modified":"2026-02-24T01:57:10","modified_gmt":"2026-02-24T01:57:10","slug":"asus-rt-n12e-n300-wireless-router-access-point-repeater-mode-black","status":"publish","type":"product","link":"https:\/\/comprasyconsejos.store\/en\/product\/asus-rt-n12e-n300-wireless-router-access-point-repeater-mode-black\/","title":{"rendered":"ASUS RT-N12E &#8211; N300 Wireless Router (Access Point\/Repeater Mode), Black"},"content":{"rendered":"<p>Price: <span style=\"color:#b12704\"><del>\u20ac22.00<\/del> - \u20ac20.99<\/span><br \/><i><small>(as of Feb 24, 2026 01:57:09 UTC &#8211; <span class=\"wp_automatic_amazon_disclaimer\" title=\"Product prices and availability are accurate as of the date\/time indicated and are subject to change. Any price and availability information displayed on [relevant Amazon Site(s), as applicable] at the time of purchase will apply to the purchase of this product.\">Details<\/span>)<\/small><\/i><\/p>\n<p><a href=\"https:\/\/amazon.es\/dp\/B006FSLOVA?tag=man008-21\"><img decoding=\"async\" src=\"https:\/\/valvepress.s3.amazonaws.com\/imgs\/buy_now.png\"><\/a><br \/>\n<\/p>\n<p>                                             From the manufacturer   <\/p>\n<p>                                                      <img decoding=\"async\" alt=\"\" src=\"https:\/\/images-na.ssl-images-amazon.com\/images\/G\/01\/x-locale\/common\/grey-pixel.gif\" class=\"a-spacing-mini a-lazy-loaded\" data-src=\"https:\/\/m.media-amazon.com\/images\/S\/aplus-media\/sota\/d3bcfef3-681c-466e-b0c7-90cc3780ea48._SR285,285_.png\"><img decoding=\"async\" alt=\"\" src=\"https:\/\/m.media-amazon.com\/images\/S\/aplus-media\/sota\/d3bcfef3-681c-466e-b0c7-90cc3780ea48._SR285,285_.png\">  <\/p>\n<h3 class=\"a-spacing-mini\"> ASUS &#8211; Router inal\u00e1mbrico N300 (modo punto de acceso\/repetidor), negro <\/h3>\n<p>                                                          Conexi\u00f3n de alta velocidad: 300Mbps       Instalaci\u00f3n Plug-n-Surf       Ecol\u00f3gico: consume menos energ\u00eda en modo stand by       Soporta conexi\u00f3n EZ WPS      <\/p>\n<p>                                                  <img decoding=\"async\" alt=\"\" src=\"https:\/\/images-na.ssl-images-amazon.com\/images\/G\/01\/x-locale\/common\/grey-pixel.gif\" class=\"a-lazy-loaded\" data-src=\"https:\/\/m.media-amazon.com\/images\/S\/aplus-media\/sota\/21d66780-9fe6-4110-b6eb-a4325f040383._SR970,300_.PNG\"><img decoding=\"async\" alt=\"\" src=\"https:\/\/m.media-amazon.com\/images\/S\/aplus-media\/sota\/21d66780-9fe6-4110-b6eb-a4325f040383._SR970,300_.PNG\">  <\/p>\n<h3> Instalaci\u00f3n Plug-n-Surf <\/h3>\n<p> Batteries                                            \u200f                                            :                                            \u200e                                            1 Lithium Ion batteries required.   <br \/> Is discontinued by manufacturer                                            \u200f                                            :                                            \u200e                                            No   <br \/> Language                                            \u200f                                            :                                            \u200e                                            German   <br \/> Product Dimensions                                            \u200f                                            :                                            \u200e                                            20 x 15 x 15 cm; 1 g   <br \/> Manufacturer                                            \u200f                                            :                                            \u200e                                            ASUS   <br \/> ASIN                                            \u200f                                            :                                            \u200e                                            B006FSLOVA   <br \/> Item model number                                            \u200f                                            :                                            \u200e                                            90-IG29002M03-3PA0-   <br \/> Country of origin                                            \u200f                                            :                                            \u200e                                            Spain   <br \/> Guaranteed software updates until                                            \u200f                                            :                                            \u200e                                            unknown   <br \/>  Customer reviews:                                                                                            4.2               4.2 out of 5 stars                                  (1,529)                                              var dpAcrHasRegisteredArcLinkClickAction;                    P.when(&#8216;A&#8217;, &#8216;ready&#8217;).execute(function(A) {                        if (dpAcrHasRegisteredArcLinkClickAction !== true) {                            dpAcrHasRegisteredArcLinkClickAction = true;                            A.declarative(                                &#8216;acrLink-click-metrics&#8217;, &#8216;click&#8217;,                                { \u00aballowLinkDefault\u00bb: true },                                function (event) {                                    if (window.ue) {                                        ue.count(\u00abacrLinkClickCount\u00bb, (ue.count(\u00abacrLinkClickCount\u00bb) || 0) + 1);                                    }                                }                            );                        }                    });                                             P.when(&#8216;A&#8217;, &#8216;cf&#8217;).execute(function(A) {                A.declarative(&#8216;acrStarsLink-click-metrics&#8217;, &#8216;click&#8217;, { \u00aballowLinkDefault\u00bb : true },  function(event){                    if(window.ue) {                        ue.count(\u00abacrStarsLinkWithPopoverClickCount\u00bb, (ue.count(\u00abacrStarsLinkWithPopoverClickCount\u00bb) || 0) + 1);                    }                });            });                          <\/p>\n<p>Three devices in one, enjoy it in router, access point or repeater mode<br \/>Two 5dBi fixed antennas for good power and increased coverage<br \/>You will be able to handle bandwidth regulation and access control more easily thanks to its 4 SSIDs<br \/>VPN server enabled<br \/>Supports up to three separate networks<br \/>HDD (GB): 0.0 GB; Computer memory type: ddr3 sdram; Operating system: RouterOS; Connectivity type: USB<\/p>\n\n","protected":false},"excerpt":{"rendered":"<p> From the manufacturer ASUS &#8211; Router inal\u00e1mbrico N300 (modo punto de acceso\/repetidor), negro Conexi\u00f3n de<\/p>","protected":false},"featured_media":33241,"comment_status":"open","ping_status":"closed","template":"","meta":[],"product_brand":[],"product_cat":[71],"product_tag":[2080,2304,850,2084,307,2078,2079,2081,2083,2082,738,4222,9526,2088,2085,9525,2076,226,2077],"class_list":{"0":"post-33240","1":"product","2":"type-product","3":"status-publish","4":"has-post-thumbnail","6":"product_cat-wifi-routers","7":"product_tag-5ghz-router","8":"product_tag-access","9":"product_tag-asus","10":"product_tag-best-wifi-router","11":"product_tag-black","12":"product_tag-dual-band-router","13":"product_tag-gaming-wifi-router","14":"product_tag-high-speed-router","15":"product_tag-home-wifi-router","16":"product_tag-mesh-wifi-router","17":"product_tag-mode","18":"product_tag-n300","19":"product_tag-pointrepeater","20":"product_tag-router","21":"product_tag-router-price","22":"product_tag-rtn12e","23":"product_tag-wifi-router","24":"product_tag-wireless","25":"product_tag-wireless-router","27":"first","28":"instock","29":"sale","30":"shipping-taxable","31":"product-type-external"},"_links":{"self":[{"href":"https:\/\/comprasyconsejos.store\/en\/wp-json\/wp\/v2\/product\/33240","targetHints":{"allow":["GET"]}}],"collection":[{"href":"https:\/\/comprasyconsejos.store\/en\/wp-json\/wp\/v2\/product"}],"about":[{"href":"https:\/\/comprasyconsejos.store\/en\/wp-json\/wp\/v2\/types\/product"}],"replies":[{"embeddable":true,"href":"https:\/\/comprasyconsejos.store\/en\/wp-json\/wp\/v2\/comments?post=33240"}],"version-history":[{"count":0,"href":"https:\/\/comprasyconsejos.store\/en\/wp-json\/wp\/v2\/product\/33240\/revisions"}],"wp:featuredmedia":[{"embeddable":true,"href":"https:\/\/comprasyconsejos.store\/en\/wp-json\/wp\/v2\/media\/33241"}],"wp:attachment":[{"href":"https:\/\/comprasyconsejos.store\/en\/wp-json\/wp\/v2\/media?parent=33240"}],"wp:term":[{"taxonomy":"product_brand","embeddable":true,"href":"https:\/\/comprasyconsejos.store\/en\/wp-json\/wp\/v2\/product_brand?post=33240"},{"taxonomy":"product_cat","embeddable":true,"href":"https:\/\/comprasyconsejos.store\/en\/wp-json\/wp\/v2\/product_cat?post=33240"},{"taxonomy":"product_tag","embeddable":true,"href":"https:\/\/comprasyconsejos.store\/en\/wp-json\/wp\/v2\/product_tag?post=33240"}],"curies":[{"name":"wp","href":"https:\/\/api.w.org\/{rel}","templated":true}]}}